{"id":71237,"date":"2025-06-05T20:47:49","date_gmt":"2025-06-05T19:47:49","guid":{"rendered":"https:\/\/truusk.store\/product\/badrumsskap-med-2-lamelldorrar-2-inre-hyllor-bambu-forvaringsskap-for-badrum-vardagsrum-68-x-32-x-86-cm-natur\/"},"modified":"2026-03-12T09:16:35","modified_gmt":"2026-03-12T08:16:35","slug":"truusk-badrumsskap-med-2-lamelldorrar-bambu-2-inre-hyllor-forvaringsskap-68x32x86-cm-natur","status":"publish","type":"product","link":"https:\/\/truusk.store\/sv\/produkt\/truusk-badrumsskap-med-2-lamelldorrar-bambu-2-inre-hyllor-forvaringsskap-68x32x86-cm-natur\/","title":{"rendered":"TRUUSK Badrumssk\u00e5p med 2 Lamelld\u00f6rrar &#8211; Bambu &#8211; 2 Inre Hyllor &#8211; F\u00f6rvaringssk\u00e5p 68x32x86 cm &#8211; Natur"},"content":{"rendered":"<p>Optimera ditt hem och minska r\u00f6ran med det moderna TRUUSK badrumssk\u00e5pet. Denna attraktiva badrumsf\u00f6rvaringsl\u00f6sning \u00e4r idealisk f\u00f6r sm\u00e5 utrymmen. Tillverkad av h\u00e5llbart bambu, ger det frist\u00e5ende f\u00f6rvaringssk\u00e5pet en naturlig, varm atmosf\u00e4r och \u00e4r l\u00e4mpligt f\u00f6r daglig anv\u00e4ndning.<\/p>\n<p>Beskrivning:<\/p>\n<ul>\n<li> Det kompakta badrumssk\u00e5pet passar perfekt i sm\u00e5 utrymmen<\/li>\n<li> Den har ett sk\u00e5p med tv\u00e5 d\u00f6rrar och tv\u00e5 inre hyllor f\u00f6r f\u00f6rvaring och organisering<\/li>\n<li> Det naturliga och varma utseendet p\u00e5 sidobordet passar f\u00f6r de flesta inredningsstilar<\/li>\n<li> Solid bambukonstruktion<\/li>\n<li> Lamelld\u00f6rrarna ser till att objekten inuti f\u00f6rblir ventilerade<\/li>\n<li> D\u00f6rr med sv\u00e4ngdesign och magnetl\u00e5s f\u00f6r enkel \u00f6ppning<\/li>\n<li> Anti-tip-systemet ger s\u00e4kerhet<\/li>\n<\/ul>\n<p> Tekniska data:<\/p>\n<ul>\n<li> F\u00e4rg: Natur<\/li>\n<li> Material: Bambu<\/li>\n<li> Totala dimensioner: 68B x 32T x 86H cm<\/li>\n<li> Inre dimensioner av sk\u00e5pet: 64B x 27,5T x 23,5H cm<\/li>\n<li> Markfrig\u00e5ng: 8 cm<\/li>\n<li> Belastningskapacitet: 30 kg (totalt), 6 kg (hylla)<\/li>\n<\/ul>\n<p>Leveransinneh\u00e5ll:<\/p>\n<ul>\n<li> 1 x Badrumssk\u00e5p<\/li>\n<li> 1 x Handbok<\/li>\n<\/ul>\n","protected":false},"excerpt":{"rendered":"<p>Optimera ditt hem och minska r\u00f6ran med det moderna TRUUSK badrumssk\u00e5pet. Denna attraktiva badrumsf\u00f6rvaringsl\u00f6sning \u00e4r idealisk f\u00f6r sm\u00e5 utrymmen. Tillverkad&#8230;<\/p>\n","protected":false},"featured_media":71228,"template":"","meta":[],"product_brand":[],"product_cat":[915,535,871],"product_tag":[],"class_list":{"0":"post-71237","1":"product","2":"type-product","3":"status-publish","4":"has-post-thumbnail","6":"product_cat-badrum","7":"product_cat-badrumsskap","8":"product_cat-hus-hem","10":"first","11":"instock","12":"sale","13":"taxable","14":"shipping-taxable","15":"purchasable","16":"product-type-simple"},"yoast_head":"<!-- This site is optimized with the Yoast SEO plugin v25.4 - https:\/\/yoast.com\/wordpress\/plugins\/seo\/ -->\n<title>TRUUSK Badrumssk\u00e5p med 2 Lamelld\u00f6rrar - Bambu - 2 Inre Hyllor - F\u00f6rvaringssk\u00e5p 68x32x86 cm - Natur - TRUUSK - Hem, Tr\u00e4dg\u00e5rd &amp; Fritid<\/title>\n<meta name=\"robots\" content=\"index, follow, max-snippet:-1, max-image-preview:large, max-video-preview:-1\" \/>\n<link rel=\"canonical\" href=\"https:\/\/truusk.store\/sv\/produkt\/truusk-badrumsskap-med-2-lamelldorrar-bambu-2-inre-hyllor-forvaringsskap-68x32x86-cm-natur\/\" \/>\n<meta property=\"og:locale\" content=\"sv_SE\" \/>\n<meta property=\"og:type\" content=\"article\" \/>\n<meta property=\"og:title\" content=\"TRUUSK Badrumssk\u00e5p med 2 Lamelld\u00f6rrar - Bambu - 2 Inre Hyllor - F\u00f6rvaringssk\u00e5p 68x32x86 cm - Natur - TRUUSK - Hem, Tr\u00e4dg\u00e5rd &amp; Fritid\" \/>\n<meta property=\"og:description\" content=\"Optimera ditt hem och minska r\u00f6ran med det moderna TRUUSK badrumssk\u00e5pet. Denna attraktiva badrumsf\u00f6rvaringsl\u00f6sning \u00e4r idealisk f\u00f6r sm\u00e5 utrymmen. Tillverkad...\" \/>\n<meta property=\"og:url\" content=\"https:\/\/truusk.store\/sv\/produkt\/truusk-badrumsskap-med-2-lamelldorrar-bambu-2-inre-hyllor-forvaringsskap-68x32x86-cm-natur\/\" \/>\n<meta property=\"og:site_name\" content=\"TRUUSK - Hem, Tr\u00e4dg\u00e5rd &amp; Fritid\" \/>\n<meta property=\"article:modified_time\" content=\"2026-03-12T08:16:35+00:00\" \/>\n<meta property=\"og:image\" content=\"https:\/\/i0.wp.com\/truusk.se\/wp-content\/uploads\/2025\/06\/badrumsskap-med-2-lamelldorrar-2-inre-hyllor-bambu-forvaringsskap-for-badrum-vardagsrum-68-x-32-x-86-cm-natur-1.webp?fit=2000%2C2000&ssl=1\" \/>\n\t<meta property=\"og:image:width\" content=\"2000\" \/>\n\t<meta property=\"og:image:height\" content=\"2000\" \/>\n\t<meta property=\"og:image:type\" content=\"image\/webp\" \/>\n<meta name=\"twitter:card\" content=\"summary_large_image\" \/>\n<meta name=\"twitter:label1\" content=\"Ber\u00e4knad l\u00e4stid\" \/>\n\t<meta name=\"twitter:data1\" content=\"1 minut\" \/>\n<!-- \/ Yoast SEO plugin. -->","yoast_head_json":{"title":"TRUUSK Badrumssk\u00e5p med 2 Lamelld\u00f6rrar - Bambu - 2 Inre Hyllor - F\u00f6rvaringssk\u00e5p 68x32x86 cm - Natur - TRUUSK - Hem, Tr\u00e4dg\u00e5rd &amp; Fritid","robots":{"index":"index","follow":"follow","max-snippet":"max-snippet:-1","max-image-preview":"max-image-preview:large","max-video-preview":"max-video-preview:-1"},"canonical":"https:\/\/truusk.store\/sv\/produkt\/truusk-badrumsskap-med-2-lamelldorrar-bambu-2-inre-hyllor-forvaringsskap-68x32x86-cm-natur\/","og_locale":"sv_SE","og_type":"article","og_title":"TRUUSK Badrumssk\u00e5p med 2 Lamelld\u00f6rrar - Bambu - 2 Inre Hyllor - F\u00f6rvaringssk\u00e5p 68x32x86 cm - Natur - TRUUSK - Hem, Tr\u00e4dg\u00e5rd &amp; Fritid","og_description":"Optimera ditt hem och minska r\u00f6ran med det moderna TRUUSK badrumssk\u00e5pet. Denna attraktiva badrumsf\u00f6rvaringsl\u00f6sning \u00e4r idealisk f\u00f6r sm\u00e5 utrymmen. Tillverkad...","og_url":"https:\/\/truusk.store\/sv\/produkt\/truusk-badrumsskap-med-2-lamelldorrar-bambu-2-inre-hyllor-forvaringsskap-68x32x86-cm-natur\/","og_site_name":"TRUUSK - Hem, Tr\u00e4dg\u00e5rd &amp; Fritid","article_modified_time":"2026-03-12T08:16:35+00:00","og_image":[{"width":2000,"height":2000,"url":"https:\/\/i0.wp.com\/truusk.se\/wp-content\/uploads\/2025\/06\/badrumsskap-med-2-lamelldorrar-2-inre-hyllor-bambu-forvaringsskap-for-badrum-vardagsrum-68-x-32-x-86-cm-natur-1.webp?fit=2000%2C2000&ssl=1","type":"image\/webp"}],"twitter_card":"summary_large_image","twitter_misc":{"Ber\u00e4knad l\u00e4stid":"1 minut"},"schema":{"@context":"https:\/\/schema.org","@graph":[{"@type":"WebPage","@id":"https:\/\/truusk.store\/sv\/produkt\/truusk-badrumsskap-med-2-lamelldorrar-bambu-2-inre-hyllor-forvaringsskap-68x32x86-cm-natur\/","url":"https:\/\/truusk.store\/sv\/produkt\/truusk-badrumsskap-med-2-lamelldorrar-bambu-2-inre-hyllor-forvaringsskap-68x32x86-cm-natur\/","name":"TRUUSK Badrumssk\u00e5p med 2 Lamelld\u00f6rrar - Bambu - 2 Inre Hyllor - F\u00f6rvaringssk\u00e5p 68x32x86 cm - Natur - TRUUSK - Hem, Tr\u00e4dg\u00e5rd &amp; Fritid","isPartOf":{"@id":"https:\/\/truusk.store\/sv\/#website"},"primaryImageOfPage":{"@id":"https:\/\/truusk.store\/sv\/produkt\/truusk-badrumsskap-med-2-lamelldorrar-bambu-2-inre-hyllor-forvaringsskap-68x32x86-cm-natur\/#primaryimage"},"image":{"@id":"https:\/\/truusk.store\/sv\/produkt\/truusk-badrumsskap-med-2-lamelldorrar-bambu-2-inre-hyllor-forvaringsskap-68x32x86-cm-natur\/#primaryimage"},"thumbnailUrl":"https:\/\/i0.wp.com\/truusk.store\/wp-content\/uploads\/2025\/06\/badrumsskap-med-2-lamelldorrar-2-inre-hyllor-bambu-forvaringsskap-for-badrum-vardagsrum-68-x-32-x-86-cm-natur-1.webp?fit=2000%2C2000&ssl=1","datePublished":"2025-06-05T19:47:49+00:00","dateModified":"2026-03-12T08:16:35+00:00","breadcrumb":{"@id":"https:\/\/truusk.store\/sv\/produkt\/truusk-badrumsskap-med-2-lamelldorrar-bambu-2-inre-hyllor-forvaringsskap-68x32x86-cm-natur\/#breadcrumb"},"inLanguage":"sv-SE","potentialAction":[{"@type":"ReadAction","target":["https:\/\/truusk.store\/sv\/produkt\/truusk-badrumsskap-med-2-lamelldorrar-bambu-2-inre-hyllor-forvaringsskap-68x32x86-cm-natur\/"]}]},{"@type":"ImageObject","inLanguage":"sv-SE","@id":"https:\/\/truusk.store\/sv\/produkt\/truusk-badrumsskap-med-2-lamelldorrar-bambu-2-inre-hyllor-forvaringsskap-68x32x86-cm-natur\/#primaryimage","url":"https:\/\/i0.wp.com\/truusk.store\/wp-content\/uploads\/2025\/06\/badrumsskap-med-2-lamelldorrar-2-inre-hyllor-bambu-forvaringsskap-for-badrum-vardagsrum-68-x-32-x-86-cm-natur-1.webp?fit=2000%2C2000&ssl=1","contentUrl":"https:\/\/i0.wp.com\/truusk.store\/wp-content\/uploads\/2025\/06\/badrumsskap-med-2-lamelldorrar-2-inre-hyllor-bambu-forvaringsskap-for-badrum-vardagsrum-68-x-32-x-86-cm-natur-1.webp?fit=2000%2C2000&ssl=1","width":2000,"height":2000},{"@type":"BreadcrumbList","@id":"https:\/\/truusk.store\/sv\/produkt\/truusk-badrumsskap-med-2-lamelldorrar-bambu-2-inre-hyllor-forvaringsskap-68x32x86-cm-natur\/#breadcrumb","itemListElement":[{"@type":"ListItem","position":1,"name":"Home","item":"https:\/\/truusk.store\/sv\/"},{"@type":"ListItem","position":2,"name":"Shop","item":"https:\/\/truusk.store\/shop\/"},{"@type":"ListItem","position":3,"name":"TRUUSK Badrumssk\u00e5p med 2 Lamelld\u00f6rrar &#8211; Bambu &#8211; 2 Inre Hyllor &#8211; F\u00f6rvaringssk\u00e5p 68x32x86 cm &#8211; Natur"}]},{"@type":"WebSite","@id":"https:\/\/truusk.store\/sv\/#website","url":"https:\/\/truusk.store\/sv\/","name":"TRUUSK - Hem, Tr\u00e4dg\u00e5rd & Fritid","description":"","publisher":{"@id":"https:\/\/truusk.store\/sv\/#organization"},"potentialAction":[{"@type":"SearchAction","target":{"@type":"EntryPoint","urlTemplate":"https:\/\/truusk.store\/sv\/?s={search_term_string}"},"query-input":{"@type":"PropertyValueSpecification","valueRequired":true,"valueName":"search_term_string"}}],"inLanguage":"sv-SE"},{"@type":"Organization","@id":"https:\/\/truusk.store\/sv\/#organization","name":"TRUUSK - Hem, Tr\u00e4dg\u00e5rd & Fritid","url":"https:\/\/truusk.store\/sv\/","logo":{"@type":"ImageObject","inLanguage":"sv-SE","@id":"https:\/\/truusk.store\/sv\/#\/schema\/logo\/image\/","url":"https:\/\/i0.wp.com\/truusk.store\/wp-content\/uploads\/2026\/03\/cropped-TRUUSK.png?fit=2032%2C917&ssl=1","contentUrl":"https:\/\/i0.wp.com\/truusk.store\/wp-content\/uploads\/2026\/03\/cropped-TRUUSK.png?fit=2032%2C917&ssl=1","width":2032,"height":917,"caption":"TRUUSK - Hem, Tr\u00e4dg\u00e5rd & Fritid"},"image":{"@id":"https:\/\/truusk.store\/sv\/#\/schema\/logo\/image\/"}}]}},"jetpack_sharing_enabled":true,"_links":{"self":[{"href":"https:\/\/truusk.store\/sv\/wp-json\/wp\/v2\/product\/71237","targetHints":{"allow":["GET"]}}],"collection":[{"href":"https:\/\/truusk.store\/sv\/wp-json\/wp\/v2\/product"}],"about":[{"href":"https:\/\/truusk.store\/sv\/wp-json\/wp\/v2\/types\/product"}],"wp:featuredmedia":[{"embeddable":true,"href":"https:\/\/truusk.store\/sv\/wp-json\/wp\/v2\/media\/71228"}],"wp:attachment":[{"href":"https:\/\/truusk.store\/sv\/wp-json\/wp\/v2\/media?parent=71237"}],"wp:term":[{"taxonomy":"product_brand","embeddable":true,"href":"https:\/\/truusk.store\/sv\/wp-json\/wp\/v2\/product_brand?post=71237"},{"taxonomy":"product_cat","embeddable":true,"href":"https:\/\/truusk.store\/sv\/wp-json\/wp\/v2\/product_cat?post=71237"},{"taxonomy":"product_tag","embeddable":true,"href":"https:\/\/truusk.store\/sv\/wp-json\/wp\/v2\/product_tag?post=71237"}],"curies":[{"name":"wp","href":"https:\/\/api.w.org\/{rel}","templated":true}]}}