{"id":71247,"date":"2025-06-05T20:48:45","date_gmt":"2025-06-05T19:48:45","guid":{"rendered":"https:\/\/truusk.store\/product\/campingtalt-tunnelalt-for-3-personer-med-ljuskrok-fortalt-2-rum-vindtatt-familjetalt-med-barvaska-2000mm-vattenavvisande-pop-up-talt-for-camping-tradgard-rod\/"},"modified":"2026-03-12T09:39:23","modified_gmt":"2026-03-12T08:39:23","slug":"truusk-pop-up-familjetalt-for-3-personer-med-ljuskrok-fortalt-vindtatt-barvaska-2000mm-vattenavvisande-rod","status":"publish","type":"product","link":"https:\/\/truusk.store\/sv\/produkt\/truusk-pop-up-familjetalt-for-3-personer-med-ljuskrok-fortalt-vindtatt-barvaska-2000mm-vattenavvisande-rod\/","title":{"rendered":"TRUUSK Pop Up Familjet\u00e4lt f\u00f6r 3 Personer &#8211; Med Ljuskrok &#8211; F\u00f6rt\u00e4lt &#8211; Vindt\u00e4tt &#8211; B\u00e4rv\u00e4ska &#8211; 2000mm Vattenavvisande &#8211; R\u00f6d"},"content":{"rendered":"<p>Upplev gruppcamping p\u00e5 h\u00f6gsta niv\u00e5 med TRUUSK-t\u00e4ltet, som har tv\u00e5 separata omr\u00e5den f\u00f6r att sova och umg\u00e5s. Robusta glasfiberst\u00e4nger och vattent\u00e4tt tyg skyddar upp till 2.000 mm regn. Leveransen inkluderar tre ing\u00e5ngsd\u00f6rrar, 22 markpinnar, 10 rep och en b\u00e4rv\u00e4ska f\u00f6r enkel transport.<\/p>\n<p>Beskrivning:<\/p>\n<ul>\n<li> 3-personers campingt\u00e4lt med sovomr\u00e5de och vistelseomr\u00e5de<\/li>\n<li> Campingt\u00e4lt med krok f\u00f6r en lampa f\u00f6r nattbelysning<\/li>\n<li> Sovomr\u00e5det har en inbyggd bottenplan, medan vistelseomr\u00e5det \u00e4r utrustat med en separat skyddsplan<\/li>\n<li> Tre d\u00f6rrar f\u00f6r enkel tillg\u00e5ng<\/li>\n<li> Vattent\u00e4t upp till 2.000 mm regn<\/li>\n<li> 22 markpinnar, 10 rep och en b\u00e4rv\u00e4ska ing\u00e5r<\/li>\n<\/ul>\n<p> Tekniska data:<\/p>\n<ul>\n<li> F\u00e4rg: R\u00f6d<\/li>\n<li> Material: Polyestertyg, glasfiber<\/li>\n<li> Totala dimensioner: 420L x 200B x 150H cm<\/li>\n<li> Vikta m\u00e5tt: 60L x 20B x 20H cm<\/li>\n<li> M\u00e5tt p\u00e5 sovomr\u00e5det: 180L x 200B x 150H cm<\/li>\n<li> M\u00e5tt p\u00e5 vistelseomr\u00e5det: 180L x 200B x 150H cm<\/li>\n<li> M\u00e5tt p\u00e5 de 3 d\u00f6rrarna: 110L x 110H cm, 110L x 135H cm, 163L x 110H cm<\/li>\n<li> Belastningskapacitet: 1 kg (\u00f6vre krok)<\/li>\n<li> Vindmotst\u00e5ndsniv\u00e5: 3-5<\/li>\n<\/ul>\n<p>Leverans inneh\u00e5ller:<\/p>\n<ul>\n<li> 1 x Campingt\u00e4lt<\/li>\n<li> 22 x markpinnar<\/li>\n<li> 10 x rep<\/li>\n<li> 1 x b\u00e4rv\u00e4ska<\/li>\n<li> 1 x bruksanvisning<\/li>\n<\/ul>\n","protected":false},"excerpt":{"rendered":"<p>Upplev gruppcamping p\u00e5 h\u00f6gsta niv\u00e5 med TRUUSK-t\u00e4ltet, som har tv\u00e5 separata omr\u00e5den f\u00f6r att sova och umg\u00e5s. Robusta glasfiberst\u00e4nger och&#8230;<\/p>\n","protected":false},"featured_media":71238,"template":"","meta":[],"product_brand":[],"product_cat":[648,647,650],"product_tag":[],"class_list":{"0":"post-71247","1":"product","2":"type-product","3":"status-publish","4":"has-post-thumbnail","6":"product_cat-camping-tillbehor","7":"product_cat-sport-fritid","8":"product_cat-talt","10":"first","11":"instock","12":"sale","13":"taxable","14":"shipping-taxable","15":"purchasable","16":"product-type-simple"},"yoast_head":"<!-- This site is optimized with the Yoast SEO plugin v25.4 - https:\/\/yoast.com\/wordpress\/plugins\/seo\/ -->\n<title>TRUUSK Pop Up Familjet\u00e4lt f\u00f6r 3 Personer - Med Ljuskrok - F\u00f6rt\u00e4lt - Vindt\u00e4tt - B\u00e4rv\u00e4ska - 2000mm Vattenavvisande - R\u00f6d - TRUUSK - Hem, Tr\u00e4dg\u00e5rd &amp; Fritid<\/title>\n<meta name=\"robots\" content=\"index, follow, max-snippet:-1, max-image-preview:large, max-video-preview:-1\" \/>\n<link rel=\"canonical\" href=\"https:\/\/truusk.store\/sv\/produkt\/truusk-pop-up-familjetalt-for-3-personer-med-ljuskrok-fortalt-vindtatt-barvaska-2000mm-vattenavvisande-rod\/\" \/>\n<meta property=\"og:locale\" content=\"sv_SE\" \/>\n<meta property=\"og:type\" content=\"article\" \/>\n<meta property=\"og:title\" content=\"TRUUSK Pop Up Familjet\u00e4lt f\u00f6r 3 Personer - Med Ljuskrok - F\u00f6rt\u00e4lt - Vindt\u00e4tt - B\u00e4rv\u00e4ska - 2000mm Vattenavvisande - R\u00f6d - TRUUSK - Hem, Tr\u00e4dg\u00e5rd &amp; Fritid\" \/>\n<meta property=\"og:description\" content=\"Upplev gruppcamping p\u00e5 h\u00f6gsta niv\u00e5 med TRUUSK-t\u00e4ltet, som har tv\u00e5 separata omr\u00e5den f\u00f6r att sova och umg\u00e5s. Robusta glasfiberst\u00e4nger och...\" \/>\n<meta property=\"og:url\" content=\"https:\/\/truusk.store\/sv\/produkt\/truusk-pop-up-familjetalt-for-3-personer-med-ljuskrok-fortalt-vindtatt-barvaska-2000mm-vattenavvisande-rod\/\" \/>\n<meta property=\"og:site_name\" content=\"TRUUSK - Hem, Tr\u00e4dg\u00e5rd &amp; Fritid\" \/>\n<meta property=\"article:modified_time\" content=\"2026-03-12T08:39:23+00:00\" \/>\n<meta property=\"og:image\" content=\"https:\/\/i0.wp.com\/truusk.se\/wp-content\/uploads\/2025\/06\/campingtalt-tunnelalt-for-3-personer-med-ljuskrok-fortalt-2-rum-vindtatt-familjetalt-med-barvaska-2000mm-vattenavvisande-pop-up-talt-for-camping-tradgard-rod-1.webp?fit=2000%2C2000&ssl=1\" \/>\n\t<meta property=\"og:image:width\" content=\"2000\" \/>\n\t<meta property=\"og:image:height\" content=\"2000\" \/>\n\t<meta property=\"og:image:type\" content=\"image\/webp\" \/>\n<meta name=\"twitter:card\" content=\"summary_large_image\" \/>\n<meta name=\"twitter:label1\" content=\"Ber\u00e4knad l\u00e4stid\" \/>\n\t<meta name=\"twitter:data1\" content=\"1 minut\" \/>\n<!-- \/ Yoast SEO plugin. -->","yoast_head_json":{"title":"TRUUSK Pop Up Familjet\u00e4lt f\u00f6r 3 Personer - Med Ljuskrok - F\u00f6rt\u00e4lt - Vindt\u00e4tt - B\u00e4rv\u00e4ska - 2000mm Vattenavvisande - R\u00f6d - TRUUSK - Hem, Tr\u00e4dg\u00e5rd &amp; Fritid","robots":{"index":"index","follow":"follow","max-snippet":"max-snippet:-1","max-image-preview":"max-image-preview:large","max-video-preview":"max-video-preview:-1"},"canonical":"https:\/\/truusk.store\/sv\/produkt\/truusk-pop-up-familjetalt-for-3-personer-med-ljuskrok-fortalt-vindtatt-barvaska-2000mm-vattenavvisande-rod\/","og_locale":"sv_SE","og_type":"article","og_title":"TRUUSK Pop Up Familjet\u00e4lt f\u00f6r 3 Personer - Med Ljuskrok - F\u00f6rt\u00e4lt - Vindt\u00e4tt - B\u00e4rv\u00e4ska - 2000mm Vattenavvisande - R\u00f6d - TRUUSK - Hem, Tr\u00e4dg\u00e5rd &amp; Fritid","og_description":"Upplev gruppcamping p\u00e5 h\u00f6gsta niv\u00e5 med TRUUSK-t\u00e4ltet, som har tv\u00e5 separata omr\u00e5den f\u00f6r att sova och umg\u00e5s. Robusta glasfiberst\u00e4nger och...","og_url":"https:\/\/truusk.store\/sv\/produkt\/truusk-pop-up-familjetalt-for-3-personer-med-ljuskrok-fortalt-vindtatt-barvaska-2000mm-vattenavvisande-rod\/","og_site_name":"TRUUSK - Hem, Tr\u00e4dg\u00e5rd &amp; Fritid","article_modified_time":"2026-03-12T08:39:23+00:00","og_image":[{"width":2000,"height":2000,"url":"https:\/\/i0.wp.com\/truusk.se\/wp-content\/uploads\/2025\/06\/campingtalt-tunnelalt-for-3-personer-med-ljuskrok-fortalt-2-rum-vindtatt-familjetalt-med-barvaska-2000mm-vattenavvisande-pop-up-talt-for-camping-tradgard-rod-1.webp?fit=2000%2C2000&ssl=1","type":"image\/webp"}],"twitter_card":"summary_large_image","twitter_misc":{"Ber\u00e4knad l\u00e4stid":"1 minut"},"schema":{"@context":"https:\/\/schema.org","@graph":[{"@type":"WebPage","@id":"https:\/\/truusk.store\/sv\/produkt\/truusk-pop-up-familjetalt-for-3-personer-med-ljuskrok-fortalt-vindtatt-barvaska-2000mm-vattenavvisande-rod\/","url":"https:\/\/truusk.store\/sv\/produkt\/truusk-pop-up-familjetalt-for-3-personer-med-ljuskrok-fortalt-vindtatt-barvaska-2000mm-vattenavvisande-rod\/","name":"TRUUSK Pop Up Familjet\u00e4lt f\u00f6r 3 Personer - Med Ljuskrok - F\u00f6rt\u00e4lt - Vindt\u00e4tt - B\u00e4rv\u00e4ska - 2000mm Vattenavvisande - R\u00f6d - TRUUSK - Hem, Tr\u00e4dg\u00e5rd &amp; Fritid","isPartOf":{"@id":"https:\/\/truusk.store\/sv\/#website"},"primaryImageOfPage":{"@id":"https:\/\/truusk.store\/sv\/produkt\/truusk-pop-up-familjetalt-for-3-personer-med-ljuskrok-fortalt-vindtatt-barvaska-2000mm-vattenavvisande-rod\/#primaryimage"},"image":{"@id":"https:\/\/truusk.store\/sv\/produkt\/truusk-pop-up-familjetalt-for-3-personer-med-ljuskrok-fortalt-vindtatt-barvaska-2000mm-vattenavvisande-rod\/#primaryimage"},"thumbnailUrl":"https:\/\/i0.wp.com\/truusk.store\/wp-content\/uploads\/2025\/06\/campingtalt-tunnelalt-for-3-personer-med-ljuskrok-fortalt-2-rum-vindtatt-familjetalt-med-barvaska-2000mm-vattenavvisande-pop-up-talt-for-camping-tradgard-rod-1.webp?fit=2000%2C2000&ssl=1","datePublished":"2025-06-05T19:48:45+00:00","dateModified":"2026-03-12T08:39:23+00:00","breadcrumb":{"@id":"https:\/\/truusk.store\/sv\/produkt\/truusk-pop-up-familjetalt-for-3-personer-med-ljuskrok-fortalt-vindtatt-barvaska-2000mm-vattenavvisande-rod\/#breadcrumb"},"inLanguage":"sv-SE","potentialAction":[{"@type":"ReadAction","target":["https:\/\/truusk.store\/sv\/produkt\/truusk-pop-up-familjetalt-for-3-personer-med-ljuskrok-fortalt-vindtatt-barvaska-2000mm-vattenavvisande-rod\/"]}]},{"@type":"ImageObject","inLanguage":"sv-SE","@id":"https:\/\/truusk.store\/sv\/produkt\/truusk-pop-up-familjetalt-for-3-personer-med-ljuskrok-fortalt-vindtatt-barvaska-2000mm-vattenavvisande-rod\/#primaryimage","url":"https:\/\/i0.wp.com\/truusk.store\/wp-content\/uploads\/2025\/06\/campingtalt-tunnelalt-for-3-personer-med-ljuskrok-fortalt-2-rum-vindtatt-familjetalt-med-barvaska-2000mm-vattenavvisande-pop-up-talt-for-camping-tradgard-rod-1.webp?fit=2000%2C2000&ssl=1","contentUrl":"https:\/\/i0.wp.com\/truusk.store\/wp-content\/uploads\/2025\/06\/campingtalt-tunnelalt-for-3-personer-med-ljuskrok-fortalt-2-rum-vindtatt-familjetalt-med-barvaska-2000mm-vattenavvisande-pop-up-talt-for-camping-tradgard-rod-1.webp?fit=2000%2C2000&ssl=1","width":2000,"height":2000},{"@type":"BreadcrumbList","@id":"https:\/\/truusk.store\/sv\/produkt\/truusk-pop-up-familjetalt-for-3-personer-med-ljuskrok-fortalt-vindtatt-barvaska-2000mm-vattenavvisande-rod\/#breadcrumb","itemListElement":[{"@type":"ListItem","position":1,"name":"Home","item":"https:\/\/truusk.store\/sv\/"},{"@type":"ListItem","position":2,"name":"Shop","item":"https:\/\/truusk.store\/shop\/"},{"@type":"ListItem","position":3,"name":"TRUUSK Pop Up Familjet\u00e4lt f\u00f6r 3 Personer &#8211; Med Ljuskrok &#8211; F\u00f6rt\u00e4lt &#8211; Vindt\u00e4tt &#8211; B\u00e4rv\u00e4ska &#8211; 2000mm Vattenavvisande &#8211; R\u00f6d"}]},{"@type":"WebSite","@id":"https:\/\/truusk.store\/sv\/#website","url":"https:\/\/truusk.store\/sv\/","name":"TRUUSK - Hem, Tr\u00e4dg\u00e5rd & Fritid","description":"","publisher":{"@id":"https:\/\/truusk.store\/sv\/#organization"},"potentialAction":[{"@type":"SearchAction","target":{"@type":"EntryPoint","urlTemplate":"https:\/\/truusk.store\/sv\/?s={search_term_string}"},"query-input":{"@type":"PropertyValueSpecification","valueRequired":true,"valueName":"search_term_string"}}],"inLanguage":"sv-SE"},{"@type":"Organization","@id":"https:\/\/truusk.store\/sv\/#organization","name":"TRUUSK - Hem, Tr\u00e4dg\u00e5rd & Fritid","url":"https:\/\/truusk.store\/sv\/","logo":{"@type":"ImageObject","inLanguage":"sv-SE","@id":"https:\/\/truusk.store\/sv\/#\/schema\/logo\/image\/","url":"https:\/\/i0.wp.com\/truusk.store\/wp-content\/uploads\/2026\/03\/cropped-TRUUSK.png?fit=2032%2C917&ssl=1","contentUrl":"https:\/\/i0.wp.com\/truusk.store\/wp-content\/uploads\/2026\/03\/cropped-TRUUSK.png?fit=2032%2C917&ssl=1","width":2032,"height":917,"caption":"TRUUSK - Hem, Tr\u00e4dg\u00e5rd & Fritid"},"image":{"@id":"https:\/\/truusk.store\/sv\/#\/schema\/logo\/image\/"}}]}},"jetpack_sharing_enabled":true,"_links":{"self":[{"href":"https:\/\/truusk.store\/sv\/wp-json\/wp\/v2\/product\/71247","targetHints":{"allow":["GET"]}}],"collection":[{"href":"https:\/\/truusk.store\/sv\/wp-json\/wp\/v2\/product"}],"about":[{"href":"https:\/\/truusk.store\/sv\/wp-json\/wp\/v2\/types\/product"}],"wp:featuredmedia":[{"embeddable":true,"href":"https:\/\/truusk.store\/sv\/wp-json\/wp\/v2\/media\/71238"}],"wp:attachment":[{"href":"https:\/\/truusk.store\/sv\/wp-json\/wp\/v2\/media?parent=71247"}],"wp:term":[{"taxonomy":"product_brand","embeddable":true,"href":"https:\/\/truusk.store\/sv\/wp-json\/wp\/v2\/product_brand?post=71247"},{"taxonomy":"product_cat","embeddable":true,"href":"https:\/\/truusk.store\/sv\/wp-json\/wp\/v2\/product_cat?post=71247"},{"taxonomy":"product_tag","embeddable":true,"href":"https:\/\/truusk.store\/sv\/wp-json\/wp\/v2\/product_tag?post=71247"}],"curies":[{"name":"wp","href":"https:\/\/api.w.org\/{rel}","templated":true}]}}