{"id":71277,"date":"2025-06-05T20:51:47","date_gmt":"2025-06-05T19:51:47","guid":{"rendered":"https:\/\/truusk.store\/product\/kattlada-med-lock-kattlada-med-spade-rostfritt-stal-katt-toaletthus-med-forvaringslada-for-katter-under-45-kg-inomhus-ljusgra\/"},"modified":"2026-03-12T08:42:44","modified_gmt":"2026-03-12T07:42:44","slug":"truusk-kattlada-med-lock-och-spade-rostfritt-stal-for-katter-under-45-kg-inomhus-ljusgra","status":"publish","type":"product","link":"https:\/\/truusk.store\/sv\/produkt\/truusk-kattlada-med-lock-och-spade-rostfritt-stal-for-katter-under-45-kg-inomhus-ljusgra\/","title":{"rendered":"TRUUSK Kattl\u00e5da med Lock och Spade &#8211; Rostfritt St\u00e5l &#8211; F\u00f6r Katter under 4,5 kg &#8211; Inomhus &#8211; Ljusgr\u00e5"},"content":{"rendered":"<p>Upplev den stilfulla TRUUSK rostfria kattl\u00e5dan, en perfekt kombination av funktionalitet och design! Med 13,8 cm h\u00f6ga sidov\u00e4ggar som h\u00e5ller smuts borta, och en robust rostfri sk\u00e5l som g\u00f6r reng\u00f6ring till en lek. Det innovativa dubbla sp\u00e5rsandssystemet minimerar sandiga tassavtryck. Inkluderar praktisk skopa och f\u00f6rvaringsl\u00e5da.<\/p>\n<p>Beskrivning:<\/p>\n<ul>\n<li> 13,8 cm h\u00f6ga v\u00e4ggar f\u00f6rhindrar att str\u00f6 och urin l\u00e4cker ut<\/li>\n<li> Sp\u00e4nningskopplingar f\u00f6renklar monteringen och \u00f6kar h\u00e5llbarheten<\/li>\n<li> Rostfritt st\u00e5lfack underl\u00e4ttar snabb och enkel reng\u00f6ring<\/li>\n<li> Ing\u00e5ngsomr\u00e5de och trampyta f\u00f6r sandavl\u00e4gsnande minskar tassavtryck<\/li>\n<li> Inkluderar rostfri st\u00e5lskopa och f\u00f6rvaringsl\u00e5da<\/li>\n<li> Fackets dimensioner \u00e4r l\u00e4mpliga f\u00f6r katter upp till 4,5 kg<\/li>\n<li> Monteringen kr\u00e4vs, f\u00f6rb\u00e4ttrar produktintegriteten<\/li>\n<\/ul>\n<p> Tekniska data:<\/p>\n<ul>\n<li> F\u00e4rg: Ljusgr\u00e5<\/li>\n<li> Material: ABS, rostfritt st\u00e5l<\/li>\n<li> Totala dimensioner: 60,2L x 40,6B x 29H cm<\/li>\n<li> Str\u00f6fack: 59,5L x 39,5B x 15,2H cm<\/li>\n<li> Sandavl\u00e4gsnande omr\u00e5de av facket: 13,8L x 5,1B cm<\/li>\n<li> Skopa: 25L x 11B x 4H cm<\/li>\n<li> F\u00f6rvaringsl\u00e5da: 13,6L x 6B x 13H cm<\/li>\n<li> Sandavl\u00e4gsnande steg: 32,2L x 16B x 4H cm<\/li>\n<\/ul>\n<p>Leveransinneh\u00e5ll:<\/p>\n<ul>\n<li> 1 x Kattl\u00e5da<\/li>\n<li> 1 x Skopa<\/li>\n<li> 1 x F\u00f6rvaringsl\u00e5da<\/li>\n<li> 1 x Bruksanvisning<\/li>\n<\/ul>\n","protected":false},"excerpt":{"rendered":"<p>Upplev den stilfulla TRUUSK rostfria kattl\u00e5dan, en perfekt kombination av funktionalitet och design! Med 13,8 cm h\u00f6ga sidov\u00e4ggar som h\u00e5ller&#8230;<\/p>\n","protected":false},"featured_media":71268,"template":"","meta":[],"product_brand":[],"product_cat":[878,594,588],"product_tag":[],"class_list":{"0":"post-71277","1":"product","2":"type-product","3":"status-publish","4":"has-post-thumbnail","6":"product_cat-djurbehov","7":"product_cat-kattlador","8":"product_cat-katttillbehor","10":"first","11":"instock","12":"sale","13":"taxable","14":"shipping-taxable","15":"purchasable","16":"product-type-simple"},"yoast_head":"<!-- This site is optimized with the Yoast SEO plugin v25.4 - https:\/\/yoast.com\/wordpress\/plugins\/seo\/ -->\n<title>TRUUSK Kattl\u00e5da med Lock och Spade - Rostfritt St\u00e5l - F\u00f6r Katter under 4,5 kg - Inomhus - Ljusgr\u00e5 - TRUUSK - Hem, Tr\u00e4dg\u00e5rd &amp; Fritid<\/title>\n<meta name=\"robots\" content=\"index, follow, max-snippet:-1, max-image-preview:large, max-video-preview:-1\" \/>\n<link rel=\"canonical\" href=\"https:\/\/truusk.store\/sv\/produkt\/truusk-kattlada-med-lock-och-spade-rostfritt-stal-for-katter-under-45-kg-inomhus-ljusgra\/\" \/>\n<meta property=\"og:locale\" content=\"sv_SE\" \/>\n<meta property=\"og:type\" content=\"article\" \/>\n<meta property=\"og:title\" content=\"TRUUSK Kattl\u00e5da med Lock och Spade - Rostfritt St\u00e5l - F\u00f6r Katter under 4,5 kg - Inomhus - Ljusgr\u00e5 - TRUUSK - Hem, Tr\u00e4dg\u00e5rd &amp; Fritid\" \/>\n<meta property=\"og:description\" content=\"Upplev den stilfulla TRUUSK rostfria kattl\u00e5dan, en perfekt kombination av funktionalitet och design! Med 13,8 cm h\u00f6ga sidov\u00e4ggar som h\u00e5ller...\" \/>\n<meta property=\"og:url\" content=\"https:\/\/truusk.store\/sv\/produkt\/truusk-kattlada-med-lock-och-spade-rostfritt-stal-for-katter-under-45-kg-inomhus-ljusgra\/\" \/>\n<meta property=\"og:site_name\" content=\"TRUUSK - Hem, Tr\u00e4dg\u00e5rd &amp; Fritid\" \/>\n<meta property=\"article:modified_time\" content=\"2026-03-12T07:42:44+00:00\" \/>\n<meta property=\"og:image\" content=\"https:\/\/i0.wp.com\/truusk.se\/wp-content\/uploads\/2025\/06\/kattlada-med-lock-kattlada-med-spade-rostfritt-stal-katt-toaletthus-med-forvaringslada-for-katter-under-45-kg-inomhus-ljusgra-1.webp?fit=2000%2C2000&ssl=1\" \/>\n\t<meta property=\"og:image:width\" content=\"2000\" \/>\n\t<meta property=\"og:image:height\" content=\"2000\" \/>\n\t<meta property=\"og:image:type\" content=\"image\/webp\" \/>\n<meta name=\"twitter:card\" content=\"summary_large_image\" \/>\n<meta name=\"twitter:label1\" content=\"Ber\u00e4knad l\u00e4stid\" \/>\n\t<meta name=\"twitter:data1\" content=\"1 minut\" \/>\n<!-- \/ Yoast SEO plugin. -->","yoast_head_json":{"title":"TRUUSK Kattl\u00e5da med Lock och Spade - Rostfritt St\u00e5l - F\u00f6r Katter under 4,5 kg - Inomhus - Ljusgr\u00e5 - TRUUSK - Hem, Tr\u00e4dg\u00e5rd &amp; Fritid","robots":{"index":"index","follow":"follow","max-snippet":"max-snippet:-1","max-image-preview":"max-image-preview:large","max-video-preview":"max-video-preview:-1"},"canonical":"https:\/\/truusk.store\/sv\/produkt\/truusk-kattlada-med-lock-och-spade-rostfritt-stal-for-katter-under-45-kg-inomhus-ljusgra\/","og_locale":"sv_SE","og_type":"article","og_title":"TRUUSK Kattl\u00e5da med Lock och Spade - Rostfritt St\u00e5l - F\u00f6r Katter under 4,5 kg - Inomhus - Ljusgr\u00e5 - TRUUSK - Hem, Tr\u00e4dg\u00e5rd &amp; Fritid","og_description":"Upplev den stilfulla TRUUSK rostfria kattl\u00e5dan, en perfekt kombination av funktionalitet och design! Med 13,8 cm h\u00f6ga sidov\u00e4ggar som h\u00e5ller...","og_url":"https:\/\/truusk.store\/sv\/produkt\/truusk-kattlada-med-lock-och-spade-rostfritt-stal-for-katter-under-45-kg-inomhus-ljusgra\/","og_site_name":"TRUUSK - Hem, Tr\u00e4dg\u00e5rd &amp; Fritid","article_modified_time":"2026-03-12T07:42:44+00:00","og_image":[{"width":2000,"height":2000,"url":"https:\/\/i0.wp.com\/truusk.se\/wp-content\/uploads\/2025\/06\/kattlada-med-lock-kattlada-med-spade-rostfritt-stal-katt-toaletthus-med-forvaringslada-for-katter-under-45-kg-inomhus-ljusgra-1.webp?fit=2000%2C2000&ssl=1","type":"image\/webp"}],"twitter_card":"summary_large_image","twitter_misc":{"Ber\u00e4knad l\u00e4stid":"1 minut"},"schema":{"@context":"https:\/\/schema.org","@graph":[{"@type":"WebPage","@id":"https:\/\/truusk.store\/sv\/produkt\/truusk-kattlada-med-lock-och-spade-rostfritt-stal-for-katter-under-45-kg-inomhus-ljusgra\/","url":"https:\/\/truusk.store\/sv\/produkt\/truusk-kattlada-med-lock-och-spade-rostfritt-stal-for-katter-under-45-kg-inomhus-ljusgra\/","name":"TRUUSK Kattl\u00e5da med Lock och Spade - Rostfritt St\u00e5l - F\u00f6r Katter under 4,5 kg - Inomhus - Ljusgr\u00e5 - TRUUSK - Hem, Tr\u00e4dg\u00e5rd &amp; Fritid","isPartOf":{"@id":"https:\/\/truusk.store\/sv\/#website"},"primaryImageOfPage":{"@id":"https:\/\/truusk.store\/sv\/produkt\/truusk-kattlada-med-lock-och-spade-rostfritt-stal-for-katter-under-45-kg-inomhus-ljusgra\/#primaryimage"},"image":{"@id":"https:\/\/truusk.store\/sv\/produkt\/truusk-kattlada-med-lock-och-spade-rostfritt-stal-for-katter-under-45-kg-inomhus-ljusgra\/#primaryimage"},"thumbnailUrl":"https:\/\/i0.wp.com\/truusk.store\/wp-content\/uploads\/2025\/06\/kattlada-med-lock-kattlada-med-spade-rostfritt-stal-katt-toaletthus-med-forvaringslada-for-katter-under-45-kg-inomhus-ljusgra-1.webp?fit=2000%2C2000&ssl=1","datePublished":"2025-06-05T19:51:47+00:00","dateModified":"2026-03-12T07:42:44+00:00","breadcrumb":{"@id":"https:\/\/truusk.store\/sv\/produkt\/truusk-kattlada-med-lock-och-spade-rostfritt-stal-for-katter-under-45-kg-inomhus-ljusgra\/#breadcrumb"},"inLanguage":"sv-SE","potentialAction":[{"@type":"ReadAction","target":["https:\/\/truusk.store\/sv\/produkt\/truusk-kattlada-med-lock-och-spade-rostfritt-stal-for-katter-under-45-kg-inomhus-ljusgra\/"]}]},{"@type":"ImageObject","inLanguage":"sv-SE","@id":"https:\/\/truusk.store\/sv\/produkt\/truusk-kattlada-med-lock-och-spade-rostfritt-stal-for-katter-under-45-kg-inomhus-ljusgra\/#primaryimage","url":"https:\/\/i0.wp.com\/truusk.store\/wp-content\/uploads\/2025\/06\/kattlada-med-lock-kattlada-med-spade-rostfritt-stal-katt-toaletthus-med-forvaringslada-for-katter-under-45-kg-inomhus-ljusgra-1.webp?fit=2000%2C2000&ssl=1","contentUrl":"https:\/\/i0.wp.com\/truusk.store\/wp-content\/uploads\/2025\/06\/kattlada-med-lock-kattlada-med-spade-rostfritt-stal-katt-toaletthus-med-forvaringslada-for-katter-under-45-kg-inomhus-ljusgra-1.webp?fit=2000%2C2000&ssl=1","width":2000,"height":2000},{"@type":"BreadcrumbList","@id":"https:\/\/truusk.store\/sv\/produkt\/truusk-kattlada-med-lock-och-spade-rostfritt-stal-for-katter-under-45-kg-inomhus-ljusgra\/#breadcrumb","itemListElement":[{"@type":"ListItem","position":1,"name":"Home","item":"https:\/\/truusk.store\/sv\/"},{"@type":"ListItem","position":2,"name":"Shop","item":"https:\/\/truusk.store\/shop\/"},{"@type":"ListItem","position":3,"name":"TRUUSK Kattl\u00e5da med Lock och Spade &#8211; Rostfritt St\u00e5l &#8211; F\u00f6r Katter under 4,5 kg &#8211; Inomhus &#8211; Ljusgr\u00e5"}]},{"@type":"WebSite","@id":"https:\/\/truusk.store\/sv\/#website","url":"https:\/\/truusk.store\/sv\/","name":"TRUUSK - Hem, Tr\u00e4dg\u00e5rd & Fritid","description":"","publisher":{"@id":"https:\/\/truusk.store\/sv\/#organization"},"potentialAction":[{"@type":"SearchAction","target":{"@type":"EntryPoint","urlTemplate":"https:\/\/truusk.store\/sv\/?s={search_term_string}"},"query-input":{"@type":"PropertyValueSpecification","valueRequired":true,"valueName":"search_term_string"}}],"inLanguage":"sv-SE"},{"@type":"Organization","@id":"https:\/\/truusk.store\/sv\/#organization","name":"TRUUSK - Hem, Tr\u00e4dg\u00e5rd & Fritid","url":"https:\/\/truusk.store\/sv\/","logo":{"@type":"ImageObject","inLanguage":"sv-SE","@id":"https:\/\/truusk.store\/sv\/#\/schema\/logo\/image\/","url":"https:\/\/i0.wp.com\/truusk.store\/wp-content\/uploads\/2026\/03\/cropped-TRUUSK.png?fit=2032%2C917&ssl=1","contentUrl":"https:\/\/i0.wp.com\/truusk.store\/wp-content\/uploads\/2026\/03\/cropped-TRUUSK.png?fit=2032%2C917&ssl=1","width":2032,"height":917,"caption":"TRUUSK - Hem, Tr\u00e4dg\u00e5rd & Fritid"},"image":{"@id":"https:\/\/truusk.store\/sv\/#\/schema\/logo\/image\/"}}]}},"jetpack_sharing_enabled":true,"_links":{"self":[{"href":"https:\/\/truusk.store\/sv\/wp-json\/wp\/v2\/product\/71277","targetHints":{"allow":["GET"]}}],"collection":[{"href":"https:\/\/truusk.store\/sv\/wp-json\/wp\/v2\/product"}],"about":[{"href":"https:\/\/truusk.store\/sv\/wp-json\/wp\/v2\/types\/product"}],"wp:featuredmedia":[{"embeddable":true,"href":"https:\/\/truusk.store\/sv\/wp-json\/wp\/v2\/media\/71268"}],"wp:attachment":[{"href":"https:\/\/truusk.store\/sv\/wp-json\/wp\/v2\/media?parent=71277"}],"wp:term":[{"taxonomy":"product_brand","embeddable":true,"href":"https:\/\/truusk.store\/sv\/wp-json\/wp\/v2\/product_brand?post=71277"},{"taxonomy":"product_cat","embeddable":true,"href":"https:\/\/truusk.store\/sv\/wp-json\/wp\/v2\/product_cat?post=71277"},{"taxonomy":"product_tag","embeddable":true,"href":"https:\/\/truusk.store\/sv\/wp-json\/wp\/v2\/product_tag?post=71277"}],"curies":[{"name":"wp","href":"https:\/\/api.w.org\/{rel}","templated":true}]}}