{"id":71289,"date":"2025-06-05T20:53:01","date_gmt":"2025-06-05T19:53:01","guid":{"rendered":"https:\/\/truusk.store\/product\/smadjursbur-med-rastgard-kaninbur-smadjursstall-med-vattenflaska-houtfodring-matskal-ramp-gnagare-bur-med-hjul-for-marsvin-och-igelkottar-vit\/"},"modified":"2026-03-12T08:42:31","modified_gmt":"2026-03-12T07:42:31","slug":"truusk-smadjursbur-med-rastgard-kaninbur-smadjursstall-med-vattenflaska-houtfodring-matskal-ramp-gnagare-bur-med-hjul","status":"publish","type":"product","link":"https:\/\/truusk.store\/sv\/produkt\/truusk-smadjursbur-med-rastgard-kaninbur-smadjursstall-med-vattenflaska-houtfodring-matskal-ramp-gnagare-bur-med-hjul\/","title":{"rendered":"TRUUSK Sm\u00e5djursbur med Rastg\u00e5rd &#8211; Kaninbur &#8211; Sm\u00e5djursstall med Vattenflaska &#8211; H\u00f6utfodring &#8211; Matsk\u00e5l &#8211; Ramp &#8211; Gnagare Bur med Hjul"},"content":{"rendered":"<p>Uppt\u00e4ck det rymliga TRUUSK-hemmet f\u00f6r din lurviga v\u00e4n. Den tv\u00e5v\u00e5ningsburen erbjuder en mysig tillflyktsort med balkong och ramp samt ett stort lekomr\u00e5de som kan ut\u00f6kas &#8211; perfekt f\u00f6r lekfulla, privata stunder. En perfekt marsvinsbur med gott om utrymme och enkel reng\u00f6ring som tillfredsst\u00e4ller b\u00e5de husdjur och \u00e4gare. Idealisk f\u00f6r marsvin och igelkottar!<\/p>\n<p>Beskrivning:<\/p>\n<ul>\n<li> Tv\u00e5v\u00e5ningsburdesign med stort hage maximerar utrymmet f\u00f6r marsvin, igelkottar<\/li>\n<li> G\u00f6mst\u00e4lle med balkong och ramp erbjuder en mysig tillflyktsort<\/li>\n<li> Inkluderar h\u00f6h\u00e4ck, matkopp och vattenflaska f\u00f6r praktisk hantering<\/li>\n<li> Avtagbar bur med sp\u00e4nnen underl\u00e4ttar reng\u00f6ring och underh\u00e5ll<\/li>\n<li> Tak och stor fr\u00e4mre d\u00f6rr garanterar enkel tillg\u00e5ng<\/li>\n<li> \u00c5tta hjul f\u00f6rb\u00e4ttrar r\u00f6rligheten och tre av dem \u00e4r utrustade med bromsar f\u00f6r stabilitet<\/li>\n<li> Liten galleravst\u00e5nd f\u00f6rhindrar rymningar och h\u00e5ller husdjuren s\u00e4kra<\/li>\n<li> Monteringsanvisningar medf\u00f6ljer, garanterar en okomplicerad installation.<\/li>\n<\/ul>\n<p> Tekniska data:<\/p>\n<ul>\n<li> F\u00e4rg: Vit+Beige+Bl\u00e5<\/li>\n<li> Material: St\u00e5l, Plast<\/li>\n<li> Totala dimensioner: 173L x 88B x 63H cm<\/li>\n<li> Burstorlek: 88L x 88B x 63,5\/49H cm<\/li>\n<li> Hagestorlek: 86L x 88B x 43H cm<\/li>\n<li> Fr\u00e4mre d\u00f6rr: 50B x 22H cm<\/li>\n<li> \u00d6vre d\u00f6rr: 23B x 29H cm<\/li>\n<li> Bricka: 88L x 88B x 14H cm<\/li>\n<li> G\u00f6mst\u00e4lle: 86L x 35B x 13H cm<\/li>\n<li> Balkong: 82L x 24,5B cm<\/li>\n<li> D\u00f6rrh\u00e5l: \u00d820 cm<\/li>\n<li> Matkopp: 12L x 12B x 4,5H cm<\/li>\n<li> H\u00f6h\u00e4ck: 23L x 7B x 15H cm<\/li>\n<li> Vattenflaska: \u00d86 x 19L cm<\/li>\n<li> Hjulstorlek: 5 cm<\/li>\n<li> St\u00e5ngavst\u00e5nd: 2,5 cm<\/li>\n<\/ul>\n<p>Leverans inneh\u00e5ller:<\/p>\n<ul>\n<li> 1 x Sm\u00e5djursbur<\/li>\n<li> 1 x H\u00f6h\u00e4ck<\/li>\n<li> 1 x Matkopp<\/li>\n<li> 1 x Frig\u00e5ngshage<\/li>\n<li> 1 x Bruksanvisning<\/li>\n<\/ul>\n","protected":false},"excerpt":{"rendered":"<p>Uppt\u00e4ck det rymliga TRUUSK-hemmet f\u00f6r din lurviga v\u00e4n. Den tv\u00e5v\u00e5ningsburen erbjuder en mysig tillflyktsort med balkong och ramp samt ett&#8230;<\/p>\n","protected":false},"featured_media":71278,"template":"","meta":[],"product_brand":[],"product_cat":[878,599,597],"product_tag":[],"class_list":{"0":"post-71289","1":"product","2":"type-product","3":"status-publish","4":"has-post-thumbnail","6":"product_cat-djurbehov","7":"product_cat-sma-djurburar","8":"product_cat-sma-djurtillbehor","10":"first","11":"instock","12":"sale","13":"taxable","14":"shipping-taxable","15":"purchasable","16":"product-type-simple"},"yoast_head":"<!-- This site is optimized with the Yoast SEO plugin v25.4 - https:\/\/yoast.com\/wordpress\/plugins\/seo\/ -->\n<title>TRUUSK Sm\u00e5djursbur med Rastg\u00e5rd - Kaninbur - Sm\u00e5djursstall med Vattenflaska - H\u00f6utfodring - Matsk\u00e5l - Ramp - Gnagare Bur med Hjul - TRUUSK - Hem, Tr\u00e4dg\u00e5rd &amp; Fritid<\/title>\n<meta name=\"robots\" content=\"index, follow, max-snippet:-1, max-image-preview:large, max-video-preview:-1\" \/>\n<link rel=\"canonical\" href=\"https:\/\/truusk.store\/sv\/produkt\/truusk-smadjursbur-med-rastgard-kaninbur-smadjursstall-med-vattenflaska-houtfodring-matskal-ramp-gnagare-bur-med-hjul\/\" \/>\n<meta property=\"og:locale\" content=\"sv_SE\" \/>\n<meta property=\"og:type\" content=\"article\" \/>\n<meta property=\"og:title\" content=\"TRUUSK Sm\u00e5djursbur med Rastg\u00e5rd - Kaninbur - Sm\u00e5djursstall med Vattenflaska - H\u00f6utfodring - Matsk\u00e5l - Ramp - Gnagare Bur med Hjul - TRUUSK - Hem, Tr\u00e4dg\u00e5rd &amp; Fritid\" \/>\n<meta property=\"og:description\" content=\"Uppt\u00e4ck det rymliga TRUUSK-hemmet f\u00f6r din lurviga v\u00e4n. Den tv\u00e5v\u00e5ningsburen erbjuder en mysig tillflyktsort med balkong och ramp samt ett...\" \/>\n<meta property=\"og:url\" content=\"https:\/\/truusk.store\/sv\/produkt\/truusk-smadjursbur-med-rastgard-kaninbur-smadjursstall-med-vattenflaska-houtfodring-matskal-ramp-gnagare-bur-med-hjul\/\" \/>\n<meta property=\"og:site_name\" content=\"TRUUSK - Hem, Tr\u00e4dg\u00e5rd &amp; Fritid\" \/>\n<meta property=\"article:modified_time\" content=\"2026-03-12T07:42:31+00:00\" \/>\n<meta property=\"og:image\" content=\"https:\/\/i0.wp.com\/truusk.se\/wp-content\/uploads\/2025\/06\/smadjursbur-med-rastgard-kaninbur-smadjursstall-med-vattenflaska-houtfodring-matskal-ramp-gnagare-bur-med-hjul-for-marsvin-och-igelkottar-vit-1.webp?fit=2000%2C2000&ssl=1\" \/>\n\t<meta property=\"og:image:width\" content=\"2000\" \/>\n\t<meta property=\"og:image:height\" content=\"2000\" \/>\n\t<meta property=\"og:image:type\" content=\"image\/webp\" \/>\n<meta name=\"twitter:card\" content=\"summary_large_image\" \/>\n<meta name=\"twitter:label1\" content=\"Ber\u00e4knad l\u00e4stid\" \/>\n\t<meta name=\"twitter:data1\" content=\"1 minut\" \/>\n<!-- \/ Yoast SEO plugin. -->","yoast_head_json":{"title":"TRUUSK Sm\u00e5djursbur med Rastg\u00e5rd - Kaninbur - Sm\u00e5djursstall med Vattenflaska - H\u00f6utfodring - Matsk\u00e5l - Ramp - Gnagare Bur med Hjul - TRUUSK - Hem, Tr\u00e4dg\u00e5rd &amp; Fritid","robots":{"index":"index","follow":"follow","max-snippet":"max-snippet:-1","max-image-preview":"max-image-preview:large","max-video-preview":"max-video-preview:-1"},"canonical":"https:\/\/truusk.store\/sv\/produkt\/truusk-smadjursbur-med-rastgard-kaninbur-smadjursstall-med-vattenflaska-houtfodring-matskal-ramp-gnagare-bur-med-hjul\/","og_locale":"sv_SE","og_type":"article","og_title":"TRUUSK Sm\u00e5djursbur med Rastg\u00e5rd - Kaninbur - Sm\u00e5djursstall med Vattenflaska - H\u00f6utfodring - Matsk\u00e5l - Ramp - Gnagare Bur med Hjul - TRUUSK - Hem, Tr\u00e4dg\u00e5rd &amp; Fritid","og_description":"Uppt\u00e4ck det rymliga TRUUSK-hemmet f\u00f6r din lurviga v\u00e4n. Den tv\u00e5v\u00e5ningsburen erbjuder en mysig tillflyktsort med balkong och ramp samt ett...","og_url":"https:\/\/truusk.store\/sv\/produkt\/truusk-smadjursbur-med-rastgard-kaninbur-smadjursstall-med-vattenflaska-houtfodring-matskal-ramp-gnagare-bur-med-hjul\/","og_site_name":"TRUUSK - Hem, Tr\u00e4dg\u00e5rd &amp; Fritid","article_modified_time":"2026-03-12T07:42:31+00:00","og_image":[{"width":2000,"height":2000,"url":"https:\/\/i0.wp.com\/truusk.se\/wp-content\/uploads\/2025\/06\/smadjursbur-med-rastgard-kaninbur-smadjursstall-med-vattenflaska-houtfodring-matskal-ramp-gnagare-bur-med-hjul-for-marsvin-och-igelkottar-vit-1.webp?fit=2000%2C2000&ssl=1","type":"image\/webp"}],"twitter_card":"summary_large_image","twitter_misc":{"Ber\u00e4knad l\u00e4stid":"1 minut"},"schema":{"@context":"https:\/\/schema.org","@graph":[{"@type":"WebPage","@id":"https:\/\/truusk.store\/sv\/produkt\/truusk-smadjursbur-med-rastgard-kaninbur-smadjursstall-med-vattenflaska-houtfodring-matskal-ramp-gnagare-bur-med-hjul\/","url":"https:\/\/truusk.store\/sv\/produkt\/truusk-smadjursbur-med-rastgard-kaninbur-smadjursstall-med-vattenflaska-houtfodring-matskal-ramp-gnagare-bur-med-hjul\/","name":"TRUUSK Sm\u00e5djursbur med Rastg\u00e5rd - Kaninbur - Sm\u00e5djursstall med Vattenflaska - H\u00f6utfodring - Matsk\u00e5l - Ramp - Gnagare Bur med Hjul - TRUUSK - Hem, Tr\u00e4dg\u00e5rd &amp; Fritid","isPartOf":{"@id":"https:\/\/truusk.store\/sv\/#website"},"primaryImageOfPage":{"@id":"https:\/\/truusk.store\/sv\/produkt\/truusk-smadjursbur-med-rastgard-kaninbur-smadjursstall-med-vattenflaska-houtfodring-matskal-ramp-gnagare-bur-med-hjul\/#primaryimage"},"image":{"@id":"https:\/\/truusk.store\/sv\/produkt\/truusk-smadjursbur-med-rastgard-kaninbur-smadjursstall-med-vattenflaska-houtfodring-matskal-ramp-gnagare-bur-med-hjul\/#primaryimage"},"thumbnailUrl":"https:\/\/i0.wp.com\/truusk.store\/wp-content\/uploads\/2025\/06\/smadjursbur-med-rastgard-kaninbur-smadjursstall-med-vattenflaska-houtfodring-matskal-ramp-gnagare-bur-med-hjul-for-marsvin-och-igelkottar-vit-1.webp?fit=2000%2C2000&ssl=1","datePublished":"2025-06-05T19:53:01+00:00","dateModified":"2026-03-12T07:42:31+00:00","breadcrumb":{"@id":"https:\/\/truusk.store\/sv\/produkt\/truusk-smadjursbur-med-rastgard-kaninbur-smadjursstall-med-vattenflaska-houtfodring-matskal-ramp-gnagare-bur-med-hjul\/#breadcrumb"},"inLanguage":"sv-SE","potentialAction":[{"@type":"ReadAction","target":["https:\/\/truusk.store\/sv\/produkt\/truusk-smadjursbur-med-rastgard-kaninbur-smadjursstall-med-vattenflaska-houtfodring-matskal-ramp-gnagare-bur-med-hjul\/"]}]},{"@type":"ImageObject","inLanguage":"sv-SE","@id":"https:\/\/truusk.store\/sv\/produkt\/truusk-smadjursbur-med-rastgard-kaninbur-smadjursstall-med-vattenflaska-houtfodring-matskal-ramp-gnagare-bur-med-hjul\/#primaryimage","url":"https:\/\/i0.wp.com\/truusk.store\/wp-content\/uploads\/2025\/06\/smadjursbur-med-rastgard-kaninbur-smadjursstall-med-vattenflaska-houtfodring-matskal-ramp-gnagare-bur-med-hjul-for-marsvin-och-igelkottar-vit-1.webp?fit=2000%2C2000&ssl=1","contentUrl":"https:\/\/i0.wp.com\/truusk.store\/wp-content\/uploads\/2025\/06\/smadjursbur-med-rastgard-kaninbur-smadjursstall-med-vattenflaska-houtfodring-matskal-ramp-gnagare-bur-med-hjul-for-marsvin-och-igelkottar-vit-1.webp?fit=2000%2C2000&ssl=1","width":2000,"height":2000},{"@type":"BreadcrumbList","@id":"https:\/\/truusk.store\/sv\/produkt\/truusk-smadjursbur-med-rastgard-kaninbur-smadjursstall-med-vattenflaska-houtfodring-matskal-ramp-gnagare-bur-med-hjul\/#breadcrumb","itemListElement":[{"@type":"ListItem","position":1,"name":"Home","item":"https:\/\/truusk.store\/sv\/"},{"@type":"ListItem","position":2,"name":"Shop","item":"https:\/\/truusk.store\/shop\/"},{"@type":"ListItem","position":3,"name":"TRUUSK Sm\u00e5djursbur med Rastg\u00e5rd &#8211; Kaninbur &#8211; Sm\u00e5djursstall med Vattenflaska &#8211; H\u00f6utfodring &#8211; Matsk\u00e5l &#8211; Ramp &#8211; Gnagare Bur med Hjul"}]},{"@type":"WebSite","@id":"https:\/\/truusk.store\/sv\/#website","url":"https:\/\/truusk.store\/sv\/","name":"TRUUSK - Hem, Tr\u00e4dg\u00e5rd & Fritid","description":"","publisher":{"@id":"https:\/\/truusk.store\/sv\/#organization"},"potentialAction":[{"@type":"SearchAction","target":{"@type":"EntryPoint","urlTemplate":"https:\/\/truusk.store\/sv\/?s={search_term_string}"},"query-input":{"@type":"PropertyValueSpecification","valueRequired":true,"valueName":"search_term_string"}}],"inLanguage":"sv-SE"},{"@type":"Organization","@id":"https:\/\/truusk.store\/sv\/#organization","name":"TRUUSK - Hem, Tr\u00e4dg\u00e5rd & Fritid","url":"https:\/\/truusk.store\/sv\/","logo":{"@type":"ImageObject","inLanguage":"sv-SE","@id":"https:\/\/truusk.store\/sv\/#\/schema\/logo\/image\/","url":"https:\/\/i0.wp.com\/truusk.store\/wp-content\/uploads\/2026\/03\/cropped-TRUUSK.png?fit=2032%2C917&ssl=1","contentUrl":"https:\/\/i0.wp.com\/truusk.store\/wp-content\/uploads\/2026\/03\/cropped-TRUUSK.png?fit=2032%2C917&ssl=1","width":2032,"height":917,"caption":"TRUUSK - Hem, Tr\u00e4dg\u00e5rd & Fritid"},"image":{"@id":"https:\/\/truusk.store\/sv\/#\/schema\/logo\/image\/"}}]}},"jetpack_sharing_enabled":true,"_links":{"self":[{"href":"https:\/\/truusk.store\/sv\/wp-json\/wp\/v2\/product\/71289","targetHints":{"allow":["GET"]}}],"collection":[{"href":"https:\/\/truusk.store\/sv\/wp-json\/wp\/v2\/product"}],"about":[{"href":"https:\/\/truusk.store\/sv\/wp-json\/wp\/v2\/types\/product"}],"wp:featuredmedia":[{"embeddable":true,"href":"https:\/\/truusk.store\/sv\/wp-json\/wp\/v2\/media\/71278"}],"wp:attachment":[{"href":"https:\/\/truusk.store\/sv\/wp-json\/wp\/v2\/media?parent=71289"}],"wp:term":[{"taxonomy":"product_brand","embeddable":true,"href":"https:\/\/truusk.store\/sv\/wp-json\/wp\/v2\/product_brand?post=71289"},{"taxonomy":"product_cat","embeddable":true,"href":"https:\/\/truusk.store\/sv\/wp-json\/wp\/v2\/product_cat?post=71289"},{"taxonomy":"product_tag","embeddable":true,"href":"https:\/\/truusk.store\/sv\/wp-json\/wp\/v2\/product_tag?post=71289"}],"curies":[{"name":"wp","href":"https:\/\/api.w.org\/{rel}","templated":true}]}}