{"id":71307,"date":"2025-06-05T20:54:40","date_gmt":"2025-06-05T19:54:40","guid":{"rendered":"https:\/\/truusk.store\/product\/bordben-4-pack-bordfotter-mobelfotter-i-stal-med-gaffeldesign-for-soffbord-matbord-svart-12-x-12-x-72-cm\/"},"modified":"2026-03-12T09:01:31","modified_gmt":"2026-03-12T08:01:31","slug":"truusk-bordben-4-pack-mobelfotter-i-stal-gaffeldesign-svart-12-x-12-x-72-cm","status":"publish","type":"product","link":"https:\/\/truusk.store\/sv\/produkt\/truusk-bordben-4-pack-mobelfotter-i-stal-gaffeldesign-svart-12-x-12-x-72-cm\/","title":{"rendered":"TRUUSK Bordben, 4-pack M\u00f6belf\u00f6tter i St\u00e5l &#8211; Gaffeldesign &#8211; Svart &#8211; 12 x 12 x 72 cm"},"content":{"rendered":"<p>Skapa unika m\u00f6bler med detta set av fyra st\u00e5lbordsben. Gaffeldesignen ger varje rum en industriell charm. Benen \u00e4r f\u00f6rsedda med gummiskydd som skyddar golvet mot repor. Enkel montering m\u00f6jligg\u00f6rs genom f\u00f6rborrade h\u00e5l och medf\u00f6ljande skruvar. Skapa stilfulla m\u00f6bler med detta eleganta och praktiska set &#8211; ett m\u00e5ste!<\/p>\n<p>Beskrivning:<\/p>\n<ul>\n<li> Bordben i industriell stil<\/li>\n<li> Gaffeldesign f\u00f6r stabilitet och en modern touch<\/li>\n<li> Tillverkad av h\u00f6gkvalitativt st\u00e5l, belastningsbar upp till 40 kg<\/li>\n<li> Inneh\u00e5ller 4 gummif\u00f6tter f\u00f6r att undvika repor p\u00e5 golvet<\/li>\n<li> Perfekt f\u00f6r matbord, sidobord, konsoler eller skrivbord<\/li>\n<li> F\u00f6rmonterad monteringsst\u00f6d med 5 h\u00e5l f\u00f6r snabb montering<\/li>\n<li> Inneh\u00e5ller 20 sj\u00e4lvsk\u00e4rande skruvar f\u00f6r enkel montering.<\/li>\n<\/ul>\n<p> Tekniska data:<\/p>\n<ul>\n<li> F\u00e4rg: Svart<\/li>\n<li> Material: St\u00e5l<\/li>\n<li> M\u00e5tt p\u00e5 varje ben: 12B x 12D x 71H cm<\/li>\n<li> Monteringsytans dimensioner: 12B x 12D cm, tjocklek: 4 mm<\/li>\n<li> Diameter p\u00e5 monteringsh\u00e5len: \u00d85 mm<\/li>\n<li> Skruvarnas dimensioner: \u00d84&#215;30 mm<\/li>\n<li> Dimensioner p\u00e5 de nedre skyddsgummierna: \u00d83&#215;1,5 cm<\/li>\n<li> Diameter p\u00e5 st\u00e5lbena: \u00d812 mm<\/li>\n<li> Belastningskapacitet: 40 kg<\/li>\n<li> Referens: B82-001<\/li>\n<\/ul>\n<p>Leveransinneh\u00e5ll:<\/p>\n<ul>\n<li> 4 x bordsben<\/li>\n<li> 1 x bruksanvisning<\/li>\n<\/ul>\n","protected":false},"excerpt":{"rendered":"<p>Skapa unika m\u00f6bler med detta set av fyra st\u00e5lbordsben. Gaffeldesignen ger varje rum en industriell charm. Benen \u00e4r f\u00f6rsedda med&#8230;<\/p>\n","protected":false},"featured_media":71298,"template":"","meta":[],"product_brand":[],"product_cat":[872,871,502],"product_tag":[],"class_list":{"0":"post-71307","1":"product","2":"type-product","3":"status-publish","4":"has-post-thumbnail","6":"product_cat-hemmakontor-arbetsplats","7":"product_cat-hus-hem","8":"product_cat-skrivbord","10":"first","11":"instock","12":"sale","13":"taxable","14":"shipping-taxable","15":"purchasable","16":"product-type-simple"},"yoast_head":"<!-- This site is optimized with the Yoast SEO plugin v25.4 - https:\/\/yoast.com\/wordpress\/plugins\/seo\/ -->\n<title>TRUUSK Bordben, 4-pack M\u00f6belf\u00f6tter i St\u00e5l - Gaffeldesign - Svart - 12 x 12 x 72 cm - TRUUSK - Hem, Tr\u00e4dg\u00e5rd &amp; Fritid<\/title>\n<meta name=\"robots\" content=\"index, follow, max-snippet:-1, max-image-preview:large, max-video-preview:-1\" \/>\n<link rel=\"canonical\" href=\"https:\/\/truusk.store\/sv\/produkt\/truusk-bordben-4-pack-mobelfotter-i-stal-gaffeldesign-svart-12-x-12-x-72-cm\/\" \/>\n<meta property=\"og:locale\" content=\"sv_SE\" \/>\n<meta property=\"og:type\" content=\"article\" \/>\n<meta property=\"og:title\" content=\"TRUUSK Bordben, 4-pack M\u00f6belf\u00f6tter i St\u00e5l - Gaffeldesign - Svart - 12 x 12 x 72 cm - TRUUSK - Hem, Tr\u00e4dg\u00e5rd &amp; Fritid\" \/>\n<meta property=\"og:description\" content=\"Skapa unika m\u00f6bler med detta set av fyra st\u00e5lbordsben. Gaffeldesignen ger varje rum en industriell charm. Benen \u00e4r f\u00f6rsedda med...\" \/>\n<meta property=\"og:url\" content=\"https:\/\/truusk.store\/sv\/produkt\/truusk-bordben-4-pack-mobelfotter-i-stal-gaffeldesign-svart-12-x-12-x-72-cm\/\" \/>\n<meta property=\"og:site_name\" content=\"TRUUSK - Hem, Tr\u00e4dg\u00e5rd &amp; Fritid\" \/>\n<meta property=\"article:modified_time\" content=\"2026-03-12T08:01:31+00:00\" \/>\n<meta property=\"og:image\" content=\"https:\/\/i0.wp.com\/truusk.se\/wp-content\/uploads\/2025\/06\/bordben-4-pack-bordfotter-mobelfotter-i-stal-med-gaffeldesign-for-soffbord-matbord-svart-12-x-12-x-72-cm-1.webp?fit=2000%2C2000&ssl=1\" \/>\n\t<meta property=\"og:image:width\" content=\"2000\" \/>\n\t<meta property=\"og:image:height\" content=\"2000\" \/>\n\t<meta property=\"og:image:type\" content=\"image\/webp\" \/>\n<meta name=\"twitter:card\" content=\"summary_large_image\" \/>\n<meta name=\"twitter:label1\" content=\"Ber\u00e4knad l\u00e4stid\" \/>\n\t<meta name=\"twitter:data1\" content=\"1 minut\" \/>\n<!-- \/ Yoast SEO plugin. -->","yoast_head_json":{"title":"TRUUSK Bordben, 4-pack M\u00f6belf\u00f6tter i St\u00e5l - Gaffeldesign - Svart - 12 x 12 x 72 cm - TRUUSK - Hem, Tr\u00e4dg\u00e5rd &amp; Fritid","robots":{"index":"index","follow":"follow","max-snippet":"max-snippet:-1","max-image-preview":"max-image-preview:large","max-video-preview":"max-video-preview:-1"},"canonical":"https:\/\/truusk.store\/sv\/produkt\/truusk-bordben-4-pack-mobelfotter-i-stal-gaffeldesign-svart-12-x-12-x-72-cm\/","og_locale":"sv_SE","og_type":"article","og_title":"TRUUSK Bordben, 4-pack M\u00f6belf\u00f6tter i St\u00e5l - Gaffeldesign - Svart - 12 x 12 x 72 cm - TRUUSK - Hem, Tr\u00e4dg\u00e5rd &amp; Fritid","og_description":"Skapa unika m\u00f6bler med detta set av fyra st\u00e5lbordsben. Gaffeldesignen ger varje rum en industriell charm. Benen \u00e4r f\u00f6rsedda med...","og_url":"https:\/\/truusk.store\/sv\/produkt\/truusk-bordben-4-pack-mobelfotter-i-stal-gaffeldesign-svart-12-x-12-x-72-cm\/","og_site_name":"TRUUSK - Hem, Tr\u00e4dg\u00e5rd &amp; Fritid","article_modified_time":"2026-03-12T08:01:31+00:00","og_image":[{"width":2000,"height":2000,"url":"https:\/\/i0.wp.com\/truusk.se\/wp-content\/uploads\/2025\/06\/bordben-4-pack-bordfotter-mobelfotter-i-stal-med-gaffeldesign-for-soffbord-matbord-svart-12-x-12-x-72-cm-1.webp?fit=2000%2C2000&ssl=1","type":"image\/webp"}],"twitter_card":"summary_large_image","twitter_misc":{"Ber\u00e4knad l\u00e4stid":"1 minut"},"schema":{"@context":"https:\/\/schema.org","@graph":[{"@type":"WebPage","@id":"https:\/\/truusk.store\/sv\/produkt\/truusk-bordben-4-pack-mobelfotter-i-stal-gaffeldesign-svart-12-x-12-x-72-cm\/","url":"https:\/\/truusk.store\/sv\/produkt\/truusk-bordben-4-pack-mobelfotter-i-stal-gaffeldesign-svart-12-x-12-x-72-cm\/","name":"TRUUSK Bordben, 4-pack M\u00f6belf\u00f6tter i St\u00e5l - Gaffeldesign - Svart - 12 x 12 x 72 cm - TRUUSK - Hem, Tr\u00e4dg\u00e5rd &amp; Fritid","isPartOf":{"@id":"https:\/\/truusk.store\/sv\/#website"},"primaryImageOfPage":{"@id":"https:\/\/truusk.store\/sv\/produkt\/truusk-bordben-4-pack-mobelfotter-i-stal-gaffeldesign-svart-12-x-12-x-72-cm\/#primaryimage"},"image":{"@id":"https:\/\/truusk.store\/sv\/produkt\/truusk-bordben-4-pack-mobelfotter-i-stal-gaffeldesign-svart-12-x-12-x-72-cm\/#primaryimage"},"thumbnailUrl":"https:\/\/i0.wp.com\/truusk.store\/wp-content\/uploads\/2025\/06\/bordben-4-pack-bordfotter-mobelfotter-i-stal-med-gaffeldesign-for-soffbord-matbord-svart-12-x-12-x-72-cm-1.webp?fit=2000%2C2000&ssl=1","datePublished":"2025-06-05T19:54:40+00:00","dateModified":"2026-03-12T08:01:31+00:00","breadcrumb":{"@id":"https:\/\/truusk.store\/sv\/produkt\/truusk-bordben-4-pack-mobelfotter-i-stal-gaffeldesign-svart-12-x-12-x-72-cm\/#breadcrumb"},"inLanguage":"sv-SE","potentialAction":[{"@type":"ReadAction","target":["https:\/\/truusk.store\/sv\/produkt\/truusk-bordben-4-pack-mobelfotter-i-stal-gaffeldesign-svart-12-x-12-x-72-cm\/"]}]},{"@type":"ImageObject","inLanguage":"sv-SE","@id":"https:\/\/truusk.store\/sv\/produkt\/truusk-bordben-4-pack-mobelfotter-i-stal-gaffeldesign-svart-12-x-12-x-72-cm\/#primaryimage","url":"https:\/\/i0.wp.com\/truusk.store\/wp-content\/uploads\/2025\/06\/bordben-4-pack-bordfotter-mobelfotter-i-stal-med-gaffeldesign-for-soffbord-matbord-svart-12-x-12-x-72-cm-1.webp?fit=2000%2C2000&ssl=1","contentUrl":"https:\/\/i0.wp.com\/truusk.store\/wp-content\/uploads\/2025\/06\/bordben-4-pack-bordfotter-mobelfotter-i-stal-med-gaffeldesign-for-soffbord-matbord-svart-12-x-12-x-72-cm-1.webp?fit=2000%2C2000&ssl=1","width":2000,"height":2000},{"@type":"BreadcrumbList","@id":"https:\/\/truusk.store\/sv\/produkt\/truusk-bordben-4-pack-mobelfotter-i-stal-gaffeldesign-svart-12-x-12-x-72-cm\/#breadcrumb","itemListElement":[{"@type":"ListItem","position":1,"name":"Home","item":"https:\/\/truusk.store\/sv\/"},{"@type":"ListItem","position":2,"name":"Shop","item":"https:\/\/truusk.store\/shop\/"},{"@type":"ListItem","position":3,"name":"TRUUSK Bordben, 4-pack M\u00f6belf\u00f6tter i St\u00e5l &#8211; Gaffeldesign &#8211; Svart &#8211; 12 x 12 x 72 cm"}]},{"@type":"WebSite","@id":"https:\/\/truusk.store\/sv\/#website","url":"https:\/\/truusk.store\/sv\/","name":"TRUUSK - Hem, Tr\u00e4dg\u00e5rd & Fritid","description":"","publisher":{"@id":"https:\/\/truusk.store\/sv\/#organization"},"potentialAction":[{"@type":"SearchAction","target":{"@type":"EntryPoint","urlTemplate":"https:\/\/truusk.store\/sv\/?s={search_term_string}"},"query-input":{"@type":"PropertyValueSpecification","valueRequired":true,"valueName":"search_term_string"}}],"inLanguage":"sv-SE"},{"@type":"Organization","@id":"https:\/\/truusk.store\/sv\/#organization","name":"TRUUSK - Hem, Tr\u00e4dg\u00e5rd & Fritid","url":"https:\/\/truusk.store\/sv\/","logo":{"@type":"ImageObject","inLanguage":"sv-SE","@id":"https:\/\/truusk.store\/sv\/#\/schema\/logo\/image\/","url":"https:\/\/i0.wp.com\/truusk.store\/wp-content\/uploads\/2026\/03\/cropped-TRUUSK.png?fit=2032%2C917&ssl=1","contentUrl":"https:\/\/i0.wp.com\/truusk.store\/wp-content\/uploads\/2026\/03\/cropped-TRUUSK.png?fit=2032%2C917&ssl=1","width":2032,"height":917,"caption":"TRUUSK - Hem, Tr\u00e4dg\u00e5rd & Fritid"},"image":{"@id":"https:\/\/truusk.store\/sv\/#\/schema\/logo\/image\/"}}]}},"jetpack_sharing_enabled":true,"_links":{"self":[{"href":"https:\/\/truusk.store\/sv\/wp-json\/wp\/v2\/product\/71307","targetHints":{"allow":["GET"]}}],"collection":[{"href":"https:\/\/truusk.store\/sv\/wp-json\/wp\/v2\/product"}],"about":[{"href":"https:\/\/truusk.store\/sv\/wp-json\/wp\/v2\/types\/product"}],"wp:featuredmedia":[{"embeddable":true,"href":"https:\/\/truusk.store\/sv\/wp-json\/wp\/v2\/media\/71298"}],"wp:attachment":[{"href":"https:\/\/truusk.store\/sv\/wp-json\/wp\/v2\/media?parent=71307"}],"wp:term":[{"taxonomy":"product_brand","embeddable":true,"href":"https:\/\/truusk.store\/sv\/wp-json\/wp\/v2\/product_brand?post=71307"},{"taxonomy":"product_cat","embeddable":true,"href":"https:\/\/truusk.store\/sv\/wp-json\/wp\/v2\/product_cat?post=71307"},{"taxonomy":"product_tag","embeddable":true,"href":"https:\/\/truusk.store\/sv\/wp-json\/wp\/v2\/product_tag?post=71307"}],"curies":[{"name":"wp","href":"https:\/\/api.w.org\/{rel}","templated":true}]}}