{"id":71337,"date":"2025-06-05T20:57:36","date_gmt":"2025-06-05T19:57:36","guid":{"rendered":"https:\/\/truusk.store\/product\/liten-klostrad-49-cm-kattrad-kattklostrad-med-lekboll-liggyta-klattertrad-for-katter-upp-till-4-kg-kattmobler-jute-gra\/"},"modified":"2026-03-12T09:41:17","modified_gmt":"2026-03-12T08:41:17","slug":"truusk-liten-klostrad-49-cm-kattrad-med-lekboll-liggyta-klattertrad-for-katter-upp-till-4-kg-jute-gra","status":"publish","type":"product","link":"https:\/\/truusk.store\/sv\/produkt\/truusk-liten-klostrad-49-cm-kattrad-med-lekboll-liggyta-klattertrad-for-katter-upp-till-4-kg-jute-gra\/","title":{"rendered":"TRUUSK Liten Kl\u00f6str\u00e4d, 49 cm &#8211; Kattr\u00e4d med Lekboll &#8211; Liggyta &#8211; Kl\u00e4ttertr\u00e4d f\u00f6r katter upp till 4 kg &#8211; Jute Gr\u00e5"},"content":{"rendered":"<p>F\u00f6r katter som gillar att lata sig \u00e4r detta moderna kl\u00e4ttertr\u00e4d fr\u00e5n TRUUSK ett bra val. Den enkla, enplansdesignen har en stor, omgiven av en h\u00f6g v\u00e4gg f\u00f6r s\u00e4kerhet. S\u00e4ngen och basen p\u00e5 katttr\u00e4det \u00e4r vadderade med mjuk plysch f\u00f6r att ditt husdjur ska ha det bekv\u00e4mt. I mitten \u00e4r kl\u00e4ttertr\u00e4det inslaget med ett jutesn\u00f6re s\u00e5 att katten kan v\u00e4ssa sina klor.<\/p>\n<p>Beskrivning:<\/p>\n<ul>\n<li> Liten h\u00e4ngande boll, om din katt\/kattunge vill leka<\/li>\n<li> Mjuk plysch p\u00e5 insidan av s\u00e4ngen och p\u00e5 golvet f\u00f6r mjuk komfort<\/li>\n<li> H\u00f6g sidov\u00e4gg s\u00e5 att din katt inte r\u00e5kar falla ut<\/li>\n<li> Ramen p\u00e5 kattm\u00f6beln \u00e4r gjord av sp\u00e5nskiva, \u00e4r stabil och h\u00e5llbar, och i mitten \u00e4r den inslagen med ett jutesn\u00f6re s\u00e5 att klorna kan v\u00e4ssas<\/li>\n<li> Rekommenderas f\u00f6r katter under 4 kg<\/li>\n<\/ul>\n<p> Tekniska specifikationer:<\/p>\n<ul>\n<li> F\u00e4rg: Gr\u00e5<\/li>\n<li> Material: Sp\u00e5nskiva, plysch, jutesn\u00f6re<\/li>\n<li> M\u00e5tt: 40L x 40B x 49H cm<\/li>\n<li> \u00d6vre sittst\u00e5ng: \u00d835 cm<\/li>\n<li> Nedre platta: \u00d840 cm<\/li>\n<li> Kl\u00e4ttertr\u00e4d: \u00d88,3 cm<\/li>\n<li> L\u00e4mplig f\u00f6r katter under: 4 kg<\/li>\n<\/ul>\n<p>Inneh\u00e5ll:<\/p>\n<ul>\n<li> 1 x Kl\u00e4ttertr\u00e4d<\/li>\n<li> 1 x Handbok<\/li>\n<\/ul>\n","protected":false},"excerpt":{"rendered":"<p>F\u00f6r katter som gillar att lata sig \u00e4r detta moderna kl\u00e4ttertr\u00e4d fr\u00e5n TRUUSK ett bra val. Den enkla, enplansdesignen har&#8230;<\/p>\n","protected":false},"featured_media":71328,"template":"","meta":[],"product_brand":[],"product_cat":[878,588,879],"product_tag":[],"class_list":{"0":"post-71337","1":"product","2":"type-product","3":"status-publish","4":"has-post-thumbnail","6":"product_cat-djurbehov","7":"product_cat-katttillbehor","8":"product_cat-klostrad","10":"first","11":"instock","12":"sale","13":"taxable","14":"shipping-taxable","15":"purchasable","16":"product-type-simple"},"yoast_head":"<!-- This site is optimized with the Yoast SEO plugin v25.4 - https:\/\/yoast.com\/wordpress\/plugins\/seo\/ -->\n<title>TRUUSK Liten Kl\u00f6str\u00e4d, 49 cm - Kattr\u00e4d med Lekboll - Liggyta - Kl\u00e4ttertr\u00e4d f\u00f6r katter upp till 4 kg - Jute Gr\u00e5 - TRUUSK - Hem, Tr\u00e4dg\u00e5rd &amp; Fritid<\/title>\n<meta name=\"robots\" content=\"index, follow, max-snippet:-1, max-image-preview:large, max-video-preview:-1\" \/>\n<link rel=\"canonical\" href=\"https:\/\/truusk.store\/sv\/produkt\/truusk-liten-klostrad-49-cm-kattrad-med-lekboll-liggyta-klattertrad-for-katter-upp-till-4-kg-jute-gra\/\" \/>\n<meta property=\"og:locale\" content=\"sv_SE\" \/>\n<meta property=\"og:type\" content=\"article\" \/>\n<meta property=\"og:title\" content=\"TRUUSK Liten Kl\u00f6str\u00e4d, 49 cm - Kattr\u00e4d med Lekboll - Liggyta - Kl\u00e4ttertr\u00e4d f\u00f6r katter upp till 4 kg - Jute Gr\u00e5 - TRUUSK - Hem, Tr\u00e4dg\u00e5rd &amp; Fritid\" \/>\n<meta property=\"og:description\" content=\"F\u00f6r katter som gillar att lata sig \u00e4r detta moderna kl\u00e4ttertr\u00e4d fr\u00e5n TRUUSK ett bra val. Den enkla, enplansdesignen har...\" \/>\n<meta property=\"og:url\" content=\"https:\/\/truusk.store\/sv\/produkt\/truusk-liten-klostrad-49-cm-kattrad-med-lekboll-liggyta-klattertrad-for-katter-upp-till-4-kg-jute-gra\/\" \/>\n<meta property=\"og:site_name\" content=\"TRUUSK - Hem, Tr\u00e4dg\u00e5rd &amp; Fritid\" \/>\n<meta property=\"article:modified_time\" content=\"2026-03-12T08:41:17+00:00\" \/>\n<meta property=\"og:image\" content=\"https:\/\/i0.wp.com\/truusk.se\/wp-content\/uploads\/2025\/06\/liten-klostrad-49-cm-kattrad-kattklostrad-med-lekboll-liggyta-klattertrad-for-katter-upp-till-4-kg-kattmobler-jute-gra-1.webp?fit=2000%2C2000&ssl=1\" \/>\n\t<meta property=\"og:image:width\" content=\"2000\" \/>\n\t<meta property=\"og:image:height\" content=\"2000\" \/>\n\t<meta property=\"og:image:type\" content=\"image\/webp\" \/>\n<meta name=\"twitter:card\" content=\"summary_large_image\" \/>\n<meta name=\"twitter:label1\" content=\"Ber\u00e4knad l\u00e4stid\" \/>\n\t<meta name=\"twitter:data1\" content=\"1 minut\" \/>\n<!-- \/ Yoast SEO plugin. -->","yoast_head_json":{"title":"TRUUSK Liten Kl\u00f6str\u00e4d, 49 cm - Kattr\u00e4d med Lekboll - Liggyta - Kl\u00e4ttertr\u00e4d f\u00f6r katter upp till 4 kg - Jute Gr\u00e5 - TRUUSK - Hem, Tr\u00e4dg\u00e5rd &amp; Fritid","robots":{"index":"index","follow":"follow","max-snippet":"max-snippet:-1","max-image-preview":"max-image-preview:large","max-video-preview":"max-video-preview:-1"},"canonical":"https:\/\/truusk.store\/sv\/produkt\/truusk-liten-klostrad-49-cm-kattrad-med-lekboll-liggyta-klattertrad-for-katter-upp-till-4-kg-jute-gra\/","og_locale":"sv_SE","og_type":"article","og_title":"TRUUSK Liten Kl\u00f6str\u00e4d, 49 cm - Kattr\u00e4d med Lekboll - Liggyta - Kl\u00e4ttertr\u00e4d f\u00f6r katter upp till 4 kg - Jute Gr\u00e5 - TRUUSK - Hem, Tr\u00e4dg\u00e5rd &amp; Fritid","og_description":"F\u00f6r katter som gillar att lata sig \u00e4r detta moderna kl\u00e4ttertr\u00e4d fr\u00e5n TRUUSK ett bra val. Den enkla, enplansdesignen har...","og_url":"https:\/\/truusk.store\/sv\/produkt\/truusk-liten-klostrad-49-cm-kattrad-med-lekboll-liggyta-klattertrad-for-katter-upp-till-4-kg-jute-gra\/","og_site_name":"TRUUSK - Hem, Tr\u00e4dg\u00e5rd &amp; Fritid","article_modified_time":"2026-03-12T08:41:17+00:00","og_image":[{"width":2000,"height":2000,"url":"https:\/\/i0.wp.com\/truusk.se\/wp-content\/uploads\/2025\/06\/liten-klostrad-49-cm-kattrad-kattklostrad-med-lekboll-liggyta-klattertrad-for-katter-upp-till-4-kg-kattmobler-jute-gra-1.webp?fit=2000%2C2000&ssl=1","type":"image\/webp"}],"twitter_card":"summary_large_image","twitter_misc":{"Ber\u00e4knad l\u00e4stid":"1 minut"},"schema":{"@context":"https:\/\/schema.org","@graph":[{"@type":"WebPage","@id":"https:\/\/truusk.store\/sv\/produkt\/truusk-liten-klostrad-49-cm-kattrad-med-lekboll-liggyta-klattertrad-for-katter-upp-till-4-kg-jute-gra\/","url":"https:\/\/truusk.store\/sv\/produkt\/truusk-liten-klostrad-49-cm-kattrad-med-lekboll-liggyta-klattertrad-for-katter-upp-till-4-kg-jute-gra\/","name":"TRUUSK Liten Kl\u00f6str\u00e4d, 49 cm - Kattr\u00e4d med Lekboll - Liggyta - Kl\u00e4ttertr\u00e4d f\u00f6r katter upp till 4 kg - Jute Gr\u00e5 - TRUUSK - Hem, Tr\u00e4dg\u00e5rd &amp; Fritid","isPartOf":{"@id":"https:\/\/truusk.store\/sv\/#website"},"primaryImageOfPage":{"@id":"https:\/\/truusk.store\/sv\/produkt\/truusk-liten-klostrad-49-cm-kattrad-med-lekboll-liggyta-klattertrad-for-katter-upp-till-4-kg-jute-gra\/#primaryimage"},"image":{"@id":"https:\/\/truusk.store\/sv\/produkt\/truusk-liten-klostrad-49-cm-kattrad-med-lekboll-liggyta-klattertrad-for-katter-upp-till-4-kg-jute-gra\/#primaryimage"},"thumbnailUrl":"https:\/\/i0.wp.com\/truusk.store\/wp-content\/uploads\/2025\/06\/liten-klostrad-49-cm-kattrad-kattklostrad-med-lekboll-liggyta-klattertrad-for-katter-upp-till-4-kg-kattmobler-jute-gra-1.webp?fit=2000%2C2000&ssl=1","datePublished":"2025-06-05T19:57:36+00:00","dateModified":"2026-03-12T08:41:17+00:00","breadcrumb":{"@id":"https:\/\/truusk.store\/sv\/produkt\/truusk-liten-klostrad-49-cm-kattrad-med-lekboll-liggyta-klattertrad-for-katter-upp-till-4-kg-jute-gra\/#breadcrumb"},"inLanguage":"sv-SE","potentialAction":[{"@type":"ReadAction","target":["https:\/\/truusk.store\/sv\/produkt\/truusk-liten-klostrad-49-cm-kattrad-med-lekboll-liggyta-klattertrad-for-katter-upp-till-4-kg-jute-gra\/"]}]},{"@type":"ImageObject","inLanguage":"sv-SE","@id":"https:\/\/truusk.store\/sv\/produkt\/truusk-liten-klostrad-49-cm-kattrad-med-lekboll-liggyta-klattertrad-for-katter-upp-till-4-kg-jute-gra\/#primaryimage","url":"https:\/\/i0.wp.com\/truusk.store\/wp-content\/uploads\/2025\/06\/liten-klostrad-49-cm-kattrad-kattklostrad-med-lekboll-liggyta-klattertrad-for-katter-upp-till-4-kg-kattmobler-jute-gra-1.webp?fit=2000%2C2000&ssl=1","contentUrl":"https:\/\/i0.wp.com\/truusk.store\/wp-content\/uploads\/2025\/06\/liten-klostrad-49-cm-kattrad-kattklostrad-med-lekboll-liggyta-klattertrad-for-katter-upp-till-4-kg-kattmobler-jute-gra-1.webp?fit=2000%2C2000&ssl=1","width":2000,"height":2000},{"@type":"BreadcrumbList","@id":"https:\/\/truusk.store\/sv\/produkt\/truusk-liten-klostrad-49-cm-kattrad-med-lekboll-liggyta-klattertrad-for-katter-upp-till-4-kg-jute-gra\/#breadcrumb","itemListElement":[{"@type":"ListItem","position":1,"name":"Home","item":"https:\/\/truusk.store\/sv\/"},{"@type":"ListItem","position":2,"name":"Shop","item":"https:\/\/truusk.store\/shop\/"},{"@type":"ListItem","position":3,"name":"TRUUSK Liten Kl\u00f6str\u00e4d, 49 cm &#8211; Kattr\u00e4d med Lekboll &#8211; Liggyta &#8211; Kl\u00e4ttertr\u00e4d f\u00f6r katter upp till 4 kg &#8211; Jute Gr\u00e5"}]},{"@type":"WebSite","@id":"https:\/\/truusk.store\/sv\/#website","url":"https:\/\/truusk.store\/sv\/","name":"TRUUSK - Hem, Tr\u00e4dg\u00e5rd & Fritid","description":"","publisher":{"@id":"https:\/\/truusk.store\/sv\/#organization"},"potentialAction":[{"@type":"SearchAction","target":{"@type":"EntryPoint","urlTemplate":"https:\/\/truusk.store\/sv\/?s={search_term_string}"},"query-input":{"@type":"PropertyValueSpecification","valueRequired":true,"valueName":"search_term_string"}}],"inLanguage":"sv-SE"},{"@type":"Organization","@id":"https:\/\/truusk.store\/sv\/#organization","name":"TRUUSK - Hem, Tr\u00e4dg\u00e5rd & Fritid","url":"https:\/\/truusk.store\/sv\/","logo":{"@type":"ImageObject","inLanguage":"sv-SE","@id":"https:\/\/truusk.store\/sv\/#\/schema\/logo\/image\/","url":"https:\/\/i0.wp.com\/truusk.store\/wp-content\/uploads\/2026\/03\/cropped-TRUUSK.png?fit=2032%2C917&ssl=1","contentUrl":"https:\/\/i0.wp.com\/truusk.store\/wp-content\/uploads\/2026\/03\/cropped-TRUUSK.png?fit=2032%2C917&ssl=1","width":2032,"height":917,"caption":"TRUUSK - Hem, Tr\u00e4dg\u00e5rd & Fritid"},"image":{"@id":"https:\/\/truusk.store\/sv\/#\/schema\/logo\/image\/"}}]}},"jetpack_sharing_enabled":true,"_links":{"self":[{"href":"https:\/\/truusk.store\/sv\/wp-json\/wp\/v2\/product\/71337","targetHints":{"allow":["GET"]}}],"collection":[{"href":"https:\/\/truusk.store\/sv\/wp-json\/wp\/v2\/product"}],"about":[{"href":"https:\/\/truusk.store\/sv\/wp-json\/wp\/v2\/types\/product"}],"wp:featuredmedia":[{"embeddable":true,"href":"https:\/\/truusk.store\/sv\/wp-json\/wp\/v2\/media\/71328"}],"wp:attachment":[{"href":"https:\/\/truusk.store\/sv\/wp-json\/wp\/v2\/media?parent=71337"}],"wp:term":[{"taxonomy":"product_brand","embeddable":true,"href":"https:\/\/truusk.store\/sv\/wp-json\/wp\/v2\/product_brand?post=71337"},{"taxonomy":"product_cat","embeddable":true,"href":"https:\/\/truusk.store\/sv\/wp-json\/wp\/v2\/product_cat?post=71337"},{"taxonomy":"product_tag","embeddable":true,"href":"https:\/\/truusk.store\/sv\/wp-json\/wp\/v2\/product_tag?post=71337"}],"curies":[{"name":"wp","href":"https:\/\/api.w.org\/{rel}","templated":true}]}}