{"id":71357,"date":"2025-06-05T20:59:41","date_gmt":"2025-06-05T19:59:41","guid":{"rendered":"https:\/\/truusk.store\/product\/konstgjord-ficus-trad-stor-135-cm-konstvaxt-plastkonstgjorda-vaxter-ficus-i-kruka-konsttrad-som-ser-akta-ut-med-cement-konstgras-for-vardagsrum-sovrum-kontor-tradgard\/"},"modified":"2026-03-12T09:10:45","modified_gmt":"2026-03-12T08:10:45","slug":"truusk-konstgjord-ficus-trad-135-cm-plastkonstgjorda-vaxter-akta-utseende-med-cement-for-vardagsrum-och-tradgard","status":"publish","type":"product","link":"https:\/\/truusk.store\/sv\/produkt\/truusk-konstgjord-ficus-trad-135-cm-plastkonstgjorda-vaxter-akta-utseende-med-cement-for-vardagsrum-och-tradgard\/","title":{"rendered":"TRUUSK Konstgjord Ficus-tr\u00e4d 135 cm &#8211; Plastkonstgjorda v\u00e4xter &#8211; \u00c4kta utseende med cement &#8211; F\u00f6r vardagsrum och tr\u00e4dg\u00e5rd"},"content":{"rendered":"<p>Vill du ha evigt gr\u00f6na konstgjorda v\u00e4xter som ser \u00e4kta ut, utan att st\u00e4ndigt beh\u00f6va sk\u00f6ta dem? V\u00e5r konstgjorda Ficus-v\u00e4xt f\u00f6rblir gr\u00f6n i flera \u00e5r, \u00e4ven utan vattning eller g\u00f6dsling. Du kan till och med \u00e5ka p\u00e5 semester utan att denna konstgjorda v\u00e4xt vissnar. De naturtrogna bladen p\u00e5 det konstgjorda tr\u00e4det ger liv \u00e5t varje rum och ser ut som \u00e4kta. F\u00f6rsedd med en cementfylld kruka, st\u00e5r den stabilt p\u00e5 alla platser.<\/p>\n<p>Beskrivning:<\/p>\n<ul>\n<li> Vackert konstgjort Ficus-tr\u00e4ddesign. L\u00e4mplig f\u00f6r inomhus och utomhus, v\u00e4xten f\u00f6rblir gr\u00f6n hela \u00e5ret<\/li>\n<li> 756 blad och livlig gr\u00f6n f\u00e4rg p\u00e5 konstv\u00e4xten f\u00f6r ett realistiskt utseende<\/li>\n<li> En robust kruka f\u00f6r den konstgjorda v\u00e4xten erbjuder en stabil bas<\/li>\n<li> Konstgr\u00e4s och cementbotten ing\u00e5r, f\u00f6r ett \u00e4nnu mer realistiskt utseende<\/li>\n<li> L\u00e4tt att sk\u00f6ta<\/li>\n<li> Ingen montering kr\u00e4vs<\/li>\n<\/ul>\n<p> Tekniska data:<\/p>\n<ul>\n<li> F\u00e4rg: Gr\u00f6n<\/li>\n<li> Material: Plast, cement<\/li>\n<li> Typ: Ficus<\/li>\n<li> Total h\u00f6jd: 135 cm<\/li>\n<li> Krukstorlek: \u00d815 x 13H cm<\/li>\n<\/ul>\n<p>Leverans inneh\u00e5ller:<\/p>\n<ul>\n<li> 1 x konstgjord v\u00e4xt;<\/li>\n<\/ul>\n","protected":false},"excerpt":{"rendered":"<p>Vill du ha evigt gr\u00f6na konstgjorda v\u00e4xter som ser \u00e4kta ut, utan att st\u00e4ndigt beh\u00f6va sk\u00f6ta dem? V\u00e5r konstgjorda Ficus-v\u00e4xt&#8230;<\/p>\n","protected":false},"featured_media":71348,"template":"","meta":[],"product_brand":[],"product_cat":[962,871,681],"product_tag":[],"class_list":{"0":"post-71357","1":"product","2":"type-product","3":"status-publish","4":"has-post-thumbnail","6":"product_cat-dekoration","7":"product_cat-hus-hem","8":"product_cat-konstgjorda-vaxter","10":"first","11":"instock","12":"sale","13":"taxable","14":"shipping-taxable","15":"purchasable","16":"product-type-simple"},"yoast_head":"<!-- This site is optimized with the Yoast SEO plugin v25.4 - https:\/\/yoast.com\/wordpress\/plugins\/seo\/ -->\n<title>TRUUSK Konstgjord Ficus-tr\u00e4d 135 cm - Plastkonstgjorda v\u00e4xter - \u00c4kta utseende med cement - F\u00f6r vardagsrum och tr\u00e4dg\u00e5rd - TRUUSK - Hem, Tr\u00e4dg\u00e5rd &amp; Fritid<\/title>\n<meta name=\"robots\" content=\"index, follow, max-snippet:-1, max-image-preview:large, max-video-preview:-1\" \/>\n<link rel=\"canonical\" href=\"https:\/\/truusk.store\/sv\/produkt\/truusk-konstgjord-ficus-trad-135-cm-plastkonstgjorda-vaxter-akta-utseende-med-cement-for-vardagsrum-och-tradgard\/\" \/>\n<meta property=\"og:locale\" content=\"sv_SE\" \/>\n<meta property=\"og:type\" content=\"article\" \/>\n<meta property=\"og:title\" content=\"TRUUSK Konstgjord Ficus-tr\u00e4d 135 cm - Plastkonstgjorda v\u00e4xter - \u00c4kta utseende med cement - F\u00f6r vardagsrum och tr\u00e4dg\u00e5rd - TRUUSK - Hem, Tr\u00e4dg\u00e5rd &amp; Fritid\" \/>\n<meta property=\"og:description\" content=\"Vill du ha evigt gr\u00f6na konstgjorda v\u00e4xter som ser \u00e4kta ut, utan att st\u00e4ndigt beh\u00f6va sk\u00f6ta dem? V\u00e5r konstgjorda Ficus-v\u00e4xt...\" \/>\n<meta property=\"og:url\" content=\"https:\/\/truusk.store\/sv\/produkt\/truusk-konstgjord-ficus-trad-135-cm-plastkonstgjorda-vaxter-akta-utseende-med-cement-for-vardagsrum-och-tradgard\/\" \/>\n<meta property=\"og:site_name\" content=\"TRUUSK - Hem, Tr\u00e4dg\u00e5rd &amp; Fritid\" \/>\n<meta property=\"article:modified_time\" content=\"2026-03-12T08:10:45+00:00\" \/>\n<meta property=\"og:image\" content=\"https:\/\/i0.wp.com\/truusk.se\/wp-content\/uploads\/2025\/06\/konstgjord-ficus-trad-stor-135-cm-konstvaxt-plastkonstgjorda-vaxter-ficus-i-kruka-konsttrad-som-ser-akta-ut-med-cement-konstgras-for-vardagsrum-sovrum-kontor-tradgard-1.webp?fit=2000%2C2000&ssl=1\" \/>\n\t<meta property=\"og:image:width\" content=\"2000\" \/>\n\t<meta property=\"og:image:height\" content=\"2000\" \/>\n\t<meta property=\"og:image:type\" content=\"image\/webp\" \/>\n<meta name=\"twitter:card\" content=\"summary_large_image\" \/>\n<meta name=\"twitter:label1\" content=\"Ber\u00e4knad l\u00e4stid\" \/>\n\t<meta name=\"twitter:data1\" content=\"1 minut\" \/>\n<!-- \/ Yoast SEO plugin. -->","yoast_head_json":{"title":"TRUUSK Konstgjord Ficus-tr\u00e4d 135 cm - Plastkonstgjorda v\u00e4xter - \u00c4kta utseende med cement - F\u00f6r vardagsrum och tr\u00e4dg\u00e5rd - TRUUSK - Hem, Tr\u00e4dg\u00e5rd &amp; Fritid","robots":{"index":"index","follow":"follow","max-snippet":"max-snippet:-1","max-image-preview":"max-image-preview:large","max-video-preview":"max-video-preview:-1"},"canonical":"https:\/\/truusk.store\/sv\/produkt\/truusk-konstgjord-ficus-trad-135-cm-plastkonstgjorda-vaxter-akta-utseende-med-cement-for-vardagsrum-och-tradgard\/","og_locale":"sv_SE","og_type":"article","og_title":"TRUUSK Konstgjord Ficus-tr\u00e4d 135 cm - Plastkonstgjorda v\u00e4xter - \u00c4kta utseende med cement - F\u00f6r vardagsrum och tr\u00e4dg\u00e5rd - TRUUSK - Hem, Tr\u00e4dg\u00e5rd &amp; Fritid","og_description":"Vill du ha evigt gr\u00f6na konstgjorda v\u00e4xter som ser \u00e4kta ut, utan att st\u00e4ndigt beh\u00f6va sk\u00f6ta dem? V\u00e5r konstgjorda Ficus-v\u00e4xt...","og_url":"https:\/\/truusk.store\/sv\/produkt\/truusk-konstgjord-ficus-trad-135-cm-plastkonstgjorda-vaxter-akta-utseende-med-cement-for-vardagsrum-och-tradgard\/","og_site_name":"TRUUSK - Hem, Tr\u00e4dg\u00e5rd &amp; Fritid","article_modified_time":"2026-03-12T08:10:45+00:00","og_image":[{"width":2000,"height":2000,"url":"https:\/\/i0.wp.com\/truusk.se\/wp-content\/uploads\/2025\/06\/konstgjord-ficus-trad-stor-135-cm-konstvaxt-plastkonstgjorda-vaxter-ficus-i-kruka-konsttrad-som-ser-akta-ut-med-cement-konstgras-for-vardagsrum-sovrum-kontor-tradgard-1.webp?fit=2000%2C2000&ssl=1","type":"image\/webp"}],"twitter_card":"summary_large_image","twitter_misc":{"Ber\u00e4knad l\u00e4stid":"1 minut"},"schema":{"@context":"https:\/\/schema.org","@graph":[{"@type":"WebPage","@id":"https:\/\/truusk.store\/sv\/produkt\/truusk-konstgjord-ficus-trad-135-cm-plastkonstgjorda-vaxter-akta-utseende-med-cement-for-vardagsrum-och-tradgard\/","url":"https:\/\/truusk.store\/sv\/produkt\/truusk-konstgjord-ficus-trad-135-cm-plastkonstgjorda-vaxter-akta-utseende-med-cement-for-vardagsrum-och-tradgard\/","name":"TRUUSK Konstgjord Ficus-tr\u00e4d 135 cm - Plastkonstgjorda v\u00e4xter - \u00c4kta utseende med cement - F\u00f6r vardagsrum och tr\u00e4dg\u00e5rd - TRUUSK - Hem, Tr\u00e4dg\u00e5rd &amp; Fritid","isPartOf":{"@id":"https:\/\/truusk.store\/sv\/#website"},"primaryImageOfPage":{"@id":"https:\/\/truusk.store\/sv\/produkt\/truusk-konstgjord-ficus-trad-135-cm-plastkonstgjorda-vaxter-akta-utseende-med-cement-for-vardagsrum-och-tradgard\/#primaryimage"},"image":{"@id":"https:\/\/truusk.store\/sv\/produkt\/truusk-konstgjord-ficus-trad-135-cm-plastkonstgjorda-vaxter-akta-utseende-med-cement-for-vardagsrum-och-tradgard\/#primaryimage"},"thumbnailUrl":"https:\/\/i0.wp.com\/truusk.store\/wp-content\/uploads\/2025\/06\/konstgjord-ficus-trad-stor-135-cm-konstvaxt-plastkonstgjorda-vaxter-ficus-i-kruka-konsttrad-som-ser-akta-ut-med-cement-konstgras-for-vardagsrum-sovrum-kontor-tradgard-1.webp?fit=2000%2C2000&ssl=1","datePublished":"2025-06-05T19:59:41+00:00","dateModified":"2026-03-12T08:10:45+00:00","breadcrumb":{"@id":"https:\/\/truusk.store\/sv\/produkt\/truusk-konstgjord-ficus-trad-135-cm-plastkonstgjorda-vaxter-akta-utseende-med-cement-for-vardagsrum-och-tradgard\/#breadcrumb"},"inLanguage":"sv-SE","potentialAction":[{"@type":"ReadAction","target":["https:\/\/truusk.store\/sv\/produkt\/truusk-konstgjord-ficus-trad-135-cm-plastkonstgjorda-vaxter-akta-utseende-med-cement-for-vardagsrum-och-tradgard\/"]}]},{"@type":"ImageObject","inLanguage":"sv-SE","@id":"https:\/\/truusk.store\/sv\/produkt\/truusk-konstgjord-ficus-trad-135-cm-plastkonstgjorda-vaxter-akta-utseende-med-cement-for-vardagsrum-och-tradgard\/#primaryimage","url":"https:\/\/i0.wp.com\/truusk.store\/wp-content\/uploads\/2025\/06\/konstgjord-ficus-trad-stor-135-cm-konstvaxt-plastkonstgjorda-vaxter-ficus-i-kruka-konsttrad-som-ser-akta-ut-med-cement-konstgras-for-vardagsrum-sovrum-kontor-tradgard-1.webp?fit=2000%2C2000&ssl=1","contentUrl":"https:\/\/i0.wp.com\/truusk.store\/wp-content\/uploads\/2025\/06\/konstgjord-ficus-trad-stor-135-cm-konstvaxt-plastkonstgjorda-vaxter-ficus-i-kruka-konsttrad-som-ser-akta-ut-med-cement-konstgras-for-vardagsrum-sovrum-kontor-tradgard-1.webp?fit=2000%2C2000&ssl=1","width":2000,"height":2000},{"@type":"BreadcrumbList","@id":"https:\/\/truusk.store\/sv\/produkt\/truusk-konstgjord-ficus-trad-135-cm-plastkonstgjorda-vaxter-akta-utseende-med-cement-for-vardagsrum-och-tradgard\/#breadcrumb","itemListElement":[{"@type":"ListItem","position":1,"name":"Home","item":"https:\/\/truusk.store\/sv\/"},{"@type":"ListItem","position":2,"name":"Shop","item":"https:\/\/truusk.store\/shop\/"},{"@type":"ListItem","position":3,"name":"TRUUSK Konstgjord Ficus-tr\u00e4d 135 cm &#8211; Plastkonstgjorda v\u00e4xter &#8211; \u00c4kta utseende med cement &#8211; F\u00f6r vardagsrum och tr\u00e4dg\u00e5rd"}]},{"@type":"WebSite","@id":"https:\/\/truusk.store\/sv\/#website","url":"https:\/\/truusk.store\/sv\/","name":"TRUUSK - Hem, Tr\u00e4dg\u00e5rd & Fritid","description":"","publisher":{"@id":"https:\/\/truusk.store\/sv\/#organization"},"potentialAction":[{"@type":"SearchAction","target":{"@type":"EntryPoint","urlTemplate":"https:\/\/truusk.store\/sv\/?s={search_term_string}"},"query-input":{"@type":"PropertyValueSpecification","valueRequired":true,"valueName":"search_term_string"}}],"inLanguage":"sv-SE"},{"@type":"Organization","@id":"https:\/\/truusk.store\/sv\/#organization","name":"TRUUSK - Hem, Tr\u00e4dg\u00e5rd & Fritid","url":"https:\/\/truusk.store\/sv\/","logo":{"@type":"ImageObject","inLanguage":"sv-SE","@id":"https:\/\/truusk.store\/sv\/#\/schema\/logo\/image\/","url":"https:\/\/i0.wp.com\/truusk.store\/wp-content\/uploads\/2026\/03\/cropped-TRUUSK.png?fit=2032%2C917&ssl=1","contentUrl":"https:\/\/i0.wp.com\/truusk.store\/wp-content\/uploads\/2026\/03\/cropped-TRUUSK.png?fit=2032%2C917&ssl=1","width":2032,"height":917,"caption":"TRUUSK - Hem, Tr\u00e4dg\u00e5rd & Fritid"},"image":{"@id":"https:\/\/truusk.store\/sv\/#\/schema\/logo\/image\/"}}]}},"jetpack_sharing_enabled":true,"_links":{"self":[{"href":"https:\/\/truusk.store\/sv\/wp-json\/wp\/v2\/product\/71357","targetHints":{"allow":["GET"]}}],"collection":[{"href":"https:\/\/truusk.store\/sv\/wp-json\/wp\/v2\/product"}],"about":[{"href":"https:\/\/truusk.store\/sv\/wp-json\/wp\/v2\/types\/product"}],"wp:featuredmedia":[{"embeddable":true,"href":"https:\/\/truusk.store\/sv\/wp-json\/wp\/v2\/media\/71348"}],"wp:attachment":[{"href":"https:\/\/truusk.store\/sv\/wp-json\/wp\/v2\/media?parent=71357"}],"wp:term":[{"taxonomy":"product_brand","embeddable":true,"href":"https:\/\/truusk.store\/sv\/wp-json\/wp\/v2\/product_brand?post=71357"},{"taxonomy":"product_cat","embeddable":true,"href":"https:\/\/truusk.store\/sv\/wp-json\/wp\/v2\/product_cat?post=71357"},{"taxonomy":"product_tag","embeddable":true,"href":"https:\/\/truusk.store\/sv\/wp-json\/wp\/v2\/product_tag?post=71357"}],"curies":[{"name":"wp","href":"https:\/\/api.w.org\/{rel}","templated":true}]}}