{"id":71367,"date":"2025-06-05T21:01:10","date_gmt":"2025-06-05T20:01:10","guid":{"rendered":"https:\/\/truusk.store\/product\/vin-kylskap-41-flaskor-91l-5-20%e2%84%83-kompressor-dryckeskylskap-med-glasdorr-led-ljus-flaskkylskap-med-pekskarm-liten-vinskap-svart\/"},"modified":"2026-03-12T09:44:30","modified_gmt":"2026-03-12T08:44:30","slug":"truusk-vin-kylskap-41-flaskor-91l-kompressor-dryckeskylskap-glasdorr-led-ljus-pekskarm-liten-vinskap-svart","status":"publish","type":"product","link":"https:\/\/truusk.store\/sv\/produkt\/truusk-vin-kylskap-41-flaskor-91l-kompressor-dryckeskylskap-glasdorr-led-ljus-pekskarm-liten-vinskap-svart\/","title":{"rendered":"TRUUSK Vin Kylsk\u00e5p 41 Flaskor 91L &#8211; Kompressor Dryckeskylsk\u00e5p &#8211; Glasd\u00f6rr &#8211; LED-ljus &#8211; Peksk\u00e4rm &#8211; Liten Vinsk\u00e5p &#8211; Svart"},"content":{"rendered":"<p>Njut av en perfekt tempererad droppe med TRUUSK vin kylsk\u00e5p. Den eleganta dubbelglaseringen med klar LED-belysning ger en fri utsikt \u00f6ver din vinsamling. Temperaturen kan st\u00e4llas in mellan 5 och 20\u00b0 C &#8211; perfekt f\u00f6r olika viner och andra drycker. Kompakt byggd, passar dryckeskylaren under varje bord eller disk.<\/p>\n<p>Beskrivning:<\/p>\n<ul>\n<li> 6 hyllor, plats f\u00f6r upp till 41 standardflaskor (750 ml) i dryckeskylaren med glasd\u00f6rr<\/li>\n<li> Anv\u00e4nder en kompressor f\u00f6r snabb och j\u00e4mn kylning<\/li>\n<li> D\u00f6rr med dubbelglasering f\u00f6r skydd mot UV-str\u00e5lar<\/li>\n<li> Hyllplanen i flaskkylaren med tr\u00e4handtag f\u00f6r enkel borttagning och reng\u00f6ring<\/li>\n<li> H\u00e5rdglasfront med inbyggda LED-lampor f\u00f6r inre belysning<\/li>\n<li> Justerbara f\u00f6tter p\u00e5 dryckeskylaren f\u00f6r att f\u00f6rbli stabil p\u00e5 oj\u00e4mnt underlag<\/li>\n<li> Stilren, frist\u00e5ende och utrymmesbesparande design &#8211; f\u00f6r att placera p\u00e5 golvet, bordet eller under disken<\/li>\n<li> Ingen montering kr\u00e4vs<\/li>\n<\/ul>\n<p> Tekniska data:<\/p>\n<ul>\n<li> Material: Metall, H\u00e5rdglas<\/li>\n<li> F\u00e4rg: Svart<\/li>\n<li> Totala dimensioner: 45,1L x 53,8B x 79,8H cm<\/li>\n<li> Hyllavst\u00e5nd: 9 cm, 20 cm<\/li>\n<li> Kapacitet: 91L<\/li>\n<li> Kylsk\u00e5p: R600a<\/li>\n<li> \u00c5rlig energif\u00f6rbrukning: 154 kWh\/\u00e5r<\/li>\n<li> Energiklass: G<\/li>\n<li> Ljudniv\u00e5: 41 dB<\/li>\n<li> D\u00f6rr\u00f6ppningsvinkel: 180\u00b0<\/li>\n<li> N\u00e4tledningens l\u00e4ngd: 1,7 m<\/li>\n<li> Sp\u00e4nning: AC220-240V\/50Hz<\/li>\n<li> Belastningskapacitet per hyllplan: 10 kg<\/li>\n<\/ul>\n<p>Leveransinneh\u00e5ll:<\/p>\n<ul>\n<li> 1 x Vin kylsk\u00e5p<\/li>\n<li> 1 x Bruksanvisning<\/li>\n<\/ul>\n","protected":false},"excerpt":{"rendered":"<p>Njut av en perfekt tempererad droppe med TRUUSK vin kylsk\u00e5p. Den eleganta dubbelglaseringen med klar LED-belysning ger en fri utsikt&#8230;<\/p>\n","protected":false},"featured_media":71358,"template":"","meta":[],"product_brand":[],"product_cat":[871,889,954],"product_tag":[],"class_list":{"0":"post-71367","1":"product","2":"type-product","3":"status-publish","4":"has-post-thumbnail","6":"product_cat-hus-hem","7":"product_cat-kok-matsal","8":"product_cat-vinhyllor","10":"first","11":"instock","12":"sale","13":"taxable","14":"shipping-taxable","15":"purchasable","16":"product-type-simple"},"yoast_head":"<!-- This site is optimized with the Yoast SEO plugin v25.4 - https:\/\/yoast.com\/wordpress\/plugins\/seo\/ -->\n<title>TRUUSK Vin Kylsk\u00e5p 41 Flaskor 91L - Kompressor Dryckeskylsk\u00e5p - Glasd\u00f6rr - LED-ljus - Peksk\u00e4rm - Liten Vinsk\u00e5p - Svart - TRUUSK - Hem, Tr\u00e4dg\u00e5rd &amp; Fritid<\/title>\n<meta name=\"robots\" content=\"index, follow, max-snippet:-1, max-image-preview:large, max-video-preview:-1\" \/>\n<link rel=\"canonical\" href=\"https:\/\/truusk.store\/sv\/produkt\/truusk-vin-kylskap-41-flaskor-91l-kompressor-dryckeskylskap-glasdorr-led-ljus-pekskarm-liten-vinskap-svart\/\" \/>\n<meta property=\"og:locale\" content=\"sv_SE\" \/>\n<meta property=\"og:type\" content=\"article\" \/>\n<meta property=\"og:title\" content=\"TRUUSK Vin Kylsk\u00e5p 41 Flaskor 91L - Kompressor Dryckeskylsk\u00e5p - Glasd\u00f6rr - LED-ljus - Peksk\u00e4rm - Liten Vinsk\u00e5p - Svart - TRUUSK - Hem, Tr\u00e4dg\u00e5rd &amp; Fritid\" \/>\n<meta property=\"og:description\" content=\"Njut av en perfekt tempererad droppe med TRUUSK vin kylsk\u00e5p. Den eleganta dubbelglaseringen med klar LED-belysning ger en fri utsikt...\" \/>\n<meta property=\"og:url\" content=\"https:\/\/truusk.store\/sv\/produkt\/truusk-vin-kylskap-41-flaskor-91l-kompressor-dryckeskylskap-glasdorr-led-ljus-pekskarm-liten-vinskap-svart\/\" \/>\n<meta property=\"og:site_name\" content=\"TRUUSK - Hem, Tr\u00e4dg\u00e5rd &amp; Fritid\" \/>\n<meta property=\"article:modified_time\" content=\"2026-03-12T08:44:30+00:00\" \/>\n<meta property=\"og:image\" content=\"https:\/\/i0.wp.com\/truusk.se\/wp-content\/uploads\/2025\/06\/vin-kylskap-41-flaskor-91l-5-20e28483-kompressor-dryckeskylskap-med-glasdorr-led-ljus-flaskkylskap-med-pekskarm-liten-vinskap-svart-1.webp?fit=2000%2C2000&ssl=1\" \/>\n\t<meta property=\"og:image:width\" content=\"2000\" \/>\n\t<meta property=\"og:image:height\" content=\"2000\" \/>\n\t<meta property=\"og:image:type\" content=\"image\/webp\" \/>\n<meta name=\"twitter:card\" content=\"summary_large_image\" \/>\n<meta name=\"twitter:label1\" content=\"Ber\u00e4knad l\u00e4stid\" \/>\n\t<meta name=\"twitter:data1\" content=\"1 minut\" \/>\n<!-- \/ Yoast SEO plugin. -->","yoast_head_json":{"title":"TRUUSK Vin Kylsk\u00e5p 41 Flaskor 91L - Kompressor Dryckeskylsk\u00e5p - Glasd\u00f6rr - LED-ljus - Peksk\u00e4rm - Liten Vinsk\u00e5p - Svart - TRUUSK - Hem, Tr\u00e4dg\u00e5rd &amp; Fritid","robots":{"index":"index","follow":"follow","max-snippet":"max-snippet:-1","max-image-preview":"max-image-preview:large","max-video-preview":"max-video-preview:-1"},"canonical":"https:\/\/truusk.store\/sv\/produkt\/truusk-vin-kylskap-41-flaskor-91l-kompressor-dryckeskylskap-glasdorr-led-ljus-pekskarm-liten-vinskap-svart\/","og_locale":"sv_SE","og_type":"article","og_title":"TRUUSK Vin Kylsk\u00e5p 41 Flaskor 91L - Kompressor Dryckeskylsk\u00e5p - Glasd\u00f6rr - LED-ljus - Peksk\u00e4rm - Liten Vinsk\u00e5p - Svart - TRUUSK - Hem, Tr\u00e4dg\u00e5rd &amp; Fritid","og_description":"Njut av en perfekt tempererad droppe med TRUUSK vin kylsk\u00e5p. Den eleganta dubbelglaseringen med klar LED-belysning ger en fri utsikt...","og_url":"https:\/\/truusk.store\/sv\/produkt\/truusk-vin-kylskap-41-flaskor-91l-kompressor-dryckeskylskap-glasdorr-led-ljus-pekskarm-liten-vinskap-svart\/","og_site_name":"TRUUSK - Hem, Tr\u00e4dg\u00e5rd &amp; Fritid","article_modified_time":"2026-03-12T08:44:30+00:00","og_image":[{"width":2000,"height":2000,"url":"https:\/\/i0.wp.com\/truusk.se\/wp-content\/uploads\/2025\/06\/vin-kylskap-41-flaskor-91l-5-20e28483-kompressor-dryckeskylskap-med-glasdorr-led-ljus-flaskkylskap-med-pekskarm-liten-vinskap-svart-1.webp?fit=2000%2C2000&ssl=1","type":"image\/webp"}],"twitter_card":"summary_large_image","twitter_misc":{"Ber\u00e4knad l\u00e4stid":"1 minut"},"schema":{"@context":"https:\/\/schema.org","@graph":[{"@type":"WebPage","@id":"https:\/\/truusk.store\/sv\/produkt\/truusk-vin-kylskap-41-flaskor-91l-kompressor-dryckeskylskap-glasdorr-led-ljus-pekskarm-liten-vinskap-svart\/","url":"https:\/\/truusk.store\/sv\/produkt\/truusk-vin-kylskap-41-flaskor-91l-kompressor-dryckeskylskap-glasdorr-led-ljus-pekskarm-liten-vinskap-svart\/","name":"TRUUSK Vin Kylsk\u00e5p 41 Flaskor 91L - Kompressor Dryckeskylsk\u00e5p - Glasd\u00f6rr - LED-ljus - Peksk\u00e4rm - Liten Vinsk\u00e5p - Svart - TRUUSK - Hem, Tr\u00e4dg\u00e5rd &amp; Fritid","isPartOf":{"@id":"https:\/\/truusk.store\/sv\/#website"},"primaryImageOfPage":{"@id":"https:\/\/truusk.store\/sv\/produkt\/truusk-vin-kylskap-41-flaskor-91l-kompressor-dryckeskylskap-glasdorr-led-ljus-pekskarm-liten-vinskap-svart\/#primaryimage"},"image":{"@id":"https:\/\/truusk.store\/sv\/produkt\/truusk-vin-kylskap-41-flaskor-91l-kompressor-dryckeskylskap-glasdorr-led-ljus-pekskarm-liten-vinskap-svart\/#primaryimage"},"thumbnailUrl":"https:\/\/i0.wp.com\/truusk.store\/wp-content\/uploads\/2025\/06\/vin-kylskap-41-flaskor-91l-5-20e28483-kompressor-dryckeskylskap-med-glasdorr-led-ljus-flaskkylskap-med-pekskarm-liten-vinskap-svart-1.webp?fit=2000%2C2000&ssl=1","datePublished":"2025-06-05T20:01:10+00:00","dateModified":"2026-03-12T08:44:30+00:00","breadcrumb":{"@id":"https:\/\/truusk.store\/sv\/produkt\/truusk-vin-kylskap-41-flaskor-91l-kompressor-dryckeskylskap-glasdorr-led-ljus-pekskarm-liten-vinskap-svart\/#breadcrumb"},"inLanguage":"sv-SE","potentialAction":[{"@type":"ReadAction","target":["https:\/\/truusk.store\/sv\/produkt\/truusk-vin-kylskap-41-flaskor-91l-kompressor-dryckeskylskap-glasdorr-led-ljus-pekskarm-liten-vinskap-svart\/"]}]},{"@type":"ImageObject","inLanguage":"sv-SE","@id":"https:\/\/truusk.store\/sv\/produkt\/truusk-vin-kylskap-41-flaskor-91l-kompressor-dryckeskylskap-glasdorr-led-ljus-pekskarm-liten-vinskap-svart\/#primaryimage","url":"https:\/\/i0.wp.com\/truusk.store\/wp-content\/uploads\/2025\/06\/vin-kylskap-41-flaskor-91l-5-20e28483-kompressor-dryckeskylskap-med-glasdorr-led-ljus-flaskkylskap-med-pekskarm-liten-vinskap-svart-1.webp?fit=2000%2C2000&ssl=1","contentUrl":"https:\/\/i0.wp.com\/truusk.store\/wp-content\/uploads\/2025\/06\/vin-kylskap-41-flaskor-91l-5-20e28483-kompressor-dryckeskylskap-med-glasdorr-led-ljus-flaskkylskap-med-pekskarm-liten-vinskap-svart-1.webp?fit=2000%2C2000&ssl=1","width":2000,"height":2000},{"@type":"BreadcrumbList","@id":"https:\/\/truusk.store\/sv\/produkt\/truusk-vin-kylskap-41-flaskor-91l-kompressor-dryckeskylskap-glasdorr-led-ljus-pekskarm-liten-vinskap-svart\/#breadcrumb","itemListElement":[{"@type":"ListItem","position":1,"name":"Home","item":"https:\/\/truusk.store\/sv\/"},{"@type":"ListItem","position":2,"name":"Shop","item":"https:\/\/truusk.store\/shop\/"},{"@type":"ListItem","position":3,"name":"TRUUSK Vin Kylsk\u00e5p 41 Flaskor 91L &#8211; Kompressor Dryckeskylsk\u00e5p &#8211; Glasd\u00f6rr &#8211; LED-ljus &#8211; Peksk\u00e4rm &#8211; Liten Vinsk\u00e5p &#8211; Svart"}]},{"@type":"WebSite","@id":"https:\/\/truusk.store\/sv\/#website","url":"https:\/\/truusk.store\/sv\/","name":"TRUUSK - Hem, Tr\u00e4dg\u00e5rd & Fritid","description":"","publisher":{"@id":"https:\/\/truusk.store\/sv\/#organization"},"potentialAction":[{"@type":"SearchAction","target":{"@type":"EntryPoint","urlTemplate":"https:\/\/truusk.store\/sv\/?s={search_term_string}"},"query-input":{"@type":"PropertyValueSpecification","valueRequired":true,"valueName":"search_term_string"}}],"inLanguage":"sv-SE"},{"@type":"Organization","@id":"https:\/\/truusk.store\/sv\/#organization","name":"TRUUSK - Hem, Tr\u00e4dg\u00e5rd & Fritid","url":"https:\/\/truusk.store\/sv\/","logo":{"@type":"ImageObject","inLanguage":"sv-SE","@id":"https:\/\/truusk.store\/sv\/#\/schema\/logo\/image\/","url":"https:\/\/i0.wp.com\/truusk.store\/wp-content\/uploads\/2026\/03\/cropped-TRUUSK.png?fit=2032%2C917&ssl=1","contentUrl":"https:\/\/i0.wp.com\/truusk.store\/wp-content\/uploads\/2026\/03\/cropped-TRUUSK.png?fit=2032%2C917&ssl=1","width":2032,"height":917,"caption":"TRUUSK - Hem, Tr\u00e4dg\u00e5rd & Fritid"},"image":{"@id":"https:\/\/truusk.store\/sv\/#\/schema\/logo\/image\/"}}]}},"jetpack_sharing_enabled":true,"_links":{"self":[{"href":"https:\/\/truusk.store\/sv\/wp-json\/wp\/v2\/product\/71367","targetHints":{"allow":["GET"]}}],"collection":[{"href":"https:\/\/truusk.store\/sv\/wp-json\/wp\/v2\/product"}],"about":[{"href":"https:\/\/truusk.store\/sv\/wp-json\/wp\/v2\/types\/product"}],"wp:featuredmedia":[{"embeddable":true,"href":"https:\/\/truusk.store\/sv\/wp-json\/wp\/v2\/media\/71358"}],"wp:attachment":[{"href":"https:\/\/truusk.store\/sv\/wp-json\/wp\/v2\/media?parent=71367"}],"wp:term":[{"taxonomy":"product_brand","embeddable":true,"href":"https:\/\/truusk.store\/sv\/wp-json\/wp\/v2\/product_brand?post=71367"},{"taxonomy":"product_cat","embeddable":true,"href":"https:\/\/truusk.store\/sv\/wp-json\/wp\/v2\/product_cat?post=71367"},{"taxonomy":"product_tag","embeddable":true,"href":"https:\/\/truusk.store\/sv\/wp-json\/wp\/v2\/product_tag?post=71367"}],"curies":[{"name":"wp","href":"https:\/\/api.w.org\/{rel}","templated":true}]}}