{"id":71407,"date":"2025-06-05T21:04:54","date_gmt":"2025-06-05T20:04:54","guid":{"rendered":"https:\/\/truusk.store\/product\/hopfallbar-campingbadd-med-kudde-sidoficka-madrass-gastsang-belastbar-upp-till-150-kg-resor-utomhus-oxford-morkbla-188-x-645-x-53-cm\/"},"modified":"2026-03-12T09:12:31","modified_gmt":"2026-03-12T08:12:31","slug":"truusk-hopfallbar-campingbadd-med-kudde-sidoficka-madrass-gastsang-upp-till-150-kg-resor-utomhus-oxford-morkbla-188","status":"publish","type":"product","link":"https:\/\/truusk.store\/sv\/produkt\/truusk-hopfallbar-campingbadd-med-kudde-sidoficka-madrass-gastsang-upp-till-150-kg-resor-utomhus-oxford-morkbla-188\/","title":{"rendered":"TRUUSK Hopf\u00e4llbar Campingb\u00e4dd &#8211; Med Kudde, Sidoficka, Madrass &#8211; G\u00e4sts\u00e4ng &#8211; Upp Till 150 Kg &#8211; Resor Utomhus &#8211; Oxford M\u00f6rkbl\u00e5 &#8211; 188"},"content":{"rendered":"<p>Med den b\u00e4rbara, hopf\u00e4llbara campingb\u00e4dden fr\u00e5n TRUUSK har du alltid en bekv\u00e4m plats att vila p\u00e5 n\u00e4r du \u00e4r p\u00e5 spr\u00e5ng. Den hopf\u00e4llbara campingb\u00e4dden har en praktisk sidoficka d\u00e4r du enkelt kan f\u00f6rvara sm\u00e5 f\u00f6rem\u00e5l. St\u00e5lramen och det slitstarka Oxford-tyget kan bekv\u00e4mt b\u00e4ra upp till 150 kg. Den \u00e4r ocks\u00e5 mycket m\u00e5ngsidig och kan anv\u00e4ndas f\u00f6r camping, som g\u00e4sts\u00e4ng eller allt d\u00e4remellan.<\/p>\n<p>Beskrivning:<\/p>\n<ul>\n<li> Slitstark design f\u00f6r vuxna<\/li>\n<li> Madrass med v\u00e4ndfunktion ger v\u00e4rme och kyla efter behov<\/li>\n<li> L\u00e4tt att vika ner i den medf\u00f6ljande f\u00f6rvaringsp\u00e5sen<\/li>\n<li> Kudde, fylld med skum, som \u00e4r mycket mysig<\/li>\n<li> Inbyggd sidoficka f\u00f6r f\u00f6rvaring av mobiltelefon, nycklar, vattenflaska och mer<\/li>\n<li> S\u00e4ngen \u00e4r h\u00f6jd f\u00f6r \u00f6kad komfort och f\u00f6r att m\u00f6jligg\u00f6ra luftcirkulation p\u00e5 alla sidor<\/li>\n<li> OBS: Ryggst\u00f6det \u00e4r inte justerbart<\/li>\n<\/ul>\n<p> Tekniska data:<\/p>\n<ul>\n<li> F\u00e4rg: M\u00f6rkbl\u00e5<\/li>\n<li> Material: St\u00e5l, Oxfordtyg, PE-skum, skum<\/li>\n<li> Totala m\u00e5tt: 188L x 64,5B x 53H cm<\/li>\n<li> Sitt h\u00f6jd: 37 cm<\/li>\n<li> Kudde storlek: 37L x 13B cm<\/li>\n<li> F\u00f6rvaringsp\u00e5se storlek: 28L x 25B cm<\/li>\n<li> Hopf\u00e4lld storlek: 28L x 17B x 105H cm<\/li>\n<li> B\u00e4rkapacitet: 150 kg<\/li>\n<\/ul>\n<p>Leverans inneh\u00e5ller:<\/p>\n<ul>\n<li> 1 x Hopf\u00e4llbar campingb\u00e4dd<\/li>\n<li> 1 x Madrass<\/li>\n<li> 1 x Huvudst\u00f6d<\/li>\n<li> 1 x F\u00f6rvaringsp\u00e5se<\/li>\n<li> 1 x B\u00e4rp\u00e5se<\/li>\n<\/ul>\n","protected":false},"excerpt":{"rendered":"<p>Med den b\u00e4rbara, hopf\u00e4llbara campingb\u00e4dden fr\u00e5n TRUUSK har du alltid en bekv\u00e4m plats att vila p\u00e5 n\u00e4r du \u00e4r p\u00e5&#8230;<\/p>\n","protected":false},"featured_media":71398,"template":"","meta":[],"product_brand":[],"product_cat":[648,887,647],"product_tag":[],"class_list":{"0":"post-71407","1":"product","2":"type-product","3":"status-publish","4":"has-post-thumbnail","6":"product_cat-camping-tillbehor","7":"product_cat-faltbaddar","8":"product_cat-sport-fritid","10":"first","11":"instock","12":"sale","13":"taxable","14":"shipping-taxable","15":"purchasable","16":"product-type-simple"},"yoast_head":"<!-- This site is optimized with the Yoast SEO plugin v25.4 - https:\/\/yoast.com\/wordpress\/plugins\/seo\/ -->\n<title>TRUUSK Hopf\u00e4llbar Campingb\u00e4dd - Med Kudde, Sidoficka, Madrass - G\u00e4sts\u00e4ng - Upp Till 150 Kg - Resor Utomhus - Oxford M\u00f6rkbl\u00e5 - 188 - TRUUSK - Hem, Tr\u00e4dg\u00e5rd &amp; Fritid<\/title>\n<meta name=\"robots\" content=\"index, follow, max-snippet:-1, max-image-preview:large, max-video-preview:-1\" \/>\n<link rel=\"canonical\" href=\"https:\/\/truusk.store\/sv\/produkt\/truusk-hopfallbar-campingbadd-med-kudde-sidoficka-madrass-gastsang-upp-till-150-kg-resor-utomhus-oxford-morkbla-188\/\" \/>\n<meta property=\"og:locale\" content=\"sv_SE\" \/>\n<meta property=\"og:type\" content=\"article\" \/>\n<meta property=\"og:title\" content=\"TRUUSK Hopf\u00e4llbar Campingb\u00e4dd - Med Kudde, Sidoficka, Madrass - G\u00e4sts\u00e4ng - Upp Till 150 Kg - Resor Utomhus - Oxford M\u00f6rkbl\u00e5 - 188 - TRUUSK - Hem, Tr\u00e4dg\u00e5rd &amp; Fritid\" \/>\n<meta property=\"og:description\" content=\"Med den b\u00e4rbara, hopf\u00e4llbara campingb\u00e4dden fr\u00e5n TRUUSK har du alltid en bekv\u00e4m plats att vila p\u00e5 n\u00e4r du \u00e4r p\u00e5...\" \/>\n<meta property=\"og:url\" content=\"https:\/\/truusk.store\/sv\/produkt\/truusk-hopfallbar-campingbadd-med-kudde-sidoficka-madrass-gastsang-upp-till-150-kg-resor-utomhus-oxford-morkbla-188\/\" \/>\n<meta property=\"og:site_name\" content=\"TRUUSK - Hem, Tr\u00e4dg\u00e5rd &amp; Fritid\" \/>\n<meta property=\"article:modified_time\" content=\"2026-03-12T08:12:31+00:00\" \/>\n<meta property=\"og:image\" content=\"https:\/\/i0.wp.com\/truusk.se\/wp-content\/uploads\/2025\/06\/hopfallbar-campingbadd-med-kudde-sidoficka-madrass-gastsang-belastbar-upp-till-150-kg-resor-utomhus-oxford-morkbla-188-x-645-x-53-cm-1.webp?fit=2000%2C2000&ssl=1\" \/>\n\t<meta property=\"og:image:width\" content=\"2000\" \/>\n\t<meta property=\"og:image:height\" content=\"2000\" \/>\n\t<meta property=\"og:image:type\" content=\"image\/webp\" \/>\n<meta name=\"twitter:card\" content=\"summary_large_image\" \/>\n<meta name=\"twitter:label1\" content=\"Ber\u00e4knad l\u00e4stid\" \/>\n\t<meta name=\"twitter:data1\" content=\"1 minut\" \/>\n<!-- \/ Yoast SEO plugin. -->","yoast_head_json":{"title":"TRUUSK Hopf\u00e4llbar Campingb\u00e4dd - Med Kudde, Sidoficka, Madrass - G\u00e4sts\u00e4ng - Upp Till 150 Kg - Resor Utomhus - Oxford M\u00f6rkbl\u00e5 - 188 - TRUUSK - Hem, Tr\u00e4dg\u00e5rd &amp; Fritid","robots":{"index":"index","follow":"follow","max-snippet":"max-snippet:-1","max-image-preview":"max-image-preview:large","max-video-preview":"max-video-preview:-1"},"canonical":"https:\/\/truusk.store\/sv\/produkt\/truusk-hopfallbar-campingbadd-med-kudde-sidoficka-madrass-gastsang-upp-till-150-kg-resor-utomhus-oxford-morkbla-188\/","og_locale":"sv_SE","og_type":"article","og_title":"TRUUSK Hopf\u00e4llbar Campingb\u00e4dd - Med Kudde, Sidoficka, Madrass - G\u00e4sts\u00e4ng - Upp Till 150 Kg - Resor Utomhus - Oxford M\u00f6rkbl\u00e5 - 188 - TRUUSK - Hem, Tr\u00e4dg\u00e5rd &amp; Fritid","og_description":"Med den b\u00e4rbara, hopf\u00e4llbara campingb\u00e4dden fr\u00e5n TRUUSK har du alltid en bekv\u00e4m plats att vila p\u00e5 n\u00e4r du \u00e4r p\u00e5...","og_url":"https:\/\/truusk.store\/sv\/produkt\/truusk-hopfallbar-campingbadd-med-kudde-sidoficka-madrass-gastsang-upp-till-150-kg-resor-utomhus-oxford-morkbla-188\/","og_site_name":"TRUUSK - Hem, Tr\u00e4dg\u00e5rd &amp; Fritid","article_modified_time":"2026-03-12T08:12:31+00:00","og_image":[{"width":2000,"height":2000,"url":"https:\/\/i0.wp.com\/truusk.se\/wp-content\/uploads\/2025\/06\/hopfallbar-campingbadd-med-kudde-sidoficka-madrass-gastsang-belastbar-upp-till-150-kg-resor-utomhus-oxford-morkbla-188-x-645-x-53-cm-1.webp?fit=2000%2C2000&ssl=1","type":"image\/webp"}],"twitter_card":"summary_large_image","twitter_misc":{"Ber\u00e4knad l\u00e4stid":"1 minut"},"schema":{"@context":"https:\/\/schema.org","@graph":[{"@type":"WebPage","@id":"https:\/\/truusk.store\/sv\/produkt\/truusk-hopfallbar-campingbadd-med-kudde-sidoficka-madrass-gastsang-upp-till-150-kg-resor-utomhus-oxford-morkbla-188\/","url":"https:\/\/truusk.store\/sv\/produkt\/truusk-hopfallbar-campingbadd-med-kudde-sidoficka-madrass-gastsang-upp-till-150-kg-resor-utomhus-oxford-morkbla-188\/","name":"TRUUSK Hopf\u00e4llbar Campingb\u00e4dd - Med Kudde, Sidoficka, Madrass - G\u00e4sts\u00e4ng - Upp Till 150 Kg - Resor Utomhus - Oxford M\u00f6rkbl\u00e5 - 188 - TRUUSK - Hem, Tr\u00e4dg\u00e5rd &amp; Fritid","isPartOf":{"@id":"https:\/\/truusk.store\/sv\/#website"},"primaryImageOfPage":{"@id":"https:\/\/truusk.store\/sv\/produkt\/truusk-hopfallbar-campingbadd-med-kudde-sidoficka-madrass-gastsang-upp-till-150-kg-resor-utomhus-oxford-morkbla-188\/#primaryimage"},"image":{"@id":"https:\/\/truusk.store\/sv\/produkt\/truusk-hopfallbar-campingbadd-med-kudde-sidoficka-madrass-gastsang-upp-till-150-kg-resor-utomhus-oxford-morkbla-188\/#primaryimage"},"thumbnailUrl":"https:\/\/i0.wp.com\/truusk.store\/wp-content\/uploads\/2025\/06\/hopfallbar-campingbadd-med-kudde-sidoficka-madrass-gastsang-belastbar-upp-till-150-kg-resor-utomhus-oxford-morkbla-188-x-645-x-53-cm-1.webp?fit=2000%2C2000&ssl=1","datePublished":"2025-06-05T20:04:54+00:00","dateModified":"2026-03-12T08:12:31+00:00","breadcrumb":{"@id":"https:\/\/truusk.store\/sv\/produkt\/truusk-hopfallbar-campingbadd-med-kudde-sidoficka-madrass-gastsang-upp-till-150-kg-resor-utomhus-oxford-morkbla-188\/#breadcrumb"},"inLanguage":"sv-SE","potentialAction":[{"@type":"ReadAction","target":["https:\/\/truusk.store\/sv\/produkt\/truusk-hopfallbar-campingbadd-med-kudde-sidoficka-madrass-gastsang-upp-till-150-kg-resor-utomhus-oxford-morkbla-188\/"]}]},{"@type":"ImageObject","inLanguage":"sv-SE","@id":"https:\/\/truusk.store\/sv\/produkt\/truusk-hopfallbar-campingbadd-med-kudde-sidoficka-madrass-gastsang-upp-till-150-kg-resor-utomhus-oxford-morkbla-188\/#primaryimage","url":"https:\/\/i0.wp.com\/truusk.store\/wp-content\/uploads\/2025\/06\/hopfallbar-campingbadd-med-kudde-sidoficka-madrass-gastsang-belastbar-upp-till-150-kg-resor-utomhus-oxford-morkbla-188-x-645-x-53-cm-1.webp?fit=2000%2C2000&ssl=1","contentUrl":"https:\/\/i0.wp.com\/truusk.store\/wp-content\/uploads\/2025\/06\/hopfallbar-campingbadd-med-kudde-sidoficka-madrass-gastsang-belastbar-upp-till-150-kg-resor-utomhus-oxford-morkbla-188-x-645-x-53-cm-1.webp?fit=2000%2C2000&ssl=1","width":2000,"height":2000},{"@type":"BreadcrumbList","@id":"https:\/\/truusk.store\/sv\/produkt\/truusk-hopfallbar-campingbadd-med-kudde-sidoficka-madrass-gastsang-upp-till-150-kg-resor-utomhus-oxford-morkbla-188\/#breadcrumb","itemListElement":[{"@type":"ListItem","position":1,"name":"Home","item":"https:\/\/truusk.store\/sv\/"},{"@type":"ListItem","position":2,"name":"Shop","item":"https:\/\/truusk.store\/shop\/"},{"@type":"ListItem","position":3,"name":"TRUUSK Hopf\u00e4llbar Campingb\u00e4dd &#8211; Med Kudde, Sidoficka, Madrass &#8211; G\u00e4sts\u00e4ng &#8211; Upp Till 150 Kg &#8211; Resor Utomhus &#8211; Oxford M\u00f6rkbl\u00e5 &#8211; 188"}]},{"@type":"WebSite","@id":"https:\/\/truusk.store\/sv\/#website","url":"https:\/\/truusk.store\/sv\/","name":"TRUUSK - Hem, Tr\u00e4dg\u00e5rd & Fritid","description":"","publisher":{"@id":"https:\/\/truusk.store\/sv\/#organization"},"potentialAction":[{"@type":"SearchAction","target":{"@type":"EntryPoint","urlTemplate":"https:\/\/truusk.store\/sv\/?s={search_term_string}"},"query-input":{"@type":"PropertyValueSpecification","valueRequired":true,"valueName":"search_term_string"}}],"inLanguage":"sv-SE"},{"@type":"Organization","@id":"https:\/\/truusk.store\/sv\/#organization","name":"TRUUSK - Hem, Tr\u00e4dg\u00e5rd & Fritid","url":"https:\/\/truusk.store\/sv\/","logo":{"@type":"ImageObject","inLanguage":"sv-SE","@id":"https:\/\/truusk.store\/sv\/#\/schema\/logo\/image\/","url":"https:\/\/i0.wp.com\/truusk.store\/wp-content\/uploads\/2026\/03\/cropped-TRUUSK.png?fit=2032%2C917&ssl=1","contentUrl":"https:\/\/i0.wp.com\/truusk.store\/wp-content\/uploads\/2026\/03\/cropped-TRUUSK.png?fit=2032%2C917&ssl=1","width":2032,"height":917,"caption":"TRUUSK - Hem, Tr\u00e4dg\u00e5rd & Fritid"},"image":{"@id":"https:\/\/truusk.store\/sv\/#\/schema\/logo\/image\/"}}]}},"jetpack_sharing_enabled":true,"_links":{"self":[{"href":"https:\/\/truusk.store\/sv\/wp-json\/wp\/v2\/product\/71407","targetHints":{"allow":["GET"]}}],"collection":[{"href":"https:\/\/truusk.store\/sv\/wp-json\/wp\/v2\/product"}],"about":[{"href":"https:\/\/truusk.store\/sv\/wp-json\/wp\/v2\/types\/product"}],"wp:featuredmedia":[{"embeddable":true,"href":"https:\/\/truusk.store\/sv\/wp-json\/wp\/v2\/media\/71398"}],"wp:attachment":[{"href":"https:\/\/truusk.store\/sv\/wp-json\/wp\/v2\/media?parent=71407"}],"wp:term":[{"taxonomy":"product_brand","embeddable":true,"href":"https:\/\/truusk.store\/sv\/wp-json\/wp\/v2\/product_brand?post=71407"},{"taxonomy":"product_cat","embeddable":true,"href":"https:\/\/truusk.store\/sv\/wp-json\/wp\/v2\/product_cat?post=71407"},{"taxonomy":"product_tag","embeddable":true,"href":"https:\/\/truusk.store\/sv\/wp-json\/wp\/v2\/product_tag?post=71407"}],"curies":[{"name":"wp","href":"https:\/\/api.w.org\/{rel}","templated":true}]}}