{"id":71437,"date":"2025-06-05T21:07:51","date_gmt":"2025-06-05T20:07:51","guid":{"rendered":"https:\/\/truusk.store\/product\/hangmatta-med-mugg-hallare-och-sittkuddar-2-sits-tradgardssving-med-solskydd-svingbank-belastar-upp-till-220-kg-tradgardsang-for-tradgard-terrass-170-x-136-x-170-cm-beige\/"},"modified":"2026-03-12T09:38:33","modified_gmt":"2026-03-12T08:38:33","slug":"truusk-hangmatta-med-mugg-hallare-och-sittkuddar-2-sits-tradgardssving-med-solskydd-belastar-upp-till-220-kg-tradgardsang","status":"publish","type":"product","link":"https:\/\/truusk.store\/sv\/produkt\/truusk-hangmatta-med-mugg-hallare-och-sittkuddar-2-sits-tradgardssving-med-solskydd-belastar-upp-till-220-kg-tradgardsang\/","title":{"rendered":"TRUUSK H\u00e4ngmatta Med Mugg H\u00e5llare Och Sittkuddar &#8211; 2-sits Tr\u00e4dg\u00e5rdssving Med Solskydd &#8211; Belastar Upp Till 220 Kg &#8211; Tr\u00e4dg\u00e5rds\u00e4ng"},"content":{"rendered":"<p>Njut av romantiska stunder i det gr\u00f6na. Med din TRUUSK tr\u00e4dg\u00e5rdsgunga f\u00f6r vuxna blir sommardagar \u00e4nnu vackrare. 2-sitsen \u00e4r bekv\u00e4mt och mjukt stoppad och f\u00f6rsedd med slitstarkt polyestertyg. De tv\u00e5 bekv\u00e4ma sittplatserna p\u00e5 2-sits Hollywood-gungan \u00e4r ocks\u00e5 t\u00e4ckta, s\u00e5 att du kan koppla av i skuggan. St\u00e5lramen p\u00e5 gungan \u00e4r mycket robust och t\u00e5l v\u00e4der och vind. S\u00e5 har du alltid ditt glas vin eller en uppfriskande kall dryck till hands och upplever of\u00f6rgl\u00f6mliga timmar.<\/p>\n<p>Beskrivning:<\/p>\n<ul>\n<li> Romantisk Hollywood-gunga f\u00f6r tr\u00e4dg\u00e5rd, terrass eller balkong<\/li>\n<li> Med 2 separata sittplatser, separat gungbar<\/li>\n<li> Sitsdynor bekv\u00e4mt tjockt stoppade med polyestertyg<\/li>\n<li> Utrustad med vattent\u00e4tt solskydd<\/li>\n<li> Stark st\u00e5lkonstruktion av tr\u00e4dg\u00e5rdsgungan f\u00f6r h\u00f6g stabilitet<\/li>\n<li> 2 brickor med dryckh\u00e5llare p\u00e5 b\u00e5da sidor av tr\u00e4dg\u00e5rdsgungan<\/li>\n<li> Enkel montering<\/li>\n<\/ul>\n<p> Tekniska data:<\/p>\n<ul>\n<li> F\u00e4rg: Beige<\/li>\n<li> Material: St\u00e5l, Polyester<\/li>\n<li> M\u00e5tt: 170L x 136B x 170H cm<\/li>\n<li> Sittplats: 62B x 52T cm<\/li>\n<li> Sitt h\u00f6jd (utan kudde): 50 cm<\/li>\n<li> H\u00f6jd p\u00e5 ryggst\u00f6det: 77 cm<\/li>\n<li> Max. Belastningskapacitet: 110 kg (per sittplats)<\/li>\n<\/ul>\n<p>Leveransinneh\u00e5ll:<\/p>\n<ul>\n<li> 1 x Hollywood-gunga<\/li>\n<li> 1 x Monteringsanvisning<\/li>\n<\/ul>\n","protected":false},"excerpt":{"rendered":"<p>Njut av romantiska stunder i det gr\u00f6na. Med din TRUUSK tr\u00e4dg\u00e5rdsgunga f\u00f6r vuxna blir sommardagar \u00e4nnu vackrare. 2-sitsen \u00e4r bekv\u00e4mt&#8230;<\/p>\n","protected":false},"featured_media":71426,"template":"","meta":[],"product_brand":[],"product_cat":[453,858,450],"product_tag":[],"class_list":{"0":"post-71437","1":"product","2":"type-product","3":"status-publish","4":"has-post-thumbnail","6":"product_cat-hollywood-gungor","7":"product_cat-tradgard-terrass","8":"product_cat-tradgardsmobler","10":"first","11":"instock","12":"sale","13":"taxable","14":"shipping-taxable","15":"purchasable","16":"product-type-simple"},"yoast_head":"<!-- This site is optimized with the Yoast SEO plugin v25.4 - https:\/\/yoast.com\/wordpress\/plugins\/seo\/ -->\n<title>TRUUSK H\u00e4ngmatta Med Mugg H\u00e5llare Och Sittkuddar - 2-sits Tr\u00e4dg\u00e5rdssving Med Solskydd - Belastar Upp Till 220 Kg - Tr\u00e4dg\u00e5rds\u00e4ng - TRUUSK - Hem, Tr\u00e4dg\u00e5rd &amp; Fritid<\/title>\n<meta name=\"robots\" content=\"index, follow, max-snippet:-1, max-image-preview:large, max-video-preview:-1\" \/>\n<link rel=\"canonical\" href=\"https:\/\/truusk.store\/sv\/produkt\/truusk-hangmatta-med-mugg-hallare-och-sittkuddar-2-sits-tradgardssving-med-solskydd-belastar-upp-till-220-kg-tradgardsang\/\" \/>\n<meta property=\"og:locale\" content=\"sv_SE\" \/>\n<meta property=\"og:type\" content=\"article\" \/>\n<meta property=\"og:title\" content=\"TRUUSK H\u00e4ngmatta Med Mugg H\u00e5llare Och Sittkuddar - 2-sits Tr\u00e4dg\u00e5rdssving Med Solskydd - Belastar Upp Till 220 Kg - Tr\u00e4dg\u00e5rds\u00e4ng - TRUUSK - Hem, Tr\u00e4dg\u00e5rd &amp; Fritid\" \/>\n<meta property=\"og:description\" content=\"Njut av romantiska stunder i det gr\u00f6na. Med din TRUUSK tr\u00e4dg\u00e5rdsgunga f\u00f6r vuxna blir sommardagar \u00e4nnu vackrare. 2-sitsen \u00e4r bekv\u00e4mt...\" \/>\n<meta property=\"og:url\" content=\"https:\/\/truusk.store\/sv\/produkt\/truusk-hangmatta-med-mugg-hallare-och-sittkuddar-2-sits-tradgardssving-med-solskydd-belastar-upp-till-220-kg-tradgardsang\/\" \/>\n<meta property=\"og:site_name\" content=\"TRUUSK - Hem, Tr\u00e4dg\u00e5rd &amp; Fritid\" \/>\n<meta property=\"article:modified_time\" content=\"2026-03-12T08:38:33+00:00\" \/>\n<meta property=\"og:image\" content=\"https:\/\/i0.wp.com\/truusk.se\/wp-content\/uploads\/2025\/06\/hangmatta-med-mugg-hallare-och-sittkuddar-2-sits-tradgardssving-med-solskydd-svingbank-belastar-upp-till-220-kg-tradgardsang-for-tradgard-terrass-170-x-136-x-170-cm-beige-1.webp?fit=2000%2C2000&ssl=1\" \/>\n\t<meta property=\"og:image:width\" content=\"2000\" \/>\n\t<meta property=\"og:image:height\" content=\"2000\" \/>\n\t<meta property=\"og:image:type\" content=\"image\/webp\" \/>\n<meta name=\"twitter:card\" content=\"summary_large_image\" \/>\n<meta name=\"twitter:label1\" content=\"Ber\u00e4knad l\u00e4stid\" \/>\n\t<meta name=\"twitter:data1\" content=\"1 minut\" \/>\n<!-- \/ Yoast SEO plugin. -->","yoast_head_json":{"title":"TRUUSK H\u00e4ngmatta Med Mugg H\u00e5llare Och Sittkuddar - 2-sits Tr\u00e4dg\u00e5rdssving Med Solskydd - Belastar Upp Till 220 Kg - Tr\u00e4dg\u00e5rds\u00e4ng - TRUUSK - Hem, Tr\u00e4dg\u00e5rd &amp; Fritid","robots":{"index":"index","follow":"follow","max-snippet":"max-snippet:-1","max-image-preview":"max-image-preview:large","max-video-preview":"max-video-preview:-1"},"canonical":"https:\/\/truusk.store\/sv\/produkt\/truusk-hangmatta-med-mugg-hallare-och-sittkuddar-2-sits-tradgardssving-med-solskydd-belastar-upp-till-220-kg-tradgardsang\/","og_locale":"sv_SE","og_type":"article","og_title":"TRUUSK H\u00e4ngmatta Med Mugg H\u00e5llare Och Sittkuddar - 2-sits Tr\u00e4dg\u00e5rdssving Med Solskydd - Belastar Upp Till 220 Kg - Tr\u00e4dg\u00e5rds\u00e4ng - TRUUSK - Hem, Tr\u00e4dg\u00e5rd &amp; Fritid","og_description":"Njut av romantiska stunder i det gr\u00f6na. Med din TRUUSK tr\u00e4dg\u00e5rdsgunga f\u00f6r vuxna blir sommardagar \u00e4nnu vackrare. 2-sitsen \u00e4r bekv\u00e4mt...","og_url":"https:\/\/truusk.store\/sv\/produkt\/truusk-hangmatta-med-mugg-hallare-och-sittkuddar-2-sits-tradgardssving-med-solskydd-belastar-upp-till-220-kg-tradgardsang\/","og_site_name":"TRUUSK - Hem, Tr\u00e4dg\u00e5rd &amp; Fritid","article_modified_time":"2026-03-12T08:38:33+00:00","og_image":[{"width":2000,"height":2000,"url":"https:\/\/i0.wp.com\/truusk.se\/wp-content\/uploads\/2025\/06\/hangmatta-med-mugg-hallare-och-sittkuddar-2-sits-tradgardssving-med-solskydd-svingbank-belastar-upp-till-220-kg-tradgardsang-for-tradgard-terrass-170-x-136-x-170-cm-beige-1.webp?fit=2000%2C2000&ssl=1","type":"image\/webp"}],"twitter_card":"summary_large_image","twitter_misc":{"Ber\u00e4knad l\u00e4stid":"1 minut"},"schema":{"@context":"https:\/\/schema.org","@graph":[{"@type":"WebPage","@id":"https:\/\/truusk.store\/sv\/produkt\/truusk-hangmatta-med-mugg-hallare-och-sittkuddar-2-sits-tradgardssving-med-solskydd-belastar-upp-till-220-kg-tradgardsang\/","url":"https:\/\/truusk.store\/sv\/produkt\/truusk-hangmatta-med-mugg-hallare-och-sittkuddar-2-sits-tradgardssving-med-solskydd-belastar-upp-till-220-kg-tradgardsang\/","name":"TRUUSK H\u00e4ngmatta Med Mugg H\u00e5llare Och Sittkuddar - 2-sits Tr\u00e4dg\u00e5rdssving Med Solskydd - Belastar Upp Till 220 Kg - Tr\u00e4dg\u00e5rds\u00e4ng - TRUUSK - Hem, Tr\u00e4dg\u00e5rd &amp; Fritid","isPartOf":{"@id":"https:\/\/truusk.store\/sv\/#website"},"primaryImageOfPage":{"@id":"https:\/\/truusk.store\/sv\/produkt\/truusk-hangmatta-med-mugg-hallare-och-sittkuddar-2-sits-tradgardssving-med-solskydd-belastar-upp-till-220-kg-tradgardsang\/#primaryimage"},"image":{"@id":"https:\/\/truusk.store\/sv\/produkt\/truusk-hangmatta-med-mugg-hallare-och-sittkuddar-2-sits-tradgardssving-med-solskydd-belastar-upp-till-220-kg-tradgardsang\/#primaryimage"},"thumbnailUrl":"https:\/\/i0.wp.com\/truusk.store\/wp-content\/uploads\/2025\/06\/hangmatta-med-mugg-hallare-och-sittkuddar-2-sits-tradgardssving-med-solskydd-svingbank-belastar-upp-till-220-kg-tradgardsang-for-tradgard-terrass-170-x-136-x-170-cm-beige-1.webp?fit=2000%2C2000&ssl=1","datePublished":"2025-06-05T20:07:51+00:00","dateModified":"2026-03-12T08:38:33+00:00","breadcrumb":{"@id":"https:\/\/truusk.store\/sv\/produkt\/truusk-hangmatta-med-mugg-hallare-och-sittkuddar-2-sits-tradgardssving-med-solskydd-belastar-upp-till-220-kg-tradgardsang\/#breadcrumb"},"inLanguage":"sv-SE","potentialAction":[{"@type":"ReadAction","target":["https:\/\/truusk.store\/sv\/produkt\/truusk-hangmatta-med-mugg-hallare-och-sittkuddar-2-sits-tradgardssving-med-solskydd-belastar-upp-till-220-kg-tradgardsang\/"]}]},{"@type":"ImageObject","inLanguage":"sv-SE","@id":"https:\/\/truusk.store\/sv\/produkt\/truusk-hangmatta-med-mugg-hallare-och-sittkuddar-2-sits-tradgardssving-med-solskydd-belastar-upp-till-220-kg-tradgardsang\/#primaryimage","url":"https:\/\/i0.wp.com\/truusk.store\/wp-content\/uploads\/2025\/06\/hangmatta-med-mugg-hallare-och-sittkuddar-2-sits-tradgardssving-med-solskydd-svingbank-belastar-upp-till-220-kg-tradgardsang-for-tradgard-terrass-170-x-136-x-170-cm-beige-1.webp?fit=2000%2C2000&ssl=1","contentUrl":"https:\/\/i0.wp.com\/truusk.store\/wp-content\/uploads\/2025\/06\/hangmatta-med-mugg-hallare-och-sittkuddar-2-sits-tradgardssving-med-solskydd-svingbank-belastar-upp-till-220-kg-tradgardsang-for-tradgard-terrass-170-x-136-x-170-cm-beige-1.webp?fit=2000%2C2000&ssl=1","width":2000,"height":2000},{"@type":"BreadcrumbList","@id":"https:\/\/truusk.store\/sv\/produkt\/truusk-hangmatta-med-mugg-hallare-och-sittkuddar-2-sits-tradgardssving-med-solskydd-belastar-upp-till-220-kg-tradgardsang\/#breadcrumb","itemListElement":[{"@type":"ListItem","position":1,"name":"Home","item":"https:\/\/truusk.store\/sv\/"},{"@type":"ListItem","position":2,"name":"Shop","item":"https:\/\/truusk.store\/shop\/"},{"@type":"ListItem","position":3,"name":"TRUUSK H\u00e4ngmatta Med Mugg H\u00e5llare Och Sittkuddar &#8211; 2-sits Tr\u00e4dg\u00e5rdssving Med Solskydd &#8211; Belastar Upp Till 220 Kg &#8211; Tr\u00e4dg\u00e5rds\u00e4ng"}]},{"@type":"WebSite","@id":"https:\/\/truusk.store\/sv\/#website","url":"https:\/\/truusk.store\/sv\/","name":"TRUUSK - Hem, Tr\u00e4dg\u00e5rd & Fritid","description":"","publisher":{"@id":"https:\/\/truusk.store\/sv\/#organization"},"potentialAction":[{"@type":"SearchAction","target":{"@type":"EntryPoint","urlTemplate":"https:\/\/truusk.store\/sv\/?s={search_term_string}"},"query-input":{"@type":"PropertyValueSpecification","valueRequired":true,"valueName":"search_term_string"}}],"inLanguage":"sv-SE"},{"@type":"Organization","@id":"https:\/\/truusk.store\/sv\/#organization","name":"TRUUSK - Hem, Tr\u00e4dg\u00e5rd & Fritid","url":"https:\/\/truusk.store\/sv\/","logo":{"@type":"ImageObject","inLanguage":"sv-SE","@id":"https:\/\/truusk.store\/sv\/#\/schema\/logo\/image\/","url":"https:\/\/i0.wp.com\/truusk.store\/wp-content\/uploads\/2026\/03\/cropped-TRUUSK.png?fit=2032%2C917&ssl=1","contentUrl":"https:\/\/i0.wp.com\/truusk.store\/wp-content\/uploads\/2026\/03\/cropped-TRUUSK.png?fit=2032%2C917&ssl=1","width":2032,"height":917,"caption":"TRUUSK - Hem, Tr\u00e4dg\u00e5rd & Fritid"},"image":{"@id":"https:\/\/truusk.store\/sv\/#\/schema\/logo\/image\/"}}]}},"jetpack_sharing_enabled":true,"_links":{"self":[{"href":"https:\/\/truusk.store\/sv\/wp-json\/wp\/v2\/product\/71437","targetHints":{"allow":["GET"]}}],"collection":[{"href":"https:\/\/truusk.store\/sv\/wp-json\/wp\/v2\/product"}],"about":[{"href":"https:\/\/truusk.store\/sv\/wp-json\/wp\/v2\/types\/product"}],"wp:featuredmedia":[{"embeddable":true,"href":"https:\/\/truusk.store\/sv\/wp-json\/wp\/v2\/media\/71426"}],"wp:attachment":[{"href":"https:\/\/truusk.store\/sv\/wp-json\/wp\/v2\/media?parent=71437"}],"wp:term":[{"taxonomy":"product_brand","embeddable":true,"href":"https:\/\/truusk.store\/sv\/wp-json\/wp\/v2\/product_brand?post=71437"},{"taxonomy":"product_cat","embeddable":true,"href":"https:\/\/truusk.store\/sv\/wp-json\/wp\/v2\/product_cat?post=71437"},{"taxonomy":"product_tag","embeddable":true,"href":"https:\/\/truusk.store\/sv\/wp-json\/wp\/v2\/product_tag?post=71437"}],"curies":[{"name":"wp","href":"https:\/\/api.w.org\/{rel}","templated":true}]}}