{"id":71458,"date":"2025-06-05T21:10:06","date_gmt":"2025-06-05T20:10:06","guid":{"rendered":"https:\/\/truusk.store\/product\/miniugn-10-liter-750w-liten-elektrisk-ugn-med-temperatur-upp-till-230-%e2%84%83-timer-60-minuter-bakplat-och-rost-365x26x22-cm-kramvit\/"},"modified":"2026-03-12T09:06:35","modified_gmt":"2026-03-12T08:06:35","slug":"truusk-miniugn-10-liter-750w-liten-elektrisk-ugn-temperatur-upp-till-230-%e2%84%83-timer-60-minuter-bakplat-och-rost-kramvit","status":"publish","type":"product","link":"https:\/\/truusk.store\/sv\/produkt\/truusk-miniugn-10-liter-750w-liten-elektrisk-ugn-temperatur-upp-till-230-%e2%84%83-timer-60-minuter-bakplat-och-rost-kramvit\/","title":{"rendered":"TRUUSK Miniugn 10 Liter 750W &#8211; Liten Elektrisk Ugn &#8211; Temperatur Upp Till 230 \u2103 &#8211; Timer 60 Minuter &#8211; Bakpl\u00e5t Och Rost &#8211; Kr\u00e4mvit"},"content":{"rendered":"<p>Vill du laga l\u00e4ckra r\u00e4tter f\u00f6r din familj hemma? Prova v\u00e5r minugn TRUUSK. Tack vare den justerbara temperaturen och timern kan du tillaga varje r\u00e4tt enligt dina \u00f6nskem\u00e5l. Med de tv\u00e5 h\u00f6jdinst\u00e4llningarna f\u00f6r bakpl\u00e5ten kan du baka pizzor med en diameter p\u00e5 upp till 22 cm och rosta 4 skivor br\u00f6d. Dessutom kan bottenplattan p\u00e5 bordsugnen \u00f6ppnas ut\u00e5t f\u00f6r enkel reng\u00f6ring.<\/p>\n<p>Beskrivning:<\/p>\n<ul>\n<li> Bordsugnen har en kapacitet p\u00e5 10 liter och \u00e4r l\u00e4mplig f\u00f6r 4 skivor br\u00f6d eller en pizza p\u00e5 22 cm<\/li>\n<li> Temperaturen p\u00e5 minugnen kan st\u00e4llas in mellan 100 \u00b0C och 230 \u00b0C<\/li>\n<li> Bakningstiden kan st\u00e4llas in med timern fr\u00e5n 0 till 60 minuter<\/li>\n<li> 1 galler och 1 bakpl\u00e5t, b\u00e5da \u00e4r diskmaskinss\u00e4kra<\/li>\n<li> Glasd\u00f6rr f\u00f6r att kontrollera matlagningsprocessen<\/li>\n<li> Bakpl\u00e5ten kan justeras i 2 positioner<\/li>\n<li> Uttagbar bottenbricka f\u00f6r enkel reng\u00f6ring<\/li>\n<li> S-formade rostfria v\u00e4rmepipor uppe och nere<\/li>\n<li> Obs: Placera inte n\u00e5gon plastbeh\u00e5llare i ugnen. Den extrema v\u00e4rmen i ugnen kan f\u00e5 plastbeh\u00e5llare att sm\u00e4lta<\/li>\n<\/ul>\n<p> Tekniska data:<\/p>\n<ul>\n<li> F\u00e4rg: Kr\u00e4mvit<\/li>\n<li> Material: Metall, rostfritt st\u00e5l, h\u00e4rdat glas<\/li>\n<li> Totala m\u00e5tt: 36,5L x 26B x 22H cm<\/li>\n<li> Inre m\u00e5tt: 25,7L x 21,6B x 17,8H cm<\/li>\n<li> D\u00f6rrm\u00e5tt: 26,7L x 16,9H cm<\/li>\n<li> Sp\u00e4nning: 230V \/ 50Hz<\/li>\n<li> L\u00e4ngd p\u00e5 n\u00e4tkabel: 0,9 m<\/li>\n<\/ul>\n<p>Leveransinneh\u00e5ll:<\/p>\n<ul>\n<li> 1 x Mini-ugn<\/li>\n<li> 1 x Galler<\/li>\n<li> 1 x Bakpl\u00e5t<\/li>\n<li> 1 x Bruksanvisning<\/li>\n<\/ul>\n","protected":false},"excerpt":{"rendered":"<p>Vill du laga l\u00e4ckra r\u00e4tter f\u00f6r din familj hemma? Prova v\u00e5r minugn TRUUSK. Tack vare den justerbara temperaturen och timern&#8230;<\/p>\n","protected":false},"featured_media":71448,"template":"","meta":[],"product_brand":[],"product_cat":[871,498,933,934],"product_tag":[],"class_list":{"0":"post-71458","1":"product","2":"type-product","3":"status-publish","4":"has-post-thumbnail","6":"product_cat-hus-hem","7":"product_cat-hushallsapparater","8":"product_cat-koksapparater","9":"product_cat-minibackofen","11":"first","12":"instock","13":"sale","14":"taxable","15":"shipping-taxable","16":"purchasable","17":"product-type-simple"},"yoast_head":"<!-- This site is optimized with the Yoast SEO plugin v25.4 - https:\/\/yoast.com\/wordpress\/plugins\/seo\/ -->\n<title>TRUUSK Miniugn 10 Liter 750W - Liten Elektrisk Ugn - Temperatur Upp Till 230 \u2103 - Timer 60 Minuter - Bakpl\u00e5t Och Rost - Kr\u00e4mvit - TRUUSK - Hem, Tr\u00e4dg\u00e5rd &amp; Fritid<\/title>\n<meta name=\"robots\" content=\"index, follow, max-snippet:-1, max-image-preview:large, max-video-preview:-1\" \/>\n<link rel=\"canonical\" href=\"https:\/\/truusk.store\/sv\/produkt\/truusk-miniugn-10-liter-750w-liten-elektrisk-ugn-temperatur-upp-till-230-%e2%84%83-timer-60-minuter-bakplat-och-rost-kramvit\/\" \/>\n<meta property=\"og:locale\" content=\"sv_SE\" \/>\n<meta property=\"og:type\" content=\"article\" \/>\n<meta property=\"og:title\" content=\"TRUUSK Miniugn 10 Liter 750W - Liten Elektrisk Ugn - Temperatur Upp Till 230 \u2103 - Timer 60 Minuter - Bakpl\u00e5t Och Rost - Kr\u00e4mvit - TRUUSK - Hem, Tr\u00e4dg\u00e5rd &amp; Fritid\" \/>\n<meta property=\"og:description\" content=\"Vill du laga l\u00e4ckra r\u00e4tter f\u00f6r din familj hemma? Prova v\u00e5r minugn TRUUSK. Tack vare den justerbara temperaturen och timern...\" \/>\n<meta property=\"og:url\" content=\"https:\/\/truusk.store\/sv\/produkt\/truusk-miniugn-10-liter-750w-liten-elektrisk-ugn-temperatur-upp-till-230-%e2%84%83-timer-60-minuter-bakplat-och-rost-kramvit\/\" \/>\n<meta property=\"og:site_name\" content=\"TRUUSK - Hem, Tr\u00e4dg\u00e5rd &amp; Fritid\" \/>\n<meta property=\"article:modified_time\" content=\"2026-03-12T08:06:35+00:00\" \/>\n<meta property=\"og:image\" content=\"https:\/\/i0.wp.com\/truusk.se\/wp-content\/uploads\/2025\/06\/miniugn-10-liter-750w-liten-elektrisk-ugn-med-temperatur-upp-till-230-e28483-timer-60-minuter-bakplat-och-rost-365x26x22-cm-kramvit-1.webp?fit=2000%2C2000&ssl=1\" \/>\n\t<meta property=\"og:image:width\" content=\"2000\" \/>\n\t<meta property=\"og:image:height\" content=\"2000\" \/>\n\t<meta property=\"og:image:type\" content=\"image\/webp\" \/>\n<meta name=\"twitter:card\" content=\"summary_large_image\" \/>\n<meta name=\"twitter:label1\" content=\"Ber\u00e4knad l\u00e4stid\" \/>\n\t<meta name=\"twitter:data1\" content=\"1 minut\" \/>\n<!-- \/ Yoast SEO plugin. -->","yoast_head_json":{"title":"TRUUSK Miniugn 10 Liter 750W - Liten Elektrisk Ugn - Temperatur Upp Till 230 \u2103 - Timer 60 Minuter - Bakpl\u00e5t Och Rost - Kr\u00e4mvit - TRUUSK - Hem, Tr\u00e4dg\u00e5rd &amp; Fritid","robots":{"index":"index","follow":"follow","max-snippet":"max-snippet:-1","max-image-preview":"max-image-preview:large","max-video-preview":"max-video-preview:-1"},"canonical":"https:\/\/truusk.store\/sv\/produkt\/truusk-miniugn-10-liter-750w-liten-elektrisk-ugn-temperatur-upp-till-230-%e2%84%83-timer-60-minuter-bakplat-och-rost-kramvit\/","og_locale":"sv_SE","og_type":"article","og_title":"TRUUSK Miniugn 10 Liter 750W - Liten Elektrisk Ugn - Temperatur Upp Till 230 \u2103 - Timer 60 Minuter - Bakpl\u00e5t Och Rost - Kr\u00e4mvit - TRUUSK - Hem, Tr\u00e4dg\u00e5rd &amp; Fritid","og_description":"Vill du laga l\u00e4ckra r\u00e4tter f\u00f6r din familj hemma? Prova v\u00e5r minugn TRUUSK. Tack vare den justerbara temperaturen och timern...","og_url":"https:\/\/truusk.store\/sv\/produkt\/truusk-miniugn-10-liter-750w-liten-elektrisk-ugn-temperatur-upp-till-230-%e2%84%83-timer-60-minuter-bakplat-och-rost-kramvit\/","og_site_name":"TRUUSK - Hem, Tr\u00e4dg\u00e5rd &amp; Fritid","article_modified_time":"2026-03-12T08:06:35+00:00","og_image":[{"width":2000,"height":2000,"url":"https:\/\/i0.wp.com\/truusk.se\/wp-content\/uploads\/2025\/06\/miniugn-10-liter-750w-liten-elektrisk-ugn-med-temperatur-upp-till-230-e28483-timer-60-minuter-bakplat-och-rost-365x26x22-cm-kramvit-1.webp?fit=2000%2C2000&ssl=1","type":"image\/webp"}],"twitter_card":"summary_large_image","twitter_misc":{"Ber\u00e4knad l\u00e4stid":"1 minut"},"schema":{"@context":"https:\/\/schema.org","@graph":[{"@type":"WebPage","@id":"https:\/\/truusk.store\/sv\/produkt\/truusk-miniugn-10-liter-750w-liten-elektrisk-ugn-temperatur-upp-till-230-%e2%84%83-timer-60-minuter-bakplat-och-rost-kramvit\/","url":"https:\/\/truusk.store\/sv\/produkt\/truusk-miniugn-10-liter-750w-liten-elektrisk-ugn-temperatur-upp-till-230-%e2%84%83-timer-60-minuter-bakplat-och-rost-kramvit\/","name":"TRUUSK Miniugn 10 Liter 750W - Liten Elektrisk Ugn - Temperatur Upp Till 230 \u2103 - Timer 60 Minuter - Bakpl\u00e5t Och Rost - Kr\u00e4mvit - TRUUSK - Hem, Tr\u00e4dg\u00e5rd &amp; Fritid","isPartOf":{"@id":"https:\/\/truusk.store\/sv\/#website"},"primaryImageOfPage":{"@id":"https:\/\/truusk.store\/sv\/produkt\/truusk-miniugn-10-liter-750w-liten-elektrisk-ugn-temperatur-upp-till-230-%e2%84%83-timer-60-minuter-bakplat-och-rost-kramvit\/#primaryimage"},"image":{"@id":"https:\/\/truusk.store\/sv\/produkt\/truusk-miniugn-10-liter-750w-liten-elektrisk-ugn-temperatur-upp-till-230-%e2%84%83-timer-60-minuter-bakplat-och-rost-kramvit\/#primaryimage"},"thumbnailUrl":"https:\/\/i0.wp.com\/truusk.store\/wp-content\/uploads\/2025\/06\/miniugn-10-liter-750w-liten-elektrisk-ugn-med-temperatur-upp-till-230-e28483-timer-60-minuter-bakplat-och-rost-365x26x22-cm-kramvit-1.webp?fit=2000%2C2000&ssl=1","datePublished":"2025-06-05T20:10:06+00:00","dateModified":"2026-03-12T08:06:35+00:00","breadcrumb":{"@id":"https:\/\/truusk.store\/sv\/produkt\/truusk-miniugn-10-liter-750w-liten-elektrisk-ugn-temperatur-upp-till-230-%e2%84%83-timer-60-minuter-bakplat-och-rost-kramvit\/#breadcrumb"},"inLanguage":"sv-SE","potentialAction":[{"@type":"ReadAction","target":["https:\/\/truusk.store\/sv\/produkt\/truusk-miniugn-10-liter-750w-liten-elektrisk-ugn-temperatur-upp-till-230-%e2%84%83-timer-60-minuter-bakplat-och-rost-kramvit\/"]}]},{"@type":"ImageObject","inLanguage":"sv-SE","@id":"https:\/\/truusk.store\/sv\/produkt\/truusk-miniugn-10-liter-750w-liten-elektrisk-ugn-temperatur-upp-till-230-%e2%84%83-timer-60-minuter-bakplat-och-rost-kramvit\/#primaryimage","url":"https:\/\/i0.wp.com\/truusk.store\/wp-content\/uploads\/2025\/06\/miniugn-10-liter-750w-liten-elektrisk-ugn-med-temperatur-upp-till-230-e28483-timer-60-minuter-bakplat-och-rost-365x26x22-cm-kramvit-1.webp?fit=2000%2C2000&ssl=1","contentUrl":"https:\/\/i0.wp.com\/truusk.store\/wp-content\/uploads\/2025\/06\/miniugn-10-liter-750w-liten-elektrisk-ugn-med-temperatur-upp-till-230-e28483-timer-60-minuter-bakplat-och-rost-365x26x22-cm-kramvit-1.webp?fit=2000%2C2000&ssl=1","width":2000,"height":2000},{"@type":"BreadcrumbList","@id":"https:\/\/truusk.store\/sv\/produkt\/truusk-miniugn-10-liter-750w-liten-elektrisk-ugn-temperatur-upp-till-230-%e2%84%83-timer-60-minuter-bakplat-och-rost-kramvit\/#breadcrumb","itemListElement":[{"@type":"ListItem","position":1,"name":"Home","item":"https:\/\/truusk.store\/sv\/"},{"@type":"ListItem","position":2,"name":"Shop","item":"https:\/\/truusk.store\/shop\/"},{"@type":"ListItem","position":3,"name":"TRUUSK Miniugn 10 Liter 750W &#8211; Liten Elektrisk Ugn &#8211; Temperatur Upp Till 230 \u2103 &#8211; Timer 60 Minuter &#8211; Bakpl\u00e5t Och Rost &#8211; Kr\u00e4mvit"}]},{"@type":"WebSite","@id":"https:\/\/truusk.store\/sv\/#website","url":"https:\/\/truusk.store\/sv\/","name":"TRUUSK - Hem, Tr\u00e4dg\u00e5rd & Fritid","description":"","publisher":{"@id":"https:\/\/truusk.store\/sv\/#organization"},"potentialAction":[{"@type":"SearchAction","target":{"@type":"EntryPoint","urlTemplate":"https:\/\/truusk.store\/sv\/?s={search_term_string}"},"query-input":{"@type":"PropertyValueSpecification","valueRequired":true,"valueName":"search_term_string"}}],"inLanguage":"sv-SE"},{"@type":"Organization","@id":"https:\/\/truusk.store\/sv\/#organization","name":"TRUUSK - Hem, Tr\u00e4dg\u00e5rd & Fritid","url":"https:\/\/truusk.store\/sv\/","logo":{"@type":"ImageObject","inLanguage":"sv-SE","@id":"https:\/\/truusk.store\/sv\/#\/schema\/logo\/image\/","url":"https:\/\/i0.wp.com\/truusk.store\/wp-content\/uploads\/2026\/03\/cropped-TRUUSK.png?fit=2032%2C917&ssl=1","contentUrl":"https:\/\/i0.wp.com\/truusk.store\/wp-content\/uploads\/2026\/03\/cropped-TRUUSK.png?fit=2032%2C917&ssl=1","width":2032,"height":917,"caption":"TRUUSK - Hem, Tr\u00e4dg\u00e5rd & Fritid"},"image":{"@id":"https:\/\/truusk.store\/sv\/#\/schema\/logo\/image\/"}}]}},"jetpack_sharing_enabled":true,"_links":{"self":[{"href":"https:\/\/truusk.store\/sv\/wp-json\/wp\/v2\/product\/71458","targetHints":{"allow":["GET"]}}],"collection":[{"href":"https:\/\/truusk.store\/sv\/wp-json\/wp\/v2\/product"}],"about":[{"href":"https:\/\/truusk.store\/sv\/wp-json\/wp\/v2\/types\/product"}],"wp:featuredmedia":[{"embeddable":true,"href":"https:\/\/truusk.store\/sv\/wp-json\/wp\/v2\/media\/71448"}],"wp:attachment":[{"href":"https:\/\/truusk.store\/sv\/wp-json\/wp\/v2\/media?parent=71458"}],"wp:term":[{"taxonomy":"product_brand","embeddable":true,"href":"https:\/\/truusk.store\/sv\/wp-json\/wp\/v2\/product_brand?post=71458"},{"taxonomy":"product_cat","embeddable":true,"href":"https:\/\/truusk.store\/sv\/wp-json\/wp\/v2\/product_cat?post=71458"},{"taxonomy":"product_tag","embeddable":true,"href":"https:\/\/truusk.store\/sv\/wp-json\/wp\/v2\/product_tag?post=71458"}],"curies":[{"name":"wp","href":"https:\/\/api.w.org\/{rel}","templated":true}]}}