{"id":71467,"date":"2025-06-05T21:10:53","date_gmt":"2025-06-05T20:10:53","guid":{"rendered":"https:\/\/truusk.store\/product\/kolgrill-i-metall-bbq-rokare-med-hjul-justerbar-grillhojd-trahylla-flyttbar-grillvagn-kolgrill-for-barbeque-camping-terrass-103x47x95-cm\/"},"modified":"2026-03-12T09:37:27","modified_gmt":"2026-03-12T08:37:27","slug":"truusk-kolgrill-i-metall-bbq-rokare-med-hjul-justerbar-grillhojd-trahylla-flyttbar-grillvagn-for-barbeque-camping","status":"publish","type":"product","link":"https:\/\/truusk.store\/sv\/produkt\/truusk-kolgrill-i-metall-bbq-rokare-med-hjul-justerbar-grillhojd-trahylla-flyttbar-grillvagn-for-barbeque-camping\/","title":{"rendered":"TRUUSK Kolgrill i Metall BBQ-r\u00f6kare &#8211; Med Hjul &#8211; Justerbar Grillh\u00f6jd &#8211; Tr\u00e4hylla &#8211; Flyttbar Grillvagn &#8211; F\u00f6r Barbeque Camping &#8211;"},"content":{"rendered":"<p>Tr\u00e4ffa v\u00e4nner och njut av mat fr\u00e5n din egen grill. Grillomr\u00e5det p\u00e5 kolgrillen \u00e4r tillr\u00e4ckligt stort f\u00f6r att tillaga upp till 12 burgare, i genomsnitt 3\u20137 portioner. Tre hyllor p\u00e5 kolgrillen f\u00f6r att h\u00e5lla viktiga redskap n\u00e4ra till hands, med en utdragbar askl\u00e5da f\u00f6r enkel reng\u00f6ring. En grillklaff med fem positioner f\u00f6r att laga maten s\u00e5 n\u00e4ra eller s\u00e5 l\u00e5ngt fr\u00e5n r\u00f6ken som m\u00f6jligt.<\/p>\n<p>Beskrivning:<\/p>\n<ul>\n<li> H\u00f6jden p\u00e5 kolgrillen kan justeras i fem niv\u00e5er f\u00f6r att v\u00e4lja en l\u00e4mplig tillagningsniv\u00e5<\/li>\n<li> Stor kolgrill med inkluderad v\u00e4rmeskiva<\/li>\n<li> Sidohyllor och underhyllor p\u00e5 grillvagnen f\u00f6r l\u00e4tt\u00e5tkomligt f\u00f6rvaringsutrymme<\/li>\n<li> Askl\u00e5da under kolbeh\u00e5llaren f\u00f6r enkel reng\u00f6ring<\/li>\n<li> Kol-BBQ med hjul f\u00f6r mobilitet<\/li>\n<li> H\u00f6gtemperaturbest\u00e4ndigt pulverlackerat metall med en maximal termisk resistans p\u00e5 600 \u2103<\/li>\n<li> Montering kr\u00e4vs<\/li>\n<\/ul>\n<p> Tekniska data:<\/p>\n<ul>\n<li> F\u00e4rg: Svart+Naturtr\u00e4<\/li>\n<li> Material: Metall, Talltr\u00e4<\/li>\n<li> Br\u00e4nsletyp: Kol<\/li>\n<li> V\u00e4rmebest\u00e4ndighet: 600 \u2103<\/li>\n<li> Totala dimensioner: 103L x 47B x 95H cm<\/li>\n<li> Grillomr\u00e5dets dimensioner: 53L x 34B cm<\/li>\n<li> Grillh\u00f6jd: 93\/89\/86\/82\/79 cm<\/li>\n<li> Hyllans dimensioner: 40L x 21,5B cm (sidan)<\/li>\n<li> Hyllans dimensioner: 52L x 42B cm (under)<\/li>\n<li> Askl\u00e5dans dimensioner: \u00d817,5 x 4H cm<\/li>\n<li> Hjuldiameter: \u00d815 cm<\/li>\n<li> Max. rekommenderad belastningskapacitet: 25 kg (totalt), 5 kg (grillgaller), 2 kg (v\u00e4rmehylla), 10 kg (underhylla), 2,5 kg (sidohylla)<\/li>\n<li> Rekommenderad m\u00e4ngd kol: \uff1c1,5 kg<\/li>\n<\/ul>\n<p>Leveransinneh\u00e5ll:<\/p>\n<ul>\n<li> 1 x Grill<\/li>\n<li> 1 x Grillgaller<\/li>\n<li> 1 x V\u00e4rmeskiva<\/li>\n<li> 2 x Grillt\u00e4nger<\/li>\n<li> 1 x Handbok<\/li>\n<\/ul>\n","protected":false},"excerpt":{"rendered":"<p>Tr\u00e4ffa v\u00e4nner och njut av mat fr\u00e5n din egen grill. Grillomr\u00e5det p\u00e5 kolgrillen \u00e4r tillr\u00e4ckligt stort f\u00f6r att tillaga upp&#8230;<\/p>\n","protected":false},"featured_media":71457,"template":"","meta":[],"product_brand":[],"product_cat":[440,439,858],"product_tag":[],"class_list":{"0":"post-71467","1":"product","2":"type-product","3":"status-publish","4":"has-post-thumbnail","6":"product_cat-grillar","7":"product_cat-grillning-uppvarmning","8":"product_cat-tradgard-terrass","10":"first","11":"instock","12":"sale","13":"taxable","14":"shipping-taxable","15":"purchasable","16":"product-type-simple"},"yoast_head":"<!-- This site is optimized with the Yoast SEO plugin v25.4 - https:\/\/yoast.com\/wordpress\/plugins\/seo\/ -->\n<title>TRUUSK Kolgrill i Metall BBQ-r\u00f6kare - Med Hjul - Justerbar Grillh\u00f6jd - Tr\u00e4hylla - Flyttbar Grillvagn - F\u00f6r Barbeque Camping - TRUUSK - Hem, Tr\u00e4dg\u00e5rd &amp; Fritid<\/title>\n<meta name=\"robots\" content=\"index, follow, max-snippet:-1, max-image-preview:large, max-video-preview:-1\" \/>\n<link rel=\"canonical\" href=\"https:\/\/truusk.store\/sv\/produkt\/truusk-kolgrill-i-metall-bbq-rokare-med-hjul-justerbar-grillhojd-trahylla-flyttbar-grillvagn-for-barbeque-camping\/\" \/>\n<meta property=\"og:locale\" content=\"sv_SE\" \/>\n<meta property=\"og:type\" content=\"article\" \/>\n<meta property=\"og:title\" content=\"TRUUSK Kolgrill i Metall BBQ-r\u00f6kare - Med Hjul - Justerbar Grillh\u00f6jd - Tr\u00e4hylla - Flyttbar Grillvagn - F\u00f6r Barbeque Camping - TRUUSK - Hem, Tr\u00e4dg\u00e5rd &amp; Fritid\" \/>\n<meta property=\"og:description\" content=\"Tr\u00e4ffa v\u00e4nner och njut av mat fr\u00e5n din egen grill. Grillomr\u00e5det p\u00e5 kolgrillen \u00e4r tillr\u00e4ckligt stort f\u00f6r att tillaga upp...\" \/>\n<meta property=\"og:url\" content=\"https:\/\/truusk.store\/sv\/produkt\/truusk-kolgrill-i-metall-bbq-rokare-med-hjul-justerbar-grillhojd-trahylla-flyttbar-grillvagn-for-barbeque-camping\/\" \/>\n<meta property=\"og:site_name\" content=\"TRUUSK - Hem, Tr\u00e4dg\u00e5rd &amp; Fritid\" \/>\n<meta property=\"article:modified_time\" content=\"2026-03-12T08:37:27+00:00\" \/>\n<meta property=\"og:image\" content=\"https:\/\/i0.wp.com\/truusk.se\/wp-content\/uploads\/2025\/06\/kolgrill-i-metall-bbq-rokare-med-hjul-justerbar-grillhojd-trahylla-flyttbar-grillvagn-kolgrill-for-barbeque-camping-terrass-103x47x95-cm-1.webp?fit=2000%2C2000&ssl=1\" \/>\n\t<meta property=\"og:image:width\" content=\"2000\" \/>\n\t<meta property=\"og:image:height\" content=\"2000\" \/>\n\t<meta property=\"og:image:type\" content=\"image\/webp\" \/>\n<meta name=\"twitter:card\" content=\"summary_large_image\" \/>\n<meta name=\"twitter:label1\" content=\"Ber\u00e4knad l\u00e4stid\" \/>\n\t<meta name=\"twitter:data1\" content=\"1 minut\" \/>\n<!-- \/ Yoast SEO plugin. -->","yoast_head_json":{"title":"TRUUSK Kolgrill i Metall BBQ-r\u00f6kare - Med Hjul - Justerbar Grillh\u00f6jd - Tr\u00e4hylla - Flyttbar Grillvagn - F\u00f6r Barbeque Camping - TRUUSK - Hem, Tr\u00e4dg\u00e5rd &amp; Fritid","robots":{"index":"index","follow":"follow","max-snippet":"max-snippet:-1","max-image-preview":"max-image-preview:large","max-video-preview":"max-video-preview:-1"},"canonical":"https:\/\/truusk.store\/sv\/produkt\/truusk-kolgrill-i-metall-bbq-rokare-med-hjul-justerbar-grillhojd-trahylla-flyttbar-grillvagn-for-barbeque-camping\/","og_locale":"sv_SE","og_type":"article","og_title":"TRUUSK Kolgrill i Metall BBQ-r\u00f6kare - Med Hjul - Justerbar Grillh\u00f6jd - Tr\u00e4hylla - Flyttbar Grillvagn - F\u00f6r Barbeque Camping - TRUUSK - Hem, Tr\u00e4dg\u00e5rd &amp; Fritid","og_description":"Tr\u00e4ffa v\u00e4nner och njut av mat fr\u00e5n din egen grill. Grillomr\u00e5det p\u00e5 kolgrillen \u00e4r tillr\u00e4ckligt stort f\u00f6r att tillaga upp...","og_url":"https:\/\/truusk.store\/sv\/produkt\/truusk-kolgrill-i-metall-bbq-rokare-med-hjul-justerbar-grillhojd-trahylla-flyttbar-grillvagn-for-barbeque-camping\/","og_site_name":"TRUUSK - Hem, Tr\u00e4dg\u00e5rd &amp; Fritid","article_modified_time":"2026-03-12T08:37:27+00:00","og_image":[{"width":2000,"height":2000,"url":"https:\/\/i0.wp.com\/truusk.se\/wp-content\/uploads\/2025\/06\/kolgrill-i-metall-bbq-rokare-med-hjul-justerbar-grillhojd-trahylla-flyttbar-grillvagn-kolgrill-for-barbeque-camping-terrass-103x47x95-cm-1.webp?fit=2000%2C2000&ssl=1","type":"image\/webp"}],"twitter_card":"summary_large_image","twitter_misc":{"Ber\u00e4knad l\u00e4stid":"1 minut"},"schema":{"@context":"https:\/\/schema.org","@graph":[{"@type":"WebPage","@id":"https:\/\/truusk.store\/sv\/produkt\/truusk-kolgrill-i-metall-bbq-rokare-med-hjul-justerbar-grillhojd-trahylla-flyttbar-grillvagn-for-barbeque-camping\/","url":"https:\/\/truusk.store\/sv\/produkt\/truusk-kolgrill-i-metall-bbq-rokare-med-hjul-justerbar-grillhojd-trahylla-flyttbar-grillvagn-for-barbeque-camping\/","name":"TRUUSK Kolgrill i Metall BBQ-r\u00f6kare - Med Hjul - Justerbar Grillh\u00f6jd - Tr\u00e4hylla - Flyttbar Grillvagn - F\u00f6r Barbeque Camping - TRUUSK - Hem, Tr\u00e4dg\u00e5rd &amp; Fritid","isPartOf":{"@id":"https:\/\/truusk.store\/sv\/#website"},"primaryImageOfPage":{"@id":"https:\/\/truusk.store\/sv\/produkt\/truusk-kolgrill-i-metall-bbq-rokare-med-hjul-justerbar-grillhojd-trahylla-flyttbar-grillvagn-for-barbeque-camping\/#primaryimage"},"image":{"@id":"https:\/\/truusk.store\/sv\/produkt\/truusk-kolgrill-i-metall-bbq-rokare-med-hjul-justerbar-grillhojd-trahylla-flyttbar-grillvagn-for-barbeque-camping\/#primaryimage"},"thumbnailUrl":"https:\/\/i0.wp.com\/truusk.store\/wp-content\/uploads\/2025\/06\/kolgrill-i-metall-bbq-rokare-med-hjul-justerbar-grillhojd-trahylla-flyttbar-grillvagn-kolgrill-for-barbeque-camping-terrass-103x47x95-cm-1.webp?fit=2000%2C2000&ssl=1","datePublished":"2025-06-05T20:10:53+00:00","dateModified":"2026-03-12T08:37:27+00:00","breadcrumb":{"@id":"https:\/\/truusk.store\/sv\/produkt\/truusk-kolgrill-i-metall-bbq-rokare-med-hjul-justerbar-grillhojd-trahylla-flyttbar-grillvagn-for-barbeque-camping\/#breadcrumb"},"inLanguage":"sv-SE","potentialAction":[{"@type":"ReadAction","target":["https:\/\/truusk.store\/sv\/produkt\/truusk-kolgrill-i-metall-bbq-rokare-med-hjul-justerbar-grillhojd-trahylla-flyttbar-grillvagn-for-barbeque-camping\/"]}]},{"@type":"ImageObject","inLanguage":"sv-SE","@id":"https:\/\/truusk.store\/sv\/produkt\/truusk-kolgrill-i-metall-bbq-rokare-med-hjul-justerbar-grillhojd-trahylla-flyttbar-grillvagn-for-barbeque-camping\/#primaryimage","url":"https:\/\/i0.wp.com\/truusk.store\/wp-content\/uploads\/2025\/06\/kolgrill-i-metall-bbq-rokare-med-hjul-justerbar-grillhojd-trahylla-flyttbar-grillvagn-kolgrill-for-barbeque-camping-terrass-103x47x95-cm-1.webp?fit=2000%2C2000&ssl=1","contentUrl":"https:\/\/i0.wp.com\/truusk.store\/wp-content\/uploads\/2025\/06\/kolgrill-i-metall-bbq-rokare-med-hjul-justerbar-grillhojd-trahylla-flyttbar-grillvagn-kolgrill-for-barbeque-camping-terrass-103x47x95-cm-1.webp?fit=2000%2C2000&ssl=1","width":2000,"height":2000},{"@type":"BreadcrumbList","@id":"https:\/\/truusk.store\/sv\/produkt\/truusk-kolgrill-i-metall-bbq-rokare-med-hjul-justerbar-grillhojd-trahylla-flyttbar-grillvagn-for-barbeque-camping\/#breadcrumb","itemListElement":[{"@type":"ListItem","position":1,"name":"Home","item":"https:\/\/truusk.store\/sv\/"},{"@type":"ListItem","position":2,"name":"Shop","item":"https:\/\/truusk.store\/shop\/"},{"@type":"ListItem","position":3,"name":"TRUUSK Kolgrill i Metall BBQ-r\u00f6kare &#8211; Med Hjul &#8211; Justerbar Grillh\u00f6jd &#8211; Tr\u00e4hylla &#8211; Flyttbar Grillvagn &#8211; F\u00f6r Barbeque Camping &#8211;"}]},{"@type":"WebSite","@id":"https:\/\/truusk.store\/sv\/#website","url":"https:\/\/truusk.store\/sv\/","name":"TRUUSK - Hem, Tr\u00e4dg\u00e5rd & Fritid","description":"","publisher":{"@id":"https:\/\/truusk.store\/sv\/#organization"},"potentialAction":[{"@type":"SearchAction","target":{"@type":"EntryPoint","urlTemplate":"https:\/\/truusk.store\/sv\/?s={search_term_string}"},"query-input":{"@type":"PropertyValueSpecification","valueRequired":true,"valueName":"search_term_string"}}],"inLanguage":"sv-SE"},{"@type":"Organization","@id":"https:\/\/truusk.store\/sv\/#organization","name":"TRUUSK - Hem, Tr\u00e4dg\u00e5rd & Fritid","url":"https:\/\/truusk.store\/sv\/","logo":{"@type":"ImageObject","inLanguage":"sv-SE","@id":"https:\/\/truusk.store\/sv\/#\/schema\/logo\/image\/","url":"https:\/\/i0.wp.com\/truusk.store\/wp-content\/uploads\/2026\/03\/cropped-TRUUSK.png?fit=2032%2C917&ssl=1","contentUrl":"https:\/\/i0.wp.com\/truusk.store\/wp-content\/uploads\/2026\/03\/cropped-TRUUSK.png?fit=2032%2C917&ssl=1","width":2032,"height":917,"caption":"TRUUSK - Hem, Tr\u00e4dg\u00e5rd & Fritid"},"image":{"@id":"https:\/\/truusk.store\/sv\/#\/schema\/logo\/image\/"}}]}},"jetpack_sharing_enabled":true,"_links":{"self":[{"href":"https:\/\/truusk.store\/sv\/wp-json\/wp\/v2\/product\/71467","targetHints":{"allow":["GET"]}}],"collection":[{"href":"https:\/\/truusk.store\/sv\/wp-json\/wp\/v2\/product"}],"about":[{"href":"https:\/\/truusk.store\/sv\/wp-json\/wp\/v2\/types\/product"}],"wp:featuredmedia":[{"embeddable":true,"href":"https:\/\/truusk.store\/sv\/wp-json\/wp\/v2\/media\/71457"}],"wp:attachment":[{"href":"https:\/\/truusk.store\/sv\/wp-json\/wp\/v2\/media?parent=71467"}],"wp:term":[{"taxonomy":"product_brand","embeddable":true,"href":"https:\/\/truusk.store\/sv\/wp-json\/wp\/v2\/product_brand?post=71467"},{"taxonomy":"product_cat","embeddable":true,"href":"https:\/\/truusk.store\/sv\/wp-json\/wp\/v2\/product_cat?post=71467"},{"taxonomy":"product_tag","embeddable":true,"href":"https:\/\/truusk.store\/sv\/wp-json\/wp\/v2\/product_tag?post=71467"}],"curies":[{"name":"wp","href":"https:\/\/api.w.org\/{rel}","templated":true}]}}