{"id":71477,"date":"2025-06-05T21:11:49","date_gmt":"2025-06-05T20:11:49","guid":{"rendered":"https:\/\/truusk.store\/product\/kontorsstol-ergonomisk-ritstol-hojdjusterbar-datorstol-med-fotring-skrivbordsstol-svangstol-for-vardagsrum-kontor-konstlader-svart\/"},"modified":"2026-03-12T08:42:43","modified_gmt":"2026-03-12T07:42:43","slug":"truusk-ergonomisk-kontorsstol-justerbar-hojd-fotring-svangstol-konstlader-svart","status":"publish","type":"product","link":"https:\/\/truusk.store\/sv\/produkt\/truusk-ergonomisk-kontorsstol-justerbar-hojd-fotring-svangstol-konstlader-svart\/","title":{"rendered":"TRUUSK Ergonomisk Kontorsstol &#8211; Justerbar H\u00f6jd &#8211; Fotring &#8211; Sv\u00e4ngstol &#8211; Konstl\u00e4der &#8211; Svart"},"content":{"rendered":"<p>Optimera ditt arbetsutrymme eller sminkbord med TRUUSK ergonomiska kontorsstol. Utrustad med en klass 3-gaslift, kan denna ergonomiska stol justeras fr\u00e5n 78 till 92 cm f\u00f6r optimal komfort. Det vattent\u00e4ta konstl\u00e4dret och det medeldensitetsskummet garanterar enkel sk\u00f6tsel och bekv\u00e4m anv\u00e4ndning. Den 360\u00b0 roterande s\u00e4tet och den justerbara fotst\u00f6det erbjuder \u00e4ven flexibilitet f\u00f6r alla arbetsrum eller sovrum.<\/p>\n<p>Beskrivning:<\/p>\n<ul>\n<li> Klass 3-gaslyften p\u00e5 PC-stolen m\u00f6jligg\u00f6r en s\u00f6ml\u00f6s h\u00f6jdjustering fr\u00e5n 78-92 cm<\/li>\n<li> Vattent\u00e4t konstl\u00e4dersits p\u00e5 kontorsstolen underl\u00e4ttar reng\u00f6ring<\/li>\n<li> Medeldensitetsskum \u00f6kar sittkomforten<\/li>\n<li> Justerbart fotst\u00f6d f\u00f6r individuellt benst\u00f6d<\/li>\n<li> 360-graders roterande sits, idealisk f\u00f6r m\u00e5ngsidig rumanv\u00e4ndning<\/li>\n<li> Montering kr\u00e4vs<\/li>\n<\/ul>\n<p> Tekniska data:<\/p>\n<ul>\n<li> F\u00e4rg: Svart<\/li>\n<li> Material: Konstl\u00e4der, skum, flerskiktsplatta, st\u00e5l<\/li>\n<li> Totala dimensioner: 52B x 52D x 78-92H cm<\/li>\n<li> Sitsstorlek: \u00d835 x 50-64H cm<\/li>\n<li> Sittjocklek: 7 cm<\/li>\n<li> Storlek p\u00e5 ryggst\u00f6d: 30B x 35H cm<\/li>\n<li> B\u00e4rkapacitet: 120 kg<\/li>\n<\/ul>\n<p>Leverans inneh\u00e5ller:<\/p>\n<ul>\n<li> 1 x Kontorsstol<\/li>\n<li> 1 x Handbok<\/li>\n<\/ul>\n","protected":false},"excerpt":{"rendered":"<p>Optimera ditt arbetsutrymme eller sminkbord med TRUUSK ergonomiska kontorsstol. Utrustad med en klass 3-gaslift, kan denna ergonomiska stol justeras fr\u00e5n&#8230;<\/p>\n","protected":false},"featured_media":71468,"template":"","meta":[],"product_brand":[],"product_cat":[872,871,516],"product_tag":[],"class_list":{"0":"post-71477","1":"product","2":"type-product","3":"status-publish","4":"has-post-thumbnail","6":"product_cat-hemmakontor-arbetsplats","7":"product_cat-hus-hem","8":"product_cat-kontorsstolar","10":"first","11":"instock","12":"sale","13":"taxable","14":"shipping-taxable","15":"purchasable","16":"product-type-simple"},"yoast_head":"<!-- This site is optimized with the Yoast SEO plugin v25.4 - https:\/\/yoast.com\/wordpress\/plugins\/seo\/ -->\n<title>TRUUSK Ergonomisk Kontorsstol - Justerbar H\u00f6jd - Fotring - Sv\u00e4ngstol - Konstl\u00e4der - Svart - TRUUSK - Hem, Tr\u00e4dg\u00e5rd &amp; Fritid<\/title>\n<meta name=\"robots\" content=\"index, follow, max-snippet:-1, max-image-preview:large, max-video-preview:-1\" \/>\n<link rel=\"canonical\" href=\"https:\/\/truusk.store\/sv\/produkt\/truusk-ergonomisk-kontorsstol-justerbar-hojd-fotring-svangstol-konstlader-svart\/\" \/>\n<meta property=\"og:locale\" content=\"sv_SE\" \/>\n<meta property=\"og:type\" content=\"article\" \/>\n<meta property=\"og:title\" content=\"TRUUSK Ergonomisk Kontorsstol - Justerbar H\u00f6jd - Fotring - Sv\u00e4ngstol - Konstl\u00e4der - Svart - TRUUSK - Hem, Tr\u00e4dg\u00e5rd &amp; Fritid\" \/>\n<meta property=\"og:description\" content=\"Optimera ditt arbetsutrymme eller sminkbord med TRUUSK ergonomiska kontorsstol. Utrustad med en klass 3-gaslift, kan denna ergonomiska stol justeras fr\u00e5n...\" \/>\n<meta property=\"og:url\" content=\"https:\/\/truusk.store\/sv\/produkt\/truusk-ergonomisk-kontorsstol-justerbar-hojd-fotring-svangstol-konstlader-svart\/\" \/>\n<meta property=\"og:site_name\" content=\"TRUUSK - Hem, Tr\u00e4dg\u00e5rd &amp; Fritid\" \/>\n<meta property=\"article:modified_time\" content=\"2026-03-12T07:42:43+00:00\" \/>\n<meta property=\"og:image\" content=\"https:\/\/i0.wp.com\/truusk.se\/wp-content\/uploads\/2025\/06\/kontorsstol-ergonomisk-ritstol-hojdjusterbar-datorstol-med-fotring-skrivbordsstol-svangstol-for-vardagsrum-kontor-konstlader-svart-1.webp?fit=2000%2C2000&ssl=1\" \/>\n\t<meta property=\"og:image:width\" content=\"2000\" \/>\n\t<meta property=\"og:image:height\" content=\"2000\" \/>\n\t<meta property=\"og:image:type\" content=\"image\/webp\" \/>\n<meta name=\"twitter:card\" content=\"summary_large_image\" \/>\n<meta name=\"twitter:label1\" content=\"Ber\u00e4knad l\u00e4stid\" \/>\n\t<meta name=\"twitter:data1\" content=\"1 minut\" \/>\n<!-- \/ Yoast SEO plugin. -->","yoast_head_json":{"title":"TRUUSK Ergonomisk Kontorsstol - Justerbar H\u00f6jd - Fotring - Sv\u00e4ngstol - Konstl\u00e4der - Svart - TRUUSK - Hem, Tr\u00e4dg\u00e5rd &amp; Fritid","robots":{"index":"index","follow":"follow","max-snippet":"max-snippet:-1","max-image-preview":"max-image-preview:large","max-video-preview":"max-video-preview:-1"},"canonical":"https:\/\/truusk.store\/sv\/produkt\/truusk-ergonomisk-kontorsstol-justerbar-hojd-fotring-svangstol-konstlader-svart\/","og_locale":"sv_SE","og_type":"article","og_title":"TRUUSK Ergonomisk Kontorsstol - Justerbar H\u00f6jd - Fotring - Sv\u00e4ngstol - Konstl\u00e4der - Svart - TRUUSK - Hem, Tr\u00e4dg\u00e5rd &amp; Fritid","og_description":"Optimera ditt arbetsutrymme eller sminkbord med TRUUSK ergonomiska kontorsstol. Utrustad med en klass 3-gaslift, kan denna ergonomiska stol justeras fr\u00e5n...","og_url":"https:\/\/truusk.store\/sv\/produkt\/truusk-ergonomisk-kontorsstol-justerbar-hojd-fotring-svangstol-konstlader-svart\/","og_site_name":"TRUUSK - Hem, Tr\u00e4dg\u00e5rd &amp; Fritid","article_modified_time":"2026-03-12T07:42:43+00:00","og_image":[{"width":2000,"height":2000,"url":"https:\/\/i0.wp.com\/truusk.se\/wp-content\/uploads\/2025\/06\/kontorsstol-ergonomisk-ritstol-hojdjusterbar-datorstol-med-fotring-skrivbordsstol-svangstol-for-vardagsrum-kontor-konstlader-svart-1.webp?fit=2000%2C2000&ssl=1","type":"image\/webp"}],"twitter_card":"summary_large_image","twitter_misc":{"Ber\u00e4knad l\u00e4stid":"1 minut"},"schema":{"@context":"https:\/\/schema.org","@graph":[{"@type":"WebPage","@id":"https:\/\/truusk.store\/sv\/produkt\/truusk-ergonomisk-kontorsstol-justerbar-hojd-fotring-svangstol-konstlader-svart\/","url":"https:\/\/truusk.store\/sv\/produkt\/truusk-ergonomisk-kontorsstol-justerbar-hojd-fotring-svangstol-konstlader-svart\/","name":"TRUUSK Ergonomisk Kontorsstol - Justerbar H\u00f6jd - Fotring - Sv\u00e4ngstol - Konstl\u00e4der - Svart - TRUUSK - Hem, Tr\u00e4dg\u00e5rd &amp; Fritid","isPartOf":{"@id":"https:\/\/truusk.store\/sv\/#website"},"primaryImageOfPage":{"@id":"https:\/\/truusk.store\/sv\/produkt\/truusk-ergonomisk-kontorsstol-justerbar-hojd-fotring-svangstol-konstlader-svart\/#primaryimage"},"image":{"@id":"https:\/\/truusk.store\/sv\/produkt\/truusk-ergonomisk-kontorsstol-justerbar-hojd-fotring-svangstol-konstlader-svart\/#primaryimage"},"thumbnailUrl":"https:\/\/i0.wp.com\/truusk.store\/wp-content\/uploads\/2025\/06\/kontorsstol-ergonomisk-ritstol-hojdjusterbar-datorstol-med-fotring-skrivbordsstol-svangstol-for-vardagsrum-kontor-konstlader-svart-1.webp?fit=2000%2C2000&ssl=1","datePublished":"2025-06-05T20:11:49+00:00","dateModified":"2026-03-12T07:42:43+00:00","breadcrumb":{"@id":"https:\/\/truusk.store\/sv\/produkt\/truusk-ergonomisk-kontorsstol-justerbar-hojd-fotring-svangstol-konstlader-svart\/#breadcrumb"},"inLanguage":"sv-SE","potentialAction":[{"@type":"ReadAction","target":["https:\/\/truusk.store\/sv\/produkt\/truusk-ergonomisk-kontorsstol-justerbar-hojd-fotring-svangstol-konstlader-svart\/"]}]},{"@type":"ImageObject","inLanguage":"sv-SE","@id":"https:\/\/truusk.store\/sv\/produkt\/truusk-ergonomisk-kontorsstol-justerbar-hojd-fotring-svangstol-konstlader-svart\/#primaryimage","url":"https:\/\/i0.wp.com\/truusk.store\/wp-content\/uploads\/2025\/06\/kontorsstol-ergonomisk-ritstol-hojdjusterbar-datorstol-med-fotring-skrivbordsstol-svangstol-for-vardagsrum-kontor-konstlader-svart-1.webp?fit=2000%2C2000&ssl=1","contentUrl":"https:\/\/i0.wp.com\/truusk.store\/wp-content\/uploads\/2025\/06\/kontorsstol-ergonomisk-ritstol-hojdjusterbar-datorstol-med-fotring-skrivbordsstol-svangstol-for-vardagsrum-kontor-konstlader-svart-1.webp?fit=2000%2C2000&ssl=1","width":2000,"height":2000},{"@type":"BreadcrumbList","@id":"https:\/\/truusk.store\/sv\/produkt\/truusk-ergonomisk-kontorsstol-justerbar-hojd-fotring-svangstol-konstlader-svart\/#breadcrumb","itemListElement":[{"@type":"ListItem","position":1,"name":"Home","item":"https:\/\/truusk.store\/sv\/"},{"@type":"ListItem","position":2,"name":"Shop","item":"https:\/\/truusk.store\/shop\/"},{"@type":"ListItem","position":3,"name":"TRUUSK Ergonomisk Kontorsstol &#8211; Justerbar H\u00f6jd &#8211; Fotring &#8211; Sv\u00e4ngstol &#8211; Konstl\u00e4der &#8211; Svart"}]},{"@type":"WebSite","@id":"https:\/\/truusk.store\/sv\/#website","url":"https:\/\/truusk.store\/sv\/","name":"TRUUSK - Hem, Tr\u00e4dg\u00e5rd & Fritid","description":"","publisher":{"@id":"https:\/\/truusk.store\/sv\/#organization"},"potentialAction":[{"@type":"SearchAction","target":{"@type":"EntryPoint","urlTemplate":"https:\/\/truusk.store\/sv\/?s={search_term_string}"},"query-input":{"@type":"PropertyValueSpecification","valueRequired":true,"valueName":"search_term_string"}}],"inLanguage":"sv-SE"},{"@type":"Organization","@id":"https:\/\/truusk.store\/sv\/#organization","name":"TRUUSK - Hem, Tr\u00e4dg\u00e5rd & Fritid","url":"https:\/\/truusk.store\/sv\/","logo":{"@type":"ImageObject","inLanguage":"sv-SE","@id":"https:\/\/truusk.store\/sv\/#\/schema\/logo\/image\/","url":"https:\/\/i0.wp.com\/truusk.store\/wp-content\/uploads\/2026\/03\/cropped-TRUUSK.png?fit=2032%2C917&ssl=1","contentUrl":"https:\/\/i0.wp.com\/truusk.store\/wp-content\/uploads\/2026\/03\/cropped-TRUUSK.png?fit=2032%2C917&ssl=1","width":2032,"height":917,"caption":"TRUUSK - Hem, Tr\u00e4dg\u00e5rd & Fritid"},"image":{"@id":"https:\/\/truusk.store\/sv\/#\/schema\/logo\/image\/"}}]}},"jetpack_sharing_enabled":true,"_links":{"self":[{"href":"https:\/\/truusk.store\/sv\/wp-json\/wp\/v2\/product\/71477","targetHints":{"allow":["GET"]}}],"collection":[{"href":"https:\/\/truusk.store\/sv\/wp-json\/wp\/v2\/product"}],"about":[{"href":"https:\/\/truusk.store\/sv\/wp-json\/wp\/v2\/types\/product"}],"wp:featuredmedia":[{"embeddable":true,"href":"https:\/\/truusk.store\/sv\/wp-json\/wp\/v2\/media\/71468"}],"wp:attachment":[{"href":"https:\/\/truusk.store\/sv\/wp-json\/wp\/v2\/media?parent=71477"}],"wp:term":[{"taxonomy":"product_brand","embeddable":true,"href":"https:\/\/truusk.store\/sv\/wp-json\/wp\/v2\/product_brand?post=71477"},{"taxonomy":"product_cat","embeddable":true,"href":"https:\/\/truusk.store\/sv\/wp-json\/wp\/v2\/product_cat?post=71477"},{"taxonomy":"product_tag","embeddable":true,"href":"https:\/\/truusk.store\/sv\/wp-json\/wp\/v2\/product_tag?post=71477"}],"curies":[{"name":"wp","href":"https:\/\/api.w.org\/{rel}","templated":true}]}}