{"id":71487,"date":"2025-06-05T21:12:43","date_gmt":"2025-06-05T20:12:43","guid":{"rendered":"https:\/\/truusk.store\/product\/hopfallbart-sidobord-med-mosaikdesign-o355-x-55-cm-runt-vaderbestandigt-balkongbord-i-metall-campingbord-hopfallbart-kaffebord-for-vardagsrum-kontor-utomhus-inomhus-bla\/"},"modified":"2026-03-12T08:40:31","modified_gmt":"2026-03-12T07:40:31","slug":"truusk-hopfallbart-sidobord-med-mosaikdesign-o355-x-55-cm-vaderbestandigt-metall-campingbord-kaffebord-for-inomhus-och","status":"publish","type":"product","link":"https:\/\/truusk.store\/sv\/produkt\/truusk-hopfallbart-sidobord-med-mosaikdesign-o355-x-55-cm-vaderbestandigt-metall-campingbord-kaffebord-for-inomhus-och\/","title":{"rendered":"TRUUSK Hopf\u00e4llbart Sidobord Med Mosaikdesign &#8211; \u00d835,5 X 55 Cm &#8211; V\u00e4derbest\u00e4ndigt Metall &#8211; Campingbord &#8211; Kaffebord F\u00f6r Inomhus och"},"content":{"rendered":"<p>Ge liv till din tr\u00e4dg\u00e5rd med TRUUSK lilla tr\u00e4dg\u00e5rdsbord, utrustad med en f\u00e4rgglad mosaikbordsskiva. Balkongbordets praktiska f\u00e4llbara design m\u00f6jligg\u00f6r platsbesparande f\u00f6rvaring och enkel omvandling till ett runt tr\u00e4dg\u00e5rdsbord eller attraktivt v\u00e4xtst\u00e4ll. Den pulverlackerade metallramen och fotst\u00f6det ger stabilitet och komfort. Perfekt f\u00f6r varje terrass eller tr\u00e4dg\u00e5rdsh\u00f6rn f\u00f6r att l\u00e4gga till en touch av f\u00e4rg och m\u00e5ngsidighet.<\/p>\n<p>Beskrivning:<\/p>\n<ul>\n<li> Balkongbordets mosaikbordsskiva design ger f\u00e4rg till tr\u00e4dg\u00e5rdar och hem<\/li>\n<li> L\u00e4tt att f\u00e4lla ihop f\u00f6r kompakt f\u00f6rvaring och mobilitet<\/li>\n<li> Pulverlackerad metallram med skyddspads f\u00f6r stabilitet<\/li>\n<li> Balkongbordets fotst\u00f6d f\u00f6r extra komfort<\/li>\n<li> Kan anv\u00e4ndas som utomhus sidobord, soffbord eller till och med som v\u00e4xtst\u00e4ll<\/li>\n<li> Montering kr\u00e4vs<\/li>\n<\/ul>\n<p> Tekniska data:<\/p>\n<ul>\n<li> F\u00e4rg: Bl\u00e5+Vit+Svart<\/li>\n<li> Material: Metall, Keramik<\/li>\n<li> Totala dimensioner: \u00d835,5 x 55H cm<\/li>\n<li> B\u00e4rkapacitet: 50 kg<\/li>\n<\/ul>\n<p>Leveransinneh\u00e5ll:<\/p>\n<ul>\n<li> 1 x Terrass sidobord<\/li>\n<li> 1 x Bruksanvisning<\/li>\n<\/ul>\n","protected":false},"excerpt":{"rendered":"<p>Ge liv till din tr\u00e4dg\u00e5rd med TRUUSK lilla tr\u00e4dg\u00e5rdsbord, utrustad med en f\u00e4rgglad mosaikbordsskiva. Balkongbordets praktiska f\u00e4llbara design m\u00f6jligg\u00f6r platsbesparande&#8230;<\/p>\n","protected":false},"featured_media":71478,"template":"","meta":[],"product_brand":[],"product_cat":[858,457,450],"product_tag":[],"class_list":{"0":"post-71487","1":"product","2":"type-product","3":"status-publish","4":"has-post-thumbnail","6":"product_cat-tradgard-terrass","7":"product_cat-tradgardsbord","8":"product_cat-tradgardsmobler","10":"first","11":"instock","12":"sale","13":"taxable","14":"shipping-taxable","15":"purchasable","16":"product-type-simple"},"yoast_head":"<!-- This site is optimized with the Yoast SEO plugin v25.4 - https:\/\/yoast.com\/wordpress\/plugins\/seo\/ -->\n<title>TRUUSK Hopf\u00e4llbart Sidobord Med Mosaikdesign - \u00d835,5 X 55 Cm - V\u00e4derbest\u00e4ndigt Metall - Campingbord - Kaffebord F\u00f6r Inomhus och - TRUUSK - Hem, Tr\u00e4dg\u00e5rd &amp; Fritid<\/title>\n<meta name=\"robots\" content=\"index, follow, max-snippet:-1, max-image-preview:large, max-video-preview:-1\" \/>\n<link rel=\"canonical\" href=\"https:\/\/truusk.store\/sv\/produkt\/truusk-hopfallbart-sidobord-med-mosaikdesign-o355-x-55-cm-vaderbestandigt-metall-campingbord-kaffebord-for-inomhus-och\/\" \/>\n<meta property=\"og:locale\" content=\"sv_SE\" \/>\n<meta property=\"og:type\" content=\"article\" \/>\n<meta property=\"og:title\" content=\"TRUUSK Hopf\u00e4llbart Sidobord Med Mosaikdesign - \u00d835,5 X 55 Cm - V\u00e4derbest\u00e4ndigt Metall - Campingbord - Kaffebord F\u00f6r Inomhus och - TRUUSK - Hem, Tr\u00e4dg\u00e5rd &amp; Fritid\" \/>\n<meta property=\"og:description\" content=\"Ge liv till din tr\u00e4dg\u00e5rd med TRUUSK lilla tr\u00e4dg\u00e5rdsbord, utrustad med en f\u00e4rgglad mosaikbordsskiva. Balkongbordets praktiska f\u00e4llbara design m\u00f6jligg\u00f6r platsbesparande...\" \/>\n<meta property=\"og:url\" content=\"https:\/\/truusk.store\/sv\/produkt\/truusk-hopfallbart-sidobord-med-mosaikdesign-o355-x-55-cm-vaderbestandigt-metall-campingbord-kaffebord-for-inomhus-och\/\" \/>\n<meta property=\"og:site_name\" content=\"TRUUSK - Hem, Tr\u00e4dg\u00e5rd &amp; Fritid\" \/>\n<meta property=\"article:modified_time\" content=\"2026-03-12T07:40:31+00:00\" \/>\n<meta property=\"og:image\" content=\"https:\/\/i0.wp.com\/truusk.se\/wp-content\/uploads\/2025\/06\/hopfallbart-sidobord-med-mosaikdesign-o355-x-55-cm-runt-vaderbestandigt-balkongbord-i-metall-campingbord-hopfallbart-kaffebord-for-vardagsrum-kontor-utomhus-inomhus-bla-1.webp?fit=2000%2C2000&ssl=1\" \/>\n\t<meta property=\"og:image:width\" content=\"2000\" \/>\n\t<meta property=\"og:image:height\" content=\"2000\" \/>\n\t<meta property=\"og:image:type\" content=\"image\/webp\" \/>\n<meta name=\"twitter:card\" content=\"summary_large_image\" \/>\n<meta name=\"twitter:label1\" content=\"Ber\u00e4knad l\u00e4stid\" \/>\n\t<meta name=\"twitter:data1\" content=\"1 minut\" \/>\n<!-- \/ Yoast SEO plugin. -->","yoast_head_json":{"title":"TRUUSK Hopf\u00e4llbart Sidobord Med Mosaikdesign - \u00d835,5 X 55 Cm - V\u00e4derbest\u00e4ndigt Metall - Campingbord - Kaffebord F\u00f6r Inomhus och - TRUUSK - Hem, Tr\u00e4dg\u00e5rd &amp; Fritid","robots":{"index":"index","follow":"follow","max-snippet":"max-snippet:-1","max-image-preview":"max-image-preview:large","max-video-preview":"max-video-preview:-1"},"canonical":"https:\/\/truusk.store\/sv\/produkt\/truusk-hopfallbart-sidobord-med-mosaikdesign-o355-x-55-cm-vaderbestandigt-metall-campingbord-kaffebord-for-inomhus-och\/","og_locale":"sv_SE","og_type":"article","og_title":"TRUUSK Hopf\u00e4llbart Sidobord Med Mosaikdesign - \u00d835,5 X 55 Cm - V\u00e4derbest\u00e4ndigt Metall - Campingbord - Kaffebord F\u00f6r Inomhus och - TRUUSK - Hem, Tr\u00e4dg\u00e5rd &amp; Fritid","og_description":"Ge liv till din tr\u00e4dg\u00e5rd med TRUUSK lilla tr\u00e4dg\u00e5rdsbord, utrustad med en f\u00e4rgglad mosaikbordsskiva. Balkongbordets praktiska f\u00e4llbara design m\u00f6jligg\u00f6r platsbesparande...","og_url":"https:\/\/truusk.store\/sv\/produkt\/truusk-hopfallbart-sidobord-med-mosaikdesign-o355-x-55-cm-vaderbestandigt-metall-campingbord-kaffebord-for-inomhus-och\/","og_site_name":"TRUUSK - Hem, Tr\u00e4dg\u00e5rd &amp; Fritid","article_modified_time":"2026-03-12T07:40:31+00:00","og_image":[{"width":2000,"height":2000,"url":"https:\/\/i0.wp.com\/truusk.se\/wp-content\/uploads\/2025\/06\/hopfallbart-sidobord-med-mosaikdesign-o355-x-55-cm-runt-vaderbestandigt-balkongbord-i-metall-campingbord-hopfallbart-kaffebord-for-vardagsrum-kontor-utomhus-inomhus-bla-1.webp?fit=2000%2C2000&ssl=1","type":"image\/webp"}],"twitter_card":"summary_large_image","twitter_misc":{"Ber\u00e4knad l\u00e4stid":"1 minut"},"schema":{"@context":"https:\/\/schema.org","@graph":[{"@type":"WebPage","@id":"https:\/\/truusk.store\/sv\/produkt\/truusk-hopfallbart-sidobord-med-mosaikdesign-o355-x-55-cm-vaderbestandigt-metall-campingbord-kaffebord-for-inomhus-och\/","url":"https:\/\/truusk.store\/sv\/produkt\/truusk-hopfallbart-sidobord-med-mosaikdesign-o355-x-55-cm-vaderbestandigt-metall-campingbord-kaffebord-for-inomhus-och\/","name":"TRUUSK Hopf\u00e4llbart Sidobord Med Mosaikdesign - \u00d835,5 X 55 Cm - V\u00e4derbest\u00e4ndigt Metall - Campingbord - Kaffebord F\u00f6r Inomhus och - TRUUSK - Hem, Tr\u00e4dg\u00e5rd &amp; Fritid","isPartOf":{"@id":"https:\/\/truusk.store\/sv\/#website"},"primaryImageOfPage":{"@id":"https:\/\/truusk.store\/sv\/produkt\/truusk-hopfallbart-sidobord-med-mosaikdesign-o355-x-55-cm-vaderbestandigt-metall-campingbord-kaffebord-for-inomhus-och\/#primaryimage"},"image":{"@id":"https:\/\/truusk.store\/sv\/produkt\/truusk-hopfallbart-sidobord-med-mosaikdesign-o355-x-55-cm-vaderbestandigt-metall-campingbord-kaffebord-for-inomhus-och\/#primaryimage"},"thumbnailUrl":"https:\/\/i0.wp.com\/truusk.store\/wp-content\/uploads\/2025\/06\/hopfallbart-sidobord-med-mosaikdesign-o355-x-55-cm-runt-vaderbestandigt-balkongbord-i-metall-campingbord-hopfallbart-kaffebord-for-vardagsrum-kontor-utomhus-inomhus-bla-1.webp?fit=2000%2C2000&ssl=1","datePublished":"2025-06-05T20:12:43+00:00","dateModified":"2026-03-12T07:40:31+00:00","breadcrumb":{"@id":"https:\/\/truusk.store\/sv\/produkt\/truusk-hopfallbart-sidobord-med-mosaikdesign-o355-x-55-cm-vaderbestandigt-metall-campingbord-kaffebord-for-inomhus-och\/#breadcrumb"},"inLanguage":"sv-SE","potentialAction":[{"@type":"ReadAction","target":["https:\/\/truusk.store\/sv\/produkt\/truusk-hopfallbart-sidobord-med-mosaikdesign-o355-x-55-cm-vaderbestandigt-metall-campingbord-kaffebord-for-inomhus-och\/"]}]},{"@type":"ImageObject","inLanguage":"sv-SE","@id":"https:\/\/truusk.store\/sv\/produkt\/truusk-hopfallbart-sidobord-med-mosaikdesign-o355-x-55-cm-vaderbestandigt-metall-campingbord-kaffebord-for-inomhus-och\/#primaryimage","url":"https:\/\/i0.wp.com\/truusk.store\/wp-content\/uploads\/2025\/06\/hopfallbart-sidobord-med-mosaikdesign-o355-x-55-cm-runt-vaderbestandigt-balkongbord-i-metall-campingbord-hopfallbart-kaffebord-for-vardagsrum-kontor-utomhus-inomhus-bla-1.webp?fit=2000%2C2000&ssl=1","contentUrl":"https:\/\/i0.wp.com\/truusk.store\/wp-content\/uploads\/2025\/06\/hopfallbart-sidobord-med-mosaikdesign-o355-x-55-cm-runt-vaderbestandigt-balkongbord-i-metall-campingbord-hopfallbart-kaffebord-for-vardagsrum-kontor-utomhus-inomhus-bla-1.webp?fit=2000%2C2000&ssl=1","width":2000,"height":2000},{"@type":"BreadcrumbList","@id":"https:\/\/truusk.store\/sv\/produkt\/truusk-hopfallbart-sidobord-med-mosaikdesign-o355-x-55-cm-vaderbestandigt-metall-campingbord-kaffebord-for-inomhus-och\/#breadcrumb","itemListElement":[{"@type":"ListItem","position":1,"name":"Home","item":"https:\/\/truusk.store\/sv\/"},{"@type":"ListItem","position":2,"name":"Shop","item":"https:\/\/truusk.store\/shop\/"},{"@type":"ListItem","position":3,"name":"TRUUSK Hopf\u00e4llbart Sidobord Med Mosaikdesign &#8211; \u00d835,5 X 55 Cm &#8211; V\u00e4derbest\u00e4ndigt Metall &#8211; Campingbord &#8211; Kaffebord F\u00f6r Inomhus och"}]},{"@type":"WebSite","@id":"https:\/\/truusk.store\/sv\/#website","url":"https:\/\/truusk.store\/sv\/","name":"TRUUSK - Hem, Tr\u00e4dg\u00e5rd & Fritid","description":"","publisher":{"@id":"https:\/\/truusk.store\/sv\/#organization"},"potentialAction":[{"@type":"SearchAction","target":{"@type":"EntryPoint","urlTemplate":"https:\/\/truusk.store\/sv\/?s={search_term_string}"},"query-input":{"@type":"PropertyValueSpecification","valueRequired":true,"valueName":"search_term_string"}}],"inLanguage":"sv-SE"},{"@type":"Organization","@id":"https:\/\/truusk.store\/sv\/#organization","name":"TRUUSK - Hem, Tr\u00e4dg\u00e5rd & Fritid","url":"https:\/\/truusk.store\/sv\/","logo":{"@type":"ImageObject","inLanguage":"sv-SE","@id":"https:\/\/truusk.store\/sv\/#\/schema\/logo\/image\/","url":"https:\/\/i0.wp.com\/truusk.store\/wp-content\/uploads\/2026\/03\/cropped-TRUUSK.png?fit=2032%2C917&ssl=1","contentUrl":"https:\/\/i0.wp.com\/truusk.store\/wp-content\/uploads\/2026\/03\/cropped-TRUUSK.png?fit=2032%2C917&ssl=1","width":2032,"height":917,"caption":"TRUUSK - Hem, Tr\u00e4dg\u00e5rd & Fritid"},"image":{"@id":"https:\/\/truusk.store\/sv\/#\/schema\/logo\/image\/"}}]}},"jetpack_sharing_enabled":true,"_links":{"self":[{"href":"https:\/\/truusk.store\/sv\/wp-json\/wp\/v2\/product\/71487","targetHints":{"allow":["GET"]}}],"collection":[{"href":"https:\/\/truusk.store\/sv\/wp-json\/wp\/v2\/product"}],"about":[{"href":"https:\/\/truusk.store\/sv\/wp-json\/wp\/v2\/types\/product"}],"wp:featuredmedia":[{"embeddable":true,"href":"https:\/\/truusk.store\/sv\/wp-json\/wp\/v2\/media\/71478"}],"wp:attachment":[{"href":"https:\/\/truusk.store\/sv\/wp-json\/wp\/v2\/media?parent=71487"}],"wp:term":[{"taxonomy":"product_brand","embeddable":true,"href":"https:\/\/truusk.store\/sv\/wp-json\/wp\/v2\/product_brand?post=71487"},{"taxonomy":"product_cat","embeddable":true,"href":"https:\/\/truusk.store\/sv\/wp-json\/wp\/v2\/product_cat?post=71487"},{"taxonomy":"product_tag","embeddable":true,"href":"https:\/\/truusk.store\/sv\/wp-json\/wp\/v2\/product_tag?post=71487"}],"curies":[{"name":"wp","href":"https:\/\/api.w.org\/{rel}","templated":true}]}}