{"id":71497,"date":"2025-06-05T21:13:43","date_gmt":"2025-06-05T20:13:43","guid":{"rendered":"https:\/\/truusk.store\/product\/tradgardsbord-o40-x-50cm-vaderbestandigt-balkongbord-av-stal-sidobord-med-blomdesign-skyddsfotter-runt-matbord-utomhus-campingbord-terrassbord-for-tradgard-terrass-balkong-svart\/"},"modified":"2026-03-12T08:41:09","modified_gmt":"2026-03-12T07:41:09","slug":"truusk-runt-tradgardsbord-o40-x-50cm-vaderbestandigt-stalbord-blomdesign-skyddsfotter-for-utomhusbruk-svart","status":"publish","type":"product","link":"https:\/\/truusk.store\/sv\/produkt\/truusk-runt-tradgardsbord-o40-x-50cm-vaderbestandigt-stalbord-blomdesign-skyddsfotter-for-utomhusbruk-svart\/","title":{"rendered":"TRUUSK Runt Tr\u00e4dg\u00e5rdsbord \u00d840 X 50cm &#8211; V\u00e4derbest\u00e4ndigt St\u00e5lbord &#8211; Blomdesign &#8211; Skyddsf\u00f6tter &#8211; F\u00f6r Utomhusbruk &#8211; Svart"},"content":{"rendered":"<p>Forma om din tr\u00e4dg\u00e5rd eller balkong med v\u00e5rt lilla TRUUSK tr\u00e4dg\u00e5rdsbord. Detta runda tr\u00e4dg\u00e5rdsbord med ett uts\u00f6kt utskuret m\u00f6nster av blommor och blad och ett pulverlackerat st\u00e5lram \u00e4r perfekt f\u00f6r utomhusbruk. Tack vare justerbara skyddsf\u00f6tter f\u00f6rblir tr\u00e4dg\u00e5rdsbordet stabilt \u00e4ven p\u00e5 oj\u00e4mna ytor. Idealiskt som kaffebord, terrassbord eller bistrobord.<\/p>\n<p>Beskrivning:<\/p>\n<ul>\n<li> Centralt utsnittsblomm\u00f6nster med blad f\u00f6rsk\u00f6nar tr\u00e4dg\u00e5rdsomr\u00e5den<\/li>\n<li> V\u00e4derbest\u00e4ndigt st\u00e5l p\u00e5 tr\u00e4dg\u00e5rdsbordet f\u00f6r l\u00e5ngvarig utomhusanv\u00e4ndning<\/li>\n<li> X-formade st\u00f6dr\u00f6r p\u00e5 terrassbordet f\u00f6r extra stabilitet<\/li>\n<li> Justerbara skyddsf\u00f6tter p\u00e5 terrassbordet stabiliserar p\u00e5 oj\u00e4mna ytor<\/li>\n<li> M\u00e5ngsidigt anv\u00e4ndbar b\u00e5de inomhus och utomhus som soffbord eller v\u00e4xtst\u00e4ll<\/li>\n<li> Montering kr\u00e4vs<\/li>\n<\/ul>\n<p> Tekniska data:<\/p>\n<ul>\n<li> F\u00e4rg: Svart<\/li>\n<li> Material: St\u00e5l<\/li>\n<li> Totala dimensioner: \u00d840 x 50H cm<\/li>\n<li> B\u00e4rkapacitet: 30 kg<\/li>\n<\/ul>\n<p>Leveransinneh\u00e5ll:<\/p>\n<ul>\n<li> 1 x Terrassbord<\/li>\n<li> 1 x Bruksanvisning<\/li>\n<\/ul>\n","protected":false},"excerpt":{"rendered":"<p>Forma om din tr\u00e4dg\u00e5rd eller balkong med v\u00e5rt lilla TRUUSK tr\u00e4dg\u00e5rdsbord. Detta runda tr\u00e4dg\u00e5rdsbord med ett uts\u00f6kt utskuret m\u00f6nster av&#8230;<\/p>\n","protected":false},"featured_media":71488,"template":"","meta":[],"product_brand":[],"product_cat":[858,457,450],"product_tag":[],"class_list":{"0":"post-71497","1":"product","2":"type-product","3":"status-publish","4":"has-post-thumbnail","6":"product_cat-tradgard-terrass","7":"product_cat-tradgardsbord","8":"product_cat-tradgardsmobler","10":"first","11":"instock","12":"sale","13":"taxable","14":"shipping-taxable","15":"purchasable","16":"product-type-simple"},"yoast_head":"<!-- This site is optimized with the Yoast SEO plugin v25.4 - https:\/\/yoast.com\/wordpress\/plugins\/seo\/ -->\n<title>TRUUSK Runt Tr\u00e4dg\u00e5rdsbord \u00d840 X 50cm - V\u00e4derbest\u00e4ndigt St\u00e5lbord - Blomdesign - Skyddsf\u00f6tter - F\u00f6r Utomhusbruk - Svart - TRUUSK - Hem, Tr\u00e4dg\u00e5rd &amp; Fritid<\/title>\n<meta name=\"robots\" content=\"index, follow, max-snippet:-1, max-image-preview:large, max-video-preview:-1\" \/>\n<link rel=\"canonical\" href=\"https:\/\/truusk.store\/sv\/produkt\/truusk-runt-tradgardsbord-o40-x-50cm-vaderbestandigt-stalbord-blomdesign-skyddsfotter-for-utomhusbruk-svart\/\" \/>\n<meta property=\"og:locale\" content=\"sv_SE\" \/>\n<meta property=\"og:type\" content=\"article\" \/>\n<meta property=\"og:title\" content=\"TRUUSK Runt Tr\u00e4dg\u00e5rdsbord \u00d840 X 50cm - V\u00e4derbest\u00e4ndigt St\u00e5lbord - Blomdesign - Skyddsf\u00f6tter - F\u00f6r Utomhusbruk - Svart - TRUUSK - Hem, Tr\u00e4dg\u00e5rd &amp; Fritid\" \/>\n<meta property=\"og:description\" content=\"Forma om din tr\u00e4dg\u00e5rd eller balkong med v\u00e5rt lilla TRUUSK tr\u00e4dg\u00e5rdsbord. Detta runda tr\u00e4dg\u00e5rdsbord med ett uts\u00f6kt utskuret m\u00f6nster av...\" \/>\n<meta property=\"og:url\" content=\"https:\/\/truusk.store\/sv\/produkt\/truusk-runt-tradgardsbord-o40-x-50cm-vaderbestandigt-stalbord-blomdesign-skyddsfotter-for-utomhusbruk-svart\/\" \/>\n<meta property=\"og:site_name\" content=\"TRUUSK - Hem, Tr\u00e4dg\u00e5rd &amp; Fritid\" \/>\n<meta property=\"article:modified_time\" content=\"2026-03-12T07:41:09+00:00\" \/>\n<meta property=\"og:image\" content=\"https:\/\/i0.wp.com\/truusk.se\/wp-content\/uploads\/2025\/06\/tradgardsbord-o40-x-50cm-vaderbestandigt-balkongbord-av-stal-sidobord-med-blomdesign-skyddsfotter-runt-matbord-utomhus-campingbord-terrassbord-for-tradgard-terrass-balkong-svart-1.webp?fit=2000%2C2000&ssl=1\" \/>\n\t<meta property=\"og:image:width\" content=\"2000\" \/>\n\t<meta property=\"og:image:height\" content=\"2000\" \/>\n\t<meta property=\"og:image:type\" content=\"image\/webp\" \/>\n<meta name=\"twitter:card\" content=\"summary_large_image\" \/>\n<meta name=\"twitter:label1\" content=\"Ber\u00e4knad l\u00e4stid\" \/>\n\t<meta name=\"twitter:data1\" content=\"1 minut\" \/>\n<!-- \/ Yoast SEO plugin. -->","yoast_head_json":{"title":"TRUUSK Runt Tr\u00e4dg\u00e5rdsbord \u00d840 X 50cm - V\u00e4derbest\u00e4ndigt St\u00e5lbord - Blomdesign - Skyddsf\u00f6tter - F\u00f6r Utomhusbruk - Svart - TRUUSK - Hem, Tr\u00e4dg\u00e5rd &amp; Fritid","robots":{"index":"index","follow":"follow","max-snippet":"max-snippet:-1","max-image-preview":"max-image-preview:large","max-video-preview":"max-video-preview:-1"},"canonical":"https:\/\/truusk.store\/sv\/produkt\/truusk-runt-tradgardsbord-o40-x-50cm-vaderbestandigt-stalbord-blomdesign-skyddsfotter-for-utomhusbruk-svart\/","og_locale":"sv_SE","og_type":"article","og_title":"TRUUSK Runt Tr\u00e4dg\u00e5rdsbord \u00d840 X 50cm - V\u00e4derbest\u00e4ndigt St\u00e5lbord - Blomdesign - Skyddsf\u00f6tter - F\u00f6r Utomhusbruk - Svart - TRUUSK - Hem, Tr\u00e4dg\u00e5rd &amp; Fritid","og_description":"Forma om din tr\u00e4dg\u00e5rd eller balkong med v\u00e5rt lilla TRUUSK tr\u00e4dg\u00e5rdsbord. Detta runda tr\u00e4dg\u00e5rdsbord med ett uts\u00f6kt utskuret m\u00f6nster av...","og_url":"https:\/\/truusk.store\/sv\/produkt\/truusk-runt-tradgardsbord-o40-x-50cm-vaderbestandigt-stalbord-blomdesign-skyddsfotter-for-utomhusbruk-svart\/","og_site_name":"TRUUSK - Hem, Tr\u00e4dg\u00e5rd &amp; Fritid","article_modified_time":"2026-03-12T07:41:09+00:00","og_image":[{"width":2000,"height":2000,"url":"https:\/\/i0.wp.com\/truusk.se\/wp-content\/uploads\/2025\/06\/tradgardsbord-o40-x-50cm-vaderbestandigt-balkongbord-av-stal-sidobord-med-blomdesign-skyddsfotter-runt-matbord-utomhus-campingbord-terrassbord-for-tradgard-terrass-balkong-svart-1.webp?fit=2000%2C2000&ssl=1","type":"image\/webp"}],"twitter_card":"summary_large_image","twitter_misc":{"Ber\u00e4knad l\u00e4stid":"1 minut"},"schema":{"@context":"https:\/\/schema.org","@graph":[{"@type":"WebPage","@id":"https:\/\/truusk.store\/sv\/produkt\/truusk-runt-tradgardsbord-o40-x-50cm-vaderbestandigt-stalbord-blomdesign-skyddsfotter-for-utomhusbruk-svart\/","url":"https:\/\/truusk.store\/sv\/produkt\/truusk-runt-tradgardsbord-o40-x-50cm-vaderbestandigt-stalbord-blomdesign-skyddsfotter-for-utomhusbruk-svart\/","name":"TRUUSK Runt Tr\u00e4dg\u00e5rdsbord \u00d840 X 50cm - V\u00e4derbest\u00e4ndigt St\u00e5lbord - Blomdesign - Skyddsf\u00f6tter - F\u00f6r Utomhusbruk - Svart - TRUUSK - Hem, Tr\u00e4dg\u00e5rd &amp; Fritid","isPartOf":{"@id":"https:\/\/truusk.store\/sv\/#website"},"primaryImageOfPage":{"@id":"https:\/\/truusk.store\/sv\/produkt\/truusk-runt-tradgardsbord-o40-x-50cm-vaderbestandigt-stalbord-blomdesign-skyddsfotter-for-utomhusbruk-svart\/#primaryimage"},"image":{"@id":"https:\/\/truusk.store\/sv\/produkt\/truusk-runt-tradgardsbord-o40-x-50cm-vaderbestandigt-stalbord-blomdesign-skyddsfotter-for-utomhusbruk-svart\/#primaryimage"},"thumbnailUrl":"https:\/\/i0.wp.com\/truusk.store\/wp-content\/uploads\/2025\/06\/tradgardsbord-o40-x-50cm-vaderbestandigt-balkongbord-av-stal-sidobord-med-blomdesign-skyddsfotter-runt-matbord-utomhus-campingbord-terrassbord-for-tradgard-terrass-balkong-svart-1.webp?fit=2000%2C2000&ssl=1","datePublished":"2025-06-05T20:13:43+00:00","dateModified":"2026-03-12T07:41:09+00:00","breadcrumb":{"@id":"https:\/\/truusk.store\/sv\/produkt\/truusk-runt-tradgardsbord-o40-x-50cm-vaderbestandigt-stalbord-blomdesign-skyddsfotter-for-utomhusbruk-svart\/#breadcrumb"},"inLanguage":"sv-SE","potentialAction":[{"@type":"ReadAction","target":["https:\/\/truusk.store\/sv\/produkt\/truusk-runt-tradgardsbord-o40-x-50cm-vaderbestandigt-stalbord-blomdesign-skyddsfotter-for-utomhusbruk-svart\/"]}]},{"@type":"ImageObject","inLanguage":"sv-SE","@id":"https:\/\/truusk.store\/sv\/produkt\/truusk-runt-tradgardsbord-o40-x-50cm-vaderbestandigt-stalbord-blomdesign-skyddsfotter-for-utomhusbruk-svart\/#primaryimage","url":"https:\/\/i0.wp.com\/truusk.store\/wp-content\/uploads\/2025\/06\/tradgardsbord-o40-x-50cm-vaderbestandigt-balkongbord-av-stal-sidobord-med-blomdesign-skyddsfotter-runt-matbord-utomhus-campingbord-terrassbord-for-tradgard-terrass-balkong-svart-1.webp?fit=2000%2C2000&ssl=1","contentUrl":"https:\/\/i0.wp.com\/truusk.store\/wp-content\/uploads\/2025\/06\/tradgardsbord-o40-x-50cm-vaderbestandigt-balkongbord-av-stal-sidobord-med-blomdesign-skyddsfotter-runt-matbord-utomhus-campingbord-terrassbord-for-tradgard-terrass-balkong-svart-1.webp?fit=2000%2C2000&ssl=1","width":2000,"height":2000},{"@type":"BreadcrumbList","@id":"https:\/\/truusk.store\/sv\/produkt\/truusk-runt-tradgardsbord-o40-x-50cm-vaderbestandigt-stalbord-blomdesign-skyddsfotter-for-utomhusbruk-svart\/#breadcrumb","itemListElement":[{"@type":"ListItem","position":1,"name":"Home","item":"https:\/\/truusk.store\/sv\/"},{"@type":"ListItem","position":2,"name":"Shop","item":"https:\/\/truusk.store\/shop\/"},{"@type":"ListItem","position":3,"name":"TRUUSK Runt Tr\u00e4dg\u00e5rdsbord \u00d840 X 50cm &#8211; V\u00e4derbest\u00e4ndigt St\u00e5lbord &#8211; Blomdesign &#8211; Skyddsf\u00f6tter &#8211; F\u00f6r Utomhusbruk &#8211; Svart"}]},{"@type":"WebSite","@id":"https:\/\/truusk.store\/sv\/#website","url":"https:\/\/truusk.store\/sv\/","name":"TRUUSK - Hem, Tr\u00e4dg\u00e5rd & Fritid","description":"","publisher":{"@id":"https:\/\/truusk.store\/sv\/#organization"},"potentialAction":[{"@type":"SearchAction","target":{"@type":"EntryPoint","urlTemplate":"https:\/\/truusk.store\/sv\/?s={search_term_string}"},"query-input":{"@type":"PropertyValueSpecification","valueRequired":true,"valueName":"search_term_string"}}],"inLanguage":"sv-SE"},{"@type":"Organization","@id":"https:\/\/truusk.store\/sv\/#organization","name":"TRUUSK - Hem, Tr\u00e4dg\u00e5rd & Fritid","url":"https:\/\/truusk.store\/sv\/","logo":{"@type":"ImageObject","inLanguage":"sv-SE","@id":"https:\/\/truusk.store\/sv\/#\/schema\/logo\/image\/","url":"https:\/\/i0.wp.com\/truusk.store\/wp-content\/uploads\/2026\/03\/cropped-TRUUSK.png?fit=2032%2C917&ssl=1","contentUrl":"https:\/\/i0.wp.com\/truusk.store\/wp-content\/uploads\/2026\/03\/cropped-TRUUSK.png?fit=2032%2C917&ssl=1","width":2032,"height":917,"caption":"TRUUSK - Hem, Tr\u00e4dg\u00e5rd & Fritid"},"image":{"@id":"https:\/\/truusk.store\/sv\/#\/schema\/logo\/image\/"}}]}},"jetpack_sharing_enabled":true,"_links":{"self":[{"href":"https:\/\/truusk.store\/sv\/wp-json\/wp\/v2\/product\/71497","targetHints":{"allow":["GET"]}}],"collection":[{"href":"https:\/\/truusk.store\/sv\/wp-json\/wp\/v2\/product"}],"about":[{"href":"https:\/\/truusk.store\/sv\/wp-json\/wp\/v2\/types\/product"}],"wp:featuredmedia":[{"embeddable":true,"href":"https:\/\/truusk.store\/sv\/wp-json\/wp\/v2\/media\/71488"}],"wp:attachment":[{"href":"https:\/\/truusk.store\/sv\/wp-json\/wp\/v2\/media?parent=71497"}],"wp:term":[{"taxonomy":"product_brand","embeddable":true,"href":"https:\/\/truusk.store\/sv\/wp-json\/wp\/v2\/product_brand?post=71497"},{"taxonomy":"product_cat","embeddable":true,"href":"https:\/\/truusk.store\/sv\/wp-json\/wp\/v2\/product_cat?post=71497"},{"taxonomy":"product_tag","embeddable":true,"href":"https:\/\/truusk.store\/sv\/wp-json\/wp\/v2\/product_tag?post=71497"}],"curies":[{"name":"wp","href":"https:\/\/api.w.org\/{rel}","templated":true}]}}