{"id":71507,"date":"2025-06-05T21:14:47","date_gmt":"2025-06-05T20:14:47","guid":{"rendered":"https:\/\/truusk.store\/product\/hopfallbart-sidobord-tradgardsbord-o46-x-50-cm-runt-vaderbestandigt-balkongbord-med-hopfallbara-ben-campingbord-hopfallbart-bord-kaffebord-for-vardagsrum-kontor-utomhus-inomhus-gront\/"},"modified":"2026-03-12T08:41:09","modified_gmt":"2026-03-12T07:41:09","slug":"truusk-fallbart-sidobord-o46-x-50-cm-runt-balkongbord-vaderbestandigt-campingbord-gront-for-utomhus-och-inomhus","status":"publish","type":"product","link":"https:\/\/truusk.store\/sv\/produkt\/truusk-fallbart-sidobord-o46-x-50-cm-runt-balkongbord-vaderbestandigt-campingbord-gront-for-utomhus-och-inomhus\/","title":{"rendered":"TRUUSK F\u00e4llbart Sidobord \u00d846 x 50 cm &#8211; Runt Balkongbord &#8211; V\u00e4derbest\u00e4ndigt &#8211; Campingbord &#8211; Gr\u00f6nt &#8211; F\u00f6r Utomhus och Inomhus"},"content":{"rendered":"<p>Uppt\u00e4ck TRUUSK lilla tr\u00e4dg\u00e5rdsbord, en charmig utrustning f\u00f6r ditt utomhusomr\u00e5de. Detta hopf\u00e4llbara utomhusbord erbjuder en avtagbar bricka och hopf\u00e4llbara ben f\u00f6r enkel f\u00f6rvaring. En upph\u00f6jd brickkant skyddar dina f\u00f6rem\u00e5l. Tillverkad av robust st\u00e5l, erbjuder det runda tr\u00e4dg\u00e5rdsbordet \u00e4ven l\u00e5ngvarig h\u00e5llbarhet. De justerbara fotdynorna ger ocks\u00e5 en stabil st\u00e5nd p\u00e5 oj\u00e4mn mark.<\/p>\n<p>Beskrivning:<\/p>\n<ul>\n<li> Avtagbar bricka med upph\u00f6jd kant f\u00f6r flexibel anv\u00e4ndning<\/li>\n<li> Hopf\u00e4llbara ben p\u00e5 balkongbordet f\u00f6r kompakt f\u00f6rvaring<\/li>\n<li> Lackad st\u00e5lram, robust och stark f\u00f6r utomhusbruk<\/li>\n<li> Justerbara fotdynor p\u00e5 balkongbordet ger stabilitet p\u00e5 oj\u00e4mn mark<\/li>\n<li> M\u00e5ngsidig anv\u00e4ndning i din tr\u00e4dg\u00e5rd, p\u00e5 terrassen, balkongen eller verandan<\/li>\n<li> Plug-in struktur p\u00e5 utomhusbordet f\u00f6r enkel montering<\/li>\n<\/ul>\n<p> Tekniska data:<\/p>\n<ul>\n<li> F\u00e4rg: Gr\u00f6n<\/li>\n<li> Material: St\u00e5l<\/li>\n<li> Totala dimensioner: \u00d846 x 50H cm<\/li>\n<li> B\u00e4rkapacitet: 30 kg<\/li>\n<\/ul>\n<p>Leverans:<\/p>\n<ul>\n<li> 1 x Terrassbord<\/li>\n<li> 1 x Bruksanvisning<\/li>\n<\/ul>\n","protected":false},"excerpt":{"rendered":"<p>Uppt\u00e4ck TRUUSK lilla tr\u00e4dg\u00e5rdsbord, en charmig utrustning f\u00f6r ditt utomhusomr\u00e5de. Detta hopf\u00e4llbara utomhusbord erbjuder en avtagbar bricka och hopf\u00e4llbara ben&#8230;<\/p>\n","protected":false},"featured_media":71498,"template":"","meta":[],"product_brand":[],"product_cat":[858,457,450],"product_tag":[],"class_list":{"0":"post-71507","1":"product","2":"type-product","3":"status-publish","4":"has-post-thumbnail","6":"product_cat-tradgard-terrass","7":"product_cat-tradgardsbord","8":"product_cat-tradgardsmobler","10":"first","11":"instock","12":"sale","13":"taxable","14":"shipping-taxable","15":"purchasable","16":"product-type-simple"},"yoast_head":"<!-- This site is optimized with the Yoast SEO plugin v25.4 - https:\/\/yoast.com\/wordpress\/plugins\/seo\/ -->\n<title>TRUUSK F\u00e4llbart Sidobord \u00d846 x 50 cm - Runt Balkongbord - V\u00e4derbest\u00e4ndigt - Campingbord - Gr\u00f6nt - F\u00f6r Utomhus och Inomhus - TRUUSK - Hem, Tr\u00e4dg\u00e5rd &amp; Fritid<\/title>\n<meta name=\"robots\" content=\"index, follow, max-snippet:-1, max-image-preview:large, max-video-preview:-1\" \/>\n<link rel=\"canonical\" href=\"https:\/\/truusk.store\/sv\/produkt\/truusk-fallbart-sidobord-o46-x-50-cm-runt-balkongbord-vaderbestandigt-campingbord-gront-for-utomhus-och-inomhus\/\" \/>\n<meta property=\"og:locale\" content=\"sv_SE\" \/>\n<meta property=\"og:type\" content=\"article\" \/>\n<meta property=\"og:title\" content=\"TRUUSK F\u00e4llbart Sidobord \u00d846 x 50 cm - Runt Balkongbord - V\u00e4derbest\u00e4ndigt - Campingbord - Gr\u00f6nt - F\u00f6r Utomhus och Inomhus - TRUUSK - Hem, Tr\u00e4dg\u00e5rd &amp; Fritid\" \/>\n<meta property=\"og:description\" content=\"Uppt\u00e4ck TRUUSK lilla tr\u00e4dg\u00e5rdsbord, en charmig utrustning f\u00f6r ditt utomhusomr\u00e5de. Detta hopf\u00e4llbara utomhusbord erbjuder en avtagbar bricka och hopf\u00e4llbara ben...\" \/>\n<meta property=\"og:url\" content=\"https:\/\/truusk.store\/sv\/produkt\/truusk-fallbart-sidobord-o46-x-50-cm-runt-balkongbord-vaderbestandigt-campingbord-gront-for-utomhus-och-inomhus\/\" \/>\n<meta property=\"og:site_name\" content=\"TRUUSK - Hem, Tr\u00e4dg\u00e5rd &amp; Fritid\" \/>\n<meta property=\"article:modified_time\" content=\"2026-03-12T07:41:09+00:00\" \/>\n<meta property=\"og:image\" content=\"https:\/\/i0.wp.com\/truusk.se\/wp-content\/uploads\/2025\/06\/hopfallbart-sidobord-tradgardsbord-o46-x-50-cm-runt-vaderbestandigt-balkongbord-med-hopfallbara-ben-campingbord-hopfallbart-bord-kaffebord-for-vardagsrum-kontor-utomhus-inomhus-gront-1.webp?fit=2000%2C2000&ssl=1\" \/>\n\t<meta property=\"og:image:width\" content=\"2000\" \/>\n\t<meta property=\"og:image:height\" content=\"2000\" \/>\n\t<meta property=\"og:image:type\" content=\"image\/webp\" \/>\n<meta name=\"twitter:card\" content=\"summary_large_image\" \/>\n<meta name=\"twitter:label1\" content=\"Ber\u00e4knad l\u00e4stid\" \/>\n\t<meta name=\"twitter:data1\" content=\"1 minut\" \/>\n<!-- \/ Yoast SEO plugin. -->","yoast_head_json":{"title":"TRUUSK F\u00e4llbart Sidobord \u00d846 x 50 cm - Runt Balkongbord - V\u00e4derbest\u00e4ndigt - Campingbord - Gr\u00f6nt - F\u00f6r Utomhus och Inomhus - TRUUSK - Hem, Tr\u00e4dg\u00e5rd &amp; Fritid","robots":{"index":"index","follow":"follow","max-snippet":"max-snippet:-1","max-image-preview":"max-image-preview:large","max-video-preview":"max-video-preview:-1"},"canonical":"https:\/\/truusk.store\/sv\/produkt\/truusk-fallbart-sidobord-o46-x-50-cm-runt-balkongbord-vaderbestandigt-campingbord-gront-for-utomhus-och-inomhus\/","og_locale":"sv_SE","og_type":"article","og_title":"TRUUSK F\u00e4llbart Sidobord \u00d846 x 50 cm - Runt Balkongbord - V\u00e4derbest\u00e4ndigt - Campingbord - Gr\u00f6nt - F\u00f6r Utomhus och Inomhus - TRUUSK - Hem, Tr\u00e4dg\u00e5rd &amp; Fritid","og_description":"Uppt\u00e4ck TRUUSK lilla tr\u00e4dg\u00e5rdsbord, en charmig utrustning f\u00f6r ditt utomhusomr\u00e5de. Detta hopf\u00e4llbara utomhusbord erbjuder en avtagbar bricka och hopf\u00e4llbara ben...","og_url":"https:\/\/truusk.store\/sv\/produkt\/truusk-fallbart-sidobord-o46-x-50-cm-runt-balkongbord-vaderbestandigt-campingbord-gront-for-utomhus-och-inomhus\/","og_site_name":"TRUUSK - Hem, Tr\u00e4dg\u00e5rd &amp; Fritid","article_modified_time":"2026-03-12T07:41:09+00:00","og_image":[{"width":2000,"height":2000,"url":"https:\/\/i0.wp.com\/truusk.se\/wp-content\/uploads\/2025\/06\/hopfallbart-sidobord-tradgardsbord-o46-x-50-cm-runt-vaderbestandigt-balkongbord-med-hopfallbara-ben-campingbord-hopfallbart-bord-kaffebord-for-vardagsrum-kontor-utomhus-inomhus-gront-1.webp?fit=2000%2C2000&ssl=1","type":"image\/webp"}],"twitter_card":"summary_large_image","twitter_misc":{"Ber\u00e4knad l\u00e4stid":"1 minut"},"schema":{"@context":"https:\/\/schema.org","@graph":[{"@type":"WebPage","@id":"https:\/\/truusk.store\/sv\/produkt\/truusk-fallbart-sidobord-o46-x-50-cm-runt-balkongbord-vaderbestandigt-campingbord-gront-for-utomhus-och-inomhus\/","url":"https:\/\/truusk.store\/sv\/produkt\/truusk-fallbart-sidobord-o46-x-50-cm-runt-balkongbord-vaderbestandigt-campingbord-gront-for-utomhus-och-inomhus\/","name":"TRUUSK F\u00e4llbart Sidobord \u00d846 x 50 cm - Runt Balkongbord - V\u00e4derbest\u00e4ndigt - Campingbord - Gr\u00f6nt - F\u00f6r Utomhus och Inomhus - TRUUSK - Hem, Tr\u00e4dg\u00e5rd &amp; Fritid","isPartOf":{"@id":"https:\/\/truusk.store\/sv\/#website"},"primaryImageOfPage":{"@id":"https:\/\/truusk.store\/sv\/produkt\/truusk-fallbart-sidobord-o46-x-50-cm-runt-balkongbord-vaderbestandigt-campingbord-gront-for-utomhus-och-inomhus\/#primaryimage"},"image":{"@id":"https:\/\/truusk.store\/sv\/produkt\/truusk-fallbart-sidobord-o46-x-50-cm-runt-balkongbord-vaderbestandigt-campingbord-gront-for-utomhus-och-inomhus\/#primaryimage"},"thumbnailUrl":"https:\/\/i0.wp.com\/truusk.store\/wp-content\/uploads\/2025\/06\/hopfallbart-sidobord-tradgardsbord-o46-x-50-cm-runt-vaderbestandigt-balkongbord-med-hopfallbara-ben-campingbord-hopfallbart-bord-kaffebord-for-vardagsrum-kontor-utomhus-inomhus-gront-1.webp?fit=2000%2C2000&ssl=1","datePublished":"2025-06-05T20:14:47+00:00","dateModified":"2026-03-12T07:41:09+00:00","breadcrumb":{"@id":"https:\/\/truusk.store\/sv\/produkt\/truusk-fallbart-sidobord-o46-x-50-cm-runt-balkongbord-vaderbestandigt-campingbord-gront-for-utomhus-och-inomhus\/#breadcrumb"},"inLanguage":"sv-SE","potentialAction":[{"@type":"ReadAction","target":["https:\/\/truusk.store\/sv\/produkt\/truusk-fallbart-sidobord-o46-x-50-cm-runt-balkongbord-vaderbestandigt-campingbord-gront-for-utomhus-och-inomhus\/"]}]},{"@type":"ImageObject","inLanguage":"sv-SE","@id":"https:\/\/truusk.store\/sv\/produkt\/truusk-fallbart-sidobord-o46-x-50-cm-runt-balkongbord-vaderbestandigt-campingbord-gront-for-utomhus-och-inomhus\/#primaryimage","url":"https:\/\/i0.wp.com\/truusk.store\/wp-content\/uploads\/2025\/06\/hopfallbart-sidobord-tradgardsbord-o46-x-50-cm-runt-vaderbestandigt-balkongbord-med-hopfallbara-ben-campingbord-hopfallbart-bord-kaffebord-for-vardagsrum-kontor-utomhus-inomhus-gront-1.webp?fit=2000%2C2000&ssl=1","contentUrl":"https:\/\/i0.wp.com\/truusk.store\/wp-content\/uploads\/2025\/06\/hopfallbart-sidobord-tradgardsbord-o46-x-50-cm-runt-vaderbestandigt-balkongbord-med-hopfallbara-ben-campingbord-hopfallbart-bord-kaffebord-for-vardagsrum-kontor-utomhus-inomhus-gront-1.webp?fit=2000%2C2000&ssl=1","width":2000,"height":2000},{"@type":"BreadcrumbList","@id":"https:\/\/truusk.store\/sv\/produkt\/truusk-fallbart-sidobord-o46-x-50-cm-runt-balkongbord-vaderbestandigt-campingbord-gront-for-utomhus-och-inomhus\/#breadcrumb","itemListElement":[{"@type":"ListItem","position":1,"name":"Home","item":"https:\/\/truusk.store\/sv\/"},{"@type":"ListItem","position":2,"name":"Shop","item":"https:\/\/truusk.store\/shop\/"},{"@type":"ListItem","position":3,"name":"TRUUSK F\u00e4llbart Sidobord \u00d846 x 50 cm &#8211; Runt Balkongbord &#8211; V\u00e4derbest\u00e4ndigt &#8211; Campingbord &#8211; Gr\u00f6nt &#8211; F\u00f6r Utomhus och Inomhus"}]},{"@type":"WebSite","@id":"https:\/\/truusk.store\/sv\/#website","url":"https:\/\/truusk.store\/sv\/","name":"TRUUSK - Hem, Tr\u00e4dg\u00e5rd & Fritid","description":"","publisher":{"@id":"https:\/\/truusk.store\/sv\/#organization"},"potentialAction":[{"@type":"SearchAction","target":{"@type":"EntryPoint","urlTemplate":"https:\/\/truusk.store\/sv\/?s={search_term_string}"},"query-input":{"@type":"PropertyValueSpecification","valueRequired":true,"valueName":"search_term_string"}}],"inLanguage":"sv-SE"},{"@type":"Organization","@id":"https:\/\/truusk.store\/sv\/#organization","name":"TRUUSK - Hem, Tr\u00e4dg\u00e5rd & Fritid","url":"https:\/\/truusk.store\/sv\/","logo":{"@type":"ImageObject","inLanguage":"sv-SE","@id":"https:\/\/truusk.store\/sv\/#\/schema\/logo\/image\/","url":"https:\/\/i0.wp.com\/truusk.store\/wp-content\/uploads\/2026\/03\/cropped-TRUUSK.png?fit=2032%2C917&ssl=1","contentUrl":"https:\/\/i0.wp.com\/truusk.store\/wp-content\/uploads\/2026\/03\/cropped-TRUUSK.png?fit=2032%2C917&ssl=1","width":2032,"height":917,"caption":"TRUUSK - Hem, Tr\u00e4dg\u00e5rd & Fritid"},"image":{"@id":"https:\/\/truusk.store\/sv\/#\/schema\/logo\/image\/"}}]}},"jetpack_sharing_enabled":true,"_links":{"self":[{"href":"https:\/\/truusk.store\/sv\/wp-json\/wp\/v2\/product\/71507","targetHints":{"allow":["GET"]}}],"collection":[{"href":"https:\/\/truusk.store\/sv\/wp-json\/wp\/v2\/product"}],"about":[{"href":"https:\/\/truusk.store\/sv\/wp-json\/wp\/v2\/types\/product"}],"wp:featuredmedia":[{"embeddable":true,"href":"https:\/\/truusk.store\/sv\/wp-json\/wp\/v2\/media\/71498"}],"wp:attachment":[{"href":"https:\/\/truusk.store\/sv\/wp-json\/wp\/v2\/media?parent=71507"}],"wp:term":[{"taxonomy":"product_brand","embeddable":true,"href":"https:\/\/truusk.store\/sv\/wp-json\/wp\/v2\/product_brand?post=71507"},{"taxonomy":"product_cat","embeddable":true,"href":"https:\/\/truusk.store\/sv\/wp-json\/wp\/v2\/product_cat?post=71507"},{"taxonomy":"product_tag","embeddable":true,"href":"https:\/\/truusk.store\/sv\/wp-json\/wp\/v2\/product_tag?post=71507"}],"curies":[{"name":"wp","href":"https:\/\/api.w.org\/{rel}","templated":true}]}}