{"id":71547,"date":"2025-06-05T21:18:43","date_gmt":"2025-06-05T20:18:43","guid":{"rendered":"https:\/\/truusk.store\/product\/paraplystall-med-4-krokar-vattensamlare-paraplyhallare-for-hall-paraplyer-kappar-stal-155-x-155-x-40-cm-svart\/"},"modified":"2026-03-12T09:36:34","modified_gmt":"2026-03-12T08:36:34","slug":"truusk-paraplystall-med-4-krokar-vattensamlare-for-hall-stal-155-x-155-x-40-cm-svart","status":"publish","type":"product","link":"https:\/\/truusk.store\/sv\/produkt\/truusk-paraplystall-med-4-krokar-vattensamlare-for-hall-stal-155-x-155-x-40-cm-svart\/","title":{"rendered":"TRUUSK Paraplyst\u00e4ll med 4 krokar &#8211; Vattensamlare &#8211; F\u00f6r hall &#8211; St\u00e5l &#8211; 15,5 x 15,5 x 40 cm &#8211; Svart"},"content":{"rendered":"<p>Regniga dagar kr\u00e4ver paraplyer, vilket ofta l\u00e4mnar v\u00e5ta golv. Den stilfulla och funktionella TRUUSK paraplyst\u00e4llet f\u00f6r hallen skapar en speciell f\u00f6rvaringsplats f\u00f6r paraplyer. Tillverkad av robust, galvaniserat st\u00e5l, \u00e4r paraplyst\u00e4llet motst\u00e5ndskraftigt mot rost. Med sina m\u00e5tt p\u00e5 15,5 x 15,5 cm rymmer den tv\u00e5 stora paraplyer och erbjuder fyra krokar f\u00f6r mindre. Inklusive en avtagbar bottenbricka f\u00f6r enkel borttagning av v\u00e4tska.<\/p>\n<p>Beskrivning:<\/p>\n<ul>\n<li> Paraplyst\u00e4ll f\u00f6r hall, k\u00f6k, sovrum och mer<\/li>\n<li> Rymmer tv\u00e5 stora paraplyer, med fyra krokar f\u00f6r mindre paraplyer<\/li>\n<li> Stark struktur av paraplyst\u00e4llet i galvaniserat st\u00e5l<\/li>\n<li> Paraply- och regndropputsk\u00e4rningar f\u00f6r en i\u00f6gonfallande design<\/li>\n<li> Avtagbart bottenfack f\u00f6r att ta bort uppsamlad v\u00e4tska<\/li>\n<li> Ingen montering kr\u00e4vs &#8211; anv\u00e4nd direkt ur l\u00e5dan<\/li>\n<\/ul>\n<p> Tekniska data:<\/p>\n<ul>\n<li> F\u00e4rg: Svart<\/li>\n<li> Material: Galvaniserat st\u00e5l<\/li>\n<li> Totala dimensioner: 15,5B x 15,5D x 40H cm<\/li>\n<li> Droppbrickans storlek: 15B x 15D x 5H cm<\/li>\n<\/ul>\n<p>Leveransinneh\u00e5ll:<\/p>\n<ul>\n<li> 1 x Paraplyst\u00e4ll<\/li>\n<li> 4 x Krokar<\/li>\n<li> 1 x Droppbricka<\/li>\n<li> 1 x Bruksanvisning<\/li>\n<\/ul>\n","protected":false},"excerpt":{"rendered":"<p>Regniga dagar kr\u00e4ver paraplyer, vilket ofta l\u00e4mnar v\u00e5ta golv. Den stilfulla och funktionella TRUUSK paraplyst\u00e4llet f\u00f6r hallen skapar en speciell&#8230;<\/p>\n","protected":false},"featured_media":71538,"template":"","meta":[],"product_brand":[],"product_cat":[886,862,1036,858],"product_tag":[],"class_list":{"0":"post-71547","1":"product","2":"type-product","3":"status-publish","4":"has-post-thumbnail","6":"product_cat-schirmstander","7":"product_cat-sol-insynsskydd","8":"product_cat-tillbehor-for-solparaplyer","9":"product_cat-tradgard-terrass","11":"first","12":"instock","13":"sale","14":"taxable","15":"shipping-taxable","16":"purchasable","17":"product-type-simple"},"yoast_head":"<!-- This site is optimized with the Yoast SEO plugin v25.4 - https:\/\/yoast.com\/wordpress\/plugins\/seo\/ -->\n<title>TRUUSK Paraplyst\u00e4ll med 4 krokar - Vattensamlare - F\u00f6r hall - St\u00e5l - 15,5 x 15,5 x 40 cm - Svart - TRUUSK - Hem, Tr\u00e4dg\u00e5rd &amp; Fritid<\/title>\n<meta name=\"robots\" content=\"index, follow, max-snippet:-1, max-image-preview:large, max-video-preview:-1\" \/>\n<link rel=\"canonical\" href=\"https:\/\/truusk.store\/sv\/produkt\/truusk-paraplystall-med-4-krokar-vattensamlare-for-hall-stal-155-x-155-x-40-cm-svart\/\" \/>\n<meta property=\"og:locale\" content=\"sv_SE\" \/>\n<meta property=\"og:type\" content=\"article\" \/>\n<meta property=\"og:title\" content=\"TRUUSK Paraplyst\u00e4ll med 4 krokar - Vattensamlare - F\u00f6r hall - St\u00e5l - 15,5 x 15,5 x 40 cm - Svart - TRUUSK - Hem, Tr\u00e4dg\u00e5rd &amp; Fritid\" \/>\n<meta property=\"og:description\" content=\"Regniga dagar kr\u00e4ver paraplyer, vilket ofta l\u00e4mnar v\u00e5ta golv. Den stilfulla och funktionella TRUUSK paraplyst\u00e4llet f\u00f6r hallen skapar en speciell...\" \/>\n<meta property=\"og:url\" content=\"https:\/\/truusk.store\/sv\/produkt\/truusk-paraplystall-med-4-krokar-vattensamlare-for-hall-stal-155-x-155-x-40-cm-svart\/\" \/>\n<meta property=\"og:site_name\" content=\"TRUUSK - Hem, Tr\u00e4dg\u00e5rd &amp; Fritid\" \/>\n<meta property=\"article:modified_time\" content=\"2026-03-12T08:36:34+00:00\" \/>\n<meta property=\"og:image\" content=\"https:\/\/i0.wp.com\/truusk.se\/wp-content\/uploads\/2025\/06\/paraplystall-med-4-krokar-vattensamlare-paraplyhallare-for-hall-paraplyer-kappar-stal-155-x-155-x-40-cm-svart-1.webp?fit=2000%2C2000&ssl=1\" \/>\n\t<meta property=\"og:image:width\" content=\"2000\" \/>\n\t<meta property=\"og:image:height\" content=\"2000\" \/>\n\t<meta property=\"og:image:type\" content=\"image\/webp\" \/>\n<meta name=\"twitter:card\" content=\"summary_large_image\" \/>\n<meta name=\"twitter:label1\" content=\"Ber\u00e4knad l\u00e4stid\" \/>\n\t<meta name=\"twitter:data1\" content=\"1 minut\" \/>\n<!-- \/ Yoast SEO plugin. -->","yoast_head_json":{"title":"TRUUSK Paraplyst\u00e4ll med 4 krokar - Vattensamlare - F\u00f6r hall - St\u00e5l - 15,5 x 15,5 x 40 cm - Svart - TRUUSK - Hem, Tr\u00e4dg\u00e5rd &amp; Fritid","robots":{"index":"index","follow":"follow","max-snippet":"max-snippet:-1","max-image-preview":"max-image-preview:large","max-video-preview":"max-video-preview:-1"},"canonical":"https:\/\/truusk.store\/sv\/produkt\/truusk-paraplystall-med-4-krokar-vattensamlare-for-hall-stal-155-x-155-x-40-cm-svart\/","og_locale":"sv_SE","og_type":"article","og_title":"TRUUSK Paraplyst\u00e4ll med 4 krokar - Vattensamlare - F\u00f6r hall - St\u00e5l - 15,5 x 15,5 x 40 cm - Svart - TRUUSK - Hem, Tr\u00e4dg\u00e5rd &amp; Fritid","og_description":"Regniga dagar kr\u00e4ver paraplyer, vilket ofta l\u00e4mnar v\u00e5ta golv. Den stilfulla och funktionella TRUUSK paraplyst\u00e4llet f\u00f6r hallen skapar en speciell...","og_url":"https:\/\/truusk.store\/sv\/produkt\/truusk-paraplystall-med-4-krokar-vattensamlare-for-hall-stal-155-x-155-x-40-cm-svart\/","og_site_name":"TRUUSK - Hem, Tr\u00e4dg\u00e5rd &amp; Fritid","article_modified_time":"2026-03-12T08:36:34+00:00","og_image":[{"width":2000,"height":2000,"url":"https:\/\/i0.wp.com\/truusk.se\/wp-content\/uploads\/2025\/06\/paraplystall-med-4-krokar-vattensamlare-paraplyhallare-for-hall-paraplyer-kappar-stal-155-x-155-x-40-cm-svart-1.webp?fit=2000%2C2000&ssl=1","type":"image\/webp"}],"twitter_card":"summary_large_image","twitter_misc":{"Ber\u00e4knad l\u00e4stid":"1 minut"},"schema":{"@context":"https:\/\/schema.org","@graph":[{"@type":"WebPage","@id":"https:\/\/truusk.store\/sv\/produkt\/truusk-paraplystall-med-4-krokar-vattensamlare-for-hall-stal-155-x-155-x-40-cm-svart\/","url":"https:\/\/truusk.store\/sv\/produkt\/truusk-paraplystall-med-4-krokar-vattensamlare-for-hall-stal-155-x-155-x-40-cm-svart\/","name":"TRUUSK Paraplyst\u00e4ll med 4 krokar - Vattensamlare - F\u00f6r hall - St\u00e5l - 15,5 x 15,5 x 40 cm - Svart - TRUUSK - Hem, Tr\u00e4dg\u00e5rd &amp; Fritid","isPartOf":{"@id":"https:\/\/truusk.store\/sv\/#website"},"primaryImageOfPage":{"@id":"https:\/\/truusk.store\/sv\/produkt\/truusk-paraplystall-med-4-krokar-vattensamlare-for-hall-stal-155-x-155-x-40-cm-svart\/#primaryimage"},"image":{"@id":"https:\/\/truusk.store\/sv\/produkt\/truusk-paraplystall-med-4-krokar-vattensamlare-for-hall-stal-155-x-155-x-40-cm-svart\/#primaryimage"},"thumbnailUrl":"https:\/\/i0.wp.com\/truusk.store\/wp-content\/uploads\/2025\/06\/paraplystall-med-4-krokar-vattensamlare-paraplyhallare-for-hall-paraplyer-kappar-stal-155-x-155-x-40-cm-svart-1.webp?fit=2000%2C2000&ssl=1","datePublished":"2025-06-05T20:18:43+00:00","dateModified":"2026-03-12T08:36:34+00:00","breadcrumb":{"@id":"https:\/\/truusk.store\/sv\/produkt\/truusk-paraplystall-med-4-krokar-vattensamlare-for-hall-stal-155-x-155-x-40-cm-svart\/#breadcrumb"},"inLanguage":"sv-SE","potentialAction":[{"@type":"ReadAction","target":["https:\/\/truusk.store\/sv\/produkt\/truusk-paraplystall-med-4-krokar-vattensamlare-for-hall-stal-155-x-155-x-40-cm-svart\/"]}]},{"@type":"ImageObject","inLanguage":"sv-SE","@id":"https:\/\/truusk.store\/sv\/produkt\/truusk-paraplystall-med-4-krokar-vattensamlare-for-hall-stal-155-x-155-x-40-cm-svart\/#primaryimage","url":"https:\/\/i0.wp.com\/truusk.store\/wp-content\/uploads\/2025\/06\/paraplystall-med-4-krokar-vattensamlare-paraplyhallare-for-hall-paraplyer-kappar-stal-155-x-155-x-40-cm-svart-1.webp?fit=2000%2C2000&ssl=1","contentUrl":"https:\/\/i0.wp.com\/truusk.store\/wp-content\/uploads\/2025\/06\/paraplystall-med-4-krokar-vattensamlare-paraplyhallare-for-hall-paraplyer-kappar-stal-155-x-155-x-40-cm-svart-1.webp?fit=2000%2C2000&ssl=1","width":2000,"height":2000},{"@type":"BreadcrumbList","@id":"https:\/\/truusk.store\/sv\/produkt\/truusk-paraplystall-med-4-krokar-vattensamlare-for-hall-stal-155-x-155-x-40-cm-svart\/#breadcrumb","itemListElement":[{"@type":"ListItem","position":1,"name":"Home","item":"https:\/\/truusk.store\/sv\/"},{"@type":"ListItem","position":2,"name":"Shop","item":"https:\/\/truusk.store\/shop\/"},{"@type":"ListItem","position":3,"name":"TRUUSK Paraplyst\u00e4ll med 4 krokar &#8211; Vattensamlare &#8211; F\u00f6r hall &#8211; St\u00e5l &#8211; 15,5 x 15,5 x 40 cm &#8211; Svart"}]},{"@type":"WebSite","@id":"https:\/\/truusk.store\/sv\/#website","url":"https:\/\/truusk.store\/sv\/","name":"TRUUSK - Hem, Tr\u00e4dg\u00e5rd & Fritid","description":"","publisher":{"@id":"https:\/\/truusk.store\/sv\/#organization"},"potentialAction":[{"@type":"SearchAction","target":{"@type":"EntryPoint","urlTemplate":"https:\/\/truusk.store\/sv\/?s={search_term_string}"},"query-input":{"@type":"PropertyValueSpecification","valueRequired":true,"valueName":"search_term_string"}}],"inLanguage":"sv-SE"},{"@type":"Organization","@id":"https:\/\/truusk.store\/sv\/#organization","name":"TRUUSK - Hem, Tr\u00e4dg\u00e5rd & Fritid","url":"https:\/\/truusk.store\/sv\/","logo":{"@type":"ImageObject","inLanguage":"sv-SE","@id":"https:\/\/truusk.store\/sv\/#\/schema\/logo\/image\/","url":"https:\/\/i0.wp.com\/truusk.store\/wp-content\/uploads\/2026\/03\/cropped-TRUUSK.png?fit=2032%2C917&ssl=1","contentUrl":"https:\/\/i0.wp.com\/truusk.store\/wp-content\/uploads\/2026\/03\/cropped-TRUUSK.png?fit=2032%2C917&ssl=1","width":2032,"height":917,"caption":"TRUUSK - Hem, Tr\u00e4dg\u00e5rd & Fritid"},"image":{"@id":"https:\/\/truusk.store\/sv\/#\/schema\/logo\/image\/"}}]}},"jetpack_sharing_enabled":true,"_links":{"self":[{"href":"https:\/\/truusk.store\/sv\/wp-json\/wp\/v2\/product\/71547","targetHints":{"allow":["GET"]}}],"collection":[{"href":"https:\/\/truusk.store\/sv\/wp-json\/wp\/v2\/product"}],"about":[{"href":"https:\/\/truusk.store\/sv\/wp-json\/wp\/v2\/types\/product"}],"wp:featuredmedia":[{"embeddable":true,"href":"https:\/\/truusk.store\/sv\/wp-json\/wp\/v2\/media\/71538"}],"wp:attachment":[{"href":"https:\/\/truusk.store\/sv\/wp-json\/wp\/v2\/media?parent=71547"}],"wp:term":[{"taxonomy":"product_brand","embeddable":true,"href":"https:\/\/truusk.store\/sv\/wp-json\/wp\/v2\/product_brand?post=71547"},{"taxonomy":"product_cat","embeddable":true,"href":"https:\/\/truusk.store\/sv\/wp-json\/wp\/v2\/product_cat?post=71547"},{"taxonomy":"product_tag","embeddable":true,"href":"https:\/\/truusk.store\/sv\/wp-json\/wp\/v2\/product_tag?post=71547"}],"curies":[{"name":"wp","href":"https:\/\/api.w.org\/{rel}","templated":true}]}}