{"id":71557,"date":"2025-06-05T21:19:48","date_gmt":"2025-06-05T20:19:48","guid":{"rendered":"https:\/\/truusk.store\/product\/sidobord-hardglas-kaffebord-soffbord-med-vagdesign-rundade-horn-balkongbord-tradgardsbord-soffbord-tebord-tradgardsmobler-for-vardagsrum-tradgard-terrass-balkong-95x55-cm-svart\/"},"modified":"2026-03-12T08:40:54","modified_gmt":"2026-03-12T07:40:54","slug":"truusk-sidobord-hardglas-med-vagdesign-rundade-horn-balkongbord-tradgardsbord-svart-95x55-cm-for-vardagsrum-tradgard","status":"publish","type":"product","link":"https:\/\/truusk.store\/sv\/produkt\/truusk-sidobord-hardglas-med-vagdesign-rundade-horn-balkongbord-tradgardsbord-svart-95x55-cm-for-vardagsrum-tradgard\/","title":{"rendered":"TRUUSK Sidobord H\u00e5rdglas Med V\u00e5gdesign &#8211; Rundade H\u00f6rn &#8211; Balkongbord &#8211; Tr\u00e4dg\u00e5rdsbord &#8211; Svart &#8211; 95&#215;55 cm &#8211; F\u00f6r Vardagsrum Tr\u00e4dg\u00e5rd"},"content":{"rendered":"<p>F\u00f6rh\u00f6j din tr\u00e4dg\u00e5rdsn\u00f6je med den eleganta TRUUSK balkongbordet. Dess stilfulla form passar perfekt in i varje tr\u00e4dg\u00e5rd eller terrass. Den 3,5 cm tjocka, h\u00e4rdat glasplattan med stilfullt v\u00e5gm\u00f6nster och rundade h\u00f6rn p\u00e5 soffbordet kombinerar elegans med s\u00e4kerhet. Det pulverlackerade metallramen p\u00e5 balkongbordet lovar l\u00e5ngvarig gl\u00e4dje och blir h\u00f6jdpunkten p\u00e5 dina utomhusevenemang.<\/p>\n<p>Beskrivning:<\/p>\n<ul>\n<li> Det smala designet p\u00e5 balkongbordet passar l\u00e4tt in i tr\u00e4dg\u00e5rdar, terrasser eller vintertr\u00e4dg\u00e5rdar<\/li>\n<li> Bordsskivan av h\u00e4rdat glas \u00e4r rept\u00e5lig och \u00f6kar elegansen<\/li>\n<li> Rundade h\u00f6rn p\u00e5 balkongbordet minimerar risken f\u00f6r skador vid st\u00f6tar<\/li>\n<li> Unikt v\u00e5gm\u00f6nster p\u00e5 bordsskivan ger mer sofistikering<\/li>\n<li> Pulverlackerad ram \u00e4r rostbest\u00e4ndig och garanterar l\u00e5ng livsl\u00e4ngd<\/li>\n<li> Halkfria fotdynor p\u00e5 soffbordet skyddar golvet mot repor<\/li>\n<li> Gener\u00f6s yta p\u00e5 95 x 55 cm f\u00f6r enkel \u00e5tkomst vid aktiviteter<\/li>\n<\/ul>\n<p> Tekniska data:<\/p>\n<ul>\n<li> F\u00e4rg: Svart<\/li>\n<li> Material: Metall, H\u00e4rdat glas<\/li>\n<li> Totala dimensioner: 95L x 55B x 46H cm<\/li>\n<li> Bordsskivans dimensioner: 95L x 55B x 3,5H cm<\/li>\n<li> B\u00e4rkapacitet: 30 kg<\/li>\n<\/ul>\n<p>Leveransinneh\u00e5ll:<\/p>\n<ul>\n<li> 1 x Terrass-soffbord<\/li>\n<li> 1 x Bruksanvisning<\/li>\n<\/ul>\n","protected":false},"excerpt":{"rendered":"<p>F\u00f6rh\u00f6j din tr\u00e4dg\u00e5rdsn\u00f6je med den eleganta TRUUSK balkongbordet. Dess stilfulla form passar perfekt in i varje tr\u00e4dg\u00e5rd eller terrass. Den&#8230;<\/p>\n","protected":false},"featured_media":71548,"template":"","meta":[],"product_brand":[],"product_cat":[858,457,450],"product_tag":[],"class_list":{"0":"post-71557","1":"product","2":"type-product","3":"status-publish","4":"has-post-thumbnail","6":"product_cat-tradgard-terrass","7":"product_cat-tradgardsbord","8":"product_cat-tradgardsmobler","10":"first","11":"instock","12":"sale","13":"taxable","14":"shipping-taxable","15":"purchasable","16":"product-type-simple"},"yoast_head":"<!-- This site is optimized with the Yoast SEO plugin v25.4 - https:\/\/yoast.com\/wordpress\/plugins\/seo\/ -->\n<title>TRUUSK Sidobord H\u00e5rdglas Med V\u00e5gdesign - Rundade H\u00f6rn - Balkongbord - Tr\u00e4dg\u00e5rdsbord - Svart - 95x55 cm - F\u00f6r Vardagsrum Tr\u00e4dg\u00e5rd - TRUUSK - Hem, Tr\u00e4dg\u00e5rd &amp; Fritid<\/title>\n<meta name=\"robots\" content=\"index, follow, max-snippet:-1, max-image-preview:large, max-video-preview:-1\" \/>\n<link rel=\"canonical\" href=\"https:\/\/truusk.store\/sv\/produkt\/truusk-sidobord-hardglas-med-vagdesign-rundade-horn-balkongbord-tradgardsbord-svart-95x55-cm-for-vardagsrum-tradgard\/\" \/>\n<meta property=\"og:locale\" content=\"sv_SE\" \/>\n<meta property=\"og:type\" content=\"article\" \/>\n<meta property=\"og:title\" content=\"TRUUSK Sidobord H\u00e5rdglas Med V\u00e5gdesign - Rundade H\u00f6rn - Balkongbord - Tr\u00e4dg\u00e5rdsbord - Svart - 95x55 cm - F\u00f6r Vardagsrum Tr\u00e4dg\u00e5rd - TRUUSK - Hem, Tr\u00e4dg\u00e5rd &amp; Fritid\" \/>\n<meta property=\"og:description\" content=\"F\u00f6rh\u00f6j din tr\u00e4dg\u00e5rdsn\u00f6je med den eleganta TRUUSK balkongbordet. Dess stilfulla form passar perfekt in i varje tr\u00e4dg\u00e5rd eller terrass. Den...\" \/>\n<meta property=\"og:url\" content=\"https:\/\/truusk.store\/sv\/produkt\/truusk-sidobord-hardglas-med-vagdesign-rundade-horn-balkongbord-tradgardsbord-svart-95x55-cm-for-vardagsrum-tradgard\/\" \/>\n<meta property=\"og:site_name\" content=\"TRUUSK - Hem, Tr\u00e4dg\u00e5rd &amp; Fritid\" \/>\n<meta property=\"article:modified_time\" content=\"2026-03-12T07:40:54+00:00\" \/>\n<meta property=\"og:image\" content=\"https:\/\/i0.wp.com\/truusk.se\/wp-content\/uploads\/2025\/06\/sidobord-hardglas-kaffebord-soffbord-med-vagdesign-rundade-horn-balkongbord-tradgardsbord-soffbord-tebord-tradgardsmobler-for-vardagsrum-tradgard-terrass-balkong-95x55-cm-svart-1.webp?fit=2000%2C2000&ssl=1\" \/>\n\t<meta property=\"og:image:width\" content=\"2000\" \/>\n\t<meta property=\"og:image:height\" content=\"2000\" \/>\n\t<meta property=\"og:image:type\" content=\"image\/webp\" \/>\n<meta name=\"twitter:card\" content=\"summary_large_image\" \/>\n<meta name=\"twitter:label1\" content=\"Ber\u00e4knad l\u00e4stid\" \/>\n\t<meta name=\"twitter:data1\" content=\"1 minut\" \/>\n<!-- \/ Yoast SEO plugin. -->","yoast_head_json":{"title":"TRUUSK Sidobord H\u00e5rdglas Med V\u00e5gdesign - Rundade H\u00f6rn - Balkongbord - Tr\u00e4dg\u00e5rdsbord - Svart - 95x55 cm - F\u00f6r Vardagsrum Tr\u00e4dg\u00e5rd - TRUUSK - Hem, Tr\u00e4dg\u00e5rd &amp; Fritid","robots":{"index":"index","follow":"follow","max-snippet":"max-snippet:-1","max-image-preview":"max-image-preview:large","max-video-preview":"max-video-preview:-1"},"canonical":"https:\/\/truusk.store\/sv\/produkt\/truusk-sidobord-hardglas-med-vagdesign-rundade-horn-balkongbord-tradgardsbord-svart-95x55-cm-for-vardagsrum-tradgard\/","og_locale":"sv_SE","og_type":"article","og_title":"TRUUSK Sidobord H\u00e5rdglas Med V\u00e5gdesign - Rundade H\u00f6rn - Balkongbord - Tr\u00e4dg\u00e5rdsbord - Svart - 95x55 cm - F\u00f6r Vardagsrum Tr\u00e4dg\u00e5rd - TRUUSK - Hem, Tr\u00e4dg\u00e5rd &amp; Fritid","og_description":"F\u00f6rh\u00f6j din tr\u00e4dg\u00e5rdsn\u00f6je med den eleganta TRUUSK balkongbordet. Dess stilfulla form passar perfekt in i varje tr\u00e4dg\u00e5rd eller terrass. Den...","og_url":"https:\/\/truusk.store\/sv\/produkt\/truusk-sidobord-hardglas-med-vagdesign-rundade-horn-balkongbord-tradgardsbord-svart-95x55-cm-for-vardagsrum-tradgard\/","og_site_name":"TRUUSK - Hem, Tr\u00e4dg\u00e5rd &amp; Fritid","article_modified_time":"2026-03-12T07:40:54+00:00","og_image":[{"width":2000,"height":2000,"url":"https:\/\/i0.wp.com\/truusk.se\/wp-content\/uploads\/2025\/06\/sidobord-hardglas-kaffebord-soffbord-med-vagdesign-rundade-horn-balkongbord-tradgardsbord-soffbord-tebord-tradgardsmobler-for-vardagsrum-tradgard-terrass-balkong-95x55-cm-svart-1.webp?fit=2000%2C2000&ssl=1","type":"image\/webp"}],"twitter_card":"summary_large_image","twitter_misc":{"Ber\u00e4knad l\u00e4stid":"1 minut"},"schema":{"@context":"https:\/\/schema.org","@graph":[{"@type":"WebPage","@id":"https:\/\/truusk.store\/sv\/produkt\/truusk-sidobord-hardglas-med-vagdesign-rundade-horn-balkongbord-tradgardsbord-svart-95x55-cm-for-vardagsrum-tradgard\/","url":"https:\/\/truusk.store\/sv\/produkt\/truusk-sidobord-hardglas-med-vagdesign-rundade-horn-balkongbord-tradgardsbord-svart-95x55-cm-for-vardagsrum-tradgard\/","name":"TRUUSK Sidobord H\u00e5rdglas Med V\u00e5gdesign - Rundade H\u00f6rn - Balkongbord - Tr\u00e4dg\u00e5rdsbord - Svart - 95x55 cm - F\u00f6r Vardagsrum Tr\u00e4dg\u00e5rd - TRUUSK - Hem, Tr\u00e4dg\u00e5rd &amp; Fritid","isPartOf":{"@id":"https:\/\/truusk.store\/sv\/#website"},"primaryImageOfPage":{"@id":"https:\/\/truusk.store\/sv\/produkt\/truusk-sidobord-hardglas-med-vagdesign-rundade-horn-balkongbord-tradgardsbord-svart-95x55-cm-for-vardagsrum-tradgard\/#primaryimage"},"image":{"@id":"https:\/\/truusk.store\/sv\/produkt\/truusk-sidobord-hardglas-med-vagdesign-rundade-horn-balkongbord-tradgardsbord-svart-95x55-cm-for-vardagsrum-tradgard\/#primaryimage"},"thumbnailUrl":"https:\/\/i0.wp.com\/truusk.store\/wp-content\/uploads\/2025\/06\/sidobord-hardglas-kaffebord-soffbord-med-vagdesign-rundade-horn-balkongbord-tradgardsbord-soffbord-tebord-tradgardsmobler-for-vardagsrum-tradgard-terrass-balkong-95x55-cm-svart-1.webp?fit=2000%2C2000&ssl=1","datePublished":"2025-06-05T20:19:48+00:00","dateModified":"2026-03-12T07:40:54+00:00","breadcrumb":{"@id":"https:\/\/truusk.store\/sv\/produkt\/truusk-sidobord-hardglas-med-vagdesign-rundade-horn-balkongbord-tradgardsbord-svart-95x55-cm-for-vardagsrum-tradgard\/#breadcrumb"},"inLanguage":"sv-SE","potentialAction":[{"@type":"ReadAction","target":["https:\/\/truusk.store\/sv\/produkt\/truusk-sidobord-hardglas-med-vagdesign-rundade-horn-balkongbord-tradgardsbord-svart-95x55-cm-for-vardagsrum-tradgard\/"]}]},{"@type":"ImageObject","inLanguage":"sv-SE","@id":"https:\/\/truusk.store\/sv\/produkt\/truusk-sidobord-hardglas-med-vagdesign-rundade-horn-balkongbord-tradgardsbord-svart-95x55-cm-for-vardagsrum-tradgard\/#primaryimage","url":"https:\/\/i0.wp.com\/truusk.store\/wp-content\/uploads\/2025\/06\/sidobord-hardglas-kaffebord-soffbord-med-vagdesign-rundade-horn-balkongbord-tradgardsbord-soffbord-tebord-tradgardsmobler-for-vardagsrum-tradgard-terrass-balkong-95x55-cm-svart-1.webp?fit=2000%2C2000&ssl=1","contentUrl":"https:\/\/i0.wp.com\/truusk.store\/wp-content\/uploads\/2025\/06\/sidobord-hardglas-kaffebord-soffbord-med-vagdesign-rundade-horn-balkongbord-tradgardsbord-soffbord-tebord-tradgardsmobler-for-vardagsrum-tradgard-terrass-balkong-95x55-cm-svart-1.webp?fit=2000%2C2000&ssl=1","width":2000,"height":2000},{"@type":"BreadcrumbList","@id":"https:\/\/truusk.store\/sv\/produkt\/truusk-sidobord-hardglas-med-vagdesign-rundade-horn-balkongbord-tradgardsbord-svart-95x55-cm-for-vardagsrum-tradgard\/#breadcrumb","itemListElement":[{"@type":"ListItem","position":1,"name":"Home","item":"https:\/\/truusk.store\/sv\/"},{"@type":"ListItem","position":2,"name":"Shop","item":"https:\/\/truusk.store\/shop\/"},{"@type":"ListItem","position":3,"name":"TRUUSK Sidobord H\u00e5rdglas Med V\u00e5gdesign &#8211; Rundade H\u00f6rn &#8211; Balkongbord &#8211; Tr\u00e4dg\u00e5rdsbord &#8211; Svart &#8211; 95&#215;55 cm &#8211; F\u00f6r Vardagsrum Tr\u00e4dg\u00e5rd"}]},{"@type":"WebSite","@id":"https:\/\/truusk.store\/sv\/#website","url":"https:\/\/truusk.store\/sv\/","name":"TRUUSK - Hem, Tr\u00e4dg\u00e5rd & Fritid","description":"","publisher":{"@id":"https:\/\/truusk.store\/sv\/#organization"},"potentialAction":[{"@type":"SearchAction","target":{"@type":"EntryPoint","urlTemplate":"https:\/\/truusk.store\/sv\/?s={search_term_string}"},"query-input":{"@type":"PropertyValueSpecification","valueRequired":true,"valueName":"search_term_string"}}],"inLanguage":"sv-SE"},{"@type":"Organization","@id":"https:\/\/truusk.store\/sv\/#organization","name":"TRUUSK - Hem, Tr\u00e4dg\u00e5rd & Fritid","url":"https:\/\/truusk.store\/sv\/","logo":{"@type":"ImageObject","inLanguage":"sv-SE","@id":"https:\/\/truusk.store\/sv\/#\/schema\/logo\/image\/","url":"https:\/\/i0.wp.com\/truusk.store\/wp-content\/uploads\/2026\/03\/cropped-TRUUSK.png?fit=2032%2C917&ssl=1","contentUrl":"https:\/\/i0.wp.com\/truusk.store\/wp-content\/uploads\/2026\/03\/cropped-TRUUSK.png?fit=2032%2C917&ssl=1","width":2032,"height":917,"caption":"TRUUSK - Hem, Tr\u00e4dg\u00e5rd & Fritid"},"image":{"@id":"https:\/\/truusk.store\/sv\/#\/schema\/logo\/image\/"}}]}},"jetpack_sharing_enabled":true,"_links":{"self":[{"href":"https:\/\/truusk.store\/sv\/wp-json\/wp\/v2\/product\/71557","targetHints":{"allow":["GET"]}}],"collection":[{"href":"https:\/\/truusk.store\/sv\/wp-json\/wp\/v2\/product"}],"about":[{"href":"https:\/\/truusk.store\/sv\/wp-json\/wp\/v2\/types\/product"}],"wp:featuredmedia":[{"embeddable":true,"href":"https:\/\/truusk.store\/sv\/wp-json\/wp\/v2\/media\/71548"}],"wp:attachment":[{"href":"https:\/\/truusk.store\/sv\/wp-json\/wp\/v2\/media?parent=71557"}],"wp:term":[{"taxonomy":"product_brand","embeddable":true,"href":"https:\/\/truusk.store\/sv\/wp-json\/wp\/v2\/product_brand?post=71557"},{"taxonomy":"product_cat","embeddable":true,"href":"https:\/\/truusk.store\/sv\/wp-json\/wp\/v2\/product_cat?post=71557"},{"taxonomy":"product_tag","embeddable":true,"href":"https:\/\/truusk.store\/sv\/wp-json\/wp\/v2\/product_tag?post=71557"}],"curies":[{"name":"wp","href":"https:\/\/api.w.org\/{rel}","templated":true}]}}