{"id":71597,"date":"2025-06-05T21:23:52","date_gmt":"2025-06-05T20:23:52","guid":{"rendered":"https:\/\/truusk.store\/product\/parasoll-180-grader-roterbar-hojdjusterbar-tradgardsparasoll-med-aluminiummast-marknadsparasoll-solskydd-parasoll-hangande-parasoll-balkongparasoll-solskyddsparasoll-for-balkong-150x205cm-morkgra\/"},"modified":"2026-03-12T08:40:48","modified_gmt":"2026-03-12T07:40:48","slug":"truusk-parasoll-180-grader-roterbar-hojdjusterbar-tradgardsparasoll-aluminiummast-marknadsparasoll-solskydd-parasoll","status":"publish","type":"product","link":"https:\/\/truusk.store\/sv\/produkt\/truusk-parasoll-180-grader-roterbar-hojdjusterbar-tradgardsparasoll-aluminiummast-marknadsparasoll-solskydd-parasoll\/","title":{"rendered":"TRUUSK Parasoll 180 Grader Roterbar &#8211; H\u00f6jdjusterbar Tr\u00e4dg\u00e5rdsparasoll &#8211; Aluminiummast &#8211; Marknadsparasoll &#8211; Solskydd &#8211; Parasoll"},"content":{"rendered":"<p>Njut av flexibel skugga med TRUUSK parasoll, som kan roteras 180 grader f\u00f6r optimalt solskydd. Justera h\u00f6jden p\u00e5 parasollet f\u00f6r att anpassa det perfekt till din utomhusmilj\u00f6. Tillverkad av polyester, garanterar tr\u00e4dg\u00e5rdsparasollet utm\u00e4rkt UV-skydd upp till UPF 50+ och blockerar 98% av UV-str\u00e5larna, st\u00f6dd av ett stabilt aluminiumram.<\/p>\n<p>Beskrivning:<\/p>\n<ul>\n<li> Roterar 180 grader f\u00f6r optimal justering av solvinkeln<\/li>\n<li> H\u00f6jdjusterbarhet av tr\u00e4dg\u00e5rdsparasollet ger flexibilitet f\u00f6r olika utrymmen och behov<\/li>\n<li> Polyesterduken p\u00e5 tr\u00e4dg\u00e5rdsparasollet erbjuder UPF 50+ UV-skydd och blockerar 98% av UV-str\u00e5larna<\/li>\n<li> Starka aluminiumst\u00e4nger och en enskild ribba \u00f6kar stabiliteten och h\u00e5llbarheten<\/li>\n<li> Metallkomponenter i parasollet garanterar h\u00e5llbarhet vid l\u00e5ngvarig utomhusanv\u00e4ndning<\/li>\n<li> Montering kr\u00e4vs<\/li>\n<\/ul>\n<p> Tekniska data:<\/p>\n<ul>\n<li> F\u00e4rg: M\u00f6rkgr\u00e5<\/li>\n<li> Material: Tyg (100 % polyester), aluminium<\/li>\n<li> Totala dimensioner: 150L x 205B x 120-215H cm<\/li>\n<li> St\u00e5ng: \u00d828 mm, \u00d832 mm<\/li>\n<li> \u00d6vre ribba: \u00d828 mm<\/li>\n<\/ul>\n<p>Leveransinneh\u00e5ll:<\/p>\n<ul>\n<li> 1 x Parasoll<\/li>\n<li> 1 x Bruksanvisning<\/li>\n<\/ul>\n","protected":false},"excerpt":{"rendered":"<p>Njut av flexibel skugga med TRUUSK parasoll, som kan roteras 180 grader f\u00f6r optimalt solskydd. Justera h\u00f6jden p\u00e5 parasollet f\u00f6r&#8230;<\/p>\n","protected":false},"featured_media":71588,"template":"","meta":[],"product_brand":[],"product_cat":[472,862,858],"product_tag":[],"class_list":{"0":"post-71597","1":"product","2":"type-product","3":"status-publish","4":"has-post-thumbnail","6":"product_cat-parasoller","7":"product_cat-sol-insynsskydd","8":"product_cat-tradgard-terrass","10":"first","11":"instock","12":"sale","13":"taxable","14":"shipping-taxable","15":"purchasable","16":"product-type-simple"},"yoast_head":"<!-- This site is optimized with the Yoast SEO plugin v25.4 - https:\/\/yoast.com\/wordpress\/plugins\/seo\/ -->\n<title>TRUUSK Parasoll 180 Grader Roterbar - H\u00f6jdjusterbar Tr\u00e4dg\u00e5rdsparasoll - Aluminiummast - Marknadsparasoll - Solskydd - Parasoll - TRUUSK - Hem, Tr\u00e4dg\u00e5rd &amp; Fritid<\/title>\n<meta name=\"robots\" content=\"index, follow, max-snippet:-1, max-image-preview:large, max-video-preview:-1\" \/>\n<link rel=\"canonical\" href=\"https:\/\/truusk.store\/sv\/produkt\/truusk-parasoll-180-grader-roterbar-hojdjusterbar-tradgardsparasoll-aluminiummast-marknadsparasoll-solskydd-parasoll\/\" \/>\n<meta property=\"og:locale\" content=\"sv_SE\" \/>\n<meta property=\"og:type\" content=\"article\" \/>\n<meta property=\"og:title\" content=\"TRUUSK Parasoll 180 Grader Roterbar - H\u00f6jdjusterbar Tr\u00e4dg\u00e5rdsparasoll - Aluminiummast - Marknadsparasoll - Solskydd - Parasoll - TRUUSK - Hem, Tr\u00e4dg\u00e5rd &amp; Fritid\" \/>\n<meta property=\"og:description\" content=\"Njut av flexibel skugga med TRUUSK parasoll, som kan roteras 180 grader f\u00f6r optimalt solskydd. Justera h\u00f6jden p\u00e5 parasollet f\u00f6r...\" \/>\n<meta property=\"og:url\" content=\"https:\/\/truusk.store\/sv\/produkt\/truusk-parasoll-180-grader-roterbar-hojdjusterbar-tradgardsparasoll-aluminiummast-marknadsparasoll-solskydd-parasoll\/\" \/>\n<meta property=\"og:site_name\" content=\"TRUUSK - Hem, Tr\u00e4dg\u00e5rd &amp; Fritid\" \/>\n<meta property=\"article:modified_time\" content=\"2026-03-12T07:40:48+00:00\" \/>\n<meta property=\"og:image\" content=\"https:\/\/i0.wp.com\/truusk.se\/wp-content\/uploads\/2025\/06\/parasoll-180-grader-roterbar-hojdjusterbar-tradgardsparasoll-med-aluminiummast-marknadsparasoll-solskydd-parasoll-hangande-parasoll-balkongparasoll-solskyddsparasoll-for-balkong-150x205cm-morkgra-1.webp?fit=2000%2C2000&ssl=1\" \/>\n\t<meta property=\"og:image:width\" content=\"2000\" \/>\n\t<meta property=\"og:image:height\" content=\"2000\" \/>\n\t<meta property=\"og:image:type\" content=\"image\/webp\" \/>\n<meta name=\"twitter:card\" content=\"summary_large_image\" \/>\n<meta name=\"twitter:label1\" content=\"Ber\u00e4knad l\u00e4stid\" \/>\n\t<meta name=\"twitter:data1\" content=\"1 minut\" \/>\n<!-- \/ Yoast SEO plugin. -->","yoast_head_json":{"title":"TRUUSK Parasoll 180 Grader Roterbar - H\u00f6jdjusterbar Tr\u00e4dg\u00e5rdsparasoll - Aluminiummast - Marknadsparasoll - Solskydd - Parasoll - TRUUSK - Hem, Tr\u00e4dg\u00e5rd &amp; Fritid","robots":{"index":"index","follow":"follow","max-snippet":"max-snippet:-1","max-image-preview":"max-image-preview:large","max-video-preview":"max-video-preview:-1"},"canonical":"https:\/\/truusk.store\/sv\/produkt\/truusk-parasoll-180-grader-roterbar-hojdjusterbar-tradgardsparasoll-aluminiummast-marknadsparasoll-solskydd-parasoll\/","og_locale":"sv_SE","og_type":"article","og_title":"TRUUSK Parasoll 180 Grader Roterbar - H\u00f6jdjusterbar Tr\u00e4dg\u00e5rdsparasoll - Aluminiummast - Marknadsparasoll - Solskydd - Parasoll - TRUUSK - Hem, Tr\u00e4dg\u00e5rd &amp; Fritid","og_description":"Njut av flexibel skugga med TRUUSK parasoll, som kan roteras 180 grader f\u00f6r optimalt solskydd. Justera h\u00f6jden p\u00e5 parasollet f\u00f6r...","og_url":"https:\/\/truusk.store\/sv\/produkt\/truusk-parasoll-180-grader-roterbar-hojdjusterbar-tradgardsparasoll-aluminiummast-marknadsparasoll-solskydd-parasoll\/","og_site_name":"TRUUSK - Hem, Tr\u00e4dg\u00e5rd &amp; Fritid","article_modified_time":"2026-03-12T07:40:48+00:00","og_image":[{"width":2000,"height":2000,"url":"https:\/\/i0.wp.com\/truusk.se\/wp-content\/uploads\/2025\/06\/parasoll-180-grader-roterbar-hojdjusterbar-tradgardsparasoll-med-aluminiummast-marknadsparasoll-solskydd-parasoll-hangande-parasoll-balkongparasoll-solskyddsparasoll-for-balkong-150x205cm-morkgra-1.webp?fit=2000%2C2000&ssl=1","type":"image\/webp"}],"twitter_card":"summary_large_image","twitter_misc":{"Ber\u00e4knad l\u00e4stid":"1 minut"},"schema":{"@context":"https:\/\/schema.org","@graph":[{"@type":"WebPage","@id":"https:\/\/truusk.store\/sv\/produkt\/truusk-parasoll-180-grader-roterbar-hojdjusterbar-tradgardsparasoll-aluminiummast-marknadsparasoll-solskydd-parasoll\/","url":"https:\/\/truusk.store\/sv\/produkt\/truusk-parasoll-180-grader-roterbar-hojdjusterbar-tradgardsparasoll-aluminiummast-marknadsparasoll-solskydd-parasoll\/","name":"TRUUSK Parasoll 180 Grader Roterbar - H\u00f6jdjusterbar Tr\u00e4dg\u00e5rdsparasoll - Aluminiummast - Marknadsparasoll - Solskydd - Parasoll - TRUUSK - Hem, Tr\u00e4dg\u00e5rd &amp; Fritid","isPartOf":{"@id":"https:\/\/truusk.store\/sv\/#website"},"primaryImageOfPage":{"@id":"https:\/\/truusk.store\/sv\/produkt\/truusk-parasoll-180-grader-roterbar-hojdjusterbar-tradgardsparasoll-aluminiummast-marknadsparasoll-solskydd-parasoll\/#primaryimage"},"image":{"@id":"https:\/\/truusk.store\/sv\/produkt\/truusk-parasoll-180-grader-roterbar-hojdjusterbar-tradgardsparasoll-aluminiummast-marknadsparasoll-solskydd-parasoll\/#primaryimage"},"thumbnailUrl":"https:\/\/i0.wp.com\/truusk.store\/wp-content\/uploads\/2025\/06\/parasoll-180-grader-roterbar-hojdjusterbar-tradgardsparasoll-med-aluminiummast-marknadsparasoll-solskydd-parasoll-hangande-parasoll-balkongparasoll-solskyddsparasoll-for-balkong-150x205cm-morkgra-1.webp?fit=2000%2C2000&ssl=1","datePublished":"2025-06-05T20:23:52+00:00","dateModified":"2026-03-12T07:40:48+00:00","breadcrumb":{"@id":"https:\/\/truusk.store\/sv\/produkt\/truusk-parasoll-180-grader-roterbar-hojdjusterbar-tradgardsparasoll-aluminiummast-marknadsparasoll-solskydd-parasoll\/#breadcrumb"},"inLanguage":"sv-SE","potentialAction":[{"@type":"ReadAction","target":["https:\/\/truusk.store\/sv\/produkt\/truusk-parasoll-180-grader-roterbar-hojdjusterbar-tradgardsparasoll-aluminiummast-marknadsparasoll-solskydd-parasoll\/"]}]},{"@type":"ImageObject","inLanguage":"sv-SE","@id":"https:\/\/truusk.store\/sv\/produkt\/truusk-parasoll-180-grader-roterbar-hojdjusterbar-tradgardsparasoll-aluminiummast-marknadsparasoll-solskydd-parasoll\/#primaryimage","url":"https:\/\/i0.wp.com\/truusk.store\/wp-content\/uploads\/2025\/06\/parasoll-180-grader-roterbar-hojdjusterbar-tradgardsparasoll-med-aluminiummast-marknadsparasoll-solskydd-parasoll-hangande-parasoll-balkongparasoll-solskyddsparasoll-for-balkong-150x205cm-morkgra-1.webp?fit=2000%2C2000&ssl=1","contentUrl":"https:\/\/i0.wp.com\/truusk.store\/wp-content\/uploads\/2025\/06\/parasoll-180-grader-roterbar-hojdjusterbar-tradgardsparasoll-med-aluminiummast-marknadsparasoll-solskydd-parasoll-hangande-parasoll-balkongparasoll-solskyddsparasoll-for-balkong-150x205cm-morkgra-1.webp?fit=2000%2C2000&ssl=1","width":2000,"height":2000},{"@type":"BreadcrumbList","@id":"https:\/\/truusk.store\/sv\/produkt\/truusk-parasoll-180-grader-roterbar-hojdjusterbar-tradgardsparasoll-aluminiummast-marknadsparasoll-solskydd-parasoll\/#breadcrumb","itemListElement":[{"@type":"ListItem","position":1,"name":"Home","item":"https:\/\/truusk.store\/sv\/"},{"@type":"ListItem","position":2,"name":"Shop","item":"https:\/\/truusk.store\/shop\/"},{"@type":"ListItem","position":3,"name":"TRUUSK Parasoll 180 Grader Roterbar &#8211; H\u00f6jdjusterbar Tr\u00e4dg\u00e5rdsparasoll &#8211; Aluminiummast &#8211; Marknadsparasoll &#8211; Solskydd &#8211; Parasoll"}]},{"@type":"WebSite","@id":"https:\/\/truusk.store\/sv\/#website","url":"https:\/\/truusk.store\/sv\/","name":"TRUUSK - Hem, Tr\u00e4dg\u00e5rd & Fritid","description":"","publisher":{"@id":"https:\/\/truusk.store\/sv\/#organization"},"potentialAction":[{"@type":"SearchAction","target":{"@type":"EntryPoint","urlTemplate":"https:\/\/truusk.store\/sv\/?s={search_term_string}"},"query-input":{"@type":"PropertyValueSpecification","valueRequired":true,"valueName":"search_term_string"}}],"inLanguage":"sv-SE"},{"@type":"Organization","@id":"https:\/\/truusk.store\/sv\/#organization","name":"TRUUSK - Hem, Tr\u00e4dg\u00e5rd & Fritid","url":"https:\/\/truusk.store\/sv\/","logo":{"@type":"ImageObject","inLanguage":"sv-SE","@id":"https:\/\/truusk.store\/sv\/#\/schema\/logo\/image\/","url":"https:\/\/i0.wp.com\/truusk.store\/wp-content\/uploads\/2026\/03\/cropped-TRUUSK.png?fit=2032%2C917&ssl=1","contentUrl":"https:\/\/i0.wp.com\/truusk.store\/wp-content\/uploads\/2026\/03\/cropped-TRUUSK.png?fit=2032%2C917&ssl=1","width":2032,"height":917,"caption":"TRUUSK - Hem, Tr\u00e4dg\u00e5rd & Fritid"},"image":{"@id":"https:\/\/truusk.store\/sv\/#\/schema\/logo\/image\/"}}]}},"jetpack_sharing_enabled":true,"_links":{"self":[{"href":"https:\/\/truusk.store\/sv\/wp-json\/wp\/v2\/product\/71597","targetHints":{"allow":["GET"]}}],"collection":[{"href":"https:\/\/truusk.store\/sv\/wp-json\/wp\/v2\/product"}],"about":[{"href":"https:\/\/truusk.store\/sv\/wp-json\/wp\/v2\/types\/product"}],"wp:featuredmedia":[{"embeddable":true,"href":"https:\/\/truusk.store\/sv\/wp-json\/wp\/v2\/media\/71588"}],"wp:attachment":[{"href":"https:\/\/truusk.store\/sv\/wp-json\/wp\/v2\/media?parent=71597"}],"wp:term":[{"taxonomy":"product_brand","embeddable":true,"href":"https:\/\/truusk.store\/sv\/wp-json\/wp\/v2\/product_brand?post=71597"},{"taxonomy":"product_cat","embeddable":true,"href":"https:\/\/truusk.store\/sv\/wp-json\/wp\/v2\/product_cat?post=71597"},{"taxonomy":"product_tag","embeddable":true,"href":"https:\/\/truusk.store\/sv\/wp-json\/wp\/v2\/product_tag?post=71597"}],"curies":[{"name":"wp","href":"https:\/\/api.w.org\/{rel}","templated":true}]}}