{"id":71657,"date":"2025-06-05T21:29:49","date_gmt":"2025-06-05T20:29:49","guid":{"rendered":"https:\/\/truusk.store\/product\/kaninstall-i-grantra-vinterfast-kaninbur-med-oppningsbart-tak-180x90x48-cm-utomhus-smadjursstall-for-smadjur-som-kaniner-marsvin-gra\/"},"modified":"2026-03-12T09:36:14","modified_gmt":"2026-03-12T08:36:14","slug":"truusk-kaninstall-i-grantra-vinterfast-oppningsbart-tak-180x90x48-cm-utomhus-smadjursstall-for-kaniner-marsvin-gra","status":"publish","type":"product","link":"https:\/\/truusk.store\/sv\/produkt\/truusk-kaninstall-i-grantra-vinterfast-oppningsbart-tak-180x90x48-cm-utomhus-smadjursstall-for-kaniner-marsvin-gra\/","title":{"rendered":"TRUUSK Kaninstall i Grantr\u00e4 &#8211; Vinterfast &#8211; \u00d6ppningsbart Tak &#8211; 180x90x48 cm &#8211; Utomhus Sm\u00e5djursstall &#8211; F\u00f6r Kaniner, Marsvin, Gr\u00e5"},"content":{"rendered":"<p>Detta stora vinterfasta utomhuskaninhus fr\u00e5n Pawhut ger dina sm\u00e5djur m\u00f6jlighet att leka, \u00e4ta och sova i frisk luft. Det vinterfasta utomhuskaninhuset \u00e4r tillverkat av f\u00f6rseglad, robust och h\u00e5llbar gran och n\u00e4t. F\u00f6r enkel utfodring och v\u00e5rd kan taket och en sidogitterpanel enkelt f\u00e4llas upp. Sm\u00e5djursinh\u00e4gnaden \u00e4r inte bara stabil, utan ocks\u00e5 v\u00e4derbest\u00e4ndig. Detta kaninbur \u00e4r den idealiska lekplatsen f\u00f6r dina sm\u00e5djur.<\/p>\n<p>Beskrivning:<\/p>\n<ul>\n<li> Ett stort utomhusomr\u00e5de f\u00f6r att leka, \u00e4ta och sova i frisk luft<\/li>\n<li> Taket och en sidopanel av utomhuskaninhuset kan f\u00e4llas upp<\/li>\n<li> Utomhusomr\u00e5det kan anv\u00e4ndas i kombination med ett utomhuskaninhus<\/li>\n<li> Det vinterfasta kaninhuset \u00e4r tillverkat av f\u00f6rseglad gran och n\u00e4t<\/li>\n<li> N\u00e4tet m\u00f6jligg\u00f6r tillr\u00e4cklig ventilation och god utsikt\/insikt<\/li>\n<li> Materialet \u00e4r v\u00e4derbest\u00e4ndigt, robust och h\u00e5llbart<\/li>\n<\/ul>\n<p> Tekniska data:<\/p>\n<ul>\n<li> F\u00e4rg: Gr\u00e5<\/li>\n<li> Material: Gran, Metall<\/li>\n<li> Totala m\u00e5tt: 180L x 90B x 48H cm<\/li>\n<li> Storlek p\u00e5 \u00f6vre d\u00f6rren: 45L x 90B cm (enkel)<\/li>\n<li> Storlek p\u00e5 sidod\u00f6rren: 79L x 38B cm<\/li>\n<\/ul>\n<p>Leveransinneh\u00e5ll:<\/p>\n<ul>\n<li> 1 x Sm\u00e5djurshus<\/li>\n<li> 1 x Instruktioner<\/li>\n<\/ul>\n","protected":false},"excerpt":{"rendered":"<p>Detta stora vinterfasta utomhuskaninhus fr\u00e5n Pawhut ger dina sm\u00e5djur m\u00f6jlighet att leka, \u00e4ta och sova i frisk luft. Det vinterfasta&#8230;<\/p>\n","protected":false},"featured_media":71648,"template":"","meta":[],"product_brand":[],"product_cat":[878,598,597],"product_tag":[],"class_list":{"0":"post-71657","1":"product","2":"type-product","3":"status-publish","4":"has-post-thumbnail","6":"product_cat-djurbehov","7":"product_cat-sma-djurstallar","8":"product_cat-sma-djurtillbehor","10":"first","11":"instock","12":"sale","13":"taxable","14":"shipping-taxable","15":"purchasable","16":"product-type-simple"},"yoast_head":"<!-- This site is optimized with the Yoast SEO plugin v25.4 - https:\/\/yoast.com\/wordpress\/plugins\/seo\/ -->\n<title>TRUUSK Kaninstall i Grantr\u00e4 - Vinterfast - \u00d6ppningsbart Tak - 180x90x48 cm - Utomhus Sm\u00e5djursstall - F\u00f6r Kaniner, Marsvin, Gr\u00e5 - TRUUSK - Hem, Tr\u00e4dg\u00e5rd &amp; Fritid<\/title>\n<meta name=\"robots\" content=\"index, follow, max-snippet:-1, max-image-preview:large, max-video-preview:-1\" \/>\n<link rel=\"canonical\" href=\"https:\/\/truusk.store\/sv\/produkt\/truusk-kaninstall-i-grantra-vinterfast-oppningsbart-tak-180x90x48-cm-utomhus-smadjursstall-for-kaniner-marsvin-gra\/\" \/>\n<meta property=\"og:locale\" content=\"sv_SE\" \/>\n<meta property=\"og:type\" content=\"article\" \/>\n<meta property=\"og:title\" content=\"TRUUSK Kaninstall i Grantr\u00e4 - Vinterfast - \u00d6ppningsbart Tak - 180x90x48 cm - Utomhus Sm\u00e5djursstall - F\u00f6r Kaniner, Marsvin, Gr\u00e5 - TRUUSK - Hem, Tr\u00e4dg\u00e5rd &amp; Fritid\" \/>\n<meta property=\"og:description\" content=\"Detta stora vinterfasta utomhuskaninhus fr\u00e5n Pawhut ger dina sm\u00e5djur m\u00f6jlighet att leka, \u00e4ta och sova i frisk luft. Det vinterfasta...\" \/>\n<meta property=\"og:url\" content=\"https:\/\/truusk.store\/sv\/produkt\/truusk-kaninstall-i-grantra-vinterfast-oppningsbart-tak-180x90x48-cm-utomhus-smadjursstall-for-kaniner-marsvin-gra\/\" \/>\n<meta property=\"og:site_name\" content=\"TRUUSK - Hem, Tr\u00e4dg\u00e5rd &amp; Fritid\" \/>\n<meta property=\"article:modified_time\" content=\"2026-03-12T08:36:14+00:00\" \/>\n<meta property=\"og:image\" content=\"https:\/\/i0.wp.com\/truusk.se\/wp-content\/uploads\/2025\/06\/kaninstall-i-grantra-vinterfast-kaninbur-med-oppningsbart-tak-180x90x48-cm-utomhus-smadjursstall-for-smadjur-som-kaniner-marsvin-gra-1.webp?fit=2000%2C2000&ssl=1\" \/>\n\t<meta property=\"og:image:width\" content=\"2000\" \/>\n\t<meta property=\"og:image:height\" content=\"2000\" \/>\n\t<meta property=\"og:image:type\" content=\"image\/webp\" \/>\n<meta name=\"twitter:card\" content=\"summary_large_image\" \/>\n<meta name=\"twitter:label1\" content=\"Ber\u00e4knad l\u00e4stid\" \/>\n\t<meta name=\"twitter:data1\" content=\"1 minut\" \/>\n<!-- \/ Yoast SEO plugin. -->","yoast_head_json":{"title":"TRUUSK Kaninstall i Grantr\u00e4 - Vinterfast - \u00d6ppningsbart Tak - 180x90x48 cm - Utomhus Sm\u00e5djursstall - F\u00f6r Kaniner, Marsvin, Gr\u00e5 - TRUUSK - Hem, Tr\u00e4dg\u00e5rd &amp; Fritid","robots":{"index":"index","follow":"follow","max-snippet":"max-snippet:-1","max-image-preview":"max-image-preview:large","max-video-preview":"max-video-preview:-1"},"canonical":"https:\/\/truusk.store\/sv\/produkt\/truusk-kaninstall-i-grantra-vinterfast-oppningsbart-tak-180x90x48-cm-utomhus-smadjursstall-for-kaniner-marsvin-gra\/","og_locale":"sv_SE","og_type":"article","og_title":"TRUUSK Kaninstall i Grantr\u00e4 - Vinterfast - \u00d6ppningsbart Tak - 180x90x48 cm - Utomhus Sm\u00e5djursstall - F\u00f6r Kaniner, Marsvin, Gr\u00e5 - TRUUSK - Hem, Tr\u00e4dg\u00e5rd &amp; Fritid","og_description":"Detta stora vinterfasta utomhuskaninhus fr\u00e5n Pawhut ger dina sm\u00e5djur m\u00f6jlighet att leka, \u00e4ta och sova i frisk luft. Det vinterfasta...","og_url":"https:\/\/truusk.store\/sv\/produkt\/truusk-kaninstall-i-grantra-vinterfast-oppningsbart-tak-180x90x48-cm-utomhus-smadjursstall-for-kaniner-marsvin-gra\/","og_site_name":"TRUUSK - Hem, Tr\u00e4dg\u00e5rd &amp; Fritid","article_modified_time":"2026-03-12T08:36:14+00:00","og_image":[{"width":2000,"height":2000,"url":"https:\/\/i0.wp.com\/truusk.se\/wp-content\/uploads\/2025\/06\/kaninstall-i-grantra-vinterfast-kaninbur-med-oppningsbart-tak-180x90x48-cm-utomhus-smadjursstall-for-smadjur-som-kaniner-marsvin-gra-1.webp?fit=2000%2C2000&ssl=1","type":"image\/webp"}],"twitter_card":"summary_large_image","twitter_misc":{"Ber\u00e4knad l\u00e4stid":"1 minut"},"schema":{"@context":"https:\/\/schema.org","@graph":[{"@type":"WebPage","@id":"https:\/\/truusk.store\/sv\/produkt\/truusk-kaninstall-i-grantra-vinterfast-oppningsbart-tak-180x90x48-cm-utomhus-smadjursstall-for-kaniner-marsvin-gra\/","url":"https:\/\/truusk.store\/sv\/produkt\/truusk-kaninstall-i-grantra-vinterfast-oppningsbart-tak-180x90x48-cm-utomhus-smadjursstall-for-kaniner-marsvin-gra\/","name":"TRUUSK Kaninstall i Grantr\u00e4 - Vinterfast - \u00d6ppningsbart Tak - 180x90x48 cm - Utomhus Sm\u00e5djursstall - F\u00f6r Kaniner, Marsvin, Gr\u00e5 - TRUUSK - Hem, Tr\u00e4dg\u00e5rd &amp; Fritid","isPartOf":{"@id":"https:\/\/truusk.store\/sv\/#website"},"primaryImageOfPage":{"@id":"https:\/\/truusk.store\/sv\/produkt\/truusk-kaninstall-i-grantra-vinterfast-oppningsbart-tak-180x90x48-cm-utomhus-smadjursstall-for-kaniner-marsvin-gra\/#primaryimage"},"image":{"@id":"https:\/\/truusk.store\/sv\/produkt\/truusk-kaninstall-i-grantra-vinterfast-oppningsbart-tak-180x90x48-cm-utomhus-smadjursstall-for-kaniner-marsvin-gra\/#primaryimage"},"thumbnailUrl":"https:\/\/i0.wp.com\/truusk.store\/wp-content\/uploads\/2025\/06\/kaninstall-i-grantra-vinterfast-kaninbur-med-oppningsbart-tak-180x90x48-cm-utomhus-smadjursstall-for-smadjur-som-kaniner-marsvin-gra-1.webp?fit=2000%2C2000&ssl=1","datePublished":"2025-06-05T20:29:49+00:00","dateModified":"2026-03-12T08:36:14+00:00","breadcrumb":{"@id":"https:\/\/truusk.store\/sv\/produkt\/truusk-kaninstall-i-grantra-vinterfast-oppningsbart-tak-180x90x48-cm-utomhus-smadjursstall-for-kaniner-marsvin-gra\/#breadcrumb"},"inLanguage":"sv-SE","potentialAction":[{"@type":"ReadAction","target":["https:\/\/truusk.store\/sv\/produkt\/truusk-kaninstall-i-grantra-vinterfast-oppningsbart-tak-180x90x48-cm-utomhus-smadjursstall-for-kaniner-marsvin-gra\/"]}]},{"@type":"ImageObject","inLanguage":"sv-SE","@id":"https:\/\/truusk.store\/sv\/produkt\/truusk-kaninstall-i-grantra-vinterfast-oppningsbart-tak-180x90x48-cm-utomhus-smadjursstall-for-kaniner-marsvin-gra\/#primaryimage","url":"https:\/\/i0.wp.com\/truusk.store\/wp-content\/uploads\/2025\/06\/kaninstall-i-grantra-vinterfast-kaninbur-med-oppningsbart-tak-180x90x48-cm-utomhus-smadjursstall-for-smadjur-som-kaniner-marsvin-gra-1.webp?fit=2000%2C2000&ssl=1","contentUrl":"https:\/\/i0.wp.com\/truusk.store\/wp-content\/uploads\/2025\/06\/kaninstall-i-grantra-vinterfast-kaninbur-med-oppningsbart-tak-180x90x48-cm-utomhus-smadjursstall-for-smadjur-som-kaniner-marsvin-gra-1.webp?fit=2000%2C2000&ssl=1","width":2000,"height":2000},{"@type":"BreadcrumbList","@id":"https:\/\/truusk.store\/sv\/produkt\/truusk-kaninstall-i-grantra-vinterfast-oppningsbart-tak-180x90x48-cm-utomhus-smadjursstall-for-kaniner-marsvin-gra\/#breadcrumb","itemListElement":[{"@type":"ListItem","position":1,"name":"Home","item":"https:\/\/truusk.store\/sv\/"},{"@type":"ListItem","position":2,"name":"Shop","item":"https:\/\/truusk.store\/shop\/"},{"@type":"ListItem","position":3,"name":"TRUUSK Kaninstall i Grantr\u00e4 &#8211; Vinterfast &#8211; \u00d6ppningsbart Tak &#8211; 180x90x48 cm &#8211; Utomhus Sm\u00e5djursstall &#8211; F\u00f6r Kaniner, Marsvin, Gr\u00e5"}]},{"@type":"WebSite","@id":"https:\/\/truusk.store\/sv\/#website","url":"https:\/\/truusk.store\/sv\/","name":"TRUUSK - Hem, Tr\u00e4dg\u00e5rd & Fritid","description":"","publisher":{"@id":"https:\/\/truusk.store\/sv\/#organization"},"potentialAction":[{"@type":"SearchAction","target":{"@type":"EntryPoint","urlTemplate":"https:\/\/truusk.store\/sv\/?s={search_term_string}"},"query-input":{"@type":"PropertyValueSpecification","valueRequired":true,"valueName":"search_term_string"}}],"inLanguage":"sv-SE"},{"@type":"Organization","@id":"https:\/\/truusk.store\/sv\/#organization","name":"TRUUSK - Hem, Tr\u00e4dg\u00e5rd & Fritid","url":"https:\/\/truusk.store\/sv\/","logo":{"@type":"ImageObject","inLanguage":"sv-SE","@id":"https:\/\/truusk.store\/sv\/#\/schema\/logo\/image\/","url":"https:\/\/i0.wp.com\/truusk.store\/wp-content\/uploads\/2026\/03\/cropped-TRUUSK.png?fit=2032%2C917&ssl=1","contentUrl":"https:\/\/i0.wp.com\/truusk.store\/wp-content\/uploads\/2026\/03\/cropped-TRUUSK.png?fit=2032%2C917&ssl=1","width":2032,"height":917,"caption":"TRUUSK - Hem, Tr\u00e4dg\u00e5rd & Fritid"},"image":{"@id":"https:\/\/truusk.store\/sv\/#\/schema\/logo\/image\/"}}]}},"jetpack_sharing_enabled":true,"_links":{"self":[{"href":"https:\/\/truusk.store\/sv\/wp-json\/wp\/v2\/product\/71657","targetHints":{"allow":["GET"]}}],"collection":[{"href":"https:\/\/truusk.store\/sv\/wp-json\/wp\/v2\/product"}],"about":[{"href":"https:\/\/truusk.store\/sv\/wp-json\/wp\/v2\/types\/product"}],"wp:featuredmedia":[{"embeddable":true,"href":"https:\/\/truusk.store\/sv\/wp-json\/wp\/v2\/media\/71648"}],"wp:attachment":[{"href":"https:\/\/truusk.store\/sv\/wp-json\/wp\/v2\/media?parent=71657"}],"wp:term":[{"taxonomy":"product_brand","embeddable":true,"href":"https:\/\/truusk.store\/sv\/wp-json\/wp\/v2\/product_brand?post=71657"},{"taxonomy":"product_cat","embeddable":true,"href":"https:\/\/truusk.store\/sv\/wp-json\/wp\/v2\/product_cat?post=71657"},{"taxonomy":"product_tag","embeddable":true,"href":"https:\/\/truusk.store\/sv\/wp-json\/wp\/v2\/product_tag?post=71657"}],"curies":[{"name":"wp","href":"https:\/\/api.w.org\/{rel}","templated":true}]}}