{"id":71667,"date":"2025-06-05T21:31:04","date_gmt":"2025-06-05T20:31:04","guid":{"rendered":"https:\/\/truusk.store\/product\/smalt-badrumsskap-toalettskap-sidobord-med-hjul-lada-inkl-3-djupa-fack-nischhylla-badrumsskap-for-sma-utrymmen-vardagsrum-badrum-47-x-25-x-665-cm-vit\/"},"modified":"2026-03-12T09:47:15","modified_gmt":"2026-03-12T08:47:15","slug":"truusk-smalt-badrumsskap-med-hjul-3-djupa-fack-nischhylla-for-sma-utrymmen-47x25x665-cm-vit","status":"publish","type":"product","link":"https:\/\/truusk.store\/sv\/produkt\/truusk-smalt-badrumsskap-med-hjul-3-djupa-fack-nischhylla-for-sma-utrymmen-47x25x665-cm-vit\/","title":{"rendered":"TRUUSK Smalt Badrumssk\u00e5p Med Hjul &#8211; 3 Djupa Fack &#8211; Nischhylla &#8211; F\u00f6r Sm\u00e5 Utrymmen &#8211; 47x25x66,5 cm &#8211; Vit"},"content":{"rendered":"<p>Upplev enkel elegans med badrumssk\u00e5pet fr\u00e5n TRUUSK. En l\u00e5da med tre djupa niv\u00e5er, som glider mjukt p\u00e5 skenor och hjul, ger plats f\u00f6r toalettpapper, blekmedel, reng\u00f6ringsmedel och mer. Detta smala, vita toalettsk\u00e5p passar s\u00f6ml\u00f6st in i varje h\u00f6rn och berikar ditt badrum med sin klara, l\u00e4ttsk\u00f6tta och robusta design.<\/p>\n<p>Beskrivning:<\/p>\n<ul>\n<li> Tre djupa fack i f\u00f6rvaringssk\u00e5pets l\u00e5da ger plats f\u00f6r olika badrumstillbeh\u00f6r<\/li>\n<li> Glidskenor och ett nedre hjul m\u00f6jligg\u00f6r smidig \u00e5tkomst<\/li>\n<li> Slimmad, kompakt design passar perfekt i sm\u00e5 utrymmen<\/li>\n<li> Elegant vit finish och handtagsl\u00f6s design p\u00e5 l\u00e5dsk\u00e5pet kompletterar alla badrumsdekorationer<\/li>\n<li> Melaminfinish g\u00f6r det enkelt att reng\u00f6ra och underh\u00e5lla<\/li>\n<li> Skyddande fotdynor skyddar ditt golv fr\u00e5n repor<\/li>\n<li> Montering kr\u00e4vs<\/li>\n<\/ul>\n<p> Tekniska data:<\/p>\n<ul>\n<li> F\u00e4rg: Vit<\/li>\n<li> Material: Sp\u00e5nskiva<\/li>\n<li> Totala dimensioner: 47L x 25B x 66,5H cm<\/li>\n<li> Inre storlek p\u00e5 l\u00e5dan: 16,5B x 35T x 51,5H cm<\/li>\n<li> H\u00f6jd fr\u00e5n botten till golvet: 6,8 cm<\/li>\n<li> Belastningskapacitet: 20 kg (totalt), 5 kg (hylla)<\/li>\n<\/ul>\n<p>Leverans inneh\u00e5ller:<\/p>\n<ul>\n<li> 1 x Badrumssk\u00e5p<\/li>\n<li> 1 x Bruksanvisning<\/li>\n<\/ul>\n","protected":false},"excerpt":{"rendered":"<p>Upplev enkel elegans med badrumssk\u00e5pet fr\u00e5n TRUUSK. En l\u00e5da med tre djupa niv\u00e5er, som glider mjukt p\u00e5 skenor och hjul,&#8230;<\/p>\n","protected":false},"featured_media":71658,"template":"","meta":[],"product_brand":[],"product_cat":[915,535,871],"product_tag":[],"class_list":{"0":"post-71667","1":"product","2":"type-product","3":"status-publish","4":"has-post-thumbnail","6":"product_cat-badrum","7":"product_cat-badrumsskap","8":"product_cat-hus-hem","10":"first","11":"instock","12":"sale","13":"taxable","14":"shipping-taxable","15":"purchasable","16":"product-type-simple"},"yoast_head":"<!-- This site is optimized with the Yoast SEO plugin v25.4 - https:\/\/yoast.com\/wordpress\/plugins\/seo\/ -->\n<title>TRUUSK Smalt Badrumssk\u00e5p Med Hjul - 3 Djupa Fack - Nischhylla - F\u00f6r Sm\u00e5 Utrymmen - 47x25x66,5 cm - Vit - TRUUSK - Hem, Tr\u00e4dg\u00e5rd &amp; Fritid<\/title>\n<meta name=\"robots\" content=\"index, follow, max-snippet:-1, max-image-preview:large, max-video-preview:-1\" \/>\n<link rel=\"canonical\" href=\"https:\/\/truusk.store\/sv\/produkt\/truusk-smalt-badrumsskap-med-hjul-3-djupa-fack-nischhylla-for-sma-utrymmen-47x25x665-cm-vit\/\" \/>\n<meta property=\"og:locale\" content=\"sv_SE\" \/>\n<meta property=\"og:type\" content=\"article\" \/>\n<meta property=\"og:title\" content=\"TRUUSK Smalt Badrumssk\u00e5p Med Hjul - 3 Djupa Fack - Nischhylla - F\u00f6r Sm\u00e5 Utrymmen - 47x25x66,5 cm - Vit - TRUUSK - Hem, Tr\u00e4dg\u00e5rd &amp; Fritid\" \/>\n<meta property=\"og:description\" content=\"Upplev enkel elegans med badrumssk\u00e5pet fr\u00e5n TRUUSK. En l\u00e5da med tre djupa niv\u00e5er, som glider mjukt p\u00e5 skenor och hjul,...\" \/>\n<meta property=\"og:url\" content=\"https:\/\/truusk.store\/sv\/produkt\/truusk-smalt-badrumsskap-med-hjul-3-djupa-fack-nischhylla-for-sma-utrymmen-47x25x665-cm-vit\/\" \/>\n<meta property=\"og:site_name\" content=\"TRUUSK - Hem, Tr\u00e4dg\u00e5rd &amp; Fritid\" \/>\n<meta property=\"article:modified_time\" content=\"2026-03-12T08:47:15+00:00\" \/>\n<meta property=\"og:image\" content=\"https:\/\/i0.wp.com\/truusk.se\/wp-content\/uploads\/2025\/06\/smalt-badrumsskap-toalettskap-sidobord-med-hjul-lada-inkl-3-djupa-fack-nischhylla-badrumsskap-for-sma-utrymmen-vardagsrum-badrum-47-x-25-x-665-cm-vit-1.webp?fit=2000%2C2000&ssl=1\" \/>\n\t<meta property=\"og:image:width\" content=\"2000\" \/>\n\t<meta property=\"og:image:height\" content=\"2000\" \/>\n\t<meta property=\"og:image:type\" content=\"image\/webp\" \/>\n<meta name=\"twitter:card\" content=\"summary_large_image\" \/>\n<meta name=\"twitter:label1\" content=\"Ber\u00e4knad l\u00e4stid\" \/>\n\t<meta name=\"twitter:data1\" content=\"1 minut\" \/>\n<!-- \/ Yoast SEO plugin. -->","yoast_head_json":{"title":"TRUUSK Smalt Badrumssk\u00e5p Med Hjul - 3 Djupa Fack - Nischhylla - F\u00f6r Sm\u00e5 Utrymmen - 47x25x66,5 cm - Vit - TRUUSK - Hem, Tr\u00e4dg\u00e5rd &amp; Fritid","robots":{"index":"index","follow":"follow","max-snippet":"max-snippet:-1","max-image-preview":"max-image-preview:large","max-video-preview":"max-video-preview:-1"},"canonical":"https:\/\/truusk.store\/sv\/produkt\/truusk-smalt-badrumsskap-med-hjul-3-djupa-fack-nischhylla-for-sma-utrymmen-47x25x665-cm-vit\/","og_locale":"sv_SE","og_type":"article","og_title":"TRUUSK Smalt Badrumssk\u00e5p Med Hjul - 3 Djupa Fack - Nischhylla - F\u00f6r Sm\u00e5 Utrymmen - 47x25x66,5 cm - Vit - TRUUSK - Hem, Tr\u00e4dg\u00e5rd &amp; Fritid","og_description":"Upplev enkel elegans med badrumssk\u00e5pet fr\u00e5n TRUUSK. En l\u00e5da med tre djupa niv\u00e5er, som glider mjukt p\u00e5 skenor och hjul,...","og_url":"https:\/\/truusk.store\/sv\/produkt\/truusk-smalt-badrumsskap-med-hjul-3-djupa-fack-nischhylla-for-sma-utrymmen-47x25x665-cm-vit\/","og_site_name":"TRUUSK - Hem, Tr\u00e4dg\u00e5rd &amp; Fritid","article_modified_time":"2026-03-12T08:47:15+00:00","og_image":[{"width":2000,"height":2000,"url":"https:\/\/i0.wp.com\/truusk.se\/wp-content\/uploads\/2025\/06\/smalt-badrumsskap-toalettskap-sidobord-med-hjul-lada-inkl-3-djupa-fack-nischhylla-badrumsskap-for-sma-utrymmen-vardagsrum-badrum-47-x-25-x-665-cm-vit-1.webp?fit=2000%2C2000&ssl=1","type":"image\/webp"}],"twitter_card":"summary_large_image","twitter_misc":{"Ber\u00e4knad l\u00e4stid":"1 minut"},"schema":{"@context":"https:\/\/schema.org","@graph":[{"@type":"WebPage","@id":"https:\/\/truusk.store\/sv\/produkt\/truusk-smalt-badrumsskap-med-hjul-3-djupa-fack-nischhylla-for-sma-utrymmen-47x25x665-cm-vit\/","url":"https:\/\/truusk.store\/sv\/produkt\/truusk-smalt-badrumsskap-med-hjul-3-djupa-fack-nischhylla-for-sma-utrymmen-47x25x665-cm-vit\/","name":"TRUUSK Smalt Badrumssk\u00e5p Med Hjul - 3 Djupa Fack - Nischhylla - F\u00f6r Sm\u00e5 Utrymmen - 47x25x66,5 cm - Vit - TRUUSK - Hem, Tr\u00e4dg\u00e5rd &amp; Fritid","isPartOf":{"@id":"https:\/\/truusk.store\/sv\/#website"},"primaryImageOfPage":{"@id":"https:\/\/truusk.store\/sv\/produkt\/truusk-smalt-badrumsskap-med-hjul-3-djupa-fack-nischhylla-for-sma-utrymmen-47x25x665-cm-vit\/#primaryimage"},"image":{"@id":"https:\/\/truusk.store\/sv\/produkt\/truusk-smalt-badrumsskap-med-hjul-3-djupa-fack-nischhylla-for-sma-utrymmen-47x25x665-cm-vit\/#primaryimage"},"thumbnailUrl":"https:\/\/i0.wp.com\/truusk.store\/wp-content\/uploads\/2025\/06\/smalt-badrumsskap-toalettskap-sidobord-med-hjul-lada-inkl-3-djupa-fack-nischhylla-badrumsskap-for-sma-utrymmen-vardagsrum-badrum-47-x-25-x-665-cm-vit-1.webp?fit=2000%2C2000&ssl=1","datePublished":"2025-06-05T20:31:04+00:00","dateModified":"2026-03-12T08:47:15+00:00","breadcrumb":{"@id":"https:\/\/truusk.store\/sv\/produkt\/truusk-smalt-badrumsskap-med-hjul-3-djupa-fack-nischhylla-for-sma-utrymmen-47x25x665-cm-vit\/#breadcrumb"},"inLanguage":"sv-SE","potentialAction":[{"@type":"ReadAction","target":["https:\/\/truusk.store\/sv\/produkt\/truusk-smalt-badrumsskap-med-hjul-3-djupa-fack-nischhylla-for-sma-utrymmen-47x25x665-cm-vit\/"]}]},{"@type":"ImageObject","inLanguage":"sv-SE","@id":"https:\/\/truusk.store\/sv\/produkt\/truusk-smalt-badrumsskap-med-hjul-3-djupa-fack-nischhylla-for-sma-utrymmen-47x25x665-cm-vit\/#primaryimage","url":"https:\/\/i0.wp.com\/truusk.store\/wp-content\/uploads\/2025\/06\/smalt-badrumsskap-toalettskap-sidobord-med-hjul-lada-inkl-3-djupa-fack-nischhylla-badrumsskap-for-sma-utrymmen-vardagsrum-badrum-47-x-25-x-665-cm-vit-1.webp?fit=2000%2C2000&ssl=1","contentUrl":"https:\/\/i0.wp.com\/truusk.store\/wp-content\/uploads\/2025\/06\/smalt-badrumsskap-toalettskap-sidobord-med-hjul-lada-inkl-3-djupa-fack-nischhylla-badrumsskap-for-sma-utrymmen-vardagsrum-badrum-47-x-25-x-665-cm-vit-1.webp?fit=2000%2C2000&ssl=1","width":2000,"height":2000},{"@type":"BreadcrumbList","@id":"https:\/\/truusk.store\/sv\/produkt\/truusk-smalt-badrumsskap-med-hjul-3-djupa-fack-nischhylla-for-sma-utrymmen-47x25x665-cm-vit\/#breadcrumb","itemListElement":[{"@type":"ListItem","position":1,"name":"Home","item":"https:\/\/truusk.store\/sv\/"},{"@type":"ListItem","position":2,"name":"Shop","item":"https:\/\/truusk.store\/shop\/"},{"@type":"ListItem","position":3,"name":"TRUUSK Smalt Badrumssk\u00e5p Med Hjul &#8211; 3 Djupa Fack &#8211; Nischhylla &#8211; F\u00f6r Sm\u00e5 Utrymmen &#8211; 47x25x66,5 cm &#8211; Vit"}]},{"@type":"WebSite","@id":"https:\/\/truusk.store\/sv\/#website","url":"https:\/\/truusk.store\/sv\/","name":"TRUUSK - Hem, Tr\u00e4dg\u00e5rd & Fritid","description":"","publisher":{"@id":"https:\/\/truusk.store\/sv\/#organization"},"potentialAction":[{"@type":"SearchAction","target":{"@type":"EntryPoint","urlTemplate":"https:\/\/truusk.store\/sv\/?s={search_term_string}"},"query-input":{"@type":"PropertyValueSpecification","valueRequired":true,"valueName":"search_term_string"}}],"inLanguage":"sv-SE"},{"@type":"Organization","@id":"https:\/\/truusk.store\/sv\/#organization","name":"TRUUSK - Hem, Tr\u00e4dg\u00e5rd & Fritid","url":"https:\/\/truusk.store\/sv\/","logo":{"@type":"ImageObject","inLanguage":"sv-SE","@id":"https:\/\/truusk.store\/sv\/#\/schema\/logo\/image\/","url":"https:\/\/i0.wp.com\/truusk.store\/wp-content\/uploads\/2026\/03\/cropped-TRUUSK.png?fit=2032%2C917&ssl=1","contentUrl":"https:\/\/i0.wp.com\/truusk.store\/wp-content\/uploads\/2026\/03\/cropped-TRUUSK.png?fit=2032%2C917&ssl=1","width":2032,"height":917,"caption":"TRUUSK - Hem, Tr\u00e4dg\u00e5rd & Fritid"},"image":{"@id":"https:\/\/truusk.store\/sv\/#\/schema\/logo\/image\/"}}]}},"jetpack_sharing_enabled":true,"_links":{"self":[{"href":"https:\/\/truusk.store\/sv\/wp-json\/wp\/v2\/product\/71667","targetHints":{"allow":["GET"]}}],"collection":[{"href":"https:\/\/truusk.store\/sv\/wp-json\/wp\/v2\/product"}],"about":[{"href":"https:\/\/truusk.store\/sv\/wp-json\/wp\/v2\/types\/product"}],"wp:featuredmedia":[{"embeddable":true,"href":"https:\/\/truusk.store\/sv\/wp-json\/wp\/v2\/media\/71658"}],"wp:attachment":[{"href":"https:\/\/truusk.store\/sv\/wp-json\/wp\/v2\/media?parent=71667"}],"wp:term":[{"taxonomy":"product_brand","embeddable":true,"href":"https:\/\/truusk.store\/sv\/wp-json\/wp\/v2\/product_brand?post=71667"},{"taxonomy":"product_cat","embeddable":true,"href":"https:\/\/truusk.store\/sv\/wp-json\/wp\/v2\/product_cat?post=71667"},{"taxonomy":"product_tag","embeddable":true,"href":"https:\/\/truusk.store\/sv\/wp-json\/wp\/v2\/product_tag?post=71667"}],"curies":[{"name":"wp","href":"https:\/\/api.w.org\/{rel}","templated":true}]}}