{"id":71727,"date":"2025-06-05T21:37:01","date_gmt":"2025-06-05T20:37:01","guid":{"rendered":"https:\/\/truusk.store\/product\/3-i-1-mobil-luftkonditionering-med-luftfuktare-vattenkylning-15l-60-oscillerande-luftkylare-med-75h-timer-fjarrkontroll-led-display-for-20-%e3%8e%a1-vit-37-x-32-x-78-cm\/"},"modified":"2026-03-12T09:38:27","modified_gmt":"2026-03-12T08:38:27","slug":"truusk-3-i-1-mobil-luftkonditionering-luftfuktare-vattenkylning-15l-60-oscillation-75h-timer-fjarrkontroll","status":"publish","type":"product","link":"https:\/\/truusk.store\/sv\/produkt\/truusk-3-i-1-mobil-luftkonditionering-luftfuktare-vattenkylning-15l-60-oscillation-75h-timer-fjarrkontroll\/","title":{"rendered":"TRUUSK 3-i-1 Mobil Luftkonditionering &#8211; Luftfuktare &#8211; Vattenkylning &#8211; 15L &#8211; 60\u00b0 Oscillation &#8211; 7,5h Timer &#8211; Fj\u00e4rrkontroll &#8211;"},"content":{"rendered":"<p>Njut av frisk kylning denna sommar med TRUUSK luftkylare! Den erbjuder tre l\u00e4gen: behaglig bris, iskylning eller fuktning, styrd via LED-displayen eller fj\u00e4rrkontrollen. Ideal mot sommarv\u00e4rmen med sin 7,5-timmars timer och stora vattentank.<\/p>\n<p>Beskrivning:<\/p>\n<ul>\n<li> Tre funktioner: luftkonditionering, kylare med is och fuktning<\/li>\n<li> Tre hastigheter och olika l\u00e4gen: normal, naturlig och nattl\u00e4ge<\/li>\n<li> 60\u00b0 oscillerande funktion f\u00f6r att t\u00e4cka ett stort omr\u00e5de p\u00e5 15-20 m\u00b2<\/li>\n<li> Luftfiltersystem som h\u00e5ller luften frisk och ren f\u00f6r b\u00e4ttre hygien<\/li>\n<li> 7,5-timmars timer i halvtimmesintervaller f\u00f6r s\u00f6mn<\/li>\n<li> De roterande hjulen med tv\u00e5 parkeringsbromsar underl\u00e4ttar betydligt f\u00f6rflyttningen<\/li>\n<li> Stor vattentank som undviker frekvent p\u00e5fyllning av vatten och en synlig design f\u00f6r st\u00f6rre bekv\u00e4mlighet<\/li>\n<li> Monteringen kr\u00e4ver inga verktyg<\/li>\n<\/ul>\n<p> Tekniska data:<\/p>\n<ul>\n<li> F\u00e4rg: Vit<\/li>\n<li> Material: ABS-plast<\/li>\n<li> Totala dimensioner: 37B x 32T x 78H cm<\/li>\n<li> Vattentank: 15 L<\/li>\n<li> L\u00e4mplig f\u00f6r ett omr\u00e5de p\u00e5: 15-20 m\u00b2<\/li>\n<li> Kabell\u00e4ngd: 1,5 m<\/li>\n<li> Fj\u00e4rravst\u00e5nd: 5 m<\/li>\n<li> Ing\u00e5ng: 220-240 V\/50 Hz<\/li>\n<li> Effekt: 65W<\/li>\n<li> Buller: 60 dB<\/li>\n<li> Batteri: (Fj\u00e4rrkontroll): 1 knappcell 3V CR2025 (ing\u00e5r ej)<\/li>\n<li> Reng\u00f6ringsintervall: (Luftfilter)1 m\u00e5nad<\/li>\n<li> OBS: LED-displayen kan inte st\u00e4ngas av separat<\/li>\n<\/ul>\n<p>Leveransinneh\u00e5ll:<\/p>\n<ul>\n<li> 1 x Luftkylare<\/li>\n<li> 1 x Fj\u00e4rrkontroll<\/li>\n<li> 1 x Bruksanvisning<\/li>\n<\/ul>\n","protected":false},"excerpt":{"rendered":"<p>Njut av frisk kylning denna sommar med TRUUSK luftkylare! Den erbjuder tre l\u00e4gen: behaglig bris, iskylning eller fuktning, styrd via&#8230;<\/p>\n","protected":false},"featured_media":71718,"template":"","meta":[],"product_brand":[],"product_cat":[867,1016,905],"product_tag":[],"class_list":{"0":"post-71727","1":"product","2":"type-product","3":"status-publish","4":"has-post-thumbnail","6":"product_cat-byggmarknad","7":"product_cat-flaktar-luftkonditioneringar","8":"product_cat-klimatkontroll-flaktar","10":"first","11":"instock","12":"sale","13":"taxable","14":"shipping-taxable","15":"purchasable","16":"product-type-simple"},"yoast_head":"<!-- This site is optimized with the Yoast SEO plugin v25.4 - https:\/\/yoast.com\/wordpress\/plugins\/seo\/ -->\n<title>TRUUSK 3-i-1 Mobil Luftkonditionering - Luftfuktare - Vattenkylning - 15L - 60\u00b0 Oscillation - 7,5h Timer - Fj\u00e4rrkontroll - TRUUSK - Hem, Tr\u00e4dg\u00e5rd &amp; Fritid<\/title>\n<meta name=\"robots\" content=\"index, follow, max-snippet:-1, max-image-preview:large, max-video-preview:-1\" \/>\n<link rel=\"canonical\" href=\"https:\/\/truusk.store\/sv\/produkt\/truusk-3-i-1-mobil-luftkonditionering-luftfuktare-vattenkylning-15l-60-oscillation-75h-timer-fjarrkontroll\/\" \/>\n<meta property=\"og:locale\" content=\"sv_SE\" \/>\n<meta property=\"og:type\" content=\"article\" \/>\n<meta property=\"og:title\" content=\"TRUUSK 3-i-1 Mobil Luftkonditionering - Luftfuktare - Vattenkylning - 15L - 60\u00b0 Oscillation - 7,5h Timer - Fj\u00e4rrkontroll - TRUUSK - Hem, Tr\u00e4dg\u00e5rd &amp; Fritid\" \/>\n<meta property=\"og:description\" content=\"Njut av frisk kylning denna sommar med TRUUSK luftkylare! Den erbjuder tre l\u00e4gen: behaglig bris, iskylning eller fuktning, styrd via...\" \/>\n<meta property=\"og:url\" content=\"https:\/\/truusk.store\/sv\/produkt\/truusk-3-i-1-mobil-luftkonditionering-luftfuktare-vattenkylning-15l-60-oscillation-75h-timer-fjarrkontroll\/\" \/>\n<meta property=\"og:site_name\" content=\"TRUUSK - Hem, Tr\u00e4dg\u00e5rd &amp; Fritid\" \/>\n<meta property=\"article:modified_time\" content=\"2026-03-12T08:38:27+00:00\" \/>\n<meta property=\"og:image\" content=\"https:\/\/i0.wp.com\/truusk.se\/wp-content\/uploads\/2025\/06\/3-i-1-mobil-luftkonditionering-med-luftfuktare-vattenkylning-15l-60-oscillerande-luftkylare-med-75h-timer-fjarrkontroll-led-display-for-20-e38ea1-vit-37-x-32-x-78-cm-1.webp?fit=2000%2C2000&ssl=1\" \/>\n\t<meta property=\"og:image:width\" content=\"2000\" \/>\n\t<meta property=\"og:image:height\" content=\"2000\" \/>\n\t<meta property=\"og:image:type\" content=\"image\/webp\" \/>\n<meta name=\"twitter:card\" content=\"summary_large_image\" \/>\n<meta name=\"twitter:label1\" content=\"Ber\u00e4knad l\u00e4stid\" \/>\n\t<meta name=\"twitter:data1\" content=\"1 minut\" \/>\n<!-- \/ Yoast SEO plugin. -->","yoast_head_json":{"title":"TRUUSK 3-i-1 Mobil Luftkonditionering - Luftfuktare - Vattenkylning - 15L - 60\u00b0 Oscillation - 7,5h Timer - Fj\u00e4rrkontroll - TRUUSK - Hem, Tr\u00e4dg\u00e5rd &amp; Fritid","robots":{"index":"index","follow":"follow","max-snippet":"max-snippet:-1","max-image-preview":"max-image-preview:large","max-video-preview":"max-video-preview:-1"},"canonical":"https:\/\/truusk.store\/sv\/produkt\/truusk-3-i-1-mobil-luftkonditionering-luftfuktare-vattenkylning-15l-60-oscillation-75h-timer-fjarrkontroll\/","og_locale":"sv_SE","og_type":"article","og_title":"TRUUSK 3-i-1 Mobil Luftkonditionering - Luftfuktare - Vattenkylning - 15L - 60\u00b0 Oscillation - 7,5h Timer - Fj\u00e4rrkontroll - TRUUSK - Hem, Tr\u00e4dg\u00e5rd &amp; Fritid","og_description":"Njut av frisk kylning denna sommar med TRUUSK luftkylare! Den erbjuder tre l\u00e4gen: behaglig bris, iskylning eller fuktning, styrd via...","og_url":"https:\/\/truusk.store\/sv\/produkt\/truusk-3-i-1-mobil-luftkonditionering-luftfuktare-vattenkylning-15l-60-oscillation-75h-timer-fjarrkontroll\/","og_site_name":"TRUUSK - Hem, Tr\u00e4dg\u00e5rd &amp; Fritid","article_modified_time":"2026-03-12T08:38:27+00:00","og_image":[{"width":2000,"height":2000,"url":"https:\/\/i0.wp.com\/truusk.se\/wp-content\/uploads\/2025\/06\/3-i-1-mobil-luftkonditionering-med-luftfuktare-vattenkylning-15l-60-oscillerande-luftkylare-med-75h-timer-fjarrkontroll-led-display-for-20-e38ea1-vit-37-x-32-x-78-cm-1.webp?fit=2000%2C2000&ssl=1","type":"image\/webp"}],"twitter_card":"summary_large_image","twitter_misc":{"Ber\u00e4knad l\u00e4stid":"1 minut"},"schema":{"@context":"https:\/\/schema.org","@graph":[{"@type":"WebPage","@id":"https:\/\/truusk.store\/sv\/produkt\/truusk-3-i-1-mobil-luftkonditionering-luftfuktare-vattenkylning-15l-60-oscillation-75h-timer-fjarrkontroll\/","url":"https:\/\/truusk.store\/sv\/produkt\/truusk-3-i-1-mobil-luftkonditionering-luftfuktare-vattenkylning-15l-60-oscillation-75h-timer-fjarrkontroll\/","name":"TRUUSK 3-i-1 Mobil Luftkonditionering - Luftfuktare - Vattenkylning - 15L - 60\u00b0 Oscillation - 7,5h Timer - Fj\u00e4rrkontroll - TRUUSK - Hem, Tr\u00e4dg\u00e5rd &amp; Fritid","isPartOf":{"@id":"https:\/\/truusk.store\/sv\/#website"},"primaryImageOfPage":{"@id":"https:\/\/truusk.store\/sv\/produkt\/truusk-3-i-1-mobil-luftkonditionering-luftfuktare-vattenkylning-15l-60-oscillation-75h-timer-fjarrkontroll\/#primaryimage"},"image":{"@id":"https:\/\/truusk.store\/sv\/produkt\/truusk-3-i-1-mobil-luftkonditionering-luftfuktare-vattenkylning-15l-60-oscillation-75h-timer-fjarrkontroll\/#primaryimage"},"thumbnailUrl":"https:\/\/i0.wp.com\/truusk.store\/wp-content\/uploads\/2025\/06\/3-i-1-mobil-luftkonditionering-med-luftfuktare-vattenkylning-15l-60-oscillerande-luftkylare-med-75h-timer-fjarrkontroll-led-display-for-20-e38ea1-vit-37-x-32-x-78-cm-1.webp?fit=2000%2C2000&ssl=1","datePublished":"2025-06-05T20:37:01+00:00","dateModified":"2026-03-12T08:38:27+00:00","breadcrumb":{"@id":"https:\/\/truusk.store\/sv\/produkt\/truusk-3-i-1-mobil-luftkonditionering-luftfuktare-vattenkylning-15l-60-oscillation-75h-timer-fjarrkontroll\/#breadcrumb"},"inLanguage":"sv-SE","potentialAction":[{"@type":"ReadAction","target":["https:\/\/truusk.store\/sv\/produkt\/truusk-3-i-1-mobil-luftkonditionering-luftfuktare-vattenkylning-15l-60-oscillation-75h-timer-fjarrkontroll\/"]}]},{"@type":"ImageObject","inLanguage":"sv-SE","@id":"https:\/\/truusk.store\/sv\/produkt\/truusk-3-i-1-mobil-luftkonditionering-luftfuktare-vattenkylning-15l-60-oscillation-75h-timer-fjarrkontroll\/#primaryimage","url":"https:\/\/i0.wp.com\/truusk.store\/wp-content\/uploads\/2025\/06\/3-i-1-mobil-luftkonditionering-med-luftfuktare-vattenkylning-15l-60-oscillerande-luftkylare-med-75h-timer-fjarrkontroll-led-display-for-20-e38ea1-vit-37-x-32-x-78-cm-1.webp?fit=2000%2C2000&ssl=1","contentUrl":"https:\/\/i0.wp.com\/truusk.store\/wp-content\/uploads\/2025\/06\/3-i-1-mobil-luftkonditionering-med-luftfuktare-vattenkylning-15l-60-oscillerande-luftkylare-med-75h-timer-fjarrkontroll-led-display-for-20-e38ea1-vit-37-x-32-x-78-cm-1.webp?fit=2000%2C2000&ssl=1","width":2000,"height":2000},{"@type":"BreadcrumbList","@id":"https:\/\/truusk.store\/sv\/produkt\/truusk-3-i-1-mobil-luftkonditionering-luftfuktare-vattenkylning-15l-60-oscillation-75h-timer-fjarrkontroll\/#breadcrumb","itemListElement":[{"@type":"ListItem","position":1,"name":"Home","item":"https:\/\/truusk.store\/sv\/"},{"@type":"ListItem","position":2,"name":"Shop","item":"https:\/\/truusk.store\/shop\/"},{"@type":"ListItem","position":3,"name":"TRUUSK 3-i-1 Mobil Luftkonditionering &#8211; Luftfuktare &#8211; Vattenkylning &#8211; 15L &#8211; 60\u00b0 Oscillation &#8211; 7,5h Timer &#8211; Fj\u00e4rrkontroll &#8211;"}]},{"@type":"WebSite","@id":"https:\/\/truusk.store\/sv\/#website","url":"https:\/\/truusk.store\/sv\/","name":"TRUUSK - Hem, Tr\u00e4dg\u00e5rd & Fritid","description":"","publisher":{"@id":"https:\/\/truusk.store\/sv\/#organization"},"potentialAction":[{"@type":"SearchAction","target":{"@type":"EntryPoint","urlTemplate":"https:\/\/truusk.store\/sv\/?s={search_term_string}"},"query-input":{"@type":"PropertyValueSpecification","valueRequired":true,"valueName":"search_term_string"}}],"inLanguage":"sv-SE"},{"@type":"Organization","@id":"https:\/\/truusk.store\/sv\/#organization","name":"TRUUSK - Hem, Tr\u00e4dg\u00e5rd & Fritid","url":"https:\/\/truusk.store\/sv\/","logo":{"@type":"ImageObject","inLanguage":"sv-SE","@id":"https:\/\/truusk.store\/sv\/#\/schema\/logo\/image\/","url":"https:\/\/i0.wp.com\/truusk.store\/wp-content\/uploads\/2026\/03\/cropped-TRUUSK.png?fit=2032%2C917&ssl=1","contentUrl":"https:\/\/i0.wp.com\/truusk.store\/wp-content\/uploads\/2026\/03\/cropped-TRUUSK.png?fit=2032%2C917&ssl=1","width":2032,"height":917,"caption":"TRUUSK - Hem, Tr\u00e4dg\u00e5rd & Fritid"},"image":{"@id":"https:\/\/truusk.store\/sv\/#\/schema\/logo\/image\/"}}]}},"jetpack_sharing_enabled":true,"_links":{"self":[{"href":"https:\/\/truusk.store\/sv\/wp-json\/wp\/v2\/product\/71727","targetHints":{"allow":["GET"]}}],"collection":[{"href":"https:\/\/truusk.store\/sv\/wp-json\/wp\/v2\/product"}],"about":[{"href":"https:\/\/truusk.store\/sv\/wp-json\/wp\/v2\/types\/product"}],"wp:featuredmedia":[{"embeddable":true,"href":"https:\/\/truusk.store\/sv\/wp-json\/wp\/v2\/media\/71718"}],"wp:attachment":[{"href":"https:\/\/truusk.store\/sv\/wp-json\/wp\/v2\/media?parent=71727"}],"wp:term":[{"taxonomy":"product_brand","embeddable":true,"href":"https:\/\/truusk.store\/sv\/wp-json\/wp\/v2\/product_brand?post=71727"},{"taxonomy":"product_cat","embeddable":true,"href":"https:\/\/truusk.store\/sv\/wp-json\/wp\/v2\/product_cat?post=71727"},{"taxonomy":"product_tag","embeddable":true,"href":"https:\/\/truusk.store\/sv\/wp-json\/wp\/v2\/product_tag?post=71727"}],"curies":[{"name":"wp","href":"https:\/\/api.w.org\/{rel}","templated":true}]}}