{"id":71777,"date":"2025-06-05T21:42:21","date_gmt":"2025-06-05T20:42:21","guid":{"rendered":"https:\/\/truusk.store\/product\/hundvagn-hundbuggy-hopfallbar-for-hundar-katter-upp-till-20-kg-kattbuggy-med-terranggaende-gummihjul-kuddar-nat-fonster-dorrar-kattvagn-med-forvaringskorg-buggy-morkgron\/"},"modified":"2026-03-12T09:31:38","modified_gmt":"2026-03-12T08:31:38","slug":"truusk-hundvagn-och-kattbuggy-hopfallbar-med-terranggaende-gummihjul-for-hundar-och-katter-upp-till-20-kg-morkgron","status":"publish","type":"product","link":"https:\/\/truusk.store\/sv\/produkt\/truusk-hundvagn-och-kattbuggy-hopfallbar-med-terranggaende-gummihjul-for-hundar-och-katter-upp-till-20-kg-morkgron\/","title":{"rendered":"TRUUSK Hundvagn och Kattbuggy &#8211; Hopf\u00e4llbar med Terr\u00e4ngg\u00e5ende Gummihjul &#8211; F\u00f6r Hundar och Katter Upp Till 20 kg &#8211; M\u00f6rkgr\u00f6n"},"content":{"rendered":"<p>Upplev en trevlig promenad med din fyrbenta v\u00e4n &#8211; \u00e4ven om din hund har begr\u00e4nsad r\u00f6rlighet, eftersom med TRUUSK hundvagn upp till 20kg beh\u00f6ver din skyddsling inte ge upp komfort, s\u00e4kerhet och k\u00f6rn\u00f6je. Hundvagnen upp till 20kg erbjuder ett mjukt och rymligt inre med n\u00e4t f\u00f6nster f\u00f6r en frisk bris. Den justerbara suffletten skyddar mot solen och kan st\u00e4ngas vid behov. Dessutom kan kattvagnen enkelt f\u00e4llas ihop och f\u00f6rvaras utrymmeseffektivt n\u00e4r den inte anv\u00e4nds.<\/p>\n<p>Beskrivning:<\/p>\n<ul>\n<li> 3 stora, terr\u00e4ngg\u00e5ende gummihjul och ett l\u00e5sbart framhjul, l\u00e4mpligt f\u00f6r jogging<\/li>\n<li> En justerbar sufflett p\u00e5 hundvagnen erbjuder en skyddad viloplats<\/li>\n<li> En mjuk liggmatta i kattvagnen f\u00f6r mer komfort, mattan \u00e4r avtagbar och tv\u00e4ttbar<\/li>\n<li> S\u00e4kerhetsb\u00e4lten, reflexband och fotbroms p\u00e5 hundvagnen f\u00f6r \u00f6kad s\u00e4kerhet<\/li>\n<li> Kan f\u00e4llas ihop med ett klick<\/li>\n<li> Med f\u00f6rvaringsutrymme och korg<\/li>\n<li> L\u00e4mplig f\u00f6r sm\u00e5 och medelstora hundar med en l\u00e4ngd upp till 43 cm och en vikt upp till 20 kg<\/li>\n<li> Montering kr\u00e4vs<\/li>\n<\/ul>\n<p> Tekniska data:<\/p>\n<ul>\n<li> F\u00e4rg: Svart+M\u00f6rkgr\u00f6n<\/li>\n<li> Material: St\u00e5l, Oxford-tyg (100% polyester)<\/li>\n<li> Totala m\u00e5tt: 111L x 58B x 107H cm<\/li>\n<li> M\u00e5tt p\u00e5 kabin: 67,5L x 35B x 57\/ 25H cm (med\/utan sufflett). Markavst\u00e5nd: 46 cm<\/li>\n<li> M\u00e5tt p\u00e5 fr\u00e4mre d\u00f6rren: 27B x 20H cm<\/li>\n<li> M\u00e5tt p\u00e5 f\u00f6rvaringsutrymme: 16,5B x 15H cm<\/li>\n<li> M\u00e5tt n\u00e4r den \u00e4r ihopf\u00e4lld: 110L x 58B x 57 cm. 103L x 40B x 35,5H cm (utan bakhjul)<\/li>\n<li> M\u00e5tt p\u00e5 f\u00f6rvaringskorg: 50L x 30B x 20H cm<\/li>\n<li> L\u00e4ngd p\u00e5 s\u00e4kerhetslina: 28-53,5 cm<\/li>\n<li> Yta p\u00e5 liggmatta: 65L x 33,5B cm<\/li>\n<li> Hjulm\u00e5tt: \u00d830 x 4,5B cm (fram). \u00d840 x 4,5B cm (bak)<\/li>\n<\/ul>\n<p>Leveransinneh\u00e5ll:<\/p>\n<ul>\n<li> 1 x Hundvagn<\/li>\n<li> 1 x Instruktioner<\/li>\n<\/ul>\n","protected":false},"excerpt":{"rendered":"<p>Upplev en trevlig promenad med din fyrbenta v\u00e4n &#8211; \u00e4ven om din hund har begr\u00e4nsad r\u00f6rlighet, eftersom med TRUUSK hundvagn&#8230;<\/p>\n","protected":false},"featured_media":71768,"template":"","meta":[],"product_brand":[],"product_cat":[895,574,579],"product_tag":[],"class_list":{"0":"post-71777","1":"product","2":"type-product","3":"status-publish","4":"has-post-thumbnail","6":"product_cat-djurutrustning","7":"product_cat-hundtillbehor","8":"product_cat-hundvagn","10":"first","11":"instock","12":"sale","13":"taxable","14":"shipping-taxable","15":"purchasable","16":"product-type-simple"},"yoast_head":"<!-- This site is optimized with the Yoast SEO plugin v25.4 - https:\/\/yoast.com\/wordpress\/plugins\/seo\/ -->\n<title>TRUUSK Hundvagn och Kattbuggy - Hopf\u00e4llbar med Terr\u00e4ngg\u00e5ende Gummihjul - F\u00f6r Hundar och Katter Upp Till 20 kg - M\u00f6rkgr\u00f6n - TRUUSK - Hem, Tr\u00e4dg\u00e5rd &amp; Fritid<\/title>\n<meta name=\"robots\" content=\"index, follow, max-snippet:-1, max-image-preview:large, max-video-preview:-1\" \/>\n<link rel=\"canonical\" href=\"https:\/\/truusk.store\/sv\/produkt\/truusk-hundvagn-och-kattbuggy-hopfallbar-med-terranggaende-gummihjul-for-hundar-och-katter-upp-till-20-kg-morkgron\/\" \/>\n<meta property=\"og:locale\" content=\"sv_SE\" \/>\n<meta property=\"og:type\" content=\"article\" \/>\n<meta property=\"og:title\" content=\"TRUUSK Hundvagn och Kattbuggy - Hopf\u00e4llbar med Terr\u00e4ngg\u00e5ende Gummihjul - F\u00f6r Hundar och Katter Upp Till 20 kg - M\u00f6rkgr\u00f6n - TRUUSK - Hem, Tr\u00e4dg\u00e5rd &amp; Fritid\" \/>\n<meta property=\"og:description\" content=\"Upplev en trevlig promenad med din fyrbenta v\u00e4n &#8211; \u00e4ven om din hund har begr\u00e4nsad r\u00f6rlighet, eftersom med TRUUSK hundvagn...\" \/>\n<meta property=\"og:url\" content=\"https:\/\/truusk.store\/sv\/produkt\/truusk-hundvagn-och-kattbuggy-hopfallbar-med-terranggaende-gummihjul-for-hundar-och-katter-upp-till-20-kg-morkgron\/\" \/>\n<meta property=\"og:site_name\" content=\"TRUUSK - Hem, Tr\u00e4dg\u00e5rd &amp; Fritid\" \/>\n<meta property=\"article:modified_time\" content=\"2026-03-12T08:31:38+00:00\" \/>\n<meta property=\"og:image\" content=\"https:\/\/i0.wp.com\/truusk.se\/wp-content\/uploads\/2025\/06\/hundvagn-hundbuggy-hopfallbar-for-hundar-katter-upp-till-20-kg-kattbuggy-med-terranggaende-gummihjul-kuddar-nat-fonster-dorrar-kattvagn-med-forvaringskorg-buggy-morkgron-1.webp?fit=2000%2C2000&ssl=1\" \/>\n\t<meta property=\"og:image:width\" content=\"2000\" \/>\n\t<meta property=\"og:image:height\" content=\"2000\" \/>\n\t<meta property=\"og:image:type\" content=\"image\/webp\" \/>\n<meta name=\"twitter:card\" content=\"summary_large_image\" \/>\n<meta name=\"twitter:label1\" content=\"Ber\u00e4knad l\u00e4stid\" \/>\n\t<meta name=\"twitter:data1\" content=\"1 minut\" \/>\n<!-- \/ Yoast SEO plugin. -->","yoast_head_json":{"title":"TRUUSK Hundvagn och Kattbuggy - Hopf\u00e4llbar med Terr\u00e4ngg\u00e5ende Gummihjul - F\u00f6r Hundar och Katter Upp Till 20 kg - M\u00f6rkgr\u00f6n - TRUUSK - Hem, Tr\u00e4dg\u00e5rd &amp; Fritid","robots":{"index":"index","follow":"follow","max-snippet":"max-snippet:-1","max-image-preview":"max-image-preview:large","max-video-preview":"max-video-preview:-1"},"canonical":"https:\/\/truusk.store\/sv\/produkt\/truusk-hundvagn-och-kattbuggy-hopfallbar-med-terranggaende-gummihjul-for-hundar-och-katter-upp-till-20-kg-morkgron\/","og_locale":"sv_SE","og_type":"article","og_title":"TRUUSK Hundvagn och Kattbuggy - Hopf\u00e4llbar med Terr\u00e4ngg\u00e5ende Gummihjul - F\u00f6r Hundar och Katter Upp Till 20 kg - M\u00f6rkgr\u00f6n - TRUUSK - Hem, Tr\u00e4dg\u00e5rd &amp; Fritid","og_description":"Upplev en trevlig promenad med din fyrbenta v\u00e4n &#8211; \u00e4ven om din hund har begr\u00e4nsad r\u00f6rlighet, eftersom med TRUUSK hundvagn...","og_url":"https:\/\/truusk.store\/sv\/produkt\/truusk-hundvagn-och-kattbuggy-hopfallbar-med-terranggaende-gummihjul-for-hundar-och-katter-upp-till-20-kg-morkgron\/","og_site_name":"TRUUSK - Hem, Tr\u00e4dg\u00e5rd &amp; Fritid","article_modified_time":"2026-03-12T08:31:38+00:00","og_image":[{"width":2000,"height":2000,"url":"https:\/\/i0.wp.com\/truusk.se\/wp-content\/uploads\/2025\/06\/hundvagn-hundbuggy-hopfallbar-for-hundar-katter-upp-till-20-kg-kattbuggy-med-terranggaende-gummihjul-kuddar-nat-fonster-dorrar-kattvagn-med-forvaringskorg-buggy-morkgron-1.webp?fit=2000%2C2000&ssl=1","type":"image\/webp"}],"twitter_card":"summary_large_image","twitter_misc":{"Ber\u00e4knad l\u00e4stid":"1 minut"},"schema":{"@context":"https:\/\/schema.org","@graph":[{"@type":"WebPage","@id":"https:\/\/truusk.store\/sv\/produkt\/truusk-hundvagn-och-kattbuggy-hopfallbar-med-terranggaende-gummihjul-for-hundar-och-katter-upp-till-20-kg-morkgron\/","url":"https:\/\/truusk.store\/sv\/produkt\/truusk-hundvagn-och-kattbuggy-hopfallbar-med-terranggaende-gummihjul-for-hundar-och-katter-upp-till-20-kg-morkgron\/","name":"TRUUSK Hundvagn och Kattbuggy - Hopf\u00e4llbar med Terr\u00e4ngg\u00e5ende Gummihjul - F\u00f6r Hundar och Katter Upp Till 20 kg - M\u00f6rkgr\u00f6n - TRUUSK - Hem, Tr\u00e4dg\u00e5rd &amp; Fritid","isPartOf":{"@id":"https:\/\/truusk.store\/sv\/#website"},"primaryImageOfPage":{"@id":"https:\/\/truusk.store\/sv\/produkt\/truusk-hundvagn-och-kattbuggy-hopfallbar-med-terranggaende-gummihjul-for-hundar-och-katter-upp-till-20-kg-morkgron\/#primaryimage"},"image":{"@id":"https:\/\/truusk.store\/sv\/produkt\/truusk-hundvagn-och-kattbuggy-hopfallbar-med-terranggaende-gummihjul-for-hundar-och-katter-upp-till-20-kg-morkgron\/#primaryimage"},"thumbnailUrl":"https:\/\/i0.wp.com\/truusk.store\/wp-content\/uploads\/2025\/06\/hundvagn-hundbuggy-hopfallbar-for-hundar-katter-upp-till-20-kg-kattbuggy-med-terranggaende-gummihjul-kuddar-nat-fonster-dorrar-kattvagn-med-forvaringskorg-buggy-morkgron-1.webp?fit=2000%2C2000&ssl=1","datePublished":"2025-06-05T20:42:21+00:00","dateModified":"2026-03-12T08:31:38+00:00","breadcrumb":{"@id":"https:\/\/truusk.store\/sv\/produkt\/truusk-hundvagn-och-kattbuggy-hopfallbar-med-terranggaende-gummihjul-for-hundar-och-katter-upp-till-20-kg-morkgron\/#breadcrumb"},"inLanguage":"sv-SE","potentialAction":[{"@type":"ReadAction","target":["https:\/\/truusk.store\/sv\/produkt\/truusk-hundvagn-och-kattbuggy-hopfallbar-med-terranggaende-gummihjul-for-hundar-och-katter-upp-till-20-kg-morkgron\/"]}]},{"@type":"ImageObject","inLanguage":"sv-SE","@id":"https:\/\/truusk.store\/sv\/produkt\/truusk-hundvagn-och-kattbuggy-hopfallbar-med-terranggaende-gummihjul-for-hundar-och-katter-upp-till-20-kg-morkgron\/#primaryimage","url":"https:\/\/i0.wp.com\/truusk.store\/wp-content\/uploads\/2025\/06\/hundvagn-hundbuggy-hopfallbar-for-hundar-katter-upp-till-20-kg-kattbuggy-med-terranggaende-gummihjul-kuddar-nat-fonster-dorrar-kattvagn-med-forvaringskorg-buggy-morkgron-1.webp?fit=2000%2C2000&ssl=1","contentUrl":"https:\/\/i0.wp.com\/truusk.store\/wp-content\/uploads\/2025\/06\/hundvagn-hundbuggy-hopfallbar-for-hundar-katter-upp-till-20-kg-kattbuggy-med-terranggaende-gummihjul-kuddar-nat-fonster-dorrar-kattvagn-med-forvaringskorg-buggy-morkgron-1.webp?fit=2000%2C2000&ssl=1","width":2000,"height":2000},{"@type":"BreadcrumbList","@id":"https:\/\/truusk.store\/sv\/produkt\/truusk-hundvagn-och-kattbuggy-hopfallbar-med-terranggaende-gummihjul-for-hundar-och-katter-upp-till-20-kg-morkgron\/#breadcrumb","itemListElement":[{"@type":"ListItem","position":1,"name":"Home","item":"https:\/\/truusk.store\/sv\/"},{"@type":"ListItem","position":2,"name":"Shop","item":"https:\/\/truusk.store\/shop\/"},{"@type":"ListItem","position":3,"name":"TRUUSK Hundvagn och Kattbuggy &#8211; Hopf\u00e4llbar med Terr\u00e4ngg\u00e5ende Gummihjul &#8211; F\u00f6r Hundar och Katter Upp Till 20 kg &#8211; M\u00f6rkgr\u00f6n"}]},{"@type":"WebSite","@id":"https:\/\/truusk.store\/sv\/#website","url":"https:\/\/truusk.store\/sv\/","name":"TRUUSK - Hem, Tr\u00e4dg\u00e5rd & Fritid","description":"","publisher":{"@id":"https:\/\/truusk.store\/sv\/#organization"},"potentialAction":[{"@type":"SearchAction","target":{"@type":"EntryPoint","urlTemplate":"https:\/\/truusk.store\/sv\/?s={search_term_string}"},"query-input":{"@type":"PropertyValueSpecification","valueRequired":true,"valueName":"search_term_string"}}],"inLanguage":"sv-SE"},{"@type":"Organization","@id":"https:\/\/truusk.store\/sv\/#organization","name":"TRUUSK - Hem, Tr\u00e4dg\u00e5rd & Fritid","url":"https:\/\/truusk.store\/sv\/","logo":{"@type":"ImageObject","inLanguage":"sv-SE","@id":"https:\/\/truusk.store\/sv\/#\/schema\/logo\/image\/","url":"https:\/\/i0.wp.com\/truusk.store\/wp-content\/uploads\/2026\/03\/cropped-TRUUSK.png?fit=2032%2C917&ssl=1","contentUrl":"https:\/\/i0.wp.com\/truusk.store\/wp-content\/uploads\/2026\/03\/cropped-TRUUSK.png?fit=2032%2C917&ssl=1","width":2032,"height":917,"caption":"TRUUSK - Hem, Tr\u00e4dg\u00e5rd & Fritid"},"image":{"@id":"https:\/\/truusk.store\/sv\/#\/schema\/logo\/image\/"}}]}},"jetpack_sharing_enabled":true,"_links":{"self":[{"href":"https:\/\/truusk.store\/sv\/wp-json\/wp\/v2\/product\/71777","targetHints":{"allow":["GET"]}}],"collection":[{"href":"https:\/\/truusk.store\/sv\/wp-json\/wp\/v2\/product"}],"about":[{"href":"https:\/\/truusk.store\/sv\/wp-json\/wp\/v2\/types\/product"}],"wp:featuredmedia":[{"embeddable":true,"href":"https:\/\/truusk.store\/sv\/wp-json\/wp\/v2\/media\/71768"}],"wp:attachment":[{"href":"https:\/\/truusk.store\/sv\/wp-json\/wp\/v2\/media?parent=71777"}],"wp:term":[{"taxonomy":"product_brand","embeddable":true,"href":"https:\/\/truusk.store\/sv\/wp-json\/wp\/v2\/product_brand?post=71777"},{"taxonomy":"product_cat","embeddable":true,"href":"https:\/\/truusk.store\/sv\/wp-json\/wp\/v2\/product_cat?post=71777"},{"taxonomy":"product_tag","embeddable":true,"href":"https:\/\/truusk.store\/sv\/wp-json\/wp\/v2\/product_tag?post=71777"}],"curies":[{"name":"wp","href":"https:\/\/api.w.org\/{rel}","templated":true}]}}