{"id":71810,"date":"2025-06-05T21:45:24","date_gmt":"2025-06-05T20:45:24","guid":{"rendered":"https:\/\/truusk.store\/product\/hundvagn-hundbuggy-hopfallbar-for-stora-hundar-katter-upp-till-30-kg-kattbuggy-med-kuddar-nat-fonster-dorrar-forvaringsvaska-kattvagn-med-sakerhetslinor-bromsar-buggy-morkgra\/"},"modified":"2026-03-12T08:42:30","modified_gmt":"2026-03-12T07:42:30","slug":"truusk-hundvagn-och-kattbuggy-for-stora-hundar-katter-upp-till-30-kg-hopfallbar-med-kuddar-nat-fonster-dorrar","status":"publish","type":"product","link":"https:\/\/truusk.store\/sv\/produkt\/truusk-hundvagn-och-kattbuggy-for-stora-hundar-katter-upp-till-30-kg-hopfallbar-med-kuddar-nat-fonster-dorrar\/","title":{"rendered":"TRUUSK Hundvagn och Kattbuggy &#8211; F\u00f6r Stora Hundar &amp; Katter Upp Till 30 kg &#8211; Hopf\u00e4llbar &#8211; Med Kuddar, N\u00e4t F\u00f6nster, D\u00f6rrar &#8211;"},"content":{"rendered":"<p>Utforska naturen bekv\u00e4mt med din fyrbenta v\u00e4n, tack vare TRUUSK hundvagn upp till 30kg. Speciellt designad f\u00f6r stora hundar, rymmer den husdjur upp till 30 kg och 68 cm storlek. Den l\u00e4ttvikts hopf\u00e4llbara hundvagnen upp till 30kg med avtagbara hjul g\u00f6r f\u00f6rvaring och transport till en lek. De stora, st\u00f6tabsorberande hjulen p\u00e5 hundvagnen ger en lugn \u00e5ktur, och de m\u00e5nga n\u00e4t f\u00f6nstren samt de tv\u00e5 ing\u00e5ngarna erbjuder en vacker utsikt och komfort f\u00f6r din fyrbenta v\u00e4n.<\/p>\n<p>Beskrivning:<\/p>\n<ul>\n<li> Tillr\u00e4ckligt stor f\u00f6r hundar upp till 30 kg och en l\u00e4ngd p\u00e5 68 cm<\/li>\n<li> Ett-klicks hopf\u00e4llbara designen p\u00e5 hundvagnen underl\u00e4ttar f\u00f6rvaring och transport<\/li>\n<li> Avtagbara hjul p\u00e5 hundvagnen f\u00f6rb\u00e4ttrar b\u00e4rbarheten och anv\u00e4ndarv\u00e4nligheten<\/li>\n<li> Mjuk \u00e5ktur tack vare stora hjul och st\u00f6tabsorberande ram<\/li>\n<li> Flera n\u00e4t f\u00f6nster p\u00e5 kattvagnen ger gott om luftcirkulation<\/li>\n<li> Kuddar och s\u00e4kerhetslinor \u00f6kar komfort och s\u00e4kerhet<\/li>\n<li> Den bakre f\u00f6rvaringsfickan erbjuder bekv\u00e4mt utrymme f\u00f6r olika tillbeh\u00f6r<\/li>\n<li> Bredden p\u00e5 67 cm passar l\u00e4tt genom de flesta d\u00f6rrkarmar<\/li>\n<\/ul>\n<p> Tekniska data:<\/p>\n<ul>\n<li> F\u00e4rg: M\u00f6rkgr\u00e5<\/li>\n<li> Material: 600D Oxford-tyg, st\u00e5l<\/li>\n<li> Totala dimensioner: 124L x 67B x 100H cm<\/li>\n<li> Hyttstorlek: 93L x 52B x 65\/28H cm (med\/utan tak)<\/li>\n<li> Hytth\u00f6jd: 27H cm<\/li>\n<li> \u00d6vre f\u00f6nster: 30B x 30H cm<\/li>\n<li> Framf\u00f6nster: 38B x 38H cm<\/li>\n<li> Bakd\u00f6rr: 48B x 51H cm<\/li>\n<li> F\u00f6rvaringsficka: 9B x 16H cm, 18B x 16H cm, 9B x 16H cm<\/li>\n<li> Hopf\u00e4llbar storlek: 115L x 67B x 40H cm\/95L x 59B x 25H cm (med\/utan hjul)<\/li>\n<li> S\u00e4kerhetslina: 33-64,5L cm<\/li>\n<li> Kudde: 90,5L x 48B x 2,5T cm<\/li>\n<li> Hjul: \u00d88&#8243; (fram), \u00d811&#8243; (bak)<\/li>\n<li> Maximal belastning: 30 kg<\/li>\n<\/ul>\n<p>Leveransinneh\u00e5ll:<\/p>\n<ul>\n<li> 1 x Hundvagn<\/li>\n<li> 1 x Kudde<\/li>\n<li> 2 x S\u00e4kerhetslina<\/li>\n<li> 1 x Bruksanvisning<\/li>\n<\/ul>\n","protected":false},"excerpt":{"rendered":"<p>Utforska naturen bekv\u00e4mt med din fyrbenta v\u00e4n, tack vare TRUUSK hundvagn upp till 30kg. Speciellt designad f\u00f6r stora hundar, rymmer&#8230;<\/p>\n","protected":false},"featured_media":71798,"template":"","meta":[],"product_brand":[],"product_cat":[878,574,579],"product_tag":[],"class_list":{"0":"post-71810","1":"product","2":"type-product","3":"status-publish","4":"has-post-thumbnail","6":"product_cat-djurbehov","7":"product_cat-hundtillbehor","8":"product_cat-hundvagn","10":"first","11":"instock","12":"sale","13":"taxable","14":"shipping-taxable","15":"purchasable","16":"product-type-simple"},"yoast_head":"<!-- This site is optimized with the Yoast SEO plugin v25.4 - https:\/\/yoast.com\/wordpress\/plugins\/seo\/ -->\n<title>TRUUSK Hundvagn och Kattbuggy - F\u00f6r Stora Hundar &amp; Katter Upp Till 30 kg - Hopf\u00e4llbar - Med Kuddar, N\u00e4t F\u00f6nster, D\u00f6rrar - TRUUSK - Hem, Tr\u00e4dg\u00e5rd &amp; Fritid<\/title>\n<meta name=\"robots\" content=\"index, follow, max-snippet:-1, max-image-preview:large, max-video-preview:-1\" \/>\n<link rel=\"canonical\" href=\"https:\/\/truusk.store\/sv\/produkt\/truusk-hundvagn-och-kattbuggy-for-stora-hundar-katter-upp-till-30-kg-hopfallbar-med-kuddar-nat-fonster-dorrar\/\" \/>\n<meta property=\"og:locale\" content=\"sv_SE\" \/>\n<meta property=\"og:type\" content=\"article\" \/>\n<meta property=\"og:title\" content=\"TRUUSK Hundvagn och Kattbuggy - F\u00f6r Stora Hundar &amp; Katter Upp Till 30 kg - Hopf\u00e4llbar - Med Kuddar, N\u00e4t F\u00f6nster, D\u00f6rrar - TRUUSK - Hem, Tr\u00e4dg\u00e5rd &amp; Fritid\" \/>\n<meta property=\"og:description\" content=\"Utforska naturen bekv\u00e4mt med din fyrbenta v\u00e4n, tack vare TRUUSK hundvagn upp till 30kg. Speciellt designad f\u00f6r stora hundar, rymmer...\" \/>\n<meta property=\"og:url\" content=\"https:\/\/truusk.store\/sv\/produkt\/truusk-hundvagn-och-kattbuggy-for-stora-hundar-katter-upp-till-30-kg-hopfallbar-med-kuddar-nat-fonster-dorrar\/\" \/>\n<meta property=\"og:site_name\" content=\"TRUUSK - Hem, Tr\u00e4dg\u00e5rd &amp; Fritid\" \/>\n<meta property=\"article:modified_time\" content=\"2026-03-12T07:42:30+00:00\" \/>\n<meta property=\"og:image\" content=\"https:\/\/i0.wp.com\/truusk.se\/wp-content\/uploads\/2025\/06\/hundvagn-hundbuggy-hopfallbar-for-stora-hundar-katter-upp-till-30-kg-kattbuggy-med-kuddar-nat-fonster-dorrar-forvaringsvaska-kattvagn-med-sakerhetslinor-bromsar-buggy-morkgra-1.webp?fit=2000%2C2000&ssl=1\" \/>\n\t<meta property=\"og:image:width\" content=\"2000\" \/>\n\t<meta property=\"og:image:height\" content=\"2000\" \/>\n\t<meta property=\"og:image:type\" content=\"image\/webp\" \/>\n<meta name=\"twitter:card\" content=\"summary_large_image\" \/>\n<meta name=\"twitter:label1\" content=\"Ber\u00e4knad l\u00e4stid\" \/>\n\t<meta name=\"twitter:data1\" content=\"1 minut\" \/>\n<!-- \/ Yoast SEO plugin. -->","yoast_head_json":{"title":"TRUUSK Hundvagn och Kattbuggy - F\u00f6r Stora Hundar &amp; Katter Upp Till 30 kg - Hopf\u00e4llbar - Med Kuddar, N\u00e4t F\u00f6nster, D\u00f6rrar - TRUUSK - Hem, Tr\u00e4dg\u00e5rd &amp; Fritid","robots":{"index":"index","follow":"follow","max-snippet":"max-snippet:-1","max-image-preview":"max-image-preview:large","max-video-preview":"max-video-preview:-1"},"canonical":"https:\/\/truusk.store\/sv\/produkt\/truusk-hundvagn-och-kattbuggy-for-stora-hundar-katter-upp-till-30-kg-hopfallbar-med-kuddar-nat-fonster-dorrar\/","og_locale":"sv_SE","og_type":"article","og_title":"TRUUSK Hundvagn och Kattbuggy - F\u00f6r Stora Hundar &amp; Katter Upp Till 30 kg - Hopf\u00e4llbar - Med Kuddar, N\u00e4t F\u00f6nster, D\u00f6rrar - TRUUSK - Hem, Tr\u00e4dg\u00e5rd &amp; Fritid","og_description":"Utforska naturen bekv\u00e4mt med din fyrbenta v\u00e4n, tack vare TRUUSK hundvagn upp till 30kg. Speciellt designad f\u00f6r stora hundar, rymmer...","og_url":"https:\/\/truusk.store\/sv\/produkt\/truusk-hundvagn-och-kattbuggy-for-stora-hundar-katter-upp-till-30-kg-hopfallbar-med-kuddar-nat-fonster-dorrar\/","og_site_name":"TRUUSK - Hem, Tr\u00e4dg\u00e5rd &amp; Fritid","article_modified_time":"2026-03-12T07:42:30+00:00","og_image":[{"width":2000,"height":2000,"url":"https:\/\/i0.wp.com\/truusk.se\/wp-content\/uploads\/2025\/06\/hundvagn-hundbuggy-hopfallbar-for-stora-hundar-katter-upp-till-30-kg-kattbuggy-med-kuddar-nat-fonster-dorrar-forvaringsvaska-kattvagn-med-sakerhetslinor-bromsar-buggy-morkgra-1.webp?fit=2000%2C2000&ssl=1","type":"image\/webp"}],"twitter_card":"summary_large_image","twitter_misc":{"Ber\u00e4knad l\u00e4stid":"1 minut"},"schema":{"@context":"https:\/\/schema.org","@graph":[{"@type":"WebPage","@id":"https:\/\/truusk.store\/sv\/produkt\/truusk-hundvagn-och-kattbuggy-for-stora-hundar-katter-upp-till-30-kg-hopfallbar-med-kuddar-nat-fonster-dorrar\/","url":"https:\/\/truusk.store\/sv\/produkt\/truusk-hundvagn-och-kattbuggy-for-stora-hundar-katter-upp-till-30-kg-hopfallbar-med-kuddar-nat-fonster-dorrar\/","name":"TRUUSK Hundvagn och Kattbuggy - F\u00f6r Stora Hundar &amp; Katter Upp Till 30 kg - Hopf\u00e4llbar - Med Kuddar, N\u00e4t F\u00f6nster, D\u00f6rrar - TRUUSK - Hem, Tr\u00e4dg\u00e5rd &amp; Fritid","isPartOf":{"@id":"https:\/\/truusk.store\/sv\/#website"},"primaryImageOfPage":{"@id":"https:\/\/truusk.store\/sv\/produkt\/truusk-hundvagn-och-kattbuggy-for-stora-hundar-katter-upp-till-30-kg-hopfallbar-med-kuddar-nat-fonster-dorrar\/#primaryimage"},"image":{"@id":"https:\/\/truusk.store\/sv\/produkt\/truusk-hundvagn-och-kattbuggy-for-stora-hundar-katter-upp-till-30-kg-hopfallbar-med-kuddar-nat-fonster-dorrar\/#primaryimage"},"thumbnailUrl":"https:\/\/i0.wp.com\/truusk.store\/wp-content\/uploads\/2025\/06\/hundvagn-hundbuggy-hopfallbar-for-stora-hundar-katter-upp-till-30-kg-kattbuggy-med-kuddar-nat-fonster-dorrar-forvaringsvaska-kattvagn-med-sakerhetslinor-bromsar-buggy-morkgra-1.webp?fit=2000%2C2000&ssl=1","datePublished":"2025-06-05T20:45:24+00:00","dateModified":"2026-03-12T07:42:30+00:00","breadcrumb":{"@id":"https:\/\/truusk.store\/sv\/produkt\/truusk-hundvagn-och-kattbuggy-for-stora-hundar-katter-upp-till-30-kg-hopfallbar-med-kuddar-nat-fonster-dorrar\/#breadcrumb"},"inLanguage":"sv-SE","potentialAction":[{"@type":"ReadAction","target":["https:\/\/truusk.store\/sv\/produkt\/truusk-hundvagn-och-kattbuggy-for-stora-hundar-katter-upp-till-30-kg-hopfallbar-med-kuddar-nat-fonster-dorrar\/"]}]},{"@type":"ImageObject","inLanguage":"sv-SE","@id":"https:\/\/truusk.store\/sv\/produkt\/truusk-hundvagn-och-kattbuggy-for-stora-hundar-katter-upp-till-30-kg-hopfallbar-med-kuddar-nat-fonster-dorrar\/#primaryimage","url":"https:\/\/i0.wp.com\/truusk.store\/wp-content\/uploads\/2025\/06\/hundvagn-hundbuggy-hopfallbar-for-stora-hundar-katter-upp-till-30-kg-kattbuggy-med-kuddar-nat-fonster-dorrar-forvaringsvaska-kattvagn-med-sakerhetslinor-bromsar-buggy-morkgra-1.webp?fit=2000%2C2000&ssl=1","contentUrl":"https:\/\/i0.wp.com\/truusk.store\/wp-content\/uploads\/2025\/06\/hundvagn-hundbuggy-hopfallbar-for-stora-hundar-katter-upp-till-30-kg-kattbuggy-med-kuddar-nat-fonster-dorrar-forvaringsvaska-kattvagn-med-sakerhetslinor-bromsar-buggy-morkgra-1.webp?fit=2000%2C2000&ssl=1","width":2000,"height":2000},{"@type":"BreadcrumbList","@id":"https:\/\/truusk.store\/sv\/produkt\/truusk-hundvagn-och-kattbuggy-for-stora-hundar-katter-upp-till-30-kg-hopfallbar-med-kuddar-nat-fonster-dorrar\/#breadcrumb","itemListElement":[{"@type":"ListItem","position":1,"name":"Home","item":"https:\/\/truusk.store\/sv\/"},{"@type":"ListItem","position":2,"name":"Shop","item":"https:\/\/truusk.store\/shop\/"},{"@type":"ListItem","position":3,"name":"TRUUSK Hundvagn och Kattbuggy &#8211; F\u00f6r Stora Hundar &amp; Katter Upp Till 30 kg &#8211; Hopf\u00e4llbar &#8211; Med Kuddar, N\u00e4t F\u00f6nster, D\u00f6rrar &#8211;"}]},{"@type":"WebSite","@id":"https:\/\/truusk.store\/sv\/#website","url":"https:\/\/truusk.store\/sv\/","name":"TRUUSK - Hem, Tr\u00e4dg\u00e5rd & Fritid","description":"","publisher":{"@id":"https:\/\/truusk.store\/sv\/#organization"},"potentialAction":[{"@type":"SearchAction","target":{"@type":"EntryPoint","urlTemplate":"https:\/\/truusk.store\/sv\/?s={search_term_string}"},"query-input":{"@type":"PropertyValueSpecification","valueRequired":true,"valueName":"search_term_string"}}],"inLanguage":"sv-SE"},{"@type":"Organization","@id":"https:\/\/truusk.store\/sv\/#organization","name":"TRUUSK - Hem, Tr\u00e4dg\u00e5rd & Fritid","url":"https:\/\/truusk.store\/sv\/","logo":{"@type":"ImageObject","inLanguage":"sv-SE","@id":"https:\/\/truusk.store\/sv\/#\/schema\/logo\/image\/","url":"https:\/\/i0.wp.com\/truusk.store\/wp-content\/uploads\/2026\/03\/cropped-TRUUSK.png?fit=2032%2C917&ssl=1","contentUrl":"https:\/\/i0.wp.com\/truusk.store\/wp-content\/uploads\/2026\/03\/cropped-TRUUSK.png?fit=2032%2C917&ssl=1","width":2032,"height":917,"caption":"TRUUSK - Hem, Tr\u00e4dg\u00e5rd & Fritid"},"image":{"@id":"https:\/\/truusk.store\/sv\/#\/schema\/logo\/image\/"}}]}},"jetpack_sharing_enabled":true,"_links":{"self":[{"href":"https:\/\/truusk.store\/sv\/wp-json\/wp\/v2\/product\/71810","targetHints":{"allow":["GET"]}}],"collection":[{"href":"https:\/\/truusk.store\/sv\/wp-json\/wp\/v2\/product"}],"about":[{"href":"https:\/\/truusk.store\/sv\/wp-json\/wp\/v2\/types\/product"}],"wp:featuredmedia":[{"embeddable":true,"href":"https:\/\/truusk.store\/sv\/wp-json\/wp\/v2\/media\/71798"}],"wp:attachment":[{"href":"https:\/\/truusk.store\/sv\/wp-json\/wp\/v2\/media?parent=71810"}],"wp:term":[{"taxonomy":"product_brand","embeddable":true,"href":"https:\/\/truusk.store\/sv\/wp-json\/wp\/v2\/product_brand?post=71810"},{"taxonomy":"product_cat","embeddable":true,"href":"https:\/\/truusk.store\/sv\/wp-json\/wp\/v2\/product_cat?post=71810"},{"taxonomy":"product_tag","embeddable":true,"href":"https:\/\/truusk.store\/sv\/wp-json\/wp\/v2\/product_tag?post=71810"}],"curies":[{"name":"wp","href":"https:\/\/api.w.org\/{rel}","templated":true}]}}