{"id":71867,"date":"2025-06-05T21:50:53","date_gmt":"2025-06-05T20:50:53","guid":{"rendered":"https:\/\/truusk.store\/product\/2-i-1-hundvagn-hundbuggy-med-regnskydd-hopfallbar-for-hundar-katter-upp-till-10-kg-kattbuggy-med-kuddar-nat-fonster-dorrar-forvaringskorg-kattvagn-buggy-khaki\/"},"modified":"2026-03-12T09:38:10","modified_gmt":"2026-03-12T08:38:10","slug":"truusk-2-i-1-hundvagn-och-kattbuggy-hopfallbar-med-regnskydd-kuddar-nat-fonster-forvaringskorg-for-hundar-och-katter","status":"publish","type":"product","link":"https:\/\/truusk.store\/sv\/produkt\/truusk-2-i-1-hundvagn-och-kattbuggy-hopfallbar-med-regnskydd-kuddar-nat-fonster-forvaringskorg-for-hundar-och-katter\/","title":{"rendered":"TRUUSK 2-i-1 Hundvagn och Kattbuggy &#8211; Hopf\u00e4llbar med Regnskydd &#8211; Kuddar &#8211; N\u00e4t F\u00f6nster &#8211; F\u00f6rvaringskorg &#8211; F\u00f6r Hundar och Katter"},"content":{"rendered":"<p>Ta med din hund s\u00e4kert utomhus &#8211; med hundvagnen upp till 10 kg fr\u00e5n TRUUSK. Hundvagnen upp till 10 kg har smidiga hjul och ett handtag, s\u00e5 att den l\u00e4tt kan tas med. Den \u00f6vre korgen p\u00e5 kattvagnen \u00e4r rymlig, s\u00e5 att ditt husdjur har tillr\u00e4ckligt med plats, skyddad av ett n\u00e4t f\u00f6nster f\u00f6r luftcirkulation och ett justerbart tak i tre steg f\u00f6r att skydda det uppifr\u00e5n. Den levereras med en underkorg och en dragkedjep\u00e5se f\u00f6r enkel f\u00f6rvaring p\u00e5 resan.<\/p>\n<p>Beskrivning:<\/p>\n<ul>\n<li> Korgen \u00e4r t\u00e4ckt med Oxford-tyg och utrustad med ett ventilationsgaller. Justerbart &#8211; tak f\u00f6r skydd<\/li>\n<li> Tv\u00e5 inre remmar p\u00e5 kattvagnen f\u00f6r s\u00e4ker fasts\u00e4ttning av djuret<\/li>\n<li> Fyra hjul och handtag p\u00e5 hundvagnen f\u00f6r l\u00e4tt skjutning<\/li>\n<li> Tv\u00e5 hjul p\u00e5 hundvagnen med bromsar och st\u00f6td\u00e4mpare<\/li>\n<li> Underkorg och dragkedjep\u00e5se f\u00f6r f\u00f6rvaring<\/li>\n<li> Med regnskydd, perfekt f\u00f6r resor i d\u00e5ligt v\u00e4der<\/li>\n<li> L\u00e4mplig f\u00f6r sm\u00e5 och miniatyrhundar upp till 35 cm i l\u00e4ngd och 10 kg i vikt<\/li>\n<li> L\u00e4tt att f\u00e4lla ihop och b\u00e4ra, montering kr\u00e4vs<\/li>\n<\/ul>\n<p> Tekniska data:<\/p>\n<ul>\n<li> F\u00e4rg: Khaki<\/li>\n<li> Material: Oxford-tyg, st\u00e5l, plast, EVA<\/li>\n<li> M\u00e5tt: 80,5L x 51,5B x 100H cm.<\/li>\n<li> B\u00e4rare: 55L x 33B x 51\/21H cm (med\/utan tak)<\/li>\n<li> Ihopf\u00e4lld: 85L x 51,5B x 24H cm<\/li>\n<li> Framf\u00f6nster: 26B x 17H cm<\/li>\n<li> Underkorg: 50L x 32B x 20H cm<\/li>\n<li> Kudde: 53,5L x 32B x 2,5T cm<\/li>\n<li> Regnskydd: 55L x 36B x 75\/65H cm (fram\/bak)<\/li>\n<li> Viktkapacitet: 15 kg<\/li>\n<\/ul>\n<p>Leveransinneh\u00e5ll:<\/p>\n<ul>\n<li> 1 x Husdjursvagn<\/li>\n<li> 1 x Regnskydd<\/li>\n<li> 1 x Handbok<\/li>\n<\/ul>\n","protected":false},"excerpt":{"rendered":"<p>Ta med din hund s\u00e4kert utomhus &#8211; med hundvagnen upp till 10 kg fr\u00e5n TRUUSK. Hundvagnen upp till 10 kg&#8230;<\/p>\n","protected":false},"featured_media":71858,"template":"","meta":[],"product_brand":[],"product_cat":[947,574,579],"product_tag":[],"class_list":{"0":"post-71867","1":"product","2":"type-product","3":"status-publish","4":"has-post-thumbnail","6":"product_cat-djurtillbehor","7":"product_cat-hundtillbehor","8":"product_cat-hundvagn","10":"first","11":"instock","12":"sale","13":"taxable","14":"shipping-taxable","15":"purchasable","16":"product-type-simple"},"yoast_head":"<!-- This site is optimized with the Yoast SEO plugin v25.4 - https:\/\/yoast.com\/wordpress\/plugins\/seo\/ -->\n<title>TRUUSK 2-i-1 Hundvagn och Kattbuggy - Hopf\u00e4llbar med Regnskydd - Kuddar - N\u00e4t F\u00f6nster - F\u00f6rvaringskorg - F\u00f6r Hundar och Katter - TRUUSK - Hem, Tr\u00e4dg\u00e5rd &amp; Fritid<\/title>\n<meta name=\"robots\" content=\"index, follow, max-snippet:-1, max-image-preview:large, max-video-preview:-1\" \/>\n<link rel=\"canonical\" href=\"https:\/\/truusk.store\/sv\/produkt\/truusk-2-i-1-hundvagn-och-kattbuggy-hopfallbar-med-regnskydd-kuddar-nat-fonster-forvaringskorg-for-hundar-och-katter\/\" \/>\n<meta property=\"og:locale\" content=\"sv_SE\" \/>\n<meta property=\"og:type\" content=\"article\" \/>\n<meta property=\"og:title\" content=\"TRUUSK 2-i-1 Hundvagn och Kattbuggy - Hopf\u00e4llbar med Regnskydd - Kuddar - N\u00e4t F\u00f6nster - F\u00f6rvaringskorg - F\u00f6r Hundar och Katter - TRUUSK - Hem, Tr\u00e4dg\u00e5rd &amp; Fritid\" \/>\n<meta property=\"og:description\" content=\"Ta med din hund s\u00e4kert utomhus &#8211; med hundvagnen upp till 10 kg fr\u00e5n TRUUSK. Hundvagnen upp till 10 kg...\" \/>\n<meta property=\"og:url\" content=\"https:\/\/truusk.store\/sv\/produkt\/truusk-2-i-1-hundvagn-och-kattbuggy-hopfallbar-med-regnskydd-kuddar-nat-fonster-forvaringskorg-for-hundar-och-katter\/\" \/>\n<meta property=\"og:site_name\" content=\"TRUUSK - Hem, Tr\u00e4dg\u00e5rd &amp; Fritid\" \/>\n<meta property=\"article:modified_time\" content=\"2026-03-12T08:38:10+00:00\" \/>\n<meta property=\"og:image\" content=\"https:\/\/i0.wp.com\/truusk.se\/wp-content\/uploads\/2025\/06\/2-i-1-hundvagn-hundbuggy-med-regnskydd-hopfallbar-for-hundar-katter-upp-till-10-kg-kattbuggy-med-kuddar-nat-fonster-dorrar-forvaringskorg-kattvagn-buggy-khaki-1.webp?fit=2000%2C2000&ssl=1\" \/>\n\t<meta property=\"og:image:width\" content=\"2000\" \/>\n\t<meta property=\"og:image:height\" content=\"2000\" \/>\n\t<meta property=\"og:image:type\" content=\"image\/webp\" \/>\n<meta name=\"twitter:card\" content=\"summary_large_image\" \/>\n<meta name=\"twitter:label1\" content=\"Ber\u00e4knad l\u00e4stid\" \/>\n\t<meta name=\"twitter:data1\" content=\"1 minut\" \/>\n<!-- \/ Yoast SEO plugin. -->","yoast_head_json":{"title":"TRUUSK 2-i-1 Hundvagn och Kattbuggy - Hopf\u00e4llbar med Regnskydd - Kuddar - N\u00e4t F\u00f6nster - F\u00f6rvaringskorg - F\u00f6r Hundar och Katter - TRUUSK - Hem, Tr\u00e4dg\u00e5rd &amp; Fritid","robots":{"index":"index","follow":"follow","max-snippet":"max-snippet:-1","max-image-preview":"max-image-preview:large","max-video-preview":"max-video-preview:-1"},"canonical":"https:\/\/truusk.store\/sv\/produkt\/truusk-2-i-1-hundvagn-och-kattbuggy-hopfallbar-med-regnskydd-kuddar-nat-fonster-forvaringskorg-for-hundar-och-katter\/","og_locale":"sv_SE","og_type":"article","og_title":"TRUUSK 2-i-1 Hundvagn och Kattbuggy - Hopf\u00e4llbar med Regnskydd - Kuddar - N\u00e4t F\u00f6nster - F\u00f6rvaringskorg - F\u00f6r Hundar och Katter - TRUUSK - Hem, Tr\u00e4dg\u00e5rd &amp; Fritid","og_description":"Ta med din hund s\u00e4kert utomhus &#8211; med hundvagnen upp till 10 kg fr\u00e5n TRUUSK. Hundvagnen upp till 10 kg...","og_url":"https:\/\/truusk.store\/sv\/produkt\/truusk-2-i-1-hundvagn-och-kattbuggy-hopfallbar-med-regnskydd-kuddar-nat-fonster-forvaringskorg-for-hundar-och-katter\/","og_site_name":"TRUUSK - Hem, Tr\u00e4dg\u00e5rd &amp; Fritid","article_modified_time":"2026-03-12T08:38:10+00:00","og_image":[{"width":2000,"height":2000,"url":"https:\/\/i0.wp.com\/truusk.se\/wp-content\/uploads\/2025\/06\/2-i-1-hundvagn-hundbuggy-med-regnskydd-hopfallbar-for-hundar-katter-upp-till-10-kg-kattbuggy-med-kuddar-nat-fonster-dorrar-forvaringskorg-kattvagn-buggy-khaki-1.webp?fit=2000%2C2000&ssl=1","type":"image\/webp"}],"twitter_card":"summary_large_image","twitter_misc":{"Ber\u00e4knad l\u00e4stid":"1 minut"},"schema":{"@context":"https:\/\/schema.org","@graph":[{"@type":"WebPage","@id":"https:\/\/truusk.store\/sv\/produkt\/truusk-2-i-1-hundvagn-och-kattbuggy-hopfallbar-med-regnskydd-kuddar-nat-fonster-forvaringskorg-for-hundar-och-katter\/","url":"https:\/\/truusk.store\/sv\/produkt\/truusk-2-i-1-hundvagn-och-kattbuggy-hopfallbar-med-regnskydd-kuddar-nat-fonster-forvaringskorg-for-hundar-och-katter\/","name":"TRUUSK 2-i-1 Hundvagn och Kattbuggy - Hopf\u00e4llbar med Regnskydd - Kuddar - N\u00e4t F\u00f6nster - F\u00f6rvaringskorg - F\u00f6r Hundar och Katter - TRUUSK - Hem, Tr\u00e4dg\u00e5rd &amp; Fritid","isPartOf":{"@id":"https:\/\/truusk.store\/sv\/#website"},"primaryImageOfPage":{"@id":"https:\/\/truusk.store\/sv\/produkt\/truusk-2-i-1-hundvagn-och-kattbuggy-hopfallbar-med-regnskydd-kuddar-nat-fonster-forvaringskorg-for-hundar-och-katter\/#primaryimage"},"image":{"@id":"https:\/\/truusk.store\/sv\/produkt\/truusk-2-i-1-hundvagn-och-kattbuggy-hopfallbar-med-regnskydd-kuddar-nat-fonster-forvaringskorg-for-hundar-och-katter\/#primaryimage"},"thumbnailUrl":"https:\/\/i0.wp.com\/truusk.store\/wp-content\/uploads\/2025\/06\/2-i-1-hundvagn-hundbuggy-med-regnskydd-hopfallbar-for-hundar-katter-upp-till-10-kg-kattbuggy-med-kuddar-nat-fonster-dorrar-forvaringskorg-kattvagn-buggy-khaki-1.webp?fit=2000%2C2000&ssl=1","datePublished":"2025-06-05T20:50:53+00:00","dateModified":"2026-03-12T08:38:10+00:00","breadcrumb":{"@id":"https:\/\/truusk.store\/sv\/produkt\/truusk-2-i-1-hundvagn-och-kattbuggy-hopfallbar-med-regnskydd-kuddar-nat-fonster-forvaringskorg-for-hundar-och-katter\/#breadcrumb"},"inLanguage":"sv-SE","potentialAction":[{"@type":"ReadAction","target":["https:\/\/truusk.store\/sv\/produkt\/truusk-2-i-1-hundvagn-och-kattbuggy-hopfallbar-med-regnskydd-kuddar-nat-fonster-forvaringskorg-for-hundar-och-katter\/"]}]},{"@type":"ImageObject","inLanguage":"sv-SE","@id":"https:\/\/truusk.store\/sv\/produkt\/truusk-2-i-1-hundvagn-och-kattbuggy-hopfallbar-med-regnskydd-kuddar-nat-fonster-forvaringskorg-for-hundar-och-katter\/#primaryimage","url":"https:\/\/i0.wp.com\/truusk.store\/wp-content\/uploads\/2025\/06\/2-i-1-hundvagn-hundbuggy-med-regnskydd-hopfallbar-for-hundar-katter-upp-till-10-kg-kattbuggy-med-kuddar-nat-fonster-dorrar-forvaringskorg-kattvagn-buggy-khaki-1.webp?fit=2000%2C2000&ssl=1","contentUrl":"https:\/\/i0.wp.com\/truusk.store\/wp-content\/uploads\/2025\/06\/2-i-1-hundvagn-hundbuggy-med-regnskydd-hopfallbar-for-hundar-katter-upp-till-10-kg-kattbuggy-med-kuddar-nat-fonster-dorrar-forvaringskorg-kattvagn-buggy-khaki-1.webp?fit=2000%2C2000&ssl=1","width":2000,"height":2000},{"@type":"BreadcrumbList","@id":"https:\/\/truusk.store\/sv\/produkt\/truusk-2-i-1-hundvagn-och-kattbuggy-hopfallbar-med-regnskydd-kuddar-nat-fonster-forvaringskorg-for-hundar-och-katter\/#breadcrumb","itemListElement":[{"@type":"ListItem","position":1,"name":"Home","item":"https:\/\/truusk.store\/sv\/"},{"@type":"ListItem","position":2,"name":"Shop","item":"https:\/\/truusk.store\/shop\/"},{"@type":"ListItem","position":3,"name":"TRUUSK 2-i-1 Hundvagn och Kattbuggy &#8211; Hopf\u00e4llbar med Regnskydd &#8211; Kuddar &#8211; N\u00e4t F\u00f6nster &#8211; F\u00f6rvaringskorg &#8211; F\u00f6r Hundar och Katter"}]},{"@type":"WebSite","@id":"https:\/\/truusk.store\/sv\/#website","url":"https:\/\/truusk.store\/sv\/","name":"TRUUSK - Hem, Tr\u00e4dg\u00e5rd & Fritid","description":"","publisher":{"@id":"https:\/\/truusk.store\/sv\/#organization"},"potentialAction":[{"@type":"SearchAction","target":{"@type":"EntryPoint","urlTemplate":"https:\/\/truusk.store\/sv\/?s={search_term_string}"},"query-input":{"@type":"PropertyValueSpecification","valueRequired":true,"valueName":"search_term_string"}}],"inLanguage":"sv-SE"},{"@type":"Organization","@id":"https:\/\/truusk.store\/sv\/#organization","name":"TRUUSK - Hem, Tr\u00e4dg\u00e5rd & Fritid","url":"https:\/\/truusk.store\/sv\/","logo":{"@type":"ImageObject","inLanguage":"sv-SE","@id":"https:\/\/truusk.store\/sv\/#\/schema\/logo\/image\/","url":"https:\/\/i0.wp.com\/truusk.store\/wp-content\/uploads\/2026\/03\/cropped-TRUUSK.png?fit=2032%2C917&ssl=1","contentUrl":"https:\/\/i0.wp.com\/truusk.store\/wp-content\/uploads\/2026\/03\/cropped-TRUUSK.png?fit=2032%2C917&ssl=1","width":2032,"height":917,"caption":"TRUUSK - Hem, Tr\u00e4dg\u00e5rd & Fritid"},"image":{"@id":"https:\/\/truusk.store\/sv\/#\/schema\/logo\/image\/"}}]}},"jetpack_sharing_enabled":true,"_links":{"self":[{"href":"https:\/\/truusk.store\/sv\/wp-json\/wp\/v2\/product\/71867","targetHints":{"allow":["GET"]}}],"collection":[{"href":"https:\/\/truusk.store\/sv\/wp-json\/wp\/v2\/product"}],"about":[{"href":"https:\/\/truusk.store\/sv\/wp-json\/wp\/v2\/types\/product"}],"wp:featuredmedia":[{"embeddable":true,"href":"https:\/\/truusk.store\/sv\/wp-json\/wp\/v2\/media\/71858"}],"wp:attachment":[{"href":"https:\/\/truusk.store\/sv\/wp-json\/wp\/v2\/media?parent=71867"}],"wp:term":[{"taxonomy":"product_brand","embeddable":true,"href":"https:\/\/truusk.store\/sv\/wp-json\/wp\/v2\/product_brand?post=71867"},{"taxonomy":"product_cat","embeddable":true,"href":"https:\/\/truusk.store\/sv\/wp-json\/wp\/v2\/product_cat?post=71867"},{"taxonomy":"product_tag","embeddable":true,"href":"https:\/\/truusk.store\/sv\/wp-json\/wp\/v2\/product_tag?post=71867"}],"curies":[{"name":"wp","href":"https:\/\/api.w.org\/{rel}","templated":true}]}}