{"id":71967,"date":"2025-06-05T22:03:38","date_gmt":"2025-06-05T21:03:38","guid":{"rendered":"https:\/\/truusk.store\/product\/campingtoalett-hopfallbar-resetoalett-max-barkapacitet-upp-till-200-kg-10l-hopfallbar-toalett-torr-separationstoalett-for-camping-vandring-resor-fiske-gra\/"},"modified":"2026-03-12T09:02:07","modified_gmt":"2026-03-12T08:02:07","slug":"truusk-hopfallbart-campingtoalett-max-barkapacitet-upp-till-200-kg-10l-kapacitet-torr-separationstoalett-for-camping","status":"publish","type":"product","link":"https:\/\/truusk.store\/sv\/produkt\/truusk-hopfallbart-campingtoalett-max-barkapacitet-upp-till-200-kg-10l-kapacitet-torr-separationstoalett-for-camping\/","title":{"rendered":"TRUUSK Hopf\u00e4llbart Campingtoalett &#8211; Max. B\u00e4rkapacitet Upp Till 200 Kg &#8211; 10L Kapacitet &#8211; Torr Separationstoalett &#8211; F\u00f6r Camping,"},"content":{"rendered":"<p>Den b\u00e4rbara TRUUSK campingtoaletten, idealisk f\u00f6r utomhusentusiaster, erbjuder en bekv\u00e4m toalettupplevelse var som helst. Enkel att anv\u00e4nda med ett knapptryck, den har en tio liter avfallstank och spoltank, perfekt f\u00f6r familjer. Tillverkad av robust PE-plast, den kan b\u00e4ra upp till 200 kg. Med lock och dubbla t\u00e4tningventiler f\u00f6rblir obehagliga lukter s\u00e4kert f\u00f6rseglade.<\/p>\n<p>Beskrivning:<\/p>\n<ul>\n<li> Knapptrycksfunktion f\u00f6r enkel anv\u00e4ndning<\/li>\n<li> Utrustad med en avfallstank och spoltank. Har sidol\u00e5s f\u00f6r att s\u00e4kert f\u00e4sta tanken p\u00e5 ramen<\/li>\n<li> Robust PE-plast ram, l\u00e4mplig f\u00f6r transport och utomhusbruk<\/li>\n<li> T\u00e4tande skjutventil och lockh\u00e5llare h\u00e5ller tillbaka lukter och s\u00e4kerst\u00e4ller hygien<\/li>\n<li> Avtagbara tankar f\u00f6r t\u00f6mning och p\u00e5fyllning. B\u00e4rhandtag f\u00f6r enkel transport<\/li>\n<li> Maximal belastning 200 kg<\/li>\n<\/ul>\n<p> Tekniska data:<\/p>\n<ul>\n<li> F\u00e4rg: Gr\u00e5<\/li>\n<li> Material: PE<\/li>\n<li> M\u00e5tt: 36L x 42B x 30H cm<\/li>\n<li> Vattentank: 10 L<\/li>\n<li> Avloppstank: 10 L<\/li>\n<li> B\u00e4rkapacitet: 200 kg<\/li>\n<\/ul>\n<p>Leveransinneh\u00e5ll:<\/p>\n<ul>\n<li> 1 x B\u00e4rbar toalett<\/li>\n<li> 1 x Bruksanvisning<\/li>\n<\/ul>\n","protected":false},"excerpt":{"rendered":"<p>Den b\u00e4rbara TRUUSK campingtoaletten, idealisk f\u00f6r utomhusentusiaster, erbjuder en bekv\u00e4m toalettupplevelse var som helst. Enkel att anv\u00e4nda med ett knapptryck,&#8230;<\/p>\n","protected":false},"featured_media":71958,"template":"","meta":[],"product_brand":[],"product_cat":[648,647],"product_tag":[],"class_list":{"0":"post-71967","1":"product","2":"type-product","3":"status-publish","4":"has-post-thumbnail","6":"product_cat-camping-tillbehor","7":"product_cat-sport-fritid","9":"first","10":"instock","11":"sale","12":"taxable","13":"shipping-taxable","14":"purchasable","15":"product-type-simple"},"yoast_head":"<!-- This site is optimized with the Yoast SEO plugin v25.4 - https:\/\/yoast.com\/wordpress\/plugins\/seo\/ -->\n<title>TRUUSK Hopf\u00e4llbart Campingtoalett - Max. B\u00e4rkapacitet Upp Till 200 Kg - 10L Kapacitet - Torr Separationstoalett - F\u00f6r Camping, - TRUUSK - Hem, Tr\u00e4dg\u00e5rd &amp; Fritid<\/title>\n<meta name=\"robots\" content=\"index, follow, max-snippet:-1, max-image-preview:large, max-video-preview:-1\" \/>\n<link rel=\"canonical\" href=\"https:\/\/truusk.store\/sv\/produkt\/truusk-hopfallbart-campingtoalett-max-barkapacitet-upp-till-200-kg-10l-kapacitet-torr-separationstoalett-for-camping\/\" \/>\n<meta property=\"og:locale\" content=\"sv_SE\" \/>\n<meta property=\"og:type\" content=\"article\" \/>\n<meta property=\"og:title\" content=\"TRUUSK Hopf\u00e4llbart Campingtoalett - Max. B\u00e4rkapacitet Upp Till 200 Kg - 10L Kapacitet - Torr Separationstoalett - F\u00f6r Camping, - TRUUSK - Hem, Tr\u00e4dg\u00e5rd &amp; Fritid\" \/>\n<meta property=\"og:description\" content=\"Den b\u00e4rbara TRUUSK campingtoaletten, idealisk f\u00f6r utomhusentusiaster, erbjuder en bekv\u00e4m toalettupplevelse var som helst. Enkel att anv\u00e4nda med ett knapptryck,...\" \/>\n<meta property=\"og:url\" content=\"https:\/\/truusk.store\/sv\/produkt\/truusk-hopfallbart-campingtoalett-max-barkapacitet-upp-till-200-kg-10l-kapacitet-torr-separationstoalett-for-camping\/\" \/>\n<meta property=\"og:site_name\" content=\"TRUUSK - Hem, Tr\u00e4dg\u00e5rd &amp; Fritid\" \/>\n<meta property=\"article:modified_time\" content=\"2026-03-12T08:02:07+00:00\" \/>\n<meta property=\"og:image\" content=\"https:\/\/i0.wp.com\/truusk.se\/wp-content\/uploads\/2025\/06\/campingtoalett-hopfallbar-resetoalett-max-barkapacitet-upp-till-200-kg-10l-hopfallbar-toalett-torr-separationstoalett-for-camping-vandring-resor-fiske-gra-1.webp?fit=2000%2C2000&ssl=1\" \/>\n\t<meta property=\"og:image:width\" content=\"2000\" \/>\n\t<meta property=\"og:image:height\" content=\"2000\" \/>\n\t<meta property=\"og:image:type\" content=\"image\/webp\" \/>\n<meta name=\"twitter:card\" content=\"summary_large_image\" \/>\n<meta name=\"twitter:label1\" content=\"Ber\u00e4knad l\u00e4stid\" \/>\n\t<meta name=\"twitter:data1\" content=\"1 minut\" \/>\n<!-- \/ Yoast SEO plugin. -->","yoast_head_json":{"title":"TRUUSK Hopf\u00e4llbart Campingtoalett - Max. B\u00e4rkapacitet Upp Till 200 Kg - 10L Kapacitet - Torr Separationstoalett - F\u00f6r Camping, - TRUUSK - Hem, Tr\u00e4dg\u00e5rd &amp; Fritid","robots":{"index":"index","follow":"follow","max-snippet":"max-snippet:-1","max-image-preview":"max-image-preview:large","max-video-preview":"max-video-preview:-1"},"canonical":"https:\/\/truusk.store\/sv\/produkt\/truusk-hopfallbart-campingtoalett-max-barkapacitet-upp-till-200-kg-10l-kapacitet-torr-separationstoalett-for-camping\/","og_locale":"sv_SE","og_type":"article","og_title":"TRUUSK Hopf\u00e4llbart Campingtoalett - Max. B\u00e4rkapacitet Upp Till 200 Kg - 10L Kapacitet - Torr Separationstoalett - F\u00f6r Camping, - TRUUSK - Hem, Tr\u00e4dg\u00e5rd &amp; Fritid","og_description":"Den b\u00e4rbara TRUUSK campingtoaletten, idealisk f\u00f6r utomhusentusiaster, erbjuder en bekv\u00e4m toalettupplevelse var som helst. Enkel att anv\u00e4nda med ett knapptryck,...","og_url":"https:\/\/truusk.store\/sv\/produkt\/truusk-hopfallbart-campingtoalett-max-barkapacitet-upp-till-200-kg-10l-kapacitet-torr-separationstoalett-for-camping\/","og_site_name":"TRUUSK - Hem, Tr\u00e4dg\u00e5rd &amp; Fritid","article_modified_time":"2026-03-12T08:02:07+00:00","og_image":[{"width":2000,"height":2000,"url":"https:\/\/i0.wp.com\/truusk.se\/wp-content\/uploads\/2025\/06\/campingtoalett-hopfallbar-resetoalett-max-barkapacitet-upp-till-200-kg-10l-hopfallbar-toalett-torr-separationstoalett-for-camping-vandring-resor-fiske-gra-1.webp?fit=2000%2C2000&ssl=1","type":"image\/webp"}],"twitter_card":"summary_large_image","twitter_misc":{"Ber\u00e4knad l\u00e4stid":"1 minut"},"schema":{"@context":"https:\/\/schema.org","@graph":[{"@type":"WebPage","@id":"https:\/\/truusk.store\/sv\/produkt\/truusk-hopfallbart-campingtoalett-max-barkapacitet-upp-till-200-kg-10l-kapacitet-torr-separationstoalett-for-camping\/","url":"https:\/\/truusk.store\/sv\/produkt\/truusk-hopfallbart-campingtoalett-max-barkapacitet-upp-till-200-kg-10l-kapacitet-torr-separationstoalett-for-camping\/","name":"TRUUSK Hopf\u00e4llbart Campingtoalett - Max. B\u00e4rkapacitet Upp Till 200 Kg - 10L Kapacitet - Torr Separationstoalett - F\u00f6r Camping, - TRUUSK - Hem, Tr\u00e4dg\u00e5rd &amp; Fritid","isPartOf":{"@id":"https:\/\/truusk.store\/sv\/#website"},"primaryImageOfPage":{"@id":"https:\/\/truusk.store\/sv\/produkt\/truusk-hopfallbart-campingtoalett-max-barkapacitet-upp-till-200-kg-10l-kapacitet-torr-separationstoalett-for-camping\/#primaryimage"},"image":{"@id":"https:\/\/truusk.store\/sv\/produkt\/truusk-hopfallbart-campingtoalett-max-barkapacitet-upp-till-200-kg-10l-kapacitet-torr-separationstoalett-for-camping\/#primaryimage"},"thumbnailUrl":"https:\/\/i0.wp.com\/truusk.store\/wp-content\/uploads\/2025\/06\/campingtoalett-hopfallbar-resetoalett-max-barkapacitet-upp-till-200-kg-10l-hopfallbar-toalett-torr-separationstoalett-for-camping-vandring-resor-fiske-gra-1.webp?fit=2000%2C2000&ssl=1","datePublished":"2025-06-05T21:03:38+00:00","dateModified":"2026-03-12T08:02:07+00:00","breadcrumb":{"@id":"https:\/\/truusk.store\/sv\/produkt\/truusk-hopfallbart-campingtoalett-max-barkapacitet-upp-till-200-kg-10l-kapacitet-torr-separationstoalett-for-camping\/#breadcrumb"},"inLanguage":"sv-SE","potentialAction":[{"@type":"ReadAction","target":["https:\/\/truusk.store\/sv\/produkt\/truusk-hopfallbart-campingtoalett-max-barkapacitet-upp-till-200-kg-10l-kapacitet-torr-separationstoalett-for-camping\/"]}]},{"@type":"ImageObject","inLanguage":"sv-SE","@id":"https:\/\/truusk.store\/sv\/produkt\/truusk-hopfallbart-campingtoalett-max-barkapacitet-upp-till-200-kg-10l-kapacitet-torr-separationstoalett-for-camping\/#primaryimage","url":"https:\/\/i0.wp.com\/truusk.store\/wp-content\/uploads\/2025\/06\/campingtoalett-hopfallbar-resetoalett-max-barkapacitet-upp-till-200-kg-10l-hopfallbar-toalett-torr-separationstoalett-for-camping-vandring-resor-fiske-gra-1.webp?fit=2000%2C2000&ssl=1","contentUrl":"https:\/\/i0.wp.com\/truusk.store\/wp-content\/uploads\/2025\/06\/campingtoalett-hopfallbar-resetoalett-max-barkapacitet-upp-till-200-kg-10l-hopfallbar-toalett-torr-separationstoalett-for-camping-vandring-resor-fiske-gra-1.webp?fit=2000%2C2000&ssl=1","width":2000,"height":2000},{"@type":"BreadcrumbList","@id":"https:\/\/truusk.store\/sv\/produkt\/truusk-hopfallbart-campingtoalett-max-barkapacitet-upp-till-200-kg-10l-kapacitet-torr-separationstoalett-for-camping\/#breadcrumb","itemListElement":[{"@type":"ListItem","position":1,"name":"Home","item":"https:\/\/truusk.store\/sv\/"},{"@type":"ListItem","position":2,"name":"Shop","item":"https:\/\/truusk.store\/shop\/"},{"@type":"ListItem","position":3,"name":"TRUUSK Hopf\u00e4llbart Campingtoalett &#8211; Max. B\u00e4rkapacitet Upp Till 200 Kg &#8211; 10L Kapacitet &#8211; Torr Separationstoalett &#8211; F\u00f6r Camping,"}]},{"@type":"WebSite","@id":"https:\/\/truusk.store\/sv\/#website","url":"https:\/\/truusk.store\/sv\/","name":"TRUUSK - Hem, Tr\u00e4dg\u00e5rd & Fritid","description":"","publisher":{"@id":"https:\/\/truusk.store\/sv\/#organization"},"potentialAction":[{"@type":"SearchAction","target":{"@type":"EntryPoint","urlTemplate":"https:\/\/truusk.store\/sv\/?s={search_term_string}"},"query-input":{"@type":"PropertyValueSpecification","valueRequired":true,"valueName":"search_term_string"}}],"inLanguage":"sv-SE"},{"@type":"Organization","@id":"https:\/\/truusk.store\/sv\/#organization","name":"TRUUSK - Hem, Tr\u00e4dg\u00e5rd & Fritid","url":"https:\/\/truusk.store\/sv\/","logo":{"@type":"ImageObject","inLanguage":"sv-SE","@id":"https:\/\/truusk.store\/sv\/#\/schema\/logo\/image\/","url":"https:\/\/i0.wp.com\/truusk.store\/wp-content\/uploads\/2026\/03\/cropped-TRUUSK.png?fit=2032%2C917&ssl=1","contentUrl":"https:\/\/i0.wp.com\/truusk.store\/wp-content\/uploads\/2026\/03\/cropped-TRUUSK.png?fit=2032%2C917&ssl=1","width":2032,"height":917,"caption":"TRUUSK - Hem, Tr\u00e4dg\u00e5rd & Fritid"},"image":{"@id":"https:\/\/truusk.store\/sv\/#\/schema\/logo\/image\/"}}]}},"jetpack_sharing_enabled":true,"_links":{"self":[{"href":"https:\/\/truusk.store\/sv\/wp-json\/wp\/v2\/product\/71967","targetHints":{"allow":["GET"]}}],"collection":[{"href":"https:\/\/truusk.store\/sv\/wp-json\/wp\/v2\/product"}],"about":[{"href":"https:\/\/truusk.store\/sv\/wp-json\/wp\/v2\/types\/product"}],"wp:featuredmedia":[{"embeddable":true,"href":"https:\/\/truusk.store\/sv\/wp-json\/wp\/v2\/media\/71958"}],"wp:attachment":[{"href":"https:\/\/truusk.store\/sv\/wp-json\/wp\/v2\/media?parent=71967"}],"wp:term":[{"taxonomy":"product_brand","embeddable":true,"href":"https:\/\/truusk.store\/sv\/wp-json\/wp\/v2\/product_brand?post=71967"},{"taxonomy":"product_cat","embeddable":true,"href":"https:\/\/truusk.store\/sv\/wp-json\/wp\/v2\/product_cat?post=71967"},{"taxonomy":"product_tag","embeddable":true,"href":"https:\/\/truusk.store\/sv\/wp-json\/wp\/v2\/product_tag?post=71967"}],"curies":[{"name":"wp","href":"https:\/\/api.w.org\/{rel}","templated":true}]}}