{"id":72017,"date":"2025-06-05T22:08:42","date_gmt":"2025-06-05T21:08:42","guid":{"rendered":"https:\/\/truusk.store\/product\/campingtalt-tunnel-talt-for-8-personer-med-ljuskrok-nat-fonster-2-rum-vindtatt-familjetalt-med-barvaska-2000mm-vattentaligt-grupptalt-for-camping-tradgard-gra\/"},"modified":"2026-03-12T09:39:24","modified_gmt":"2026-03-12T08:39:24","slug":"truusk-campingtalt-for-8-personer-tunnel-design-med-ljuskrok-nat-fonster-2-rum-vindtatt-barvaska-2000mm-vattentaligt","status":"publish","type":"product","link":"https:\/\/truusk.store\/sv\/produkt\/truusk-campingtalt-for-8-personer-tunnel-design-med-ljuskrok-nat-fonster-2-rum-vindtatt-barvaska-2000mm-vattentaligt\/","title":{"rendered":"TRUUSK Campingt\u00e4lt f\u00f6r 8 personer &#8211; Tunnel design med ljuskrok &#8211; N\u00e4t f\u00f6nster &#8211; 2 rum &#8211; Vindt\u00e4tt &#8211; B\u00e4rv\u00e4ska &#8211; 2000mm vattent\u00e5ligt"},"content":{"rendered":"<p>Detta rymliga och s\u00e4kra TRUUSK campingt\u00e4lt med tv\u00e5 sovrum g\u00f6r camping bekv\u00e4mt. Det kan flexibelt anv\u00e4ndas som ett eller tv\u00e5 rum genom en avtagbar skiljev\u00e4gg. T\u00e4ltduken skyddar med 2000mm vattenpelare och en avtagbar regnskydd p\u00e5 \u00f6vre delen mot fukt. Komplett med sp\u00e4nnlinor, markpinnar och en b\u00e4rp\u00e5se.<\/p>\n<p>Beskrivning:<\/p>\n<ul>\n<li> Tv\u00e5-rumsdesign av tunneln med avtagbar skiljev\u00e4gg f\u00f6r att omvandla det till ett rum. Rymlig storlek f\u00f6r 6-8 personer<\/li>\n<li> Liten avtagbar \u00f6ver t\u00e4lt: 2000mm regnskydd<\/li>\n<li> Inre krokar f\u00f6r lykta och f\u00f6rvaringsfickor<\/li>\n<li> Mesh-f\u00f6nster p\u00e5 campingt\u00e4ltet f\u00f6r ventilation, med lock<\/li>\n<li> Insysdda markdukar<\/li>\n<li> 15x markpinnar, 6x sp\u00e4nnlinor och en b\u00e4rp\u00e5se ing\u00e5r<\/li>\n<\/ul>\n<p> Tekniska data:<\/p>\n<ul>\n<li> F\u00e4rg: Gr\u00e5<\/li>\n<li> Material: Polyester tyg, glasfiber<\/li>\n<li> Totala dimensioner: 450L x 215B x 180H cm<\/li>\n<li> Vikta dimensioner: 69L x 22B x 22H cm<\/li>\n<li> Enkelrum dimensioner: 225L x 215B x 180H cm<\/li>\n<li> D\u00f6rrstorlek: 120B x 160H cm<\/li>\n<li> Krok b\u00e4rkapacitet: 1 kg<\/li>\n<li> Vindstyrka: Niv\u00e5 3-5<\/li>\n<\/ul>\n<p>Leveransinneh\u00e5ll:<\/p>\n<ul>\n<li> 1 x Campingt\u00e4lt<\/li>\n<li> 15 x Markpinnar<\/li>\n<li> 6 x Sp\u00e4nnlinor<\/li>\n<li> 1 x B\u00e4rp\u00e5se<\/li>\n<li> 1 x Bruksanvisning<\/li>\n<\/ul>\n","protected":false},"excerpt":{"rendered":"<p>Detta rymliga och s\u00e4kra TRUUSK campingt\u00e4lt med tv\u00e5 sovrum g\u00f6r camping bekv\u00e4mt. Det kan flexibelt anv\u00e4ndas som ett eller tv\u00e5&#8230;<\/p>\n","protected":false},"featured_media":72008,"template":"","meta":[],"product_brand":[],"product_cat":[648,647,650],"product_tag":[],"class_list":{"0":"post-72017","1":"product","2":"type-product","3":"status-publish","4":"has-post-thumbnail","6":"product_cat-camping-tillbehor","7":"product_cat-sport-fritid","8":"product_cat-talt","10":"first","11":"instock","12":"sale","13":"taxable","14":"shipping-taxable","15":"purchasable","16":"product-type-simple"},"yoast_head":"<!-- This site is optimized with the Yoast SEO plugin v25.4 - https:\/\/yoast.com\/wordpress\/plugins\/seo\/ -->\n<title>TRUUSK Campingt\u00e4lt f\u00f6r 8 personer - Tunnel design med ljuskrok - N\u00e4t f\u00f6nster - 2 rum - Vindt\u00e4tt - B\u00e4rv\u00e4ska - 2000mm vattent\u00e5ligt - TRUUSK - Hem, Tr\u00e4dg\u00e5rd &amp; Fritid<\/title>\n<meta name=\"robots\" content=\"index, follow, max-snippet:-1, max-image-preview:large, max-video-preview:-1\" \/>\n<link rel=\"canonical\" href=\"https:\/\/truusk.store\/sv\/produkt\/truusk-campingtalt-for-8-personer-tunnel-design-med-ljuskrok-nat-fonster-2-rum-vindtatt-barvaska-2000mm-vattentaligt\/\" \/>\n<meta property=\"og:locale\" content=\"sv_SE\" \/>\n<meta property=\"og:type\" content=\"article\" \/>\n<meta property=\"og:title\" content=\"TRUUSK Campingt\u00e4lt f\u00f6r 8 personer - Tunnel design med ljuskrok - N\u00e4t f\u00f6nster - 2 rum - Vindt\u00e4tt - B\u00e4rv\u00e4ska - 2000mm vattent\u00e5ligt - TRUUSK - Hem, Tr\u00e4dg\u00e5rd &amp; Fritid\" \/>\n<meta property=\"og:description\" content=\"Detta rymliga och s\u00e4kra TRUUSK campingt\u00e4lt med tv\u00e5 sovrum g\u00f6r camping bekv\u00e4mt. Det kan flexibelt anv\u00e4ndas som ett eller tv\u00e5...\" \/>\n<meta property=\"og:url\" content=\"https:\/\/truusk.store\/sv\/produkt\/truusk-campingtalt-for-8-personer-tunnel-design-med-ljuskrok-nat-fonster-2-rum-vindtatt-barvaska-2000mm-vattentaligt\/\" \/>\n<meta property=\"og:site_name\" content=\"TRUUSK - Hem, Tr\u00e4dg\u00e5rd &amp; Fritid\" \/>\n<meta property=\"article:modified_time\" content=\"2026-03-12T08:39:24+00:00\" \/>\n<meta property=\"og:image\" content=\"https:\/\/i0.wp.com\/truusk.se\/wp-content\/uploads\/2025\/06\/campingtalt-tunnel-talt-for-8-personer-med-ljuskrok-nat-fonster-2-rum-vindtatt-familjetalt-med-barvaska-2000mm-vattentaligt-grupptalt-for-camping-tradgard-gra-1.webp?fit=2000%2C2000&ssl=1\" \/>\n\t<meta property=\"og:image:width\" content=\"2000\" \/>\n\t<meta property=\"og:image:height\" content=\"2000\" \/>\n\t<meta property=\"og:image:type\" content=\"image\/webp\" \/>\n<meta name=\"twitter:card\" content=\"summary_large_image\" \/>\n<meta name=\"twitter:label1\" content=\"Ber\u00e4knad l\u00e4stid\" \/>\n\t<meta name=\"twitter:data1\" content=\"1 minut\" \/>\n<!-- \/ Yoast SEO plugin. -->","yoast_head_json":{"title":"TRUUSK Campingt\u00e4lt f\u00f6r 8 personer - Tunnel design med ljuskrok - N\u00e4t f\u00f6nster - 2 rum - Vindt\u00e4tt - B\u00e4rv\u00e4ska - 2000mm vattent\u00e5ligt - TRUUSK - Hem, Tr\u00e4dg\u00e5rd &amp; Fritid","robots":{"index":"index","follow":"follow","max-snippet":"max-snippet:-1","max-image-preview":"max-image-preview:large","max-video-preview":"max-video-preview:-1"},"canonical":"https:\/\/truusk.store\/sv\/produkt\/truusk-campingtalt-for-8-personer-tunnel-design-med-ljuskrok-nat-fonster-2-rum-vindtatt-barvaska-2000mm-vattentaligt\/","og_locale":"sv_SE","og_type":"article","og_title":"TRUUSK Campingt\u00e4lt f\u00f6r 8 personer - Tunnel design med ljuskrok - N\u00e4t f\u00f6nster - 2 rum - Vindt\u00e4tt - B\u00e4rv\u00e4ska - 2000mm vattent\u00e5ligt - TRUUSK - Hem, Tr\u00e4dg\u00e5rd &amp; Fritid","og_description":"Detta rymliga och s\u00e4kra TRUUSK campingt\u00e4lt med tv\u00e5 sovrum g\u00f6r camping bekv\u00e4mt. Det kan flexibelt anv\u00e4ndas som ett eller tv\u00e5...","og_url":"https:\/\/truusk.store\/sv\/produkt\/truusk-campingtalt-for-8-personer-tunnel-design-med-ljuskrok-nat-fonster-2-rum-vindtatt-barvaska-2000mm-vattentaligt\/","og_site_name":"TRUUSK - Hem, Tr\u00e4dg\u00e5rd &amp; Fritid","article_modified_time":"2026-03-12T08:39:24+00:00","og_image":[{"width":2000,"height":2000,"url":"https:\/\/i0.wp.com\/truusk.se\/wp-content\/uploads\/2025\/06\/campingtalt-tunnel-talt-for-8-personer-med-ljuskrok-nat-fonster-2-rum-vindtatt-familjetalt-med-barvaska-2000mm-vattentaligt-grupptalt-for-camping-tradgard-gra-1.webp?fit=2000%2C2000&ssl=1","type":"image\/webp"}],"twitter_card":"summary_large_image","twitter_misc":{"Ber\u00e4knad l\u00e4stid":"1 minut"},"schema":{"@context":"https:\/\/schema.org","@graph":[{"@type":"WebPage","@id":"https:\/\/truusk.store\/sv\/produkt\/truusk-campingtalt-for-8-personer-tunnel-design-med-ljuskrok-nat-fonster-2-rum-vindtatt-barvaska-2000mm-vattentaligt\/","url":"https:\/\/truusk.store\/sv\/produkt\/truusk-campingtalt-for-8-personer-tunnel-design-med-ljuskrok-nat-fonster-2-rum-vindtatt-barvaska-2000mm-vattentaligt\/","name":"TRUUSK Campingt\u00e4lt f\u00f6r 8 personer - Tunnel design med ljuskrok - N\u00e4t f\u00f6nster - 2 rum - Vindt\u00e4tt - B\u00e4rv\u00e4ska - 2000mm vattent\u00e5ligt - TRUUSK - Hem, Tr\u00e4dg\u00e5rd &amp; Fritid","isPartOf":{"@id":"https:\/\/truusk.store\/sv\/#website"},"primaryImageOfPage":{"@id":"https:\/\/truusk.store\/sv\/produkt\/truusk-campingtalt-for-8-personer-tunnel-design-med-ljuskrok-nat-fonster-2-rum-vindtatt-barvaska-2000mm-vattentaligt\/#primaryimage"},"image":{"@id":"https:\/\/truusk.store\/sv\/produkt\/truusk-campingtalt-for-8-personer-tunnel-design-med-ljuskrok-nat-fonster-2-rum-vindtatt-barvaska-2000mm-vattentaligt\/#primaryimage"},"thumbnailUrl":"https:\/\/i0.wp.com\/truusk.store\/wp-content\/uploads\/2025\/06\/campingtalt-tunnel-talt-for-8-personer-med-ljuskrok-nat-fonster-2-rum-vindtatt-familjetalt-med-barvaska-2000mm-vattentaligt-grupptalt-for-camping-tradgard-gra-1.webp?fit=2000%2C2000&ssl=1","datePublished":"2025-06-05T21:08:42+00:00","dateModified":"2026-03-12T08:39:24+00:00","breadcrumb":{"@id":"https:\/\/truusk.store\/sv\/produkt\/truusk-campingtalt-for-8-personer-tunnel-design-med-ljuskrok-nat-fonster-2-rum-vindtatt-barvaska-2000mm-vattentaligt\/#breadcrumb"},"inLanguage":"sv-SE","potentialAction":[{"@type":"ReadAction","target":["https:\/\/truusk.store\/sv\/produkt\/truusk-campingtalt-for-8-personer-tunnel-design-med-ljuskrok-nat-fonster-2-rum-vindtatt-barvaska-2000mm-vattentaligt\/"]}]},{"@type":"ImageObject","inLanguage":"sv-SE","@id":"https:\/\/truusk.store\/sv\/produkt\/truusk-campingtalt-for-8-personer-tunnel-design-med-ljuskrok-nat-fonster-2-rum-vindtatt-barvaska-2000mm-vattentaligt\/#primaryimage","url":"https:\/\/i0.wp.com\/truusk.store\/wp-content\/uploads\/2025\/06\/campingtalt-tunnel-talt-for-8-personer-med-ljuskrok-nat-fonster-2-rum-vindtatt-familjetalt-med-barvaska-2000mm-vattentaligt-grupptalt-for-camping-tradgard-gra-1.webp?fit=2000%2C2000&ssl=1","contentUrl":"https:\/\/i0.wp.com\/truusk.store\/wp-content\/uploads\/2025\/06\/campingtalt-tunnel-talt-for-8-personer-med-ljuskrok-nat-fonster-2-rum-vindtatt-familjetalt-med-barvaska-2000mm-vattentaligt-grupptalt-for-camping-tradgard-gra-1.webp?fit=2000%2C2000&ssl=1","width":2000,"height":2000},{"@type":"BreadcrumbList","@id":"https:\/\/truusk.store\/sv\/produkt\/truusk-campingtalt-for-8-personer-tunnel-design-med-ljuskrok-nat-fonster-2-rum-vindtatt-barvaska-2000mm-vattentaligt\/#breadcrumb","itemListElement":[{"@type":"ListItem","position":1,"name":"Home","item":"https:\/\/truusk.store\/sv\/"},{"@type":"ListItem","position":2,"name":"Shop","item":"https:\/\/truusk.store\/shop\/"},{"@type":"ListItem","position":3,"name":"TRUUSK Campingt\u00e4lt f\u00f6r 8 personer &#8211; Tunnel design med ljuskrok &#8211; N\u00e4t f\u00f6nster &#8211; 2 rum &#8211; Vindt\u00e4tt &#8211; B\u00e4rv\u00e4ska &#8211; 2000mm vattent\u00e5ligt"}]},{"@type":"WebSite","@id":"https:\/\/truusk.store\/sv\/#website","url":"https:\/\/truusk.store\/sv\/","name":"TRUUSK - Hem, Tr\u00e4dg\u00e5rd & Fritid","description":"","publisher":{"@id":"https:\/\/truusk.store\/sv\/#organization"},"potentialAction":[{"@type":"SearchAction","target":{"@type":"EntryPoint","urlTemplate":"https:\/\/truusk.store\/sv\/?s={search_term_string}"},"query-input":{"@type":"PropertyValueSpecification","valueRequired":true,"valueName":"search_term_string"}}],"inLanguage":"sv-SE"},{"@type":"Organization","@id":"https:\/\/truusk.store\/sv\/#organization","name":"TRUUSK - Hem, Tr\u00e4dg\u00e5rd & Fritid","url":"https:\/\/truusk.store\/sv\/","logo":{"@type":"ImageObject","inLanguage":"sv-SE","@id":"https:\/\/truusk.store\/sv\/#\/schema\/logo\/image\/","url":"https:\/\/i0.wp.com\/truusk.store\/wp-content\/uploads\/2026\/03\/cropped-TRUUSK.png?fit=2032%2C917&ssl=1","contentUrl":"https:\/\/i0.wp.com\/truusk.store\/wp-content\/uploads\/2026\/03\/cropped-TRUUSK.png?fit=2032%2C917&ssl=1","width":2032,"height":917,"caption":"TRUUSK - Hem, Tr\u00e4dg\u00e5rd & Fritid"},"image":{"@id":"https:\/\/truusk.store\/sv\/#\/schema\/logo\/image\/"}}]}},"jetpack_sharing_enabled":true,"_links":{"self":[{"href":"https:\/\/truusk.store\/sv\/wp-json\/wp\/v2\/product\/72017","targetHints":{"allow":["GET"]}}],"collection":[{"href":"https:\/\/truusk.store\/sv\/wp-json\/wp\/v2\/product"}],"about":[{"href":"https:\/\/truusk.store\/sv\/wp-json\/wp\/v2\/types\/product"}],"wp:featuredmedia":[{"embeddable":true,"href":"https:\/\/truusk.store\/sv\/wp-json\/wp\/v2\/media\/72008"}],"wp:attachment":[{"href":"https:\/\/truusk.store\/sv\/wp-json\/wp\/v2\/media?parent=72017"}],"wp:term":[{"taxonomy":"product_brand","embeddable":true,"href":"https:\/\/truusk.store\/sv\/wp-json\/wp\/v2\/product_brand?post=72017"},{"taxonomy":"product_cat","embeddable":true,"href":"https:\/\/truusk.store\/sv\/wp-json\/wp\/v2\/product_cat?post=72017"},{"taxonomy":"product_tag","embeddable":true,"href":"https:\/\/truusk.store\/sv\/wp-json\/wp\/v2\/product_tag?post=72017"}],"curies":[{"name":"wp","href":"https:\/\/api.w.org\/{rel}","templated":true}]}}