{"id":72057,"date":"2025-06-05T22:12:48","date_gmt":"2025-06-05T21:12:48","guid":{"rendered":"https:\/\/truusk.store\/product\/valphage-100-cm-hog-8-delad-hundgard-med-balte-och-dorr-frigangshagn-for-sma-till-medelstora-hundar-marsvin-kaniner-stal-silver\/"},"modified":"2026-03-12T08:41:19","modified_gmt":"2026-03-12T07:41:19","slug":"truusk-valphage-100-cm-hogt-8-delad-hundgard-med-balte-och-dorr-frigangshagn-for-sma-till-medelstora-hundar-marsvin-kaniner","status":"publish","type":"product","link":"https:\/\/truusk.store\/sv\/produkt\/truusk-valphage-100-cm-hogt-8-delad-hundgard-med-balte-och-dorr-frigangshagn-for-sma-till-medelstora-hundar-marsvin-kaniner\/","title":{"rendered":"TRUUSK Valphage 100 cm H\u00f6gt, 8-delad Hundg\u00e5rd med B\u00e4lte och D\u00f6rr &#8211; Frig\u00e5ngsh\u00e4gn f\u00f6r Sm\u00e5 Till Medelstora Hundar, Marsvin, Kaniner"},"content":{"rendered":"<p>Uppt\u00e4ck flexibiliteten med TRUUSK husdjurslekplats! L\u00e4tt att anpassa till former som en kvadrat eller L, erbjuder den en s\u00e4ker plats f\u00f6r ditt djur b\u00e5de inomhus och utomhus. Med en l\u00e4ttillg\u00e4nglig d\u00f6rr kan det frig\u00e5ende omr\u00e5det snabbt f\u00e4llas ihop och tack vare den medf\u00f6ljande remmen enkelt transporteras eller f\u00f6rvaras. Tillverkad av rostfritt st\u00e5l, erbjuder det p\u00e5litligt skydd f\u00f6r ditt husdjur.<\/p>\n<p>Beskrivning:<\/p>\n<ul>\n<li> \u00c5tta paneler kan konfigureras i olika former f\u00f6r en flexibel inredning<\/li>\n<li> Skapar ett s\u00e4kert inomhus- eller utomhusomr\u00e5de f\u00f6r husdjur<\/li>\n<li> Med en d\u00f6rr f\u00f6r enkel tillg\u00e5ng f\u00f6r husdjuren<\/li>\n<li> Hopf\u00e4llbar design av lekplatsen med b\u00e4rrem f\u00f6rb\u00e4ttrar b\u00e4rbarheten<\/li>\n<li> Tillverkad av rostfritt, robust st\u00e5l<\/li>\n<li> Inkluderar \u00e5tta markpinnar f\u00f6r f\u00f6rb\u00e4ttrad stabilitet<\/li>\n<li> Montering kr\u00e4vs f\u00f6re anv\u00e4ndning<\/li>\n<\/ul>\n<p> Tekniska data:<\/p>\n<ul>\n<li> F\u00e4rg: Silver<\/li>\n<li> Material: St\u00e5l<\/li>\n<li> Kvadratisk form: 160B x 160T x 100H cm<\/li>\n<li> Rektangul\u00e4r form: 240L x 80B x 100H cm<\/li>\n<li> Enskild panel: 80L x 80B x 1,5T cm<\/li>\n<li> D\u00f6rr: 38B x 61,5H cm<\/li>\n<li> Markpinne: 110H cm<\/li>\n<li> Hopf\u00e4llbar storlek:100L x 12,5B x 82H cm<\/li>\n<li> St\u00e5ngavst\u00e5nd: 5B x 19H cm<\/li>\n<li> Justerbar rem: 70-135L cm<\/li>\n<\/ul>\n<p>Leveransinneh\u00e5ll:<\/p>\n<ul>\n<li> 8 x Paneler<\/li>\n<li> 1 x Rem<\/li>\n<li> 8 x Markpinnar<\/li>\n<li> 1 x Manual<\/li>\n<\/ul>\n","protected":false},"excerpt":{"rendered":"<p>Uppt\u00e4ck flexibiliteten med TRUUSK husdjurslekplats! L\u00e4tt att anpassa till former som en kvadrat eller L, erbjuder den en s\u00e4ker plats&#8230;<\/p>\n","protected":false},"featured_media":72045,"template":"","meta":[],"product_brand":[],"product_cat":[878,948,574],"product_tag":[],"class_list":{"0":"post-72057","1":"product","2":"type-product","3":"status-publish","4":"has-post-thumbnail","6":"product_cat-djurbehov","7":"product_cat-hundgaller-skiljevaggar","8":"product_cat-hundtillbehor","10":"first","11":"instock","12":"sale","13":"taxable","14":"shipping-taxable","15":"purchasable","16":"product-type-simple"},"yoast_head":"<!-- This site is optimized with the Yoast SEO plugin v25.4 - https:\/\/yoast.com\/wordpress\/plugins\/seo\/ -->\n<title>TRUUSK Valphage 100 cm H\u00f6gt, 8-delad Hundg\u00e5rd med B\u00e4lte och D\u00f6rr - Frig\u00e5ngsh\u00e4gn f\u00f6r Sm\u00e5 Till Medelstora Hundar, Marsvin, Kaniner - TRUUSK - Hem, Tr\u00e4dg\u00e5rd &amp; Fritid<\/title>\n<meta name=\"robots\" content=\"index, follow, max-snippet:-1, max-image-preview:large, max-video-preview:-1\" \/>\n<link rel=\"canonical\" href=\"https:\/\/truusk.store\/sv\/produkt\/truusk-valphage-100-cm-hogt-8-delad-hundgard-med-balte-och-dorr-frigangshagn-for-sma-till-medelstora-hundar-marsvin-kaniner\/\" \/>\n<meta property=\"og:locale\" content=\"sv_SE\" \/>\n<meta property=\"og:type\" content=\"article\" \/>\n<meta property=\"og:title\" content=\"TRUUSK Valphage 100 cm H\u00f6gt, 8-delad Hundg\u00e5rd med B\u00e4lte och D\u00f6rr - Frig\u00e5ngsh\u00e4gn f\u00f6r Sm\u00e5 Till Medelstora Hundar, Marsvin, Kaniner - TRUUSK - Hem, Tr\u00e4dg\u00e5rd &amp; Fritid\" \/>\n<meta property=\"og:description\" content=\"Uppt\u00e4ck flexibiliteten med TRUUSK husdjurslekplats! L\u00e4tt att anpassa till former som en kvadrat eller L, erbjuder den en s\u00e4ker plats...\" \/>\n<meta property=\"og:url\" content=\"https:\/\/truusk.store\/sv\/produkt\/truusk-valphage-100-cm-hogt-8-delad-hundgard-med-balte-och-dorr-frigangshagn-for-sma-till-medelstora-hundar-marsvin-kaniner\/\" \/>\n<meta property=\"og:site_name\" content=\"TRUUSK - Hem, Tr\u00e4dg\u00e5rd &amp; Fritid\" \/>\n<meta property=\"article:modified_time\" content=\"2026-03-12T07:41:19+00:00\" \/>\n<meta property=\"og:image\" content=\"https:\/\/i0.wp.com\/truusk.se\/wp-content\/uploads\/2025\/06\/valphage-100-cm-hog-8-delad-hundgard-med-balte-och-dorr-frigangshagn-for-sma-till-medelstora-hundar-marsvin-kaniner-stal-silver-1.webp?fit=2000%2C2000&ssl=1\" \/>\n\t<meta property=\"og:image:width\" content=\"2000\" \/>\n\t<meta property=\"og:image:height\" content=\"2000\" \/>\n\t<meta property=\"og:image:type\" content=\"image\/webp\" \/>\n<meta name=\"twitter:card\" content=\"summary_large_image\" \/>\n<meta name=\"twitter:label1\" content=\"Ber\u00e4knad l\u00e4stid\" \/>\n\t<meta name=\"twitter:data1\" content=\"1 minut\" \/>\n<!-- \/ Yoast SEO plugin. -->","yoast_head_json":{"title":"TRUUSK Valphage 100 cm H\u00f6gt, 8-delad Hundg\u00e5rd med B\u00e4lte och D\u00f6rr - Frig\u00e5ngsh\u00e4gn f\u00f6r Sm\u00e5 Till Medelstora Hundar, Marsvin, Kaniner - TRUUSK - Hem, Tr\u00e4dg\u00e5rd &amp; Fritid","robots":{"index":"index","follow":"follow","max-snippet":"max-snippet:-1","max-image-preview":"max-image-preview:large","max-video-preview":"max-video-preview:-1"},"canonical":"https:\/\/truusk.store\/sv\/produkt\/truusk-valphage-100-cm-hogt-8-delad-hundgard-med-balte-och-dorr-frigangshagn-for-sma-till-medelstora-hundar-marsvin-kaniner\/","og_locale":"sv_SE","og_type":"article","og_title":"TRUUSK Valphage 100 cm H\u00f6gt, 8-delad Hundg\u00e5rd med B\u00e4lte och D\u00f6rr - Frig\u00e5ngsh\u00e4gn f\u00f6r Sm\u00e5 Till Medelstora Hundar, Marsvin, Kaniner - TRUUSK - Hem, Tr\u00e4dg\u00e5rd &amp; Fritid","og_description":"Uppt\u00e4ck flexibiliteten med TRUUSK husdjurslekplats! L\u00e4tt att anpassa till former som en kvadrat eller L, erbjuder den en s\u00e4ker plats...","og_url":"https:\/\/truusk.store\/sv\/produkt\/truusk-valphage-100-cm-hogt-8-delad-hundgard-med-balte-och-dorr-frigangshagn-for-sma-till-medelstora-hundar-marsvin-kaniner\/","og_site_name":"TRUUSK - Hem, Tr\u00e4dg\u00e5rd &amp; Fritid","article_modified_time":"2026-03-12T07:41:19+00:00","og_image":[{"width":2000,"height":2000,"url":"https:\/\/i0.wp.com\/truusk.se\/wp-content\/uploads\/2025\/06\/valphage-100-cm-hog-8-delad-hundgard-med-balte-och-dorr-frigangshagn-for-sma-till-medelstora-hundar-marsvin-kaniner-stal-silver-1.webp?fit=2000%2C2000&ssl=1","type":"image\/webp"}],"twitter_card":"summary_large_image","twitter_misc":{"Ber\u00e4knad l\u00e4stid":"1 minut"},"schema":{"@context":"https:\/\/schema.org","@graph":[{"@type":"WebPage","@id":"https:\/\/truusk.store\/sv\/produkt\/truusk-valphage-100-cm-hogt-8-delad-hundgard-med-balte-och-dorr-frigangshagn-for-sma-till-medelstora-hundar-marsvin-kaniner\/","url":"https:\/\/truusk.store\/sv\/produkt\/truusk-valphage-100-cm-hogt-8-delad-hundgard-med-balte-och-dorr-frigangshagn-for-sma-till-medelstora-hundar-marsvin-kaniner\/","name":"TRUUSK Valphage 100 cm H\u00f6gt, 8-delad Hundg\u00e5rd med B\u00e4lte och D\u00f6rr - Frig\u00e5ngsh\u00e4gn f\u00f6r Sm\u00e5 Till Medelstora Hundar, Marsvin, Kaniner - TRUUSK - Hem, Tr\u00e4dg\u00e5rd &amp; Fritid","isPartOf":{"@id":"https:\/\/truusk.store\/sv\/#website"},"primaryImageOfPage":{"@id":"https:\/\/truusk.store\/sv\/produkt\/truusk-valphage-100-cm-hogt-8-delad-hundgard-med-balte-och-dorr-frigangshagn-for-sma-till-medelstora-hundar-marsvin-kaniner\/#primaryimage"},"image":{"@id":"https:\/\/truusk.store\/sv\/produkt\/truusk-valphage-100-cm-hogt-8-delad-hundgard-med-balte-och-dorr-frigangshagn-for-sma-till-medelstora-hundar-marsvin-kaniner\/#primaryimage"},"thumbnailUrl":"https:\/\/i0.wp.com\/truusk.store\/wp-content\/uploads\/2025\/06\/valphage-100-cm-hog-8-delad-hundgard-med-balte-och-dorr-frigangshagn-for-sma-till-medelstora-hundar-marsvin-kaniner-stal-silver-1.webp?fit=2000%2C2000&ssl=1","datePublished":"2025-06-05T21:12:48+00:00","dateModified":"2026-03-12T07:41:19+00:00","breadcrumb":{"@id":"https:\/\/truusk.store\/sv\/produkt\/truusk-valphage-100-cm-hogt-8-delad-hundgard-med-balte-och-dorr-frigangshagn-for-sma-till-medelstora-hundar-marsvin-kaniner\/#breadcrumb"},"inLanguage":"sv-SE","potentialAction":[{"@type":"ReadAction","target":["https:\/\/truusk.store\/sv\/produkt\/truusk-valphage-100-cm-hogt-8-delad-hundgard-med-balte-och-dorr-frigangshagn-for-sma-till-medelstora-hundar-marsvin-kaniner\/"]}]},{"@type":"ImageObject","inLanguage":"sv-SE","@id":"https:\/\/truusk.store\/sv\/produkt\/truusk-valphage-100-cm-hogt-8-delad-hundgard-med-balte-och-dorr-frigangshagn-for-sma-till-medelstora-hundar-marsvin-kaniner\/#primaryimage","url":"https:\/\/i0.wp.com\/truusk.store\/wp-content\/uploads\/2025\/06\/valphage-100-cm-hog-8-delad-hundgard-med-balte-och-dorr-frigangshagn-for-sma-till-medelstora-hundar-marsvin-kaniner-stal-silver-1.webp?fit=2000%2C2000&ssl=1","contentUrl":"https:\/\/i0.wp.com\/truusk.store\/wp-content\/uploads\/2025\/06\/valphage-100-cm-hog-8-delad-hundgard-med-balte-och-dorr-frigangshagn-for-sma-till-medelstora-hundar-marsvin-kaniner-stal-silver-1.webp?fit=2000%2C2000&ssl=1","width":2000,"height":2000},{"@type":"BreadcrumbList","@id":"https:\/\/truusk.store\/sv\/produkt\/truusk-valphage-100-cm-hogt-8-delad-hundgard-med-balte-och-dorr-frigangshagn-for-sma-till-medelstora-hundar-marsvin-kaniner\/#breadcrumb","itemListElement":[{"@type":"ListItem","position":1,"name":"Home","item":"https:\/\/truusk.store\/sv\/"},{"@type":"ListItem","position":2,"name":"Shop","item":"https:\/\/truusk.store\/shop\/"},{"@type":"ListItem","position":3,"name":"TRUUSK Valphage 100 cm H\u00f6gt, 8-delad Hundg\u00e5rd med B\u00e4lte och D\u00f6rr &#8211; Frig\u00e5ngsh\u00e4gn f\u00f6r Sm\u00e5 Till Medelstora Hundar, Marsvin, Kaniner"}]},{"@type":"WebSite","@id":"https:\/\/truusk.store\/sv\/#website","url":"https:\/\/truusk.store\/sv\/","name":"TRUUSK - Hem, Tr\u00e4dg\u00e5rd & Fritid","description":"","publisher":{"@id":"https:\/\/truusk.store\/sv\/#organization"},"potentialAction":[{"@type":"SearchAction","target":{"@type":"EntryPoint","urlTemplate":"https:\/\/truusk.store\/sv\/?s={search_term_string}"},"query-input":{"@type":"PropertyValueSpecification","valueRequired":true,"valueName":"search_term_string"}}],"inLanguage":"sv-SE"},{"@type":"Organization","@id":"https:\/\/truusk.store\/sv\/#organization","name":"TRUUSK - Hem, Tr\u00e4dg\u00e5rd & Fritid","url":"https:\/\/truusk.store\/sv\/","logo":{"@type":"ImageObject","inLanguage":"sv-SE","@id":"https:\/\/truusk.store\/sv\/#\/schema\/logo\/image\/","url":"https:\/\/i0.wp.com\/truusk.store\/wp-content\/uploads\/2026\/03\/cropped-TRUUSK.png?fit=2032%2C917&ssl=1","contentUrl":"https:\/\/i0.wp.com\/truusk.store\/wp-content\/uploads\/2026\/03\/cropped-TRUUSK.png?fit=2032%2C917&ssl=1","width":2032,"height":917,"caption":"TRUUSK - Hem, Tr\u00e4dg\u00e5rd & Fritid"},"image":{"@id":"https:\/\/truusk.store\/sv\/#\/schema\/logo\/image\/"}}]}},"jetpack_sharing_enabled":true,"_links":{"self":[{"href":"https:\/\/truusk.store\/sv\/wp-json\/wp\/v2\/product\/72057","targetHints":{"allow":["GET"]}}],"collection":[{"href":"https:\/\/truusk.store\/sv\/wp-json\/wp\/v2\/product"}],"about":[{"href":"https:\/\/truusk.store\/sv\/wp-json\/wp\/v2\/types\/product"}],"wp:featuredmedia":[{"embeddable":true,"href":"https:\/\/truusk.store\/sv\/wp-json\/wp\/v2\/media\/72045"}],"wp:attachment":[{"href":"https:\/\/truusk.store\/sv\/wp-json\/wp\/v2\/media?parent=72057"}],"wp:term":[{"taxonomy":"product_brand","embeddable":true,"href":"https:\/\/truusk.store\/sv\/wp-json\/wp\/v2\/product_brand?post=72057"},{"taxonomy":"product_cat","embeddable":true,"href":"https:\/\/truusk.store\/sv\/wp-json\/wp\/v2\/product_cat?post=72057"},{"taxonomy":"product_tag","embeddable":true,"href":"https:\/\/truusk.store\/sv\/wp-json\/wp\/v2\/product_tag?post=72057"}],"curies":[{"name":"wp","href":"https:\/\/api.w.org\/{rel}","templated":true}]}}