{"id":72067,"date":"2025-06-05T22:13:44","date_gmt":"2025-06-05T21:13:44","guid":{"rendered":"https:\/\/truusk.store\/product\/5-delars-set-med-blomkrukor-i-plast-59-x-21-x-16-cm-stapelbara-blomkrukor-vaderbestandig-ytterkruka-krukor-for-inomhus-och-utomhus-gra\/"},"modified":"2026-03-12T09:46:34","modified_gmt":"2026-03-12T08:46:34","slug":"truusk-5-delars-set-med-stapelbara-blomkrukor-vaderbestandig-ytterkruka-for-inomhus-och-utomhus-gra-59-x-21-x-16-cm","status":"publish","type":"product","link":"https:\/\/truusk.store\/sv\/produkt\/truusk-5-delars-set-med-stapelbara-blomkrukor-vaderbestandig-ytterkruka-for-inomhus-och-utomhus-gra-59-x-21-x-16-cm\/","title":{"rendered":"TRUUSK 5-delars Set med Stapelbara Blomkrukor &#8211; V\u00e4derbest\u00e4ndig Ytterkruka &#8211; F\u00f6r Inomhus och Utomhus &#8211; Gr\u00e5 &#8211; 59 x 21 x 16 cm"},"content":{"rendered":"<p>Forma om dina gr\u00f6nomr\u00e5den med TRUUSK utomhus blomkrukor! Dessa fem blomkrukor i klassisk f\u00e4rg och enkel design passar perfekt in i alla milj\u00f6er. Tack vare deras staplingsbarhet sparar de utrymme och det robusta plastmaterialet lovar l\u00e5ngvarig estetik. Oavsett om det \u00e4r p\u00e5 f\u00f6nsterbr\u00e4dan, terrassen eller i tr\u00e4dg\u00e5rden, f\u00f6rsk\u00f6nar dessa planteringskrukor varje utomhusomr\u00e5de.<\/p>\n<p>Beskrivning:<\/p>\n<ul>\n<li> Set med 5 planteringskrukor f\u00f6r att uppfylla olika planteringsbehov<\/li>\n<li> Staplingsbar design av blomkrukor sparar utrymme vid f\u00f6rvaring<\/li>\n<li> H\u00f6gkvalitativt plastmaterial i planteringskrukorna \u00f6kar h\u00e5llbarheten<\/li>\n<li> Idealisk f\u00f6r f\u00f6nsterbr\u00e4dan, terrassen, balkongen och tr\u00e4dg\u00e5rden<\/li>\n<li> Ingen montering kr\u00e4vs<\/li>\n<\/ul>\n<p> Tekniska data:<\/p>\n<ul>\n<li> F\u00e4rg: Gr\u00e5<\/li>\n<li> Material: Plast<\/li>\n<li> Totala dimensioner: 59L x 21B x 16H cm<\/li>\n<li> Inre m\u00e5tt per kruka: 56\/47,5L x 18\/9B x 15,5H cm<\/li>\n<li> B\u00e4rkapacitet: 3 kg<\/li>\n<\/ul>\n<p>Leveransinneh\u00e5ll:<\/p>\n<ul>\n<li> 5 x planteringsk\u00e4rl;<\/li>\n<\/ul>\n","protected":false},"excerpt":{"rendered":"<p>Forma om dina gr\u00f6nomr\u00e5den med TRUUSK utomhus blomkrukor! Dessa fem blomkrukor i klassisk f\u00e4rg och enkel design passar perfekt in&#8230;<\/p>\n","protected":false},"featured_media":72058,"template":"","meta":[],"product_brand":[],"product_cat":[976,924,858,443],"product_tag":[],"class_list":{"0":"post-72067","1":"product","2":"type-product","3":"status-publish","4":"has-post-thumbnail","6":"product_cat-blumenstander","7":"product_cat-plantkarl","8":"product_cat-tradgard-terrass","9":"product_cat-vaxthus-tradgardsskotsel","11":"first","12":"instock","13":"sale","14":"taxable","15":"shipping-taxable","16":"purchasable","17":"product-type-simple"},"yoast_head":"<!-- This site is optimized with the Yoast SEO plugin v25.4 - https:\/\/yoast.com\/wordpress\/plugins\/seo\/ -->\n<title>TRUUSK 5-delars Set med Stapelbara Blomkrukor - V\u00e4derbest\u00e4ndig Ytterkruka - F\u00f6r Inomhus och Utomhus - Gr\u00e5 - 59 x 21 x 16 cm - TRUUSK - Hem, Tr\u00e4dg\u00e5rd &amp; Fritid<\/title>\n<meta name=\"robots\" content=\"index, follow, max-snippet:-1, max-image-preview:large, max-video-preview:-1\" \/>\n<link rel=\"canonical\" href=\"https:\/\/truusk.store\/sv\/produkt\/truusk-5-delars-set-med-stapelbara-blomkrukor-vaderbestandig-ytterkruka-for-inomhus-och-utomhus-gra-59-x-21-x-16-cm\/\" \/>\n<meta property=\"og:locale\" content=\"sv_SE\" \/>\n<meta property=\"og:type\" content=\"article\" \/>\n<meta property=\"og:title\" content=\"TRUUSK 5-delars Set med Stapelbara Blomkrukor - V\u00e4derbest\u00e4ndig Ytterkruka - F\u00f6r Inomhus och Utomhus - Gr\u00e5 - 59 x 21 x 16 cm - TRUUSK - Hem, Tr\u00e4dg\u00e5rd &amp; Fritid\" \/>\n<meta property=\"og:description\" content=\"Forma om dina gr\u00f6nomr\u00e5den med TRUUSK utomhus blomkrukor! Dessa fem blomkrukor i klassisk f\u00e4rg och enkel design passar perfekt in...\" \/>\n<meta property=\"og:url\" content=\"https:\/\/truusk.store\/sv\/produkt\/truusk-5-delars-set-med-stapelbara-blomkrukor-vaderbestandig-ytterkruka-for-inomhus-och-utomhus-gra-59-x-21-x-16-cm\/\" \/>\n<meta property=\"og:site_name\" content=\"TRUUSK - Hem, Tr\u00e4dg\u00e5rd &amp; Fritid\" \/>\n<meta property=\"article:modified_time\" content=\"2026-03-12T08:46:34+00:00\" \/>\n<meta property=\"og:image\" content=\"https:\/\/i0.wp.com\/truusk.se\/wp-content\/uploads\/2025\/06\/5-delars-set-med-blomkrukor-i-plast-59-x-21-x-16-cm-stapelbara-blomkrukor-vaderbestandig-ytterkruka-krukor-for-inomhus-och-utomhus-gra-1.webp?fit=2000%2C2000&ssl=1\" \/>\n\t<meta property=\"og:image:width\" content=\"2000\" \/>\n\t<meta property=\"og:image:height\" content=\"2000\" \/>\n\t<meta property=\"og:image:type\" content=\"image\/webp\" \/>\n<meta name=\"twitter:card\" content=\"summary_large_image\" \/>\n<meta name=\"twitter:label1\" content=\"Ber\u00e4knad l\u00e4stid\" \/>\n\t<meta name=\"twitter:data1\" content=\"1 minut\" \/>\n<!-- \/ Yoast SEO plugin. -->","yoast_head_json":{"title":"TRUUSK 5-delars Set med Stapelbara Blomkrukor - V\u00e4derbest\u00e4ndig Ytterkruka - F\u00f6r Inomhus och Utomhus - Gr\u00e5 - 59 x 21 x 16 cm - TRUUSK - Hem, Tr\u00e4dg\u00e5rd &amp; Fritid","robots":{"index":"index","follow":"follow","max-snippet":"max-snippet:-1","max-image-preview":"max-image-preview:large","max-video-preview":"max-video-preview:-1"},"canonical":"https:\/\/truusk.store\/sv\/produkt\/truusk-5-delars-set-med-stapelbara-blomkrukor-vaderbestandig-ytterkruka-for-inomhus-och-utomhus-gra-59-x-21-x-16-cm\/","og_locale":"sv_SE","og_type":"article","og_title":"TRUUSK 5-delars Set med Stapelbara Blomkrukor - V\u00e4derbest\u00e4ndig Ytterkruka - F\u00f6r Inomhus och Utomhus - Gr\u00e5 - 59 x 21 x 16 cm - TRUUSK - Hem, Tr\u00e4dg\u00e5rd &amp; Fritid","og_description":"Forma om dina gr\u00f6nomr\u00e5den med TRUUSK utomhus blomkrukor! Dessa fem blomkrukor i klassisk f\u00e4rg och enkel design passar perfekt in...","og_url":"https:\/\/truusk.store\/sv\/produkt\/truusk-5-delars-set-med-stapelbara-blomkrukor-vaderbestandig-ytterkruka-for-inomhus-och-utomhus-gra-59-x-21-x-16-cm\/","og_site_name":"TRUUSK - Hem, Tr\u00e4dg\u00e5rd &amp; Fritid","article_modified_time":"2026-03-12T08:46:34+00:00","og_image":[{"width":2000,"height":2000,"url":"https:\/\/i0.wp.com\/truusk.se\/wp-content\/uploads\/2025\/06\/5-delars-set-med-blomkrukor-i-plast-59-x-21-x-16-cm-stapelbara-blomkrukor-vaderbestandig-ytterkruka-krukor-for-inomhus-och-utomhus-gra-1.webp?fit=2000%2C2000&ssl=1","type":"image\/webp"}],"twitter_card":"summary_large_image","twitter_misc":{"Ber\u00e4knad l\u00e4stid":"1 minut"},"schema":{"@context":"https:\/\/schema.org","@graph":[{"@type":"WebPage","@id":"https:\/\/truusk.store\/sv\/produkt\/truusk-5-delars-set-med-stapelbara-blomkrukor-vaderbestandig-ytterkruka-for-inomhus-och-utomhus-gra-59-x-21-x-16-cm\/","url":"https:\/\/truusk.store\/sv\/produkt\/truusk-5-delars-set-med-stapelbara-blomkrukor-vaderbestandig-ytterkruka-for-inomhus-och-utomhus-gra-59-x-21-x-16-cm\/","name":"TRUUSK 5-delars Set med Stapelbara Blomkrukor - V\u00e4derbest\u00e4ndig Ytterkruka - F\u00f6r Inomhus och Utomhus - Gr\u00e5 - 59 x 21 x 16 cm - TRUUSK - Hem, Tr\u00e4dg\u00e5rd &amp; Fritid","isPartOf":{"@id":"https:\/\/truusk.store\/sv\/#website"},"primaryImageOfPage":{"@id":"https:\/\/truusk.store\/sv\/produkt\/truusk-5-delars-set-med-stapelbara-blomkrukor-vaderbestandig-ytterkruka-for-inomhus-och-utomhus-gra-59-x-21-x-16-cm\/#primaryimage"},"image":{"@id":"https:\/\/truusk.store\/sv\/produkt\/truusk-5-delars-set-med-stapelbara-blomkrukor-vaderbestandig-ytterkruka-for-inomhus-och-utomhus-gra-59-x-21-x-16-cm\/#primaryimage"},"thumbnailUrl":"https:\/\/i0.wp.com\/truusk.store\/wp-content\/uploads\/2025\/06\/5-delars-set-med-blomkrukor-i-plast-59-x-21-x-16-cm-stapelbara-blomkrukor-vaderbestandig-ytterkruka-krukor-for-inomhus-och-utomhus-gra-1.webp?fit=2000%2C2000&ssl=1","datePublished":"2025-06-05T21:13:44+00:00","dateModified":"2026-03-12T08:46:34+00:00","breadcrumb":{"@id":"https:\/\/truusk.store\/sv\/produkt\/truusk-5-delars-set-med-stapelbara-blomkrukor-vaderbestandig-ytterkruka-for-inomhus-och-utomhus-gra-59-x-21-x-16-cm\/#breadcrumb"},"inLanguage":"sv-SE","potentialAction":[{"@type":"ReadAction","target":["https:\/\/truusk.store\/sv\/produkt\/truusk-5-delars-set-med-stapelbara-blomkrukor-vaderbestandig-ytterkruka-for-inomhus-och-utomhus-gra-59-x-21-x-16-cm\/"]}]},{"@type":"ImageObject","inLanguage":"sv-SE","@id":"https:\/\/truusk.store\/sv\/produkt\/truusk-5-delars-set-med-stapelbara-blomkrukor-vaderbestandig-ytterkruka-for-inomhus-och-utomhus-gra-59-x-21-x-16-cm\/#primaryimage","url":"https:\/\/i0.wp.com\/truusk.store\/wp-content\/uploads\/2025\/06\/5-delars-set-med-blomkrukor-i-plast-59-x-21-x-16-cm-stapelbara-blomkrukor-vaderbestandig-ytterkruka-krukor-for-inomhus-och-utomhus-gra-1.webp?fit=2000%2C2000&ssl=1","contentUrl":"https:\/\/i0.wp.com\/truusk.store\/wp-content\/uploads\/2025\/06\/5-delars-set-med-blomkrukor-i-plast-59-x-21-x-16-cm-stapelbara-blomkrukor-vaderbestandig-ytterkruka-krukor-for-inomhus-och-utomhus-gra-1.webp?fit=2000%2C2000&ssl=1","width":2000,"height":2000},{"@type":"BreadcrumbList","@id":"https:\/\/truusk.store\/sv\/produkt\/truusk-5-delars-set-med-stapelbara-blomkrukor-vaderbestandig-ytterkruka-for-inomhus-och-utomhus-gra-59-x-21-x-16-cm\/#breadcrumb","itemListElement":[{"@type":"ListItem","position":1,"name":"Home","item":"https:\/\/truusk.store\/sv\/"},{"@type":"ListItem","position":2,"name":"Shop","item":"https:\/\/truusk.store\/shop\/"},{"@type":"ListItem","position":3,"name":"TRUUSK 5-delars Set med Stapelbara Blomkrukor &#8211; V\u00e4derbest\u00e4ndig Ytterkruka &#8211; F\u00f6r Inomhus och Utomhus &#8211; Gr\u00e5 &#8211; 59 x 21 x 16 cm"}]},{"@type":"WebSite","@id":"https:\/\/truusk.store\/sv\/#website","url":"https:\/\/truusk.store\/sv\/","name":"TRUUSK - Hem, Tr\u00e4dg\u00e5rd & Fritid","description":"","publisher":{"@id":"https:\/\/truusk.store\/sv\/#organization"},"potentialAction":[{"@type":"SearchAction","target":{"@type":"EntryPoint","urlTemplate":"https:\/\/truusk.store\/sv\/?s={search_term_string}"},"query-input":{"@type":"PropertyValueSpecification","valueRequired":true,"valueName":"search_term_string"}}],"inLanguage":"sv-SE"},{"@type":"Organization","@id":"https:\/\/truusk.store\/sv\/#organization","name":"TRUUSK - Hem, Tr\u00e4dg\u00e5rd & Fritid","url":"https:\/\/truusk.store\/sv\/","logo":{"@type":"ImageObject","inLanguage":"sv-SE","@id":"https:\/\/truusk.store\/sv\/#\/schema\/logo\/image\/","url":"https:\/\/i0.wp.com\/truusk.store\/wp-content\/uploads\/2026\/03\/cropped-TRUUSK.png?fit=2032%2C917&ssl=1","contentUrl":"https:\/\/i0.wp.com\/truusk.store\/wp-content\/uploads\/2026\/03\/cropped-TRUUSK.png?fit=2032%2C917&ssl=1","width":2032,"height":917,"caption":"TRUUSK - Hem, Tr\u00e4dg\u00e5rd & Fritid"},"image":{"@id":"https:\/\/truusk.store\/sv\/#\/schema\/logo\/image\/"}}]}},"jetpack_sharing_enabled":true,"_links":{"self":[{"href":"https:\/\/truusk.store\/sv\/wp-json\/wp\/v2\/product\/72067","targetHints":{"allow":["GET"]}}],"collection":[{"href":"https:\/\/truusk.store\/sv\/wp-json\/wp\/v2\/product"}],"about":[{"href":"https:\/\/truusk.store\/sv\/wp-json\/wp\/v2\/types\/product"}],"wp:featuredmedia":[{"embeddable":true,"href":"https:\/\/truusk.store\/sv\/wp-json\/wp\/v2\/media\/72058"}],"wp:attachment":[{"href":"https:\/\/truusk.store\/sv\/wp-json\/wp\/v2\/media?parent=72067"}],"wp:term":[{"taxonomy":"product_brand","embeddable":true,"href":"https:\/\/truusk.store\/sv\/wp-json\/wp\/v2\/product_brand?post=72067"},{"taxonomy":"product_cat","embeddable":true,"href":"https:\/\/truusk.store\/sv\/wp-json\/wp\/v2\/product_cat?post=72067"},{"taxonomy":"product_tag","embeddable":true,"href":"https:\/\/truusk.store\/sv\/wp-json\/wp\/v2\/product_tag?post=72067"}],"curies":[{"name":"wp","href":"https:\/\/api.w.org\/{rel}","templated":true}]}}