{"id":72087,"date":"2025-06-05T22:15:44","date_gmt":"2025-06-05T21:15:44","guid":{"rendered":"https:\/\/truusk.store\/product\/klemmmarkise-med-handvev-elektrisk-hojdjusterbar-ledarmmarkis-markis-solskydd-uv-30-balkongmarkis-inkl-vaggfaste-solmarkis-300cm-bred-for-terrass-balkong-morkgra\/"},"modified":"2026-03-12T08:42:18","modified_gmt":"2026-03-12T07:42:18","slug":"truusk-klemmmarkis-elektrisk-hojdjustering-uv-skydd-inkl-vaggfaste-300cm-bred-morkgra","status":"publish","type":"product","link":"https:\/\/truusk.store\/sv\/produkt\/truusk-klemmmarkis-elektrisk-hojdjustering-uv-skydd-inkl-vaggfaste-300cm-bred-morkgra\/","title":{"rendered":"TRUUSK Klemmmarkis &#8211; Elektrisk H\u00f6jdjustering &#8211; UV-skydd &#8211; Inkl. V\u00e4ggf\u00e4ste &#8211; 300cm Bred &#8211; M\u00f6rkgr\u00e5"},"content":{"rendered":"<p>Njut stilfullt av det fria med TRUUSK elektriska markis! Denna tr\u00e4dg\u00e5rdsmarkis kan enkelt utvidgas med fj\u00e4rrkontroll eller genom att vrida handveven. Tillverkad av rostfritt aluminium och 280g\/m\u00b2 polyester som blockerar UV-str\u00e5lar, anpassar sig den utdragbara balkongmarkisen fr\u00e5n 45\u00b0 till 85\u00b0 lutning f\u00f6r att ge perfekt skugga p\u00e5 din terrass eller framf\u00f6r ditt f\u00f6nster.<\/p>\n<p>Beskrivning:<\/p>\n<ul>\n<li> Fj\u00e4rrkontroll eller handvev f\u00f6r markisen f\u00f6r enkel justering<\/li>\n<li> Rostbest\u00e4ndig, pulverlackerad aluminiumram f\u00f6r markisen garanterar h\u00e5llbarhet<\/li>\n<li> 280g\/m\u00b2 polyestertyg med konstl\u00e4derbel\u00e4ggning f\u00f6r UV30+ skydd<\/li>\n<li> Lutningen p\u00e5 3m-breda markisen kan justeras fr\u00e5n 45\u00b0 till 85\u00b0 f\u00f6r optimal skugga<\/li>\n<li> H\u00f6jden p\u00e5 markis\u00e4ndarna \u00e4r justerbar f\u00f6r exakt t\u00e4ckning<\/li>\n<\/ul>\n<p> Tekniska data:<\/p>\n<ul>\n<li> F\u00e4rg: M\u00f6rkgr\u00e5<\/li>\n<li> Material: Aluminium, Polyester<\/li>\n<li> Totala dimensioner: 296L x 250B cm<\/li>\n<li> Vevarm: 150L cm<\/li>\n<li> Kontrollomr\u00e5de: 10 m (tillg\u00e4nglighet)<\/li>\n<li> Exponerad str\u00f6mkabel: 5 m<\/li>\n<li> Sp\u00e4nning: AC 230V\/50Hz<\/li>\n<li> Effekt: 244W\/1,06A<\/li>\n<li> Rekommenderad installationsh\u00f6jd: 2,5-3,5 m<\/li>\n<li> Reserverat utrymme: 30 cm (f\u00f6r installation)<\/li>\n<li> Vindstyrkebetyg: 2<\/li>\n<li> Certifiering: CE<\/li>\n<\/ul>\n<p>Leverans:<\/p>\n<ul>\n<li> 1 x Terrassmarkis<\/li>\n<li> 2 x V\u00e4ggf\u00e4ste<\/li>\n<li> 4 x Expansionspluggar<\/li>\n<li> 1 x Fj\u00e4rrkontroll<\/li>\n<li> 1 x Handvev<\/li>\n<li> 1 x Bruksanvisning<\/li>\n<\/ul>\n","protected":false},"excerpt":{"rendered":"<p>Njut stilfullt av det fria med TRUUSK elektriska markis! Denna tr\u00e4dg\u00e5rdsmarkis kan enkelt utvidgas med fj\u00e4rrkontroll eller genom att vrida&#8230;<\/p>\n","protected":false},"featured_media":72078,"template":"","meta":[],"product_brand":[],"product_cat":[473,862,858],"product_tag":[],"class_list":{"0":"post-72087","1":"product","2":"type-product","3":"status-publish","4":"has-post-thumbnail","6":"product_cat-markiser","7":"product_cat-sol-insynsskydd","8":"product_cat-tradgard-terrass","10":"first","11":"instock","12":"sale","13":"taxable","14":"shipping-taxable","15":"purchasable","16":"product-type-simple"},"yoast_head":"<!-- This site is optimized with the Yoast SEO plugin v25.4 - https:\/\/yoast.com\/wordpress\/plugins\/seo\/ -->\n<title>TRUUSK Klemmmarkis - Elektrisk H\u00f6jdjustering - UV-skydd - Inkl. V\u00e4ggf\u00e4ste - 300cm Bred - M\u00f6rkgr\u00e5 - TRUUSK - Hem, Tr\u00e4dg\u00e5rd &amp; Fritid<\/title>\n<meta name=\"robots\" content=\"index, follow, max-snippet:-1, max-image-preview:large, max-video-preview:-1\" \/>\n<link rel=\"canonical\" href=\"https:\/\/truusk.store\/sv\/produkt\/truusk-klemmmarkis-elektrisk-hojdjustering-uv-skydd-inkl-vaggfaste-300cm-bred-morkgra\/\" \/>\n<meta property=\"og:locale\" content=\"sv_SE\" \/>\n<meta property=\"og:type\" content=\"article\" \/>\n<meta property=\"og:title\" content=\"TRUUSK Klemmmarkis - Elektrisk H\u00f6jdjustering - UV-skydd - Inkl. V\u00e4ggf\u00e4ste - 300cm Bred - M\u00f6rkgr\u00e5 - TRUUSK - Hem, Tr\u00e4dg\u00e5rd &amp; Fritid\" \/>\n<meta property=\"og:description\" content=\"Njut stilfullt av det fria med TRUUSK elektriska markis! Denna tr\u00e4dg\u00e5rdsmarkis kan enkelt utvidgas med fj\u00e4rrkontroll eller genom att vrida...\" \/>\n<meta property=\"og:url\" content=\"https:\/\/truusk.store\/sv\/produkt\/truusk-klemmmarkis-elektrisk-hojdjustering-uv-skydd-inkl-vaggfaste-300cm-bred-morkgra\/\" \/>\n<meta property=\"og:site_name\" content=\"TRUUSK - Hem, Tr\u00e4dg\u00e5rd &amp; Fritid\" \/>\n<meta property=\"article:modified_time\" content=\"2026-03-12T07:42:18+00:00\" \/>\n<meta property=\"og:image\" content=\"https:\/\/i0.wp.com\/truusk.se\/wp-content\/uploads\/2025\/06\/klemmmarkise-med-handvev-elektrisk-hojdjusterbar-ledarmmarkis-markis-solskydd-uv-30-balkongmarkis-inkl-vaggfaste-solmarkis-300cm-bred-for-terrass-balkong-morkgra-1.webp?fit=2000%2C2000&ssl=1\" \/>\n\t<meta property=\"og:image:width\" content=\"2000\" \/>\n\t<meta property=\"og:image:height\" content=\"2000\" \/>\n\t<meta property=\"og:image:type\" content=\"image\/webp\" \/>\n<meta name=\"twitter:card\" content=\"summary_large_image\" \/>\n<meta name=\"twitter:label1\" content=\"Ber\u00e4knad l\u00e4stid\" \/>\n\t<meta name=\"twitter:data1\" content=\"1 minut\" \/>\n<!-- \/ Yoast SEO plugin. -->","yoast_head_json":{"title":"TRUUSK Klemmmarkis - Elektrisk H\u00f6jdjustering - UV-skydd - Inkl. V\u00e4ggf\u00e4ste - 300cm Bred - M\u00f6rkgr\u00e5 - TRUUSK - Hem, Tr\u00e4dg\u00e5rd &amp; Fritid","robots":{"index":"index","follow":"follow","max-snippet":"max-snippet:-1","max-image-preview":"max-image-preview:large","max-video-preview":"max-video-preview:-1"},"canonical":"https:\/\/truusk.store\/sv\/produkt\/truusk-klemmmarkis-elektrisk-hojdjustering-uv-skydd-inkl-vaggfaste-300cm-bred-morkgra\/","og_locale":"sv_SE","og_type":"article","og_title":"TRUUSK Klemmmarkis - Elektrisk H\u00f6jdjustering - UV-skydd - Inkl. V\u00e4ggf\u00e4ste - 300cm Bred - M\u00f6rkgr\u00e5 - TRUUSK - Hem, Tr\u00e4dg\u00e5rd &amp; Fritid","og_description":"Njut stilfullt av det fria med TRUUSK elektriska markis! Denna tr\u00e4dg\u00e5rdsmarkis kan enkelt utvidgas med fj\u00e4rrkontroll eller genom att vrida...","og_url":"https:\/\/truusk.store\/sv\/produkt\/truusk-klemmmarkis-elektrisk-hojdjustering-uv-skydd-inkl-vaggfaste-300cm-bred-morkgra\/","og_site_name":"TRUUSK - Hem, Tr\u00e4dg\u00e5rd &amp; Fritid","article_modified_time":"2026-03-12T07:42:18+00:00","og_image":[{"width":2000,"height":2000,"url":"https:\/\/i0.wp.com\/truusk.se\/wp-content\/uploads\/2025\/06\/klemmmarkise-med-handvev-elektrisk-hojdjusterbar-ledarmmarkis-markis-solskydd-uv-30-balkongmarkis-inkl-vaggfaste-solmarkis-300cm-bred-for-terrass-balkong-morkgra-1.webp?fit=2000%2C2000&ssl=1","type":"image\/webp"}],"twitter_card":"summary_large_image","twitter_misc":{"Ber\u00e4knad l\u00e4stid":"1 minut"},"schema":{"@context":"https:\/\/schema.org","@graph":[{"@type":"WebPage","@id":"https:\/\/truusk.store\/sv\/produkt\/truusk-klemmmarkis-elektrisk-hojdjustering-uv-skydd-inkl-vaggfaste-300cm-bred-morkgra\/","url":"https:\/\/truusk.store\/sv\/produkt\/truusk-klemmmarkis-elektrisk-hojdjustering-uv-skydd-inkl-vaggfaste-300cm-bred-morkgra\/","name":"TRUUSK Klemmmarkis - Elektrisk H\u00f6jdjustering - UV-skydd - Inkl. V\u00e4ggf\u00e4ste - 300cm Bred - M\u00f6rkgr\u00e5 - TRUUSK - Hem, Tr\u00e4dg\u00e5rd &amp; Fritid","isPartOf":{"@id":"https:\/\/truusk.store\/sv\/#website"},"primaryImageOfPage":{"@id":"https:\/\/truusk.store\/sv\/produkt\/truusk-klemmmarkis-elektrisk-hojdjustering-uv-skydd-inkl-vaggfaste-300cm-bred-morkgra\/#primaryimage"},"image":{"@id":"https:\/\/truusk.store\/sv\/produkt\/truusk-klemmmarkis-elektrisk-hojdjustering-uv-skydd-inkl-vaggfaste-300cm-bred-morkgra\/#primaryimage"},"thumbnailUrl":"https:\/\/i0.wp.com\/truusk.store\/wp-content\/uploads\/2025\/06\/klemmmarkise-med-handvev-elektrisk-hojdjusterbar-ledarmmarkis-markis-solskydd-uv-30-balkongmarkis-inkl-vaggfaste-solmarkis-300cm-bred-for-terrass-balkong-morkgra-1.webp?fit=2000%2C2000&ssl=1","datePublished":"2025-06-05T21:15:44+00:00","dateModified":"2026-03-12T07:42:18+00:00","breadcrumb":{"@id":"https:\/\/truusk.store\/sv\/produkt\/truusk-klemmmarkis-elektrisk-hojdjustering-uv-skydd-inkl-vaggfaste-300cm-bred-morkgra\/#breadcrumb"},"inLanguage":"sv-SE","potentialAction":[{"@type":"ReadAction","target":["https:\/\/truusk.store\/sv\/produkt\/truusk-klemmmarkis-elektrisk-hojdjustering-uv-skydd-inkl-vaggfaste-300cm-bred-morkgra\/"]}]},{"@type":"ImageObject","inLanguage":"sv-SE","@id":"https:\/\/truusk.store\/sv\/produkt\/truusk-klemmmarkis-elektrisk-hojdjustering-uv-skydd-inkl-vaggfaste-300cm-bred-morkgra\/#primaryimage","url":"https:\/\/i0.wp.com\/truusk.store\/wp-content\/uploads\/2025\/06\/klemmmarkise-med-handvev-elektrisk-hojdjusterbar-ledarmmarkis-markis-solskydd-uv-30-balkongmarkis-inkl-vaggfaste-solmarkis-300cm-bred-for-terrass-balkong-morkgra-1.webp?fit=2000%2C2000&ssl=1","contentUrl":"https:\/\/i0.wp.com\/truusk.store\/wp-content\/uploads\/2025\/06\/klemmmarkise-med-handvev-elektrisk-hojdjusterbar-ledarmmarkis-markis-solskydd-uv-30-balkongmarkis-inkl-vaggfaste-solmarkis-300cm-bred-for-terrass-balkong-morkgra-1.webp?fit=2000%2C2000&ssl=1","width":2000,"height":2000},{"@type":"BreadcrumbList","@id":"https:\/\/truusk.store\/sv\/produkt\/truusk-klemmmarkis-elektrisk-hojdjustering-uv-skydd-inkl-vaggfaste-300cm-bred-morkgra\/#breadcrumb","itemListElement":[{"@type":"ListItem","position":1,"name":"Home","item":"https:\/\/truusk.store\/sv\/"},{"@type":"ListItem","position":2,"name":"Shop","item":"https:\/\/truusk.store\/shop\/"},{"@type":"ListItem","position":3,"name":"TRUUSK Klemmmarkis &#8211; Elektrisk H\u00f6jdjustering &#8211; UV-skydd &#8211; Inkl. V\u00e4ggf\u00e4ste &#8211; 300cm Bred &#8211; M\u00f6rkgr\u00e5"}]},{"@type":"WebSite","@id":"https:\/\/truusk.store\/sv\/#website","url":"https:\/\/truusk.store\/sv\/","name":"TRUUSK - Hem, Tr\u00e4dg\u00e5rd & Fritid","description":"","publisher":{"@id":"https:\/\/truusk.store\/sv\/#organization"},"potentialAction":[{"@type":"SearchAction","target":{"@type":"EntryPoint","urlTemplate":"https:\/\/truusk.store\/sv\/?s={search_term_string}"},"query-input":{"@type":"PropertyValueSpecification","valueRequired":true,"valueName":"search_term_string"}}],"inLanguage":"sv-SE"},{"@type":"Organization","@id":"https:\/\/truusk.store\/sv\/#organization","name":"TRUUSK - Hem, Tr\u00e4dg\u00e5rd & Fritid","url":"https:\/\/truusk.store\/sv\/","logo":{"@type":"ImageObject","inLanguage":"sv-SE","@id":"https:\/\/truusk.store\/sv\/#\/schema\/logo\/image\/","url":"https:\/\/i0.wp.com\/truusk.store\/wp-content\/uploads\/2026\/03\/cropped-TRUUSK.png?fit=2032%2C917&ssl=1","contentUrl":"https:\/\/i0.wp.com\/truusk.store\/wp-content\/uploads\/2026\/03\/cropped-TRUUSK.png?fit=2032%2C917&ssl=1","width":2032,"height":917,"caption":"TRUUSK - Hem, Tr\u00e4dg\u00e5rd & Fritid"},"image":{"@id":"https:\/\/truusk.store\/sv\/#\/schema\/logo\/image\/"}}]}},"jetpack_sharing_enabled":true,"_links":{"self":[{"href":"https:\/\/truusk.store\/sv\/wp-json\/wp\/v2\/product\/72087","targetHints":{"allow":["GET"]}}],"collection":[{"href":"https:\/\/truusk.store\/sv\/wp-json\/wp\/v2\/product"}],"about":[{"href":"https:\/\/truusk.store\/sv\/wp-json\/wp\/v2\/types\/product"}],"wp:featuredmedia":[{"embeddable":true,"href":"https:\/\/truusk.store\/sv\/wp-json\/wp\/v2\/media\/72078"}],"wp:attachment":[{"href":"https:\/\/truusk.store\/sv\/wp-json\/wp\/v2\/media?parent=72087"}],"wp:term":[{"taxonomy":"product_brand","embeddable":true,"href":"https:\/\/truusk.store\/sv\/wp-json\/wp\/v2\/product_brand?post=72087"},{"taxonomy":"product_cat","embeddable":true,"href":"https:\/\/truusk.store\/sv\/wp-json\/wp\/v2\/product_cat?post=72087"},{"taxonomy":"product_tag","embeddable":true,"href":"https:\/\/truusk.store\/sv\/wp-json\/wp\/v2\/product_tag?post=72087"}],"curies":[{"name":"wp","href":"https:\/\/api.w.org\/{rel}","templated":true}]}}