{"id":72108,"date":"2025-06-05T22:17:51","date_gmt":"2025-06-05T21:17:51","guid":{"rendered":"https:\/\/truusk.store\/product\/solstaende-lampa-rattan-solarlampor-med-ljussensor-25-led-automatisk-solbelysning-i-boho-stil-ip44-vattentat-solarlampa-utomhuslampa-for-tradgard-balkong-utomhus-grasmatta-o33x135-cm\/"},"modified":"2026-03-12T08:41:08","modified_gmt":"2026-03-12T07:41:08","slug":"truusk-solstaende-rattan-solarlampa-25-led-ljussensor-automatisk-solbelysning-boho-stil-ip44-vattentat-utomhuslampa","status":"publish","type":"product","link":"https:\/\/truusk.store\/sv\/produkt\/truusk-solstaende-rattan-solarlampa-25-led-ljussensor-automatisk-solbelysning-boho-stil-ip44-vattentat-utomhuslampa\/","title":{"rendered":"TRUUSK Solst\u00e5ende Rattan Solarlampa &#8211; 25 LED &#8211; Ljussensor &#8211; Automatisk Solbelysning &#8211; Boho-stil &#8211; IP44 Vattent\u00e4t &#8211; Utomhuslampa"},"content":{"rendered":"<p>Upplysa dina kv\u00e4llar med den eleganta TRUUSK utomhuslampan, som kombinerar en handv\u00e4vd rottinglampsk\u00e4rm med en klassisk stolpe. Denna sollampa t\u00e4nds automatiskt och lyser fr\u00e5n skymning till gryning med ett varmt, 15-lumen starkt sken. Boho-tr\u00e4dg\u00e5rdslampan med sin rottinglykta och den stabila st\u00e5lmasten samt foten trotsar v\u00e4derf\u00f6rh\u00e5llandena &#8211; perfekt f\u00f6r tr\u00e4dg\u00e5rdsfester eller avkopplande kv\u00e4llar utomhus. Den inbyggda ljussensorn ger upp till 8 timmars varmvitt ljus efter bara 5 timmars laddningstid.<\/p>\n<p>Beskrivning:<\/p>\n<ul>\n<li> Sollampa med handv\u00e4vd lampsk\u00e4rm, stilfull f\u00f6r tr\u00e4dg\u00e5rdsomr\u00e5den<\/li>\n<li> Solpanel f\u00f6r laddning i solljus<\/li>\n<li> Fem timmars full laddning = \u00e5tta timmars ljus<\/li>\n<li> T\u00e4nds och sl\u00e4cks automatiskt vid skymning och gryning<\/li>\n<li> 25 varmvita LED-lampor i utomhuslampan ger en f\u00e4rgtemperatur p\u00e5 2500 K<\/li>\n<li> IP44 vattenskyddsklass, l\u00e4mplig vid l\u00e4tt till medelh\u00f6g regn och sn\u00f6<\/li>\n<li> L\u00e4mplig utomhuslampa f\u00f6r tr\u00e4dg\u00e5rdsbelysning, g\u00e5ngv\u00e4gar eller uppfarter<\/li>\n<li> Montering kr\u00e4vs<\/li>\n<\/ul>\n<p> Tekniska data:<\/p>\n<ul>\n<li> F\u00e4rg: Svart+Gr\u00e5<\/li>\n<li> Material: St\u00e5l, PE-rotting<\/li>\n<li> Totala dimensioner: \u00d833 x 135H cm<\/li>\n<li> Basstorlek: \u00d828 x 2,5H cm<\/li>\n<li> Storlek p\u00e5 solpanel: \u042412 x 2,8T cm<\/li>\n<li> Ljusstyrka: 15 lm<\/li>\n<li> F\u00e4rgtemperatur: 2500 K, Varmvit<\/li>\n<li> Laddningstid: 5 timmar vid tillr\u00e4ckligt solljus<\/li>\n<li> Ljusstid: (Fulladdad) 8 timmar<\/li>\n<li> LED-effekt: 0,06 W, (totalt) 1,5W (Enskild enhet)<\/li>\n<li> Batterityp: AA (Ni-Mh, 1200 mAh, 1,2 V)<\/li>\n<li> Vattent\u00e4thetsklassificering: IP44<\/li>\n<\/ul>\n<p>Leveransinneh\u00e5ll:<\/p>\n<ul>\n<li> 1 x Rottinglampa<\/li>\n<li> 1 x Bruksanvisning<\/li>\n<\/ul>\n","protected":false},"excerpt":{"rendered":"<p>Upplysa dina kv\u00e4llar med den eleganta TRUUSK utomhuslampan, som kombinerar en handv\u00e4vd rottinglampsk\u00e4rm med en klassisk stolpe. Denna sollampa t\u00e4nds&#8230;<\/p>\n","protected":false},"featured_media":72098,"template":"","meta":[],"product_brand":[],"product_cat":[858,465,464],"product_tag":[],"class_list":{"0":"post-72108","1":"product","2":"type-product","3":"status-publish","4":"has-post-thumbnail","6":"product_cat-tradgard-terrass","7":"product_cat-tradgardsbelysning","8":"product_cat-tradgardsdekoration","10":"first","11":"instock","12":"sale","13":"taxable","14":"shipping-taxable","15":"purchasable","16":"product-type-simple"},"yoast_head":"<!-- This site is optimized with the Yoast SEO plugin v25.4 - https:\/\/yoast.com\/wordpress\/plugins\/seo\/ -->\n<title>TRUUSK Solst\u00e5ende Rattan Solarlampa - 25 LED - Ljussensor - Automatisk Solbelysning - Boho-stil - IP44 Vattent\u00e4t - Utomhuslampa - TRUUSK - Hem, Tr\u00e4dg\u00e5rd &amp; Fritid<\/title>\n<meta name=\"robots\" content=\"index, follow, max-snippet:-1, max-image-preview:large, max-video-preview:-1\" \/>\n<link rel=\"canonical\" href=\"https:\/\/truusk.store\/sv\/produkt\/truusk-solstaende-rattan-solarlampa-25-led-ljussensor-automatisk-solbelysning-boho-stil-ip44-vattentat-utomhuslampa\/\" \/>\n<meta property=\"og:locale\" content=\"sv_SE\" \/>\n<meta property=\"og:type\" content=\"article\" \/>\n<meta property=\"og:title\" content=\"TRUUSK Solst\u00e5ende Rattan Solarlampa - 25 LED - Ljussensor - Automatisk Solbelysning - Boho-stil - IP44 Vattent\u00e4t - Utomhuslampa - TRUUSK - Hem, Tr\u00e4dg\u00e5rd &amp; Fritid\" \/>\n<meta property=\"og:description\" content=\"Upplysa dina kv\u00e4llar med den eleganta TRUUSK utomhuslampan, som kombinerar en handv\u00e4vd rottinglampsk\u00e4rm med en klassisk stolpe. Denna sollampa t\u00e4nds...\" \/>\n<meta property=\"og:url\" content=\"https:\/\/truusk.store\/sv\/produkt\/truusk-solstaende-rattan-solarlampa-25-led-ljussensor-automatisk-solbelysning-boho-stil-ip44-vattentat-utomhuslampa\/\" \/>\n<meta property=\"og:site_name\" content=\"TRUUSK - Hem, Tr\u00e4dg\u00e5rd &amp; Fritid\" \/>\n<meta property=\"article:modified_time\" content=\"2026-03-12T07:41:08+00:00\" \/>\n<meta property=\"og:image\" content=\"https:\/\/i0.wp.com\/truusk.se\/wp-content\/uploads\/2025\/06\/solstaende-lampa-rattan-solarlampor-med-ljussensor-25-led-automatisk-solbelysning-i-boho-stil-ip44-vattentat-solarlampa-utomhuslampa-for-tradgard-balkong-utomhus-grasmatta-o33x135-cm-1.webp?fit=2000%2C2000&ssl=1\" \/>\n\t<meta property=\"og:image:width\" content=\"2000\" \/>\n\t<meta property=\"og:image:height\" content=\"2000\" \/>\n\t<meta property=\"og:image:type\" content=\"image\/webp\" \/>\n<meta name=\"twitter:card\" content=\"summary_large_image\" \/>\n<meta name=\"twitter:label1\" content=\"Ber\u00e4knad l\u00e4stid\" \/>\n\t<meta name=\"twitter:data1\" content=\"1 minut\" \/>\n<!-- \/ Yoast SEO plugin. -->","yoast_head_json":{"title":"TRUUSK Solst\u00e5ende Rattan Solarlampa - 25 LED - Ljussensor - Automatisk Solbelysning - Boho-stil - IP44 Vattent\u00e4t - Utomhuslampa - TRUUSK - Hem, Tr\u00e4dg\u00e5rd &amp; Fritid","robots":{"index":"index","follow":"follow","max-snippet":"max-snippet:-1","max-image-preview":"max-image-preview:large","max-video-preview":"max-video-preview:-1"},"canonical":"https:\/\/truusk.store\/sv\/produkt\/truusk-solstaende-rattan-solarlampa-25-led-ljussensor-automatisk-solbelysning-boho-stil-ip44-vattentat-utomhuslampa\/","og_locale":"sv_SE","og_type":"article","og_title":"TRUUSK Solst\u00e5ende Rattan Solarlampa - 25 LED - Ljussensor - Automatisk Solbelysning - Boho-stil - IP44 Vattent\u00e4t - Utomhuslampa - TRUUSK - Hem, Tr\u00e4dg\u00e5rd &amp; Fritid","og_description":"Upplysa dina kv\u00e4llar med den eleganta TRUUSK utomhuslampan, som kombinerar en handv\u00e4vd rottinglampsk\u00e4rm med en klassisk stolpe. Denna sollampa t\u00e4nds...","og_url":"https:\/\/truusk.store\/sv\/produkt\/truusk-solstaende-rattan-solarlampa-25-led-ljussensor-automatisk-solbelysning-boho-stil-ip44-vattentat-utomhuslampa\/","og_site_name":"TRUUSK - Hem, Tr\u00e4dg\u00e5rd &amp; Fritid","article_modified_time":"2026-03-12T07:41:08+00:00","og_image":[{"width":2000,"height":2000,"url":"https:\/\/i0.wp.com\/truusk.se\/wp-content\/uploads\/2025\/06\/solstaende-lampa-rattan-solarlampor-med-ljussensor-25-led-automatisk-solbelysning-i-boho-stil-ip44-vattentat-solarlampa-utomhuslampa-for-tradgard-balkong-utomhus-grasmatta-o33x135-cm-1.webp?fit=2000%2C2000&ssl=1","type":"image\/webp"}],"twitter_card":"summary_large_image","twitter_misc":{"Ber\u00e4knad l\u00e4stid":"1 minut"},"schema":{"@context":"https:\/\/schema.org","@graph":[{"@type":"WebPage","@id":"https:\/\/truusk.store\/sv\/produkt\/truusk-solstaende-rattan-solarlampa-25-led-ljussensor-automatisk-solbelysning-boho-stil-ip44-vattentat-utomhuslampa\/","url":"https:\/\/truusk.store\/sv\/produkt\/truusk-solstaende-rattan-solarlampa-25-led-ljussensor-automatisk-solbelysning-boho-stil-ip44-vattentat-utomhuslampa\/","name":"TRUUSK Solst\u00e5ende Rattan Solarlampa - 25 LED - Ljussensor - Automatisk Solbelysning - Boho-stil - IP44 Vattent\u00e4t - Utomhuslampa - TRUUSK - Hem, Tr\u00e4dg\u00e5rd &amp; Fritid","isPartOf":{"@id":"https:\/\/truusk.store\/sv\/#website"},"primaryImageOfPage":{"@id":"https:\/\/truusk.store\/sv\/produkt\/truusk-solstaende-rattan-solarlampa-25-led-ljussensor-automatisk-solbelysning-boho-stil-ip44-vattentat-utomhuslampa\/#primaryimage"},"image":{"@id":"https:\/\/truusk.store\/sv\/produkt\/truusk-solstaende-rattan-solarlampa-25-led-ljussensor-automatisk-solbelysning-boho-stil-ip44-vattentat-utomhuslampa\/#primaryimage"},"thumbnailUrl":"https:\/\/i0.wp.com\/truusk.store\/wp-content\/uploads\/2025\/06\/solstaende-lampa-rattan-solarlampor-med-ljussensor-25-led-automatisk-solbelysning-i-boho-stil-ip44-vattentat-solarlampa-utomhuslampa-for-tradgard-balkong-utomhus-grasmatta-o33x135-cm-1.webp?fit=2000%2C2000&ssl=1","datePublished":"2025-06-05T21:17:51+00:00","dateModified":"2026-03-12T07:41:08+00:00","breadcrumb":{"@id":"https:\/\/truusk.store\/sv\/produkt\/truusk-solstaende-rattan-solarlampa-25-led-ljussensor-automatisk-solbelysning-boho-stil-ip44-vattentat-utomhuslampa\/#breadcrumb"},"inLanguage":"sv-SE","potentialAction":[{"@type":"ReadAction","target":["https:\/\/truusk.store\/sv\/produkt\/truusk-solstaende-rattan-solarlampa-25-led-ljussensor-automatisk-solbelysning-boho-stil-ip44-vattentat-utomhuslampa\/"]}]},{"@type":"ImageObject","inLanguage":"sv-SE","@id":"https:\/\/truusk.store\/sv\/produkt\/truusk-solstaende-rattan-solarlampa-25-led-ljussensor-automatisk-solbelysning-boho-stil-ip44-vattentat-utomhuslampa\/#primaryimage","url":"https:\/\/i0.wp.com\/truusk.store\/wp-content\/uploads\/2025\/06\/solstaende-lampa-rattan-solarlampor-med-ljussensor-25-led-automatisk-solbelysning-i-boho-stil-ip44-vattentat-solarlampa-utomhuslampa-for-tradgard-balkong-utomhus-grasmatta-o33x135-cm-1.webp?fit=2000%2C2000&ssl=1","contentUrl":"https:\/\/i0.wp.com\/truusk.store\/wp-content\/uploads\/2025\/06\/solstaende-lampa-rattan-solarlampor-med-ljussensor-25-led-automatisk-solbelysning-i-boho-stil-ip44-vattentat-solarlampa-utomhuslampa-for-tradgard-balkong-utomhus-grasmatta-o33x135-cm-1.webp?fit=2000%2C2000&ssl=1","width":2000,"height":2000},{"@type":"BreadcrumbList","@id":"https:\/\/truusk.store\/sv\/produkt\/truusk-solstaende-rattan-solarlampa-25-led-ljussensor-automatisk-solbelysning-boho-stil-ip44-vattentat-utomhuslampa\/#breadcrumb","itemListElement":[{"@type":"ListItem","position":1,"name":"Home","item":"https:\/\/truusk.store\/sv\/"},{"@type":"ListItem","position":2,"name":"Shop","item":"https:\/\/truusk.store\/shop\/"},{"@type":"ListItem","position":3,"name":"TRUUSK Solst\u00e5ende Rattan Solarlampa &#8211; 25 LED &#8211; Ljussensor &#8211; Automatisk Solbelysning &#8211; Boho-stil &#8211; IP44 Vattent\u00e4t &#8211; Utomhuslampa"}]},{"@type":"WebSite","@id":"https:\/\/truusk.store\/sv\/#website","url":"https:\/\/truusk.store\/sv\/","name":"TRUUSK - Hem, Tr\u00e4dg\u00e5rd & Fritid","description":"","publisher":{"@id":"https:\/\/truusk.store\/sv\/#organization"},"potentialAction":[{"@type":"SearchAction","target":{"@type":"EntryPoint","urlTemplate":"https:\/\/truusk.store\/sv\/?s={search_term_string}"},"query-input":{"@type":"PropertyValueSpecification","valueRequired":true,"valueName":"search_term_string"}}],"inLanguage":"sv-SE"},{"@type":"Organization","@id":"https:\/\/truusk.store\/sv\/#organization","name":"TRUUSK - Hem, Tr\u00e4dg\u00e5rd & Fritid","url":"https:\/\/truusk.store\/sv\/","logo":{"@type":"ImageObject","inLanguage":"sv-SE","@id":"https:\/\/truusk.store\/sv\/#\/schema\/logo\/image\/","url":"https:\/\/i0.wp.com\/truusk.store\/wp-content\/uploads\/2026\/03\/cropped-TRUUSK.png?fit=2032%2C917&ssl=1","contentUrl":"https:\/\/i0.wp.com\/truusk.store\/wp-content\/uploads\/2026\/03\/cropped-TRUUSK.png?fit=2032%2C917&ssl=1","width":2032,"height":917,"caption":"TRUUSK - Hem, Tr\u00e4dg\u00e5rd & Fritid"},"image":{"@id":"https:\/\/truusk.store\/sv\/#\/schema\/logo\/image\/"}}]}},"jetpack_sharing_enabled":true,"_links":{"self":[{"href":"https:\/\/truusk.store\/sv\/wp-json\/wp\/v2\/product\/72108","targetHints":{"allow":["GET"]}}],"collection":[{"href":"https:\/\/truusk.store\/sv\/wp-json\/wp\/v2\/product"}],"about":[{"href":"https:\/\/truusk.store\/sv\/wp-json\/wp\/v2\/types\/product"}],"wp:featuredmedia":[{"embeddable":true,"href":"https:\/\/truusk.store\/sv\/wp-json\/wp\/v2\/media\/72098"}],"wp:attachment":[{"href":"https:\/\/truusk.store\/sv\/wp-json\/wp\/v2\/media?parent=72108"}],"wp:term":[{"taxonomy":"product_brand","embeddable":true,"href":"https:\/\/truusk.store\/sv\/wp-json\/wp\/v2\/product_brand?post=72108"},{"taxonomy":"product_cat","embeddable":true,"href":"https:\/\/truusk.store\/sv\/wp-json\/wp\/v2\/product_cat?post=72108"},{"taxonomy":"product_tag","embeddable":true,"href":"https:\/\/truusk.store\/sv\/wp-json\/wp\/v2\/product_tag?post=72108"}],"curies":[{"name":"wp","href":"https:\/\/api.w.org\/{rel}","templated":true}]}}