{"id":72127,"date":"2025-06-05T22:19:48","date_gmt":"2025-06-05T21:19:48","guid":{"rendered":"https:\/\/truusk.store\/product\/2-sits-tradgardsbank-i-polyrattan-vaderbestandig-bank-i-rattanflatad-design-uv-resistent-tradgardsmobel-med-ryggstod-parkbank-med-en-belastningskapacitet-pa-260-kg-for-balkong-terrass-tradgard-1\/"},"modified":"2026-03-12T08:42:38","modified_gmt":"2026-03-12T07:42:38","slug":"truusk-2-sits-tradgardsbank-i-uv-resistent-polyrattan-rattanflatad-design-ryggstod-belastningskapacitet-pa-260-kg-for","status":"publish","type":"product","link":"https:\/\/truusk.store\/sv\/produkt\/truusk-2-sits-tradgardsbank-i-uv-resistent-polyrattan-rattanflatad-design-ryggstod-belastningskapacitet-pa-260-kg-for\/","title":{"rendered":"TRUUSK 2-sits Tr\u00e4dg\u00e5rdsb\u00e4nk i UV-resistent Polyrattan &#8211; Rattanfl\u00e4tad Design &#8211; Ryggst\u00f6d &#8211; Belastningskapacitet p\u00e5 260 kg &#8211; F\u00f6r"},"content":{"rendered":"<p>F\u00f6rh\u00f6j elegansen i din tr\u00e4dg\u00e5rd med den eleganta TRUUSK tv\u00e5sitsiga Acapulco tr\u00e4dg\u00e5rdsstolen. Denna utomhusb\u00e4nk har en elegant fl\u00e4tad rattansits och ryggst\u00f6d som skapar en luftig, stilfull och bekv\u00e4m plats att koppla av. Den robusta konstruktionen av st\u00e5l med pulverlackerad yta p\u00e5 tr\u00e4dg\u00e5rdsb\u00e4nken garanterar h\u00e5llbarhet och en trevlig sittupplevelse utomhus.<\/p>\n<p>Beskrivning:<\/p>\n<ul>\n<li> Acapulco-stil rattanfl\u00e4tat design p\u00e5 tr\u00e4dg\u00e5rdsb\u00e4nken f\u00f6r ett elegant, elegant utseende<\/li>\n<li> Tv\u00e5sitsig storlek, rymlig plats att koppla av med en v\u00e4n<\/li>\n<li> Andningsbar sits och ryggst\u00f6d p\u00e5 tr\u00e4dg\u00e5rdsb\u00e4nken f\u00f6r sval sittning<\/li>\n<li> St\u00e5lram med pulverlackering, resistent mot rost och vatten<\/li>\n<li> Halkfria fotdynor p\u00e5 sittb\u00e4nken skyddar mot repor p\u00e5 golvet<\/li>\n<li> Enkel att montera<\/li>\n<\/ul>\n<p> Tekniska data:<\/p>\n<ul>\n<li> F\u00e4rg: Khaki+Svart<\/li>\n<li> Material: St\u00e5l, PE-rattan<\/li>\n<li> Totala dimensioner: 126B x 72T x 83H cm<\/li>\n<li> Sitsstorlek: 90B x 47T cm<\/li>\n<li> Sitth\u00f6jd: 44 cm<\/li>\n<li> Ryggstorlek: 90B x 41H cm<\/li>\n<li> Belastningskapacitet: 260 kg<\/li>\n<\/ul>\n<p>Leveransinneh\u00e5ll:<\/p>\n<ul>\n<li> 1 x Tr\u00e4dg\u00e5rdsstol<\/li>\n<li> 1 x Bruksanvisning<\/li>\n<\/ul>\n","protected":false},"excerpt":{"rendered":"<p>F\u00f6rh\u00f6j elegansen i din tr\u00e4dg\u00e5rd med den eleganta TRUUSK tv\u00e5sitsiga Acapulco tr\u00e4dg\u00e5rdsstolen. Denna utomhusb\u00e4nk har en elegant fl\u00e4tad rattansits och&#8230;<\/p>\n","protected":false},"featured_media":72118,"template":"","meta":[],"product_brand":[],"product_cat":[858,450,452],"product_tag":[],"class_list":{"0":"post-72127","1":"product","2":"type-product","3":"status-publish","4":"has-post-thumbnail","6":"product_cat-tradgard-terrass","7":"product_cat-tradgardsmobler","8":"product_cat-tradgardsstolar","10":"first","11":"instock","12":"sale","13":"taxable","14":"shipping-taxable","15":"purchasable","16":"product-type-simple"},"yoast_head":"<!-- This site is optimized with the Yoast SEO plugin v25.4 - https:\/\/yoast.com\/wordpress\/plugins\/seo\/ -->\n<title>TRUUSK 2-sits Tr\u00e4dg\u00e5rdsb\u00e4nk i UV-resistent Polyrattan - Rattanfl\u00e4tad Design - Ryggst\u00f6d - Belastningskapacitet p\u00e5 260 kg - F\u00f6r - TRUUSK - Hem, Tr\u00e4dg\u00e5rd &amp; Fritid<\/title>\n<meta name=\"robots\" content=\"index, follow, max-snippet:-1, max-image-preview:large, max-video-preview:-1\" \/>\n<link rel=\"canonical\" href=\"https:\/\/truusk.store\/sv\/produkt\/truusk-2-sits-tradgardsbank-i-uv-resistent-polyrattan-rattanflatad-design-ryggstod-belastningskapacitet-pa-260-kg-for\/\" \/>\n<meta property=\"og:locale\" content=\"sv_SE\" \/>\n<meta property=\"og:type\" content=\"article\" \/>\n<meta property=\"og:title\" content=\"TRUUSK 2-sits Tr\u00e4dg\u00e5rdsb\u00e4nk i UV-resistent Polyrattan - Rattanfl\u00e4tad Design - Ryggst\u00f6d - Belastningskapacitet p\u00e5 260 kg - F\u00f6r - TRUUSK - Hem, Tr\u00e4dg\u00e5rd &amp; Fritid\" \/>\n<meta property=\"og:description\" content=\"F\u00f6rh\u00f6j elegansen i din tr\u00e4dg\u00e5rd med den eleganta TRUUSK tv\u00e5sitsiga Acapulco tr\u00e4dg\u00e5rdsstolen. Denna utomhusb\u00e4nk har en elegant fl\u00e4tad rattansits och...\" \/>\n<meta property=\"og:url\" content=\"https:\/\/truusk.store\/sv\/produkt\/truusk-2-sits-tradgardsbank-i-uv-resistent-polyrattan-rattanflatad-design-ryggstod-belastningskapacitet-pa-260-kg-for\/\" \/>\n<meta property=\"og:site_name\" content=\"TRUUSK - Hem, Tr\u00e4dg\u00e5rd &amp; Fritid\" \/>\n<meta property=\"article:modified_time\" content=\"2026-03-12T07:42:38+00:00\" \/>\n<meta property=\"og:image\" content=\"https:\/\/i0.wp.com\/truusk.se\/wp-content\/uploads\/2025\/06\/2-sits-tradgardsbank-i-polyrattan-vaderbestandig-bank-i-rattanflatad-design-uv-resistent-tradgardsmobel-med-ryggstod-parkbank-med-en-belastningskapacitet-pa-260-kg-for-balkong-terrass-tradgard-1-1.webp?fit=2000%2C2000&ssl=1\" \/>\n\t<meta property=\"og:image:width\" content=\"2000\" \/>\n\t<meta property=\"og:image:height\" content=\"2000\" \/>\n\t<meta property=\"og:image:type\" content=\"image\/webp\" \/>\n<meta name=\"twitter:card\" content=\"summary_large_image\" \/>\n<meta name=\"twitter:label1\" content=\"Ber\u00e4knad l\u00e4stid\" \/>\n\t<meta name=\"twitter:data1\" content=\"1 minut\" \/>\n<!-- \/ Yoast SEO plugin. -->","yoast_head_json":{"title":"TRUUSK 2-sits Tr\u00e4dg\u00e5rdsb\u00e4nk i UV-resistent Polyrattan - Rattanfl\u00e4tad Design - Ryggst\u00f6d - Belastningskapacitet p\u00e5 260 kg - F\u00f6r - TRUUSK - Hem, Tr\u00e4dg\u00e5rd &amp; Fritid","robots":{"index":"index","follow":"follow","max-snippet":"max-snippet:-1","max-image-preview":"max-image-preview:large","max-video-preview":"max-video-preview:-1"},"canonical":"https:\/\/truusk.store\/sv\/produkt\/truusk-2-sits-tradgardsbank-i-uv-resistent-polyrattan-rattanflatad-design-ryggstod-belastningskapacitet-pa-260-kg-for\/","og_locale":"sv_SE","og_type":"article","og_title":"TRUUSK 2-sits Tr\u00e4dg\u00e5rdsb\u00e4nk i UV-resistent Polyrattan - Rattanfl\u00e4tad Design - Ryggst\u00f6d - Belastningskapacitet p\u00e5 260 kg - F\u00f6r - TRUUSK - Hem, Tr\u00e4dg\u00e5rd &amp; Fritid","og_description":"F\u00f6rh\u00f6j elegansen i din tr\u00e4dg\u00e5rd med den eleganta TRUUSK tv\u00e5sitsiga Acapulco tr\u00e4dg\u00e5rdsstolen. Denna utomhusb\u00e4nk har en elegant fl\u00e4tad rattansits och...","og_url":"https:\/\/truusk.store\/sv\/produkt\/truusk-2-sits-tradgardsbank-i-uv-resistent-polyrattan-rattanflatad-design-ryggstod-belastningskapacitet-pa-260-kg-for\/","og_site_name":"TRUUSK - Hem, Tr\u00e4dg\u00e5rd &amp; Fritid","article_modified_time":"2026-03-12T07:42:38+00:00","og_image":[{"width":2000,"height":2000,"url":"https:\/\/i0.wp.com\/truusk.se\/wp-content\/uploads\/2025\/06\/2-sits-tradgardsbank-i-polyrattan-vaderbestandig-bank-i-rattanflatad-design-uv-resistent-tradgardsmobel-med-ryggstod-parkbank-med-en-belastningskapacitet-pa-260-kg-for-balkong-terrass-tradgard-1-1.webp?fit=2000%2C2000&ssl=1","type":"image\/webp"}],"twitter_card":"summary_large_image","twitter_misc":{"Ber\u00e4knad l\u00e4stid":"1 minut"},"schema":{"@context":"https:\/\/schema.org","@graph":[{"@type":"WebPage","@id":"https:\/\/truusk.store\/sv\/produkt\/truusk-2-sits-tradgardsbank-i-uv-resistent-polyrattan-rattanflatad-design-ryggstod-belastningskapacitet-pa-260-kg-for\/","url":"https:\/\/truusk.store\/sv\/produkt\/truusk-2-sits-tradgardsbank-i-uv-resistent-polyrattan-rattanflatad-design-ryggstod-belastningskapacitet-pa-260-kg-for\/","name":"TRUUSK 2-sits Tr\u00e4dg\u00e5rdsb\u00e4nk i UV-resistent Polyrattan - Rattanfl\u00e4tad Design - Ryggst\u00f6d - Belastningskapacitet p\u00e5 260 kg - F\u00f6r - TRUUSK - Hem, Tr\u00e4dg\u00e5rd &amp; Fritid","isPartOf":{"@id":"https:\/\/truusk.store\/sv\/#website"},"primaryImageOfPage":{"@id":"https:\/\/truusk.store\/sv\/produkt\/truusk-2-sits-tradgardsbank-i-uv-resistent-polyrattan-rattanflatad-design-ryggstod-belastningskapacitet-pa-260-kg-for\/#primaryimage"},"image":{"@id":"https:\/\/truusk.store\/sv\/produkt\/truusk-2-sits-tradgardsbank-i-uv-resistent-polyrattan-rattanflatad-design-ryggstod-belastningskapacitet-pa-260-kg-for\/#primaryimage"},"thumbnailUrl":"https:\/\/i0.wp.com\/truusk.store\/wp-content\/uploads\/2025\/06\/2-sits-tradgardsbank-i-polyrattan-vaderbestandig-bank-i-rattanflatad-design-uv-resistent-tradgardsmobel-med-ryggstod-parkbank-med-en-belastningskapacitet-pa-260-kg-for-balkong-terrass-tradgard-1-1.webp?fit=2000%2C2000&ssl=1","datePublished":"2025-06-05T21:19:48+00:00","dateModified":"2026-03-12T07:42:38+00:00","breadcrumb":{"@id":"https:\/\/truusk.store\/sv\/produkt\/truusk-2-sits-tradgardsbank-i-uv-resistent-polyrattan-rattanflatad-design-ryggstod-belastningskapacitet-pa-260-kg-for\/#breadcrumb"},"inLanguage":"sv-SE","potentialAction":[{"@type":"ReadAction","target":["https:\/\/truusk.store\/sv\/produkt\/truusk-2-sits-tradgardsbank-i-uv-resistent-polyrattan-rattanflatad-design-ryggstod-belastningskapacitet-pa-260-kg-for\/"]}]},{"@type":"ImageObject","inLanguage":"sv-SE","@id":"https:\/\/truusk.store\/sv\/produkt\/truusk-2-sits-tradgardsbank-i-uv-resistent-polyrattan-rattanflatad-design-ryggstod-belastningskapacitet-pa-260-kg-for\/#primaryimage","url":"https:\/\/i0.wp.com\/truusk.store\/wp-content\/uploads\/2025\/06\/2-sits-tradgardsbank-i-polyrattan-vaderbestandig-bank-i-rattanflatad-design-uv-resistent-tradgardsmobel-med-ryggstod-parkbank-med-en-belastningskapacitet-pa-260-kg-for-balkong-terrass-tradgard-1-1.webp?fit=2000%2C2000&ssl=1","contentUrl":"https:\/\/i0.wp.com\/truusk.store\/wp-content\/uploads\/2025\/06\/2-sits-tradgardsbank-i-polyrattan-vaderbestandig-bank-i-rattanflatad-design-uv-resistent-tradgardsmobel-med-ryggstod-parkbank-med-en-belastningskapacitet-pa-260-kg-for-balkong-terrass-tradgard-1-1.webp?fit=2000%2C2000&ssl=1","width":2000,"height":2000},{"@type":"BreadcrumbList","@id":"https:\/\/truusk.store\/sv\/produkt\/truusk-2-sits-tradgardsbank-i-uv-resistent-polyrattan-rattanflatad-design-ryggstod-belastningskapacitet-pa-260-kg-for\/#breadcrumb","itemListElement":[{"@type":"ListItem","position":1,"name":"Home","item":"https:\/\/truusk.store\/sv\/"},{"@type":"ListItem","position":2,"name":"Shop","item":"https:\/\/truusk.store\/shop\/"},{"@type":"ListItem","position":3,"name":"TRUUSK 2-sits Tr\u00e4dg\u00e5rdsb\u00e4nk i UV-resistent Polyrattan &#8211; Rattanfl\u00e4tad Design &#8211; Ryggst\u00f6d &#8211; Belastningskapacitet p\u00e5 260 kg &#8211; F\u00f6r"}]},{"@type":"WebSite","@id":"https:\/\/truusk.store\/sv\/#website","url":"https:\/\/truusk.store\/sv\/","name":"TRUUSK - Hem, Tr\u00e4dg\u00e5rd & Fritid","description":"","publisher":{"@id":"https:\/\/truusk.store\/sv\/#organization"},"potentialAction":[{"@type":"SearchAction","target":{"@type":"EntryPoint","urlTemplate":"https:\/\/truusk.store\/sv\/?s={search_term_string}"},"query-input":{"@type":"PropertyValueSpecification","valueRequired":true,"valueName":"search_term_string"}}],"inLanguage":"sv-SE"},{"@type":"Organization","@id":"https:\/\/truusk.store\/sv\/#organization","name":"TRUUSK - Hem, Tr\u00e4dg\u00e5rd & Fritid","url":"https:\/\/truusk.store\/sv\/","logo":{"@type":"ImageObject","inLanguage":"sv-SE","@id":"https:\/\/truusk.store\/sv\/#\/schema\/logo\/image\/","url":"https:\/\/i0.wp.com\/truusk.store\/wp-content\/uploads\/2026\/03\/cropped-TRUUSK.png?fit=2032%2C917&ssl=1","contentUrl":"https:\/\/i0.wp.com\/truusk.store\/wp-content\/uploads\/2026\/03\/cropped-TRUUSK.png?fit=2032%2C917&ssl=1","width":2032,"height":917,"caption":"TRUUSK - Hem, Tr\u00e4dg\u00e5rd & Fritid"},"image":{"@id":"https:\/\/truusk.store\/sv\/#\/schema\/logo\/image\/"}}]}},"jetpack_sharing_enabled":true,"_links":{"self":[{"href":"https:\/\/truusk.store\/sv\/wp-json\/wp\/v2\/product\/72127","targetHints":{"allow":["GET"]}}],"collection":[{"href":"https:\/\/truusk.store\/sv\/wp-json\/wp\/v2\/product"}],"about":[{"href":"https:\/\/truusk.store\/sv\/wp-json\/wp\/v2\/types\/product"}],"wp:featuredmedia":[{"embeddable":true,"href":"https:\/\/truusk.store\/sv\/wp-json\/wp\/v2\/media\/72118"}],"wp:attachment":[{"href":"https:\/\/truusk.store\/sv\/wp-json\/wp\/v2\/media?parent=72127"}],"wp:term":[{"taxonomy":"product_brand","embeddable":true,"href":"https:\/\/truusk.store\/sv\/wp-json\/wp\/v2\/product_brand?post=72127"},{"taxonomy":"product_cat","embeddable":true,"href":"https:\/\/truusk.store\/sv\/wp-json\/wp\/v2\/product_cat?post=72127"},{"taxonomy":"product_tag","embeddable":true,"href":"https:\/\/truusk.store\/sv\/wp-json\/wp\/v2\/product_tag?post=72127"}],"curies":[{"name":"wp","href":"https:\/\/api.w.org\/{rel}","templated":true}]}}