{"id":72137,"date":"2025-06-05T22:20:48","date_gmt":"2025-06-05T21:20:48","guid":{"rendered":"https:\/\/truusk.store\/product\/pergola-paviljong-ca-35x3m-aluminium-stabil-vinterfast-solskydd-med-justerbart-skjuttak-fristaende-tradgardspaviljong-terrasstak-tackning-for-tradgard-balkong-gra\/"},"modified":"2026-03-12T08:42:13","modified_gmt":"2026-03-12T07:42:13","slug":"truusk-pergola-paviljong-ca-35x3m-aluminium-stabil-vinterfast-justerbart-skjuttak-fristaende-tradgardspaviljong","status":"publish","type":"product","link":"https:\/\/truusk.store\/sv\/produkt\/truusk-pergola-paviljong-ca-35x3m-aluminium-stabil-vinterfast-justerbart-skjuttak-fristaende-tradgardspaviljong\/","title":{"rendered":"TRUUSK Pergola Paviljong ca. 3,5x3m &#8211; Aluminium &#8211; Stabil &amp; Vinterfast &#8211; Justerbart Skjuttak &#8211; Frist\u00e5ende &#8211; Tr\u00e4dg\u00e5rdspaviljong &#8211;"},"content":{"rendered":"<p>F\u00f6rvandla din tr\u00e4dg\u00e5rd till en fridfull oas med TRUUSKs frist\u00e5ende terrasstak. Det skjutbara taket p\u00e5 utomhuspergolan erbjuder flexibel skugga och UPF50+ skydd mot UV-str\u00e5lar. Med sin rostfria aluminiumram kombinerar detta pergolaset stil med robusthet &#8211; en perfekt berikning f\u00f6r varje tr\u00e4dg\u00e5rdslandskap.<\/p>\n<p>Beskrivning:<\/p>\n<ul>\n<li> Det utdragbara taket p\u00e5 paviljongen med f\u00e4llbart tak glider mjukt f\u00f6r en exakt skuggjustering<\/li>\n<li> UPF50+ tyget p\u00e5 utomhuspergolan skyddar mot 98 % av UV-str\u00e5larna och \u00e4r st\u00e4nks\u00e4ker<\/li>\n<li> Integrerade dr\u00e4neringsh\u00e5l i utomhuspergolan f\u00f6rhindrar vattenansamlingar och f\u00f6rl\u00e4nger tygets livsl\u00e4ngd<\/li>\n<li> Rostbest\u00e4ndig aluminiumram garanterar \u00e5ret runt utomhust\u00e5lighet<\/li>\n<li> Markankare f\u00f6r en stabil och s\u00e4ker installation ing\u00e5r<\/li>\n<li> Erbjuder extra privat utrymme och f\u00f6rb\u00e4ttrar underh\u00e5llningsomr\u00e5den<\/li>\n<li> Montering kr\u00e4vs<\/li>\n<\/ul>\n<p> Tekniska data:<\/p>\n<ul>\n<li> F\u00e4rg: Gr\u00e5<\/li>\n<li> Material: Aluminium, Polyester<\/li>\n<li> Totala dimensioner: 358L x 320B x 245H cm<\/li>\n<li> Pelardimensioner: 7,3L x 7,3B cm<\/li>\n<li> Pelaravst\u00e5nd: 268L x 305B cm<\/li>\n<li> Vindt\u00e5lighetsniv\u00e5: 5-6 (15,5-26,8 km\/h)<\/li>\n<\/ul>\n<p>Leveransinneh\u00e5ll:<\/p>\n<ul>\n<li> 1 x Pergola<\/li>\n<li> 16 x Markspik<\/li>\n<li> 1 x Bruksanvisning<\/li>\n<\/ul>\n","protected":false},"excerpt":{"rendered":"<p>F\u00f6rvandla din tr\u00e4dg\u00e5rd till en fridfull oas med TRUUSKs frist\u00e5ende terrasstak. Det skjutbara taket p\u00e5 utomhuspergolan erbjuder flexibel skugga och&#8230;<\/p>\n","protected":false},"featured_media":72128,"template":"","meta":[],"product_brand":[],"product_cat":[478,858,476],"product_tag":[],"class_list":{"0":"post-72137","1":"product","2":"type-product","3":"status-publish","4":"has-post-thumbnail","6":"product_cat-pergola","7":"product_cat-tradgard-terrass","8":"product_cat-tradgardspaviljonger","10":"first","11":"instock","12":"sale","13":"taxable","14":"shipping-taxable","15":"purchasable","16":"product-type-simple"},"yoast_head":"<!-- This site is optimized with the Yoast SEO plugin v25.4 - https:\/\/yoast.com\/wordpress\/plugins\/seo\/ -->\n<title>TRUUSK Pergola Paviljong ca. 3,5x3m - Aluminium - Stabil &amp; Vinterfast - Justerbart Skjuttak - Frist\u00e5ende - Tr\u00e4dg\u00e5rdspaviljong - TRUUSK - Hem, Tr\u00e4dg\u00e5rd &amp; Fritid<\/title>\n<meta name=\"robots\" content=\"index, follow, max-snippet:-1, max-image-preview:large, max-video-preview:-1\" \/>\n<link rel=\"canonical\" href=\"https:\/\/truusk.store\/sv\/produkt\/truusk-pergola-paviljong-ca-35x3m-aluminium-stabil-vinterfast-justerbart-skjuttak-fristaende-tradgardspaviljong\/\" \/>\n<meta property=\"og:locale\" content=\"sv_SE\" \/>\n<meta property=\"og:type\" content=\"article\" \/>\n<meta property=\"og:title\" content=\"TRUUSK Pergola Paviljong ca. 3,5x3m - Aluminium - Stabil &amp; Vinterfast - Justerbart Skjuttak - Frist\u00e5ende - Tr\u00e4dg\u00e5rdspaviljong - TRUUSK - Hem, Tr\u00e4dg\u00e5rd &amp; Fritid\" \/>\n<meta property=\"og:description\" content=\"F\u00f6rvandla din tr\u00e4dg\u00e5rd till en fridfull oas med TRUUSKs frist\u00e5ende terrasstak. Det skjutbara taket p\u00e5 utomhuspergolan erbjuder flexibel skugga och...\" \/>\n<meta property=\"og:url\" content=\"https:\/\/truusk.store\/sv\/produkt\/truusk-pergola-paviljong-ca-35x3m-aluminium-stabil-vinterfast-justerbart-skjuttak-fristaende-tradgardspaviljong\/\" \/>\n<meta property=\"og:site_name\" content=\"TRUUSK - Hem, Tr\u00e4dg\u00e5rd &amp; Fritid\" \/>\n<meta property=\"article:modified_time\" content=\"2026-03-12T07:42:13+00:00\" \/>\n<meta property=\"og:image\" content=\"https:\/\/i0.wp.com\/truusk.se\/wp-content\/uploads\/2025\/06\/pergola-paviljong-ca-35x3m-aluminium-stabil-vinterfast-solskydd-med-justerbart-skjuttak-fristaende-tradgardspaviljong-terrasstak-tackning-for-tradgard-balkong-gra-1.webp?fit=2000%2C2000&ssl=1\" \/>\n\t<meta property=\"og:image:width\" content=\"2000\" \/>\n\t<meta property=\"og:image:height\" content=\"2000\" \/>\n\t<meta property=\"og:image:type\" content=\"image\/webp\" \/>\n<meta name=\"twitter:card\" content=\"summary_large_image\" \/>\n<meta name=\"twitter:label1\" content=\"Ber\u00e4knad l\u00e4stid\" \/>\n\t<meta name=\"twitter:data1\" content=\"1 minut\" \/>\n<!-- \/ Yoast SEO plugin. -->","yoast_head_json":{"title":"TRUUSK Pergola Paviljong ca. 3,5x3m - Aluminium - Stabil &amp; Vinterfast - Justerbart Skjuttak - Frist\u00e5ende - Tr\u00e4dg\u00e5rdspaviljong - TRUUSK - Hem, Tr\u00e4dg\u00e5rd &amp; Fritid","robots":{"index":"index","follow":"follow","max-snippet":"max-snippet:-1","max-image-preview":"max-image-preview:large","max-video-preview":"max-video-preview:-1"},"canonical":"https:\/\/truusk.store\/sv\/produkt\/truusk-pergola-paviljong-ca-35x3m-aluminium-stabil-vinterfast-justerbart-skjuttak-fristaende-tradgardspaviljong\/","og_locale":"sv_SE","og_type":"article","og_title":"TRUUSK Pergola Paviljong ca. 3,5x3m - Aluminium - Stabil &amp; Vinterfast - Justerbart Skjuttak - Frist\u00e5ende - Tr\u00e4dg\u00e5rdspaviljong - TRUUSK - Hem, Tr\u00e4dg\u00e5rd &amp; Fritid","og_description":"F\u00f6rvandla din tr\u00e4dg\u00e5rd till en fridfull oas med TRUUSKs frist\u00e5ende terrasstak. Det skjutbara taket p\u00e5 utomhuspergolan erbjuder flexibel skugga och...","og_url":"https:\/\/truusk.store\/sv\/produkt\/truusk-pergola-paviljong-ca-35x3m-aluminium-stabil-vinterfast-justerbart-skjuttak-fristaende-tradgardspaviljong\/","og_site_name":"TRUUSK - Hem, Tr\u00e4dg\u00e5rd &amp; Fritid","article_modified_time":"2026-03-12T07:42:13+00:00","og_image":[{"width":2000,"height":2000,"url":"https:\/\/i0.wp.com\/truusk.se\/wp-content\/uploads\/2025\/06\/pergola-paviljong-ca-35x3m-aluminium-stabil-vinterfast-solskydd-med-justerbart-skjuttak-fristaende-tradgardspaviljong-terrasstak-tackning-for-tradgard-balkong-gra-1.webp?fit=2000%2C2000&ssl=1","type":"image\/webp"}],"twitter_card":"summary_large_image","twitter_misc":{"Ber\u00e4knad l\u00e4stid":"1 minut"},"schema":{"@context":"https:\/\/schema.org","@graph":[{"@type":"WebPage","@id":"https:\/\/truusk.store\/sv\/produkt\/truusk-pergola-paviljong-ca-35x3m-aluminium-stabil-vinterfast-justerbart-skjuttak-fristaende-tradgardspaviljong\/","url":"https:\/\/truusk.store\/sv\/produkt\/truusk-pergola-paviljong-ca-35x3m-aluminium-stabil-vinterfast-justerbart-skjuttak-fristaende-tradgardspaviljong\/","name":"TRUUSK Pergola Paviljong ca. 3,5x3m - Aluminium - Stabil &amp; Vinterfast - Justerbart Skjuttak - Frist\u00e5ende - Tr\u00e4dg\u00e5rdspaviljong - TRUUSK - Hem, Tr\u00e4dg\u00e5rd &amp; Fritid","isPartOf":{"@id":"https:\/\/truusk.store\/sv\/#website"},"primaryImageOfPage":{"@id":"https:\/\/truusk.store\/sv\/produkt\/truusk-pergola-paviljong-ca-35x3m-aluminium-stabil-vinterfast-justerbart-skjuttak-fristaende-tradgardspaviljong\/#primaryimage"},"image":{"@id":"https:\/\/truusk.store\/sv\/produkt\/truusk-pergola-paviljong-ca-35x3m-aluminium-stabil-vinterfast-justerbart-skjuttak-fristaende-tradgardspaviljong\/#primaryimage"},"thumbnailUrl":"https:\/\/i0.wp.com\/truusk.store\/wp-content\/uploads\/2025\/06\/pergola-paviljong-ca-35x3m-aluminium-stabil-vinterfast-solskydd-med-justerbart-skjuttak-fristaende-tradgardspaviljong-terrasstak-tackning-for-tradgard-balkong-gra-1.webp?fit=2000%2C2000&ssl=1","datePublished":"2025-06-05T21:20:48+00:00","dateModified":"2026-03-12T07:42:13+00:00","breadcrumb":{"@id":"https:\/\/truusk.store\/sv\/produkt\/truusk-pergola-paviljong-ca-35x3m-aluminium-stabil-vinterfast-justerbart-skjuttak-fristaende-tradgardspaviljong\/#breadcrumb"},"inLanguage":"sv-SE","potentialAction":[{"@type":"ReadAction","target":["https:\/\/truusk.store\/sv\/produkt\/truusk-pergola-paviljong-ca-35x3m-aluminium-stabil-vinterfast-justerbart-skjuttak-fristaende-tradgardspaviljong\/"]}]},{"@type":"ImageObject","inLanguage":"sv-SE","@id":"https:\/\/truusk.store\/sv\/produkt\/truusk-pergola-paviljong-ca-35x3m-aluminium-stabil-vinterfast-justerbart-skjuttak-fristaende-tradgardspaviljong\/#primaryimage","url":"https:\/\/i0.wp.com\/truusk.store\/wp-content\/uploads\/2025\/06\/pergola-paviljong-ca-35x3m-aluminium-stabil-vinterfast-solskydd-med-justerbart-skjuttak-fristaende-tradgardspaviljong-terrasstak-tackning-for-tradgard-balkong-gra-1.webp?fit=2000%2C2000&ssl=1","contentUrl":"https:\/\/i0.wp.com\/truusk.store\/wp-content\/uploads\/2025\/06\/pergola-paviljong-ca-35x3m-aluminium-stabil-vinterfast-solskydd-med-justerbart-skjuttak-fristaende-tradgardspaviljong-terrasstak-tackning-for-tradgard-balkong-gra-1.webp?fit=2000%2C2000&ssl=1","width":2000,"height":2000},{"@type":"BreadcrumbList","@id":"https:\/\/truusk.store\/sv\/produkt\/truusk-pergola-paviljong-ca-35x3m-aluminium-stabil-vinterfast-justerbart-skjuttak-fristaende-tradgardspaviljong\/#breadcrumb","itemListElement":[{"@type":"ListItem","position":1,"name":"Home","item":"https:\/\/truusk.store\/sv\/"},{"@type":"ListItem","position":2,"name":"Shop","item":"https:\/\/truusk.store\/shop\/"},{"@type":"ListItem","position":3,"name":"TRUUSK Pergola Paviljong ca. 3,5x3m &#8211; Aluminium &#8211; Stabil &amp; Vinterfast &#8211; Justerbart Skjuttak &#8211; Frist\u00e5ende &#8211; Tr\u00e4dg\u00e5rdspaviljong &#8211;"}]},{"@type":"WebSite","@id":"https:\/\/truusk.store\/sv\/#website","url":"https:\/\/truusk.store\/sv\/","name":"TRUUSK - Hem, Tr\u00e4dg\u00e5rd & Fritid","description":"","publisher":{"@id":"https:\/\/truusk.store\/sv\/#organization"},"potentialAction":[{"@type":"SearchAction","target":{"@type":"EntryPoint","urlTemplate":"https:\/\/truusk.store\/sv\/?s={search_term_string}"},"query-input":{"@type":"PropertyValueSpecification","valueRequired":true,"valueName":"search_term_string"}}],"inLanguage":"sv-SE"},{"@type":"Organization","@id":"https:\/\/truusk.store\/sv\/#organization","name":"TRUUSK - Hem, Tr\u00e4dg\u00e5rd & Fritid","url":"https:\/\/truusk.store\/sv\/","logo":{"@type":"ImageObject","inLanguage":"sv-SE","@id":"https:\/\/truusk.store\/sv\/#\/schema\/logo\/image\/","url":"https:\/\/i0.wp.com\/truusk.store\/wp-content\/uploads\/2026\/03\/cropped-TRUUSK.png?fit=2032%2C917&ssl=1","contentUrl":"https:\/\/i0.wp.com\/truusk.store\/wp-content\/uploads\/2026\/03\/cropped-TRUUSK.png?fit=2032%2C917&ssl=1","width":2032,"height":917,"caption":"TRUUSK - Hem, Tr\u00e4dg\u00e5rd & Fritid"},"image":{"@id":"https:\/\/truusk.store\/sv\/#\/schema\/logo\/image\/"}}]}},"jetpack_sharing_enabled":true,"_links":{"self":[{"href":"https:\/\/truusk.store\/sv\/wp-json\/wp\/v2\/product\/72137","targetHints":{"allow":["GET"]}}],"collection":[{"href":"https:\/\/truusk.store\/sv\/wp-json\/wp\/v2\/product"}],"about":[{"href":"https:\/\/truusk.store\/sv\/wp-json\/wp\/v2\/types\/product"}],"wp:featuredmedia":[{"embeddable":true,"href":"https:\/\/truusk.store\/sv\/wp-json\/wp\/v2\/media\/72128"}],"wp:attachment":[{"href":"https:\/\/truusk.store\/sv\/wp-json\/wp\/v2\/media?parent=72137"}],"wp:term":[{"taxonomy":"product_brand","embeddable":true,"href":"https:\/\/truusk.store\/sv\/wp-json\/wp\/v2\/product_brand?post=72137"},{"taxonomy":"product_cat","embeddable":true,"href":"https:\/\/truusk.store\/sv\/wp-json\/wp\/v2\/product_cat?post=72137"},{"taxonomy":"product_tag","embeddable":true,"href":"https:\/\/truusk.store\/sv\/wp-json\/wp\/v2\/product_tag?post=72137"}],"curies":[{"name":"wp","href":"https:\/\/api.w.org\/{rel}","templated":true}]}}