{"id":72147,"date":"2025-06-05T22:21:50","date_gmt":"2025-06-05T21:21:50","guid":{"rendered":"https:\/\/truusk.store\/product\/2-pack-sandpasar-for-parasoll-fyllbara-upp-till-25-kg-sandpase-for-paraplystativ-600d-oxford-viktade-for-fyllning-belastning-paraplyfotvikt-for-utomhusparaplystativ-svart\/"},"modified":"2026-03-12T08:40:48","modified_gmt":"2026-03-12T07:40:48","slug":"truusk-2-pack-sandpasar-for-parasoll-fyllbara-upp-till-25-kg-600d-oxford-viktade-for-paraplystativ-svart","status":"publish","type":"product","link":"https:\/\/truusk.store\/sv\/produkt\/truusk-2-pack-sandpasar-for-parasoll-fyllbara-upp-till-25-kg-600d-oxford-viktade-for-paraplystativ-svart\/","title":{"rendered":"TRUUSK 2-pack Sandp\u00e5sar f\u00f6r Parasoll &#8211; Fyllbara upp till 25 kg &#8211; 600D Oxford Viktade &#8211; F\u00f6r Paraplystativ &#8211; Svart"},"content":{"rendered":"<p>Stabilisera din parasoll enkelt med TRUUSK sandp\u00e5sar f\u00f6r parasoll. Detta set med sandp\u00e5sar kan fyllas med sand, varje p\u00e5se b\u00e4r upp till 25 kg. Idealisk f\u00f6r alla typer av parasoller. Tillverkad av robust, slitstark 600D Oxford-tyg, \u00e4r sandp\u00e5sarna f\u00f6r parasoll utomhusanpassade och tack vare sidohandtagen l\u00e4tta att transportera. Perfekt f\u00f6r olika anv\u00e4ndningsomr\u00e5den, fr\u00e5n pool\u00f6verdrag till att h\u00e5lla d\u00f6rrar \u00f6ppna.<\/p>\n<p>Beskrivning:<\/p>\n<ul>\n<li> Set med tv\u00e5 sandp\u00e5sar f\u00f6r parasoll f\u00f6rb\u00e4ttrar stabiliteten hos parasollst\u00e4llet<\/li>\n<li> 600D Oxford-tyget p\u00e5 sandp\u00e5sarna garanterar h\u00e5llbarhet under utomhusf\u00f6rh\u00e5llanden<\/li>\n<li> L\u00e4tt att fylla med sand, utrustad med tv\u00e5 praktiska b\u00e4rhandtag<\/li>\n<li> Kardborreband p\u00e5 sandp\u00e5sarna f\u00f6r att st\u00e4nga f\u00f6r anv\u00e4ndning<\/li>\n<li> M\u00e5ngsidigt anv\u00e4ndbar f\u00f6r att s\u00e4kra olika utomhusartiklar, som pool\u00f6verdrag, trampoliner, kl\u00e4dst\u00e4llningar<\/li>\n<li> Varje p\u00e5se v\u00e4ger upp till 25 kg n\u00e4r den \u00e4r helt fylld<\/li>\n<li> Sand ing\u00e5r inte<\/li>\n<\/ul>\n<p> Tekniska data:<\/p>\n<ul>\n<li> F\u00e4rg: Svart<\/li>\n<li> Material: Oxford-tyg<\/li>\n<li> Totala dimensioner: 76L x 30B x 11H cm<\/li>\n<li> \u00d6ppningsomkrets: 55 cm<\/li>\n<li> Sandfyllningsvikt: 25 kg<\/li>\n<li> Obs: Sand ing\u00e5r inte<\/li>\n<\/ul>\n<p>Leveransinneh\u00e5ll:<\/p>\n<ul>\n<li> 2 x viktp\u00e5se;<\/li>\n<\/ul>\n","protected":false},"excerpt":{"rendered":"<p>Stabilisera din parasoll enkelt med TRUUSK sandp\u00e5sar f\u00f6r parasoll. Detta set med sandp\u00e5sar kan fyllas med sand, varje p\u00e5se b\u00e4r&#8230;<\/p>\n","protected":false},"featured_media":72138,"template":"","meta":[],"product_brand":[],"product_cat":[886,862,885,858],"product_tag":[],"class_list":{"0":"post-72147","1":"product","2":"type-product","3":"status-publish","4":"has-post-thumbnail","6":"product_cat-schirmstander","7":"product_cat-sol-insynsskydd","8":"product_cat-tillbehor-till-parasoller","9":"product_cat-tradgard-terrass","11":"first","12":"instock","13":"sale","14":"taxable","15":"shipping-taxable","16":"purchasable","17":"product-type-simple"},"yoast_head":"<!-- This site is optimized with the Yoast SEO plugin v25.4 - https:\/\/yoast.com\/wordpress\/plugins\/seo\/ -->\n<title>TRUUSK 2-pack Sandp\u00e5sar f\u00f6r Parasoll - Fyllbara upp till 25 kg - 600D Oxford Viktade - F\u00f6r Paraplystativ - Svart - TRUUSK - Hem, Tr\u00e4dg\u00e5rd &amp; Fritid<\/title>\n<meta name=\"robots\" content=\"index, follow, max-snippet:-1, max-image-preview:large, max-video-preview:-1\" \/>\n<link rel=\"canonical\" href=\"https:\/\/truusk.store\/sv\/produkt\/truusk-2-pack-sandpasar-for-parasoll-fyllbara-upp-till-25-kg-600d-oxford-viktade-for-paraplystativ-svart\/\" \/>\n<meta property=\"og:locale\" content=\"sv_SE\" \/>\n<meta property=\"og:type\" content=\"article\" \/>\n<meta property=\"og:title\" content=\"TRUUSK 2-pack Sandp\u00e5sar f\u00f6r Parasoll - Fyllbara upp till 25 kg - 600D Oxford Viktade - F\u00f6r Paraplystativ - Svart - TRUUSK - Hem, Tr\u00e4dg\u00e5rd &amp; Fritid\" \/>\n<meta property=\"og:description\" content=\"Stabilisera din parasoll enkelt med TRUUSK sandp\u00e5sar f\u00f6r parasoll. Detta set med sandp\u00e5sar kan fyllas med sand, varje p\u00e5se b\u00e4r...\" \/>\n<meta property=\"og:url\" content=\"https:\/\/truusk.store\/sv\/produkt\/truusk-2-pack-sandpasar-for-parasoll-fyllbara-upp-till-25-kg-600d-oxford-viktade-for-paraplystativ-svart\/\" \/>\n<meta property=\"og:site_name\" content=\"TRUUSK - Hem, Tr\u00e4dg\u00e5rd &amp; Fritid\" \/>\n<meta property=\"article:modified_time\" content=\"2026-03-12T07:40:48+00:00\" \/>\n<meta property=\"og:image\" content=\"https:\/\/i0.wp.com\/truusk.se\/wp-content\/uploads\/2025\/06\/2-pack-sandpasar-for-parasoll-fyllbara-upp-till-25-kg-sandpase-for-paraplystativ-600d-oxford-viktade-for-fyllning-belastning-paraplyfotvikt-for-utomhusparaplystativ-svart-1.webp?fit=2000%2C2000&ssl=1\" \/>\n\t<meta property=\"og:image:width\" content=\"2000\" \/>\n\t<meta property=\"og:image:height\" content=\"2000\" \/>\n\t<meta property=\"og:image:type\" content=\"image\/webp\" \/>\n<meta name=\"twitter:card\" content=\"summary_large_image\" \/>\n<meta name=\"twitter:label1\" content=\"Ber\u00e4knad l\u00e4stid\" \/>\n\t<meta name=\"twitter:data1\" content=\"1 minut\" \/>\n<!-- \/ Yoast SEO plugin. -->","yoast_head_json":{"title":"TRUUSK 2-pack Sandp\u00e5sar f\u00f6r Parasoll - Fyllbara upp till 25 kg - 600D Oxford Viktade - F\u00f6r Paraplystativ - Svart - TRUUSK - Hem, Tr\u00e4dg\u00e5rd &amp; Fritid","robots":{"index":"index","follow":"follow","max-snippet":"max-snippet:-1","max-image-preview":"max-image-preview:large","max-video-preview":"max-video-preview:-1"},"canonical":"https:\/\/truusk.store\/sv\/produkt\/truusk-2-pack-sandpasar-for-parasoll-fyllbara-upp-till-25-kg-600d-oxford-viktade-for-paraplystativ-svart\/","og_locale":"sv_SE","og_type":"article","og_title":"TRUUSK 2-pack Sandp\u00e5sar f\u00f6r Parasoll - Fyllbara upp till 25 kg - 600D Oxford Viktade - F\u00f6r Paraplystativ - Svart - TRUUSK - Hem, Tr\u00e4dg\u00e5rd &amp; Fritid","og_description":"Stabilisera din parasoll enkelt med TRUUSK sandp\u00e5sar f\u00f6r parasoll. Detta set med sandp\u00e5sar kan fyllas med sand, varje p\u00e5se b\u00e4r...","og_url":"https:\/\/truusk.store\/sv\/produkt\/truusk-2-pack-sandpasar-for-parasoll-fyllbara-upp-till-25-kg-600d-oxford-viktade-for-paraplystativ-svart\/","og_site_name":"TRUUSK - Hem, Tr\u00e4dg\u00e5rd &amp; Fritid","article_modified_time":"2026-03-12T07:40:48+00:00","og_image":[{"width":2000,"height":2000,"url":"https:\/\/i0.wp.com\/truusk.se\/wp-content\/uploads\/2025\/06\/2-pack-sandpasar-for-parasoll-fyllbara-upp-till-25-kg-sandpase-for-paraplystativ-600d-oxford-viktade-for-fyllning-belastning-paraplyfotvikt-for-utomhusparaplystativ-svart-1.webp?fit=2000%2C2000&ssl=1","type":"image\/webp"}],"twitter_card":"summary_large_image","twitter_misc":{"Ber\u00e4knad l\u00e4stid":"1 minut"},"schema":{"@context":"https:\/\/schema.org","@graph":[{"@type":"WebPage","@id":"https:\/\/truusk.store\/sv\/produkt\/truusk-2-pack-sandpasar-for-parasoll-fyllbara-upp-till-25-kg-600d-oxford-viktade-for-paraplystativ-svart\/","url":"https:\/\/truusk.store\/sv\/produkt\/truusk-2-pack-sandpasar-for-parasoll-fyllbara-upp-till-25-kg-600d-oxford-viktade-for-paraplystativ-svart\/","name":"TRUUSK 2-pack Sandp\u00e5sar f\u00f6r Parasoll - Fyllbara upp till 25 kg - 600D Oxford Viktade - F\u00f6r Paraplystativ - Svart - TRUUSK - Hem, Tr\u00e4dg\u00e5rd &amp; Fritid","isPartOf":{"@id":"https:\/\/truusk.store\/sv\/#website"},"primaryImageOfPage":{"@id":"https:\/\/truusk.store\/sv\/produkt\/truusk-2-pack-sandpasar-for-parasoll-fyllbara-upp-till-25-kg-600d-oxford-viktade-for-paraplystativ-svart\/#primaryimage"},"image":{"@id":"https:\/\/truusk.store\/sv\/produkt\/truusk-2-pack-sandpasar-for-parasoll-fyllbara-upp-till-25-kg-600d-oxford-viktade-for-paraplystativ-svart\/#primaryimage"},"thumbnailUrl":"https:\/\/i0.wp.com\/truusk.store\/wp-content\/uploads\/2025\/06\/2-pack-sandpasar-for-parasoll-fyllbara-upp-till-25-kg-sandpase-for-paraplystativ-600d-oxford-viktade-for-fyllning-belastning-paraplyfotvikt-for-utomhusparaplystativ-svart-1.webp?fit=2000%2C2000&ssl=1","datePublished":"2025-06-05T21:21:50+00:00","dateModified":"2026-03-12T07:40:48+00:00","breadcrumb":{"@id":"https:\/\/truusk.store\/sv\/produkt\/truusk-2-pack-sandpasar-for-parasoll-fyllbara-upp-till-25-kg-600d-oxford-viktade-for-paraplystativ-svart\/#breadcrumb"},"inLanguage":"sv-SE","potentialAction":[{"@type":"ReadAction","target":["https:\/\/truusk.store\/sv\/produkt\/truusk-2-pack-sandpasar-for-parasoll-fyllbara-upp-till-25-kg-600d-oxford-viktade-for-paraplystativ-svart\/"]}]},{"@type":"ImageObject","inLanguage":"sv-SE","@id":"https:\/\/truusk.store\/sv\/produkt\/truusk-2-pack-sandpasar-for-parasoll-fyllbara-upp-till-25-kg-600d-oxford-viktade-for-paraplystativ-svart\/#primaryimage","url":"https:\/\/i0.wp.com\/truusk.store\/wp-content\/uploads\/2025\/06\/2-pack-sandpasar-for-parasoll-fyllbara-upp-till-25-kg-sandpase-for-paraplystativ-600d-oxford-viktade-for-fyllning-belastning-paraplyfotvikt-for-utomhusparaplystativ-svart-1.webp?fit=2000%2C2000&ssl=1","contentUrl":"https:\/\/i0.wp.com\/truusk.store\/wp-content\/uploads\/2025\/06\/2-pack-sandpasar-for-parasoll-fyllbara-upp-till-25-kg-sandpase-for-paraplystativ-600d-oxford-viktade-for-fyllning-belastning-paraplyfotvikt-for-utomhusparaplystativ-svart-1.webp?fit=2000%2C2000&ssl=1","width":2000,"height":2000},{"@type":"BreadcrumbList","@id":"https:\/\/truusk.store\/sv\/produkt\/truusk-2-pack-sandpasar-for-parasoll-fyllbara-upp-till-25-kg-600d-oxford-viktade-for-paraplystativ-svart\/#breadcrumb","itemListElement":[{"@type":"ListItem","position":1,"name":"Home","item":"https:\/\/truusk.store\/sv\/"},{"@type":"ListItem","position":2,"name":"Shop","item":"https:\/\/truusk.store\/shop\/"},{"@type":"ListItem","position":3,"name":"TRUUSK 2-pack Sandp\u00e5sar f\u00f6r Parasoll &#8211; Fyllbara upp till 25 kg &#8211; 600D Oxford Viktade &#8211; F\u00f6r Paraplystativ &#8211; Svart"}]},{"@type":"WebSite","@id":"https:\/\/truusk.store\/sv\/#website","url":"https:\/\/truusk.store\/sv\/","name":"TRUUSK - Hem, Tr\u00e4dg\u00e5rd & Fritid","description":"","publisher":{"@id":"https:\/\/truusk.store\/sv\/#organization"},"potentialAction":[{"@type":"SearchAction","target":{"@type":"EntryPoint","urlTemplate":"https:\/\/truusk.store\/sv\/?s={search_term_string}"},"query-input":{"@type":"PropertyValueSpecification","valueRequired":true,"valueName":"search_term_string"}}],"inLanguage":"sv-SE"},{"@type":"Organization","@id":"https:\/\/truusk.store\/sv\/#organization","name":"TRUUSK - Hem, Tr\u00e4dg\u00e5rd & Fritid","url":"https:\/\/truusk.store\/sv\/","logo":{"@type":"ImageObject","inLanguage":"sv-SE","@id":"https:\/\/truusk.store\/sv\/#\/schema\/logo\/image\/","url":"https:\/\/i0.wp.com\/truusk.store\/wp-content\/uploads\/2026\/03\/cropped-TRUUSK.png?fit=2032%2C917&ssl=1","contentUrl":"https:\/\/i0.wp.com\/truusk.store\/wp-content\/uploads\/2026\/03\/cropped-TRUUSK.png?fit=2032%2C917&ssl=1","width":2032,"height":917,"caption":"TRUUSK - Hem, Tr\u00e4dg\u00e5rd & Fritid"},"image":{"@id":"https:\/\/truusk.store\/sv\/#\/schema\/logo\/image\/"}}]}},"jetpack_sharing_enabled":true,"_links":{"self":[{"href":"https:\/\/truusk.store\/sv\/wp-json\/wp\/v2\/product\/72147","targetHints":{"allow":["GET"]}}],"collection":[{"href":"https:\/\/truusk.store\/sv\/wp-json\/wp\/v2\/product"}],"about":[{"href":"https:\/\/truusk.store\/sv\/wp-json\/wp\/v2\/types\/product"}],"wp:featuredmedia":[{"embeddable":true,"href":"https:\/\/truusk.store\/sv\/wp-json\/wp\/v2\/media\/72138"}],"wp:attachment":[{"href":"https:\/\/truusk.store\/sv\/wp-json\/wp\/v2\/media?parent=72147"}],"wp:term":[{"taxonomy":"product_brand","embeddable":true,"href":"https:\/\/truusk.store\/sv\/wp-json\/wp\/v2\/product_brand?post=72147"},{"taxonomy":"product_cat","embeddable":true,"href":"https:\/\/truusk.store\/sv\/wp-json\/wp\/v2\/product_cat?post=72147"},{"taxonomy":"product_tag","embeddable":true,"href":"https:\/\/truusk.store\/sv\/wp-json\/wp\/v2\/product_tag?post=72147"}],"curies":[{"name":"wp","href":"https:\/\/api.w.org\/{rel}","templated":true}]}}