{"id":72227,"date":"2025-06-05T22:29:51","date_gmt":"2025-06-05T21:29:51","guid":{"rendered":"https:\/\/truusk.store\/product\/aiyaplay-sandlada-sandlada-med-3-sittplatser-vattentat-underlag-vaderbestandig-skyddsplan-for-barn-15-5-ar-morkbrun\/"},"modified":"2026-03-12T08:41:02","modified_gmt":"2026-03-12T07:41:02","slug":"truusk-sandlada-med-3-sittplatser-vattentatt-underlag-skyddsplan-for-barn-15-5-ar-morkbrun","status":"publish","type":"product","link":"https:\/\/truusk.store\/sv\/produkt\/truusk-sandlada-med-3-sittplatser-vattentatt-underlag-skyddsplan-for-barn-15-5-ar-morkbrun\/","title":{"rendered":"TRUUSK Sandl\u00e5da Med 3 Sittplatser &#8211; Vattent\u00e4tt Underlag &#8211; Skyddsplan &#8211; F\u00f6r Barn 1,5-5 \u00e5r &#8211; M\u00f6rkbrun"},"content":{"rendered":"<p>G\u00f6r din tr\u00e4dg\u00e5rd till en \u00e4ventyrslekplats med AIYAPLAY sandl\u00e5da med lock! Den kan rymma upp till 300 kg sand och har inbyggda sittplatser f\u00f6r tre barn. Tillverkad av UV- och regnt\u00e5lig plast, erbjuder den l\u00e5ngvarig lekgl\u00e4dje. En vattent\u00e4t underl\u00e4gg och ett v\u00e4derbest\u00e4ndigt lock f\u00f6r balkongens sandl\u00e5da s\u00e4kerst\u00e4ller ocks\u00e5 renlighet och skydd mot d\u00e5ligt v\u00e4der.<\/p>\n<p>Beskrivning:<\/p>\n<ul>\n<li> Rymmer upp till 300 kg sand och \u00e4r l\u00e4mplig f\u00f6r omfattande lek<\/li>\n<li> Inneh\u00e5ller tre sittplatser och rymmer bekv\u00e4mt tre barn<\/li>\n<li> Tillverkad av plast, motst\u00e5ndskraftig mot UV-str\u00e5lar och regn<\/li>\n<li> Vattent\u00e4t foder i barnens sandl\u00e5da p\u00e5 botten f\u00f6rhindrar att smuts fr\u00e5n utsidan tr\u00e4nger in och s\u00e4kerst\u00e4ller vattenavlopp<\/li>\n<li> V\u00e4derbest\u00e4ndigt lock p\u00e5 sandl\u00e5dan med lock h\u00e5ller sanden torr vid regn<\/li>\n<li> Montering \u00e4r enkel och snabb<\/li>\n<\/ul>\n<p> Tekniska data:<\/p>\n<ul>\n<li> F\u00e4rg: M\u00f6rkbrun<\/li>\n<li> Material: Plast, Polyester<\/li>\n<li> Totala dimensioner: \u00d8120 x 22H cm<\/li>\n<li> Inre dimensioner: \u00d8110 x 22H cm<\/li>\n<li> Sandbelastning: 300 kg<\/li>\n<li> Sitsstorlek: 23,7L x 22B cm<\/li>\n<li> Sitth\u00f6jd: 22H cm (till golvet)<\/li>\n<li> Maximal belastning: 30 kg (per sits), 90 kg (totalt)<\/li>\n<li> Rekommenderad \u00e5lder: 18-60 m\u00e5nader<\/li>\n<\/ul>\n<p>Leveransinneh\u00e5ll:<\/p>\n<ul>\n<li> 1 x Sandl\u00e5da<\/li>\n<li> 1 x Botteninl\u00e4gg<\/li>\n<li> 1 x Lock<\/li>\n<li> 1 x Bruksanvisning<\/li>\n<\/ul>\n","protected":false},"excerpt":{"rendered":"<p>G\u00f6r din tr\u00e4dg\u00e5rd till en \u00e4ventyrslekplats med AIYAPLAY sandl\u00e5da med lock! Den kan rymma upp till 300 kg sand och&#8230;<\/p>\n","protected":false},"featured_media":72218,"template":"","meta":[],"product_brand":[],"product_cat":[880,620,616],"product_tag":[],"class_list":{"0":"post-72227","1":"product","2":"type-product","3":"status-publish","4":"has-post-thumbnail","6":"product_cat-baby-barn-2","7":"product_cat-sandlador-tillbehor","8":"product_cat-utomhusleksaker","10":"first","11":"instock","12":"sale","13":"taxable","14":"shipping-taxable","15":"purchasable","16":"product-type-simple"},"yoast_head":"<!-- This site is optimized with the Yoast SEO plugin v25.4 - https:\/\/yoast.com\/wordpress\/plugins\/seo\/ -->\n<title>TRUUSK Sandl\u00e5da Med 3 Sittplatser - Vattent\u00e4tt Underlag - Skyddsplan - F\u00f6r Barn 1,5-5 \u00e5r - M\u00f6rkbrun - TRUUSK - Hem, Tr\u00e4dg\u00e5rd &amp; Fritid<\/title>\n<meta name=\"robots\" content=\"index, follow, max-snippet:-1, max-image-preview:large, max-video-preview:-1\" \/>\n<link rel=\"canonical\" href=\"https:\/\/truusk.store\/sv\/produkt\/truusk-sandlada-med-3-sittplatser-vattentatt-underlag-skyddsplan-for-barn-15-5-ar-morkbrun\/\" \/>\n<meta property=\"og:locale\" content=\"sv_SE\" \/>\n<meta property=\"og:type\" content=\"article\" \/>\n<meta property=\"og:title\" content=\"TRUUSK Sandl\u00e5da Med 3 Sittplatser - Vattent\u00e4tt Underlag - Skyddsplan - F\u00f6r Barn 1,5-5 \u00e5r - M\u00f6rkbrun - TRUUSK - Hem, Tr\u00e4dg\u00e5rd &amp; Fritid\" \/>\n<meta property=\"og:description\" content=\"G\u00f6r din tr\u00e4dg\u00e5rd till en \u00e4ventyrslekplats med AIYAPLAY sandl\u00e5da med lock! Den kan rymma upp till 300 kg sand och...\" \/>\n<meta property=\"og:url\" content=\"https:\/\/truusk.store\/sv\/produkt\/truusk-sandlada-med-3-sittplatser-vattentatt-underlag-skyddsplan-for-barn-15-5-ar-morkbrun\/\" \/>\n<meta property=\"og:site_name\" content=\"TRUUSK - Hem, Tr\u00e4dg\u00e5rd &amp; Fritid\" \/>\n<meta property=\"article:modified_time\" content=\"2026-03-12T07:41:02+00:00\" \/>\n<meta property=\"og:image\" content=\"https:\/\/i0.wp.com\/truusk.se\/wp-content\/uploads\/2025\/06\/aiyaplay-sandlada-sandlada-med-3-sittplatser-vattentat-underlag-vaderbestandig-skyddsplan-for-barn-15-5-ar-morkbrun-1.webp?fit=2000%2C2000&ssl=1\" \/>\n\t<meta property=\"og:image:width\" content=\"2000\" \/>\n\t<meta property=\"og:image:height\" content=\"2000\" \/>\n\t<meta property=\"og:image:type\" content=\"image\/webp\" \/>\n<meta name=\"twitter:card\" content=\"summary_large_image\" \/>\n<meta name=\"twitter:label1\" content=\"Ber\u00e4knad l\u00e4stid\" \/>\n\t<meta name=\"twitter:data1\" content=\"1 minut\" \/>\n<!-- \/ Yoast SEO plugin. -->","yoast_head_json":{"title":"TRUUSK Sandl\u00e5da Med 3 Sittplatser - Vattent\u00e4tt Underlag - Skyddsplan - F\u00f6r Barn 1,5-5 \u00e5r - M\u00f6rkbrun - TRUUSK - Hem, Tr\u00e4dg\u00e5rd &amp; Fritid","robots":{"index":"index","follow":"follow","max-snippet":"max-snippet:-1","max-image-preview":"max-image-preview:large","max-video-preview":"max-video-preview:-1"},"canonical":"https:\/\/truusk.store\/sv\/produkt\/truusk-sandlada-med-3-sittplatser-vattentatt-underlag-skyddsplan-for-barn-15-5-ar-morkbrun\/","og_locale":"sv_SE","og_type":"article","og_title":"TRUUSK Sandl\u00e5da Med 3 Sittplatser - Vattent\u00e4tt Underlag - Skyddsplan - F\u00f6r Barn 1,5-5 \u00e5r - M\u00f6rkbrun - TRUUSK - Hem, Tr\u00e4dg\u00e5rd &amp; Fritid","og_description":"G\u00f6r din tr\u00e4dg\u00e5rd till en \u00e4ventyrslekplats med AIYAPLAY sandl\u00e5da med lock! Den kan rymma upp till 300 kg sand och...","og_url":"https:\/\/truusk.store\/sv\/produkt\/truusk-sandlada-med-3-sittplatser-vattentatt-underlag-skyddsplan-for-barn-15-5-ar-morkbrun\/","og_site_name":"TRUUSK - Hem, Tr\u00e4dg\u00e5rd &amp; Fritid","article_modified_time":"2026-03-12T07:41:02+00:00","og_image":[{"width":2000,"height":2000,"url":"https:\/\/i0.wp.com\/truusk.se\/wp-content\/uploads\/2025\/06\/aiyaplay-sandlada-sandlada-med-3-sittplatser-vattentat-underlag-vaderbestandig-skyddsplan-for-barn-15-5-ar-morkbrun-1.webp?fit=2000%2C2000&ssl=1","type":"image\/webp"}],"twitter_card":"summary_large_image","twitter_misc":{"Ber\u00e4knad l\u00e4stid":"1 minut"},"schema":{"@context":"https:\/\/schema.org","@graph":[{"@type":"WebPage","@id":"https:\/\/truusk.store\/sv\/produkt\/truusk-sandlada-med-3-sittplatser-vattentatt-underlag-skyddsplan-for-barn-15-5-ar-morkbrun\/","url":"https:\/\/truusk.store\/sv\/produkt\/truusk-sandlada-med-3-sittplatser-vattentatt-underlag-skyddsplan-for-barn-15-5-ar-morkbrun\/","name":"TRUUSK Sandl\u00e5da Med 3 Sittplatser - Vattent\u00e4tt Underlag - Skyddsplan - F\u00f6r Barn 1,5-5 \u00e5r - M\u00f6rkbrun - TRUUSK - Hem, Tr\u00e4dg\u00e5rd &amp; Fritid","isPartOf":{"@id":"https:\/\/truusk.store\/sv\/#website"},"primaryImageOfPage":{"@id":"https:\/\/truusk.store\/sv\/produkt\/truusk-sandlada-med-3-sittplatser-vattentatt-underlag-skyddsplan-for-barn-15-5-ar-morkbrun\/#primaryimage"},"image":{"@id":"https:\/\/truusk.store\/sv\/produkt\/truusk-sandlada-med-3-sittplatser-vattentatt-underlag-skyddsplan-for-barn-15-5-ar-morkbrun\/#primaryimage"},"thumbnailUrl":"https:\/\/i0.wp.com\/truusk.store\/wp-content\/uploads\/2025\/06\/aiyaplay-sandlada-sandlada-med-3-sittplatser-vattentat-underlag-vaderbestandig-skyddsplan-for-barn-15-5-ar-morkbrun-1.webp?fit=2000%2C2000&ssl=1","datePublished":"2025-06-05T21:29:51+00:00","dateModified":"2026-03-12T07:41:02+00:00","breadcrumb":{"@id":"https:\/\/truusk.store\/sv\/produkt\/truusk-sandlada-med-3-sittplatser-vattentatt-underlag-skyddsplan-for-barn-15-5-ar-morkbrun\/#breadcrumb"},"inLanguage":"sv-SE","potentialAction":[{"@type":"ReadAction","target":["https:\/\/truusk.store\/sv\/produkt\/truusk-sandlada-med-3-sittplatser-vattentatt-underlag-skyddsplan-for-barn-15-5-ar-morkbrun\/"]}]},{"@type":"ImageObject","inLanguage":"sv-SE","@id":"https:\/\/truusk.store\/sv\/produkt\/truusk-sandlada-med-3-sittplatser-vattentatt-underlag-skyddsplan-for-barn-15-5-ar-morkbrun\/#primaryimage","url":"https:\/\/i0.wp.com\/truusk.store\/wp-content\/uploads\/2025\/06\/aiyaplay-sandlada-sandlada-med-3-sittplatser-vattentat-underlag-vaderbestandig-skyddsplan-for-barn-15-5-ar-morkbrun-1.webp?fit=2000%2C2000&ssl=1","contentUrl":"https:\/\/i0.wp.com\/truusk.store\/wp-content\/uploads\/2025\/06\/aiyaplay-sandlada-sandlada-med-3-sittplatser-vattentat-underlag-vaderbestandig-skyddsplan-for-barn-15-5-ar-morkbrun-1.webp?fit=2000%2C2000&ssl=1","width":2000,"height":2000},{"@type":"BreadcrumbList","@id":"https:\/\/truusk.store\/sv\/produkt\/truusk-sandlada-med-3-sittplatser-vattentatt-underlag-skyddsplan-for-barn-15-5-ar-morkbrun\/#breadcrumb","itemListElement":[{"@type":"ListItem","position":1,"name":"Home","item":"https:\/\/truusk.store\/sv\/"},{"@type":"ListItem","position":2,"name":"Shop","item":"https:\/\/truusk.store\/shop\/"},{"@type":"ListItem","position":3,"name":"TRUUSK Sandl\u00e5da Med 3 Sittplatser &#8211; Vattent\u00e4tt Underlag &#8211; Skyddsplan &#8211; F\u00f6r Barn 1,5-5 \u00e5r &#8211; M\u00f6rkbrun"}]},{"@type":"WebSite","@id":"https:\/\/truusk.store\/sv\/#website","url":"https:\/\/truusk.store\/sv\/","name":"TRUUSK - Hem, Tr\u00e4dg\u00e5rd & Fritid","description":"","publisher":{"@id":"https:\/\/truusk.store\/sv\/#organization"},"potentialAction":[{"@type":"SearchAction","target":{"@type":"EntryPoint","urlTemplate":"https:\/\/truusk.store\/sv\/?s={search_term_string}"},"query-input":{"@type":"PropertyValueSpecification","valueRequired":true,"valueName":"search_term_string"}}],"inLanguage":"sv-SE"},{"@type":"Organization","@id":"https:\/\/truusk.store\/sv\/#organization","name":"TRUUSK - Hem, Tr\u00e4dg\u00e5rd & Fritid","url":"https:\/\/truusk.store\/sv\/","logo":{"@type":"ImageObject","inLanguage":"sv-SE","@id":"https:\/\/truusk.store\/sv\/#\/schema\/logo\/image\/","url":"https:\/\/i0.wp.com\/truusk.store\/wp-content\/uploads\/2026\/03\/cropped-TRUUSK.png?fit=2032%2C917&ssl=1","contentUrl":"https:\/\/i0.wp.com\/truusk.store\/wp-content\/uploads\/2026\/03\/cropped-TRUUSK.png?fit=2032%2C917&ssl=1","width":2032,"height":917,"caption":"TRUUSK - Hem, Tr\u00e4dg\u00e5rd & Fritid"},"image":{"@id":"https:\/\/truusk.store\/sv\/#\/schema\/logo\/image\/"}}]}},"jetpack_sharing_enabled":true,"_links":{"self":[{"href":"https:\/\/truusk.store\/sv\/wp-json\/wp\/v2\/product\/72227","targetHints":{"allow":["GET"]}}],"collection":[{"href":"https:\/\/truusk.store\/sv\/wp-json\/wp\/v2\/product"}],"about":[{"href":"https:\/\/truusk.store\/sv\/wp-json\/wp\/v2\/types\/product"}],"wp:featuredmedia":[{"embeddable":true,"href":"https:\/\/truusk.store\/sv\/wp-json\/wp\/v2\/media\/72218"}],"wp:attachment":[{"href":"https:\/\/truusk.store\/sv\/wp-json\/wp\/v2\/media?parent=72227"}],"wp:term":[{"taxonomy":"product_brand","embeddable":true,"href":"https:\/\/truusk.store\/sv\/wp-json\/wp\/v2\/product_brand?post=72227"},{"taxonomy":"product_cat","embeddable":true,"href":"https:\/\/truusk.store\/sv\/wp-json\/wp\/v2\/product_cat?post=72227"},{"taxonomy":"product_tag","embeddable":true,"href":"https:\/\/truusk.store\/sv\/wp-json\/wp\/v2\/product_tag?post=72227"}],"curies":[{"name":"wp","href":"https:\/\/api.w.org\/{rel}","templated":true}]}}