{"id":72237,"date":"2025-06-05T22:30:41","date_gmt":"2025-06-05T21:30:41","guid":{"rendered":"https:\/\/truusk.store\/product\/aiyaplay-rutschbana-4-i-1-barnrutschbana-med-gunga-klatterstallning-basketkorg-barns-lekplats-med-kanindesign-smabarnsrutschbana-for-inomhus-och-utomhus-for-barn-fran-15-4-ar-gra\/"},"modified":"2026-03-12T08:40:55","modified_gmt":"2026-03-12T07:40:55","slug":"truusk-barnrutschbana-4-i-1-med-gunga-klatterstallning-basketkorg-kanindesign-for-inomhus-och-utomhus-fran-15-4-ar","status":"publish","type":"product","link":"https:\/\/truusk.store\/sv\/produkt\/truusk-barnrutschbana-4-i-1-med-gunga-klatterstallning-basketkorg-kanindesign-for-inomhus-och-utomhus-fran-15-4-ar\/","title":{"rendered":"TRUUSK Barnrutschbana 4-i-1 Med Gunga &#8211; Kl\u00e4tterst\u00e4llning &#8211; Basketkorg &#8211; Kanindesign &#8211; F\u00f6r Inomhus och Utomhus &#8211; Fr\u00e5n 1,5-4 \u00e5r &#8211;"},"content":{"rendered":"<p>F\u00f6rvandla ditt hem till en f\u00f6rtrollande inomhus lekplats med AIYAPLAY gunga- och rutschbaneset f\u00f6r sm\u00e5barn! Detta fyrdelade set inkluderar en bed\u00e5rande rutschbana med kaninmotiv, en gunga, ett kl\u00e4tterst\u00e4ll och en basketkorg. Den segmenterade rutschbanan garanterar \u00f6kad s\u00e4kerhet och smidig anv\u00e4ndning. Dessutom garanterar stabila skenor och en robust ryggst\u00f6d p\u00e5 gungan s\u00e4kert och roligt spel f\u00f6r sm\u00e5barn mellan 1,5 och 3 \u00e5r.<\/p>\n<p>Beskrivning:<\/p>\n<ul>\n<li> S\u00f6tt kanindesign<\/li>\n<li> Inneh\u00e5ller gunga, barnrutschbana, kl\u00e4tterst\u00e4ll och basketkorg f\u00f6r varierande roligt<\/li>\n<li> Segmenterad rutschbanedesign av inomhus lekplats \u00f6kar s\u00e4kerheten<\/li>\n<li> H\u00f6ga handr\u00e4cken och bred rutschbana<\/li>\n<li> Gungans s\u00e4kerhetsgaller och ryggst\u00f6d ger skydd f\u00f6r barnet<\/li>\n<li> Bredare bas minimerar vackling och \u00f6kar gungans s\u00e4kerhet<\/li>\n<li> Montering \u00e4r okomplicerad och kr\u00e4ver endast en person<\/li>\n<li> Inklusive basketboll och pump<\/li>\n<\/ul>\n<p> Tekniska specifikationer:<\/p>\n<ul>\n<li> F\u00e4rg: Gr\u00e5<\/li>\n<li> Material: Plast<\/li>\n<li> Totala dimensioner: 147,5L x 160B x 107H cm<\/li>\n<li> Rutschbana: 136L x 36B cm<\/li>\n<li> Rutschbanaplattform: 32L x 17,5B cm<\/li>\n<li> Gungasits: 35B x 25T cm<\/li>\n<li> Sitsens h\u00f6jd: 35H cm<\/li>\n<li> Gungans ryggst\u00f6d: 29H cm<\/li>\n<li> Maximal belastning: 30 kg<\/li>\n<li> Rekommenderad \u00e5lder: 18-48 m\u00e5nader<\/li>\n<\/ul>\n<p>Leverans inneh\u00e5ller:<\/p>\n<ul>\n<li> 1 x Gunga- och rutschbaneset f\u00f6r sm\u00e5barn<\/li>\n<li> 1 x Basketboll<\/li>\n<li> 1 x Pump<\/li>\n<li> 1 x Handbok<\/li>\n<\/ul>\n","protected":false},"excerpt":{"rendered":"<p>F\u00f6rvandla ditt hem till en f\u00f6rtrollande inomhus lekplats med AIYAPLAY gunga- och rutschbaneset f\u00f6r sm\u00e5barn! Detta fyrdelade set inkluderar en&#8230;<\/p>\n","protected":false},"featured_media":72228,"template":"","meta":[],"product_brand":[],"product_cat":[880,622,616],"product_tag":[],"class_list":{"0":"post-72237","1":"product","2":"type-product","3":"status-publish","4":"has-post-thumbnail","6":"product_cat-baby-barn-2","7":"product_cat-barnrutschbanor","8":"product_cat-utomhusleksaker","10":"first","11":"instock","12":"sale","13":"taxable","14":"shipping-taxable","15":"purchasable","16":"product-type-simple"},"yoast_head":"<!-- This site is optimized with the Yoast SEO plugin v25.4 - https:\/\/yoast.com\/wordpress\/plugins\/seo\/ -->\n<title>TRUUSK Barnrutschbana 4-i-1 Med Gunga - Kl\u00e4tterst\u00e4llning - Basketkorg - Kanindesign - F\u00f6r Inomhus och Utomhus - Fr\u00e5n 1,5-4 \u00e5r - TRUUSK - Hem, Tr\u00e4dg\u00e5rd &amp; Fritid<\/title>\n<meta name=\"robots\" content=\"index, follow, max-snippet:-1, max-image-preview:large, max-video-preview:-1\" \/>\n<link rel=\"canonical\" href=\"https:\/\/truusk.store\/sv\/produkt\/truusk-barnrutschbana-4-i-1-med-gunga-klatterstallning-basketkorg-kanindesign-for-inomhus-och-utomhus-fran-15-4-ar\/\" \/>\n<meta property=\"og:locale\" content=\"sv_SE\" \/>\n<meta property=\"og:type\" content=\"article\" \/>\n<meta property=\"og:title\" content=\"TRUUSK Barnrutschbana 4-i-1 Med Gunga - Kl\u00e4tterst\u00e4llning - Basketkorg - Kanindesign - F\u00f6r Inomhus och Utomhus - Fr\u00e5n 1,5-4 \u00e5r - TRUUSK - Hem, Tr\u00e4dg\u00e5rd &amp; Fritid\" \/>\n<meta property=\"og:description\" content=\"F\u00f6rvandla ditt hem till en f\u00f6rtrollande inomhus lekplats med AIYAPLAY gunga- och rutschbaneset f\u00f6r sm\u00e5barn! Detta fyrdelade set inkluderar en...\" \/>\n<meta property=\"og:url\" content=\"https:\/\/truusk.store\/sv\/produkt\/truusk-barnrutschbana-4-i-1-med-gunga-klatterstallning-basketkorg-kanindesign-for-inomhus-och-utomhus-fran-15-4-ar\/\" \/>\n<meta property=\"og:site_name\" content=\"TRUUSK - Hem, Tr\u00e4dg\u00e5rd &amp; Fritid\" \/>\n<meta property=\"article:modified_time\" content=\"2026-03-12T07:40:55+00:00\" \/>\n<meta property=\"og:image\" content=\"https:\/\/i0.wp.com\/truusk.se\/wp-content\/uploads\/2025\/06\/aiyaplay-rutschbana-4-i-1-barnrutschbana-med-gunga-klatterstallning-basketkorg-barns-lekplats-med-kanindesign-smabarnsrutschbana-for-inomhus-och-utomhus-for-barn-fran-15-4-ar-gra-1.webp?fit=2000%2C2000&ssl=1\" \/>\n\t<meta property=\"og:image:width\" content=\"2000\" \/>\n\t<meta property=\"og:image:height\" content=\"2000\" \/>\n\t<meta property=\"og:image:type\" content=\"image\/webp\" \/>\n<meta name=\"twitter:card\" content=\"summary_large_image\" \/>\n<meta name=\"twitter:label1\" content=\"Ber\u00e4knad l\u00e4stid\" \/>\n\t<meta name=\"twitter:data1\" content=\"1 minut\" \/>\n<!-- \/ Yoast SEO plugin. -->","yoast_head_json":{"title":"TRUUSK Barnrutschbana 4-i-1 Med Gunga - Kl\u00e4tterst\u00e4llning - Basketkorg - Kanindesign - F\u00f6r Inomhus och Utomhus - Fr\u00e5n 1,5-4 \u00e5r - TRUUSK - Hem, Tr\u00e4dg\u00e5rd &amp; Fritid","robots":{"index":"index","follow":"follow","max-snippet":"max-snippet:-1","max-image-preview":"max-image-preview:large","max-video-preview":"max-video-preview:-1"},"canonical":"https:\/\/truusk.store\/sv\/produkt\/truusk-barnrutschbana-4-i-1-med-gunga-klatterstallning-basketkorg-kanindesign-for-inomhus-och-utomhus-fran-15-4-ar\/","og_locale":"sv_SE","og_type":"article","og_title":"TRUUSK Barnrutschbana 4-i-1 Med Gunga - Kl\u00e4tterst\u00e4llning - Basketkorg - Kanindesign - F\u00f6r Inomhus och Utomhus - Fr\u00e5n 1,5-4 \u00e5r - TRUUSK - Hem, Tr\u00e4dg\u00e5rd &amp; Fritid","og_description":"F\u00f6rvandla ditt hem till en f\u00f6rtrollande inomhus lekplats med AIYAPLAY gunga- och rutschbaneset f\u00f6r sm\u00e5barn! Detta fyrdelade set inkluderar en...","og_url":"https:\/\/truusk.store\/sv\/produkt\/truusk-barnrutschbana-4-i-1-med-gunga-klatterstallning-basketkorg-kanindesign-for-inomhus-och-utomhus-fran-15-4-ar\/","og_site_name":"TRUUSK - Hem, Tr\u00e4dg\u00e5rd &amp; Fritid","article_modified_time":"2026-03-12T07:40:55+00:00","og_image":[{"width":2000,"height":2000,"url":"https:\/\/i0.wp.com\/truusk.se\/wp-content\/uploads\/2025\/06\/aiyaplay-rutschbana-4-i-1-barnrutschbana-med-gunga-klatterstallning-basketkorg-barns-lekplats-med-kanindesign-smabarnsrutschbana-for-inomhus-och-utomhus-for-barn-fran-15-4-ar-gra-1.webp?fit=2000%2C2000&ssl=1","type":"image\/webp"}],"twitter_card":"summary_large_image","twitter_misc":{"Ber\u00e4knad l\u00e4stid":"1 minut"},"schema":{"@context":"https:\/\/schema.org","@graph":[{"@type":"WebPage","@id":"https:\/\/truusk.store\/sv\/produkt\/truusk-barnrutschbana-4-i-1-med-gunga-klatterstallning-basketkorg-kanindesign-for-inomhus-och-utomhus-fran-15-4-ar\/","url":"https:\/\/truusk.store\/sv\/produkt\/truusk-barnrutschbana-4-i-1-med-gunga-klatterstallning-basketkorg-kanindesign-for-inomhus-och-utomhus-fran-15-4-ar\/","name":"TRUUSK Barnrutschbana 4-i-1 Med Gunga - Kl\u00e4tterst\u00e4llning - Basketkorg - Kanindesign - F\u00f6r Inomhus och Utomhus - Fr\u00e5n 1,5-4 \u00e5r - TRUUSK - Hem, Tr\u00e4dg\u00e5rd &amp; Fritid","isPartOf":{"@id":"https:\/\/truusk.store\/sv\/#website"},"primaryImageOfPage":{"@id":"https:\/\/truusk.store\/sv\/produkt\/truusk-barnrutschbana-4-i-1-med-gunga-klatterstallning-basketkorg-kanindesign-for-inomhus-och-utomhus-fran-15-4-ar\/#primaryimage"},"image":{"@id":"https:\/\/truusk.store\/sv\/produkt\/truusk-barnrutschbana-4-i-1-med-gunga-klatterstallning-basketkorg-kanindesign-for-inomhus-och-utomhus-fran-15-4-ar\/#primaryimage"},"thumbnailUrl":"https:\/\/i0.wp.com\/truusk.store\/wp-content\/uploads\/2025\/06\/aiyaplay-rutschbana-4-i-1-barnrutschbana-med-gunga-klatterstallning-basketkorg-barns-lekplats-med-kanindesign-smabarnsrutschbana-for-inomhus-och-utomhus-for-barn-fran-15-4-ar-gra-1.webp?fit=2000%2C2000&ssl=1","datePublished":"2025-06-05T21:30:41+00:00","dateModified":"2026-03-12T07:40:55+00:00","breadcrumb":{"@id":"https:\/\/truusk.store\/sv\/produkt\/truusk-barnrutschbana-4-i-1-med-gunga-klatterstallning-basketkorg-kanindesign-for-inomhus-och-utomhus-fran-15-4-ar\/#breadcrumb"},"inLanguage":"sv-SE","potentialAction":[{"@type":"ReadAction","target":["https:\/\/truusk.store\/sv\/produkt\/truusk-barnrutschbana-4-i-1-med-gunga-klatterstallning-basketkorg-kanindesign-for-inomhus-och-utomhus-fran-15-4-ar\/"]}]},{"@type":"ImageObject","inLanguage":"sv-SE","@id":"https:\/\/truusk.store\/sv\/produkt\/truusk-barnrutschbana-4-i-1-med-gunga-klatterstallning-basketkorg-kanindesign-for-inomhus-och-utomhus-fran-15-4-ar\/#primaryimage","url":"https:\/\/i0.wp.com\/truusk.store\/wp-content\/uploads\/2025\/06\/aiyaplay-rutschbana-4-i-1-barnrutschbana-med-gunga-klatterstallning-basketkorg-barns-lekplats-med-kanindesign-smabarnsrutschbana-for-inomhus-och-utomhus-for-barn-fran-15-4-ar-gra-1.webp?fit=2000%2C2000&ssl=1","contentUrl":"https:\/\/i0.wp.com\/truusk.store\/wp-content\/uploads\/2025\/06\/aiyaplay-rutschbana-4-i-1-barnrutschbana-med-gunga-klatterstallning-basketkorg-barns-lekplats-med-kanindesign-smabarnsrutschbana-for-inomhus-och-utomhus-for-barn-fran-15-4-ar-gra-1.webp?fit=2000%2C2000&ssl=1","width":2000,"height":2000},{"@type":"BreadcrumbList","@id":"https:\/\/truusk.store\/sv\/produkt\/truusk-barnrutschbana-4-i-1-med-gunga-klatterstallning-basketkorg-kanindesign-for-inomhus-och-utomhus-fran-15-4-ar\/#breadcrumb","itemListElement":[{"@type":"ListItem","position":1,"name":"Home","item":"https:\/\/truusk.store\/sv\/"},{"@type":"ListItem","position":2,"name":"Shop","item":"https:\/\/truusk.store\/shop\/"},{"@type":"ListItem","position":3,"name":"TRUUSK Barnrutschbana 4-i-1 Med Gunga &#8211; Kl\u00e4tterst\u00e4llning &#8211; Basketkorg &#8211; Kanindesign &#8211; F\u00f6r Inomhus och Utomhus &#8211; Fr\u00e5n 1,5-4 \u00e5r &#8211;"}]},{"@type":"WebSite","@id":"https:\/\/truusk.store\/sv\/#website","url":"https:\/\/truusk.store\/sv\/","name":"TRUUSK - Hem, Tr\u00e4dg\u00e5rd & Fritid","description":"","publisher":{"@id":"https:\/\/truusk.store\/sv\/#organization"},"potentialAction":[{"@type":"SearchAction","target":{"@type":"EntryPoint","urlTemplate":"https:\/\/truusk.store\/sv\/?s={search_term_string}"},"query-input":{"@type":"PropertyValueSpecification","valueRequired":true,"valueName":"search_term_string"}}],"inLanguage":"sv-SE"},{"@type":"Organization","@id":"https:\/\/truusk.store\/sv\/#organization","name":"TRUUSK - Hem, Tr\u00e4dg\u00e5rd & Fritid","url":"https:\/\/truusk.store\/sv\/","logo":{"@type":"ImageObject","inLanguage":"sv-SE","@id":"https:\/\/truusk.store\/sv\/#\/schema\/logo\/image\/","url":"https:\/\/i0.wp.com\/truusk.store\/wp-content\/uploads\/2026\/03\/cropped-TRUUSK.png?fit=2032%2C917&ssl=1","contentUrl":"https:\/\/i0.wp.com\/truusk.store\/wp-content\/uploads\/2026\/03\/cropped-TRUUSK.png?fit=2032%2C917&ssl=1","width":2032,"height":917,"caption":"TRUUSK - Hem, Tr\u00e4dg\u00e5rd & Fritid"},"image":{"@id":"https:\/\/truusk.store\/sv\/#\/schema\/logo\/image\/"}}]}},"jetpack_sharing_enabled":true,"_links":{"self":[{"href":"https:\/\/truusk.store\/sv\/wp-json\/wp\/v2\/product\/72237","targetHints":{"allow":["GET"]}}],"collection":[{"href":"https:\/\/truusk.store\/sv\/wp-json\/wp\/v2\/product"}],"about":[{"href":"https:\/\/truusk.store\/sv\/wp-json\/wp\/v2\/types\/product"}],"wp:featuredmedia":[{"embeddable":true,"href":"https:\/\/truusk.store\/sv\/wp-json\/wp\/v2\/media\/72228"}],"wp:attachment":[{"href":"https:\/\/truusk.store\/sv\/wp-json\/wp\/v2\/media?parent=72237"}],"wp:term":[{"taxonomy":"product_brand","embeddable":true,"href":"https:\/\/truusk.store\/sv\/wp-json\/wp\/v2\/product_brand?post=72237"},{"taxonomy":"product_cat","embeddable":true,"href":"https:\/\/truusk.store\/sv\/wp-json\/wp\/v2\/product_cat?post=72237"},{"taxonomy":"product_tag","embeddable":true,"href":"https:\/\/truusk.store\/sv\/wp-json\/wp\/v2\/product_tag?post=72237"}],"curies":[{"name":"wp","href":"https:\/\/api.w.org\/{rel}","templated":true}]}}