{"id":7225,"date":"2024-02-13T08:46:32","date_gmt":"2024-02-13T07:46:32","guid":{"rendered":"https:\/\/truusk.store\/product\/solstol-tradgardsstol-wellness-solstol-strandstol-hopfallbar-med-solskydd-brun-187-x-58-x-36-cm\/"},"modified":"2026-03-12T08:55:28","modified_gmt":"2026-03-12T07:55:28","slug":"truusk-solstol-tradgardsstol-wellness-strandstol-hopfallbar-solskydd-brun-187-x-58-x-36-cm","status":"publish","type":"product","link":"https:\/\/truusk.store\/sv\/produkt\/truusk-solstol-tradgardsstol-wellness-strandstol-hopfallbar-solskydd-brun-187-x-58-x-36-cm\/","title":{"rendered":"TRUUSK Solstol Tr\u00e4dg\u00e5rdsstol Wellness &#8211; Strandstol Hopf\u00e4llbar &#8211; Solskydd &#8211; Brun &#8211; 187 x 58 x 36 cm"},"content":{"rendered":"<p>Med denna bekv\u00e4ma tr\u00e4dg\u00e5rdsstol med solskydd med luftgenomsl\u00e4ppligt textil\u00f6verdrag kan du f\u00e5 optimal avkoppling i din tr\u00e4dg\u00e5rd eller p\u00e5 din terrass. Materialen som anv\u00e4nds f\u00f6r denna balkongs\u00e4ng \u00e4r l\u00e4tta att reng\u00f6ra och h\u00e5llbara. Ryggst\u00f6det \u00e4r justerbart i 4 l\u00e4gen, med det utrustade solskyddet som ger sk\u00f6n skugga. N\u00e4r du \u00e5ker p\u00e5 semester kan du helt enkelt f\u00e4lla ihop campings\u00e4ngen och transportera den f\u00f6r att spara utrymme.<\/p>\n<h3>Beskrivning:<\/h3>\n<ul>\n<li>L\u00e4mplig f\u00f6r utomhusomr\u00e5den som tr\u00e4dg\u00e5rdar, balkonger eller camping<\/li>\n<li>Pulverlackerad metallram ger h\u00f6g stabilitet<\/li>\n<li>S\u00e4tes\u00f6verdrag av slitstarkt Oxford<\/li>\n<li>Ryggst\u00f6d justerbart i 4 niv\u00e5er<\/li>\n<li>Med avtagbart solskydd<\/li>\n<li>Solskyddets lutningsvinkel \u00e4r stegl\u00f6st justerbar<\/li>\n<li>3 st\u00f6dben ger optimal stabilitet och komfort<\/li>\n<li>F\u00e4lls ned f\u00f6r att spara utrymme, l\u00e4tt att transportera<\/li>\n<\/ul>\n<h3>Teknisk data:<\/h3>\n<ul>\n<li>Material: metall, Oxfordduk<\/li>\n<li>F\u00e4rg brun<\/li>\n<li>Max solm\u00e5tt (utan tak): L187 x B58 x H36 cm<\/li>\n<li>4 v\u00e5ningsh\u00f6jd: 36cm, 54cm, 67cm, 77cm<\/li>\n<li>Vikstorlek: 71L x 10,5W x 58H cm<\/li>\n<li>Dakma: 42L x 50W cm<\/li>\n<li>Max lastkapacitet: 120 kg<\/li>\n<\/ul>\n<h3>Leveransens omfattning:<\/h3>\n<ul>\n<li>1 x Solstol med solskydd<\/li>\n<li>1 x Monteringsanvisning<\/li>\n<\/ul>\n","protected":false},"excerpt":{"rendered":"<p>Med denna bekv\u00e4ma tr\u00e4dg\u00e5rdsstol med solskydd med luftgenomsl\u00e4ppligt textil\u00f6verdrag kan du f\u00e5 optimal avkoppling i din tr\u00e4dg\u00e5rd eller p\u00e5 din&#8230;<\/p>\n","protected":false},"featured_media":7226,"template":"","meta":[],"product_brand":[],"product_cat":[451,435,450],"product_tag":[],"class_list":{"0":"post-7225","1":"product","2":"type-product","3":"status-publish","4":"has-post-thumbnail","6":"product_cat-solstolar","7":"product_cat-tradgard-och-terrass","8":"product_cat-tradgardsmobler","10":"first","11":"instock","12":"sale","13":"taxable","14":"shipping-taxable","15":"purchasable","16":"product-type-simple"},"yoast_head":"<!-- This site is optimized with the Yoast SEO plugin v25.4 - https:\/\/yoast.com\/wordpress\/plugins\/seo\/ -->\n<title>TRUUSK Solstol Tr\u00e4dg\u00e5rdsstol Wellness - Strandstol Hopf\u00e4llbar - Solskydd - Brun - 187 x 58 x 36 cm - TRUUSK - Hem, Tr\u00e4dg\u00e5rd &amp; Fritid<\/title>\n<meta name=\"robots\" content=\"index, follow, max-snippet:-1, max-image-preview:large, max-video-preview:-1\" \/>\n<link rel=\"canonical\" href=\"https:\/\/truusk.store\/sv\/produkt\/truusk-solstol-tradgardsstol-wellness-strandstol-hopfallbar-solskydd-brun-187-x-58-x-36-cm\/\" \/>\n<meta property=\"og:locale\" content=\"sv_SE\" \/>\n<meta property=\"og:type\" content=\"article\" \/>\n<meta property=\"og:title\" content=\"TRUUSK Solstol Tr\u00e4dg\u00e5rdsstol Wellness - Strandstol Hopf\u00e4llbar - Solskydd - Brun - 187 x 58 x 36 cm - TRUUSK - Hem, Tr\u00e4dg\u00e5rd &amp; Fritid\" \/>\n<meta property=\"og:description\" content=\"Med denna bekv\u00e4ma tr\u00e4dg\u00e5rdsstol med solskydd med luftgenomsl\u00e4ppligt textil\u00f6verdrag kan du f\u00e5 optimal avkoppling i din tr\u00e4dg\u00e5rd eller p\u00e5 din...\" \/>\n<meta property=\"og:url\" content=\"https:\/\/truusk.store\/sv\/produkt\/truusk-solstol-tradgardsstol-wellness-strandstol-hopfallbar-solskydd-brun-187-x-58-x-36-cm\/\" \/>\n<meta property=\"og:site_name\" content=\"TRUUSK - Hem, Tr\u00e4dg\u00e5rd &amp; Fritid\" \/>\n<meta property=\"article:modified_time\" content=\"2026-03-12T07:55:28+00:00\" \/>\n<meta property=\"og:image\" content=\"https:\/\/i0.wp.com\/truusk.se\/wp-content\/uploads\/2024\/02\/solstol-tradgardsstol-wellness-solstol-strandstol-hopfallbar-med-solskydd-brun-187-x-58-x-36-cm.webp?fit=800%2C800&ssl=1\" \/>\n\t<meta property=\"og:image:width\" content=\"800\" \/>\n\t<meta property=\"og:image:height\" content=\"800\" \/>\n\t<meta property=\"og:image:type\" content=\"image\/webp\" \/>\n<meta name=\"twitter:card\" content=\"summary_large_image\" \/>\n<meta name=\"twitter:label1\" content=\"Ber\u00e4knad l\u00e4stid\" \/>\n\t<meta name=\"twitter:data1\" content=\"1 minut\" \/>\n<!-- \/ Yoast SEO plugin. -->","yoast_head_json":{"title":"TRUUSK Solstol Tr\u00e4dg\u00e5rdsstol Wellness - Strandstol Hopf\u00e4llbar - Solskydd - Brun - 187 x 58 x 36 cm - TRUUSK - Hem, Tr\u00e4dg\u00e5rd &amp; Fritid","robots":{"index":"index","follow":"follow","max-snippet":"max-snippet:-1","max-image-preview":"max-image-preview:large","max-video-preview":"max-video-preview:-1"},"canonical":"https:\/\/truusk.store\/sv\/produkt\/truusk-solstol-tradgardsstol-wellness-strandstol-hopfallbar-solskydd-brun-187-x-58-x-36-cm\/","og_locale":"sv_SE","og_type":"article","og_title":"TRUUSK Solstol Tr\u00e4dg\u00e5rdsstol Wellness - Strandstol Hopf\u00e4llbar - Solskydd - Brun - 187 x 58 x 36 cm - TRUUSK - Hem, Tr\u00e4dg\u00e5rd &amp; Fritid","og_description":"Med denna bekv\u00e4ma tr\u00e4dg\u00e5rdsstol med solskydd med luftgenomsl\u00e4ppligt textil\u00f6verdrag kan du f\u00e5 optimal avkoppling i din tr\u00e4dg\u00e5rd eller p\u00e5 din...","og_url":"https:\/\/truusk.store\/sv\/produkt\/truusk-solstol-tradgardsstol-wellness-strandstol-hopfallbar-solskydd-brun-187-x-58-x-36-cm\/","og_site_name":"TRUUSK - Hem, Tr\u00e4dg\u00e5rd &amp; Fritid","article_modified_time":"2026-03-12T07:55:28+00:00","og_image":[{"width":800,"height":800,"url":"https:\/\/i0.wp.com\/truusk.se\/wp-content\/uploads\/2024\/02\/solstol-tradgardsstol-wellness-solstol-strandstol-hopfallbar-med-solskydd-brun-187-x-58-x-36-cm.webp?fit=800%2C800&ssl=1","type":"image\/webp"}],"twitter_card":"summary_large_image","twitter_misc":{"Ber\u00e4knad l\u00e4stid":"1 minut"},"schema":{"@context":"https:\/\/schema.org","@graph":[{"@type":"WebPage","@id":"https:\/\/truusk.store\/sv\/produkt\/truusk-solstol-tradgardsstol-wellness-strandstol-hopfallbar-solskydd-brun-187-x-58-x-36-cm\/","url":"https:\/\/truusk.store\/sv\/produkt\/truusk-solstol-tradgardsstol-wellness-strandstol-hopfallbar-solskydd-brun-187-x-58-x-36-cm\/","name":"TRUUSK Solstol Tr\u00e4dg\u00e5rdsstol Wellness - Strandstol Hopf\u00e4llbar - Solskydd - Brun - 187 x 58 x 36 cm - TRUUSK - Hem, Tr\u00e4dg\u00e5rd &amp; Fritid","isPartOf":{"@id":"https:\/\/truusk.store\/sv\/#website"},"primaryImageOfPage":{"@id":"https:\/\/truusk.store\/sv\/produkt\/truusk-solstol-tradgardsstol-wellness-strandstol-hopfallbar-solskydd-brun-187-x-58-x-36-cm\/#primaryimage"},"image":{"@id":"https:\/\/truusk.store\/sv\/produkt\/truusk-solstol-tradgardsstol-wellness-strandstol-hopfallbar-solskydd-brun-187-x-58-x-36-cm\/#primaryimage"},"thumbnailUrl":"https:\/\/i0.wp.com\/truusk.store\/wp-content\/uploads\/2024\/02\/solstol-tradgardsstol-wellness-solstol-strandstol-hopfallbar-med-solskydd-brun-187-x-58-x-36-cm.webp?fit=800%2C800&ssl=1","datePublished":"2024-02-13T07:46:32+00:00","dateModified":"2026-03-12T07:55:28+00:00","breadcrumb":{"@id":"https:\/\/truusk.store\/sv\/produkt\/truusk-solstol-tradgardsstol-wellness-strandstol-hopfallbar-solskydd-brun-187-x-58-x-36-cm\/#breadcrumb"},"inLanguage":"sv-SE","potentialAction":[{"@type":"ReadAction","target":["https:\/\/truusk.store\/sv\/produkt\/truusk-solstol-tradgardsstol-wellness-strandstol-hopfallbar-solskydd-brun-187-x-58-x-36-cm\/"]}]},{"@type":"ImageObject","inLanguage":"sv-SE","@id":"https:\/\/truusk.store\/sv\/produkt\/truusk-solstol-tradgardsstol-wellness-strandstol-hopfallbar-solskydd-brun-187-x-58-x-36-cm\/#primaryimage","url":"https:\/\/i0.wp.com\/truusk.store\/wp-content\/uploads\/2024\/02\/solstol-tradgardsstol-wellness-solstol-strandstol-hopfallbar-med-solskydd-brun-187-x-58-x-36-cm.webp?fit=800%2C800&ssl=1","contentUrl":"https:\/\/i0.wp.com\/truusk.store\/wp-content\/uploads\/2024\/02\/solstol-tradgardsstol-wellness-solstol-strandstol-hopfallbar-med-solskydd-brun-187-x-58-x-36-cm.webp?fit=800%2C800&ssl=1","width":800,"height":800,"caption":"Solstol Tr\u00e4dg\u00e5rdsstol Wellness Solstol Strandstol Hopf\u00e4llbar Med Solskydd Brun 187 X 58 X 36 Cm 1"},{"@type":"BreadcrumbList","@id":"https:\/\/truusk.store\/sv\/produkt\/truusk-solstol-tradgardsstol-wellness-strandstol-hopfallbar-solskydd-brun-187-x-58-x-36-cm\/#breadcrumb","itemListElement":[{"@type":"ListItem","position":1,"name":"Home","item":"https:\/\/truusk.store\/sv\/"},{"@type":"ListItem","position":2,"name":"Shop","item":"https:\/\/truusk.store\/shop\/"},{"@type":"ListItem","position":3,"name":"TRUUSK Solstol Tr\u00e4dg\u00e5rdsstol Wellness &#8211; Strandstol Hopf\u00e4llbar &#8211; Solskydd &#8211; Brun &#8211; 187 x 58 x 36 cm"}]},{"@type":"WebSite","@id":"https:\/\/truusk.store\/sv\/#website","url":"https:\/\/truusk.store\/sv\/","name":"TRUUSK - Hem, Tr\u00e4dg\u00e5rd & Fritid","description":"","publisher":{"@id":"https:\/\/truusk.store\/sv\/#organization"},"potentialAction":[{"@type":"SearchAction","target":{"@type":"EntryPoint","urlTemplate":"https:\/\/truusk.store\/sv\/?s={search_term_string}"},"query-input":{"@type":"PropertyValueSpecification","valueRequired":true,"valueName":"search_term_string"}}],"inLanguage":"sv-SE"},{"@type":"Organization","@id":"https:\/\/truusk.store\/sv\/#organization","name":"TRUUSK - Hem, Tr\u00e4dg\u00e5rd & Fritid","url":"https:\/\/truusk.store\/sv\/","logo":{"@type":"ImageObject","inLanguage":"sv-SE","@id":"https:\/\/truusk.store\/sv\/#\/schema\/logo\/image\/","url":"https:\/\/i0.wp.com\/truusk.store\/wp-content\/uploads\/2026\/03\/cropped-TRUUSK.png?fit=2032%2C917&ssl=1","contentUrl":"https:\/\/i0.wp.com\/truusk.store\/wp-content\/uploads\/2026\/03\/cropped-TRUUSK.png?fit=2032%2C917&ssl=1","width":2032,"height":917,"caption":"TRUUSK - Hem, Tr\u00e4dg\u00e5rd & Fritid"},"image":{"@id":"https:\/\/truusk.store\/sv\/#\/schema\/logo\/image\/"}}]}},"jetpack_sharing_enabled":true,"_links":{"self":[{"href":"https:\/\/truusk.store\/sv\/wp-json\/wp\/v2\/product\/7225","targetHints":{"allow":["GET"]}}],"collection":[{"href":"https:\/\/truusk.store\/sv\/wp-json\/wp\/v2\/product"}],"about":[{"href":"https:\/\/truusk.store\/sv\/wp-json\/wp\/v2\/types\/product"}],"wp:featuredmedia":[{"embeddable":true,"href":"https:\/\/truusk.store\/sv\/wp-json\/wp\/v2\/media\/7226"}],"wp:attachment":[{"href":"https:\/\/truusk.store\/sv\/wp-json\/wp\/v2\/media?parent=7225"}],"wp:term":[{"taxonomy":"product_brand","embeddable":true,"href":"https:\/\/truusk.store\/sv\/wp-json\/wp\/v2\/product_brand?post=7225"},{"taxonomy":"product_cat","embeddable":true,"href":"https:\/\/truusk.store\/sv\/wp-json\/wp\/v2\/product_cat?post=7225"},{"taxonomy":"product_tag","embeddable":true,"href":"https:\/\/truusk.store\/sv\/wp-json\/wp\/v2\/product_tag?post=7225"}],"curies":[{"name":"wp","href":"https:\/\/api.w.org\/{rel}","templated":true}]}}