{"id":72268,"date":"2025-06-05T22:33:49","date_gmt":"2025-06-05T21:33:49","guid":{"rendered":"https:\/\/truusk.store\/product\/aiyaplay-ler-kok-for-barn-utomhus-tradgardskok-i-tra-med-spis-diskho-vattenkran-forvaringshyllor-koksredskap-tillbehor-lekkok-for-barn-3-7-ar-bla\/"},"modified":"2026-03-12T08:40:52","modified_gmt":"2026-03-12T07:40:52","slug":"truusk-utekok-i-tra-for-barn-spis-diskho-vattenkran-forvaringshyllor-koksredskap-tillbehor-lekkok-for-barn-3-7-ar","status":"publish","type":"product","link":"https:\/\/truusk.store\/sv\/produkt\/truusk-utekok-i-tra-for-barn-spis-diskho-vattenkran-forvaringshyllor-koksredskap-tillbehor-lekkok-for-barn-3-7-ar\/","title":{"rendered":"TRUUSK Utek\u00f6k i Tr\u00e4 f\u00f6r Barn &#8211; Spis &#8211; Diskho &#8211; Vattenkran &#8211; F\u00f6rvaringshyllor &#8211; K\u00f6ksredskap &#8211; Tillbeh\u00f6r &#8211; Lekk\u00f6k f\u00f6r Barn 3-7 \u00e5r &#8211;"},"content":{"rendered":"<p>V\u00e4ck ditt barns matlagningspassion med AIYAPLAY Outdoor Kids Kitchen Playset! Det har fyra realistiska spish\u00e4llar med roterande reglage och ett komplett set av rostfritt st\u00e5l k\u00f6ksredskap f\u00f6r autentiska matlagningsupplevelser. Ett interaktivt diskb\u00e4nk med rinnande vatten \u00f6kar ocks\u00e5 skoj i lerk\u00f6ket &#8211; perfekt f\u00f6r unga, uppt\u00e4cktslystna kockar.<\/p>\n<p>Beskrivning:<\/p>\n<ul>\n<li> Simulerade spish\u00e4llar och roterande knappar imiterar riktig matlagning<\/li>\n<li> K\u00f6ksredskapset i rostfritt st\u00e5l f\u00f6rb\u00e4ttrar den autentiska spelupplevelsen<\/li>\n<li> Funktionell diskb\u00e4nk med realistiskt vattenfl\u00f6de f\u00f6r interaktivt spel<\/li>\n<li> Hyllor och sk\u00e5p hj\u00e4lper till att f\u00f6rvara tillbeh\u00f6r snyggt<\/li>\n<li> Massivt tr\u00e4 med vattenbaserad bel\u00e4ggning f\u00f6r utomhust\u00e5lighet<\/li>\n<li> Skuggande tak skyddar setet fr\u00e5n v\u00e4derskador<\/li>\n<li> Fr\u00e4mjar social interaktion och kreativitet bland barn<\/li>\n<li> Montering kr\u00e4vs<\/li>\n<\/ul>\n<p> Tekniska data:<\/p>\n<ul>\n<li> F\u00e4rg: Bl\u00e5+Vit<\/li>\n<li> Material: Grantr\u00e4, Polyester<\/li>\n<li> Totala dimensioner: 80L x 36,5B x 112H cm<\/li>\n<li> Baldakin: 116L x 28,5B cm<\/li>\n<li> Diskb\u00e4nk: 32B x 22T x 7H cm<\/li>\n<li> Inre dimensioner av sk\u00e5pet: 35,5B x 32T x 34,5H cm<\/li>\n<li> Sk\u00e5pd\u00f6rrstorlek: 33,5L x 35,5B cm<\/li>\n<li> Bordsh\u00f6jd: 55 cm<\/li>\n<li> Godk\u00e4nd\/Rekommenderad \u00e5lder: 3-7 \u00e5r<\/li>\n<\/ul>\n<p>Leveransinneh\u00e5ll:<\/p>\n<ul>\n<li> 1 x Barnk\u00f6k<\/li>\n<li> 1 x K\u00f6ksredskapsset<\/li>\n<li> 1 x Bruksanvisning<\/li>\n<\/ul>\n","protected":false},"excerpt":{"rendered":"<p>V\u00e4ck ditt barns matlagningspassion med AIYAPLAY Outdoor Kids Kitchen Playset! Det har fyra realistiska spish\u00e4llar med roterande reglage och ett&#8230;<\/p>\n","protected":false},"featured_media":72258,"template":"","meta":[],"product_brand":[],"product_cat":[880,626,918],"product_tag":[],"class_list":{"0":"post-72268","1":"product","2":"type-product","3":"status-publish","4":"has-post-thumbnail","6":"product_cat-baby-barn-2","7":"product_cat-barns-rollspel","8":"product_cat-leksaker","10":"first","11":"instock","12":"sale","13":"taxable","14":"shipping-taxable","15":"purchasable","16":"product-type-simple"},"yoast_head":"<!-- This site is optimized with the Yoast SEO plugin v25.4 - https:\/\/yoast.com\/wordpress\/plugins\/seo\/ -->\n<title>TRUUSK Utek\u00f6k i Tr\u00e4 f\u00f6r Barn - Spis - Diskho - Vattenkran - F\u00f6rvaringshyllor - K\u00f6ksredskap - Tillbeh\u00f6r - Lekk\u00f6k f\u00f6r Barn 3-7 \u00e5r - TRUUSK - Hem, Tr\u00e4dg\u00e5rd &amp; Fritid<\/title>\n<meta name=\"robots\" content=\"index, follow, max-snippet:-1, max-image-preview:large, max-video-preview:-1\" \/>\n<link rel=\"canonical\" href=\"https:\/\/truusk.store\/sv\/produkt\/truusk-utekok-i-tra-for-barn-spis-diskho-vattenkran-forvaringshyllor-koksredskap-tillbehor-lekkok-for-barn-3-7-ar\/\" \/>\n<meta property=\"og:locale\" content=\"sv_SE\" \/>\n<meta property=\"og:type\" content=\"article\" \/>\n<meta property=\"og:title\" content=\"TRUUSK Utek\u00f6k i Tr\u00e4 f\u00f6r Barn - Spis - Diskho - Vattenkran - F\u00f6rvaringshyllor - K\u00f6ksredskap - Tillbeh\u00f6r - Lekk\u00f6k f\u00f6r Barn 3-7 \u00e5r - TRUUSK - Hem, Tr\u00e4dg\u00e5rd &amp; Fritid\" \/>\n<meta property=\"og:description\" content=\"V\u00e4ck ditt barns matlagningspassion med AIYAPLAY Outdoor Kids Kitchen Playset! Det har fyra realistiska spish\u00e4llar med roterande reglage och ett...\" \/>\n<meta property=\"og:url\" content=\"https:\/\/truusk.store\/sv\/produkt\/truusk-utekok-i-tra-for-barn-spis-diskho-vattenkran-forvaringshyllor-koksredskap-tillbehor-lekkok-for-barn-3-7-ar\/\" \/>\n<meta property=\"og:site_name\" content=\"TRUUSK - Hem, Tr\u00e4dg\u00e5rd &amp; Fritid\" \/>\n<meta property=\"article:modified_time\" content=\"2026-03-12T07:40:52+00:00\" \/>\n<meta property=\"og:image\" content=\"https:\/\/i0.wp.com\/truusk.se\/wp-content\/uploads\/2025\/06\/aiyaplay-ler-kok-for-barn-utomhus-tradgardskok-i-tra-med-spis-diskho-vattenkran-forvaringshyllor-koksredskap-tillbehor-lekkok-for-barn-3-7-ar-bla-1.webp?fit=2000%2C2000&ssl=1\" \/>\n\t<meta property=\"og:image:width\" content=\"2000\" \/>\n\t<meta property=\"og:image:height\" content=\"2000\" \/>\n\t<meta property=\"og:image:type\" content=\"image\/webp\" \/>\n<meta name=\"twitter:card\" content=\"summary_large_image\" \/>\n<meta name=\"twitter:label1\" content=\"Ber\u00e4knad l\u00e4stid\" \/>\n\t<meta name=\"twitter:data1\" content=\"1 minut\" \/>\n<!-- \/ Yoast SEO plugin. -->","yoast_head_json":{"title":"TRUUSK Utek\u00f6k i Tr\u00e4 f\u00f6r Barn - Spis - Diskho - Vattenkran - F\u00f6rvaringshyllor - K\u00f6ksredskap - Tillbeh\u00f6r - Lekk\u00f6k f\u00f6r Barn 3-7 \u00e5r - TRUUSK - Hem, Tr\u00e4dg\u00e5rd &amp; Fritid","robots":{"index":"index","follow":"follow","max-snippet":"max-snippet:-1","max-image-preview":"max-image-preview:large","max-video-preview":"max-video-preview:-1"},"canonical":"https:\/\/truusk.store\/sv\/produkt\/truusk-utekok-i-tra-for-barn-spis-diskho-vattenkran-forvaringshyllor-koksredskap-tillbehor-lekkok-for-barn-3-7-ar\/","og_locale":"sv_SE","og_type":"article","og_title":"TRUUSK Utek\u00f6k i Tr\u00e4 f\u00f6r Barn - Spis - Diskho - Vattenkran - F\u00f6rvaringshyllor - K\u00f6ksredskap - Tillbeh\u00f6r - Lekk\u00f6k f\u00f6r Barn 3-7 \u00e5r - TRUUSK - Hem, Tr\u00e4dg\u00e5rd &amp; Fritid","og_description":"V\u00e4ck ditt barns matlagningspassion med AIYAPLAY Outdoor Kids Kitchen Playset! Det har fyra realistiska spish\u00e4llar med roterande reglage och ett...","og_url":"https:\/\/truusk.store\/sv\/produkt\/truusk-utekok-i-tra-for-barn-spis-diskho-vattenkran-forvaringshyllor-koksredskap-tillbehor-lekkok-for-barn-3-7-ar\/","og_site_name":"TRUUSK - Hem, Tr\u00e4dg\u00e5rd &amp; Fritid","article_modified_time":"2026-03-12T07:40:52+00:00","og_image":[{"width":2000,"height":2000,"url":"https:\/\/i0.wp.com\/truusk.se\/wp-content\/uploads\/2025\/06\/aiyaplay-ler-kok-for-barn-utomhus-tradgardskok-i-tra-med-spis-diskho-vattenkran-forvaringshyllor-koksredskap-tillbehor-lekkok-for-barn-3-7-ar-bla-1.webp?fit=2000%2C2000&ssl=1","type":"image\/webp"}],"twitter_card":"summary_large_image","twitter_misc":{"Ber\u00e4knad l\u00e4stid":"1 minut"},"schema":{"@context":"https:\/\/schema.org","@graph":[{"@type":"WebPage","@id":"https:\/\/truusk.store\/sv\/produkt\/truusk-utekok-i-tra-for-barn-spis-diskho-vattenkran-forvaringshyllor-koksredskap-tillbehor-lekkok-for-barn-3-7-ar\/","url":"https:\/\/truusk.store\/sv\/produkt\/truusk-utekok-i-tra-for-barn-spis-diskho-vattenkran-forvaringshyllor-koksredskap-tillbehor-lekkok-for-barn-3-7-ar\/","name":"TRUUSK Utek\u00f6k i Tr\u00e4 f\u00f6r Barn - Spis - Diskho - Vattenkran - F\u00f6rvaringshyllor - K\u00f6ksredskap - Tillbeh\u00f6r - Lekk\u00f6k f\u00f6r Barn 3-7 \u00e5r - TRUUSK - Hem, Tr\u00e4dg\u00e5rd &amp; Fritid","isPartOf":{"@id":"https:\/\/truusk.store\/sv\/#website"},"primaryImageOfPage":{"@id":"https:\/\/truusk.store\/sv\/produkt\/truusk-utekok-i-tra-for-barn-spis-diskho-vattenkran-forvaringshyllor-koksredskap-tillbehor-lekkok-for-barn-3-7-ar\/#primaryimage"},"image":{"@id":"https:\/\/truusk.store\/sv\/produkt\/truusk-utekok-i-tra-for-barn-spis-diskho-vattenkran-forvaringshyllor-koksredskap-tillbehor-lekkok-for-barn-3-7-ar\/#primaryimage"},"thumbnailUrl":"https:\/\/i0.wp.com\/truusk.store\/wp-content\/uploads\/2025\/06\/aiyaplay-ler-kok-for-barn-utomhus-tradgardskok-i-tra-med-spis-diskho-vattenkran-forvaringshyllor-koksredskap-tillbehor-lekkok-for-barn-3-7-ar-bla-1.webp?fit=2000%2C2000&ssl=1","datePublished":"2025-06-05T21:33:49+00:00","dateModified":"2026-03-12T07:40:52+00:00","breadcrumb":{"@id":"https:\/\/truusk.store\/sv\/produkt\/truusk-utekok-i-tra-for-barn-spis-diskho-vattenkran-forvaringshyllor-koksredskap-tillbehor-lekkok-for-barn-3-7-ar\/#breadcrumb"},"inLanguage":"sv-SE","potentialAction":[{"@type":"ReadAction","target":["https:\/\/truusk.store\/sv\/produkt\/truusk-utekok-i-tra-for-barn-spis-diskho-vattenkran-forvaringshyllor-koksredskap-tillbehor-lekkok-for-barn-3-7-ar\/"]}]},{"@type":"ImageObject","inLanguage":"sv-SE","@id":"https:\/\/truusk.store\/sv\/produkt\/truusk-utekok-i-tra-for-barn-spis-diskho-vattenkran-forvaringshyllor-koksredskap-tillbehor-lekkok-for-barn-3-7-ar\/#primaryimage","url":"https:\/\/i0.wp.com\/truusk.store\/wp-content\/uploads\/2025\/06\/aiyaplay-ler-kok-for-barn-utomhus-tradgardskok-i-tra-med-spis-diskho-vattenkran-forvaringshyllor-koksredskap-tillbehor-lekkok-for-barn-3-7-ar-bla-1.webp?fit=2000%2C2000&ssl=1","contentUrl":"https:\/\/i0.wp.com\/truusk.store\/wp-content\/uploads\/2025\/06\/aiyaplay-ler-kok-for-barn-utomhus-tradgardskok-i-tra-med-spis-diskho-vattenkran-forvaringshyllor-koksredskap-tillbehor-lekkok-for-barn-3-7-ar-bla-1.webp?fit=2000%2C2000&ssl=1","width":2000,"height":2000},{"@type":"BreadcrumbList","@id":"https:\/\/truusk.store\/sv\/produkt\/truusk-utekok-i-tra-for-barn-spis-diskho-vattenkran-forvaringshyllor-koksredskap-tillbehor-lekkok-for-barn-3-7-ar\/#breadcrumb","itemListElement":[{"@type":"ListItem","position":1,"name":"Home","item":"https:\/\/truusk.store\/sv\/"},{"@type":"ListItem","position":2,"name":"Shop","item":"https:\/\/truusk.store\/shop\/"},{"@type":"ListItem","position":3,"name":"TRUUSK Utek\u00f6k i Tr\u00e4 f\u00f6r Barn &#8211; Spis &#8211; Diskho &#8211; Vattenkran &#8211; F\u00f6rvaringshyllor &#8211; K\u00f6ksredskap &#8211; Tillbeh\u00f6r &#8211; Lekk\u00f6k f\u00f6r Barn 3-7 \u00e5r &#8211;"}]},{"@type":"WebSite","@id":"https:\/\/truusk.store\/sv\/#website","url":"https:\/\/truusk.store\/sv\/","name":"TRUUSK - Hem, Tr\u00e4dg\u00e5rd & Fritid","description":"","publisher":{"@id":"https:\/\/truusk.store\/sv\/#organization"},"potentialAction":[{"@type":"SearchAction","target":{"@type":"EntryPoint","urlTemplate":"https:\/\/truusk.store\/sv\/?s={search_term_string}"},"query-input":{"@type":"PropertyValueSpecification","valueRequired":true,"valueName":"search_term_string"}}],"inLanguage":"sv-SE"},{"@type":"Organization","@id":"https:\/\/truusk.store\/sv\/#organization","name":"TRUUSK - Hem, Tr\u00e4dg\u00e5rd & Fritid","url":"https:\/\/truusk.store\/sv\/","logo":{"@type":"ImageObject","inLanguage":"sv-SE","@id":"https:\/\/truusk.store\/sv\/#\/schema\/logo\/image\/","url":"https:\/\/i0.wp.com\/truusk.store\/wp-content\/uploads\/2026\/03\/cropped-TRUUSK.png?fit=2032%2C917&ssl=1","contentUrl":"https:\/\/i0.wp.com\/truusk.store\/wp-content\/uploads\/2026\/03\/cropped-TRUUSK.png?fit=2032%2C917&ssl=1","width":2032,"height":917,"caption":"TRUUSK - Hem, Tr\u00e4dg\u00e5rd & Fritid"},"image":{"@id":"https:\/\/truusk.store\/sv\/#\/schema\/logo\/image\/"}}]}},"jetpack_sharing_enabled":true,"_links":{"self":[{"href":"https:\/\/truusk.store\/sv\/wp-json\/wp\/v2\/product\/72268","targetHints":{"allow":["GET"]}}],"collection":[{"href":"https:\/\/truusk.store\/sv\/wp-json\/wp\/v2\/product"}],"about":[{"href":"https:\/\/truusk.store\/sv\/wp-json\/wp\/v2\/types\/product"}],"wp:featuredmedia":[{"embeddable":true,"href":"https:\/\/truusk.store\/sv\/wp-json\/wp\/v2\/media\/72258"}],"wp:attachment":[{"href":"https:\/\/truusk.store\/sv\/wp-json\/wp\/v2\/media?parent=72268"}],"wp:term":[{"taxonomy":"product_brand","embeddable":true,"href":"https:\/\/truusk.store\/sv\/wp-json\/wp\/v2\/product_brand?post=72268"},{"taxonomy":"product_cat","embeddable":true,"href":"https:\/\/truusk.store\/sv\/wp-json\/wp\/v2\/product_cat?post=72268"},{"taxonomy":"product_tag","embeddable":true,"href":"https:\/\/truusk.store\/sv\/wp-json\/wp\/v2\/product_tag?post=72268"}],"curies":[{"name":"wp","href":"https:\/\/api.w.org\/{rel}","templated":true}]}}