{"id":72287,"date":"2025-06-05T22:35:40","date_gmt":"2025-06-05T21:35:40","guid":{"rendered":"https:\/\/truusk.store\/product\/badrumsskap-hogskap-med-3-lador-2-oppna-fack-forvaringsskap-for-badrum-vardagsrum-vit-30-x-30-x-1424-cm\/"},"modified":"2026-03-12T08:41:03","modified_gmt":"2026-03-12T07:41:03","slug":"truusk-badrumsskap-hogskap-med-3-lador-och-2-oppna-fack-forvaringsskap-for-badrum-och-vardagsrum-vit-30-x-30-x-1424-cm","status":"publish","type":"product","link":"https:\/\/truusk.store\/sv\/produkt\/truusk-badrumsskap-hogskap-med-3-lador-och-2-oppna-fack-forvaringsskap-for-badrum-och-vardagsrum-vit-30-x-30-x-1424-cm\/","title":{"rendered":"TRUUSK Badrumssk\u00e5p &#8211; H\u00f6gsk\u00e5p med 3 l\u00e5dor och 2 \u00f6ppna fack &#8211; F\u00f6rvaringssk\u00e5p f\u00f6r Badrum och Vardagsrum &#8211; Vit &#8211; 30 x 30 x 142,4 cm"},"content":{"rendered":"<p>Maximera utrymmet och minimera r\u00f6ran med detta moderna badrumssk\u00e5p fr\u00e5n TRUUSK. Det \u00e4r utformat i retrostil och passar perfekt f\u00f6r badrum, k\u00f6k, vardagsrum och mycket mer. Det \u00e4r tillverkat av robust MDF och erbjuder gott om utrymme f\u00f6r f\u00f6rvaring och organisering av handdukar och hygienartiklar. Detta badrumssk\u00e5p \u00e4r utm\u00e4rkt f\u00f6r anv\u00e4ndning i familjehem.<\/p>\n<p>Beskrivning:<\/p>\n<ul>\n<li> Det kompakta och h\u00f6ga sk\u00e5pet passar perfekt i tr\u00e5nga utrymmen<\/li>\n<li> Vintage-stilen passar de flesta badrum, vardagsrum och sovrum samt korridorer<\/li>\n<li> Har 2 \u00f6ppna hyllor och tre l\u00e5dor f\u00f6r gott om f\u00f6rvaringsutrymme och organisering<\/li>\n<li> Tillverkat av MDF-tr\u00e4 f\u00f6r en solid konstruktion<\/li>\n<li> Anti-tip-design s\u00e4kerst\u00e4ller din s\u00e4kerhet<\/li>\n<li> Montering kr\u00e4vs<\/li>\n<\/ul>\n<p> Tekniska specifikationer:<\/p>\n<ul>\n<li> F\u00e4rg: Vit<\/li>\n<li> Material: MDF<\/li>\n<li> Totala dimensioner: 30L x 30B x 142,4 H cm<\/li>\n<li> \u00d6ppen hyllstorlek: 26,8L x 28B x 27,4\/23,2H cm<\/li>\n<li> Inre l\u00e5dstorlek: 23,8L x 25,2B x 22,5H cm<\/li>\n<li> Viktkapacitet: 17,5 kg (totalt), 5 kg (hylla), 2,5 kg (l\u00e5da)<\/li>\n<\/ul>\n<p>Leveransinneh\u00e5ll:<\/p>\n<ul>\n<li> 1 x Badrumssk\u00e5p<\/li>\n<li> 1 x Instruktioner<\/li>\n<\/ul>\n","protected":false},"excerpt":{"rendered":"<p>Maximera utrymmet och minimera r\u00f6ran med detta moderna badrumssk\u00e5p fr\u00e5n TRUUSK. Det \u00e4r utformat i retrostil och passar perfekt f\u00f6r&#8230;<\/p>\n","protected":false},"featured_media":72278,"template":"","meta":[],"product_brand":[],"product_cat":[915,535,871],"product_tag":[],"class_list":{"0":"post-72287","1":"product","2":"type-product","3":"status-publish","4":"has-post-thumbnail","6":"product_cat-badrum","7":"product_cat-badrumsskap","8":"product_cat-hus-hem","10":"first","11":"instock","12":"sale","13":"taxable","14":"shipping-taxable","15":"purchasable","16":"product-type-simple"},"yoast_head":"<!-- This site is optimized with the Yoast SEO plugin v25.4 - https:\/\/yoast.com\/wordpress\/plugins\/seo\/ -->\n<title>TRUUSK Badrumssk\u00e5p - H\u00f6gsk\u00e5p med 3 l\u00e5dor och 2 \u00f6ppna fack - F\u00f6rvaringssk\u00e5p f\u00f6r Badrum och Vardagsrum - Vit - 30 x 30 x 142,4 cm - TRUUSK - Hem, Tr\u00e4dg\u00e5rd &amp; Fritid<\/title>\n<meta name=\"robots\" content=\"index, follow, max-snippet:-1, max-image-preview:large, max-video-preview:-1\" \/>\n<link rel=\"canonical\" href=\"https:\/\/truusk.store\/sv\/produkt\/truusk-badrumsskap-hogskap-med-3-lador-och-2-oppna-fack-forvaringsskap-for-badrum-och-vardagsrum-vit-30-x-30-x-1424-cm\/\" \/>\n<meta property=\"og:locale\" content=\"sv_SE\" \/>\n<meta property=\"og:type\" content=\"article\" \/>\n<meta property=\"og:title\" content=\"TRUUSK Badrumssk\u00e5p - H\u00f6gsk\u00e5p med 3 l\u00e5dor och 2 \u00f6ppna fack - F\u00f6rvaringssk\u00e5p f\u00f6r Badrum och Vardagsrum - Vit - 30 x 30 x 142,4 cm - TRUUSK - Hem, Tr\u00e4dg\u00e5rd &amp; Fritid\" \/>\n<meta property=\"og:description\" content=\"Maximera utrymmet och minimera r\u00f6ran med detta moderna badrumssk\u00e5p fr\u00e5n TRUUSK. Det \u00e4r utformat i retrostil och passar perfekt f\u00f6r...\" \/>\n<meta property=\"og:url\" content=\"https:\/\/truusk.store\/sv\/produkt\/truusk-badrumsskap-hogskap-med-3-lador-och-2-oppna-fack-forvaringsskap-for-badrum-och-vardagsrum-vit-30-x-30-x-1424-cm\/\" \/>\n<meta property=\"og:site_name\" content=\"TRUUSK - Hem, Tr\u00e4dg\u00e5rd &amp; Fritid\" \/>\n<meta property=\"article:modified_time\" content=\"2026-03-12T07:41:03+00:00\" \/>\n<meta property=\"og:image\" content=\"https:\/\/i0.wp.com\/truusk.se\/wp-content\/uploads\/2025\/06\/badrumsskap-hogskap-med-3-lador-2-oppna-fack-forvaringsskap-for-badrum-vardagsrum-vit-30-x-30-x-1424-cm-1.webp?fit=2000%2C2000&ssl=1\" \/>\n\t<meta property=\"og:image:width\" content=\"2000\" \/>\n\t<meta property=\"og:image:height\" content=\"2000\" \/>\n\t<meta property=\"og:image:type\" content=\"image\/webp\" \/>\n<meta name=\"twitter:card\" content=\"summary_large_image\" \/>\n<meta name=\"twitter:label1\" content=\"Ber\u00e4knad l\u00e4stid\" \/>\n\t<meta name=\"twitter:data1\" content=\"1 minut\" \/>\n<!-- \/ Yoast SEO plugin. -->","yoast_head_json":{"title":"TRUUSK Badrumssk\u00e5p - H\u00f6gsk\u00e5p med 3 l\u00e5dor och 2 \u00f6ppna fack - F\u00f6rvaringssk\u00e5p f\u00f6r Badrum och Vardagsrum - Vit - 30 x 30 x 142,4 cm - TRUUSK - Hem, Tr\u00e4dg\u00e5rd &amp; Fritid","robots":{"index":"index","follow":"follow","max-snippet":"max-snippet:-1","max-image-preview":"max-image-preview:large","max-video-preview":"max-video-preview:-1"},"canonical":"https:\/\/truusk.store\/sv\/produkt\/truusk-badrumsskap-hogskap-med-3-lador-och-2-oppna-fack-forvaringsskap-for-badrum-och-vardagsrum-vit-30-x-30-x-1424-cm\/","og_locale":"sv_SE","og_type":"article","og_title":"TRUUSK Badrumssk\u00e5p - H\u00f6gsk\u00e5p med 3 l\u00e5dor och 2 \u00f6ppna fack - F\u00f6rvaringssk\u00e5p f\u00f6r Badrum och Vardagsrum - Vit - 30 x 30 x 142,4 cm - TRUUSK - Hem, Tr\u00e4dg\u00e5rd &amp; Fritid","og_description":"Maximera utrymmet och minimera r\u00f6ran med detta moderna badrumssk\u00e5p fr\u00e5n TRUUSK. Det \u00e4r utformat i retrostil och passar perfekt f\u00f6r...","og_url":"https:\/\/truusk.store\/sv\/produkt\/truusk-badrumsskap-hogskap-med-3-lador-och-2-oppna-fack-forvaringsskap-for-badrum-och-vardagsrum-vit-30-x-30-x-1424-cm\/","og_site_name":"TRUUSK - Hem, Tr\u00e4dg\u00e5rd &amp; Fritid","article_modified_time":"2026-03-12T07:41:03+00:00","og_image":[{"width":2000,"height":2000,"url":"https:\/\/i0.wp.com\/truusk.se\/wp-content\/uploads\/2025\/06\/badrumsskap-hogskap-med-3-lador-2-oppna-fack-forvaringsskap-for-badrum-vardagsrum-vit-30-x-30-x-1424-cm-1.webp?fit=2000%2C2000&ssl=1","type":"image\/webp"}],"twitter_card":"summary_large_image","twitter_misc":{"Ber\u00e4knad l\u00e4stid":"1 minut"},"schema":{"@context":"https:\/\/schema.org","@graph":[{"@type":"WebPage","@id":"https:\/\/truusk.store\/sv\/produkt\/truusk-badrumsskap-hogskap-med-3-lador-och-2-oppna-fack-forvaringsskap-for-badrum-och-vardagsrum-vit-30-x-30-x-1424-cm\/","url":"https:\/\/truusk.store\/sv\/produkt\/truusk-badrumsskap-hogskap-med-3-lador-och-2-oppna-fack-forvaringsskap-for-badrum-och-vardagsrum-vit-30-x-30-x-1424-cm\/","name":"TRUUSK Badrumssk\u00e5p - H\u00f6gsk\u00e5p med 3 l\u00e5dor och 2 \u00f6ppna fack - F\u00f6rvaringssk\u00e5p f\u00f6r Badrum och Vardagsrum - Vit - 30 x 30 x 142,4 cm - TRUUSK - Hem, Tr\u00e4dg\u00e5rd &amp; Fritid","isPartOf":{"@id":"https:\/\/truusk.store\/sv\/#website"},"primaryImageOfPage":{"@id":"https:\/\/truusk.store\/sv\/produkt\/truusk-badrumsskap-hogskap-med-3-lador-och-2-oppna-fack-forvaringsskap-for-badrum-och-vardagsrum-vit-30-x-30-x-1424-cm\/#primaryimage"},"image":{"@id":"https:\/\/truusk.store\/sv\/produkt\/truusk-badrumsskap-hogskap-med-3-lador-och-2-oppna-fack-forvaringsskap-for-badrum-och-vardagsrum-vit-30-x-30-x-1424-cm\/#primaryimage"},"thumbnailUrl":"https:\/\/i0.wp.com\/truusk.store\/wp-content\/uploads\/2025\/06\/badrumsskap-hogskap-med-3-lador-2-oppna-fack-forvaringsskap-for-badrum-vardagsrum-vit-30-x-30-x-1424-cm-1.webp?fit=2000%2C2000&ssl=1","datePublished":"2025-06-05T21:35:40+00:00","dateModified":"2026-03-12T07:41:03+00:00","breadcrumb":{"@id":"https:\/\/truusk.store\/sv\/produkt\/truusk-badrumsskap-hogskap-med-3-lador-och-2-oppna-fack-forvaringsskap-for-badrum-och-vardagsrum-vit-30-x-30-x-1424-cm\/#breadcrumb"},"inLanguage":"sv-SE","potentialAction":[{"@type":"ReadAction","target":["https:\/\/truusk.store\/sv\/produkt\/truusk-badrumsskap-hogskap-med-3-lador-och-2-oppna-fack-forvaringsskap-for-badrum-och-vardagsrum-vit-30-x-30-x-1424-cm\/"]}]},{"@type":"ImageObject","inLanguage":"sv-SE","@id":"https:\/\/truusk.store\/sv\/produkt\/truusk-badrumsskap-hogskap-med-3-lador-och-2-oppna-fack-forvaringsskap-for-badrum-och-vardagsrum-vit-30-x-30-x-1424-cm\/#primaryimage","url":"https:\/\/i0.wp.com\/truusk.store\/wp-content\/uploads\/2025\/06\/badrumsskap-hogskap-med-3-lador-2-oppna-fack-forvaringsskap-for-badrum-vardagsrum-vit-30-x-30-x-1424-cm-1.webp?fit=2000%2C2000&ssl=1","contentUrl":"https:\/\/i0.wp.com\/truusk.store\/wp-content\/uploads\/2025\/06\/badrumsskap-hogskap-med-3-lador-2-oppna-fack-forvaringsskap-for-badrum-vardagsrum-vit-30-x-30-x-1424-cm-1.webp?fit=2000%2C2000&ssl=1","width":2000,"height":2000},{"@type":"BreadcrumbList","@id":"https:\/\/truusk.store\/sv\/produkt\/truusk-badrumsskap-hogskap-med-3-lador-och-2-oppna-fack-forvaringsskap-for-badrum-och-vardagsrum-vit-30-x-30-x-1424-cm\/#breadcrumb","itemListElement":[{"@type":"ListItem","position":1,"name":"Home","item":"https:\/\/truusk.store\/sv\/"},{"@type":"ListItem","position":2,"name":"Shop","item":"https:\/\/truusk.store\/shop\/"},{"@type":"ListItem","position":3,"name":"TRUUSK Badrumssk\u00e5p &#8211; H\u00f6gsk\u00e5p med 3 l\u00e5dor och 2 \u00f6ppna fack &#8211; F\u00f6rvaringssk\u00e5p f\u00f6r Badrum och Vardagsrum &#8211; Vit &#8211; 30 x 30 x 142,4 cm"}]},{"@type":"WebSite","@id":"https:\/\/truusk.store\/sv\/#website","url":"https:\/\/truusk.store\/sv\/","name":"TRUUSK - Hem, Tr\u00e4dg\u00e5rd & Fritid","description":"","publisher":{"@id":"https:\/\/truusk.store\/sv\/#organization"},"potentialAction":[{"@type":"SearchAction","target":{"@type":"EntryPoint","urlTemplate":"https:\/\/truusk.store\/sv\/?s={search_term_string}"},"query-input":{"@type":"PropertyValueSpecification","valueRequired":true,"valueName":"search_term_string"}}],"inLanguage":"sv-SE"},{"@type":"Organization","@id":"https:\/\/truusk.store\/sv\/#organization","name":"TRUUSK - Hem, Tr\u00e4dg\u00e5rd & Fritid","url":"https:\/\/truusk.store\/sv\/","logo":{"@type":"ImageObject","inLanguage":"sv-SE","@id":"https:\/\/truusk.store\/sv\/#\/schema\/logo\/image\/","url":"https:\/\/i0.wp.com\/truusk.store\/wp-content\/uploads\/2026\/03\/cropped-TRUUSK.png?fit=2032%2C917&ssl=1","contentUrl":"https:\/\/i0.wp.com\/truusk.store\/wp-content\/uploads\/2026\/03\/cropped-TRUUSK.png?fit=2032%2C917&ssl=1","width":2032,"height":917,"caption":"TRUUSK - Hem, Tr\u00e4dg\u00e5rd & Fritid"},"image":{"@id":"https:\/\/truusk.store\/sv\/#\/schema\/logo\/image\/"}}]}},"jetpack_sharing_enabled":true,"_links":{"self":[{"href":"https:\/\/truusk.store\/sv\/wp-json\/wp\/v2\/product\/72287","targetHints":{"allow":["GET"]}}],"collection":[{"href":"https:\/\/truusk.store\/sv\/wp-json\/wp\/v2\/product"}],"about":[{"href":"https:\/\/truusk.store\/sv\/wp-json\/wp\/v2\/types\/product"}],"wp:featuredmedia":[{"embeddable":true,"href":"https:\/\/truusk.store\/sv\/wp-json\/wp\/v2\/media\/72278"}],"wp:attachment":[{"href":"https:\/\/truusk.store\/sv\/wp-json\/wp\/v2\/media?parent=72287"}],"wp:term":[{"taxonomy":"product_brand","embeddable":true,"href":"https:\/\/truusk.store\/sv\/wp-json\/wp\/v2\/product_brand?post=72287"},{"taxonomy":"product_cat","embeddable":true,"href":"https:\/\/truusk.store\/sv\/wp-json\/wp\/v2\/product_cat?post=72287"},{"taxonomy":"product_tag","embeddable":true,"href":"https:\/\/truusk.store\/sv\/wp-json\/wp\/v2\/product_tag?post=72287"}],"curies":[{"name":"wp","href":"https:\/\/api.w.org\/{rel}","templated":true}]}}