{"id":72297,"date":"2025-06-05T22:36:44","date_gmt":"2025-06-05T21:36:44","guid":{"rendered":"https:\/\/truusk.store\/product\/badrumsskap-hogt-skap-med-3-hyllor-1-lada-badrumsskap-badhylla-bad-skap-badrumsmobler-vit-34x24x1705cm\/"},"modified":"2026-03-12T08:41:06","modified_gmt":"2026-03-12T07:41:06","slug":"truusk-badrumsforvaring-hogt-skap-med-3-hyllor-och-1-lada-vit-34x24x1705cm","status":"publish","type":"product","link":"https:\/\/truusk.store\/sv\/produkt\/truusk-badrumsforvaring-hogt-skap-med-3-hyllor-och-1-lada-vit-34x24x1705cm\/","title":{"rendered":"TRUUSK Badrumsf\u00f6rvaring &#8211; H\u00f6gt sk\u00e5p med 3 hyllor och 1 l\u00e5da &#8211; Vit &#8211; 34x24x170,5cm"},"content":{"rendered":"<p>Detta TRUUSK badrumssk\u00e5p erbjuder massor av f\u00f6rvaringsutrymme, s\u00e5 att hygienprodukter, handdukar och kosmetika l\u00e4tt kan hitta sin plats d\u00e4r. Ett sk\u00e5p, tre \u00f6ppna hyllor, en l\u00e4ttglidande l\u00e5da och ett nedre sk\u00e5p g\u00f6r detta sk\u00e5p till den idealiska f\u00f6rvaringsl\u00f6sningen. Det b\u00e4sta med det &#8211; det passar perfekt in i oanv\u00e4nda h\u00f6rn av rummet.<\/p>\n<p>Beskrivning:<\/p>\n<ul>\n<li> Badrumssk\u00e5p i klassisk, vit design<\/li>\n<li><\/li>\n<li> Tillverkat av robusta MDF-plattor, stabilt och stadigt<\/li>\n<li> 1 sk\u00e5p, 1 l\u00e5da och 3 \u00f6ppna f\u00f6rvaringsfack erbjuder tillr\u00e4ckligt med f\u00f6rvaringsutrymme<\/li>\n<li> Lackad yta, motst\u00e5ndskraftig mot fukt och l\u00e4tt att reng\u00f6ra<\/li>\n<li> Sk\u00e5pd\u00f6rr med magnet<\/li>\n<li> \u00b7Enkel montering<\/li>\n<\/ul>\n<p> Tekniska data:<\/p>\n<ul>\n<li> F\u00e4rg: Vit<\/li>\n<li> Material: Sp\u00e5nskiva<\/li>\n<li> Totala dimensioner: 34B x 24T x 170,5H cm<\/li>\n<li> Sk\u00e5pets hyllstorlek: 28,5B x 20T x 28\/29H cm<\/li>\n<li> \u00d6ppen fackstorlek: 28,5B x 21,5T x 28H cm<\/li>\n<li> Inre m\u00e5tt p\u00e5 l\u00e5dan: 24,5B x 17,7T x 8H cm<\/li>\n<li> B\u00e4rkapacitet: 40 kg (totalt), 5 kg (hylla\/l\u00e5da)<\/li>\n<\/ul>\n<p>Leveransinneh\u00e5ll:<\/p>\n<ul>\n<li> 1 x badrumssk\u00e5p;<\/li>\n<\/ul>\n","protected":false},"excerpt":{"rendered":"<p>Detta TRUUSK badrumssk\u00e5p erbjuder massor av f\u00f6rvaringsutrymme, s\u00e5 att hygienprodukter, handdukar och kosmetika l\u00e4tt kan hitta sin plats d\u00e4r. Ett&#8230;<\/p>\n","protected":false},"featured_media":72288,"template":"","meta":[],"product_brand":[],"product_cat":[915,535,871],"product_tag":[],"class_list":{"0":"post-72297","1":"product","2":"type-product","3":"status-publish","4":"has-post-thumbnail","6":"product_cat-badrum","7":"product_cat-badrumsskap","8":"product_cat-hus-hem","10":"first","11":"instock","12":"sale","13":"taxable","14":"shipping-taxable","15":"purchasable","16":"product-type-simple"},"yoast_head":"<!-- This site is optimized with the Yoast SEO plugin v25.4 - https:\/\/yoast.com\/wordpress\/plugins\/seo\/ -->\n<title>TRUUSK Badrumsf\u00f6rvaring - H\u00f6gt sk\u00e5p med 3 hyllor och 1 l\u00e5da - Vit - 34x24x170,5cm - TRUUSK - Hem, Tr\u00e4dg\u00e5rd &amp; Fritid<\/title>\n<meta name=\"robots\" content=\"index, follow, max-snippet:-1, max-image-preview:large, max-video-preview:-1\" \/>\n<link rel=\"canonical\" href=\"https:\/\/truusk.store\/sv\/produkt\/truusk-badrumsforvaring-hogt-skap-med-3-hyllor-och-1-lada-vit-34x24x1705cm\/\" \/>\n<meta property=\"og:locale\" content=\"sv_SE\" \/>\n<meta property=\"og:type\" content=\"article\" \/>\n<meta property=\"og:title\" content=\"TRUUSK Badrumsf\u00f6rvaring - H\u00f6gt sk\u00e5p med 3 hyllor och 1 l\u00e5da - Vit - 34x24x170,5cm - TRUUSK - Hem, Tr\u00e4dg\u00e5rd &amp; Fritid\" \/>\n<meta property=\"og:description\" content=\"Detta TRUUSK badrumssk\u00e5p erbjuder massor av f\u00f6rvaringsutrymme, s\u00e5 att hygienprodukter, handdukar och kosmetika l\u00e4tt kan hitta sin plats d\u00e4r. Ett...\" \/>\n<meta property=\"og:url\" content=\"https:\/\/truusk.store\/sv\/produkt\/truusk-badrumsforvaring-hogt-skap-med-3-hyllor-och-1-lada-vit-34x24x1705cm\/\" \/>\n<meta property=\"og:site_name\" content=\"TRUUSK - Hem, Tr\u00e4dg\u00e5rd &amp; Fritid\" \/>\n<meta property=\"article:modified_time\" content=\"2026-03-12T07:41:06+00:00\" \/>\n<meta property=\"og:image\" content=\"https:\/\/i0.wp.com\/truusk.se\/wp-content\/uploads\/2025\/06\/badrumsskap-hogt-skap-med-3-hyllor-1-lada-badrumsskap-badhylla-bad-skap-badrumsmobler-vit-34x24x1705cm-1.webp?fit=2000%2C2000&ssl=1\" \/>\n\t<meta property=\"og:image:width\" content=\"2000\" \/>\n\t<meta property=\"og:image:height\" content=\"2000\" \/>\n\t<meta property=\"og:image:type\" content=\"image\/webp\" \/>\n<meta name=\"twitter:card\" content=\"summary_large_image\" \/>\n<meta name=\"twitter:label1\" content=\"Ber\u00e4knad l\u00e4stid\" \/>\n\t<meta name=\"twitter:data1\" content=\"1 minut\" \/>\n<!-- \/ Yoast SEO plugin. -->","yoast_head_json":{"title":"TRUUSK Badrumsf\u00f6rvaring - H\u00f6gt sk\u00e5p med 3 hyllor och 1 l\u00e5da - Vit - 34x24x170,5cm - TRUUSK - Hem, Tr\u00e4dg\u00e5rd &amp; Fritid","robots":{"index":"index","follow":"follow","max-snippet":"max-snippet:-1","max-image-preview":"max-image-preview:large","max-video-preview":"max-video-preview:-1"},"canonical":"https:\/\/truusk.store\/sv\/produkt\/truusk-badrumsforvaring-hogt-skap-med-3-hyllor-och-1-lada-vit-34x24x1705cm\/","og_locale":"sv_SE","og_type":"article","og_title":"TRUUSK Badrumsf\u00f6rvaring - H\u00f6gt sk\u00e5p med 3 hyllor och 1 l\u00e5da - Vit - 34x24x170,5cm - TRUUSK - Hem, Tr\u00e4dg\u00e5rd &amp; Fritid","og_description":"Detta TRUUSK badrumssk\u00e5p erbjuder massor av f\u00f6rvaringsutrymme, s\u00e5 att hygienprodukter, handdukar och kosmetika l\u00e4tt kan hitta sin plats d\u00e4r. Ett...","og_url":"https:\/\/truusk.store\/sv\/produkt\/truusk-badrumsforvaring-hogt-skap-med-3-hyllor-och-1-lada-vit-34x24x1705cm\/","og_site_name":"TRUUSK - Hem, Tr\u00e4dg\u00e5rd &amp; Fritid","article_modified_time":"2026-03-12T07:41:06+00:00","og_image":[{"width":2000,"height":2000,"url":"https:\/\/i0.wp.com\/truusk.se\/wp-content\/uploads\/2025\/06\/badrumsskap-hogt-skap-med-3-hyllor-1-lada-badrumsskap-badhylla-bad-skap-badrumsmobler-vit-34x24x1705cm-1.webp?fit=2000%2C2000&ssl=1","type":"image\/webp"}],"twitter_card":"summary_large_image","twitter_misc":{"Ber\u00e4knad l\u00e4stid":"1 minut"},"schema":{"@context":"https:\/\/schema.org","@graph":[{"@type":"WebPage","@id":"https:\/\/truusk.store\/sv\/produkt\/truusk-badrumsforvaring-hogt-skap-med-3-hyllor-och-1-lada-vit-34x24x1705cm\/","url":"https:\/\/truusk.store\/sv\/produkt\/truusk-badrumsforvaring-hogt-skap-med-3-hyllor-och-1-lada-vit-34x24x1705cm\/","name":"TRUUSK Badrumsf\u00f6rvaring - H\u00f6gt sk\u00e5p med 3 hyllor och 1 l\u00e5da - Vit - 34x24x170,5cm - TRUUSK - Hem, Tr\u00e4dg\u00e5rd &amp; Fritid","isPartOf":{"@id":"https:\/\/truusk.store\/sv\/#website"},"primaryImageOfPage":{"@id":"https:\/\/truusk.store\/sv\/produkt\/truusk-badrumsforvaring-hogt-skap-med-3-hyllor-och-1-lada-vit-34x24x1705cm\/#primaryimage"},"image":{"@id":"https:\/\/truusk.store\/sv\/produkt\/truusk-badrumsforvaring-hogt-skap-med-3-hyllor-och-1-lada-vit-34x24x1705cm\/#primaryimage"},"thumbnailUrl":"https:\/\/i0.wp.com\/truusk.store\/wp-content\/uploads\/2025\/06\/badrumsskap-hogt-skap-med-3-hyllor-1-lada-badrumsskap-badhylla-bad-skap-badrumsmobler-vit-34x24x1705cm-1.webp?fit=2000%2C2000&ssl=1","datePublished":"2025-06-05T21:36:44+00:00","dateModified":"2026-03-12T07:41:06+00:00","breadcrumb":{"@id":"https:\/\/truusk.store\/sv\/produkt\/truusk-badrumsforvaring-hogt-skap-med-3-hyllor-och-1-lada-vit-34x24x1705cm\/#breadcrumb"},"inLanguage":"sv-SE","potentialAction":[{"@type":"ReadAction","target":["https:\/\/truusk.store\/sv\/produkt\/truusk-badrumsforvaring-hogt-skap-med-3-hyllor-och-1-lada-vit-34x24x1705cm\/"]}]},{"@type":"ImageObject","inLanguage":"sv-SE","@id":"https:\/\/truusk.store\/sv\/produkt\/truusk-badrumsforvaring-hogt-skap-med-3-hyllor-och-1-lada-vit-34x24x1705cm\/#primaryimage","url":"https:\/\/i0.wp.com\/truusk.store\/wp-content\/uploads\/2025\/06\/badrumsskap-hogt-skap-med-3-hyllor-1-lada-badrumsskap-badhylla-bad-skap-badrumsmobler-vit-34x24x1705cm-1.webp?fit=2000%2C2000&ssl=1","contentUrl":"https:\/\/i0.wp.com\/truusk.store\/wp-content\/uploads\/2025\/06\/badrumsskap-hogt-skap-med-3-hyllor-1-lada-badrumsskap-badhylla-bad-skap-badrumsmobler-vit-34x24x1705cm-1.webp?fit=2000%2C2000&ssl=1","width":2000,"height":2000},{"@type":"BreadcrumbList","@id":"https:\/\/truusk.store\/sv\/produkt\/truusk-badrumsforvaring-hogt-skap-med-3-hyllor-och-1-lada-vit-34x24x1705cm\/#breadcrumb","itemListElement":[{"@type":"ListItem","position":1,"name":"Home","item":"https:\/\/truusk.store\/sv\/"},{"@type":"ListItem","position":2,"name":"Shop","item":"https:\/\/truusk.store\/shop\/"},{"@type":"ListItem","position":3,"name":"TRUUSK Badrumsf\u00f6rvaring &#8211; H\u00f6gt sk\u00e5p med 3 hyllor och 1 l\u00e5da &#8211; Vit &#8211; 34x24x170,5cm"}]},{"@type":"WebSite","@id":"https:\/\/truusk.store\/sv\/#website","url":"https:\/\/truusk.store\/sv\/","name":"TRUUSK - Hem, Tr\u00e4dg\u00e5rd & Fritid","description":"","publisher":{"@id":"https:\/\/truusk.store\/sv\/#organization"},"potentialAction":[{"@type":"SearchAction","target":{"@type":"EntryPoint","urlTemplate":"https:\/\/truusk.store\/sv\/?s={search_term_string}"},"query-input":{"@type":"PropertyValueSpecification","valueRequired":true,"valueName":"search_term_string"}}],"inLanguage":"sv-SE"},{"@type":"Organization","@id":"https:\/\/truusk.store\/sv\/#organization","name":"TRUUSK - Hem, Tr\u00e4dg\u00e5rd & Fritid","url":"https:\/\/truusk.store\/sv\/","logo":{"@type":"ImageObject","inLanguage":"sv-SE","@id":"https:\/\/truusk.store\/sv\/#\/schema\/logo\/image\/","url":"https:\/\/i0.wp.com\/truusk.store\/wp-content\/uploads\/2026\/03\/cropped-TRUUSK.png?fit=2032%2C917&ssl=1","contentUrl":"https:\/\/i0.wp.com\/truusk.store\/wp-content\/uploads\/2026\/03\/cropped-TRUUSK.png?fit=2032%2C917&ssl=1","width":2032,"height":917,"caption":"TRUUSK - Hem, Tr\u00e4dg\u00e5rd & Fritid"},"image":{"@id":"https:\/\/truusk.store\/sv\/#\/schema\/logo\/image\/"}}]}},"jetpack_sharing_enabled":true,"_links":{"self":[{"href":"https:\/\/truusk.store\/sv\/wp-json\/wp\/v2\/product\/72297","targetHints":{"allow":["GET"]}}],"collection":[{"href":"https:\/\/truusk.store\/sv\/wp-json\/wp\/v2\/product"}],"about":[{"href":"https:\/\/truusk.store\/sv\/wp-json\/wp\/v2\/types\/product"}],"wp:featuredmedia":[{"embeddable":true,"href":"https:\/\/truusk.store\/sv\/wp-json\/wp\/v2\/media\/72288"}],"wp:attachment":[{"href":"https:\/\/truusk.store\/sv\/wp-json\/wp\/v2\/media?parent=72297"}],"wp:term":[{"taxonomy":"product_brand","embeddable":true,"href":"https:\/\/truusk.store\/sv\/wp-json\/wp\/v2\/product_brand?post=72297"},{"taxonomy":"product_cat","embeddable":true,"href":"https:\/\/truusk.store\/sv\/wp-json\/wp\/v2\/product_cat?post=72297"},{"taxonomy":"product_tag","embeddable":true,"href":"https:\/\/truusk.store\/sv\/wp-json\/wp\/v2\/product_tag?post=72297"}],"curies":[{"name":"wp","href":"https:\/\/api.w.org\/{rel}","templated":true}]}}