{"id":72327,"date":"2025-06-05T22:39:34","date_gmt":"2025-06-05T21:39:34","guid":{"rendered":"https:\/\/truusk.store\/product\/vaggskap-med-dorr-badrumsskap-koksskap-med-2-nivaer-vaggmonterat-medicinskap-vit-372-x-245-x-768-cm\/"},"modified":"2026-03-12T09:47:08","modified_gmt":"2026-03-12T08:47:08","slug":"truusk-vaggskap-med-dorr-badrumsskap-och-koksskap-2-nivaer-vaggmonterat-vit-372-x-245-x-768-cm","status":"publish","type":"product","link":"https:\/\/truusk.store\/sv\/produkt\/truusk-vaggskap-med-dorr-badrumsskap-och-koksskap-2-nivaer-vaggmonterat-vit-372-x-245-x-768-cm\/","title":{"rendered":"TRUUSK V\u00e4ggsk\u00e5p med D\u00f6rr &#8211; Badrumssk\u00e5p och K\u00f6kssk\u00e5p &#8211; 2 Niv\u00e5er &#8211; V\u00e4ggmonterat &#8211; Vit 37,2 x 24,5 x 76,8 cm"},"content":{"rendered":"<p>Optimera ditt utrymme och minska oordning med TRUUSK badrumsv\u00e4ggsk\u00e5p. Detta eleganta, tv\u00e5stegs, v\u00e4ggmonterade sk\u00e5p skapar mycket utrymme f\u00f6r badrumsartiklar och handdukar och bidrar till ordning i badrummet. Tillverkad av h\u00f6gkvalitativ sp\u00e5nskiva och MDF, \u00e4r den l\u00e4tt att reng\u00f6ra &#8211; ett modernt val f\u00f6r moderna badrum.<\/p>\n<p>Beskrivning:<\/p>\n<ul>\n<li> Tv\u00e5stegssk\u00e5p lagrar toalettartiklar, handdukar och mer effektivt<\/li>\n<li> V\u00e4ggmonterad design sparar v\u00e4rdefullt utrymme p\u00e5 badrumsgolvet<\/li>\n<li> Tillverkad av h\u00f6gkvalitativ sp\u00e5nskiva och MDF f\u00f6r h\u00e5llbarhet<\/li>\n<li> L\u00e4tt att reng\u00f6ra melamin- och lackerade ytor<\/li>\n<li> Kvalitetsh\u00e4ngsel och fyrkantigt st\u00e5nggrepp garanterar en mjuk \u00f6ppning och st\u00e4ngning<\/li>\n<li> Montering kr\u00e4vs<\/li>\n<\/ul>\n<p> Tekniska data:<\/p>\n<ul>\n<li> F\u00e4rg: Vit<\/li>\n<li> Material: Sp\u00e5nskiva, MDF<\/li>\n<li> Totala dimensioner: 37,2L x 24,5B x 76,8H cm<\/li>\n<li> Inre m\u00e5tt p\u00e5 sk\u00e5pet: 34,5L x 21,6B x 31,5\/36,8H cm<\/li>\n<li> B\u00e4rkapacitet: 15 kg (totalt), 5 kg (per hylla)<\/li>\n<\/ul>\n<p>Leveransinneh\u00e5ll:<\/p>\n<ul>\n<li> 1 x Badrumsv\u00e4ggsk\u00e5p<\/li>\n<li> 1 x Bruksanvisning<\/li>\n<\/ul>\n","protected":false},"excerpt":{"rendered":"<p>Optimera ditt utrymme och minska oordning med TRUUSK badrumsv\u00e4ggsk\u00e5p. Detta eleganta, tv\u00e5stegs, v\u00e4ggmonterade sk\u00e5p skapar mycket utrymme f\u00f6r badrumsartiklar och&#8230;<\/p>\n","protected":false},"featured_media":72318,"template":"","meta":[],"product_brand":[],"product_cat":[915,535,871],"product_tag":[],"class_list":{"0":"post-72327","1":"product","2":"type-product","3":"status-publish","4":"has-post-thumbnail","6":"product_cat-badrum","7":"product_cat-badrumsskap","8":"product_cat-hus-hem","10":"first","11":"instock","12":"sale","13":"taxable","14":"shipping-taxable","15":"purchasable","16":"product-type-simple"},"yoast_head":"<!-- This site is optimized with the Yoast SEO plugin v25.4 - https:\/\/yoast.com\/wordpress\/plugins\/seo\/ -->\n<title>TRUUSK V\u00e4ggsk\u00e5p med D\u00f6rr - Badrumssk\u00e5p och K\u00f6kssk\u00e5p - 2 Niv\u00e5er - V\u00e4ggmonterat - Vit 37,2 x 24,5 x 76,8 cm - TRUUSK - Hem, Tr\u00e4dg\u00e5rd &amp; Fritid<\/title>\n<meta name=\"robots\" content=\"index, follow, max-snippet:-1, max-image-preview:large, max-video-preview:-1\" \/>\n<link rel=\"canonical\" href=\"https:\/\/truusk.store\/sv\/produkt\/truusk-vaggskap-med-dorr-badrumsskap-och-koksskap-2-nivaer-vaggmonterat-vit-372-x-245-x-768-cm\/\" \/>\n<meta property=\"og:locale\" content=\"sv_SE\" \/>\n<meta property=\"og:type\" content=\"article\" \/>\n<meta property=\"og:title\" content=\"TRUUSK V\u00e4ggsk\u00e5p med D\u00f6rr - Badrumssk\u00e5p och K\u00f6kssk\u00e5p - 2 Niv\u00e5er - V\u00e4ggmonterat - Vit 37,2 x 24,5 x 76,8 cm - TRUUSK - Hem, Tr\u00e4dg\u00e5rd &amp; Fritid\" \/>\n<meta property=\"og:description\" content=\"Optimera ditt utrymme och minska oordning med TRUUSK badrumsv\u00e4ggsk\u00e5p. Detta eleganta, tv\u00e5stegs, v\u00e4ggmonterade sk\u00e5p skapar mycket utrymme f\u00f6r badrumsartiklar och...\" \/>\n<meta property=\"og:url\" content=\"https:\/\/truusk.store\/sv\/produkt\/truusk-vaggskap-med-dorr-badrumsskap-och-koksskap-2-nivaer-vaggmonterat-vit-372-x-245-x-768-cm\/\" \/>\n<meta property=\"og:site_name\" content=\"TRUUSK - Hem, Tr\u00e4dg\u00e5rd &amp; Fritid\" \/>\n<meta property=\"article:modified_time\" content=\"2026-03-12T08:47:08+00:00\" \/>\n<meta property=\"og:image\" content=\"https:\/\/i0.wp.com\/truusk.se\/wp-content\/uploads\/2025\/06\/vaggskap-med-dorr-badrumsskap-koksskap-med-2-nivaer-vaggmonterat-medicinskap-vit-372-x-245-x-768-cm-1.webp?fit=2000%2C2000&ssl=1\" \/>\n\t<meta property=\"og:image:width\" content=\"2000\" \/>\n\t<meta property=\"og:image:height\" content=\"2000\" \/>\n\t<meta property=\"og:image:type\" content=\"image\/webp\" \/>\n<meta name=\"twitter:card\" content=\"summary_large_image\" \/>\n<meta name=\"twitter:label1\" content=\"Ber\u00e4knad l\u00e4stid\" \/>\n\t<meta name=\"twitter:data1\" content=\"1 minut\" \/>\n<!-- \/ Yoast SEO plugin. -->","yoast_head_json":{"title":"TRUUSK V\u00e4ggsk\u00e5p med D\u00f6rr - Badrumssk\u00e5p och K\u00f6kssk\u00e5p - 2 Niv\u00e5er - V\u00e4ggmonterat - Vit 37,2 x 24,5 x 76,8 cm - TRUUSK - Hem, Tr\u00e4dg\u00e5rd &amp; Fritid","robots":{"index":"index","follow":"follow","max-snippet":"max-snippet:-1","max-image-preview":"max-image-preview:large","max-video-preview":"max-video-preview:-1"},"canonical":"https:\/\/truusk.store\/sv\/produkt\/truusk-vaggskap-med-dorr-badrumsskap-och-koksskap-2-nivaer-vaggmonterat-vit-372-x-245-x-768-cm\/","og_locale":"sv_SE","og_type":"article","og_title":"TRUUSK V\u00e4ggsk\u00e5p med D\u00f6rr - Badrumssk\u00e5p och K\u00f6kssk\u00e5p - 2 Niv\u00e5er - V\u00e4ggmonterat - Vit 37,2 x 24,5 x 76,8 cm - TRUUSK - Hem, Tr\u00e4dg\u00e5rd &amp; Fritid","og_description":"Optimera ditt utrymme och minska oordning med TRUUSK badrumsv\u00e4ggsk\u00e5p. Detta eleganta, tv\u00e5stegs, v\u00e4ggmonterade sk\u00e5p skapar mycket utrymme f\u00f6r badrumsartiklar och...","og_url":"https:\/\/truusk.store\/sv\/produkt\/truusk-vaggskap-med-dorr-badrumsskap-och-koksskap-2-nivaer-vaggmonterat-vit-372-x-245-x-768-cm\/","og_site_name":"TRUUSK - Hem, Tr\u00e4dg\u00e5rd &amp; Fritid","article_modified_time":"2026-03-12T08:47:08+00:00","og_image":[{"width":2000,"height":2000,"url":"https:\/\/i0.wp.com\/truusk.se\/wp-content\/uploads\/2025\/06\/vaggskap-med-dorr-badrumsskap-koksskap-med-2-nivaer-vaggmonterat-medicinskap-vit-372-x-245-x-768-cm-1.webp?fit=2000%2C2000&ssl=1","type":"image\/webp"}],"twitter_card":"summary_large_image","twitter_misc":{"Ber\u00e4knad l\u00e4stid":"1 minut"},"schema":{"@context":"https:\/\/schema.org","@graph":[{"@type":"WebPage","@id":"https:\/\/truusk.store\/sv\/produkt\/truusk-vaggskap-med-dorr-badrumsskap-och-koksskap-2-nivaer-vaggmonterat-vit-372-x-245-x-768-cm\/","url":"https:\/\/truusk.store\/sv\/produkt\/truusk-vaggskap-med-dorr-badrumsskap-och-koksskap-2-nivaer-vaggmonterat-vit-372-x-245-x-768-cm\/","name":"TRUUSK V\u00e4ggsk\u00e5p med D\u00f6rr - Badrumssk\u00e5p och K\u00f6kssk\u00e5p - 2 Niv\u00e5er - V\u00e4ggmonterat - Vit 37,2 x 24,5 x 76,8 cm - TRUUSK - Hem, Tr\u00e4dg\u00e5rd &amp; Fritid","isPartOf":{"@id":"https:\/\/truusk.store\/sv\/#website"},"primaryImageOfPage":{"@id":"https:\/\/truusk.store\/sv\/produkt\/truusk-vaggskap-med-dorr-badrumsskap-och-koksskap-2-nivaer-vaggmonterat-vit-372-x-245-x-768-cm\/#primaryimage"},"image":{"@id":"https:\/\/truusk.store\/sv\/produkt\/truusk-vaggskap-med-dorr-badrumsskap-och-koksskap-2-nivaer-vaggmonterat-vit-372-x-245-x-768-cm\/#primaryimage"},"thumbnailUrl":"https:\/\/i0.wp.com\/truusk.store\/wp-content\/uploads\/2025\/06\/vaggskap-med-dorr-badrumsskap-koksskap-med-2-nivaer-vaggmonterat-medicinskap-vit-372-x-245-x-768-cm-1.webp?fit=2000%2C2000&ssl=1","datePublished":"2025-06-05T21:39:34+00:00","dateModified":"2026-03-12T08:47:08+00:00","breadcrumb":{"@id":"https:\/\/truusk.store\/sv\/produkt\/truusk-vaggskap-med-dorr-badrumsskap-och-koksskap-2-nivaer-vaggmonterat-vit-372-x-245-x-768-cm\/#breadcrumb"},"inLanguage":"sv-SE","potentialAction":[{"@type":"ReadAction","target":["https:\/\/truusk.store\/sv\/produkt\/truusk-vaggskap-med-dorr-badrumsskap-och-koksskap-2-nivaer-vaggmonterat-vit-372-x-245-x-768-cm\/"]}]},{"@type":"ImageObject","inLanguage":"sv-SE","@id":"https:\/\/truusk.store\/sv\/produkt\/truusk-vaggskap-med-dorr-badrumsskap-och-koksskap-2-nivaer-vaggmonterat-vit-372-x-245-x-768-cm\/#primaryimage","url":"https:\/\/i0.wp.com\/truusk.store\/wp-content\/uploads\/2025\/06\/vaggskap-med-dorr-badrumsskap-koksskap-med-2-nivaer-vaggmonterat-medicinskap-vit-372-x-245-x-768-cm-1.webp?fit=2000%2C2000&ssl=1","contentUrl":"https:\/\/i0.wp.com\/truusk.store\/wp-content\/uploads\/2025\/06\/vaggskap-med-dorr-badrumsskap-koksskap-med-2-nivaer-vaggmonterat-medicinskap-vit-372-x-245-x-768-cm-1.webp?fit=2000%2C2000&ssl=1","width":2000,"height":2000},{"@type":"BreadcrumbList","@id":"https:\/\/truusk.store\/sv\/produkt\/truusk-vaggskap-med-dorr-badrumsskap-och-koksskap-2-nivaer-vaggmonterat-vit-372-x-245-x-768-cm\/#breadcrumb","itemListElement":[{"@type":"ListItem","position":1,"name":"Home","item":"https:\/\/truusk.store\/sv\/"},{"@type":"ListItem","position":2,"name":"Shop","item":"https:\/\/truusk.store\/shop\/"},{"@type":"ListItem","position":3,"name":"TRUUSK V\u00e4ggsk\u00e5p med D\u00f6rr &#8211; Badrumssk\u00e5p och K\u00f6kssk\u00e5p &#8211; 2 Niv\u00e5er &#8211; V\u00e4ggmonterat &#8211; Vit 37,2 x 24,5 x 76,8 cm"}]},{"@type":"WebSite","@id":"https:\/\/truusk.store\/sv\/#website","url":"https:\/\/truusk.store\/sv\/","name":"TRUUSK - Hem, Tr\u00e4dg\u00e5rd & Fritid","description":"","publisher":{"@id":"https:\/\/truusk.store\/sv\/#organization"},"potentialAction":[{"@type":"SearchAction","target":{"@type":"EntryPoint","urlTemplate":"https:\/\/truusk.store\/sv\/?s={search_term_string}"},"query-input":{"@type":"PropertyValueSpecification","valueRequired":true,"valueName":"search_term_string"}}],"inLanguage":"sv-SE"},{"@type":"Organization","@id":"https:\/\/truusk.store\/sv\/#organization","name":"TRUUSK - Hem, Tr\u00e4dg\u00e5rd & Fritid","url":"https:\/\/truusk.store\/sv\/","logo":{"@type":"ImageObject","inLanguage":"sv-SE","@id":"https:\/\/truusk.store\/sv\/#\/schema\/logo\/image\/","url":"https:\/\/i0.wp.com\/truusk.store\/wp-content\/uploads\/2026\/03\/cropped-TRUUSK.png?fit=2032%2C917&ssl=1","contentUrl":"https:\/\/i0.wp.com\/truusk.store\/wp-content\/uploads\/2026\/03\/cropped-TRUUSK.png?fit=2032%2C917&ssl=1","width":2032,"height":917,"caption":"TRUUSK - Hem, Tr\u00e4dg\u00e5rd & Fritid"},"image":{"@id":"https:\/\/truusk.store\/sv\/#\/schema\/logo\/image\/"}}]}},"jetpack_sharing_enabled":true,"_links":{"self":[{"href":"https:\/\/truusk.store\/sv\/wp-json\/wp\/v2\/product\/72327","targetHints":{"allow":["GET"]}}],"collection":[{"href":"https:\/\/truusk.store\/sv\/wp-json\/wp\/v2\/product"}],"about":[{"href":"https:\/\/truusk.store\/sv\/wp-json\/wp\/v2\/types\/product"}],"wp:featuredmedia":[{"embeddable":true,"href":"https:\/\/truusk.store\/sv\/wp-json\/wp\/v2\/media\/72318"}],"wp:attachment":[{"href":"https:\/\/truusk.store\/sv\/wp-json\/wp\/v2\/media?parent=72327"}],"wp:term":[{"taxonomy":"product_brand","embeddable":true,"href":"https:\/\/truusk.store\/sv\/wp-json\/wp\/v2\/product_brand?post=72327"},{"taxonomy":"product_cat","embeddable":true,"href":"https:\/\/truusk.store\/sv\/wp-json\/wp\/v2\/product_cat?post=72327"},{"taxonomy":"product_tag","embeddable":true,"href":"https:\/\/truusk.store\/sv\/wp-json\/wp\/v2\/product_tag?post=72327"}],"curies":[{"name":"wp","href":"https:\/\/api.w.org\/{rel}","templated":true}]}}