{"id":72347,"date":"2025-06-05T22:41:40","date_gmt":"2025-06-05T21:41:40","guid":{"rendered":"https:\/\/truusk.store\/product\/nattduksbord-nattskap-sidobord-naturlig-nattduksbord-med-lada-oppen-hylla-rattan-design-natur-40-x-40-x-484-cm\/"},"modified":"2026-03-12T08:41:03","modified_gmt":"2026-03-12T07:41:03","slug":"truusk-nattduksbord-i-naturdesign-med-lada-och-oppen-hylla-rattan-look-40-x-40-x-484-cm","status":"publish","type":"product","link":"https:\/\/truusk.store\/sv\/produkt\/truusk-nattduksbord-i-naturdesign-med-lada-och-oppen-hylla-rattan-look-40-x-40-x-484-cm\/","title":{"rendered":"TRUUSK Nattduksbord i Naturdesign &#8211; Med L\u00e5da och \u00f6ppen Hylla &#8211; Rattan-look &#8211; 40 x 40 x 48,4 cm"},"content":{"rendered":"<p>Tack vare denna s\u00e4ngbord fr\u00e5n TRUUSK \u00e4r det dags att \u00e5teruppfinna stilen i ditt sovrum p\u00e5 ett naturligt s\u00e4tt. Den best\u00e5r av en l\u00e5da och en \u00f6ppen hylla, s\u00e5 att du enkelt kan hitta alla n\u00f6dv\u00e4ndiga f\u00f6rem\u00e5l. L\u00e5dans yta \u00e4r f\u00f6rsedd med en rottingstruktur, vilket ger detta sidobord en elegant, chic, rustik design.<\/p>\n<p>Beskrivning:<\/p>\n<ul>\n<li> Passar bra som s\u00e4ngbord, nattduksbord eller sidobord f\u00f6r vardagsrum eller sovrum<\/li>\n<li> Rottingdesignen p\u00e5 l\u00e5dans yta tillf\u00f6r naturlig estetisk sk\u00f6nhet<\/li>\n<li> 1 utdragbar l\u00e5da erbjuder f\u00f6rvaringsutrymme f\u00f6r dina personliga f\u00f6rem\u00e5l<\/li>\n<li> Bordsskiva och nedre hylla f\u00f6r att st\u00e4lla dekorationer eller andra f\u00f6rem\u00e5l<\/li>\n<li> MDF-skiva, h\u00e5llbar f\u00f6r l\u00e5ngvarig anv\u00e4ndning<\/li>\n<li> Montering kr\u00e4vs<\/li>\n<\/ul>\n<p> Tekniska data:<\/p>\n<ul>\n<li> F\u00e4rg: Natur<\/li>\n<li> Material: MDF<\/li>\n<li> Totala m\u00e5tt: 40B x 40T x 48,4H cm<\/li>\n<li> Storlek p\u00e5 l\u00e5dan inuti: 31,2B x 28,7T x 8,2H cm<\/li>\n<li> Storlek p\u00e5 den nedre hyllan: 36,8B x 40T x 20H cm<\/li>\n<li> B\u00e4rkapacitet: 40 kg (totalt), 5 kg (l\u00e5da), 10 kg(hyllplan)<\/li>\n<\/ul>\n<p>Leveransinneh\u00e5ll:<\/p>\n<ul>\n<li> 1 x s\u00e4ngbord<\/li>\n<li> 1 x instruktioner<\/li>\n<\/ul>\n","protected":false},"excerpt":{"rendered":"<p>Tack vare denna s\u00e4ngbord fr\u00e5n TRUUSK \u00e4r det dags att \u00e5teruppfinna stilen i ditt sovrum p\u00e5 ett naturligt s\u00e4tt. Den&#8230;<\/p>\n","protected":false},"featured_media":72338,"template":"","meta":[],"product_brand":[],"product_cat":[871,506,897],"product_tag":[],"class_list":{"0":"post-72347","1":"product","2":"type-product","3":"status-publish","4":"has-post-thumbnail","6":"product_cat-hus-hem","7":"product_cat-nattduksbord","8":"product_cat-sovrum","10":"first","11":"instock","12":"sale","13":"taxable","14":"shipping-taxable","15":"purchasable","16":"product-type-simple"},"yoast_head":"<!-- This site is optimized with the Yoast SEO plugin v25.4 - https:\/\/yoast.com\/wordpress\/plugins\/seo\/ -->\n<title>TRUUSK Nattduksbord i Naturdesign - Med L\u00e5da och \u00f6ppen Hylla - Rattan-look - 40 x 40 x 48,4 cm - TRUUSK - Hem, Tr\u00e4dg\u00e5rd &amp; Fritid<\/title>\n<meta name=\"robots\" content=\"index, follow, max-snippet:-1, max-image-preview:large, max-video-preview:-1\" \/>\n<link rel=\"canonical\" href=\"https:\/\/truusk.store\/sv\/produkt\/truusk-nattduksbord-i-naturdesign-med-lada-och-oppen-hylla-rattan-look-40-x-40-x-484-cm\/\" \/>\n<meta property=\"og:locale\" content=\"sv_SE\" \/>\n<meta property=\"og:type\" content=\"article\" \/>\n<meta property=\"og:title\" content=\"TRUUSK Nattduksbord i Naturdesign - Med L\u00e5da och \u00f6ppen Hylla - Rattan-look - 40 x 40 x 48,4 cm - TRUUSK - Hem, Tr\u00e4dg\u00e5rd &amp; Fritid\" \/>\n<meta property=\"og:description\" content=\"Tack vare denna s\u00e4ngbord fr\u00e5n TRUUSK \u00e4r det dags att \u00e5teruppfinna stilen i ditt sovrum p\u00e5 ett naturligt s\u00e4tt. Den...\" \/>\n<meta property=\"og:url\" content=\"https:\/\/truusk.store\/sv\/produkt\/truusk-nattduksbord-i-naturdesign-med-lada-och-oppen-hylla-rattan-look-40-x-40-x-484-cm\/\" \/>\n<meta property=\"og:site_name\" content=\"TRUUSK - Hem, Tr\u00e4dg\u00e5rd &amp; Fritid\" \/>\n<meta property=\"article:modified_time\" content=\"2026-03-12T07:41:03+00:00\" \/>\n<meta property=\"og:image\" content=\"https:\/\/i0.wp.com\/truusk.se\/wp-content\/uploads\/2025\/06\/nattduksbord-nattskap-sidobord-naturlig-nattduksbord-med-lada-oppen-hylla-rattan-design-natur-40-x-40-x-484-cm-1.webp?fit=2000%2C2000&ssl=1\" \/>\n\t<meta property=\"og:image:width\" content=\"2000\" \/>\n\t<meta property=\"og:image:height\" content=\"2000\" \/>\n\t<meta property=\"og:image:type\" content=\"image\/webp\" \/>\n<meta name=\"twitter:card\" content=\"summary_large_image\" \/>\n<meta name=\"twitter:label1\" content=\"Ber\u00e4knad l\u00e4stid\" \/>\n\t<meta name=\"twitter:data1\" content=\"1 minut\" \/>\n<!-- \/ Yoast SEO plugin. -->","yoast_head_json":{"title":"TRUUSK Nattduksbord i Naturdesign - Med L\u00e5da och \u00f6ppen Hylla - Rattan-look - 40 x 40 x 48,4 cm - TRUUSK - Hem, Tr\u00e4dg\u00e5rd &amp; Fritid","robots":{"index":"index","follow":"follow","max-snippet":"max-snippet:-1","max-image-preview":"max-image-preview:large","max-video-preview":"max-video-preview:-1"},"canonical":"https:\/\/truusk.store\/sv\/produkt\/truusk-nattduksbord-i-naturdesign-med-lada-och-oppen-hylla-rattan-look-40-x-40-x-484-cm\/","og_locale":"sv_SE","og_type":"article","og_title":"TRUUSK Nattduksbord i Naturdesign - Med L\u00e5da och \u00f6ppen Hylla - Rattan-look - 40 x 40 x 48,4 cm - TRUUSK - Hem, Tr\u00e4dg\u00e5rd &amp; Fritid","og_description":"Tack vare denna s\u00e4ngbord fr\u00e5n TRUUSK \u00e4r det dags att \u00e5teruppfinna stilen i ditt sovrum p\u00e5 ett naturligt s\u00e4tt. Den...","og_url":"https:\/\/truusk.store\/sv\/produkt\/truusk-nattduksbord-i-naturdesign-med-lada-och-oppen-hylla-rattan-look-40-x-40-x-484-cm\/","og_site_name":"TRUUSK - Hem, Tr\u00e4dg\u00e5rd &amp; Fritid","article_modified_time":"2026-03-12T07:41:03+00:00","og_image":[{"width":2000,"height":2000,"url":"https:\/\/i0.wp.com\/truusk.se\/wp-content\/uploads\/2025\/06\/nattduksbord-nattskap-sidobord-naturlig-nattduksbord-med-lada-oppen-hylla-rattan-design-natur-40-x-40-x-484-cm-1.webp?fit=2000%2C2000&ssl=1","type":"image\/webp"}],"twitter_card":"summary_large_image","twitter_misc":{"Ber\u00e4knad l\u00e4stid":"1 minut"},"schema":{"@context":"https:\/\/schema.org","@graph":[{"@type":"WebPage","@id":"https:\/\/truusk.store\/sv\/produkt\/truusk-nattduksbord-i-naturdesign-med-lada-och-oppen-hylla-rattan-look-40-x-40-x-484-cm\/","url":"https:\/\/truusk.store\/sv\/produkt\/truusk-nattduksbord-i-naturdesign-med-lada-och-oppen-hylla-rattan-look-40-x-40-x-484-cm\/","name":"TRUUSK Nattduksbord i Naturdesign - Med L\u00e5da och \u00f6ppen Hylla - Rattan-look - 40 x 40 x 48,4 cm - TRUUSK - Hem, Tr\u00e4dg\u00e5rd &amp; Fritid","isPartOf":{"@id":"https:\/\/truusk.store\/sv\/#website"},"primaryImageOfPage":{"@id":"https:\/\/truusk.store\/sv\/produkt\/truusk-nattduksbord-i-naturdesign-med-lada-och-oppen-hylla-rattan-look-40-x-40-x-484-cm\/#primaryimage"},"image":{"@id":"https:\/\/truusk.store\/sv\/produkt\/truusk-nattduksbord-i-naturdesign-med-lada-och-oppen-hylla-rattan-look-40-x-40-x-484-cm\/#primaryimage"},"thumbnailUrl":"https:\/\/i0.wp.com\/truusk.store\/wp-content\/uploads\/2025\/06\/nattduksbord-nattskap-sidobord-naturlig-nattduksbord-med-lada-oppen-hylla-rattan-design-natur-40-x-40-x-484-cm-1.webp?fit=2000%2C2000&ssl=1","datePublished":"2025-06-05T21:41:40+00:00","dateModified":"2026-03-12T07:41:03+00:00","breadcrumb":{"@id":"https:\/\/truusk.store\/sv\/produkt\/truusk-nattduksbord-i-naturdesign-med-lada-och-oppen-hylla-rattan-look-40-x-40-x-484-cm\/#breadcrumb"},"inLanguage":"sv-SE","potentialAction":[{"@type":"ReadAction","target":["https:\/\/truusk.store\/sv\/produkt\/truusk-nattduksbord-i-naturdesign-med-lada-och-oppen-hylla-rattan-look-40-x-40-x-484-cm\/"]}]},{"@type":"ImageObject","inLanguage":"sv-SE","@id":"https:\/\/truusk.store\/sv\/produkt\/truusk-nattduksbord-i-naturdesign-med-lada-och-oppen-hylla-rattan-look-40-x-40-x-484-cm\/#primaryimage","url":"https:\/\/i0.wp.com\/truusk.store\/wp-content\/uploads\/2025\/06\/nattduksbord-nattskap-sidobord-naturlig-nattduksbord-med-lada-oppen-hylla-rattan-design-natur-40-x-40-x-484-cm-1.webp?fit=2000%2C2000&ssl=1","contentUrl":"https:\/\/i0.wp.com\/truusk.store\/wp-content\/uploads\/2025\/06\/nattduksbord-nattskap-sidobord-naturlig-nattduksbord-med-lada-oppen-hylla-rattan-design-natur-40-x-40-x-484-cm-1.webp?fit=2000%2C2000&ssl=1","width":2000,"height":2000},{"@type":"BreadcrumbList","@id":"https:\/\/truusk.store\/sv\/produkt\/truusk-nattduksbord-i-naturdesign-med-lada-och-oppen-hylla-rattan-look-40-x-40-x-484-cm\/#breadcrumb","itemListElement":[{"@type":"ListItem","position":1,"name":"Home","item":"https:\/\/truusk.store\/sv\/"},{"@type":"ListItem","position":2,"name":"Shop","item":"https:\/\/truusk.store\/shop\/"},{"@type":"ListItem","position":3,"name":"TRUUSK Nattduksbord i Naturdesign &#8211; Med L\u00e5da och \u00f6ppen Hylla &#8211; Rattan-look &#8211; 40 x 40 x 48,4 cm"}]},{"@type":"WebSite","@id":"https:\/\/truusk.store\/sv\/#website","url":"https:\/\/truusk.store\/sv\/","name":"TRUUSK - Hem, Tr\u00e4dg\u00e5rd & Fritid","description":"","publisher":{"@id":"https:\/\/truusk.store\/sv\/#organization"},"potentialAction":[{"@type":"SearchAction","target":{"@type":"EntryPoint","urlTemplate":"https:\/\/truusk.store\/sv\/?s={search_term_string}"},"query-input":{"@type":"PropertyValueSpecification","valueRequired":true,"valueName":"search_term_string"}}],"inLanguage":"sv-SE"},{"@type":"Organization","@id":"https:\/\/truusk.store\/sv\/#organization","name":"TRUUSK - Hem, Tr\u00e4dg\u00e5rd & Fritid","url":"https:\/\/truusk.store\/sv\/","logo":{"@type":"ImageObject","inLanguage":"sv-SE","@id":"https:\/\/truusk.store\/sv\/#\/schema\/logo\/image\/","url":"https:\/\/i0.wp.com\/truusk.store\/wp-content\/uploads\/2026\/03\/cropped-TRUUSK.png?fit=2032%2C917&ssl=1","contentUrl":"https:\/\/i0.wp.com\/truusk.store\/wp-content\/uploads\/2026\/03\/cropped-TRUUSK.png?fit=2032%2C917&ssl=1","width":2032,"height":917,"caption":"TRUUSK - Hem, Tr\u00e4dg\u00e5rd & Fritid"},"image":{"@id":"https:\/\/truusk.store\/sv\/#\/schema\/logo\/image\/"}}]}},"jetpack_sharing_enabled":true,"_links":{"self":[{"href":"https:\/\/truusk.store\/sv\/wp-json\/wp\/v2\/product\/72347","targetHints":{"allow":["GET"]}}],"collection":[{"href":"https:\/\/truusk.store\/sv\/wp-json\/wp\/v2\/product"}],"about":[{"href":"https:\/\/truusk.store\/sv\/wp-json\/wp\/v2\/types\/product"}],"wp:featuredmedia":[{"embeddable":true,"href":"https:\/\/truusk.store\/sv\/wp-json\/wp\/v2\/media\/72338"}],"wp:attachment":[{"href":"https:\/\/truusk.store\/sv\/wp-json\/wp\/v2\/media?parent=72347"}],"wp:term":[{"taxonomy":"product_brand","embeddable":true,"href":"https:\/\/truusk.store\/sv\/wp-json\/wp\/v2\/product_brand?post=72347"},{"taxonomy":"product_cat","embeddable":true,"href":"https:\/\/truusk.store\/sv\/wp-json\/wp\/v2\/product_cat?post=72347"},{"taxonomy":"product_tag","embeddable":true,"href":"https:\/\/truusk.store\/sv\/wp-json\/wp\/v2\/product_tag?post=72347"}],"curies":[{"name":"wp","href":"https:\/\/api.w.org\/{rel}","templated":true}]}}