{"id":72369,"date":"2025-06-05T22:43:48","date_gmt":"2025-06-05T21:43:48","guid":{"rendered":"https:\/\/truusk.store\/product\/sandlada-med-tak-tra-sandlada-med-sittplats-lekhus-124-x-116-x-146-cm-sandlada-med-tavla-for-barn-3-7-ar-tradgard-gra\/"},"modified":"2026-03-12T08:41:11","modified_gmt":"2026-03-12T07:41:11","slug":"truusk-sandlada-med-tak-tra-sandlada-med-sittplats-lekhus-for-barn-3-7-ar-tradgard-gra","status":"publish","type":"product","link":"https:\/\/truusk.store\/sv\/produkt\/truusk-sandlada-med-tak-tra-sandlada-med-sittplats-lekhus-for-barn-3-7-ar-tradgard-gra\/","title":{"rendered":"TRUUSK Sandl\u00e5da Med Tak &#8211; Tr\u00e4 Sandl\u00e5da Med Sittplats &#8211; Lekhus &#8211; F\u00f6r Barn 3-7 \u00e5r &#8211; Tr\u00e4dg\u00e5rd &#8211; Gr\u00e5"},"content":{"rendered":"<p>Med v\u00e5r fantasifulla TRUUSK-sandl\u00e5da kan dina barn f\u00f6rdjupa sig i kreativa sandspele utomhus, samtidigt som de skyddas mot sol och duggregn. Det bottenl\u00f6sa designen p\u00e5 balkongsandl\u00e5dan s\u00e4kerst\u00e4ller att regnvatten snabbt rinner ner och sanden torkar snabbare. Sandl\u00e5dan rymmer 2 barn och upp till 113 kg sand, perfekt f\u00f6r lektimmar med v\u00e4nner eller syskon. Stor bonus: ett omfattande sandspelset!<\/p>\n<p>Beskrivning:<\/p>\n<ul>\n<li> Tillverkad av gran med sl\u00e4t yta, vilket ger en s\u00e4ker och trevlig spelupplevelse<\/li>\n<li> Det lekfulla husdesignen stimulerar barnens fantasi och fr\u00e4mjar kreativt spel<\/li>\n<li> Med bekv\u00e4ma sittplatser f\u00f6r barn att vila och koppla av under spelet<\/li>\n<li> Bottenl\u00f6s konstruktion med tygfodring f\u00f6r dr\u00e4nering, ventilation och justering av sanddjupet f\u00f6r att s\u00e4kerst\u00e4lla en ren och anpassningsbar spelplats<\/li>\n<li> Ett v\u00e4derbest\u00e4ndigt tak p\u00e5 barnens sandl\u00e5da ger p\u00e5litligt skydd mot sol och regn, s\u00e5 att barnen kan leka obehindrat<\/li>\n<li> L\u00e4mplig f\u00f6r barn i \u00e5ldern 3 till 7 \u00e5r f\u00f6r att m\u00f6jligg\u00f6ra timmar av roliga och kreativa utomhusaktiviteter<\/li>\n<li> Montering kr\u00e4vs f\u00f6r att snabbt och enkelt bygga upp lekhuset och kunna anv\u00e4nda det direkt<\/li>\n<\/ul>\n<p> Tekniska data:<\/p>\n<ul>\n<li> F\u00e4rg: Gr\u00e5+Vit<\/li>\n<li> Material: Gran<\/li>\n<li> Totala dimensioner: 124L x 116B x 146H cm<\/li>\n<li> Sandomr\u00e5dets dimensioner: 110L x 88B x 17H cm<\/li>\n<li> Sitsstorlek: 115L x 17B x 19H cm<\/li>\n<li> Tak: 180L x 104B cm<\/li>\n<li> Sandkapacitet: 113 kg<\/li>\n<li> B\u00e4rkapacitet: 100 kg<\/li>\n<li> Rekommenderad\/kvalificerad \u00e5lder: 3-7 \u00e5r<\/li>\n<\/ul>\n<p>Leveransinneh\u00e5ll:<\/p>\n<ul>\n<li> 1 x Sandl\u00e5da<\/li>\n<li> 1 x Solskydd<\/li>\n<li> 1 x Vimpelkedja<\/li>\n<li> 1 x Handbok<\/li>\n<\/ul>\n","protected":false},"excerpt":{"rendered":"<p>Med v\u00e5r fantasifulla TRUUSK-sandl\u00e5da kan dina barn f\u00f6rdjupa sig i kreativa sandspele utomhus, samtidigt som de skyddas mot sol och&#8230;<\/p>\n","protected":false},"featured_media":72358,"template":"","meta":[],"product_brand":[],"product_cat":[880,620,616],"product_tag":[],"class_list":{"0":"post-72369","1":"product","2":"type-product","3":"status-publish","4":"has-post-thumbnail","6":"product_cat-baby-barn-2","7":"product_cat-sandlador-tillbehor","8":"product_cat-utomhusleksaker","10":"first","11":"instock","12":"sale","13":"taxable","14":"shipping-taxable","15":"purchasable","16":"product-type-simple"},"yoast_head":"<!-- This site is optimized with the Yoast SEO plugin v25.4 - https:\/\/yoast.com\/wordpress\/plugins\/seo\/ -->\n<title>TRUUSK Sandl\u00e5da Med Tak - Tr\u00e4 Sandl\u00e5da Med Sittplats - Lekhus - F\u00f6r Barn 3-7 \u00e5r - Tr\u00e4dg\u00e5rd - Gr\u00e5 - TRUUSK - Hem, Tr\u00e4dg\u00e5rd &amp; Fritid<\/title>\n<meta name=\"robots\" content=\"index, follow, max-snippet:-1, max-image-preview:large, max-video-preview:-1\" \/>\n<link rel=\"canonical\" href=\"https:\/\/truusk.store\/sv\/produkt\/truusk-sandlada-med-tak-tra-sandlada-med-sittplats-lekhus-for-barn-3-7-ar-tradgard-gra\/\" \/>\n<meta property=\"og:locale\" content=\"sv_SE\" \/>\n<meta property=\"og:type\" content=\"article\" \/>\n<meta property=\"og:title\" content=\"TRUUSK Sandl\u00e5da Med Tak - Tr\u00e4 Sandl\u00e5da Med Sittplats - Lekhus - F\u00f6r Barn 3-7 \u00e5r - Tr\u00e4dg\u00e5rd - Gr\u00e5 - TRUUSK - Hem, Tr\u00e4dg\u00e5rd &amp; Fritid\" \/>\n<meta property=\"og:description\" content=\"Med v\u00e5r fantasifulla TRUUSK-sandl\u00e5da kan dina barn f\u00f6rdjupa sig i kreativa sandspele utomhus, samtidigt som de skyddas mot sol och...\" \/>\n<meta property=\"og:url\" content=\"https:\/\/truusk.store\/sv\/produkt\/truusk-sandlada-med-tak-tra-sandlada-med-sittplats-lekhus-for-barn-3-7-ar-tradgard-gra\/\" \/>\n<meta property=\"og:site_name\" content=\"TRUUSK - Hem, Tr\u00e4dg\u00e5rd &amp; Fritid\" \/>\n<meta property=\"article:modified_time\" content=\"2026-03-12T07:41:11+00:00\" \/>\n<meta property=\"og:image\" content=\"https:\/\/i0.wp.com\/truusk.se\/wp-content\/uploads\/2025\/06\/sandlada-med-tak-tra-sandlada-med-sittplats-lekhus-124-x-116-x-146-cm-sandlada-med-tavla-for-barn-3-7-ar-tradgard-gra-1.webp?fit=2000%2C2000&ssl=1\" \/>\n\t<meta property=\"og:image:width\" content=\"2000\" \/>\n\t<meta property=\"og:image:height\" content=\"2000\" \/>\n\t<meta property=\"og:image:type\" content=\"image\/webp\" \/>\n<meta name=\"twitter:card\" content=\"summary_large_image\" \/>\n<meta name=\"twitter:label1\" content=\"Ber\u00e4knad l\u00e4stid\" \/>\n\t<meta name=\"twitter:data1\" content=\"1 minut\" \/>\n<!-- \/ Yoast SEO plugin. -->","yoast_head_json":{"title":"TRUUSK Sandl\u00e5da Med Tak - Tr\u00e4 Sandl\u00e5da Med Sittplats - Lekhus - F\u00f6r Barn 3-7 \u00e5r - Tr\u00e4dg\u00e5rd - Gr\u00e5 - TRUUSK - Hem, Tr\u00e4dg\u00e5rd &amp; Fritid","robots":{"index":"index","follow":"follow","max-snippet":"max-snippet:-1","max-image-preview":"max-image-preview:large","max-video-preview":"max-video-preview:-1"},"canonical":"https:\/\/truusk.store\/sv\/produkt\/truusk-sandlada-med-tak-tra-sandlada-med-sittplats-lekhus-for-barn-3-7-ar-tradgard-gra\/","og_locale":"sv_SE","og_type":"article","og_title":"TRUUSK Sandl\u00e5da Med Tak - Tr\u00e4 Sandl\u00e5da Med Sittplats - Lekhus - F\u00f6r Barn 3-7 \u00e5r - Tr\u00e4dg\u00e5rd - Gr\u00e5 - TRUUSK - Hem, Tr\u00e4dg\u00e5rd &amp; Fritid","og_description":"Med v\u00e5r fantasifulla TRUUSK-sandl\u00e5da kan dina barn f\u00f6rdjupa sig i kreativa sandspele utomhus, samtidigt som de skyddas mot sol och...","og_url":"https:\/\/truusk.store\/sv\/produkt\/truusk-sandlada-med-tak-tra-sandlada-med-sittplats-lekhus-for-barn-3-7-ar-tradgard-gra\/","og_site_name":"TRUUSK - Hem, Tr\u00e4dg\u00e5rd &amp; Fritid","article_modified_time":"2026-03-12T07:41:11+00:00","og_image":[{"width":2000,"height":2000,"url":"https:\/\/i0.wp.com\/truusk.se\/wp-content\/uploads\/2025\/06\/sandlada-med-tak-tra-sandlada-med-sittplats-lekhus-124-x-116-x-146-cm-sandlada-med-tavla-for-barn-3-7-ar-tradgard-gra-1.webp?fit=2000%2C2000&ssl=1","type":"image\/webp"}],"twitter_card":"summary_large_image","twitter_misc":{"Ber\u00e4knad l\u00e4stid":"1 minut"},"schema":{"@context":"https:\/\/schema.org","@graph":[{"@type":"WebPage","@id":"https:\/\/truusk.store\/sv\/produkt\/truusk-sandlada-med-tak-tra-sandlada-med-sittplats-lekhus-for-barn-3-7-ar-tradgard-gra\/","url":"https:\/\/truusk.store\/sv\/produkt\/truusk-sandlada-med-tak-tra-sandlada-med-sittplats-lekhus-for-barn-3-7-ar-tradgard-gra\/","name":"TRUUSK Sandl\u00e5da Med Tak - Tr\u00e4 Sandl\u00e5da Med Sittplats - Lekhus - F\u00f6r Barn 3-7 \u00e5r - Tr\u00e4dg\u00e5rd - Gr\u00e5 - TRUUSK - Hem, Tr\u00e4dg\u00e5rd &amp; Fritid","isPartOf":{"@id":"https:\/\/truusk.store\/sv\/#website"},"primaryImageOfPage":{"@id":"https:\/\/truusk.store\/sv\/produkt\/truusk-sandlada-med-tak-tra-sandlada-med-sittplats-lekhus-for-barn-3-7-ar-tradgard-gra\/#primaryimage"},"image":{"@id":"https:\/\/truusk.store\/sv\/produkt\/truusk-sandlada-med-tak-tra-sandlada-med-sittplats-lekhus-for-barn-3-7-ar-tradgard-gra\/#primaryimage"},"thumbnailUrl":"https:\/\/i0.wp.com\/truusk.store\/wp-content\/uploads\/2025\/06\/sandlada-med-tak-tra-sandlada-med-sittplats-lekhus-124-x-116-x-146-cm-sandlada-med-tavla-for-barn-3-7-ar-tradgard-gra-1.webp?fit=2000%2C2000&ssl=1","datePublished":"2025-06-05T21:43:48+00:00","dateModified":"2026-03-12T07:41:11+00:00","breadcrumb":{"@id":"https:\/\/truusk.store\/sv\/produkt\/truusk-sandlada-med-tak-tra-sandlada-med-sittplats-lekhus-for-barn-3-7-ar-tradgard-gra\/#breadcrumb"},"inLanguage":"sv-SE","potentialAction":[{"@type":"ReadAction","target":["https:\/\/truusk.store\/sv\/produkt\/truusk-sandlada-med-tak-tra-sandlada-med-sittplats-lekhus-for-barn-3-7-ar-tradgard-gra\/"]}]},{"@type":"ImageObject","inLanguage":"sv-SE","@id":"https:\/\/truusk.store\/sv\/produkt\/truusk-sandlada-med-tak-tra-sandlada-med-sittplats-lekhus-for-barn-3-7-ar-tradgard-gra\/#primaryimage","url":"https:\/\/i0.wp.com\/truusk.store\/wp-content\/uploads\/2025\/06\/sandlada-med-tak-tra-sandlada-med-sittplats-lekhus-124-x-116-x-146-cm-sandlada-med-tavla-for-barn-3-7-ar-tradgard-gra-1.webp?fit=2000%2C2000&ssl=1","contentUrl":"https:\/\/i0.wp.com\/truusk.store\/wp-content\/uploads\/2025\/06\/sandlada-med-tak-tra-sandlada-med-sittplats-lekhus-124-x-116-x-146-cm-sandlada-med-tavla-for-barn-3-7-ar-tradgard-gra-1.webp?fit=2000%2C2000&ssl=1","width":2000,"height":2000},{"@type":"BreadcrumbList","@id":"https:\/\/truusk.store\/sv\/produkt\/truusk-sandlada-med-tak-tra-sandlada-med-sittplats-lekhus-for-barn-3-7-ar-tradgard-gra\/#breadcrumb","itemListElement":[{"@type":"ListItem","position":1,"name":"Home","item":"https:\/\/truusk.store\/sv\/"},{"@type":"ListItem","position":2,"name":"Shop","item":"https:\/\/truusk.store\/shop\/"},{"@type":"ListItem","position":3,"name":"TRUUSK Sandl\u00e5da Med Tak &#8211; Tr\u00e4 Sandl\u00e5da Med Sittplats &#8211; Lekhus &#8211; F\u00f6r Barn 3-7 \u00e5r &#8211; Tr\u00e4dg\u00e5rd &#8211; Gr\u00e5"}]},{"@type":"WebSite","@id":"https:\/\/truusk.store\/sv\/#website","url":"https:\/\/truusk.store\/sv\/","name":"TRUUSK - Hem, Tr\u00e4dg\u00e5rd & Fritid","description":"","publisher":{"@id":"https:\/\/truusk.store\/sv\/#organization"},"potentialAction":[{"@type":"SearchAction","target":{"@type":"EntryPoint","urlTemplate":"https:\/\/truusk.store\/sv\/?s={search_term_string}"},"query-input":{"@type":"PropertyValueSpecification","valueRequired":true,"valueName":"search_term_string"}}],"inLanguage":"sv-SE"},{"@type":"Organization","@id":"https:\/\/truusk.store\/sv\/#organization","name":"TRUUSK - Hem, Tr\u00e4dg\u00e5rd & Fritid","url":"https:\/\/truusk.store\/sv\/","logo":{"@type":"ImageObject","inLanguage":"sv-SE","@id":"https:\/\/truusk.store\/sv\/#\/schema\/logo\/image\/","url":"https:\/\/i0.wp.com\/truusk.store\/wp-content\/uploads\/2026\/03\/cropped-TRUUSK.png?fit=2032%2C917&ssl=1","contentUrl":"https:\/\/i0.wp.com\/truusk.store\/wp-content\/uploads\/2026\/03\/cropped-TRUUSK.png?fit=2032%2C917&ssl=1","width":2032,"height":917,"caption":"TRUUSK - Hem, Tr\u00e4dg\u00e5rd & Fritid"},"image":{"@id":"https:\/\/truusk.store\/sv\/#\/schema\/logo\/image\/"}}]}},"jetpack_sharing_enabled":true,"_links":{"self":[{"href":"https:\/\/truusk.store\/sv\/wp-json\/wp\/v2\/product\/72369","targetHints":{"allow":["GET"]}}],"collection":[{"href":"https:\/\/truusk.store\/sv\/wp-json\/wp\/v2\/product"}],"about":[{"href":"https:\/\/truusk.store\/sv\/wp-json\/wp\/v2\/types\/product"}],"wp:featuredmedia":[{"embeddable":true,"href":"https:\/\/truusk.store\/sv\/wp-json\/wp\/v2\/media\/72358"}],"wp:attachment":[{"href":"https:\/\/truusk.store\/sv\/wp-json\/wp\/v2\/media?parent=72369"}],"wp:term":[{"taxonomy":"product_brand","embeddable":true,"href":"https:\/\/truusk.store\/sv\/wp-json\/wp\/v2\/product_brand?post=72369"},{"taxonomy":"product_cat","embeddable":true,"href":"https:\/\/truusk.store\/sv\/wp-json\/wp\/v2\/product_cat?post=72369"},{"taxonomy":"product_tag","embeddable":true,"href":"https:\/\/truusk.store\/sv\/wp-json\/wp\/v2\/product_tag?post=72369"}],"curies":[{"name":"wp","href":"https:\/\/api.w.org\/{rel}","templated":true}]}}