{"id":7237,"date":"2024-02-13T08:46:54","date_gmt":"2024-02-13T07:46:54","guid":{"rendered":"https:\/\/truusk.store\/product\/tradgardsbord-tradgardsmatbord-uteplatsbord-festbord-balkongbord-av-aluminium-polywood-svart-190-x-845-x-72-cm\/"},"modified":"2026-03-12T08:55:29","modified_gmt":"2026-03-12T07:55:29","slug":"truusk-aluminium-tradgardsbord-polywood-top-svart-190x845x72-cm","status":"publish","type":"product","link":"https:\/\/truusk.store\/sv\/produkt\/truusk-aluminium-tradgardsbord-polywood-top-svart-190x845x72-cm\/","title":{"rendered":"TRUUSK Aluminium Tr\u00e4dg\u00e5rdsbord &#8211; Polywood Top &#8211; Svart &#8211; 190&#215;84,5&#215;72 cm"},"content":{"rendered":"<p>Det eleganta balkongbordet kombinerar l\u00e4tthet och stabilitet med trendig design. Oavsett om det \u00e4r som matbord i vardagsrummet eller som balkong- och terrassbord skapar det alltid en stilfull atmosf\u00e4r! Det stora uteplatsbordet ger tillr\u00e4ckligt med utrymme f\u00f6r dina g\u00e4ster och \u00e4r extremt l\u00e4tt att reng\u00f6ra, v\u00e4derbest\u00e4ndigt och mycket stabilt. Oavsett vilken grupp ni tr\u00e4ffas, vare sig det \u00e4r f\u00f6r en grillfest med v\u00e4nner eller f\u00f6r en kaffeprat, \u00e4r ni alltid v\u00e4l utrustade med det h\u00f6gkvalitativa sidobordet.<\/p>\n<h3>Beskrivning:<\/h3>\n<ul>\n<li>L\u00e4mplig f\u00f6r fester, middagar, bordsspel i tr\u00e4dg\u00e5rden, uteplatsen, bakg\u00e5rden, etc<\/li>\n<li>WPC bordsskiva f\u00f6r naturliga tr\u00e4fibrer och l\u00e5ngvarig anv\u00e4ndning<\/li>\n<li>Aluminiumram \u00e4r rosts\u00e4ker, stabil och robust<\/li>\n<li>Mellanrum mellan bordsskivans spj\u00e4lor f\u00f6r snabbt vattenfl\u00f6de n\u00e4r det regnar<\/li>\n<li>L\u00e4tt att reng\u00f6ra, v\u00e4derbest\u00e4ndig och UV-best\u00e4ndig<\/li>\n<li>Montering kr\u00e4vs<\/li>\n<\/ul>\n<h3>Teknisk data:<\/h3>\n<ul>\n<li>Material: aluminium, polywood<\/li>\n<li>Svart f\u00e4rg<\/li>\n<li>Totalstorlek: 190 x 84,5 x 72 cm (LxBxH)<\/li>\n<li>Vikt: ca 21 kg<\/li>\n<li>Lastkapacitet: 150 kg<\/li>\n<\/ul>\n<h3>Leveransens omfattning:<\/h3>\n<ul>\n<li>1 x tr\u00e4dg\u00e5rdsbord<\/li>\n<li>VIKTIGT: Vi levererar varan till trottoarkanten utan kostnad. Se till att du anger r\u00e4tt adress och telefonnummer.<\/li>\n<\/ul>\n","protected":false},"excerpt":{"rendered":"<p>Det eleganta balkongbordet kombinerar l\u00e4tthet och stabilitet med trendig design. Oavsett om det \u00e4r som matbord i vardagsrummet eller som&#8230;<\/p>\n","protected":false},"featured_media":7238,"template":"","meta":[],"product_brand":[],"product_cat":[435,457,450],"product_tag":[],"class_list":{"0":"post-7237","1":"product","2":"type-product","3":"status-publish","4":"has-post-thumbnail","6":"product_cat-tradgard-och-terrass","7":"product_cat-tradgardsbord","8":"product_cat-tradgardsmobler","10":"first","11":"instock","12":"sale","13":"taxable","14":"shipping-taxable","15":"purchasable","16":"product-type-simple"},"yoast_head":"<!-- This site is optimized with the Yoast SEO plugin v25.4 - https:\/\/yoast.com\/wordpress\/plugins\/seo\/ -->\n<title>TRUUSK Aluminium Tr\u00e4dg\u00e5rdsbord - Polywood Top - Svart - 190x84,5x72 cm - TRUUSK - Hem, Tr\u00e4dg\u00e5rd &amp; Fritid<\/title>\n<meta name=\"robots\" content=\"index, follow, max-snippet:-1, max-image-preview:large, max-video-preview:-1\" \/>\n<link rel=\"canonical\" href=\"https:\/\/truusk.store\/sv\/produkt\/truusk-aluminium-tradgardsbord-polywood-top-svart-190x845x72-cm\/\" \/>\n<meta property=\"og:locale\" content=\"sv_SE\" \/>\n<meta property=\"og:type\" content=\"article\" \/>\n<meta property=\"og:title\" content=\"TRUUSK Aluminium Tr\u00e4dg\u00e5rdsbord - Polywood Top - Svart - 190x84,5x72 cm - TRUUSK - Hem, Tr\u00e4dg\u00e5rd &amp; Fritid\" \/>\n<meta property=\"og:description\" content=\"Det eleganta balkongbordet kombinerar l\u00e4tthet och stabilitet med trendig design. Oavsett om det \u00e4r som matbord i vardagsrummet eller som...\" \/>\n<meta property=\"og:url\" content=\"https:\/\/truusk.store\/sv\/produkt\/truusk-aluminium-tradgardsbord-polywood-top-svart-190x845x72-cm\/\" \/>\n<meta property=\"og:site_name\" content=\"TRUUSK - Hem, Tr\u00e4dg\u00e5rd &amp; Fritid\" \/>\n<meta property=\"article:modified_time\" content=\"2026-03-12T07:55:29+00:00\" \/>\n<meta property=\"og:image\" content=\"https:\/\/i0.wp.com\/truusk.se\/wp-content\/uploads\/2024\/02\/tradgardsbord-tradgardsmatbord-uteplatsbord-festbord-balkongbord-av-aluminium-polywood-svart-190-x-845-x-72-cm.webp?fit=800%2C800&ssl=1\" \/>\n\t<meta property=\"og:image:width\" content=\"800\" \/>\n\t<meta property=\"og:image:height\" content=\"800\" \/>\n\t<meta property=\"og:image:type\" content=\"image\/webp\" \/>\n<meta name=\"twitter:card\" content=\"summary_large_image\" \/>\n<meta name=\"twitter:label1\" content=\"Ber\u00e4knad l\u00e4stid\" \/>\n\t<meta name=\"twitter:data1\" content=\"1 minut\" \/>\n<!-- \/ Yoast SEO plugin. -->","yoast_head_json":{"title":"TRUUSK Aluminium Tr\u00e4dg\u00e5rdsbord - Polywood Top - Svart - 190x84,5x72 cm - TRUUSK - Hem, Tr\u00e4dg\u00e5rd &amp; Fritid","robots":{"index":"index","follow":"follow","max-snippet":"max-snippet:-1","max-image-preview":"max-image-preview:large","max-video-preview":"max-video-preview:-1"},"canonical":"https:\/\/truusk.store\/sv\/produkt\/truusk-aluminium-tradgardsbord-polywood-top-svart-190x845x72-cm\/","og_locale":"sv_SE","og_type":"article","og_title":"TRUUSK Aluminium Tr\u00e4dg\u00e5rdsbord - Polywood Top - Svart - 190x84,5x72 cm - TRUUSK - Hem, Tr\u00e4dg\u00e5rd &amp; Fritid","og_description":"Det eleganta balkongbordet kombinerar l\u00e4tthet och stabilitet med trendig design. Oavsett om det \u00e4r som matbord i vardagsrummet eller som...","og_url":"https:\/\/truusk.store\/sv\/produkt\/truusk-aluminium-tradgardsbord-polywood-top-svart-190x845x72-cm\/","og_site_name":"TRUUSK - Hem, Tr\u00e4dg\u00e5rd &amp; Fritid","article_modified_time":"2026-03-12T07:55:29+00:00","og_image":[{"width":800,"height":800,"url":"https:\/\/i0.wp.com\/truusk.se\/wp-content\/uploads\/2024\/02\/tradgardsbord-tradgardsmatbord-uteplatsbord-festbord-balkongbord-av-aluminium-polywood-svart-190-x-845-x-72-cm.webp?fit=800%2C800&ssl=1","type":"image\/webp"}],"twitter_card":"summary_large_image","twitter_misc":{"Ber\u00e4knad l\u00e4stid":"1 minut"},"schema":{"@context":"https:\/\/schema.org","@graph":[{"@type":"WebPage","@id":"https:\/\/truusk.store\/sv\/produkt\/truusk-aluminium-tradgardsbord-polywood-top-svart-190x845x72-cm\/","url":"https:\/\/truusk.store\/sv\/produkt\/truusk-aluminium-tradgardsbord-polywood-top-svart-190x845x72-cm\/","name":"TRUUSK Aluminium Tr\u00e4dg\u00e5rdsbord - Polywood Top - Svart - 190x84,5x72 cm - TRUUSK - Hem, Tr\u00e4dg\u00e5rd &amp; Fritid","isPartOf":{"@id":"https:\/\/truusk.store\/sv\/#website"},"primaryImageOfPage":{"@id":"https:\/\/truusk.store\/sv\/produkt\/truusk-aluminium-tradgardsbord-polywood-top-svart-190x845x72-cm\/#primaryimage"},"image":{"@id":"https:\/\/truusk.store\/sv\/produkt\/truusk-aluminium-tradgardsbord-polywood-top-svart-190x845x72-cm\/#primaryimage"},"thumbnailUrl":"https:\/\/i0.wp.com\/truusk.store\/wp-content\/uploads\/2024\/02\/tradgardsbord-tradgardsmatbord-uteplatsbord-festbord-balkongbord-av-aluminium-polywood-svart-190-x-845-x-72-cm.webp?fit=800%2C800&ssl=1","datePublished":"2024-02-13T07:46:54+00:00","dateModified":"2026-03-12T07:55:29+00:00","breadcrumb":{"@id":"https:\/\/truusk.store\/sv\/produkt\/truusk-aluminium-tradgardsbord-polywood-top-svart-190x845x72-cm\/#breadcrumb"},"inLanguage":"sv-SE","potentialAction":[{"@type":"ReadAction","target":["https:\/\/truusk.store\/sv\/produkt\/truusk-aluminium-tradgardsbord-polywood-top-svart-190x845x72-cm\/"]}]},{"@type":"ImageObject","inLanguage":"sv-SE","@id":"https:\/\/truusk.store\/sv\/produkt\/truusk-aluminium-tradgardsbord-polywood-top-svart-190x845x72-cm\/#primaryimage","url":"https:\/\/i0.wp.com\/truusk.store\/wp-content\/uploads\/2024\/02\/tradgardsbord-tradgardsmatbord-uteplatsbord-festbord-balkongbord-av-aluminium-polywood-svart-190-x-845-x-72-cm.webp?fit=800%2C800&ssl=1","contentUrl":"https:\/\/i0.wp.com\/truusk.store\/wp-content\/uploads\/2024\/02\/tradgardsbord-tradgardsmatbord-uteplatsbord-festbord-balkongbord-av-aluminium-polywood-svart-190-x-845-x-72-cm.webp?fit=800%2C800&ssl=1","width":800,"height":800,"caption":"Tr\u00e4dg\u00e5rdsbord, Tr\u00e4dg\u00e5rdsmatbord, Uteplatsbord, Festbord, Balkongbord Av Aluminium, Polywood, Svart, 190 X 84,5 X 72 Cm 1"},{"@type":"BreadcrumbList","@id":"https:\/\/truusk.store\/sv\/produkt\/truusk-aluminium-tradgardsbord-polywood-top-svart-190x845x72-cm\/#breadcrumb","itemListElement":[{"@type":"ListItem","position":1,"name":"Home","item":"https:\/\/truusk.store\/sv\/"},{"@type":"ListItem","position":2,"name":"Shop","item":"https:\/\/truusk.store\/shop\/"},{"@type":"ListItem","position":3,"name":"TRUUSK Aluminium Tr\u00e4dg\u00e5rdsbord &#8211; Polywood Top &#8211; Svart &#8211; 190&#215;84,5&#215;72 cm"}]},{"@type":"WebSite","@id":"https:\/\/truusk.store\/sv\/#website","url":"https:\/\/truusk.store\/sv\/","name":"TRUUSK - Hem, Tr\u00e4dg\u00e5rd & Fritid","description":"","publisher":{"@id":"https:\/\/truusk.store\/sv\/#organization"},"potentialAction":[{"@type":"SearchAction","target":{"@type":"EntryPoint","urlTemplate":"https:\/\/truusk.store\/sv\/?s={search_term_string}"},"query-input":{"@type":"PropertyValueSpecification","valueRequired":true,"valueName":"search_term_string"}}],"inLanguage":"sv-SE"},{"@type":"Organization","@id":"https:\/\/truusk.store\/sv\/#organization","name":"TRUUSK - Hem, Tr\u00e4dg\u00e5rd & Fritid","url":"https:\/\/truusk.store\/sv\/","logo":{"@type":"ImageObject","inLanguage":"sv-SE","@id":"https:\/\/truusk.store\/sv\/#\/schema\/logo\/image\/","url":"https:\/\/i0.wp.com\/truusk.store\/wp-content\/uploads\/2026\/03\/cropped-TRUUSK.png?fit=2032%2C917&ssl=1","contentUrl":"https:\/\/i0.wp.com\/truusk.store\/wp-content\/uploads\/2026\/03\/cropped-TRUUSK.png?fit=2032%2C917&ssl=1","width":2032,"height":917,"caption":"TRUUSK - Hem, Tr\u00e4dg\u00e5rd & Fritid"},"image":{"@id":"https:\/\/truusk.store\/sv\/#\/schema\/logo\/image\/"}}]}},"jetpack_sharing_enabled":true,"_links":{"self":[{"href":"https:\/\/truusk.store\/sv\/wp-json\/wp\/v2\/product\/7237","targetHints":{"allow":["GET"]}}],"collection":[{"href":"https:\/\/truusk.store\/sv\/wp-json\/wp\/v2\/product"}],"about":[{"href":"https:\/\/truusk.store\/sv\/wp-json\/wp\/v2\/types\/product"}],"wp:featuredmedia":[{"embeddable":true,"href":"https:\/\/truusk.store\/sv\/wp-json\/wp\/v2\/media\/7238"}],"wp:attachment":[{"href":"https:\/\/truusk.store\/sv\/wp-json\/wp\/v2\/media?parent=7237"}],"wp:term":[{"taxonomy":"product_brand","embeddable":true,"href":"https:\/\/truusk.store\/sv\/wp-json\/wp\/v2\/product_brand?post=7237"},{"taxonomy":"product_cat","embeddable":true,"href":"https:\/\/truusk.store\/sv\/wp-json\/wp\/v2\/product_cat?post=7237"},{"taxonomy":"product_tag","embeddable":true,"href":"https:\/\/truusk.store\/sv\/wp-json\/wp\/v2\/product_tag?post=7237"}],"curies":[{"name":"wp","href":"https:\/\/api.w.org\/{rel}","templated":true}]}}