{"id":72410,"date":"2025-06-05T22:47:57","date_gmt":"2025-06-05T21:47:57","guid":{"rendered":"https:\/\/truusk.store\/product\/underskap-for-handfat-med-skapfack-underskap-for-tvattstall-med-rottinglook-badrumsskap-med-tippskydd-ek-60-x-39-x-60-cm\/"},"modified":"2026-03-12T08:41:02","modified_gmt":"2026-03-12T07:41:02","slug":"truusk-badrumsskap-med-rottinglook-underskap-for-handfat-med-skapfack-tippskydd-ek-60x39x60-cm","status":"publish","type":"product","link":"https:\/\/truusk.store\/sv\/produkt\/truusk-badrumsskap-med-rottinglook-underskap-for-handfat-med-skapfack-tippskydd-ek-60x39x60-cm\/","title":{"rendered":"TRUUSK Badrumssk\u00e5p med Rottinglook &#8211; Undersk\u00e5p f\u00f6r Handfat med Sk\u00e5pfack &#8211; Tippskydd &#8211; Ek &#8211; 60x39x60 cm"},"content":{"rendered":"<p>Beh\u00f6ver du mer f\u00f6rvaringsutrymme i ditt badrum? Sj\u00e4lvklart g\u00f6r du det. Detta badrumssk\u00e5p fr\u00e5n TRUUSK ger dig det extra utrymmet utan att du beh\u00f6ver oroa dig f\u00f6r hur du ska f\u00e5 plats med det. Det passar direkt under ditt handfat. Utrymme som annars skulle vara tomt. Anv\u00e4nd det extra utrymmet f\u00f6r att f\u00f6rvara dagliga hygienprodukter och reng\u00f6ringsmedel. Med detta undersk\u00e5p till handfatet har du allt du beh\u00f6ver alltid till hands.<\/p>\n<p>Beskrivning:<\/p>\n<ul>\n<li> Modernt boho-design med rattanelement passar perfekt i olika badrum<\/li>\n<li> U-format urtag, passar f\u00f6r vanliga r\u00f6r. Vi rekommenderar att du m\u00e4ter handfatet innan k\u00f6p<\/li>\n<li> Sk\u00e5p f\u00f6r f\u00f6rvaring av toalettartiklar och andra hygienartiklar:<\/li>\n<li> Tillverkad av tr\u00e4komposit f\u00f6r p\u00e5litlig daglig anv\u00e4ndning<\/li>\n<li> Tv\u00e5 handtag av aluminiumlegering f\u00f6r bekv\u00e4m \u00f6ppning av d\u00f6rrarna<\/li>\n<li> Den h\u00f6jda st\u00e4llningen skyddar m\u00f6belinneh\u00e5llet mot fukt<\/li>\n<li> Anti-tip-design f\u00f6r extra s\u00e4kerhet<\/li>\n<li> Montering kr\u00e4vs<\/li>\n<\/ul>\n<p> Tekniska data:<\/p>\n<ul>\n<li> F\u00e4rg: Ek<\/li>\n<li> Material: Sp\u00e5nskiva, Rattan<\/li>\n<li> Totala dimensioner: 60L x 39B x 60H cm<\/li>\n<li> U-format urtag: 9B x 20T cm<\/li>\n<li> Inre m\u00e5tt p\u00e5 sk\u00e5pet: 57B x 39T x 40H cm (enradigt)<\/li>\n<li> H\u00f6jd p\u00e5 benen: 17,7 cm<\/li>\n<li> Viktkapacitet: 30 kg (totalt), 20 kg (ovanp\u00e5), 10 kg (hyllplan)<\/li>\n<li> Notera: Var v\u00e4nlig m\u00e4t innan k\u00f6p<\/li>\n<\/ul>\n<p>Leveransinneh\u00e5ll:<\/p>\n<ul>\n<li> 1 x undersk\u00e5p till handfatet<\/li>\n<li> 1 x manual<\/li>\n<\/ul>\n","protected":false},"excerpt":{"rendered":"<p>Beh\u00f6ver du mer f\u00f6rvaringsutrymme i ditt badrum? Sj\u00e4lvklart g\u00f6r du det. Detta badrumssk\u00e5p fr\u00e5n TRUUSK ger dig det extra utrymmet&#8230;<\/p>\n","protected":false},"featured_media":72400,"template":"","meta":[],"product_brand":[],"product_cat":[915,535,871],"product_tag":[],"class_list":{"0":"post-72410","1":"product","2":"type-product","3":"status-publish","4":"has-post-thumbnail","6":"product_cat-badrum","7":"product_cat-badrumsskap","8":"product_cat-hus-hem","10":"first","11":"instock","12":"sale","13":"taxable","14":"shipping-taxable","15":"purchasable","16":"product-type-simple"},"yoast_head":"<!-- This site is optimized with the Yoast SEO plugin v25.4 - https:\/\/yoast.com\/wordpress\/plugins\/seo\/ -->\n<title>TRUUSK Badrumssk\u00e5p med Rottinglook - Undersk\u00e5p f\u00f6r Handfat med Sk\u00e5pfack - Tippskydd - Ek - 60x39x60 cm - TRUUSK - Hem, Tr\u00e4dg\u00e5rd &amp; Fritid<\/title>\n<meta name=\"robots\" content=\"index, follow, max-snippet:-1, max-image-preview:large, max-video-preview:-1\" \/>\n<link rel=\"canonical\" href=\"https:\/\/truusk.store\/sv\/produkt\/truusk-badrumsskap-med-rottinglook-underskap-for-handfat-med-skapfack-tippskydd-ek-60x39x60-cm\/\" \/>\n<meta property=\"og:locale\" content=\"sv_SE\" \/>\n<meta property=\"og:type\" content=\"article\" \/>\n<meta property=\"og:title\" content=\"TRUUSK Badrumssk\u00e5p med Rottinglook - Undersk\u00e5p f\u00f6r Handfat med Sk\u00e5pfack - Tippskydd - Ek - 60x39x60 cm - TRUUSK - Hem, Tr\u00e4dg\u00e5rd &amp; Fritid\" \/>\n<meta property=\"og:description\" content=\"Beh\u00f6ver du mer f\u00f6rvaringsutrymme i ditt badrum? Sj\u00e4lvklart g\u00f6r du det. Detta badrumssk\u00e5p fr\u00e5n TRUUSK ger dig det extra utrymmet...\" \/>\n<meta property=\"og:url\" content=\"https:\/\/truusk.store\/sv\/produkt\/truusk-badrumsskap-med-rottinglook-underskap-for-handfat-med-skapfack-tippskydd-ek-60x39x60-cm\/\" \/>\n<meta property=\"og:site_name\" content=\"TRUUSK - Hem, Tr\u00e4dg\u00e5rd &amp; Fritid\" \/>\n<meta property=\"article:modified_time\" content=\"2026-03-12T07:41:02+00:00\" \/>\n<meta property=\"og:image\" content=\"https:\/\/i0.wp.com\/truusk.se\/wp-content\/uploads\/2025\/06\/underskap-for-handfat-med-skapfack-underskap-for-tvattstall-med-rottinglook-badrumsskap-med-tippskydd-ek-60-x-39-x-60-cm-1.webp?fit=2000%2C2000&ssl=1\" \/>\n\t<meta property=\"og:image:width\" content=\"2000\" \/>\n\t<meta property=\"og:image:height\" content=\"2000\" \/>\n\t<meta property=\"og:image:type\" content=\"image\/webp\" \/>\n<meta name=\"twitter:card\" content=\"summary_large_image\" \/>\n<meta name=\"twitter:label1\" content=\"Ber\u00e4knad l\u00e4stid\" \/>\n\t<meta name=\"twitter:data1\" content=\"1 minut\" \/>\n<!-- \/ Yoast SEO plugin. -->","yoast_head_json":{"title":"TRUUSK Badrumssk\u00e5p med Rottinglook - Undersk\u00e5p f\u00f6r Handfat med Sk\u00e5pfack - Tippskydd - Ek - 60x39x60 cm - TRUUSK - Hem, Tr\u00e4dg\u00e5rd &amp; Fritid","robots":{"index":"index","follow":"follow","max-snippet":"max-snippet:-1","max-image-preview":"max-image-preview:large","max-video-preview":"max-video-preview:-1"},"canonical":"https:\/\/truusk.store\/sv\/produkt\/truusk-badrumsskap-med-rottinglook-underskap-for-handfat-med-skapfack-tippskydd-ek-60x39x60-cm\/","og_locale":"sv_SE","og_type":"article","og_title":"TRUUSK Badrumssk\u00e5p med Rottinglook - Undersk\u00e5p f\u00f6r Handfat med Sk\u00e5pfack - Tippskydd - Ek - 60x39x60 cm - TRUUSK - Hem, Tr\u00e4dg\u00e5rd &amp; Fritid","og_description":"Beh\u00f6ver du mer f\u00f6rvaringsutrymme i ditt badrum? Sj\u00e4lvklart g\u00f6r du det. Detta badrumssk\u00e5p fr\u00e5n TRUUSK ger dig det extra utrymmet...","og_url":"https:\/\/truusk.store\/sv\/produkt\/truusk-badrumsskap-med-rottinglook-underskap-for-handfat-med-skapfack-tippskydd-ek-60x39x60-cm\/","og_site_name":"TRUUSK - Hem, Tr\u00e4dg\u00e5rd &amp; Fritid","article_modified_time":"2026-03-12T07:41:02+00:00","og_image":[{"width":2000,"height":2000,"url":"https:\/\/i0.wp.com\/truusk.se\/wp-content\/uploads\/2025\/06\/underskap-for-handfat-med-skapfack-underskap-for-tvattstall-med-rottinglook-badrumsskap-med-tippskydd-ek-60-x-39-x-60-cm-1.webp?fit=2000%2C2000&ssl=1","type":"image\/webp"}],"twitter_card":"summary_large_image","twitter_misc":{"Ber\u00e4knad l\u00e4stid":"1 minut"},"schema":{"@context":"https:\/\/schema.org","@graph":[{"@type":"WebPage","@id":"https:\/\/truusk.store\/sv\/produkt\/truusk-badrumsskap-med-rottinglook-underskap-for-handfat-med-skapfack-tippskydd-ek-60x39x60-cm\/","url":"https:\/\/truusk.store\/sv\/produkt\/truusk-badrumsskap-med-rottinglook-underskap-for-handfat-med-skapfack-tippskydd-ek-60x39x60-cm\/","name":"TRUUSK Badrumssk\u00e5p med Rottinglook - Undersk\u00e5p f\u00f6r Handfat med Sk\u00e5pfack - Tippskydd - Ek - 60x39x60 cm - TRUUSK - Hem, Tr\u00e4dg\u00e5rd &amp; Fritid","isPartOf":{"@id":"https:\/\/truusk.store\/sv\/#website"},"primaryImageOfPage":{"@id":"https:\/\/truusk.store\/sv\/produkt\/truusk-badrumsskap-med-rottinglook-underskap-for-handfat-med-skapfack-tippskydd-ek-60x39x60-cm\/#primaryimage"},"image":{"@id":"https:\/\/truusk.store\/sv\/produkt\/truusk-badrumsskap-med-rottinglook-underskap-for-handfat-med-skapfack-tippskydd-ek-60x39x60-cm\/#primaryimage"},"thumbnailUrl":"https:\/\/i0.wp.com\/truusk.store\/wp-content\/uploads\/2025\/06\/underskap-for-handfat-med-skapfack-underskap-for-tvattstall-med-rottinglook-badrumsskap-med-tippskydd-ek-60-x-39-x-60-cm-1.webp?fit=2000%2C2000&ssl=1","datePublished":"2025-06-05T21:47:57+00:00","dateModified":"2026-03-12T07:41:02+00:00","breadcrumb":{"@id":"https:\/\/truusk.store\/sv\/produkt\/truusk-badrumsskap-med-rottinglook-underskap-for-handfat-med-skapfack-tippskydd-ek-60x39x60-cm\/#breadcrumb"},"inLanguage":"sv-SE","potentialAction":[{"@type":"ReadAction","target":["https:\/\/truusk.store\/sv\/produkt\/truusk-badrumsskap-med-rottinglook-underskap-for-handfat-med-skapfack-tippskydd-ek-60x39x60-cm\/"]}]},{"@type":"ImageObject","inLanguage":"sv-SE","@id":"https:\/\/truusk.store\/sv\/produkt\/truusk-badrumsskap-med-rottinglook-underskap-for-handfat-med-skapfack-tippskydd-ek-60x39x60-cm\/#primaryimage","url":"https:\/\/i0.wp.com\/truusk.store\/wp-content\/uploads\/2025\/06\/underskap-for-handfat-med-skapfack-underskap-for-tvattstall-med-rottinglook-badrumsskap-med-tippskydd-ek-60-x-39-x-60-cm-1.webp?fit=2000%2C2000&ssl=1","contentUrl":"https:\/\/i0.wp.com\/truusk.store\/wp-content\/uploads\/2025\/06\/underskap-for-handfat-med-skapfack-underskap-for-tvattstall-med-rottinglook-badrumsskap-med-tippskydd-ek-60-x-39-x-60-cm-1.webp?fit=2000%2C2000&ssl=1","width":2000,"height":2000},{"@type":"BreadcrumbList","@id":"https:\/\/truusk.store\/sv\/produkt\/truusk-badrumsskap-med-rottinglook-underskap-for-handfat-med-skapfack-tippskydd-ek-60x39x60-cm\/#breadcrumb","itemListElement":[{"@type":"ListItem","position":1,"name":"Home","item":"https:\/\/truusk.store\/sv\/"},{"@type":"ListItem","position":2,"name":"Shop","item":"https:\/\/truusk.store\/shop\/"},{"@type":"ListItem","position":3,"name":"TRUUSK Badrumssk\u00e5p med Rottinglook &#8211; Undersk\u00e5p f\u00f6r Handfat med Sk\u00e5pfack &#8211; Tippskydd &#8211; Ek &#8211; 60x39x60 cm"}]},{"@type":"WebSite","@id":"https:\/\/truusk.store\/sv\/#website","url":"https:\/\/truusk.store\/sv\/","name":"TRUUSK - Hem, Tr\u00e4dg\u00e5rd & Fritid","description":"","publisher":{"@id":"https:\/\/truusk.store\/sv\/#organization"},"potentialAction":[{"@type":"SearchAction","target":{"@type":"EntryPoint","urlTemplate":"https:\/\/truusk.store\/sv\/?s={search_term_string}"},"query-input":{"@type":"PropertyValueSpecification","valueRequired":true,"valueName":"search_term_string"}}],"inLanguage":"sv-SE"},{"@type":"Organization","@id":"https:\/\/truusk.store\/sv\/#organization","name":"TRUUSK - Hem, Tr\u00e4dg\u00e5rd & Fritid","url":"https:\/\/truusk.store\/sv\/","logo":{"@type":"ImageObject","inLanguage":"sv-SE","@id":"https:\/\/truusk.store\/sv\/#\/schema\/logo\/image\/","url":"https:\/\/i0.wp.com\/truusk.store\/wp-content\/uploads\/2026\/03\/cropped-TRUUSK.png?fit=2032%2C917&ssl=1","contentUrl":"https:\/\/i0.wp.com\/truusk.store\/wp-content\/uploads\/2026\/03\/cropped-TRUUSK.png?fit=2032%2C917&ssl=1","width":2032,"height":917,"caption":"TRUUSK - Hem, Tr\u00e4dg\u00e5rd & Fritid"},"image":{"@id":"https:\/\/truusk.store\/sv\/#\/schema\/logo\/image\/"}}]}},"jetpack_sharing_enabled":true,"_links":{"self":[{"href":"https:\/\/truusk.store\/sv\/wp-json\/wp\/v2\/product\/72410","targetHints":{"allow":["GET"]}}],"collection":[{"href":"https:\/\/truusk.store\/sv\/wp-json\/wp\/v2\/product"}],"about":[{"href":"https:\/\/truusk.store\/sv\/wp-json\/wp\/v2\/types\/product"}],"wp:featuredmedia":[{"embeddable":true,"href":"https:\/\/truusk.store\/sv\/wp-json\/wp\/v2\/media\/72400"}],"wp:attachment":[{"href":"https:\/\/truusk.store\/sv\/wp-json\/wp\/v2\/media?parent=72410"}],"wp:term":[{"taxonomy":"product_brand","embeddable":true,"href":"https:\/\/truusk.store\/sv\/wp-json\/wp\/v2\/product_brand?post=72410"},{"taxonomy":"product_cat","embeddable":true,"href":"https:\/\/truusk.store\/sv\/wp-json\/wp\/v2\/product_cat?post=72410"},{"taxonomy":"product_tag","embeddable":true,"href":"https:\/\/truusk.store\/sv\/wp-json\/wp\/v2\/product_tag?post=72410"}],"curies":[{"name":"wp","href":"https:\/\/api.w.org\/{rel}","templated":true}]}}