{"id":72471,"date":"2025-06-05T22:53:58","date_gmt":"2025-06-05T21:53:58","guid":{"rendered":"https:\/\/truusk.store\/product\/hundvagn-latt-hundvagn-av-aluminium-hopfallbar-for-hundar-katter-upp-till-10-kg-kattvagn-med-kudde-nat-fonster-dorrar-forvaringskorg-kattvagn-buggy-khaki\/"},"modified":"2026-03-12T08:42:25","modified_gmt":"2026-03-12T07:42:25","slug":"truusk-hundvagn-i-aluminium-latt-och-hopfallbar-for-hundar-katter-upp-till-10-kg-kudde-nat-fonster-forvaringskorg","status":"publish","type":"product","link":"https:\/\/truusk.store\/sv\/produkt\/truusk-hundvagn-i-aluminium-latt-och-hopfallbar-for-hundar-katter-upp-till-10-kg-kudde-nat-fonster-forvaringskorg\/","title":{"rendered":"TRUUSK Hundvagn i Aluminium &#8211; L\u00e4tt och Hopf\u00e4llbar &#8211; F\u00f6r Hundar &amp; Katter Upp Till 10 kg &#8211; Kudde &#8211; N\u00e4t F\u00f6nster &#8211; F\u00f6rvaringskorg &#8211;"},"content":{"rendered":"<p>Utforska naturen med din fyrbenta f\u00f6ljeslagare i den stiliga TRUUSK hundvagnen f\u00f6r upp till 10 kg. Med endast 5,5 kg vikt och praktiskt f\u00e4llbar, \u00e4r kattvagnen idealisk f\u00f6r m\u00e5nga utomhusaktiviteter. Tillverkad av slitstark 300D Oxford-tyg, \u00e4r kattvagnen motst\u00e5ndskraftig mot blekning och slitage. Flera n\u00e4t f\u00f6nster ger frisk luft och en bra utsikt, och en tv\u00e4ttbar kudde ger komfort. Perfekt f\u00f6r sm\u00e5 hundar upp till 10 kg och en kroppsl\u00e4ngd upp till 40 cm.<\/p>\n<p>Beskrivning:<\/p>\n<ul>\n<li> Kattvagnens aluminiumram garanterar en l\u00e4tt, b\u00e4rbar design<\/li>\n<li> F\u00e4llbar struktur av hundvagnen underl\u00e4ttar enkel f\u00f6rvaring och transport<\/li>\n<li> 300D Oxford-tyg av hundvagnen erbjuder h\u00e5llbarhet och motst\u00e5ndskraft<\/li>\n<li> Flera n\u00e4t f\u00f6nster ger ventilation<\/li>\n<li> Inf\u00e4llbart tygtak skyddar mot h\u00e5rt v\u00e4der<\/li>\n<li> En tv\u00e4ttbar kudde h\u00e5ller vagnen ren och bekv\u00e4m<\/li>\n<li> Tv\u00e5 f\u00f6rvaringsfickor underl\u00e4ttar enkel medtagning av tillbeh\u00f6r<\/li>\n<li> Montering kr\u00e4vs<\/li>\n<\/ul>\n<p> Tekniska data:<\/p>\n<ul>\n<li> F\u00e4rg: Khaki+Silver<\/li>\n<li> Material: 300D Oxford-tyg, Aluminium<\/li>\n<li> Totala dimensioner: 80L x 48,5B x 106H cm<\/li>\n<li> Hyttstorlek: 59L x 38B x 47H cm<\/li>\n<li> Hytth\u00f6jd: 26H cm (till golvet)<\/li>\n<li> Fram n\u00e4t f\u00f6nster: 29B x 24H cm<\/li>\n<li> \u00d6vre n\u00e4t f\u00f6nster: 35L x 29B cm<\/li>\n<li> Bakd\u00f6rr: 34B x 37H cm<\/li>\n<li> Bakre n\u00e4t f\u00f6nster: 34B x 21H cm<\/li>\n<li> Sidon\u00e4t f\u00f6nster: 30B x 39H cm<\/li>\n<li> F\u00f6rvaringsficka: 24B x 24H cm<\/li>\n<li> F\u00e4llbar storlek: 67,5L x 48,5B x 26H cm<\/li>\n<li> S\u00e4kerhetslina: 37-76 cm<\/li>\n<li> Kudde: 59L x 39B x 2,5T cm<\/li>\n<li> Hjul: \u00d86,5&#8243; (fram), \u00d87,5&#8243; (bak)<\/li>\n<\/ul>\n<p>Leveransinneh\u00e5ll:<\/p>\n<ul>\n<li> 1 x Hundvagn<\/li>\n<li> 1 x S\u00e4kerhetslina<\/li>\n<li> 1 x Bruksanvisning<\/li>\n<\/ul>\n","protected":false},"excerpt":{"rendered":"<p>Utforska naturen med din fyrbenta f\u00f6ljeslagare i den stiliga TRUUSK hundvagnen f\u00f6r upp till 10 kg. Med endast 5,5 kg&#8230;<\/p>\n","protected":false},"featured_media":72460,"template":"","meta":[],"product_brand":[],"product_cat":[947,574,579],"product_tag":[],"class_list":{"0":"post-72471","1":"product","2":"type-product","3":"status-publish","4":"has-post-thumbnail","6":"product_cat-djurtillbehor","7":"product_cat-hundtillbehor","8":"product_cat-hundvagn","10":"first","11":"instock","12":"sale","13":"taxable","14":"shipping-taxable","15":"purchasable","16":"product-type-simple"},"yoast_head":"<!-- This site is optimized with the Yoast SEO plugin v25.4 - https:\/\/yoast.com\/wordpress\/plugins\/seo\/ -->\n<title>TRUUSK Hundvagn i Aluminium - L\u00e4tt och Hopf\u00e4llbar - F\u00f6r Hundar &amp; Katter Upp Till 10 kg - Kudde - N\u00e4t F\u00f6nster - F\u00f6rvaringskorg - TRUUSK - Hem, Tr\u00e4dg\u00e5rd &amp; Fritid<\/title>\n<meta name=\"robots\" content=\"index, follow, max-snippet:-1, max-image-preview:large, max-video-preview:-1\" \/>\n<link rel=\"canonical\" href=\"https:\/\/truusk.store\/sv\/produkt\/truusk-hundvagn-i-aluminium-latt-och-hopfallbar-for-hundar-katter-upp-till-10-kg-kudde-nat-fonster-forvaringskorg\/\" \/>\n<meta property=\"og:locale\" content=\"sv_SE\" \/>\n<meta property=\"og:type\" content=\"article\" \/>\n<meta property=\"og:title\" content=\"TRUUSK Hundvagn i Aluminium - L\u00e4tt och Hopf\u00e4llbar - F\u00f6r Hundar &amp; Katter Upp Till 10 kg - Kudde - N\u00e4t F\u00f6nster - F\u00f6rvaringskorg - TRUUSK - Hem, Tr\u00e4dg\u00e5rd &amp; Fritid\" \/>\n<meta property=\"og:description\" content=\"Utforska naturen med din fyrbenta f\u00f6ljeslagare i den stiliga TRUUSK hundvagnen f\u00f6r upp till 10 kg. Med endast 5,5 kg...\" \/>\n<meta property=\"og:url\" content=\"https:\/\/truusk.store\/sv\/produkt\/truusk-hundvagn-i-aluminium-latt-och-hopfallbar-for-hundar-katter-upp-till-10-kg-kudde-nat-fonster-forvaringskorg\/\" \/>\n<meta property=\"og:site_name\" content=\"TRUUSK - Hem, Tr\u00e4dg\u00e5rd &amp; Fritid\" \/>\n<meta property=\"article:modified_time\" content=\"2026-03-12T07:42:25+00:00\" \/>\n<meta property=\"og:image\" content=\"https:\/\/i0.wp.com\/truusk.se\/wp-content\/uploads\/2025\/06\/hundvagn-latt-hundvagn-av-aluminium-hopfallbar-for-hundar-katter-upp-till-10-kg-kattvagn-med-kudde-nat-fonster-dorrar-forvaringskorg-kattvagn-buggy-khaki-1.webp?fit=2000%2C2000&ssl=1\" \/>\n\t<meta property=\"og:image:width\" content=\"2000\" \/>\n\t<meta property=\"og:image:height\" content=\"2000\" \/>\n\t<meta property=\"og:image:type\" content=\"image\/webp\" \/>\n<meta name=\"twitter:card\" content=\"summary_large_image\" \/>\n<meta name=\"twitter:label1\" content=\"Ber\u00e4knad l\u00e4stid\" \/>\n\t<meta name=\"twitter:data1\" content=\"1 minut\" \/>\n<!-- \/ Yoast SEO plugin. -->","yoast_head_json":{"title":"TRUUSK Hundvagn i Aluminium - L\u00e4tt och Hopf\u00e4llbar - F\u00f6r Hundar &amp; Katter Upp Till 10 kg - Kudde - N\u00e4t F\u00f6nster - F\u00f6rvaringskorg - TRUUSK - Hem, Tr\u00e4dg\u00e5rd &amp; Fritid","robots":{"index":"index","follow":"follow","max-snippet":"max-snippet:-1","max-image-preview":"max-image-preview:large","max-video-preview":"max-video-preview:-1"},"canonical":"https:\/\/truusk.store\/sv\/produkt\/truusk-hundvagn-i-aluminium-latt-och-hopfallbar-for-hundar-katter-upp-till-10-kg-kudde-nat-fonster-forvaringskorg\/","og_locale":"sv_SE","og_type":"article","og_title":"TRUUSK Hundvagn i Aluminium - L\u00e4tt och Hopf\u00e4llbar - F\u00f6r Hundar &amp; Katter Upp Till 10 kg - Kudde - N\u00e4t F\u00f6nster - F\u00f6rvaringskorg - TRUUSK - Hem, Tr\u00e4dg\u00e5rd &amp; Fritid","og_description":"Utforska naturen med din fyrbenta f\u00f6ljeslagare i den stiliga TRUUSK hundvagnen f\u00f6r upp till 10 kg. Med endast 5,5 kg...","og_url":"https:\/\/truusk.store\/sv\/produkt\/truusk-hundvagn-i-aluminium-latt-och-hopfallbar-for-hundar-katter-upp-till-10-kg-kudde-nat-fonster-forvaringskorg\/","og_site_name":"TRUUSK - Hem, Tr\u00e4dg\u00e5rd &amp; Fritid","article_modified_time":"2026-03-12T07:42:25+00:00","og_image":[{"width":2000,"height":2000,"url":"https:\/\/i0.wp.com\/truusk.se\/wp-content\/uploads\/2025\/06\/hundvagn-latt-hundvagn-av-aluminium-hopfallbar-for-hundar-katter-upp-till-10-kg-kattvagn-med-kudde-nat-fonster-dorrar-forvaringskorg-kattvagn-buggy-khaki-1.webp?fit=2000%2C2000&ssl=1","type":"image\/webp"}],"twitter_card":"summary_large_image","twitter_misc":{"Ber\u00e4knad l\u00e4stid":"1 minut"},"schema":{"@context":"https:\/\/schema.org","@graph":[{"@type":"WebPage","@id":"https:\/\/truusk.store\/sv\/produkt\/truusk-hundvagn-i-aluminium-latt-och-hopfallbar-for-hundar-katter-upp-till-10-kg-kudde-nat-fonster-forvaringskorg\/","url":"https:\/\/truusk.store\/sv\/produkt\/truusk-hundvagn-i-aluminium-latt-och-hopfallbar-for-hundar-katter-upp-till-10-kg-kudde-nat-fonster-forvaringskorg\/","name":"TRUUSK Hundvagn i Aluminium - L\u00e4tt och Hopf\u00e4llbar - F\u00f6r Hundar &amp; Katter Upp Till 10 kg - Kudde - N\u00e4t F\u00f6nster - F\u00f6rvaringskorg - TRUUSK - Hem, Tr\u00e4dg\u00e5rd &amp; Fritid","isPartOf":{"@id":"https:\/\/truusk.store\/sv\/#website"},"primaryImageOfPage":{"@id":"https:\/\/truusk.store\/sv\/produkt\/truusk-hundvagn-i-aluminium-latt-och-hopfallbar-for-hundar-katter-upp-till-10-kg-kudde-nat-fonster-forvaringskorg\/#primaryimage"},"image":{"@id":"https:\/\/truusk.store\/sv\/produkt\/truusk-hundvagn-i-aluminium-latt-och-hopfallbar-for-hundar-katter-upp-till-10-kg-kudde-nat-fonster-forvaringskorg\/#primaryimage"},"thumbnailUrl":"https:\/\/i0.wp.com\/truusk.store\/wp-content\/uploads\/2025\/06\/hundvagn-latt-hundvagn-av-aluminium-hopfallbar-for-hundar-katter-upp-till-10-kg-kattvagn-med-kudde-nat-fonster-dorrar-forvaringskorg-kattvagn-buggy-khaki-1.webp?fit=2000%2C2000&ssl=1","datePublished":"2025-06-05T21:53:58+00:00","dateModified":"2026-03-12T07:42:25+00:00","breadcrumb":{"@id":"https:\/\/truusk.store\/sv\/produkt\/truusk-hundvagn-i-aluminium-latt-och-hopfallbar-for-hundar-katter-upp-till-10-kg-kudde-nat-fonster-forvaringskorg\/#breadcrumb"},"inLanguage":"sv-SE","potentialAction":[{"@type":"ReadAction","target":["https:\/\/truusk.store\/sv\/produkt\/truusk-hundvagn-i-aluminium-latt-och-hopfallbar-for-hundar-katter-upp-till-10-kg-kudde-nat-fonster-forvaringskorg\/"]}]},{"@type":"ImageObject","inLanguage":"sv-SE","@id":"https:\/\/truusk.store\/sv\/produkt\/truusk-hundvagn-i-aluminium-latt-och-hopfallbar-for-hundar-katter-upp-till-10-kg-kudde-nat-fonster-forvaringskorg\/#primaryimage","url":"https:\/\/i0.wp.com\/truusk.store\/wp-content\/uploads\/2025\/06\/hundvagn-latt-hundvagn-av-aluminium-hopfallbar-for-hundar-katter-upp-till-10-kg-kattvagn-med-kudde-nat-fonster-dorrar-forvaringskorg-kattvagn-buggy-khaki-1.webp?fit=2000%2C2000&ssl=1","contentUrl":"https:\/\/i0.wp.com\/truusk.store\/wp-content\/uploads\/2025\/06\/hundvagn-latt-hundvagn-av-aluminium-hopfallbar-for-hundar-katter-upp-till-10-kg-kattvagn-med-kudde-nat-fonster-dorrar-forvaringskorg-kattvagn-buggy-khaki-1.webp?fit=2000%2C2000&ssl=1","width":2000,"height":2000},{"@type":"BreadcrumbList","@id":"https:\/\/truusk.store\/sv\/produkt\/truusk-hundvagn-i-aluminium-latt-och-hopfallbar-for-hundar-katter-upp-till-10-kg-kudde-nat-fonster-forvaringskorg\/#breadcrumb","itemListElement":[{"@type":"ListItem","position":1,"name":"Home","item":"https:\/\/truusk.store\/sv\/"},{"@type":"ListItem","position":2,"name":"Shop","item":"https:\/\/truusk.store\/shop\/"},{"@type":"ListItem","position":3,"name":"TRUUSK Hundvagn i Aluminium &#8211; L\u00e4tt och Hopf\u00e4llbar &#8211; F\u00f6r Hundar &amp; Katter Upp Till 10 kg &#8211; Kudde &#8211; N\u00e4t F\u00f6nster &#8211; F\u00f6rvaringskorg &#8211;"}]},{"@type":"WebSite","@id":"https:\/\/truusk.store\/sv\/#website","url":"https:\/\/truusk.store\/sv\/","name":"TRUUSK - Hem, Tr\u00e4dg\u00e5rd & Fritid","description":"","publisher":{"@id":"https:\/\/truusk.store\/sv\/#organization"},"potentialAction":[{"@type":"SearchAction","target":{"@type":"EntryPoint","urlTemplate":"https:\/\/truusk.store\/sv\/?s={search_term_string}"},"query-input":{"@type":"PropertyValueSpecification","valueRequired":true,"valueName":"search_term_string"}}],"inLanguage":"sv-SE"},{"@type":"Organization","@id":"https:\/\/truusk.store\/sv\/#organization","name":"TRUUSK - Hem, Tr\u00e4dg\u00e5rd & Fritid","url":"https:\/\/truusk.store\/sv\/","logo":{"@type":"ImageObject","inLanguage":"sv-SE","@id":"https:\/\/truusk.store\/sv\/#\/schema\/logo\/image\/","url":"https:\/\/i0.wp.com\/truusk.store\/wp-content\/uploads\/2026\/03\/cropped-TRUUSK.png?fit=2032%2C917&ssl=1","contentUrl":"https:\/\/i0.wp.com\/truusk.store\/wp-content\/uploads\/2026\/03\/cropped-TRUUSK.png?fit=2032%2C917&ssl=1","width":2032,"height":917,"caption":"TRUUSK - Hem, Tr\u00e4dg\u00e5rd & Fritid"},"image":{"@id":"https:\/\/truusk.store\/sv\/#\/schema\/logo\/image\/"}}]}},"jetpack_sharing_enabled":true,"_links":{"self":[{"href":"https:\/\/truusk.store\/sv\/wp-json\/wp\/v2\/product\/72471","targetHints":{"allow":["GET"]}}],"collection":[{"href":"https:\/\/truusk.store\/sv\/wp-json\/wp\/v2\/product"}],"about":[{"href":"https:\/\/truusk.store\/sv\/wp-json\/wp\/v2\/types\/product"}],"wp:featuredmedia":[{"embeddable":true,"href":"https:\/\/truusk.store\/sv\/wp-json\/wp\/v2\/media\/72460"}],"wp:attachment":[{"href":"https:\/\/truusk.store\/sv\/wp-json\/wp\/v2\/media?parent=72471"}],"wp:term":[{"taxonomy":"product_brand","embeddable":true,"href":"https:\/\/truusk.store\/sv\/wp-json\/wp\/v2\/product_brand?post=72471"},{"taxonomy":"product_cat","embeddable":true,"href":"https:\/\/truusk.store\/sv\/wp-json\/wp\/v2\/product_cat?post=72471"},{"taxonomy":"product_tag","embeddable":true,"href":"https:\/\/truusk.store\/sv\/wp-json\/wp\/v2\/product_tag?post=72471"}],"curies":[{"name":"wp","href":"https:\/\/api.w.org\/{rel}","templated":true}]}}