{"id":72493,"date":"2025-06-05T22:55:44","date_gmt":"2025-06-05T21:55:44","guid":{"rendered":"https:\/\/truusk.store\/product\/baddsoffa-2-sits-soffa-med-sovfunktion-justerbar-ryggstod-soffa-med-kuddar-sammet-look-l-formad-baddsoffa-med-sanglada-hjul-for-vardagsrum-gastrum-gra\/"},"modified":"2026-03-12T09:44:29","modified_gmt":"2026-03-12T08:44:29","slug":"truusk-baddsoffa-2-sits-med-sovfunktion-justerbar-ryggstod-kuddar-sammet-look-l-formad-sanglada-hjul-gra","status":"publish","type":"product","link":"https:\/\/truusk.store\/sv\/produkt\/truusk-baddsoffa-2-sits-med-sovfunktion-justerbar-ryggstod-kuddar-sammet-look-l-formad-sanglada-hjul-gra\/","title":{"rendered":"TRUUSK B\u00e4ddsoffa, 2-sits &#8211; Med Sovfunktion &#8211; Justerbar Ryggst\u00f6d &#8211; Kuddar &#8211; Sammet Look &#8211; L-formad &#8211; S\u00e4ngl\u00e5da &#8211; Hjul &#8211; Gr\u00e5"},"content":{"rendered":"<p>F\u00f6rvandla ditt utrymme med TRUUSK Fyra-i-ett-soffan! Tack vare det smarta klick-klack-designen och de praktiska hjulen kan 2-sits soffan med sovfunktion enkelt f\u00f6rvandlas fr\u00e5n en mysig s\u00e4ng till en chaiselongue, en bekv\u00e4m enkels\u00e4ng eller en stilfull soffa. Slappna av lyxigt med en plysch stoppning och tv\u00e5 extra kuddar som \u00e4r inb\u00e4ddade i en mjuk, sammetliknande tyg som ger varje rum en touch av elegans.<\/p>\n<p>Beskrivning:<\/p>\n<ul>\n<li> Fyra-i-ett-design: en liggstol, en chaiselongue, en rymlig enkels\u00e4ng eller en L-soffa<\/li>\n<li> Klick-klack-designen p\u00e5 2-sits soffan med hjul underl\u00e4ttar s\u00e4ngomvandlingen<\/li>\n<li> 3-stegs justerbar ryggst\u00f6d \u00f6kar sittkomforten<\/li>\n<li> Tjock stoppning och tv\u00e5 extra kuddar<\/li>\n<li> Mjukt \u00f6verdrag p\u00e5 b\u00e4ddsoffan i sammetlook<\/li>\n<li> Stabil ram av eukalyptustr\u00e4 och metall f\u00f6r h\u00e5llbarhet<\/li>\n<li> Rena linjer och knappat design p\u00e5 soffan med sovfunktion f\u00f6rb\u00e4ttrar rumsestetiken<\/li>\n<li> Montering kr\u00e4vs<\/li>\n<\/ul>\n<p> Tekniska data:<\/p>\n<ul>\n<li> F\u00e4rg: Gr\u00e5<\/li>\n<li> Material: Sammetimitation (100% polyester), skum, eukalyptustr\u00e4<\/li>\n<li> Soffm\u00e5tt: 140,5L x 90,5B x 89H cm<\/li>\n<li> S\u00e4ngm\u00e5tt: 120B x 191T x 44H cm<\/li>\n<li> Sitsstorlek: 120B x 62T cm<\/li>\n<li> Sitth\u00f6jd: 44,5 cm<\/li>\n<li> Ryggm\u00e5tt: 120B x 51H cm<\/li>\n<li> Tjocklek: 15 cm (sits), 13,5 cm (rygg)<\/li>\n<li> B\u00e4rkapacitet: 240 kg<\/li>\n<\/ul>\n<p>Leveransinneh\u00e5ll:<\/p>\n<ul>\n<li> 1 x B\u00e4ddsoffa<\/li>\n<li> 1 x Kudde<\/li>\n<li> 1 x Handbok<\/li>\n<\/ul>\n","protected":false},"excerpt":{"rendered":"<p>F\u00f6rvandla ditt utrymme med TRUUSK Fyra-i-ett-soffan! Tack vare det smarta klick-klack-designen och de praktiska hjulen kan 2-sits soffan med sovfunktion&#8230;<\/p>\n","protected":false},"featured_media":72480,"template":"","meta":[],"product_brand":[],"product_cat":[871,943,937,910],"product_tag":[],"class_list":{"0":"post-72493","1":"product","2":"type-product","3":"status-publish","4":"has-post-thumbnail","6":"product_cat-hus-hem","7":"product_cat-schlafsofas","8":"product_cat-soffor","9":"product_cat-vardagsrum","11":"first","12":"instock","13":"sale","14":"taxable","15":"shipping-taxable","16":"purchasable","17":"product-type-simple"},"yoast_head":"<!-- This site is optimized with the Yoast SEO plugin v25.4 - https:\/\/yoast.com\/wordpress\/plugins\/seo\/ -->\n<title>TRUUSK B\u00e4ddsoffa, 2-sits - Med Sovfunktion - Justerbar Ryggst\u00f6d - Kuddar - Sammet Look - L-formad - S\u00e4ngl\u00e5da - Hjul - Gr\u00e5 - TRUUSK - Hem, Tr\u00e4dg\u00e5rd &amp; Fritid<\/title>\n<meta name=\"robots\" content=\"index, follow, max-snippet:-1, max-image-preview:large, max-video-preview:-1\" \/>\n<link rel=\"canonical\" href=\"https:\/\/truusk.store\/sv\/produkt\/truusk-baddsoffa-2-sits-med-sovfunktion-justerbar-ryggstod-kuddar-sammet-look-l-formad-sanglada-hjul-gra\/\" \/>\n<meta property=\"og:locale\" content=\"sv_SE\" \/>\n<meta property=\"og:type\" content=\"article\" \/>\n<meta property=\"og:title\" content=\"TRUUSK B\u00e4ddsoffa, 2-sits - Med Sovfunktion - Justerbar Ryggst\u00f6d - Kuddar - Sammet Look - L-formad - S\u00e4ngl\u00e5da - Hjul - Gr\u00e5 - TRUUSK - Hem, Tr\u00e4dg\u00e5rd &amp; Fritid\" \/>\n<meta property=\"og:description\" content=\"F\u00f6rvandla ditt utrymme med TRUUSK Fyra-i-ett-soffan! Tack vare det smarta klick-klack-designen och de praktiska hjulen kan 2-sits soffan med sovfunktion...\" \/>\n<meta property=\"og:url\" content=\"https:\/\/truusk.store\/sv\/produkt\/truusk-baddsoffa-2-sits-med-sovfunktion-justerbar-ryggstod-kuddar-sammet-look-l-formad-sanglada-hjul-gra\/\" \/>\n<meta property=\"og:site_name\" content=\"TRUUSK - Hem, Tr\u00e4dg\u00e5rd &amp; Fritid\" \/>\n<meta property=\"article:modified_time\" content=\"2026-03-12T08:44:29+00:00\" \/>\n<meta property=\"og:image\" content=\"https:\/\/i0.wp.com\/truusk.se\/wp-content\/uploads\/2025\/06\/baddsoffa-2-sits-soffa-med-sovfunktion-justerbar-ryggstod-soffa-med-kuddar-sammet-look-l-formad-baddsoffa-med-sanglada-hjul-for-vardagsrum-gastrum-gra-1.webp?fit=2000%2C2000&ssl=1\" \/>\n\t<meta property=\"og:image:width\" content=\"2000\" \/>\n\t<meta property=\"og:image:height\" content=\"2000\" \/>\n\t<meta property=\"og:image:type\" content=\"image\/webp\" \/>\n<meta name=\"twitter:card\" content=\"summary_large_image\" \/>\n<meta name=\"twitter:label1\" content=\"Ber\u00e4knad l\u00e4stid\" \/>\n\t<meta name=\"twitter:data1\" content=\"1 minut\" \/>\n<!-- \/ Yoast SEO plugin. -->","yoast_head_json":{"title":"TRUUSK B\u00e4ddsoffa, 2-sits - Med Sovfunktion - Justerbar Ryggst\u00f6d - Kuddar - Sammet Look - L-formad - S\u00e4ngl\u00e5da - Hjul - Gr\u00e5 - TRUUSK - Hem, Tr\u00e4dg\u00e5rd &amp; Fritid","robots":{"index":"index","follow":"follow","max-snippet":"max-snippet:-1","max-image-preview":"max-image-preview:large","max-video-preview":"max-video-preview:-1"},"canonical":"https:\/\/truusk.store\/sv\/produkt\/truusk-baddsoffa-2-sits-med-sovfunktion-justerbar-ryggstod-kuddar-sammet-look-l-formad-sanglada-hjul-gra\/","og_locale":"sv_SE","og_type":"article","og_title":"TRUUSK B\u00e4ddsoffa, 2-sits - Med Sovfunktion - Justerbar Ryggst\u00f6d - Kuddar - Sammet Look - L-formad - S\u00e4ngl\u00e5da - Hjul - Gr\u00e5 - TRUUSK - Hem, Tr\u00e4dg\u00e5rd &amp; Fritid","og_description":"F\u00f6rvandla ditt utrymme med TRUUSK Fyra-i-ett-soffan! Tack vare det smarta klick-klack-designen och de praktiska hjulen kan 2-sits soffan med sovfunktion...","og_url":"https:\/\/truusk.store\/sv\/produkt\/truusk-baddsoffa-2-sits-med-sovfunktion-justerbar-ryggstod-kuddar-sammet-look-l-formad-sanglada-hjul-gra\/","og_site_name":"TRUUSK - Hem, Tr\u00e4dg\u00e5rd &amp; Fritid","article_modified_time":"2026-03-12T08:44:29+00:00","og_image":[{"width":2000,"height":2000,"url":"https:\/\/i0.wp.com\/truusk.se\/wp-content\/uploads\/2025\/06\/baddsoffa-2-sits-soffa-med-sovfunktion-justerbar-ryggstod-soffa-med-kuddar-sammet-look-l-formad-baddsoffa-med-sanglada-hjul-for-vardagsrum-gastrum-gra-1.webp?fit=2000%2C2000&ssl=1","type":"image\/webp"}],"twitter_card":"summary_large_image","twitter_misc":{"Ber\u00e4knad l\u00e4stid":"1 minut"},"schema":{"@context":"https:\/\/schema.org","@graph":[{"@type":"WebPage","@id":"https:\/\/truusk.store\/sv\/produkt\/truusk-baddsoffa-2-sits-med-sovfunktion-justerbar-ryggstod-kuddar-sammet-look-l-formad-sanglada-hjul-gra\/","url":"https:\/\/truusk.store\/sv\/produkt\/truusk-baddsoffa-2-sits-med-sovfunktion-justerbar-ryggstod-kuddar-sammet-look-l-formad-sanglada-hjul-gra\/","name":"TRUUSK B\u00e4ddsoffa, 2-sits - Med Sovfunktion - Justerbar Ryggst\u00f6d - Kuddar - Sammet Look - L-formad - S\u00e4ngl\u00e5da - Hjul - Gr\u00e5 - TRUUSK - Hem, Tr\u00e4dg\u00e5rd &amp; Fritid","isPartOf":{"@id":"https:\/\/truusk.store\/sv\/#website"},"primaryImageOfPage":{"@id":"https:\/\/truusk.store\/sv\/produkt\/truusk-baddsoffa-2-sits-med-sovfunktion-justerbar-ryggstod-kuddar-sammet-look-l-formad-sanglada-hjul-gra\/#primaryimage"},"image":{"@id":"https:\/\/truusk.store\/sv\/produkt\/truusk-baddsoffa-2-sits-med-sovfunktion-justerbar-ryggstod-kuddar-sammet-look-l-formad-sanglada-hjul-gra\/#primaryimage"},"thumbnailUrl":"https:\/\/i0.wp.com\/truusk.store\/wp-content\/uploads\/2025\/06\/baddsoffa-2-sits-soffa-med-sovfunktion-justerbar-ryggstod-soffa-med-kuddar-sammet-look-l-formad-baddsoffa-med-sanglada-hjul-for-vardagsrum-gastrum-gra-1.webp?fit=2000%2C2000&ssl=1","datePublished":"2025-06-05T21:55:44+00:00","dateModified":"2026-03-12T08:44:29+00:00","breadcrumb":{"@id":"https:\/\/truusk.store\/sv\/produkt\/truusk-baddsoffa-2-sits-med-sovfunktion-justerbar-ryggstod-kuddar-sammet-look-l-formad-sanglada-hjul-gra\/#breadcrumb"},"inLanguage":"sv-SE","potentialAction":[{"@type":"ReadAction","target":["https:\/\/truusk.store\/sv\/produkt\/truusk-baddsoffa-2-sits-med-sovfunktion-justerbar-ryggstod-kuddar-sammet-look-l-formad-sanglada-hjul-gra\/"]}]},{"@type":"ImageObject","inLanguage":"sv-SE","@id":"https:\/\/truusk.store\/sv\/produkt\/truusk-baddsoffa-2-sits-med-sovfunktion-justerbar-ryggstod-kuddar-sammet-look-l-formad-sanglada-hjul-gra\/#primaryimage","url":"https:\/\/i0.wp.com\/truusk.store\/wp-content\/uploads\/2025\/06\/baddsoffa-2-sits-soffa-med-sovfunktion-justerbar-ryggstod-soffa-med-kuddar-sammet-look-l-formad-baddsoffa-med-sanglada-hjul-for-vardagsrum-gastrum-gra-1.webp?fit=2000%2C2000&ssl=1","contentUrl":"https:\/\/i0.wp.com\/truusk.store\/wp-content\/uploads\/2025\/06\/baddsoffa-2-sits-soffa-med-sovfunktion-justerbar-ryggstod-soffa-med-kuddar-sammet-look-l-formad-baddsoffa-med-sanglada-hjul-for-vardagsrum-gastrum-gra-1.webp?fit=2000%2C2000&ssl=1","width":2000,"height":2000},{"@type":"BreadcrumbList","@id":"https:\/\/truusk.store\/sv\/produkt\/truusk-baddsoffa-2-sits-med-sovfunktion-justerbar-ryggstod-kuddar-sammet-look-l-formad-sanglada-hjul-gra\/#breadcrumb","itemListElement":[{"@type":"ListItem","position":1,"name":"Home","item":"https:\/\/truusk.store\/sv\/"},{"@type":"ListItem","position":2,"name":"Shop","item":"https:\/\/truusk.store\/shop\/"},{"@type":"ListItem","position":3,"name":"TRUUSK B\u00e4ddsoffa, 2-sits &#8211; Med Sovfunktion &#8211; Justerbar Ryggst\u00f6d &#8211; Kuddar &#8211; Sammet Look &#8211; L-formad &#8211; S\u00e4ngl\u00e5da &#8211; Hjul &#8211; Gr\u00e5"}]},{"@type":"WebSite","@id":"https:\/\/truusk.store\/sv\/#website","url":"https:\/\/truusk.store\/sv\/","name":"TRUUSK - Hem, Tr\u00e4dg\u00e5rd & Fritid","description":"","publisher":{"@id":"https:\/\/truusk.store\/sv\/#organization"},"potentialAction":[{"@type":"SearchAction","target":{"@type":"EntryPoint","urlTemplate":"https:\/\/truusk.store\/sv\/?s={search_term_string}"},"query-input":{"@type":"PropertyValueSpecification","valueRequired":true,"valueName":"search_term_string"}}],"inLanguage":"sv-SE"},{"@type":"Organization","@id":"https:\/\/truusk.store\/sv\/#organization","name":"TRUUSK - Hem, Tr\u00e4dg\u00e5rd & Fritid","url":"https:\/\/truusk.store\/sv\/","logo":{"@type":"ImageObject","inLanguage":"sv-SE","@id":"https:\/\/truusk.store\/sv\/#\/schema\/logo\/image\/","url":"https:\/\/i0.wp.com\/truusk.store\/wp-content\/uploads\/2026\/03\/cropped-TRUUSK.png?fit=2032%2C917&ssl=1","contentUrl":"https:\/\/i0.wp.com\/truusk.store\/wp-content\/uploads\/2026\/03\/cropped-TRUUSK.png?fit=2032%2C917&ssl=1","width":2032,"height":917,"caption":"TRUUSK - Hem, Tr\u00e4dg\u00e5rd & Fritid"},"image":{"@id":"https:\/\/truusk.store\/sv\/#\/schema\/logo\/image\/"}}]}},"jetpack_sharing_enabled":true,"_links":{"self":[{"href":"https:\/\/truusk.store\/sv\/wp-json\/wp\/v2\/product\/72493","targetHints":{"allow":["GET"]}}],"collection":[{"href":"https:\/\/truusk.store\/sv\/wp-json\/wp\/v2\/product"}],"about":[{"href":"https:\/\/truusk.store\/sv\/wp-json\/wp\/v2\/types\/product"}],"wp:featuredmedia":[{"embeddable":true,"href":"https:\/\/truusk.store\/sv\/wp-json\/wp\/v2\/media\/72480"}],"wp:attachment":[{"href":"https:\/\/truusk.store\/sv\/wp-json\/wp\/v2\/media?parent=72493"}],"wp:term":[{"taxonomy":"product_brand","embeddable":true,"href":"https:\/\/truusk.store\/sv\/wp-json\/wp\/v2\/product_brand?post=72493"},{"taxonomy":"product_cat","embeddable":true,"href":"https:\/\/truusk.store\/sv\/wp-json\/wp\/v2\/product_cat?post=72493"},{"taxonomy":"product_tag","embeddable":true,"href":"https:\/\/truusk.store\/sv\/wp-json\/wp\/v2\/product_tag?post=72493"}],"curies":[{"name":"wp","href":"https:\/\/api.w.org\/{rel}","templated":true}]}}