{"id":72523,"date":"2025-06-05T22:58:36","date_gmt":"2025-06-05T21:58:36","guid":{"rendered":"https:\/\/truusk.store\/product\/eldskal-o16x25cm-i-rostfritt-stal-med-pokerskrapa-rokfria-eldskalar-eldkorg-for-tradgard-balkong-terrass-utomhus-bbq-camping-gra\/"},"modified":"2026-03-12T08:43:09","modified_gmt":"2026-03-12T07:43:09","slug":"truusk-eldskal-o16x25cm-i-rostfritt-stal-med-pokerskrapa-rokfria-eldskalar-eldkorg-for-tradgard-balkong-terrass-utomhus","status":"publish","type":"product","link":"https:\/\/truusk.store\/sv\/produkt\/truusk-eldskal-o16x25cm-i-rostfritt-stal-med-pokerskrapa-rokfria-eldskalar-eldkorg-for-tradgard-balkong-terrass-utomhus\/","title":{"rendered":"TRUUSK Eldsk\u00e5l \u00d816x25cm i Rostfritt St\u00e5l &#8211; Med Pokerskrapa &#8211; R\u00f6kfria Eldsk\u00e5lar &#8211; Eldkorg f\u00f6r Tr\u00e4dg\u00e5rd &#8211; Balkong Terrass &#8211; Utomhus"},"content":{"rendered":"<p>Uppt\u00e4ck den eleganta och anv\u00e4ndbara TRUUSK eldstaden f\u00f6r tr\u00e4dg\u00e5rden i modern design. Denna eldstad, tillverkad av pulverlackerat rostfritt st\u00e5l, erbjuder inte bara robusthet och h\u00f6g v\u00e4rmet\u00e5lighet, utan ocks\u00e5 en tilltalande cylinderdesign. Detta innovativa, r\u00f6kfria sekund\u00e4ra f\u00f6rbr\u00e4nningssystem f\u00f6r eldstaden m\u00f6jligg\u00f6r genom syretillf\u00f6rsel fr\u00e5n botten och kanaler mellan v\u00e4ggarna en effektiv och stark f\u00f6rbr\u00e4nning som br\u00e4nner br\u00e4nslet helt till aska. Upplev v\u00e4rme p\u00e5 ett helt nytt s\u00e4tt!<\/p>\n<p>Beskrivning:<\/p>\n<ul>\n<li> Sekund\u00e4rt f\u00f6rbr\u00e4nningssystem f\u00f6r eldstaden f\u00f6r kraftfull och r\u00f6kfri f\u00f6rbr\u00e4nning<\/li>\n<li> Pulverlackerad rostfri st\u00e5lstruktur av eldstaden \u00e4r robust och v\u00e4rmet\u00e5lig<\/li>\n<li> Modern sv\u00e4ngd form av eldstaden ser bra ut i m\u00e5nga utomhusomr\u00e5den<\/li>\n<li> Inkluderar en poker f\u00f6r att flytta vedtr\u00e4n<\/li>\n<li> Ingen montering kr\u00e4vs<\/li>\n<\/ul>\n<p> Tekniska data:<\/p>\n<ul>\n<li> F\u00e4rg: Gr\u00e5<\/li>\n<li> Material: Rostfritt st\u00e5l<\/li>\n<li> Totala dimensioner: 16L x 16B x 25H cm<\/li>\n<li> Innerdiameter: \u00d813 cm<\/li>\n<li> Pokerl\u00e4ngd: 20 cm<\/li>\n<\/ul>\n<p>Leveransinneh\u00e5ll:<\/p>\n<ul>\n<li> 1 x Eldstad<\/li>\n<li> 1 x Poker<\/li>\n<li> 1 x Bruksanvisning<\/li>\n<\/ul>\n","protected":false},"excerpt":{"rendered":"<p>Uppt\u00e4ck den eleganta och anv\u00e4ndbara TRUUSK eldstaden f\u00f6r tr\u00e4dg\u00e5rden i modern design. Denna eldstad, tillverkad av pulverlackerat rostfritt st\u00e5l, erbjuder&#8230;<\/p>\n","protected":false},"featured_media":72514,"template":"","meta":[],"product_brand":[],"product_cat":[441,439,858],"product_tag":[],"class_list":{"0":"post-72523","1":"product","2":"type-product","3":"status-publish","4":"has-post-thumbnail","6":"product_cat-eldskalar","7":"product_cat-grillning-uppvarmning","8":"product_cat-tradgard-terrass","10":"first","11":"instock","12":"sale","13":"taxable","14":"shipping-taxable","15":"purchasable","16":"product-type-simple"},"yoast_head":"<!-- This site is optimized with the Yoast SEO plugin v25.4 - https:\/\/yoast.com\/wordpress\/plugins\/seo\/ -->\n<title>TRUUSK Eldsk\u00e5l \u00d816x25cm i Rostfritt St\u00e5l - Med Pokerskrapa - R\u00f6kfria Eldsk\u00e5lar - Eldkorg f\u00f6r Tr\u00e4dg\u00e5rd - Balkong Terrass - Utomhus - TRUUSK - Hem, Tr\u00e4dg\u00e5rd &amp; Fritid<\/title>\n<meta name=\"robots\" content=\"index, follow, max-snippet:-1, max-image-preview:large, max-video-preview:-1\" \/>\n<link rel=\"canonical\" href=\"https:\/\/truusk.store\/sv\/produkt\/truusk-eldskal-o16x25cm-i-rostfritt-stal-med-pokerskrapa-rokfria-eldskalar-eldkorg-for-tradgard-balkong-terrass-utomhus\/\" \/>\n<meta property=\"og:locale\" content=\"sv_SE\" \/>\n<meta property=\"og:type\" content=\"article\" \/>\n<meta property=\"og:title\" content=\"TRUUSK Eldsk\u00e5l \u00d816x25cm i Rostfritt St\u00e5l - Med Pokerskrapa - R\u00f6kfria Eldsk\u00e5lar - Eldkorg f\u00f6r Tr\u00e4dg\u00e5rd - Balkong Terrass - Utomhus - TRUUSK - Hem, Tr\u00e4dg\u00e5rd &amp; Fritid\" \/>\n<meta property=\"og:description\" content=\"Uppt\u00e4ck den eleganta och anv\u00e4ndbara TRUUSK eldstaden f\u00f6r tr\u00e4dg\u00e5rden i modern design. Denna eldstad, tillverkad av pulverlackerat rostfritt st\u00e5l, erbjuder...\" \/>\n<meta property=\"og:url\" content=\"https:\/\/truusk.store\/sv\/produkt\/truusk-eldskal-o16x25cm-i-rostfritt-stal-med-pokerskrapa-rokfria-eldskalar-eldkorg-for-tradgard-balkong-terrass-utomhus\/\" \/>\n<meta property=\"og:site_name\" content=\"TRUUSK - Hem, Tr\u00e4dg\u00e5rd &amp; Fritid\" \/>\n<meta property=\"article:modified_time\" content=\"2026-03-12T07:43:09+00:00\" \/>\n<meta property=\"og:image\" content=\"https:\/\/i0.wp.com\/truusk.se\/wp-content\/uploads\/2025\/06\/eldskal-o16x25cm-i-rostfritt-stal-med-pokerskrapa-rokfria-eldskalar-eldkorg-for-tradgard-balkong-terrass-utomhus-bbq-camping-gra-1.webp?fit=2000%2C2000&ssl=1\" \/>\n\t<meta property=\"og:image:width\" content=\"2000\" \/>\n\t<meta property=\"og:image:height\" content=\"2000\" \/>\n\t<meta property=\"og:image:type\" content=\"image\/webp\" \/>\n<meta name=\"twitter:card\" content=\"summary_large_image\" \/>\n<meta name=\"twitter:label1\" content=\"Ber\u00e4knad l\u00e4stid\" \/>\n\t<meta name=\"twitter:data1\" content=\"1 minut\" \/>\n<!-- \/ Yoast SEO plugin. -->","yoast_head_json":{"title":"TRUUSK Eldsk\u00e5l \u00d816x25cm i Rostfritt St\u00e5l - Med Pokerskrapa - R\u00f6kfria Eldsk\u00e5lar - Eldkorg f\u00f6r Tr\u00e4dg\u00e5rd - Balkong Terrass - Utomhus - TRUUSK - Hem, Tr\u00e4dg\u00e5rd &amp; Fritid","robots":{"index":"index","follow":"follow","max-snippet":"max-snippet:-1","max-image-preview":"max-image-preview:large","max-video-preview":"max-video-preview:-1"},"canonical":"https:\/\/truusk.store\/sv\/produkt\/truusk-eldskal-o16x25cm-i-rostfritt-stal-med-pokerskrapa-rokfria-eldskalar-eldkorg-for-tradgard-balkong-terrass-utomhus\/","og_locale":"sv_SE","og_type":"article","og_title":"TRUUSK Eldsk\u00e5l \u00d816x25cm i Rostfritt St\u00e5l - Med Pokerskrapa - R\u00f6kfria Eldsk\u00e5lar - Eldkorg f\u00f6r Tr\u00e4dg\u00e5rd - Balkong Terrass - Utomhus - TRUUSK - Hem, Tr\u00e4dg\u00e5rd &amp; Fritid","og_description":"Uppt\u00e4ck den eleganta och anv\u00e4ndbara TRUUSK eldstaden f\u00f6r tr\u00e4dg\u00e5rden i modern design. Denna eldstad, tillverkad av pulverlackerat rostfritt st\u00e5l, erbjuder...","og_url":"https:\/\/truusk.store\/sv\/produkt\/truusk-eldskal-o16x25cm-i-rostfritt-stal-med-pokerskrapa-rokfria-eldskalar-eldkorg-for-tradgard-balkong-terrass-utomhus\/","og_site_name":"TRUUSK - Hem, Tr\u00e4dg\u00e5rd &amp; Fritid","article_modified_time":"2026-03-12T07:43:09+00:00","og_image":[{"width":2000,"height":2000,"url":"https:\/\/i0.wp.com\/truusk.se\/wp-content\/uploads\/2025\/06\/eldskal-o16x25cm-i-rostfritt-stal-med-pokerskrapa-rokfria-eldskalar-eldkorg-for-tradgard-balkong-terrass-utomhus-bbq-camping-gra-1.webp?fit=2000%2C2000&ssl=1","type":"image\/webp"}],"twitter_card":"summary_large_image","twitter_misc":{"Ber\u00e4knad l\u00e4stid":"1 minut"},"schema":{"@context":"https:\/\/schema.org","@graph":[{"@type":"WebPage","@id":"https:\/\/truusk.store\/sv\/produkt\/truusk-eldskal-o16x25cm-i-rostfritt-stal-med-pokerskrapa-rokfria-eldskalar-eldkorg-for-tradgard-balkong-terrass-utomhus\/","url":"https:\/\/truusk.store\/sv\/produkt\/truusk-eldskal-o16x25cm-i-rostfritt-stal-med-pokerskrapa-rokfria-eldskalar-eldkorg-for-tradgard-balkong-terrass-utomhus\/","name":"TRUUSK Eldsk\u00e5l \u00d816x25cm i Rostfritt St\u00e5l - Med Pokerskrapa - R\u00f6kfria Eldsk\u00e5lar - Eldkorg f\u00f6r Tr\u00e4dg\u00e5rd - Balkong Terrass - Utomhus - TRUUSK - Hem, Tr\u00e4dg\u00e5rd &amp; Fritid","isPartOf":{"@id":"https:\/\/truusk.store\/sv\/#website"},"primaryImageOfPage":{"@id":"https:\/\/truusk.store\/sv\/produkt\/truusk-eldskal-o16x25cm-i-rostfritt-stal-med-pokerskrapa-rokfria-eldskalar-eldkorg-for-tradgard-balkong-terrass-utomhus\/#primaryimage"},"image":{"@id":"https:\/\/truusk.store\/sv\/produkt\/truusk-eldskal-o16x25cm-i-rostfritt-stal-med-pokerskrapa-rokfria-eldskalar-eldkorg-for-tradgard-balkong-terrass-utomhus\/#primaryimage"},"thumbnailUrl":"https:\/\/i0.wp.com\/truusk.store\/wp-content\/uploads\/2025\/06\/eldskal-o16x25cm-i-rostfritt-stal-med-pokerskrapa-rokfria-eldskalar-eldkorg-for-tradgard-balkong-terrass-utomhus-bbq-camping-gra-1.webp?fit=2000%2C2000&ssl=1","datePublished":"2025-06-05T21:58:36+00:00","dateModified":"2026-03-12T07:43:09+00:00","breadcrumb":{"@id":"https:\/\/truusk.store\/sv\/produkt\/truusk-eldskal-o16x25cm-i-rostfritt-stal-med-pokerskrapa-rokfria-eldskalar-eldkorg-for-tradgard-balkong-terrass-utomhus\/#breadcrumb"},"inLanguage":"sv-SE","potentialAction":[{"@type":"ReadAction","target":["https:\/\/truusk.store\/sv\/produkt\/truusk-eldskal-o16x25cm-i-rostfritt-stal-med-pokerskrapa-rokfria-eldskalar-eldkorg-for-tradgard-balkong-terrass-utomhus\/"]}]},{"@type":"ImageObject","inLanguage":"sv-SE","@id":"https:\/\/truusk.store\/sv\/produkt\/truusk-eldskal-o16x25cm-i-rostfritt-stal-med-pokerskrapa-rokfria-eldskalar-eldkorg-for-tradgard-balkong-terrass-utomhus\/#primaryimage","url":"https:\/\/i0.wp.com\/truusk.store\/wp-content\/uploads\/2025\/06\/eldskal-o16x25cm-i-rostfritt-stal-med-pokerskrapa-rokfria-eldskalar-eldkorg-for-tradgard-balkong-terrass-utomhus-bbq-camping-gra-1.webp?fit=2000%2C2000&ssl=1","contentUrl":"https:\/\/i0.wp.com\/truusk.store\/wp-content\/uploads\/2025\/06\/eldskal-o16x25cm-i-rostfritt-stal-med-pokerskrapa-rokfria-eldskalar-eldkorg-for-tradgard-balkong-terrass-utomhus-bbq-camping-gra-1.webp?fit=2000%2C2000&ssl=1","width":2000,"height":2000},{"@type":"BreadcrumbList","@id":"https:\/\/truusk.store\/sv\/produkt\/truusk-eldskal-o16x25cm-i-rostfritt-stal-med-pokerskrapa-rokfria-eldskalar-eldkorg-for-tradgard-balkong-terrass-utomhus\/#breadcrumb","itemListElement":[{"@type":"ListItem","position":1,"name":"Home","item":"https:\/\/truusk.store\/sv\/"},{"@type":"ListItem","position":2,"name":"Shop","item":"https:\/\/truusk.store\/shop\/"},{"@type":"ListItem","position":3,"name":"TRUUSK Eldsk\u00e5l \u00d816x25cm i Rostfritt St\u00e5l &#8211; Med Pokerskrapa &#8211; R\u00f6kfria Eldsk\u00e5lar &#8211; Eldkorg f\u00f6r Tr\u00e4dg\u00e5rd &#8211; Balkong Terrass &#8211; Utomhus"}]},{"@type":"WebSite","@id":"https:\/\/truusk.store\/sv\/#website","url":"https:\/\/truusk.store\/sv\/","name":"TRUUSK - Hem, Tr\u00e4dg\u00e5rd & Fritid","description":"","publisher":{"@id":"https:\/\/truusk.store\/sv\/#organization"},"potentialAction":[{"@type":"SearchAction","target":{"@type":"EntryPoint","urlTemplate":"https:\/\/truusk.store\/sv\/?s={search_term_string}"},"query-input":{"@type":"PropertyValueSpecification","valueRequired":true,"valueName":"search_term_string"}}],"inLanguage":"sv-SE"},{"@type":"Organization","@id":"https:\/\/truusk.store\/sv\/#organization","name":"TRUUSK - Hem, Tr\u00e4dg\u00e5rd & Fritid","url":"https:\/\/truusk.store\/sv\/","logo":{"@type":"ImageObject","inLanguage":"sv-SE","@id":"https:\/\/truusk.store\/sv\/#\/schema\/logo\/image\/","url":"https:\/\/i0.wp.com\/truusk.store\/wp-content\/uploads\/2026\/03\/cropped-TRUUSK.png?fit=2032%2C917&ssl=1","contentUrl":"https:\/\/i0.wp.com\/truusk.store\/wp-content\/uploads\/2026\/03\/cropped-TRUUSK.png?fit=2032%2C917&ssl=1","width":2032,"height":917,"caption":"TRUUSK - Hem, Tr\u00e4dg\u00e5rd & Fritid"},"image":{"@id":"https:\/\/truusk.store\/sv\/#\/schema\/logo\/image\/"}}]}},"jetpack_sharing_enabled":true,"_links":{"self":[{"href":"https:\/\/truusk.store\/sv\/wp-json\/wp\/v2\/product\/72523","targetHints":{"allow":["GET"]}}],"collection":[{"href":"https:\/\/truusk.store\/sv\/wp-json\/wp\/v2\/product"}],"about":[{"href":"https:\/\/truusk.store\/sv\/wp-json\/wp\/v2\/types\/product"}],"wp:featuredmedia":[{"embeddable":true,"href":"https:\/\/truusk.store\/sv\/wp-json\/wp\/v2\/media\/72514"}],"wp:attachment":[{"href":"https:\/\/truusk.store\/sv\/wp-json\/wp\/v2\/media?parent=72523"}],"wp:term":[{"taxonomy":"product_brand","embeddable":true,"href":"https:\/\/truusk.store\/sv\/wp-json\/wp\/v2\/product_brand?post=72523"},{"taxonomy":"product_cat","embeddable":true,"href":"https:\/\/truusk.store\/sv\/wp-json\/wp\/v2\/product_cat?post=72523"},{"taxonomy":"product_tag","embeddable":true,"href":"https:\/\/truusk.store\/sv\/wp-json\/wp\/v2\/product_tag?post=72523"}],"curies":[{"name":"wp","href":"https:\/\/api.w.org\/{rel}","templated":true}]}}