{"id":72544,"date":"2025-06-05T23:00:46","date_gmt":"2025-06-05T22:00:46","guid":{"rendered":"https:\/\/truusk.store\/product\/bistro-set-3-delat-av-metall-vaderbestandigt-tradgardsmobelset-med-hopfallbart-glasbord-tradgardsstolar-utemobler-for-balkong-sittgrupp-balkongset-tradgardsset-morkgra\/"},"modified":"2026-03-12T09:34:08","modified_gmt":"2026-03-12T08:34:08","slug":"truusk-3-delat-bistro-set-av-metall-vaderbestandigt-hopfallbart-glasbord-tradgardsstolar-utemobler-for-balkong-morkgra","status":"publish","type":"product","link":"https:\/\/truusk.store\/sv\/produkt\/truusk-3-delat-bistro-set-av-metall-vaderbestandigt-hopfallbart-glasbord-tradgardsstolar-utemobler-for-balkong-morkgra\/","title":{"rendered":"TRUUSK 3-delat Bistro-set Av Metall &#8211; V\u00e4derbest\u00e4ndigt &#8211; Hopf\u00e4llbart Glasbord &#8211; Tr\u00e4dg\u00e5rdsstolar &#8211; Utem\u00f6bler F\u00f6r Balkong &#8211; M\u00f6rkgr\u00e5"},"content":{"rendered":"<p>Det tredelade tr\u00e4dg\u00e5rdsm\u00f6belsetet fr\u00e5n TRUUSK best\u00e5r av ett soffbord med h\u00e4rdat glas och tv\u00e5 hopf\u00e4llbara stolar med armst\u00f6d. Bordet och stolarna i bistrosetet \u00e4r gjorda av en metallram med pulverlackerad yta, vilket g\u00f6r dem stabila och robusta. Tack vare det hopf\u00e4llbara utf\u00f6randet av balkongm\u00f6belsetet kan bord och stolar l\u00e4tt f\u00f6rvaras och transporteras. Ett idealiskt s\u00e4tt att njuta av dagen direkt utanf\u00f6r din egen d\u00f6rr med TRUUSK.<\/p>\n<p>Beskrivning:<\/p>\n<ul>\n<li> Andningsbara n\u00e4ttygsstolar med armst\u00f6d f\u00f6r optimal komfort<\/li>\n<li> Hopf\u00e4llbart bord och stolar i balkongm\u00f6belsetet kan l\u00e4tt f\u00f6rvaras n\u00e4r de inte anv\u00e4nds<\/li>\n<li> 5 mm tjock h\u00e4rdat glas p\u00e5 bistrosetet ger stabilitet och enkel reng\u00f6ring.<\/li>\n<li> Pulverlackerad st\u00e5lram garanterar styrka och h\u00e5llbarhet<\/li>\n<li> En idealisk till\u00e4gg till din uteplats, tr\u00e4dg\u00e5rd, terrass och mer<\/li>\n<li> Ingen montering kr\u00e4vs<\/li>\n<\/ul>\n<p> Tekniska data:<\/p>\n<ul>\n<li> F\u00e4rg: M\u00f6rkgr\u00e5<\/li>\n<li> Material: St\u00e5l, h\u00e4rdat glas, n\u00e4ttyg<\/li>\n<li> Bordets dimensioner: \u00d845 x 50H cm<\/li>\n<li> Stolstorlek: 53,5L x 64B x 93H cm<\/li>\n<li> Hopf\u00e4lld storlek: 86L x 53,5B x 9H cm (stol)<\/li>\n<li> Hopf\u00e4lld storlek: 64L x 45B x 7,5H cm (bord)<\/li>\n<li> Sitsstorlek: 43B x 40H cm<\/li>\n<li> Sitth\u00f6jd: 42 cm<\/li>\n<li> Ryggst\u00f6dets storlek: 43B x 45H cm<\/li>\n<li> Bordets viktkapacitet: 25 kg<\/li>\n<li> Stolens viktkapacitet: 120 kg<\/li>\n<\/ul>\n<p>Leveransinneh\u00e5ll:<\/p>\n<ul>\n<li> 2 x Stol<\/li>\n<li> 1 x Bord<\/li>\n<li> 1 x Handbok<\/li>\n<\/ul>\n","protected":false},"excerpt":{"rendered":"<p>Det tredelade tr\u00e4dg\u00e5rdsm\u00f6belsetet fr\u00e5n TRUUSK best\u00e5r av ett soffbord med h\u00e4rdat glas och tv\u00e5 hopf\u00e4llbara stolar med armst\u00f6d. Bordet och&#8230;<\/p>\n","protected":false},"featured_media":72534,"template":"","meta":[],"product_brand":[],"product_cat":[858,450,456],"product_tag":[],"class_list":{"0":"post-72544","1":"product","2":"type-product","3":"status-publish","4":"has-post-thumbnail","6":"product_cat-tradgard-terrass","7":"product_cat-tradgardsmobler","8":"product_cat-tradgardsmobler-set","10":"first","11":"instock","12":"sale","13":"taxable","14":"shipping-taxable","15":"purchasable","16":"product-type-simple"},"yoast_head":"<!-- This site is optimized with the Yoast SEO plugin v25.4 - https:\/\/yoast.com\/wordpress\/plugins\/seo\/ -->\n<title>TRUUSK 3-delat Bistro-set Av Metall - V\u00e4derbest\u00e4ndigt - Hopf\u00e4llbart Glasbord - Tr\u00e4dg\u00e5rdsstolar - Utem\u00f6bler F\u00f6r Balkong - M\u00f6rkgr\u00e5 - TRUUSK - Hem, Tr\u00e4dg\u00e5rd &amp; Fritid<\/title>\n<meta name=\"robots\" content=\"index, follow, max-snippet:-1, max-image-preview:large, max-video-preview:-1\" \/>\n<link rel=\"canonical\" href=\"https:\/\/truusk.store\/sv\/produkt\/truusk-3-delat-bistro-set-av-metall-vaderbestandigt-hopfallbart-glasbord-tradgardsstolar-utemobler-for-balkong-morkgra\/\" \/>\n<meta property=\"og:locale\" content=\"sv_SE\" \/>\n<meta property=\"og:type\" content=\"article\" \/>\n<meta property=\"og:title\" content=\"TRUUSK 3-delat Bistro-set Av Metall - V\u00e4derbest\u00e4ndigt - Hopf\u00e4llbart Glasbord - Tr\u00e4dg\u00e5rdsstolar - Utem\u00f6bler F\u00f6r Balkong - M\u00f6rkgr\u00e5 - TRUUSK - Hem, Tr\u00e4dg\u00e5rd &amp; Fritid\" \/>\n<meta property=\"og:description\" content=\"Det tredelade tr\u00e4dg\u00e5rdsm\u00f6belsetet fr\u00e5n TRUUSK best\u00e5r av ett soffbord med h\u00e4rdat glas och tv\u00e5 hopf\u00e4llbara stolar med armst\u00f6d. Bordet och...\" \/>\n<meta property=\"og:url\" content=\"https:\/\/truusk.store\/sv\/produkt\/truusk-3-delat-bistro-set-av-metall-vaderbestandigt-hopfallbart-glasbord-tradgardsstolar-utemobler-for-balkong-morkgra\/\" \/>\n<meta property=\"og:site_name\" content=\"TRUUSK - Hem, Tr\u00e4dg\u00e5rd &amp; Fritid\" \/>\n<meta property=\"article:modified_time\" content=\"2026-03-12T08:34:08+00:00\" \/>\n<meta property=\"og:image\" content=\"https:\/\/i0.wp.com\/truusk.se\/wp-content\/uploads\/2025\/06\/bistro-set-3-delat-av-metall-vaderbestandigt-tradgardsmobelset-med-hopfallbart-glasbord-tradgardsstolar-utemobler-for-balkong-sittgrupp-balkongset-tradgardsset-morkgra-1.webp?fit=2000%2C2000&ssl=1\" \/>\n\t<meta property=\"og:image:width\" content=\"2000\" \/>\n\t<meta property=\"og:image:height\" content=\"2000\" \/>\n\t<meta property=\"og:image:type\" content=\"image\/webp\" \/>\n<meta name=\"twitter:card\" content=\"summary_large_image\" \/>\n<meta name=\"twitter:label1\" content=\"Ber\u00e4knad l\u00e4stid\" \/>\n\t<meta name=\"twitter:data1\" content=\"1 minut\" \/>\n<!-- \/ Yoast SEO plugin. -->","yoast_head_json":{"title":"TRUUSK 3-delat Bistro-set Av Metall - V\u00e4derbest\u00e4ndigt - Hopf\u00e4llbart Glasbord - Tr\u00e4dg\u00e5rdsstolar - Utem\u00f6bler F\u00f6r Balkong - M\u00f6rkgr\u00e5 - TRUUSK - Hem, Tr\u00e4dg\u00e5rd &amp; Fritid","robots":{"index":"index","follow":"follow","max-snippet":"max-snippet:-1","max-image-preview":"max-image-preview:large","max-video-preview":"max-video-preview:-1"},"canonical":"https:\/\/truusk.store\/sv\/produkt\/truusk-3-delat-bistro-set-av-metall-vaderbestandigt-hopfallbart-glasbord-tradgardsstolar-utemobler-for-balkong-morkgra\/","og_locale":"sv_SE","og_type":"article","og_title":"TRUUSK 3-delat Bistro-set Av Metall - V\u00e4derbest\u00e4ndigt - Hopf\u00e4llbart Glasbord - Tr\u00e4dg\u00e5rdsstolar - Utem\u00f6bler F\u00f6r Balkong - M\u00f6rkgr\u00e5 - TRUUSK - Hem, Tr\u00e4dg\u00e5rd &amp; Fritid","og_description":"Det tredelade tr\u00e4dg\u00e5rdsm\u00f6belsetet fr\u00e5n TRUUSK best\u00e5r av ett soffbord med h\u00e4rdat glas och tv\u00e5 hopf\u00e4llbara stolar med armst\u00f6d. Bordet och...","og_url":"https:\/\/truusk.store\/sv\/produkt\/truusk-3-delat-bistro-set-av-metall-vaderbestandigt-hopfallbart-glasbord-tradgardsstolar-utemobler-for-balkong-morkgra\/","og_site_name":"TRUUSK - Hem, Tr\u00e4dg\u00e5rd &amp; Fritid","article_modified_time":"2026-03-12T08:34:08+00:00","og_image":[{"width":2000,"height":2000,"url":"https:\/\/i0.wp.com\/truusk.se\/wp-content\/uploads\/2025\/06\/bistro-set-3-delat-av-metall-vaderbestandigt-tradgardsmobelset-med-hopfallbart-glasbord-tradgardsstolar-utemobler-for-balkong-sittgrupp-balkongset-tradgardsset-morkgra-1.webp?fit=2000%2C2000&ssl=1","type":"image\/webp"}],"twitter_card":"summary_large_image","twitter_misc":{"Ber\u00e4knad l\u00e4stid":"1 minut"},"schema":{"@context":"https:\/\/schema.org","@graph":[{"@type":"WebPage","@id":"https:\/\/truusk.store\/sv\/produkt\/truusk-3-delat-bistro-set-av-metall-vaderbestandigt-hopfallbart-glasbord-tradgardsstolar-utemobler-for-balkong-morkgra\/","url":"https:\/\/truusk.store\/sv\/produkt\/truusk-3-delat-bistro-set-av-metall-vaderbestandigt-hopfallbart-glasbord-tradgardsstolar-utemobler-for-balkong-morkgra\/","name":"TRUUSK 3-delat Bistro-set Av Metall - V\u00e4derbest\u00e4ndigt - Hopf\u00e4llbart Glasbord - Tr\u00e4dg\u00e5rdsstolar - Utem\u00f6bler F\u00f6r Balkong - M\u00f6rkgr\u00e5 - TRUUSK - Hem, Tr\u00e4dg\u00e5rd &amp; Fritid","isPartOf":{"@id":"https:\/\/truusk.store\/sv\/#website"},"primaryImageOfPage":{"@id":"https:\/\/truusk.store\/sv\/produkt\/truusk-3-delat-bistro-set-av-metall-vaderbestandigt-hopfallbart-glasbord-tradgardsstolar-utemobler-for-balkong-morkgra\/#primaryimage"},"image":{"@id":"https:\/\/truusk.store\/sv\/produkt\/truusk-3-delat-bistro-set-av-metall-vaderbestandigt-hopfallbart-glasbord-tradgardsstolar-utemobler-for-balkong-morkgra\/#primaryimage"},"thumbnailUrl":"https:\/\/i0.wp.com\/truusk.store\/wp-content\/uploads\/2025\/06\/bistro-set-3-delat-av-metall-vaderbestandigt-tradgardsmobelset-med-hopfallbart-glasbord-tradgardsstolar-utemobler-for-balkong-sittgrupp-balkongset-tradgardsset-morkgra-1.webp?fit=2000%2C2000&ssl=1","datePublished":"2025-06-05T22:00:46+00:00","dateModified":"2026-03-12T08:34:08+00:00","breadcrumb":{"@id":"https:\/\/truusk.store\/sv\/produkt\/truusk-3-delat-bistro-set-av-metall-vaderbestandigt-hopfallbart-glasbord-tradgardsstolar-utemobler-for-balkong-morkgra\/#breadcrumb"},"inLanguage":"sv-SE","potentialAction":[{"@type":"ReadAction","target":["https:\/\/truusk.store\/sv\/produkt\/truusk-3-delat-bistro-set-av-metall-vaderbestandigt-hopfallbart-glasbord-tradgardsstolar-utemobler-for-balkong-morkgra\/"]}]},{"@type":"ImageObject","inLanguage":"sv-SE","@id":"https:\/\/truusk.store\/sv\/produkt\/truusk-3-delat-bistro-set-av-metall-vaderbestandigt-hopfallbart-glasbord-tradgardsstolar-utemobler-for-balkong-morkgra\/#primaryimage","url":"https:\/\/i0.wp.com\/truusk.store\/wp-content\/uploads\/2025\/06\/bistro-set-3-delat-av-metall-vaderbestandigt-tradgardsmobelset-med-hopfallbart-glasbord-tradgardsstolar-utemobler-for-balkong-sittgrupp-balkongset-tradgardsset-morkgra-1.webp?fit=2000%2C2000&ssl=1","contentUrl":"https:\/\/i0.wp.com\/truusk.store\/wp-content\/uploads\/2025\/06\/bistro-set-3-delat-av-metall-vaderbestandigt-tradgardsmobelset-med-hopfallbart-glasbord-tradgardsstolar-utemobler-for-balkong-sittgrupp-balkongset-tradgardsset-morkgra-1.webp?fit=2000%2C2000&ssl=1","width":2000,"height":2000},{"@type":"BreadcrumbList","@id":"https:\/\/truusk.store\/sv\/produkt\/truusk-3-delat-bistro-set-av-metall-vaderbestandigt-hopfallbart-glasbord-tradgardsstolar-utemobler-for-balkong-morkgra\/#breadcrumb","itemListElement":[{"@type":"ListItem","position":1,"name":"Home","item":"https:\/\/truusk.store\/sv\/"},{"@type":"ListItem","position":2,"name":"Shop","item":"https:\/\/truusk.store\/shop\/"},{"@type":"ListItem","position":3,"name":"TRUUSK 3-delat Bistro-set Av Metall &#8211; V\u00e4derbest\u00e4ndigt &#8211; Hopf\u00e4llbart Glasbord &#8211; Tr\u00e4dg\u00e5rdsstolar &#8211; Utem\u00f6bler F\u00f6r Balkong &#8211; M\u00f6rkgr\u00e5"}]},{"@type":"WebSite","@id":"https:\/\/truusk.store\/sv\/#website","url":"https:\/\/truusk.store\/sv\/","name":"TRUUSK - Hem, Tr\u00e4dg\u00e5rd & Fritid","description":"","publisher":{"@id":"https:\/\/truusk.store\/sv\/#organization"},"potentialAction":[{"@type":"SearchAction","target":{"@type":"EntryPoint","urlTemplate":"https:\/\/truusk.store\/sv\/?s={search_term_string}"},"query-input":{"@type":"PropertyValueSpecification","valueRequired":true,"valueName":"search_term_string"}}],"inLanguage":"sv-SE"},{"@type":"Organization","@id":"https:\/\/truusk.store\/sv\/#organization","name":"TRUUSK - Hem, Tr\u00e4dg\u00e5rd & Fritid","url":"https:\/\/truusk.store\/sv\/","logo":{"@type":"ImageObject","inLanguage":"sv-SE","@id":"https:\/\/truusk.store\/sv\/#\/schema\/logo\/image\/","url":"https:\/\/i0.wp.com\/truusk.store\/wp-content\/uploads\/2026\/03\/cropped-TRUUSK.png?fit=2032%2C917&ssl=1","contentUrl":"https:\/\/i0.wp.com\/truusk.store\/wp-content\/uploads\/2026\/03\/cropped-TRUUSK.png?fit=2032%2C917&ssl=1","width":2032,"height":917,"caption":"TRUUSK - Hem, Tr\u00e4dg\u00e5rd & Fritid"},"image":{"@id":"https:\/\/truusk.store\/sv\/#\/schema\/logo\/image\/"}}]}},"jetpack_sharing_enabled":true,"_links":{"self":[{"href":"https:\/\/truusk.store\/sv\/wp-json\/wp\/v2\/product\/72544","targetHints":{"allow":["GET"]}}],"collection":[{"href":"https:\/\/truusk.store\/sv\/wp-json\/wp\/v2\/product"}],"about":[{"href":"https:\/\/truusk.store\/sv\/wp-json\/wp\/v2\/types\/product"}],"wp:featuredmedia":[{"embeddable":true,"href":"https:\/\/truusk.store\/sv\/wp-json\/wp\/v2\/media\/72534"}],"wp:attachment":[{"href":"https:\/\/truusk.store\/sv\/wp-json\/wp\/v2\/media?parent=72544"}],"wp:term":[{"taxonomy":"product_brand","embeddable":true,"href":"https:\/\/truusk.store\/sv\/wp-json\/wp\/v2\/product_brand?post=72544"},{"taxonomy":"product_cat","embeddable":true,"href":"https:\/\/truusk.store\/sv\/wp-json\/wp\/v2\/product_cat?post=72544"},{"taxonomy":"product_tag","embeddable":true,"href":"https:\/\/truusk.store\/sv\/wp-json\/wp\/v2\/product_tag?post=72544"}],"curies":[{"name":"wp","href":"https:\/\/api.w.org\/{rel}","templated":true}]}}