{"id":72578,"date":"2025-06-05T23:04:01","date_gmt":"2025-06-05T22:04:01","guid":{"rendered":"https:\/\/truusk.store\/product\/4-delars-set-sittkuddar-108-x-50-x-5-cm-stolskuddar-med-band-utomhus-inomhus-sittunderlagg-sittkudde-bankkudde-for-tradgardsmobler-sittstol-matstol-vinrod\/"},"modified":"2026-03-12T08:40:30","modified_gmt":"2026-03-12T07:40:30","slug":"truusk-4-delars-set-sittkuddar-108-x-50-x-5-cm-med-band-for-tradgardsmobler-utomhus-inomhus-vinrod","status":"publish","type":"product","link":"https:\/\/truusk.store\/sv\/produkt\/truusk-4-delars-set-sittkuddar-108-x-50-x-5-cm-med-band-for-tradgardsmobler-utomhus-inomhus-vinrod\/","title":{"rendered":"TRUUSK 4-delars Set Sittkuddar 108 X 50 X 5 Cm &#8211; Med Band &#8211; F\u00f6r Tr\u00e4dg\u00e5rdsm\u00f6bler &#8211; Utomhus Inomhus &#8211; Vinr\u00f6d"},"content":{"rendered":"<p>F\u00f6rb\u00e4ttra dina utomhussittplatser med TRUUSK stolsdynor inklusive ryggst\u00f6d. Polyester\u00f6verdraget p\u00e5 varje stolsdyna \u00e4r hudv\u00e4nligt, UV-resistent och enkelt att reng\u00f6ra. De \u00e4r fyllda med h\u00f6gelastiskt skum f\u00f6r maximal komfort och har band f\u00f6r s\u00e4ker fasts\u00e4ttning p\u00e5 dina stolar. De tuftade ryggarna h\u00e5ller fyllningen p\u00e5 plats. Med dessa sittkuddar \u00f6kar du b\u00e5de komfort och stil.<\/p>\n<p>Beskrivning:<\/p>\n<ul>\n<li> Set med fyra stolsdynor, kombinerar sits- och ryggkudde<\/li>\n<li> Bekv\u00e4m fyllning med h\u00f6g elasticitet<\/li>\n<li> Vattenavvisande, ljusbest\u00e4ndigt och l\u00e4tt fl\u00e4ckresistent polyestertyg\u00f6verdrag<\/li>\n<li> Band f\u00f6r att f\u00e4sta stolsdynorna<\/li>\n<li> Kuddade ryggar f\u00f6r att f\u00f6rhindra att fyllningen glider<\/li>\n<li> Obs: M\u00e4t storleken p\u00e5 dina m\u00f6bler noggrant innan du k\u00f6per f\u00f6r att s\u00e4kerst\u00e4lla att v\u00e5r stolsdyna passar bra<\/li>\n<\/ul>\n<p> Tekniska specifikationer:<\/p>\n<ul>\n<li> F\u00e4rg: Vinr\u00f6d<\/li>\n<li> Material: Polyester, skum<\/li>\n<li> Totala dimensioner: 108L x 50B x 5H cm<\/li>\n<li> Sitsstorlek: 50B x 50T cm<\/li>\n<li> L\u00e4mplig sitsstorlek: 50B x 50T cm<\/li>\n<li> Obs: M\u00e4t storleken p\u00e5 dina m\u00f6bler noggrant innan du k\u00f6per f\u00f6r att s\u00e4kerst\u00e4lla att v\u00e5r kudde passar bra<\/li>\n<\/ul>\n<p>Leveransinneh\u00e5ll:<\/p>\n<ul>\n<li> 4 x utomhus sittkuddar;<\/li>\n<\/ul>\n","protected":false},"excerpt":{"rendered":"<p>F\u00f6rb\u00e4ttra dina utomhussittplatser med TRUUSK stolsdynor inklusive ryggst\u00f6d. Polyester\u00f6verdraget p\u00e5 varje stolsdyna \u00e4r hudv\u00e4nligt, UV-resistent och enkelt att reng\u00f6ra. De&#8230;<\/p>\n","protected":false},"featured_media":72567,"template":"","meta":[],"product_brand":[],"product_cat":[858,450,1021],"product_tag":[],"class_list":{"0":"post-72578","1":"product","2":"type-product","3":"status-publish","4":"has-post-thumbnail","6":"product_cat-tradgard-terrass","7":"product_cat-tradgardsmobler","8":"product_cat-tradgardssitskuddar","10":"first","11":"instock","12":"sale","13":"taxable","14":"shipping-taxable","15":"purchasable","16":"product-type-simple"},"yoast_head":"<!-- This site is optimized with the Yoast SEO plugin v25.4 - https:\/\/yoast.com\/wordpress\/plugins\/seo\/ -->\n<title>TRUUSK 4-delars Set Sittkuddar 108 X 50 X 5 Cm - Med Band - F\u00f6r Tr\u00e4dg\u00e5rdsm\u00f6bler - Utomhus Inomhus - Vinr\u00f6d - TRUUSK - Hem, Tr\u00e4dg\u00e5rd &amp; Fritid<\/title>\n<meta name=\"robots\" content=\"index, follow, max-snippet:-1, max-image-preview:large, max-video-preview:-1\" \/>\n<link rel=\"canonical\" href=\"https:\/\/truusk.store\/sv\/produkt\/truusk-4-delars-set-sittkuddar-108-x-50-x-5-cm-med-band-for-tradgardsmobler-utomhus-inomhus-vinrod\/\" \/>\n<meta property=\"og:locale\" content=\"sv_SE\" \/>\n<meta property=\"og:type\" content=\"article\" \/>\n<meta property=\"og:title\" content=\"TRUUSK 4-delars Set Sittkuddar 108 X 50 X 5 Cm - Med Band - F\u00f6r Tr\u00e4dg\u00e5rdsm\u00f6bler - Utomhus Inomhus - Vinr\u00f6d - TRUUSK - Hem, Tr\u00e4dg\u00e5rd &amp; Fritid\" \/>\n<meta property=\"og:description\" content=\"F\u00f6rb\u00e4ttra dina utomhussittplatser med TRUUSK stolsdynor inklusive ryggst\u00f6d. Polyester\u00f6verdraget p\u00e5 varje stolsdyna \u00e4r hudv\u00e4nligt, UV-resistent och enkelt att reng\u00f6ra. De...\" \/>\n<meta property=\"og:url\" content=\"https:\/\/truusk.store\/sv\/produkt\/truusk-4-delars-set-sittkuddar-108-x-50-x-5-cm-med-band-for-tradgardsmobler-utomhus-inomhus-vinrod\/\" \/>\n<meta property=\"og:site_name\" content=\"TRUUSK - Hem, Tr\u00e4dg\u00e5rd &amp; Fritid\" \/>\n<meta property=\"article:modified_time\" content=\"2026-03-12T07:40:30+00:00\" \/>\n<meta property=\"og:image\" content=\"https:\/\/i0.wp.com\/truusk.se\/wp-content\/uploads\/2025\/06\/4-delars-set-sittkuddar-108-x-50-x-5-cm-stolskuddar-med-band-utomhus-inomhus-sittunderlagg-sittkudde-bankkudde-for-tradgardsmobler-sittstol-matstol-vinrod-1.webp?fit=2000%2C2000&ssl=1\" \/>\n\t<meta property=\"og:image:width\" content=\"2000\" \/>\n\t<meta property=\"og:image:height\" content=\"2000\" \/>\n\t<meta property=\"og:image:type\" content=\"image\/webp\" \/>\n<meta name=\"twitter:card\" content=\"summary_large_image\" \/>\n<meta name=\"twitter:label1\" content=\"Ber\u00e4knad l\u00e4stid\" \/>\n\t<meta name=\"twitter:data1\" content=\"1 minut\" \/>\n<!-- \/ Yoast SEO plugin. -->","yoast_head_json":{"title":"TRUUSK 4-delars Set Sittkuddar 108 X 50 X 5 Cm - Med Band - F\u00f6r Tr\u00e4dg\u00e5rdsm\u00f6bler - Utomhus Inomhus - Vinr\u00f6d - TRUUSK - Hem, Tr\u00e4dg\u00e5rd &amp; Fritid","robots":{"index":"index","follow":"follow","max-snippet":"max-snippet:-1","max-image-preview":"max-image-preview:large","max-video-preview":"max-video-preview:-1"},"canonical":"https:\/\/truusk.store\/sv\/produkt\/truusk-4-delars-set-sittkuddar-108-x-50-x-5-cm-med-band-for-tradgardsmobler-utomhus-inomhus-vinrod\/","og_locale":"sv_SE","og_type":"article","og_title":"TRUUSK 4-delars Set Sittkuddar 108 X 50 X 5 Cm - Med Band - F\u00f6r Tr\u00e4dg\u00e5rdsm\u00f6bler - Utomhus Inomhus - Vinr\u00f6d - TRUUSK - Hem, Tr\u00e4dg\u00e5rd &amp; Fritid","og_description":"F\u00f6rb\u00e4ttra dina utomhussittplatser med TRUUSK stolsdynor inklusive ryggst\u00f6d. Polyester\u00f6verdraget p\u00e5 varje stolsdyna \u00e4r hudv\u00e4nligt, UV-resistent och enkelt att reng\u00f6ra. De...","og_url":"https:\/\/truusk.store\/sv\/produkt\/truusk-4-delars-set-sittkuddar-108-x-50-x-5-cm-med-band-for-tradgardsmobler-utomhus-inomhus-vinrod\/","og_site_name":"TRUUSK - Hem, Tr\u00e4dg\u00e5rd &amp; Fritid","article_modified_time":"2026-03-12T07:40:30+00:00","og_image":[{"width":2000,"height":2000,"url":"https:\/\/i0.wp.com\/truusk.se\/wp-content\/uploads\/2025\/06\/4-delars-set-sittkuddar-108-x-50-x-5-cm-stolskuddar-med-band-utomhus-inomhus-sittunderlagg-sittkudde-bankkudde-for-tradgardsmobler-sittstol-matstol-vinrod-1.webp?fit=2000%2C2000&ssl=1","type":"image\/webp"}],"twitter_card":"summary_large_image","twitter_misc":{"Ber\u00e4knad l\u00e4stid":"1 minut"},"schema":{"@context":"https:\/\/schema.org","@graph":[{"@type":"WebPage","@id":"https:\/\/truusk.store\/sv\/produkt\/truusk-4-delars-set-sittkuddar-108-x-50-x-5-cm-med-band-for-tradgardsmobler-utomhus-inomhus-vinrod\/","url":"https:\/\/truusk.store\/sv\/produkt\/truusk-4-delars-set-sittkuddar-108-x-50-x-5-cm-med-band-for-tradgardsmobler-utomhus-inomhus-vinrod\/","name":"TRUUSK 4-delars Set Sittkuddar 108 X 50 X 5 Cm - Med Band - F\u00f6r Tr\u00e4dg\u00e5rdsm\u00f6bler - Utomhus Inomhus - Vinr\u00f6d - TRUUSK - Hem, Tr\u00e4dg\u00e5rd &amp; Fritid","isPartOf":{"@id":"https:\/\/truusk.store\/sv\/#website"},"primaryImageOfPage":{"@id":"https:\/\/truusk.store\/sv\/produkt\/truusk-4-delars-set-sittkuddar-108-x-50-x-5-cm-med-band-for-tradgardsmobler-utomhus-inomhus-vinrod\/#primaryimage"},"image":{"@id":"https:\/\/truusk.store\/sv\/produkt\/truusk-4-delars-set-sittkuddar-108-x-50-x-5-cm-med-band-for-tradgardsmobler-utomhus-inomhus-vinrod\/#primaryimage"},"thumbnailUrl":"https:\/\/i0.wp.com\/truusk.store\/wp-content\/uploads\/2025\/06\/4-delars-set-sittkuddar-108-x-50-x-5-cm-stolskuddar-med-band-utomhus-inomhus-sittunderlagg-sittkudde-bankkudde-for-tradgardsmobler-sittstol-matstol-vinrod-1.webp?fit=2000%2C2000&ssl=1","datePublished":"2025-06-05T22:04:01+00:00","dateModified":"2026-03-12T07:40:30+00:00","breadcrumb":{"@id":"https:\/\/truusk.store\/sv\/produkt\/truusk-4-delars-set-sittkuddar-108-x-50-x-5-cm-med-band-for-tradgardsmobler-utomhus-inomhus-vinrod\/#breadcrumb"},"inLanguage":"sv-SE","potentialAction":[{"@type":"ReadAction","target":["https:\/\/truusk.store\/sv\/produkt\/truusk-4-delars-set-sittkuddar-108-x-50-x-5-cm-med-band-for-tradgardsmobler-utomhus-inomhus-vinrod\/"]}]},{"@type":"ImageObject","inLanguage":"sv-SE","@id":"https:\/\/truusk.store\/sv\/produkt\/truusk-4-delars-set-sittkuddar-108-x-50-x-5-cm-med-band-for-tradgardsmobler-utomhus-inomhus-vinrod\/#primaryimage","url":"https:\/\/i0.wp.com\/truusk.store\/wp-content\/uploads\/2025\/06\/4-delars-set-sittkuddar-108-x-50-x-5-cm-stolskuddar-med-band-utomhus-inomhus-sittunderlagg-sittkudde-bankkudde-for-tradgardsmobler-sittstol-matstol-vinrod-1.webp?fit=2000%2C2000&ssl=1","contentUrl":"https:\/\/i0.wp.com\/truusk.store\/wp-content\/uploads\/2025\/06\/4-delars-set-sittkuddar-108-x-50-x-5-cm-stolskuddar-med-band-utomhus-inomhus-sittunderlagg-sittkudde-bankkudde-for-tradgardsmobler-sittstol-matstol-vinrod-1.webp?fit=2000%2C2000&ssl=1","width":2000,"height":2000},{"@type":"BreadcrumbList","@id":"https:\/\/truusk.store\/sv\/produkt\/truusk-4-delars-set-sittkuddar-108-x-50-x-5-cm-med-band-for-tradgardsmobler-utomhus-inomhus-vinrod\/#breadcrumb","itemListElement":[{"@type":"ListItem","position":1,"name":"Home","item":"https:\/\/truusk.store\/sv\/"},{"@type":"ListItem","position":2,"name":"Shop","item":"https:\/\/truusk.store\/shop\/"},{"@type":"ListItem","position":3,"name":"TRUUSK 4-delars Set Sittkuddar 108 X 50 X 5 Cm &#8211; Med Band &#8211; F\u00f6r Tr\u00e4dg\u00e5rdsm\u00f6bler &#8211; Utomhus Inomhus &#8211; Vinr\u00f6d"}]},{"@type":"WebSite","@id":"https:\/\/truusk.store\/sv\/#website","url":"https:\/\/truusk.store\/sv\/","name":"TRUUSK - Hem, Tr\u00e4dg\u00e5rd & Fritid","description":"","publisher":{"@id":"https:\/\/truusk.store\/sv\/#organization"},"potentialAction":[{"@type":"SearchAction","target":{"@type":"EntryPoint","urlTemplate":"https:\/\/truusk.store\/sv\/?s={search_term_string}"},"query-input":{"@type":"PropertyValueSpecification","valueRequired":true,"valueName":"search_term_string"}}],"inLanguage":"sv-SE"},{"@type":"Organization","@id":"https:\/\/truusk.store\/sv\/#organization","name":"TRUUSK - Hem, Tr\u00e4dg\u00e5rd & Fritid","url":"https:\/\/truusk.store\/sv\/","logo":{"@type":"ImageObject","inLanguage":"sv-SE","@id":"https:\/\/truusk.store\/sv\/#\/schema\/logo\/image\/","url":"https:\/\/i0.wp.com\/truusk.store\/wp-content\/uploads\/2026\/03\/cropped-TRUUSK.png?fit=2032%2C917&ssl=1","contentUrl":"https:\/\/i0.wp.com\/truusk.store\/wp-content\/uploads\/2026\/03\/cropped-TRUUSK.png?fit=2032%2C917&ssl=1","width":2032,"height":917,"caption":"TRUUSK - Hem, Tr\u00e4dg\u00e5rd & Fritid"},"image":{"@id":"https:\/\/truusk.store\/sv\/#\/schema\/logo\/image\/"}}]}},"jetpack_sharing_enabled":true,"_links":{"self":[{"href":"https:\/\/truusk.store\/sv\/wp-json\/wp\/v2\/product\/72578","targetHints":{"allow":["GET"]}}],"collection":[{"href":"https:\/\/truusk.store\/sv\/wp-json\/wp\/v2\/product"}],"about":[{"href":"https:\/\/truusk.store\/sv\/wp-json\/wp\/v2\/types\/product"}],"wp:featuredmedia":[{"embeddable":true,"href":"https:\/\/truusk.store\/sv\/wp-json\/wp\/v2\/media\/72567"}],"wp:attachment":[{"href":"https:\/\/truusk.store\/sv\/wp-json\/wp\/v2\/media?parent=72578"}],"wp:term":[{"taxonomy":"product_brand","embeddable":true,"href":"https:\/\/truusk.store\/sv\/wp-json\/wp\/v2\/product_brand?post=72578"},{"taxonomy":"product_cat","embeddable":true,"href":"https:\/\/truusk.store\/sv\/wp-json\/wp\/v2\/product_cat?post=72578"},{"taxonomy":"product_tag","embeddable":true,"href":"https:\/\/truusk.store\/sv\/wp-json\/wp\/v2\/product_tag?post=72578"}],"curies":[{"name":"wp","href":"https:\/\/api.w.org\/{rel}","templated":true}]}}